{"id":2264,"date":"2025-05-06T14:14:59","date_gmt":"2025-05-06T07:14:59","guid":{"rendered":"https:\/\/epe.vn\/?post_type=product&#038;p=2264"},"modified":"2025-05-06T14:14:59","modified_gmt":"2025-05-06T07:14:59","slug":"hop-xop-epe-dung-dien-thoai-di-dong","status":"publish","type":"product","link":"https:\/\/epe.vn\/ar\/manufacturer\/hop-xop-epe-dung-dien-thoai-di-dong\/","title":{"rendered":"H\u1ed9p x\u1ed1p EPE \u0111\u1ef1ng \u0111i\u1ec7n tho\u1ea1i di \u0111\u1ed9ng | Ti\u1ec7n l\u1ee3i, th\u00f4ng minh, ti\u1ebft ki\u1ec7m"},"content":{"rendered":"<h2><span style=\"font-weight: 400;\">Th\u00f4ng tin s\u1ea3n ph\u1ea9m:<\/span><\/h2>\n<table>\n<tbody>\n<tr>\n<td><b>Ti\u00eau ch\u00ed<\/b><\/td>\n<td><b>Th\u00f4ng tin chi ti\u1ebft<\/b><\/td>\n<\/tr>\n<tr>\n<td><b>\u0627\u0633\u0645 \u0627\u0644\u0645\u0646\u062a\u062c<\/b><\/td>\n<td><span style=\"font-weight: 400;\">\u0635\u0646\u062f\u0648\u0642 \u0631\u063a\u0648\u0629 EPE \u0644\u0644\u0647\u0627\u062a\u0641 \u0627\u0644\u0645\u062d\u0645\u0648\u0644<\/span><\/td>\n<\/tr>\n<tr>\n<td><b>\u0645\u0627\u062f\u0629<\/b><\/td>\n<td><span style=\"font-weight: 400;\">X\u1ed1p EPE (Expanded Polyethylene)<\/span><\/td>\n<\/tr>\n<tr>\n<td><b>Ki\u1ec3u d\u00e1ng<\/b><\/td>\n<td><span style=\"font-weight: 400;\">C\u1eaft \u0111\u1ecbnh h\u00ecnh v\u1eeba kh\u00edt th\u00e2n m\u00e1y, c\u00f3 khoang ri\u00eang cho ph\u1ee5 ki\u1ec7n n\u1ebfu c\u1ea7n<\/span><\/td>\n<\/tr>\n<tr>\n<td><b>\u0645\u0642\u0627\u0633<\/b><\/td>\n<td><span style=\"font-weight: 400;\">Theo t\u1eebng m\u1eabu \u0111i\u1ec7n tho\u1ea1i ho\u1eb7c y\u00eau c\u1ea7u c\u1ee7a kh\u00e1ch h\u00e0ng<\/span><\/td>\n<\/tr>\n<tr>\n<td><b>\u0644\u0648\u0646<\/b><\/td>\n<td><span style=\"font-weight: 400;\">Tr\u1eafng, \u0111en, h\u1ed3ng, xanh d\u01b0\u01a1ng ho\u1eb7c \u0111\u1eb7t theo nhu c\u1ea7u<\/span><\/td>\n<\/tr>\n<tr>\n<td><b>T\u00ednh n\u0103ng n\u1ed5i b\u1eadt<\/b><\/td>\n<td><span style=\"font-weight: 400;\">C\u1ed1 \u0111\u1ecbnh ch\u1eafc ch\u1eafn, ch\u1ed1ng s\u1ed1c, gi\u1ea3m rung l\u1eafc trong h\u1ed9p \u0111\u1ef1ng<\/span><\/td>\n<\/tr>\n<tr>\n<td><b>\u1ee8ng d\u1ee5ng ph\u1ed5 bi\u1ebfn<\/b><\/td>\n<td><span style=\"font-weight: 400;\">\u0110\u00f3ng g\u00f3i v\u00e0 b\u1ea3o v\u1ec7 \u0111i\u1ec7n tho\u1ea1i trong s\u1ea3n xu\u1ea5t, v\u1eadn chuy\u1ec3n, tr\u01b0ng b\u00e0y s\u1ea3n ph\u1ea9m<\/span><\/td>\n<\/tr>\n<tr>\n<td><b>Xu\u1ea5t x\u1ee9<\/b><\/td>\n<td><span style=\"font-weight: 400;\">Trung Qu\u1ed1c<\/span><\/td>\n<\/tr>\n<tr>\n<td><b>\u0110\u00f3ng g\u00f3i<\/b><\/td>\n<td><span style=\"font-weight: 400;\">\u0110\u00f3ng l\u1ebb ho\u1eb7c theo b\u1ed9 (h\u1ed9p + n\u1eafp + l\u1edbp ch\u00e8n ph\u1ee5 ki\u1ec7n)<\/span><\/td>\n<\/tr>\n<tr>\n<td><b>Ch\u1ee9ng nh\u1eadn<\/b><\/td>\n<td><span style=\"font-weight: 400;\">ISO 9001, RoHS<\/span><\/td>\n<\/tr>\n<\/tbody>\n<\/table>\n<h2><span style=\"font-weight: 400;\">Ch\u1ee9c n\u0103ng c\u1ee7a H\u1ed9p x\u1ed1p EPE \u0111\u1ef1ng \u0111i\u1ec7n tho\u1ea1i di \u0111\u1ed9ng:<\/span><\/h2>\n<ul>\n<li style=\"font-weight: 400;\" aria-level=\"1\"><span style=\"font-weight: 400;\">B\u1ea3o v\u1ec7 \u0111i\u1ec7n tho\u1ea1i kh\u1ecfi va \u0111\u1eadp, tr\u1ea7y x\u01b0\u1edbc trong qu\u00e1 tr\u00ecnh v\u1eadn chuy\u1ec3n, l\u01b0u tr\u1eef ho\u1eb7c tr\u01b0ng b\u00e0y.<\/span><\/li>\n<li style=\"font-weight: 400;\" aria-level=\"1\"><span style=\"font-weight: 400;\">Gi\u1eef c\u1ed1 \u0111\u1ecbnh thi\u1ebft b\u1ecb b\u00ean trong h\u1ed9p, h\u1ea1n ch\u1ebf rung l\u1eafc g\u00e2y h\u01b0 h\u1ea1i.<\/span><\/li>\n<\/ul>\n<h2><span style=\"font-weight: 400;\">\u01afu \u0111i\u1ec3m:<\/span><\/h2>\n<ul>\n<li style=\"font-weight: 400;\" aria-level=\"1\"><span style=\"font-weight: 400;\">Nh\u1eb9, \u0111\u00e0n h\u1ed3i t\u1ed1t, d\u1ec5 \u0111\u1ecbnh h\u00ecnh theo t\u1eebng m\u1eabu m\u00e1y.<\/span><\/li>\n<li style=\"font-weight: 400;\" aria-level=\"1\"><span style=\"font-weight: 400;\">C\u00e1ch nhi\u1ec7t, kh\u00f4ng th\u1ea5m n\u01b0\u1edbc, kh\u00f4ng g\u00e2y m\u00e0i m\u00f2n b\u1ec1 m\u1eb7t \u0111i\u1ec7n tho\u1ea1i.<\/span><\/li>\n<li style=\"font-weight: 400;\" aria-level=\"1\"><span style=\"font-weight: 400;\">C\u00f3 th\u1ec3 t\u00e1i s\u1eed d\u1ee5ng v\u00e0 th\u00e2n thi\u1ec7n v\u1edbi m\u00f4i tr\u01b0\u1eddng h\u01a1n so v\u1edbi x\u1ed1p EPS th\u00f4ng th\u01b0\u1eddng.<\/span><\/li>\n<\/ul>","protected":false},"excerpt":{"rendered":"<p><b>\u0635\u0646\u062f\u0648\u0642 \u0631\u063a\u0648\u0629 EPE \u0644\u0644\u0647\u0627\u062a\u0641 \u0627\u0644\u0645\u062d\u0645\u0648\u0644<\/b><span style=\"font-weight: 400;\"> \u062d\u0644 \u062a\u063a\u0644\u064a\u0641 \u0645\u062a\u062e\u0635\u0635 \u064a\u0648\u0641\u0631 \u062d\u0645\u0627\u064a\u0629 \u0645\u062b\u0627\u0644\u064a\u0629 \u0644\u0644\u0645\u0639\u062f\u0627\u062a \u0623\u062b\u0646\u0627\u0621 \u0627\u0644\u0646\u0642\u0644 \u0623\u0648 \u0627\u0644\u062a\u062e\u0632\u064a\u0646 \u0623\u0648 \u0627\u0644\u062a\u0648\u0632\u064a\u0639. \u0628\u0641\u0636\u0644 \u0647\u064a\u0643\u0644\u0647 \u0627\u0644\u062e\u0641\u064a\u0641 \u0648\u0627\u0644\u0645\u0631\u0646 \u0627\u0644\u0630\u064a \u064a\u0645\u0643\u0646 \u062a\u0634\u0643\u064a\u0644\u0647 \u0648\u0641\u0642\u064b\u0627 \u0644\u0643\u0644 \u0637\u0631\u0627\u0632 \u0622\u0644\u0629\u060c \u0644\u0627 \u064a\u0642\u062a\u0635\u0631 \u0647\u0630\u0627 \u0627\u0644\u0645\u0646\u062a\u062c \u0639\u0644\u0649 \u0645\u0646\u0639 \u0627\u0644\u0635\u062f\u0645\u0627\u062a \u0628\u0641\u0639\u0627\u0644\u064a\u0629 \u0641\u062d\u0633\u0628\u060c \u0628\u0644 \u064a\u0639\u0632\u0632 \u0623\u064a\u0636\u064b\u0627 \u0645\u0646 \u0627\u062d\u062a\u0631\u0627\u0641\u064a\u0629 \u0648\u062c\u0645\u0627\u0644\u064a\u0629 \u0627\u0644\u0645\u0646\u062a\u062c \u0639\u0646\u062f \u0627\u0644\u062a\u0633\u0644\u064a\u0645.<\/span><\/p>","protected":false},"featured_media":2265,"comment_status":"open","ping_status":"closed","template":"","meta":[],"product_cat":[15],"product_tag":[48,68,47,69,52],"class_list":{"0":"post-2264","1":"product","2":"type-product","3":"status-publish","4":"has-post-thumbnail","6":"product_cat-bot-pe-tuy-chinh","7":"product_tag-epe-foam","8":"product_tag-hop-xop-epe","9":"product_tag-mut-xop-epe","10":"product_tag-tuy-chinh-epe-foam","11":"product_tag-xop-epe","13":"first","14":"instock","15":"shipping-taxable","16":"product-type-simple"},"yoast_head":"<!-- This site is optimized with the Yoast SEO plugin v23.4 - https:\/\/yoast.com\/wordpress\/plugins\/seo\/ -->\n<title>H\u1ed9p x\u1ed1p EPE \u0111\u1ef1ng \u0111i\u1ec7n tho\u1ea1i di \u0111\u1ed9ng | Ti\u1ec7n l\u1ee3i, th\u00f4ng minh, ti\u1ebft ki\u1ec7m - Nh\u00e0 s\u1ea3n xu\u1ea5t b\u1ecdt Polyethylene m\u1edf r\u1ed9ng<\/title>\n<meta name=\"description\" content=\"H\u1ed9p x\u1ed1p EPE \u0111\u1ef1ng \u0111i\u1ec7n tho\u1ea1i di \u0111\u1ed9ng gi\u00fap b\u1ea3o v\u1ec7 thi\u1ebft b\u1ecb kh\u1ecfi va \u0111\u1eadp, c\u1ed1 \u0111\u1ecbnh ch\u1eafc ch\u1eafn, nh\u1eb9, \u00eam v\u00e0 d\u1ec5 gia c\u00f4ng theo t\u1eebng m\u1eabu m\u00e1y c\u1ee5 th\u1ec3.\" \/>\n<meta name=\"robots\" content=\"index, follow, max-snippet:-1, max-image-preview:large, max-video-preview:-1\" \/>\n<link rel=\"canonical\" href=\"https:\/\/epe.vn\/ar\/manufacturer\/hop-xop-epe-dung-dien-thoai-di-dong\/\" \/>\n<meta property=\"og:locale\" content=\"ar_AR\" \/>\n<meta property=\"og:type\" content=\"article\" \/>\n<meta property=\"og:title\" content=\"H\u1ed9p x\u1ed1p EPE \u0111\u1ef1ng \u0111i\u1ec7n tho\u1ea1i di \u0111\u1ed9ng | Ti\u1ec7n l\u1ee3i, th\u00f4ng minh, ti\u1ebft ki\u1ec7m - Nh\u00e0 s\u1ea3n xu\u1ea5t b\u1ecdt Polyethylene m\u1edf r\u1ed9ng\" \/>\n<meta property=\"og:description\" content=\"H\u1ed9p x\u1ed1p EPE \u0111\u1ef1ng \u0111i\u1ec7n tho\u1ea1i di \u0111\u1ed9ng gi\u00fap b\u1ea3o v\u1ec7 thi\u1ebft b\u1ecb kh\u1ecfi va \u0111\u1eadp, c\u1ed1 \u0111\u1ecbnh ch\u1eafc ch\u1eafn, nh\u1eb9, \u00eam v\u00e0 d\u1ec5 gia c\u00f4ng theo t\u1eebng m\u1eabu m\u00e1y c\u1ee5 th\u1ec3.\" \/>\n<meta property=\"og:url\" content=\"https:\/\/epe.vn\/ar\/manufacturer\/hop-xop-epe-dung-dien-thoai-di-dong\/\" \/>\n<meta property=\"og:site_name\" content=\"Nh\u00e0 s\u1ea3n xu\u1ea5t b\u1ecdt Polyethylene m\u1edf r\u1ed9ng\" \/>\n<meta property=\"og:image\" content=\"https:\/\/epe.vn\/wp-content\/uploads\/2025\/05\/hop-xop-epe-dung-dien-thoai-di-dong-27.3x24x12-cm.webp\" \/>\n\t<meta property=\"og:image:width\" content=\"800\" \/>\n\t<meta property=\"og:image:height\" content=\"800\" \/>\n\t<meta property=\"og:image:type\" content=\"image\/webp\" \/>\n<meta name=\"twitter:card\" content=\"summary_large_image\" \/>\n<meta name=\"twitter:label1\" content=\"\u0648\u0642\u062a \u0627\u0644\u0642\u0631\u0627\u0621\u0629 \u0627\u0644\u0645\u064f\u0642\u062f\u0651\u0631\" \/>\n\t<meta name=\"twitter:data1\" content=\"\u062f\u0642\u064a\u0642\u062a\u0627\u0646\" \/>\n<script type=\"application\/ld+json\" class=\"yoast-schema-graph\">{\"@context\":\"https:\/\/schema.org\",\"@graph\":[{\"@type\":\"WebPage\",\"@id\":\"https:\/\/epe.vn\/manufacturer\/hop-xop-epe-dung-dien-thoai-di-dong\/\",\"url\":\"https:\/\/epe.vn\/manufacturer\/hop-xop-epe-dung-dien-thoai-di-dong\/\",\"name\":\"H\u1ed9p x\u1ed1p EPE \u0111\u1ef1ng \u0111i\u1ec7n tho\u1ea1i di \u0111\u1ed9ng | Ti\u1ec7n l\u1ee3i, th\u00f4ng minh, ti\u1ebft ki\u1ec7m - Nh\u00e0 s\u1ea3n xu\u1ea5t b\u1ecdt Polyethylene m\u1edf r\u1ed9ng\",\"isPartOf\":{\"@id\":\"https:\/\/epe.vn\/#website\"},\"primaryImageOfPage\":{\"@id\":\"https:\/\/epe.vn\/manufacturer\/hop-xop-epe-dung-dien-thoai-di-dong\/#primaryimage\"},\"image\":{\"@id\":\"https:\/\/epe.vn\/manufacturer\/hop-xop-epe-dung-dien-thoai-di-dong\/#primaryimage\"},\"thumbnailUrl\":\"https:\/\/epe.vn\/wp-content\/uploads\/2025\/05\/hop-xop-epe-dung-dien-thoai-di-dong-27.3x24x12-cm.webp\",\"datePublished\":\"2025-05-06T07:14:59+00:00\",\"dateModified\":\"2025-05-06T07:14:59+00:00\",\"description\":\"H\u1ed9p x\u1ed1p EPE \u0111\u1ef1ng \u0111i\u1ec7n tho\u1ea1i di \u0111\u1ed9ng gi\u00fap b\u1ea3o v\u1ec7 thi\u1ebft b\u1ecb kh\u1ecfi va \u0111\u1eadp, c\u1ed1 \u0111\u1ecbnh ch\u1eafc ch\u1eafn, nh\u1eb9, \u00eam v\u00e0 d\u1ec5 gia c\u00f4ng theo t\u1eebng m\u1eabu m\u00e1y c\u1ee5 th\u1ec3.\",\"breadcrumb\":{\"@id\":\"https:\/\/epe.vn\/manufacturer\/hop-xop-epe-dung-dien-thoai-di-dong\/#breadcrumb\"},\"inLanguage\":\"ar\",\"potentialAction\":[{\"@type\":\"ReadAction\",\"target\":[\"https:\/\/epe.vn\/manufacturer\/hop-xop-epe-dung-dien-thoai-di-dong\/\"]}]},{\"@type\":\"ImageObject\",\"inLanguage\":\"ar\",\"@id\":\"https:\/\/epe.vn\/manufacturer\/hop-xop-epe-dung-dien-thoai-di-dong\/#primaryimage\",\"url\":\"https:\/\/epe.vn\/wp-content\/uploads\/2025\/05\/hop-xop-epe-dung-dien-thoai-di-dong-27.3x24x12-cm.webp\",\"contentUrl\":\"https:\/\/epe.vn\/wp-content\/uploads\/2025\/05\/hop-xop-epe-dung-dien-thoai-di-dong-27.3x24x12-cm.webp\",\"width\":800,\"height\":800,\"caption\":\"ho\u0323\u0302p xo\u0302\u0301p epe \u0111u\u031b\u0323ng \u0111ie\u0323\u0302n thoa\u0323i di \u0111o\u0323\u0302ng (27.3x24x12 cm)\"},{\"@type\":\"BreadcrumbList\",\"@id\":\"https:\/\/epe.vn\/manufacturer\/hop-xop-epe-dung-dien-thoai-di-dong\/#breadcrumb\",\"itemListElement\":[{\"@type\":\"ListItem\",\"position\":1,\"name\":\"Home\",\"item\":\"https:\/\/epe.vn\/\"},{\"@type\":\"ListItem\",\"position\":2,\"name\":\"Shop\",\"item\":\"https:\/\/epe.vn\/shop\/\"},{\"@type\":\"ListItem\",\"position\":3,\"name\":\"H\u1ed9p x\u1ed1p EPE \u0111\u1ef1ng \u0111i\u1ec7n tho\u1ea1i di \u0111\u1ed9ng | Ti\u1ec7n l\u1ee3i, th\u00f4ng minh, ti\u1ebft ki\u1ec7m\"}]},{\"@type\":\"WebSite\",\"@id\":\"https:\/\/epe.vn\/#website\",\"url\":\"https:\/\/epe.vn\/\",\"name\":\"Nh\u00e0 s\u1ea3n xu\u1ea5t b\u1ecdt Polyethylene m\u1edf r\u1ed9ng\",\"description\":\"Nh\u00e0 cung c\u1ea5p bao b\u00ec v\u1ec9 x\u1ed1p polyethylene m\u1edf r\u1ed9ng v\u00e0 t\u00fai PE\",\"potentialAction\":[{\"@type\":\"SearchAction\",\"target\":{\"@type\":\"EntryPoint\",\"urlTemplate\":\"https:\/\/epe.vn\/?s={search_term_string}\"},\"query-input\":{\"@type\":\"PropertyValueSpecification\",\"valueRequired\":true,\"valueName\":\"search_term_string\"}}],\"inLanguage\":\"ar\"}]}<\/script>\n<!-- \/ Yoast SEO plugin. -->","yoast_head_json":{"title":"H\u1ed9p x\u1ed1p EPE \u0111\u1ef1ng \u0111i\u1ec7n tho\u1ea1i di \u0111\u1ed9ng | Ti\u1ec7n l\u1ee3i, th\u00f4ng minh, ti\u1ebft ki\u1ec7m - Nh\u00e0 s\u1ea3n xu\u1ea5t b\u1ecdt Polyethylene m\u1edf r\u1ed9ng","description":"H\u1ed9p x\u1ed1p EPE \u0111\u1ef1ng \u0111i\u1ec7n tho\u1ea1i di \u0111\u1ed9ng gi\u00fap b\u1ea3o v\u1ec7 thi\u1ebft b\u1ecb kh\u1ecfi va \u0111\u1eadp, c\u1ed1 \u0111\u1ecbnh ch\u1eafc ch\u1eafn, nh\u1eb9, \u00eam v\u00e0 d\u1ec5 gia c\u00f4ng theo t\u1eebng m\u1eabu m\u00e1y c\u1ee5 th\u1ec3.","robots":{"index":"index","follow":"follow","max-snippet":"max-snippet:-1","max-image-preview":"max-image-preview:large","max-video-preview":"max-video-preview:-1"},"canonical":"https:\/\/epe.vn\/ar\/manufacturer\/hop-xop-epe-dung-dien-thoai-di-dong\/","og_locale":"ar_AR","og_type":"article","og_title":"H\u1ed9p x\u1ed1p EPE \u0111\u1ef1ng \u0111i\u1ec7n tho\u1ea1i di \u0111\u1ed9ng | Ti\u1ec7n l\u1ee3i, th\u00f4ng minh, ti\u1ebft ki\u1ec7m - Nh\u00e0 s\u1ea3n xu\u1ea5t b\u1ecdt Polyethylene m\u1edf r\u1ed9ng","og_description":"H\u1ed9p x\u1ed1p EPE \u0111\u1ef1ng \u0111i\u1ec7n tho\u1ea1i di \u0111\u1ed9ng gi\u00fap b\u1ea3o v\u1ec7 thi\u1ebft b\u1ecb kh\u1ecfi va \u0111\u1eadp, c\u1ed1 \u0111\u1ecbnh ch\u1eafc ch\u1eafn, nh\u1eb9, \u00eam v\u00e0 d\u1ec5 gia c\u00f4ng theo t\u1eebng m\u1eabu m\u00e1y c\u1ee5 th\u1ec3.","og_url":"https:\/\/epe.vn\/ar\/manufacturer\/hop-xop-epe-dung-dien-thoai-di-dong\/","og_site_name":"Nh\u00e0 s\u1ea3n xu\u1ea5t b\u1ecdt Polyethylene m\u1edf r\u1ed9ng","og_image":[{"width":800,"height":800,"url":"https:\/\/epe.vn\/wp-content\/uploads\/2025\/05\/hop-xop-epe-dung-dien-thoai-di-dong-27.3x24x12-cm.webp","type":"image\/webp"}],"twitter_card":"summary_large_image","twitter_misc":{"\u0648\u0642\u062a \u0627\u0644\u0642\u0631\u0627\u0621\u0629 \u0627\u0644\u0645\u064f\u0642\u062f\u0651\u0631":"\u062f\u0642\u064a\u0642\u062a\u0627\u0646"},"schema":{"@context":"https:\/\/schema.org","@graph":[{"@type":"WebPage","@id":"https:\/\/epe.vn\/manufacturer\/hop-xop-epe-dung-dien-thoai-di-dong\/","url":"https:\/\/epe.vn\/manufacturer\/hop-xop-epe-dung-dien-thoai-di-dong\/","name":"H\u1ed9p x\u1ed1p EPE \u0111\u1ef1ng \u0111i\u1ec7n tho\u1ea1i di \u0111\u1ed9ng | Ti\u1ec7n l\u1ee3i, th\u00f4ng minh, ti\u1ebft ki\u1ec7m - Nh\u00e0 s\u1ea3n xu\u1ea5t b\u1ecdt Polyethylene m\u1edf r\u1ed9ng","isPartOf":{"@id":"https:\/\/epe.vn\/#website"},"primaryImageOfPage":{"@id":"https:\/\/epe.vn\/manufacturer\/hop-xop-epe-dung-dien-thoai-di-dong\/#primaryimage"},"image":{"@id":"https:\/\/epe.vn\/manufacturer\/hop-xop-epe-dung-dien-thoai-di-dong\/#primaryimage"},"thumbnailUrl":"https:\/\/epe.vn\/wp-content\/uploads\/2025\/05\/hop-xop-epe-dung-dien-thoai-di-dong-27.3x24x12-cm.webp","datePublished":"2025-05-06T07:14:59+00:00","dateModified":"2025-05-06T07:14:59+00:00","description":"H\u1ed9p x\u1ed1p EPE \u0111\u1ef1ng \u0111i\u1ec7n tho\u1ea1i di \u0111\u1ed9ng gi\u00fap b\u1ea3o v\u1ec7 thi\u1ebft b\u1ecb kh\u1ecfi va \u0111\u1eadp, c\u1ed1 \u0111\u1ecbnh ch\u1eafc ch\u1eafn, nh\u1eb9, \u00eam v\u00e0 d\u1ec5 gia c\u00f4ng theo t\u1eebng m\u1eabu m\u00e1y c\u1ee5 th\u1ec3.","breadcrumb":{"@id":"https:\/\/epe.vn\/manufacturer\/hop-xop-epe-dung-dien-thoai-di-dong\/#breadcrumb"},"inLanguage":"ar","potentialAction":[{"@type":"ReadAction","target":["https:\/\/epe.vn\/manufacturer\/hop-xop-epe-dung-dien-thoai-di-dong\/"]}]},{"@type":"ImageObject","inLanguage":"ar","@id":"https:\/\/epe.vn\/manufacturer\/hop-xop-epe-dung-dien-thoai-di-dong\/#primaryimage","url":"https:\/\/epe.vn\/wp-content\/uploads\/2025\/05\/hop-xop-epe-dung-dien-thoai-di-dong-27.3x24x12-cm.webp","contentUrl":"https:\/\/epe.vn\/wp-content\/uploads\/2025\/05\/hop-xop-epe-dung-dien-thoai-di-dong-27.3x24x12-cm.webp","width":800,"height":800,"caption":"ho\u0323\u0302p xo\u0302\u0301p epe \u0111u\u031b\u0323ng \u0111ie\u0323\u0302n thoa\u0323i di \u0111o\u0323\u0302ng (27.3x24x12 cm)"},{"@type":"BreadcrumbList","@id":"https:\/\/epe.vn\/manufacturer\/hop-xop-epe-dung-dien-thoai-di-dong\/#breadcrumb","itemListElement":[{"@type":"ListItem","position":1,"name":"Home","item":"https:\/\/epe.vn\/"},{"@type":"ListItem","position":2,"name":"Shop","item":"https:\/\/epe.vn\/shop\/"},{"@type":"ListItem","position":3,"name":"H\u1ed9p x\u1ed1p EPE \u0111\u1ef1ng \u0111i\u1ec7n tho\u1ea1i di \u0111\u1ed9ng | Ti\u1ec7n l\u1ee3i, th\u00f4ng minh, ti\u1ebft ki\u1ec7m"}]},{"@type":"WebSite","@id":"https:\/\/epe.vn\/#website","url":"https:\/\/epe.vn\/","name":"Nh\u00e0 s\u1ea3n xu\u1ea5t b\u1ecdt Polyethylene m\u1edf r\u1ed9ng","description":"Nh\u00e0 cung c\u1ea5p bao b\u00ec v\u1ec9 x\u1ed1p polyethylene m\u1edf r\u1ed9ng v\u00e0 t\u00fai PE","potentialAction":[{"@type":"SearchAction","target":{"@type":"EntryPoint","urlTemplate":"https:\/\/epe.vn\/?s={search_term_string}"},"query-input":{"@type":"PropertyValueSpecification","valueRequired":true,"valueName":"search_term_string"}}],"inLanguage":"ar"}]}},"_links":{"self":[{"href":"https:\/\/epe.vn\/ar\/wp-json\/wp\/v2\/product\/2264","targetHints":{"allow":["GET"]}}],"collection":[{"href":"https:\/\/epe.vn\/ar\/wp-json\/wp\/v2\/product"}],"about":[{"href":"https:\/\/epe.vn\/ar\/wp-json\/wp\/v2\/types\/product"}],"replies":[{"embeddable":true,"href":"https:\/\/epe.vn\/ar\/wp-json\/wp\/v2\/comments?post=2264"}],"wp:featuredmedia":[{"embeddable":true,"href":"https:\/\/epe.vn\/ar\/wp-json\/wp\/v2\/media\/2265"}],"wp:attachment":[{"href":"https:\/\/epe.vn\/ar\/wp-json\/wp\/v2\/media?parent=2264"}],"wp:term":[{"taxonomy":"product_cat","embeddable":true,"href":"https:\/\/epe.vn\/ar\/wp-json\/wp\/v2\/product_cat?post=2264"},{"taxonomy":"product_tag","embeddable":true,"href":"https:\/\/epe.vn\/ar\/wp-json\/wp\/v2\/product_tag?post=2264"}],"curies":[{"name":"wp","href":"https:\/\/api.w.org\/{rel}","templated":true}]}}