{"id":2372,"date":"2025-05-15T15:40:47","date_gmt":"2025-05-15T08:40:47","guid":{"rendered":"https:\/\/epe.vn\/?post_type=product&#038;p=2372"},"modified":"2025-05-15T15:40:47","modified_gmt":"2025-05-15T08:40:47","slug":"cuon-xop-epe-boc-hang-chong-soc","status":"publish","type":"product","link":"https:\/\/epe.vn\/ar\/manufacturer\/cuon-xop-epe-boc-hang-chong-soc\/","title":{"rendered":"Cu\u1ed9n x\u1ed1p EPE b\u1ecdc h\u00e0ng ch\u1ed1ng s\u1ed1c | X\u1ed1p EPE ch\u1ea5t l\u01b0\u1ee3ng cao"},"content":{"rendered":"<h2><span style=\"font-weight: 400;\">Th\u00f4ng tin s\u1ea3n ph\u1ea9m:<\/span><\/h2>\n<table>\n<tbody>\n<tr>\n<td><b>Thu\u1ed9c t\u00ednh<\/b><\/td>\n<td><b>Th\u00f4ng tin chi ti\u1ebft<\/b><\/td>\n<\/tr>\n<tr>\n<td><b>\u0627\u0633\u0645 \u0627\u0644\u0645\u0646\u062a\u062c<\/b><\/td>\n<td><span style=\"font-weight: 400;\">Cu\u1ed9n x\u1ed1p EPE b\u1ecdc h\u00e0ng ch\u1ed1ng s\u1ed1c<\/span><\/td>\n<\/tr>\n<tr>\n<td><b>\u0645\u0627\u062f\u0629<\/b><\/td>\n<td><span style=\"font-weight: 400;\">Nh\u1ef1a Polyethylene gi\u00e3n n\u1edf (EPE Foam)<\/span><\/td>\n<\/tr>\n<tr>\n<td><b>H\u00ecnh d\u00e1ng<\/b><\/td>\n<td><span style=\"font-weight: 400;\">D\u1ea1ng cu\u1ed9n, m\u1ec1m, nh\u1eb9<\/span><\/td>\n<\/tr>\n<tr>\n<td><b>\u0644\u0648\u0646<\/b><\/td>\n<td><span style=\"font-weight: 400;\">Tr\u1eafng, h\u1ed3ng, xanh,&#8230;<\/span><\/td>\n<\/tr>\n<tr>\n<td><b>K\u00edch th\u01b0\u1edbc ph\u1ed5 bi\u1ebfn<\/b><\/td>\n<td><span style=\"font-weight: 400;\">D\u00e0i 100m \u2013 300m; r\u1ed9ng 0.5m \u2013 1.5m; \u0111\u1ed9 d\u00e0y 0.5mm \u2013 10mm<\/span><\/td>\n<\/tr>\n<tr>\n<td><b>T\u1ef7 tr\u1ecdng<\/b><\/td>\n<td><span style=\"font-weight: 400;\">T\u1eeb 18kg\/m\u00b3 \u0111\u1ebfn 30kg\/m\u00b3<\/span><\/td>\n<\/tr>\n<tr>\n<td><b>\u0110\u00f3ng g\u00f3i<\/b><\/td>\n<td><span style=\"font-weight: 400;\">Cu\u1ed9n tr\u00f2n, d\u1ec5 v\u1eadn chuy\u1ec3n v\u00e0 l\u01b0u kho<\/span><\/td>\n<\/tr>\n<tr>\n<td><b>Kh\u1ea3 n\u0103ng t\u00e1i ch\u1ebf<\/b><\/td>\n<td><span style=\"font-weight: 400;\">C\u00f3<\/span><\/td>\n<\/tr>\n<tr>\n<td><b>\u1ee8ng d\u1ee5ng<\/b><\/td>\n<td><span style=\"font-weight: 400;\">\u0110\u00f3ng g\u00f3i h\u00e0ng h\u00f3a, ch\u1ed1ng s\u1ed1c khi v\u1eadn chuy\u1ec3n, b\u1ea3o v\u1ec7 s\u1ea3n ph\u1ea9m d\u1ec5 v\u1ee1<\/span><\/td>\n<\/tr>\n<\/tbody>\n<\/table>\n<h2><span style=\"font-weight: 400;\">Ch\u1ee9c n\u0103ng ch\u00ednh c\u1ee7a cu\u1ed9n x\u1ed1p EPE b\u1ecdc h\u00e0ng:<\/span><\/h2>\n<ul>\n<li style=\"font-weight: 400;\" aria-level=\"1\"><b>Ch\u1ed1ng s\u1ed1c, ch\u1ed1ng va \u0111\u1eadp:<\/b><span style=\"font-weight: 400;\"> H\u1ea5p th\u1ee5 l\u1ef1c t\u00e1c \u0111\u1ed9ng, b\u1ea3o v\u1ec7 s\u1ea3n ph\u1ea9m khi v\u1eadn chuy\u1ec3n.<\/span><\/li>\n<li style=\"font-weight: 400;\" aria-level=\"1\"><b>Ch\u1ed1ng tr\u1ea7y x\u01b0\u1edbc:<\/b><span style=\"font-weight: 400;\"> Gi\u1eef cho b\u1ec1 m\u1eb7t s\u1ea3n ph\u1ea9m lu\u00f4n nh\u01b0 m\u1edbi trong su\u1ed1t qu\u00e1 tr\u00ecnh b\u1ea3o qu\u1ea3n.<\/span><\/li>\n<li style=\"font-weight: 400;\" aria-level=\"1\"><b>C\u00e1ch nhi\u1ec7t nh\u1eb9:<\/b><span style=\"font-weight: 400;\"> Ng\u0103n ch\u1eb7n t\u00e1c \u0111\u1ed9ng c\u1ee7a nhi\u1ec7t \u0111\u1ed9 m\u00f4i tr\u01b0\u1eddng trong th\u1eddi gian ng\u1eafn.<\/span><\/li>\n<\/ul>\n<h2><span style=\"font-weight: 400;\">\u01afu \u0111i\u1ec3m n\u1ed5i b\u1eadt:<\/span><\/h2>\n<ul>\n<li style=\"font-weight: 400;\" aria-level=\"1\"><span style=\"font-weight: 400;\">Nh\u1eb9, ti\u1ebft ki\u1ec7m chi ph\u00ed v\u1eadn chuy\u1ec3n.<\/span><\/li>\n<li style=\"font-weight: 400;\" aria-level=\"1\"><span style=\"font-weight: 400;\">D\u1ec5 c\u1eaft, b\u1ecdc, t\u1ea1o h\u00ecnh linh ho\u1ea1t.<\/span><\/li>\n<li style=\"font-weight: 400;\" aria-level=\"1\"><span style=\"font-weight: 400;\">Th\u00e2n thi\u1ec7n v\u1edbi m\u00f4i tr\u01b0\u1eddng, t\u00e1i s\u1eed d\u1ee5ng nhi\u1ec1u l\u1ea7n.<\/span><\/li>\n<li style=\"font-weight: 400;\" aria-level=\"1\"><span style=\"font-weight: 400;\">Kh\u00f4ng b\u1ee5i, kh\u00f4ng \u0111\u1ed9c, an to\u00e0n cho s\u1ee9c kh\u1ecfe.<\/span><\/li>\n<li style=\"font-weight: 400;\" aria-level=\"1\">Ph\u00f9 h\u1ee3p v\u1edbi nhi\u1ec1u lo\u1ea1i s\u1ea3n ph\u1ea9m: \u0111i\u1ec7n t\u1eed, th\u1ee7y tinh, g\u1ed1m s\u1ee9, \u0111\u1ed3 gia d\u1ee5ng,&#8230;<\/li>\n<\/ul>","protected":false},"excerpt":{"rendered":"<p><b>Cu\u1ed9n x\u1ed1p EPE b\u1ecdc h\u00e0ng ch\u1ed1ng s\u1ed1c<\/b><span style=\"font-weight: 400;\"> l\u00e0 v\u1eadt li\u1ec7u \u0111\u00f3ng g\u00f3i kh\u00f4ng th\u1ec3 thi\u1ebfu trong c\u00e1c ng\u00e0nh v\u1eadn chuy\u1ec3n v\u00e0 l\u01b0u kho. V\u1edbi \u0111\u1eb7c t\u00ednh si\u00eau nh\u1eb9, \u0111\u00e0n h\u1ed3i cao v\u00e0 kh\u1ea3 n\u0103ng h\u1ea5p th\u1ee5 l\u1ef1c t\u1ed1t, cu\u1ed9n x\u1ed1p EPE gi\u00fap b\u1ea3o v\u1ec7 tuy\u1ec7t \u0111\u1ed1i cho c\u00e1c s\u1ea3n ph\u1ea9m d\u1ec5 v\u1ee1, gi\u00e1 tr\u1ecb cao. \u0110\u00e2y l\u00e0 l\u1ef1a ch\u1ecdn t\u1ed1i \u01b0u cho doanh nghi\u1ec7p v\u00e0 c\u00e1 nh\u00e2n \u0111ang t\u00ecm ki\u1ebfm gi\u1ea3i ph\u00e1p \u0111\u00f3ng g\u00f3i ti\u1ebft ki\u1ec7m, hi\u1ec7u qu\u1ea3 v\u00e0 th\u00e2n thi\u1ec7n v\u1edbi m\u00f4i tr\u01b0\u1eddng.<\/span><\/p>","protected":false},"featured_media":2373,"comment_status":"open","ping_status":"closed","template":"","meta":[],"product_cat":[37],"product_tag":[70,48,52],"class_list":{"0":"post-2372","1":"product","2":"type-product","3":"status-publish","4":"has-post-thumbnail","6":"product_cat-cuon-mut-xop","7":"product_tag-cuon-xop-epe","8":"product_tag-epe-foam","9":"product_tag-xop-epe","11":"first","12":"instock","13":"shipping-taxable","14":"product-type-simple"},"yoast_head":"<!-- This site is optimized with the Yoast SEO plugin v23.4 - https:\/\/yoast.com\/wordpress\/plugins\/seo\/ -->\n<title>Cu\u1ed9n x\u1ed1p EPE b\u1ecdc h\u00e0ng ch\u1ed1ng s\u1ed1c | X\u1ed1p EPE ch\u1ea5t l\u01b0\u1ee3ng cao - Nh\u00e0 s\u1ea3n xu\u1ea5t b\u1ecdt Polyethylene m\u1edf r\u1ed9ng<\/title>\n<meta name=\"description\" content=\"Cu\u1ed9n x\u1ed1p EPE b\u1ecdc h\u00e0ng ch\u1ed1ng s\u1ed1c \u2013 nh\u1eb9, \u0111\u00e0n h\u1ed3i t\u1ed1t, b\u1ea3o v\u1ec7 h\u00e0ng d\u1ec5 v\u1ee1 khi v\u1eadn chuy\u1ec3n. D\u1ec5 s\u1eed d\u1ee5ng, ti\u1ebft ki\u1ec7m chi ph\u00ed, th\u00e2n thi\u1ec7n m\u00f4i tr\u01b0\u1eddng.\" \/>\n<meta name=\"robots\" content=\"index, follow, max-snippet:-1, max-image-preview:large, max-video-preview:-1\" \/>\n<link rel=\"canonical\" href=\"https:\/\/epe.vn\/ar\/manufacturer\/cuon-xop-epe-boc-hang-chong-soc\/\" \/>\n<meta property=\"og:locale\" content=\"ar_AR\" \/>\n<meta property=\"og:type\" content=\"article\" \/>\n<meta property=\"og:title\" content=\"Cu\u1ed9n x\u1ed1p EPE b\u1ecdc h\u00e0ng ch\u1ed1ng s\u1ed1c | X\u1ed1p EPE ch\u1ea5t l\u01b0\u1ee3ng cao - Nh\u00e0 s\u1ea3n xu\u1ea5t b\u1ecdt Polyethylene m\u1edf r\u1ed9ng\" \/>\n<meta property=\"og:description\" content=\"Cu\u1ed9n x\u1ed1p EPE b\u1ecdc h\u00e0ng ch\u1ed1ng s\u1ed1c \u2013 nh\u1eb9, \u0111\u00e0n h\u1ed3i t\u1ed1t, b\u1ea3o v\u1ec7 h\u00e0ng d\u1ec5 v\u1ee1 khi v\u1eadn chuy\u1ec3n. D\u1ec5 s\u1eed d\u1ee5ng, ti\u1ebft ki\u1ec7m chi ph\u00ed, th\u00e2n thi\u1ec7n m\u00f4i tr\u01b0\u1eddng.\" \/>\n<meta property=\"og:url\" content=\"https:\/\/epe.vn\/ar\/manufacturer\/cuon-xop-epe-boc-hang-chong-soc\/\" \/>\n<meta property=\"og:site_name\" content=\"Nh\u00e0 s\u1ea3n xu\u1ea5t b\u1ecdt Polyethylene m\u1edf r\u1ed9ng\" \/>\n<meta property=\"og:image\" content=\"https:\/\/epe.vn\/wp-content\/uploads\/2025\/05\/Cuon-xop-EPE-boc-hang-chong-soc.png\" \/>\n\t<meta property=\"og:image:width\" content=\"800\" \/>\n\t<meta property=\"og:image:height\" content=\"800\" \/>\n\t<meta property=\"og:image:type\" content=\"image\/png\" \/>\n<meta name=\"twitter:card\" content=\"summary_large_image\" \/>\n<meta name=\"twitter:label1\" content=\"\u0648\u0642\u062a \u0627\u0644\u0642\u0631\u0627\u0621\u0629 \u0627\u0644\u0645\u064f\u0642\u062f\u0651\u0631\" \/>\n\t<meta name=\"twitter:data1\" content=\"\u062f\u0642\u064a\u0642\u062a\u0627\u0646\" \/>\n<script type=\"application\/ld+json\" class=\"yoast-schema-graph\">{\"@context\":\"https:\/\/schema.org\",\"@graph\":[{\"@type\":\"WebPage\",\"@id\":\"https:\/\/epe.vn\/manufacturer\/cuon-xop-epe-boc-hang-chong-soc\/\",\"url\":\"https:\/\/epe.vn\/manufacturer\/cuon-xop-epe-boc-hang-chong-soc\/\",\"name\":\"Cu\u1ed9n x\u1ed1p EPE b\u1ecdc h\u00e0ng ch\u1ed1ng s\u1ed1c | X\u1ed1p EPE ch\u1ea5t l\u01b0\u1ee3ng cao - Nh\u00e0 s\u1ea3n xu\u1ea5t b\u1ecdt Polyethylene m\u1edf r\u1ed9ng\",\"isPartOf\":{\"@id\":\"https:\/\/epe.vn\/#website\"},\"primaryImageOfPage\":{\"@id\":\"https:\/\/epe.vn\/manufacturer\/cuon-xop-epe-boc-hang-chong-soc\/#primaryimage\"},\"image\":{\"@id\":\"https:\/\/epe.vn\/manufacturer\/cuon-xop-epe-boc-hang-chong-soc\/#primaryimage\"},\"thumbnailUrl\":\"https:\/\/epe.vn\/wp-content\/uploads\/2025\/05\/Cuon-xop-EPE-boc-hang-chong-soc.png\",\"datePublished\":\"2025-05-15T08:40:47+00:00\",\"dateModified\":\"2025-05-15T08:40:47+00:00\",\"description\":\"Cu\u1ed9n x\u1ed1p EPE b\u1ecdc h\u00e0ng ch\u1ed1ng s\u1ed1c \u2013 nh\u1eb9, \u0111\u00e0n h\u1ed3i t\u1ed1t, b\u1ea3o v\u1ec7 h\u00e0ng d\u1ec5 v\u1ee1 khi v\u1eadn chuy\u1ec3n. D\u1ec5 s\u1eed d\u1ee5ng, ti\u1ebft ki\u1ec7m chi ph\u00ed, th\u00e2n thi\u1ec7n m\u00f4i tr\u01b0\u1eddng.\",\"breadcrumb\":{\"@id\":\"https:\/\/epe.vn\/manufacturer\/cuon-xop-epe-boc-hang-chong-soc\/#breadcrumb\"},\"inLanguage\":\"ar\",\"potentialAction\":[{\"@type\":\"ReadAction\",\"target\":[\"https:\/\/epe.vn\/manufacturer\/cuon-xop-epe-boc-hang-chong-soc\/\"]}]},{\"@type\":\"ImageObject\",\"inLanguage\":\"ar\",\"@id\":\"https:\/\/epe.vn\/manufacturer\/cuon-xop-epe-boc-hang-chong-soc\/#primaryimage\",\"url\":\"https:\/\/epe.vn\/wp-content\/uploads\/2025\/05\/Cuon-xop-EPE-boc-hang-chong-soc.png\",\"contentUrl\":\"https:\/\/epe.vn\/wp-content\/uploads\/2025\/05\/Cuon-xop-EPE-boc-hang-chong-soc.png\",\"width\":800,\"height\":800,\"caption\":\"Cuo\u0323\u0302n xo\u0302\u0301p EPE bo\u0323c ha\u0300ng cho\u0302\u0301ng so\u0302\u0301c\"},{\"@type\":\"BreadcrumbList\",\"@id\":\"https:\/\/epe.vn\/manufacturer\/cuon-xop-epe-boc-hang-chong-soc\/#breadcrumb\",\"itemListElement\":[{\"@type\":\"ListItem\",\"position\":1,\"name\":\"Home\",\"item\":\"https:\/\/epe.vn\/\"},{\"@type\":\"ListItem\",\"position\":2,\"name\":\"Shop\",\"item\":\"https:\/\/epe.vn\/shop\/\"},{\"@type\":\"ListItem\",\"position\":3,\"name\":\"Cu\u1ed9n x\u1ed1p EPE b\u1ecdc h\u00e0ng ch\u1ed1ng s\u1ed1c | X\u1ed1p EPE ch\u1ea5t l\u01b0\u1ee3ng cao\"}]},{\"@type\":\"WebSite\",\"@id\":\"https:\/\/epe.vn\/#website\",\"url\":\"https:\/\/epe.vn\/\",\"name\":\"Nh\u00e0 s\u1ea3n xu\u1ea5t b\u1ecdt Polyethylene m\u1edf r\u1ed9ng\",\"description\":\"Nh\u00e0 cung c\u1ea5p bao b\u00ec v\u1ec9 x\u1ed1p polyethylene m\u1edf r\u1ed9ng v\u00e0 t\u00fai PE\",\"potentialAction\":[{\"@type\":\"SearchAction\",\"target\":{\"@type\":\"EntryPoint\",\"urlTemplate\":\"https:\/\/epe.vn\/?s={search_term_string}\"},\"query-input\":{\"@type\":\"PropertyValueSpecification\",\"valueRequired\":true,\"valueName\":\"search_term_string\"}}],\"inLanguage\":\"ar\"}]}<\/script>\n<!-- \/ Yoast SEO plugin. -->","yoast_head_json":{"title":"Cu\u1ed9n x\u1ed1p EPE b\u1ecdc h\u00e0ng ch\u1ed1ng s\u1ed1c | X\u1ed1p EPE ch\u1ea5t l\u01b0\u1ee3ng cao - Nh\u00e0 s\u1ea3n xu\u1ea5t b\u1ecdt Polyethylene m\u1edf r\u1ed9ng","description":"Cu\u1ed9n x\u1ed1p EPE b\u1ecdc h\u00e0ng ch\u1ed1ng s\u1ed1c \u2013 nh\u1eb9, \u0111\u00e0n h\u1ed3i t\u1ed1t, b\u1ea3o v\u1ec7 h\u00e0ng d\u1ec5 v\u1ee1 khi v\u1eadn chuy\u1ec3n. D\u1ec5 s\u1eed d\u1ee5ng, ti\u1ebft ki\u1ec7m chi ph\u00ed, th\u00e2n thi\u1ec7n m\u00f4i tr\u01b0\u1eddng.","robots":{"index":"index","follow":"follow","max-snippet":"max-snippet:-1","max-image-preview":"max-image-preview:large","max-video-preview":"max-video-preview:-1"},"canonical":"https:\/\/epe.vn\/ar\/manufacturer\/cuon-xop-epe-boc-hang-chong-soc\/","og_locale":"ar_AR","og_type":"article","og_title":"Cu\u1ed9n x\u1ed1p EPE b\u1ecdc h\u00e0ng ch\u1ed1ng s\u1ed1c | X\u1ed1p EPE ch\u1ea5t l\u01b0\u1ee3ng cao - Nh\u00e0 s\u1ea3n xu\u1ea5t b\u1ecdt Polyethylene m\u1edf r\u1ed9ng","og_description":"Cu\u1ed9n x\u1ed1p EPE b\u1ecdc h\u00e0ng ch\u1ed1ng s\u1ed1c \u2013 nh\u1eb9, \u0111\u00e0n h\u1ed3i t\u1ed1t, b\u1ea3o v\u1ec7 h\u00e0ng d\u1ec5 v\u1ee1 khi v\u1eadn chuy\u1ec3n. D\u1ec5 s\u1eed d\u1ee5ng, ti\u1ebft ki\u1ec7m chi ph\u00ed, th\u00e2n thi\u1ec7n m\u00f4i tr\u01b0\u1eddng.","og_url":"https:\/\/epe.vn\/ar\/manufacturer\/cuon-xop-epe-boc-hang-chong-soc\/","og_site_name":"Nh\u00e0 s\u1ea3n xu\u1ea5t b\u1ecdt Polyethylene m\u1edf r\u1ed9ng","og_image":[{"width":800,"height":800,"url":"https:\/\/epe.vn\/wp-content\/uploads\/2025\/05\/Cuon-xop-EPE-boc-hang-chong-soc.png","type":"image\/png"}],"twitter_card":"summary_large_image","twitter_misc":{"\u0648\u0642\u062a \u0627\u0644\u0642\u0631\u0627\u0621\u0629 \u0627\u0644\u0645\u064f\u0642\u062f\u0651\u0631":"\u062f\u0642\u064a\u0642\u062a\u0627\u0646"},"schema":{"@context":"https:\/\/schema.org","@graph":[{"@type":"WebPage","@id":"https:\/\/epe.vn\/manufacturer\/cuon-xop-epe-boc-hang-chong-soc\/","url":"https:\/\/epe.vn\/manufacturer\/cuon-xop-epe-boc-hang-chong-soc\/","name":"Cu\u1ed9n x\u1ed1p EPE b\u1ecdc h\u00e0ng ch\u1ed1ng s\u1ed1c | X\u1ed1p EPE ch\u1ea5t l\u01b0\u1ee3ng cao - Nh\u00e0 s\u1ea3n xu\u1ea5t b\u1ecdt Polyethylene m\u1edf r\u1ed9ng","isPartOf":{"@id":"https:\/\/epe.vn\/#website"},"primaryImageOfPage":{"@id":"https:\/\/epe.vn\/manufacturer\/cuon-xop-epe-boc-hang-chong-soc\/#primaryimage"},"image":{"@id":"https:\/\/epe.vn\/manufacturer\/cuon-xop-epe-boc-hang-chong-soc\/#primaryimage"},"thumbnailUrl":"https:\/\/epe.vn\/wp-content\/uploads\/2025\/05\/Cuon-xop-EPE-boc-hang-chong-soc.png","datePublished":"2025-05-15T08:40:47+00:00","dateModified":"2025-05-15T08:40:47+00:00","description":"Cu\u1ed9n x\u1ed1p EPE b\u1ecdc h\u00e0ng ch\u1ed1ng s\u1ed1c \u2013 nh\u1eb9, \u0111\u00e0n h\u1ed3i t\u1ed1t, b\u1ea3o v\u1ec7 h\u00e0ng d\u1ec5 v\u1ee1 khi v\u1eadn chuy\u1ec3n. D\u1ec5 s\u1eed d\u1ee5ng, ti\u1ebft ki\u1ec7m chi ph\u00ed, th\u00e2n thi\u1ec7n m\u00f4i tr\u01b0\u1eddng.","breadcrumb":{"@id":"https:\/\/epe.vn\/manufacturer\/cuon-xop-epe-boc-hang-chong-soc\/#breadcrumb"},"inLanguage":"ar","potentialAction":[{"@type":"ReadAction","target":["https:\/\/epe.vn\/manufacturer\/cuon-xop-epe-boc-hang-chong-soc\/"]}]},{"@type":"ImageObject","inLanguage":"ar","@id":"https:\/\/epe.vn\/manufacturer\/cuon-xop-epe-boc-hang-chong-soc\/#primaryimage","url":"https:\/\/epe.vn\/wp-content\/uploads\/2025\/05\/Cuon-xop-EPE-boc-hang-chong-soc.png","contentUrl":"https:\/\/epe.vn\/wp-content\/uploads\/2025\/05\/Cuon-xop-EPE-boc-hang-chong-soc.png","width":800,"height":800,"caption":"Cuo\u0323\u0302n xo\u0302\u0301p EPE bo\u0323c ha\u0300ng cho\u0302\u0301ng so\u0302\u0301c"},{"@type":"BreadcrumbList","@id":"https:\/\/epe.vn\/manufacturer\/cuon-xop-epe-boc-hang-chong-soc\/#breadcrumb","itemListElement":[{"@type":"ListItem","position":1,"name":"Home","item":"https:\/\/epe.vn\/"},{"@type":"ListItem","position":2,"name":"Shop","item":"https:\/\/epe.vn\/shop\/"},{"@type":"ListItem","position":3,"name":"Cu\u1ed9n x\u1ed1p EPE b\u1ecdc h\u00e0ng ch\u1ed1ng s\u1ed1c | X\u1ed1p EPE ch\u1ea5t l\u01b0\u1ee3ng cao"}]},{"@type":"WebSite","@id":"https:\/\/epe.vn\/#website","url":"https:\/\/epe.vn\/","name":"Nh\u00e0 s\u1ea3n xu\u1ea5t b\u1ecdt Polyethylene m\u1edf r\u1ed9ng","description":"Nh\u00e0 cung c\u1ea5p bao b\u00ec v\u1ec9 x\u1ed1p polyethylene m\u1edf r\u1ed9ng v\u00e0 t\u00fai PE","potentialAction":[{"@type":"SearchAction","target":{"@type":"EntryPoint","urlTemplate":"https:\/\/epe.vn\/?s={search_term_string}"},"query-input":{"@type":"PropertyValueSpecification","valueRequired":true,"valueName":"search_term_string"}}],"inLanguage":"ar"}]}},"_links":{"self":[{"href":"https:\/\/epe.vn\/ar\/wp-json\/wp\/v2\/product\/2372","targetHints":{"allow":["GET"]}}],"collection":[{"href":"https:\/\/epe.vn\/ar\/wp-json\/wp\/v2\/product"}],"about":[{"href":"https:\/\/epe.vn\/ar\/wp-json\/wp\/v2\/types\/product"}],"replies":[{"embeddable":true,"href":"https:\/\/epe.vn\/ar\/wp-json\/wp\/v2\/comments?post=2372"}],"wp:featuredmedia":[{"embeddable":true,"href":"https:\/\/epe.vn\/ar\/wp-json\/wp\/v2\/media\/2373"}],"wp:attachment":[{"href":"https:\/\/epe.vn\/ar\/wp-json\/wp\/v2\/media?parent=2372"}],"wp:term":[{"taxonomy":"product_cat","embeddable":true,"href":"https:\/\/epe.vn\/ar\/wp-json\/wp\/v2\/product_cat?post=2372"},{"taxonomy":"product_tag","embeddable":true,"href":"https:\/\/epe.vn\/ar\/wp-json\/wp\/v2\/product_tag?post=2372"}],"curies":[{"name":"wp","href":"https:\/\/api.w.org\/{rel}","templated":true}]}}