{"id":25,"date":"2023-03-05T10:39:43","date_gmt":"2023-03-05T10:39:43","guid":{"rendered":"https:\/\/epe.vn\/?page_id=25"},"modified":"2025-10-07T08:50:53","modified_gmt":"2025-10-07T01:50:53","slug":"about","status":"publish","type":"page","link":"https:\/\/epe.vn\/az\/about\/","title":{"rendered":"t\u0259qdim etm\u0259k"},"content":{"rendered":"<section class=\"section\" id=\"section_1176076197\">\n\t\t<div class=\"bg section-bg fill bg-fill  bg-loaded\" >\n\n\t\t\t\n\t\t\t\n\t\t\t\n\n\t\t<\/div>\n\n\t\t\n\n\t\t<div class=\"section-content relative\">\n\t\t\t\n<div class=\"row align-equal\"  id=\"row-1310430924\">\n\n\t<div id=\"col-754323959\" class=\"col medium-12 small-12 large-6 medium-col-first\"  >\n\t\t\t\t<div class=\"col-inner\"  >\n\t\t\t\n\t\t\t\n\t<div id=\"gap-1222955688\" class=\"gap-element clearfix\" style=\"display:block; height:auto;\">\n\t\t\n<style>\n#gap-1222955688 {\n  padding-top: 5px;\n}\n<\/style>\n\t<\/div>\n\t\n\t<div id=\"text-2493760342\" class=\"text\">\n\t\t\n<h2>\u015eirk\u0259t M\u0259lumat\u0131<\/h2>\n\t\t\n<style>\n#text-2493760342 {\n  font-size: 1rem;\n}\n@media (min-width:550px) {\n  #text-2493760342 {\n    font-size: 1rem;\n  }\n}\n@media (min-width:850px) {\n  #text-2493760342 {\n    font-size: 1.4rem;\n  }\n}\n<\/style>\n\t<\/div>\n\t\n<div class=\"is-divider divider clearfix\" style=\"max-width:50px;height:4px;background-color:rgb(0, 102, 204);\"><\/div>\n\t<div id=\"gap-13967392\" class=\"gap-element clearfix hide-for-small\" style=\"display:block; height:auto;\">\n\t\t\n<style>\n#gap-13967392 {\n  padding-top: 20px;\n}\n<\/style>\n\t<\/div>\n\t\n<p>PE k\u00f6p\u00fck (EPE) fabrikind\u0259 ayda 3000 geni\u015fl\u0259nmi\u015f polietilen k\u00f6p\u00fck m\u0259hsulu istehsal g\u00fcc\u00fc olan k\u00f6p\u00fck istehsal x\u0259tti var. blok; Blister istehsal\u0131 emalatxanas\u0131 tam avtomatik y\u00fcks\u0259k s\u00fcr\u0259tli vakuum blister \u0259m\u0259l\u0259 g\u0259tir\u0259n istehsal x\u0259tti, infraq\u0131rm\u0131z\u0131 q\u0131zd\u0131r\u0131c\u0131 R\u0259q\u0259msal idar\u0259etm\u0259 sistemi yuxar\u0131 q\u0259lib funksiyas\u0131, ikincil vakuum v\u0259 x\u0259tt: x\u00fcsusi haz\u0131rlanm\u0131\u015f q\u0131z\u0131l, g\u00fcm\u00fc\u015f, m\u0259xm\u0259r, antistatik v\u0259 dig\u0259r xarakterik blister m\u0259hsullar\u0131 il\u0259 t\u0259chiz edilmi\u015fdir.<\/p>\n\t<div id=\"gap-328962290\" class=\"gap-element clearfix\" style=\"display:block; height:auto;\">\n\t\t\n<style>\n#gap-328962290 {\n  padding-top: 30px;\n}\n<\/style>\n\t<\/div>\n\t\n<a href=\"https:\/\/epe.vn\/az\/contact\/\" class=\"button primary\"  style=\"border-radius:99px;\">\n    <span>Li\u00ean h\u1ec7 s\u1ed1: 0333 389 002<\/span>\n  <\/a>\n\n\t\t<\/div>\n\t\t\t\t\n<style>\n#col-754323959 > .col-inner {\n  padding: 0px 0px 0px 0px;\n}\n@media (min-width:550px) {\n  #col-754323959 > .col-inner {\n    padding: 0px 0px 0px 0px;\n  }\n}\n@media (min-width:850px) {\n  #col-754323959 > .col-inner {\n    padding: 0px 20px 0px 0px;\n  }\n}\n<\/style>\n\t<\/div>\n\n\t\n\n\t<div id=\"col-241566661\" class=\"col medium-12 small-12 large-6\"  >\n\t\t\t\t<div class=\"col-inner\"  >\n\t\t\t\n\t\t\t\n\t<div class=\"img has-hover x md-x lg-x y md-y lg-y\" id=\"image_1016906600\">\n\t\t\t\t\t\t\t\t<div class=\"img-inner image-cover box-shadow-1 box-shadow-5-hover dark\" style=\"padding-top:70%;\">\n\t\t\t<img loading=\"lazy\" decoding=\"async\" width=\"1000\" height=\"600\" src=\"https:\/\/epe.vn\/wp-content\/uploads\/2025\/01\/Reliable-EPE-Foam-Manufacturer-1.webp\" class=\"attachment-original size-original\" alt=\"Etibarl\u0131 EPE K\u00f6p\u00fck \u0130stehsal\u00e7\u0131s\u0131\" srcset=\"https:\/\/epe.vn\/wp-content\/uploads\/2025\/01\/Reliable-EPE-Foam-Manufacturer-1.webp 1000w, https:\/\/epe.vn\/wp-content\/uploads\/2025\/01\/Reliable-EPE-Foam-Manufacturer-1-300x180.webp 300w, https:\/\/epe.vn\/wp-content\/uploads\/2025\/01\/Reliable-EPE-Foam-Manufacturer-1-768x461.webp 768w, https:\/\/epe.vn\/wp-content\/uploads\/2025\/01\/Reliable-EPE-Foam-Manufacturer-1-18x12.webp 18w, https:\/\/epe.vn\/wp-content\/uploads\/2025\/01\/Reliable-EPE-Foam-Manufacturer-1-600x360.webp 600w\" sizes=\"auto, (max-width: 1000px) 100vw, 1000px\" \/>\t\t\t\t\t\t\n\t\t\t\t\t<\/div>\n\t\t\t\t\t\t\t\t\n<style>\n#image_1016906600 {\n  width: 100%;\n}\n<\/style>\n\t<\/div>\n\t\n\t\t<\/div>\n\t\t\t\t\n<style>\n#col-241566661 > .col-inner {\n  padding: 0px 0px 0px 0px;\n  border-radius: 8px;\n}\n@media (min-width:550px) {\n  #col-241566661 > .col-inner {\n    padding: 0px 0px 0px 0px;\n  }\n}\n@media (min-width:850px) {\n  #col-241566661 > .col-inner {\n    padding: 0px 0px 0px 20px;\n  }\n}\n<\/style>\n\t<\/div>\n\n\t\n<\/div>\n\t\t<\/div>\n\n\t\t\n<style>\n#section_1176076197 {\n  padding-top: 30px;\n  padding-bottom: 30px;\n}\n@media (min-width:550px) {\n  #section_1176076197 {\n    padding-top: 30px;\n    padding-bottom: 30px;\n  }\n}\n@media (min-width:850px) {\n  #section_1176076197 {\n    padding-top: 80px;\n    padding-bottom: 80px;\n  }\n}\n<\/style>\n\t<\/section>\n\t\n\n\n\t<section class=\"section\" id=\"section_1656018835\">\n\t\t<div class=\"bg section-bg fill bg-fill  bg-loaded\" >\n\n\t\t\t\n\t\t\t<div class=\"section-bg-overlay absolute fill\"><\/div>\n\t\t\t\n\n\t\t<\/div>\n\n\t\t\n\n\t\t<div class=\"section-content relative\">\n\t\t\t\n\t<div id=\"gap-1741035708\" class=\"gap-element clearfix\" style=\"display:block; height:auto;\">\n\t\t\n<style>\n#gap-1741035708 {\n  padding-top: 30px;\n}\n<\/style>\n\t<\/div>\n\t\n<div class=\"row align-center\"  id=\"row-1750054417\">\n\n\t<div id=\"col-790639733\" class=\"col medium-10 small-12 large-10\"  >\n\t\t\t\t<div class=\"col-inner\"  >\n\t\t\t\n\t\t\t\n\t<div id=\"text-4186476960\" class=\"text\">\n\t\t\n<h2>B\u1ea1n c\u00f3 th\u1ec3 s\u1eed d\u1ee5ng M\u00fat X\u1ed1p PE Foam<\/h2>\n\t\t\n<style>\n#text-4186476960 {\n  font-size: 1.35rem;\n  text-align: center;\n  color: rgb(255,255,255);\n}\n#text-4186476960 > * {\n  color: rgb(255,255,255);\n}\n<\/style>\n\t<\/div>\n\t\n<div class=\"text-center\"><div class=\"is-divider divider clearfix\" style=\"background-color:rgb(255, 255, 255);\"><\/div><\/div>\n\t\t<\/div>\n\t\t\t\t\n<style>\n#col-790639733 > .col-inner {\n  margin: 0px 0px -20px 0px;\n}\n<\/style>\n\t<\/div>\n\n\t\n<\/div>\n<div class=\"row\"  id=\"row-501102399\">\n\n\t<div id=\"col-496337734\" class=\"col small-12 large-12\"  >\n\t\t\t\t<div class=\"col-inner text-center\"  >\n\t\t\t\n\t\t\t\n<a href=\"https:\/\/epe.vn\/az\/shop\/\" class=\"button white\"  style=\"border-radius:99px;\">\n    <span>\u018ftrafl\u0131 m\u0259lumat \u0259ld\u0259 edin<\/span>\n  <\/a>\n\n\t\t<\/div>\n\t\t\t\t\n<style>\n#col-496337734 > .col-inner {\n  margin: 0px 0px -20px 0px;\n}\n<\/style>\n\t<\/div>\n\n\t\n<\/div>\n\t\t<\/div>\n\n\t\t\n<style>\n#section_1656018835 {\n  padding-top: 30px;\n  padding-bottom: 30px;\n}\n#section_1656018835 .section-bg-overlay {\n  background-color: rgb(0, 102, 204);\n}\n<\/style>\n\t<\/section>\n\t\n\t<section class=\"section\" id=\"section_230755541\">\n\t\t<div class=\"bg section-bg fill bg-fill  bg-loaded\" >\n\n\t\t\t\n\t\t\t\n\t\t\t\n\n\t\t<\/div>\n\n\t\t\n\n\t\t<div class=\"section-content relative\">\n\t\t\t\n<div class=\"row\"  id=\"row-591027781\">\n\n\t<div id=\"col-246512038\" class=\"col small-12 large-12\"  >\n\t\t\t\t<div class=\"col-inner\"  >\n\t\t\t\n\t\t\t\n\t<div id=\"gap-2103877110\" class=\"gap-element clearfix hide-for-medium\" style=\"display:block; height:auto;\">\n\t\t\n<style>\n#gap-2103877110 {\n  padding-top: 30px;\n}\n<\/style>\n\t<\/div>\n\t\n\t\t<\/div>\n\t\t\t\t\n<style>\n#col-246512038 > .col-inner {\n  margin: 0px 0px -20px 0px;\n}\n<\/style>\n\t<\/div>\n\n\t\n<\/div>\n<div class=\"row align-equal\" style=\"max-width:1400px\" id=\"row-1991169831\">\n\n\t<div id=\"col-391802788\" class=\"col medium-12 small-12 large-6\"  >\n\t\t\t\t<div class=\"col-inner\"  >\n\t\t\t\n\t\t\t\n\t<div class=\"img has-hover x md-x lg-x y md-y lg-y\" id=\"image_164247693\">\n\t\t\t\t\t\t\t\t<div class=\"img-inner box-shadow-1 box-shadow-5-hover dark\" >\n\t\t\t<img loading=\"lazy\" decoding=\"async\" width=\"700\" height=\"450\" src=\"https:\/\/epe.vn\/wp-content\/uploads\/2025\/01\/DOI-NGU-CONG-TY.jpg\" class=\"attachment-original size-original\" alt=\"\u015e\u0130RK\u018fT KOMANDASI\" srcset=\"https:\/\/epe.vn\/wp-content\/uploads\/2025\/01\/DOI-NGU-CONG-TY.jpg 700w, https:\/\/epe.vn\/wp-content\/uploads\/2025\/01\/DOI-NGU-CONG-TY-300x193.jpg 300w, https:\/\/epe.vn\/wp-content\/uploads\/2025\/01\/DOI-NGU-CONG-TY-18x12.jpg 18w, https:\/\/epe.vn\/wp-content\/uploads\/2025\/01\/DOI-NGU-CONG-TY-600x386.jpg 600w\" sizes=\"auto, (max-width: 700px) 100vw, 700px\" \/>\t\t\t\t\t\t\n\t\t\t\t\t<\/div>\n\t\t\t\t\t\t\t\t\n<style>\n#image_164247693 {\n  width: 100%;\n}\n@media (min-width:550px) {\n  #image_164247693 {\n    width: 100%;\n  }\n}\n<\/style>\n\t<\/div>\n\t\n\t\t<\/div>\n\t\t\t\t\n<style>\n#col-391802788 > .col-inner {\n  padding: 0px 0px 0px 0px;\n}\n@media (min-width:550px) {\n  #col-391802788 > .col-inner {\n    padding: 0px 0px 0px 0px;\n  }\n}\n@media (min-width:850px) {\n  #col-391802788 > .col-inner {\n    padding: 0px 30px 0px 0px;\n  }\n}\n<\/style>\n\t<\/div>\n\n\t\n\n\t<div id=\"col-1731643727\" class=\"col medium-12 small-12 large-6 medium-col-first\"  >\n\t\t\t\t<div class=\"col-inner\"  >\n\t\t\t\n\t\t\t\n\t<div id=\"text-2570223792\" class=\"text\">\n\t\t\n<h2>\u015e\u0130RK\u018fT KOMANDASI<\/h2>\n\t\t\n<style>\n#text-2570223792 {\n  font-size: 1rem;\n}\n@media (min-width:550px) {\n  #text-2570223792 {\n    font-size: 1rem;\n  }\n}\n@media (min-width:850px) {\n  #text-2570223792 {\n    font-size: 1.3rem;\n  }\n}\n<\/style>\n\t<\/div>\n\t\n<div class=\"is-divider divider clearfix\" style=\"max-width:50px;height:4px;background-color:rgb(0, 102, 204);\"><\/div>\n\t<div id=\"gap-957322882\" class=\"gap-element clearfix\" style=\"display:block; height:auto;\">\n\t\t\n<style>\n#gap-957322882 {\n  padding-top: 20px;\n}\n<\/style>\n\t<\/div>\n\t\n<p>Dongrui uzun ill\u0259r t\u0259cr\u00fcb\u0259si v\u0259 pe\u015f\u0259kar texnologiyas\u0131 il\u0259 Vyetnamda PE k\u00f6p\u00fck istehsal\u00e7\u0131s\u0131d\u0131r. Biz m\u0259hsulun dizayn\u0131ndan, istehsaldan tutmu\u015f keyfiyy\u0259t\u0259 n\u0259zar\u0259t\u0259 q\u0259d\u0259r y\u00fcks\u0259k keyfiyy\u0259tli qabla\u015fd\u0131rma materiallar\u0131 t\u0259qdim etm\u0259y\u0259 sadiqik. T\u0259cr\u00fcb\u0259li pe\u015f\u0259karlardan ibar\u0259t komandam\u0131z m\u0259hsullar\u0131n m\u00fc\u015ft\u0259ril\u0259rin ehtiyaclar\u0131na cavab verm\u0259sini t\u0259min etm\u0259k v\u0259 qabaqc\u0131l prosesl\u0259r v\u0259 avadanl\u0131qlar say\u0259sind\u0259 y\u00fcks\u0259k istehsal s\u0259m\u0259r\u0259liliyin\u0259 nail olmaq \u00fc\u00e7\u00fcn h\u0259mi\u015f\u0259 ciddi \u015f\u0259kild\u0259 t\u0259lim ke\u00e7mi\u015fdir.<\/p>\n<p>Biz h\u0259mi\u015f\u0259 pe\u015f\u0259kar bacar\u0131qlar\u0131n, komanda i\u015finin v\u0259 yarad\u0131c\u0131 d\u00fc\u015f\u00fcnc\u0259nin inki\u015faf\u0131na diqq\u0259t yetiririk. Birg\u0259 s\u0259yl\u0259r v\u0259 davaml\u0131 t\u0259kmill\u0259\u015fdirm\u0259 say\u0259sind\u0259 Dongrui r\u0259qab\u0259tli qiym\u0259tl\u0259r v\u0259 keyfiyy\u0259tli m\u0259hsullar t\u0259qdim edir. Biz \u201c\u00f6nc\u0259 m\u00fc\u015ft\u0259ri, birinci keyfiyy\u0259t\u201d prinsipin\u0259 sadiq qal\u0131r\u0131q v\u0259 qabla\u015fd\u0131rma materiallar\u0131 s\u0259nayesind\u0259 etibarl\u0131 t\u0259r\u0259fda\u015f olma\u011fa \u00e7al\u0131\u015f\u0131r\u0131q.<\/p>\n\t<div id=\"gap-168495747\" class=\"gap-element clearfix\" style=\"display:block; height:auto;\">\n\t\t\n<style>\n#gap-168495747 {\n  padding-top: 30px;\n}\n<\/style>\n\t<\/div>\n\t\n<a href=\"https:\/\/epe.vn\/az\/contact\/\" class=\"button primary\"  style=\"border-radius:99px;\">\n    <span>Li\u00ean h\u1ec7 s\u1ed1: 0333 389 002<\/span>\n  <\/a>\n\n\t\t<\/div>\n\t\t\t\t\n<style>\n#col-1731643727 > .col-inner {\n  padding: 0px 0px 0px 0px;\n}\n@media (min-width:550px) {\n  #col-1731643727 > .col-inner {\n    padding: 0px 0px 0px 0px;\n  }\n}\n@media (min-width:850px) {\n  #col-1731643727 > .col-inner {\n    padding: 0px 90px 0px 30px;\n  }\n}\n<\/style>\n\t<\/div>\n\n\t\n<\/div>\n<div class=\"row align-middle align-center\"  id=\"row-1029110264\">\n\n\t<div id=\"col-1810004615\" class=\"col medium-6 small-12 large-6\"  >\n\t\t\t\t<div class=\"col-inner\"  >\n\t\t\t\n\t\t\t\n\t<div id=\"gap-1532919748\" class=\"gap-element clearfix\" style=\"display:block; height:auto;\">\n\t\t\n<style>\n#gap-1532919748 {\n  padding-top: 0px;\n}\n<\/style>\n\t<\/div>\n\t\n\t\t<\/div>\n\t\t\t\t\t<\/div>\n\n\t\n<\/div>\n\t\t<\/div>\n\n\t\t\n<style>\n#section_230755541 {\n  padding-top: 0px;\n  padding-bottom: 0px;\n}\n@media (min-width:550px) {\n  #section_230755541 {\n    padding-top: 0px;\n    padding-bottom: 0px;\n  }\n}\n@media (min-width:850px) {\n  #section_230755541 {\n    padding-top: 50px;\n    padding-bottom: 50px;\n  }\n}\n<\/style>\n\t<\/section>","protected":false},"excerpt":{"rendered":"","protected":false},"author":3,"featured_media":0,"parent":0,"menu_order":0,"comment_status":"closed","ping_status":"closed","template":"page-blank.php","meta":{"footnotes":""},"class_list":["post-25","page","type-page","status-publish","hentry"],"yoast_head":"<!-- This site is optimized with the Yoast SEO plugin v23.4 - https:\/\/yoast.com\/wordpress\/plugins\/seo\/ -->\n<title>Gi\u1edbi thi\u1ec7u - Nh\u00e0 s\u1ea3n xu\u1ea5t b\u1ecdt Polyethylene m\u1edf r\u1ed9ng<\/title>\n<meta name=\"robots\" content=\"index, follow, max-snippet:-1, max-image-preview:large, max-video-preview:-1\" \/>\n<link rel=\"canonical\" href=\"https:\/\/epe.vn\/az\/about\/\" \/>\n<meta property=\"og:locale\" content=\"az_AZ\" \/>\n<meta property=\"og:type\" content=\"article\" \/>\n<meta property=\"og:title\" content=\"Gi\u1edbi thi\u1ec7u - Nh\u00e0 s\u1ea3n xu\u1ea5t b\u1ecdt Polyethylene m\u1edf r\u1ed9ng\" \/>\n<meta property=\"og:url\" content=\"https:\/\/epe.vn\/az\/about\/\" \/>\n<meta property=\"og:site_name\" content=\"Nh\u00e0 s\u1ea3n xu\u1ea5t b\u1ecdt Polyethylene m\u1edf r\u1ed9ng\" \/>\n<meta property=\"article:modified_time\" content=\"2025-10-07T01:50:53+00:00\" \/>\n<meta name=\"twitter:card\" content=\"summary_large_image\" \/>\n<meta name=\"twitter:label1\" content=\"Est. reading time\" \/>\n\t<meta name=\"twitter:data1\" content=\"5 minutes\" \/>\n<script type=\"application\/ld+json\" class=\"yoast-schema-graph\">{\"@context\":\"https:\/\/schema.org\",\"@graph\":[{\"@type\":\"WebPage\",\"@id\":\"https:\/\/epe.vn\/about\/\",\"url\":\"https:\/\/epe.vn\/about\/\",\"name\":\"Gi\u1edbi thi\u1ec7u - Nh\u00e0 s\u1ea3n xu\u1ea5t b\u1ecdt Polyethylene m\u1edf r\u1ed9ng\",\"isPartOf\":{\"@id\":\"https:\/\/epe.vn\/#website\"},\"datePublished\":\"2023-03-05T10:39:43+00:00\",\"dateModified\":\"2025-10-07T01:50:53+00:00\",\"breadcrumb\":{\"@id\":\"https:\/\/epe.vn\/about\/#breadcrumb\"},\"inLanguage\":\"az\",\"potentialAction\":[{\"@type\":\"ReadAction\",\"target\":[\"https:\/\/epe.vn\/about\/\"]}]},{\"@type\":\"BreadcrumbList\",\"@id\":\"https:\/\/epe.vn\/about\/#breadcrumb\",\"itemListElement\":[{\"@type\":\"ListItem\",\"position\":1,\"name\":\"Home\",\"item\":\"https:\/\/epe.vn\/\"},{\"@type\":\"ListItem\",\"position\":2,\"name\":\"Gi\u1edbi thi\u1ec7u\"}]},{\"@type\":\"WebSite\",\"@id\":\"https:\/\/epe.vn\/#website\",\"url\":\"https:\/\/epe.vn\/\",\"name\":\"Nh\u00e0 s\u1ea3n xu\u1ea5t b\u1ecdt Polyethylene m\u1edf r\u1ed9ng\",\"description\":\"Nh\u00e0 cung c\u1ea5p bao b\u00ec v\u1ec9 x\u1ed1p polyethylene m\u1edf r\u1ed9ng v\u00e0 t\u00fai PE\",\"potentialAction\":[{\"@type\":\"SearchAction\",\"target\":{\"@type\":\"EntryPoint\",\"urlTemplate\":\"https:\/\/epe.vn\/?s={search_term_string}\"},\"query-input\":{\"@type\":\"PropertyValueSpecification\",\"valueRequired\":true,\"valueName\":\"search_term_string\"}}],\"inLanguage\":\"az\"}]}<\/script>\n<!-- \/ Yoast SEO plugin. -->","yoast_head_json":{"title":"Gi\u1edbi thi\u1ec7u - Nh\u00e0 s\u1ea3n xu\u1ea5t b\u1ecdt Polyethylene m\u1edf r\u1ed9ng","robots":{"index":"index","follow":"follow","max-snippet":"max-snippet:-1","max-image-preview":"max-image-preview:large","max-video-preview":"max-video-preview:-1"},"canonical":"https:\/\/epe.vn\/az\/about\/","og_locale":"az_AZ","og_type":"article","og_title":"Gi\u1edbi thi\u1ec7u - Nh\u00e0 s\u1ea3n xu\u1ea5t b\u1ecdt Polyethylene m\u1edf r\u1ed9ng","og_url":"https:\/\/epe.vn\/az\/about\/","og_site_name":"Nh\u00e0 s\u1ea3n xu\u1ea5t b\u1ecdt Polyethylene m\u1edf r\u1ed9ng","article_modified_time":"2025-10-07T01:50:53+00:00","twitter_card":"summary_large_image","twitter_misc":{"Est. reading time":"5 minutes"},"schema":{"@context":"https:\/\/schema.org","@graph":[{"@type":"WebPage","@id":"https:\/\/epe.vn\/about\/","url":"https:\/\/epe.vn\/about\/","name":"Gi\u1edbi thi\u1ec7u - Nh\u00e0 s\u1ea3n xu\u1ea5t b\u1ecdt Polyethylene m\u1edf r\u1ed9ng","isPartOf":{"@id":"https:\/\/epe.vn\/#website"},"datePublished":"2023-03-05T10:39:43+00:00","dateModified":"2025-10-07T01:50:53+00:00","breadcrumb":{"@id":"https:\/\/epe.vn\/about\/#breadcrumb"},"inLanguage":"az","potentialAction":[{"@type":"ReadAction","target":["https:\/\/epe.vn\/about\/"]}]},{"@type":"BreadcrumbList","@id":"https:\/\/epe.vn\/about\/#breadcrumb","itemListElement":[{"@type":"ListItem","position":1,"name":"Home","item":"https:\/\/epe.vn\/"},{"@type":"ListItem","position":2,"name":"Gi\u1edbi thi\u1ec7u"}]},{"@type":"WebSite","@id":"https:\/\/epe.vn\/#website","url":"https:\/\/epe.vn\/","name":"Nh\u00e0 s\u1ea3n xu\u1ea5t b\u1ecdt Polyethylene m\u1edf r\u1ed9ng","description":"Nh\u00e0 cung c\u1ea5p bao b\u00ec v\u1ec9 x\u1ed1p polyethylene m\u1edf r\u1ed9ng v\u00e0 t\u00fai PE","potentialAction":[{"@type":"SearchAction","target":{"@type":"EntryPoint","urlTemplate":"https:\/\/epe.vn\/?s={search_term_string}"},"query-input":{"@type":"PropertyValueSpecification","valueRequired":true,"valueName":"search_term_string"}}],"inLanguage":"az"}]}},"_links":{"self":[{"href":"https:\/\/epe.vn\/az\/wp-json\/wp\/v2\/pages\/25","targetHints":{"allow":["GET"]}}],"collection":[{"href":"https:\/\/epe.vn\/az\/wp-json\/wp\/v2\/pages"}],"about":[{"href":"https:\/\/epe.vn\/az\/wp-json\/wp\/v2\/types\/page"}],"author":[{"embeddable":true,"href":"https:\/\/epe.vn\/az\/wp-json\/wp\/v2\/users\/3"}],"replies":[{"embeddable":true,"href":"https:\/\/epe.vn\/az\/wp-json\/wp\/v2\/comments?post=25"}],"version-history":[{"count":13,"href":"https:\/\/epe.vn\/az\/wp-json\/wp\/v2\/pages\/25\/revisions"}],"predecessor-version":[{"id":2470,"href":"https:\/\/epe.vn\/az\/wp-json\/wp\/v2\/pages\/25\/revisions\/2470"}],"wp:attachment":[{"href":"https:\/\/epe.vn\/az\/wp-json\/wp\/v2\/media?parent=25"}],"curies":[{"name":"wp","href":"https:\/\/api.w.org\/{rel}","templated":true}]}}