{"id":1984,"date":"2025-04-28T15:35:47","date_gmt":"2025-04-28T08:35:47","guid":{"rendered":"https:\/\/epe.vn\/?post_type=product&#038;p=1984"},"modified":"2025-04-28T15:35:47","modified_gmt":"2025-04-28T08:35:47","slug":"xop-epe-lot-hop-do-choi","status":"publish","type":"product","link":"https:\/\/epe.vn\/az\/manufacturer\/xop-epe-lot-hop-do-choi\/","title":{"rendered":"X\u1ed1p EPE l\u00f3t h\u1ed9p \u0111\u1ed3 ch\u01a1i | Tu\u1ef3 ch\u1ec9nh theo y\u00eau c\u1ea7u"},"content":{"rendered":"<h2><span style=\"font-weight: 400;\">Th\u00f4ng tin s\u1ea3n ph\u1ea9m:<\/span><\/h2>\n<table>\n<tbody>\n<tr>\n<td><b>Ti\u00eau ch\u00ed<\/b><\/td>\n<td><b>Th\u00f4ng tin chi ti\u1ebft<\/b><\/td>\n<\/tr>\n<tr>\n<td><b>M\u0259hsulun ad\u0131<\/b><\/td>\n<td><span style=\"font-weight: 400;\">X\u1ed1p EPE L\u00f3t H\u1ed9p \u0110\u1ed3 Ch\u01a1i<\/span><\/td>\n<\/tr>\n<tr>\n<td><b>Th\u01b0\u01a1ng hi\u1ec7u<\/b><\/td>\n<td><span style=\"font-weight: 400;\">Dong Rui Vi\u1ec7t Nam<\/span><\/td>\n<\/tr>\n<tr>\n<td><b>Material<\/b><\/td>\n<td><span style=\"font-weight: 400;\">EPE Foam (Expanded Polyethylene Foam)<\/span><\/td>\n<\/tr>\n<tr>\n<td><b>Ki\u1ec3u d\u00e1ng<\/b><\/td>\n<td><span style=\"font-weight: 400;\">T\u1ea5m x\u1ed1p ho\u1eb7c mi\u1ebfng x\u1ed1p \u0111\u1ecbnh h\u00ecnh theo h\u1ed9p<\/span><\/td>\n<\/tr>\n<tr>\n<td><b>Xu\u1ea5t x\u1ee9<\/b><\/td>\n<td><span style=\"font-weight: 400;\">Trung Qu\u1ed1c<\/span><\/td>\n<\/tr>\n<tr>\n<td><b>\u00d6l\u00e7\u00fc<\/b><\/td>\n<td><span style=\"font-weight: 400;\">Gia c\u00f4ng theo y\u00eau c\u1ea7u (ph\u00f9 h\u1ee3p t\u1eebng lo\u1ea1i h\u1ed9p, s\u1ea3n ph\u1ea9m)<\/span><\/td>\n<\/tr>\n<tr>\n<td><b>\u0110\u1ed9 d\u00e0y<\/b><\/td>\n<td><span style=\"font-weight: 400;\">5mm \u2013 30mm (c\u00f3 th\u1ec3 \u0111i\u1ec1u ch\u1ec9nh theo m\u1ee5c \u0111\u00edch s\u1eed d\u1ee5ng)<\/span><\/td>\n<\/tr>\n<tr>\n<td><b>R\u0259ng<\/b><\/td>\n<td><span style=\"font-weight: 400;\">Tr\u1eafng, h\u1ed3ng, xanh d\u01b0\u01a1ng, v\u00e0ng, t\u00f9y ch\u1ec9nh<\/span><\/td>\n<\/tr>\n<tr>\n<td><b>T\u00ednh n\u0103ng n\u1ed5i b\u1eadt<\/b><\/td>\n<td><span style=\"font-weight: 400;\">&#8211; Ch\u1ed1ng s\u1ed1c, ch\u1ed1ng va \u0111\u1eadp<\/span><\/p>\n<p><span style=\"font-weight: 400;\">&#8211; C\u1ed1 \u0111\u1ecbnh \u0111\u1ed3 ch\u01a1i trong h\u1ed9p<\/span><\/p>\n<p><span style=\"font-weight: 400;\">&#8211; Ch\u1ed1ng \u1ea9m, an to\u00e0n cho tr\u1ebb em<\/span><\/td>\n<\/tr>\n<tr>\n<td><b>\u1ee8ng d\u1ee5ng ph\u1ed5 bi\u1ebfn<\/b><\/td>\n<td><span style=\"font-weight: 400;\">&#8211; L\u00f3t h\u1ed9p \u0111\u1ef1ng \u0111\u1ed3 ch\u01a1i cao c\u1ea5p<\/span><\/p>\n<p><span style=\"font-weight: 400;\">&#8211; B\u1ea3o v\u1ec7 \u0111\u1ed3 ch\u01a1i nh\u1ef1a, m\u00f4 h\u00ecnh, \u0111\u1ed3 ch\u01a1i \u0111i\u1ec7n t\u1eed trong v\u1eadn chuy\u1ec3n, l\u01b0u kho<\/span><\/td>\n<\/tr>\n<tr>\n<td><b>Ch\u1ee9ng nh\u1eadn ch\u1ea5t l\u01b0\u1ee3ng<\/b><\/td>\n<td><span style=\"font-weight: 400;\">ISO 9001, RoHS, CE<\/span><\/td>\n<\/tr>\n<tr>\n<td><b>\u0110\u00f3ng g\u00f3i<\/b><\/td>\n<td><span style=\"font-weight: 400;\">\u0110\u00f3ng bao, th\u00f9ng carton ho\u1eb7c t\u00f9y ch\u1ec9nh theo y\u00eau c\u1ea7u<\/span><\/td>\n<\/tr>\n<tr>\n<td><b>L\u1ee3i \u00edch s\u1eed d\u1ee5ng<\/b><\/td>\n<td><span style=\"font-weight: 400;\">&#8211; B\u1ea3o v\u1ec7 \u0111\u1ed3 ch\u01a1i an to\u00e0n<\/span><\/p>\n<p><span style=\"font-weight: 400;\">&#8211; N\u00e2ng cao gi\u00e1 tr\u1ecb s\u1ea3n ph\u1ea9m<\/span><\/p>\n<p><span style=\"font-weight: 400;\">&#8211; Ti\u1ebft ki\u1ec7m chi ph\u00ed s\u1eeda ch\u1eefa, \u0111\u1ec1n b\u00f9 s\u1ea3n ph\u1ea9m b\u1ecb h\u01b0 h\u1ecfng<\/span><\/td>\n<\/tr>\n<\/tbody>\n<\/table>\n<h2><span style=\"font-weight: 400;\">Ch\u1ee9c n\u0103ng c\u1ee7a X\u1ed1p EPE l\u00f3t h\u1ed9p \u0111\u1ed3 ch\u01a1i:<\/span><\/h2>\n<ul>\n<li style=\"font-weight: 400;\" aria-level=\"1\"><b>Ch\u1ed1ng s\u1ed1c, b\u1ea3o v\u1ec7 \u0111\u1ed3 ch\u01a1i<\/b><span style=\"font-weight: 400;\">: H\u1ea1n ch\u1ebf va \u0111\u1eadp, tr\u00e1nh tr\u1ea7y x\u01b0\u1edbc ho\u1eb7c h\u01b0 h\u1ecfng trong qu\u00e1 tr\u00ecnh v\u1eadn chuy\u1ec3n, tr\u01b0ng b\u00e0y.<\/span><\/li>\n<li style=\"font-weight: 400;\" aria-level=\"1\"><b>C\u1ed1 \u0111\u1ecbnh \u0111\u1ed3 ch\u01a1i<\/b><span style=\"font-weight: 400;\">: Gi\u1eef ch\u1eafc s\u1ea3n ph\u1ea9m b\u00ean trong h\u1ed9p, gi\u00fap s\u1ea3n ph\u1ea9m lu\u00f4n g\u1ecdn g\u00e0ng, \u0111\u1eb9p m\u1eaft.<\/span><\/li>\n<\/ul>\n<h2><span style=\"font-weight: 400;\">\u01afu \u0111i\u1ec3m:<\/span><\/h2>\n<ul>\n<li style=\"font-weight: 400;\" aria-level=\"1\"><b>Nh\u1eb9 v\u00e0 an to\u00e0n<\/b><span style=\"font-weight: 400;\">: EPE foam m\u1ec1m m\u1ea1i, kh\u00f4ng g\u00e2y h\u1ea1i cho tr\u1ebb em, d\u1ec5 d\u00e0ng thao t\u00e1c l\u1eafp \u0111\u1eb7t.<\/span><\/li>\n<li style=\"font-weight: 400;\" aria-level=\"1\"><b>Gia c\u00f4ng linh ho\u1ea1t<\/b><span style=\"font-weight: 400;\">: Ph\u00f9 h\u1ee3p m\u1ecdi k\u00edch th\u01b0\u1edbc h\u1ed9p v\u00e0 h\u00ecnh d\u00e1ng \u0111\u1ed3 ch\u01a1i.<\/span><\/li>\n<li style=\"font-weight: 400;\" aria-level=\"1\"><b>\u0110\u1ed9 b\u1ec1n cao, ch\u1ed1ng \u1ea9m t\u1ed1t<\/b><span style=\"font-weight: 400;\">: Gi\u00fap s\u1ea3n ph\u1ea9m tr\u00e1nh t\u00e1c \u0111\u1ed9ng t\u1eeb m\u00f4i tr\u01b0\u1eddng b\u00ean ngo\u00e0i.<\/span><\/li>\n<li style=\"font-weight: 400;\" aria-level=\"1\"><b style=\"color: #555555; font-size: 14.4px;\">\u0110a d\u1ea1ng m\u00e0u s\u1eafc<\/b><span style=\"font-weight: 400;\">: T\u0103ng s\u1ef1 b\u1eaft m\u1eaft v\u00e0 gi\u00e1 tr\u1ecb th\u1ea9m m\u1ef9 cho s\u1ea3n ph\u1ea9m \u0111\u00f3ng g\u00f3i.<\/span><\/li>\n<\/ul>","protected":false},"excerpt":{"rendered":"<p class=\"\" data-start=\"3423\" data-end=\"3859\"><strong data-start=\"3423\" data-end=\"3450\">X\u1ed1p EPE l\u00f3t h\u1ed9p \u0111\u1ed3 ch\u01a1i<\/strong> c\u1ee7a Dong Rui Vi\u1ec7t Nam l\u00e0 gi\u1ea3i ph\u00e1p ho\u00e0n h\u1ea3o gi\u00fap b\u1ea3o v\u1ec7 \u0111\u1ed3 ch\u01a1i kh\u1ecfi va \u0111\u1eadp, tr\u1ea7y x\u01b0\u1edbc trong qu\u00e1 tr\u00ecnh v\u1eadn chuy\u1ec3n ho\u1eb7c l\u01b0u kho. V\u1edbi ch\u1ea5t li\u1ec7u EPE foam si\u00eau nh\u1eb9, \u0111\u00e0n h\u1ed3i cao v\u00e0 an to\u00e0n cho tr\u1ebb em, s\u1ea3n ph\u1ea9m kh\u00f4ng ch\u1ec9 c\u1ed1 \u0111\u1ecbnh \u0111\u1ed3 ch\u01a1i ch\u1eafc ch\u1eafn trong h\u1ed9p m\u00e0 c\u00f2n t\u0103ng t\u00ednh th\u1ea9m m\u1ef9, chuy\u00ean nghi\u1ec7p cho c\u00e1c s\u1ea3n ph\u1ea9m \u0111\u1ed3 ch\u01a1i cao c\u1ea5p. Gia c\u00f4ng linh ho\u1ea1t theo k\u00edch th\u01b0\u1edbc y\u00eau c\u1ea7u, ph\u00f9 h\u1ee3p m\u1ecdi lo\u1ea1i h\u1ed9p v\u00e0 m\u1eabu m\u00e3 \u0111\u1ed3 ch\u01a1i.<\/p>","protected":false},"featured_media":1985,"comment_status":"open","ping_status":"closed","template":"","meta":[],"product_cat":[15],"product_tag":[48,47,53,52],"class_list":{"0":"post-1984","1":"product","2":"type-product","3":"status-publish","4":"has-post-thumbnail","6":"product_cat-bot-pe-tuy-chinh","7":"product_tag-epe-foam","8":"product_tag-mut-xop-epe","9":"product_tag-tuy-chinh-xop-epe-foam","10":"product_tag-xop-epe","12":"first","13":"instock","14":"shipping-taxable","15":"product-type-simple"},"yoast_head":"<!-- This site is optimized with the Yoast SEO plugin v23.4 - https:\/\/yoast.com\/wordpress\/plugins\/seo\/ -->\n<title>X\u1ed1p EPE l\u00f3t h\u1ed9p \u0111\u1ed3 ch\u01a1i | Tu\u1ef3 ch\u1ec9nh theo y\u00eau c\u1ea7u - Nh\u00e0 s\u1ea3n xu\u1ea5t b\u1ecdt Polyethylene m\u1edf r\u1ed9ng<\/title>\n<meta name=\"description\" content=\"X\u1ed1p EPE l\u00f3t h\u1ed9p \u0111\u1ed3 ch\u01a1i Dong Rui Vi\u1ec7t Nam ch\u1ed1ng s\u1ed1c, b\u1ea3o v\u1ec7 \u0111\u1ed3 ch\u01a1i an to\u00e0n, nh\u1eb9 b\u1ec1n, \u0111a d\u1ea1ng m\u00e0u s\u1eafc, n\u00e2ng cao gi\u00e1 tr\u1ecb v\u00e0 th\u1ea9m m\u1ef9 s\u1ea3n ph\u1ea9m.\" \/>\n<meta name=\"robots\" content=\"index, follow, max-snippet:-1, max-image-preview:large, max-video-preview:-1\" \/>\n<link rel=\"canonical\" href=\"https:\/\/epe.vn\/az\/manufacturer\/xop-epe-lot-hop-do-choi\/\" \/>\n<meta property=\"og:locale\" content=\"az_AZ\" \/>\n<meta property=\"og:type\" content=\"article\" \/>\n<meta property=\"og:title\" content=\"X\u1ed1p EPE l\u00f3t h\u1ed9p \u0111\u1ed3 ch\u01a1i | Tu\u1ef3 ch\u1ec9nh theo y\u00eau c\u1ea7u - Nh\u00e0 s\u1ea3n xu\u1ea5t b\u1ecdt Polyethylene m\u1edf r\u1ed9ng\" \/>\n<meta property=\"og:description\" content=\"X\u1ed1p EPE l\u00f3t h\u1ed9p \u0111\u1ed3 ch\u01a1i Dong Rui Vi\u1ec7t Nam ch\u1ed1ng s\u1ed1c, b\u1ea3o v\u1ec7 \u0111\u1ed3 ch\u01a1i an to\u00e0n, nh\u1eb9 b\u1ec1n, \u0111a d\u1ea1ng m\u00e0u s\u1eafc, n\u00e2ng cao gi\u00e1 tr\u1ecb v\u00e0 th\u1ea9m m\u1ef9 s\u1ea3n ph\u1ea9m.\" \/>\n<meta property=\"og:url\" content=\"https:\/\/epe.vn\/az\/manufacturer\/xop-epe-lot-hop-do-choi\/\" \/>\n<meta property=\"og:site_name\" content=\"Nh\u00e0 s\u1ea3n xu\u1ea5t b\u1ecdt Polyethylene m\u1edf r\u1ed9ng\" \/>\n<meta property=\"og:image\" content=\"https:\/\/epe.vn\/wp-content\/uploads\/2025\/04\/Xop-EPE-lot-hop-do-choi.webp\" \/>\n\t<meta property=\"og:image:width\" content=\"800\" \/>\n\t<meta property=\"og:image:height\" content=\"800\" \/>\n\t<meta property=\"og:image:type\" content=\"image\/webp\" \/>\n<meta name=\"twitter:card\" content=\"summary_large_image\" \/>\n<meta name=\"twitter:label1\" content=\"Est. reading time\" \/>\n\t<meta name=\"twitter:data1\" content=\"2 minutes\" \/>\n<script type=\"application\/ld+json\" class=\"yoast-schema-graph\">{\"@context\":\"https:\/\/schema.org\",\"@graph\":[{\"@type\":\"WebPage\",\"@id\":\"https:\/\/epe.vn\/manufacturer\/xop-epe-lot-hop-do-choi\/\",\"url\":\"https:\/\/epe.vn\/manufacturer\/xop-epe-lot-hop-do-choi\/\",\"name\":\"X\u1ed1p EPE l\u00f3t h\u1ed9p \u0111\u1ed3 ch\u01a1i | Tu\u1ef3 ch\u1ec9nh theo y\u00eau c\u1ea7u - Nh\u00e0 s\u1ea3n xu\u1ea5t b\u1ecdt Polyethylene m\u1edf r\u1ed9ng\",\"isPartOf\":{\"@id\":\"https:\/\/epe.vn\/#website\"},\"primaryImageOfPage\":{\"@id\":\"https:\/\/epe.vn\/manufacturer\/xop-epe-lot-hop-do-choi\/#primaryimage\"},\"image\":{\"@id\":\"https:\/\/epe.vn\/manufacturer\/xop-epe-lot-hop-do-choi\/#primaryimage\"},\"thumbnailUrl\":\"https:\/\/epe.vn\/wp-content\/uploads\/2025\/04\/Xop-EPE-lot-hop-do-choi.webp\",\"datePublished\":\"2025-04-28T08:35:47+00:00\",\"dateModified\":\"2025-04-28T08:35:47+00:00\",\"description\":\"X\u1ed1p EPE l\u00f3t h\u1ed9p \u0111\u1ed3 ch\u01a1i Dong Rui Vi\u1ec7t Nam ch\u1ed1ng s\u1ed1c, b\u1ea3o v\u1ec7 \u0111\u1ed3 ch\u01a1i an to\u00e0n, nh\u1eb9 b\u1ec1n, \u0111a d\u1ea1ng m\u00e0u s\u1eafc, n\u00e2ng cao gi\u00e1 tr\u1ecb v\u00e0 th\u1ea9m m\u1ef9 s\u1ea3n ph\u1ea9m.\",\"breadcrumb\":{\"@id\":\"https:\/\/epe.vn\/manufacturer\/xop-epe-lot-hop-do-choi\/#breadcrumb\"},\"inLanguage\":\"az\",\"potentialAction\":[{\"@type\":\"ReadAction\",\"target\":[\"https:\/\/epe.vn\/manufacturer\/xop-epe-lot-hop-do-choi\/\"]}]},{\"@type\":\"ImageObject\",\"inLanguage\":\"az\",\"@id\":\"https:\/\/epe.vn\/manufacturer\/xop-epe-lot-hop-do-choi\/#primaryimage\",\"url\":\"https:\/\/epe.vn\/wp-content\/uploads\/2025\/04\/Xop-EPE-lot-hop-do-choi.webp\",\"contentUrl\":\"https:\/\/epe.vn\/wp-content\/uploads\/2025\/04\/Xop-EPE-lot-hop-do-choi.webp\",\"width\":800,\"height\":800,\"caption\":\"Xo\u0302\u0301p EPE lo\u0301t ho\u0323\u0302p \u0111o\u0302\u0300 cho\u031bi\"},{\"@type\":\"BreadcrumbList\",\"@id\":\"https:\/\/epe.vn\/manufacturer\/xop-epe-lot-hop-do-choi\/#breadcrumb\",\"itemListElement\":[{\"@type\":\"ListItem\",\"position\":1,\"name\":\"Home\",\"item\":\"https:\/\/epe.vn\/\"},{\"@type\":\"ListItem\",\"position\":2,\"name\":\"Shop\",\"item\":\"https:\/\/epe.vn\/shop\/\"},{\"@type\":\"ListItem\",\"position\":3,\"name\":\"X\u1ed1p EPE l\u00f3t h\u1ed9p \u0111\u1ed3 ch\u01a1i | Tu\u1ef3 ch\u1ec9nh theo y\u00eau c\u1ea7u\"}]},{\"@type\":\"WebSite\",\"@id\":\"https:\/\/epe.vn\/#website\",\"url\":\"https:\/\/epe.vn\/\",\"name\":\"Nh\u00e0 s\u1ea3n xu\u1ea5t b\u1ecdt Polyethylene m\u1edf r\u1ed9ng\",\"description\":\"Nh\u00e0 cung c\u1ea5p bao b\u00ec v\u1ec9 x\u1ed1p polyethylene m\u1edf r\u1ed9ng v\u00e0 t\u00fai PE\",\"potentialAction\":[{\"@type\":\"SearchAction\",\"target\":{\"@type\":\"EntryPoint\",\"urlTemplate\":\"https:\/\/epe.vn\/?s={search_term_string}\"},\"query-input\":{\"@type\":\"PropertyValueSpecification\",\"valueRequired\":true,\"valueName\":\"search_term_string\"}}],\"inLanguage\":\"az\"}]}<\/script>\n<!-- \/ Yoast SEO plugin. -->","yoast_head_json":{"title":"X\u1ed1p EPE l\u00f3t h\u1ed9p \u0111\u1ed3 ch\u01a1i | Tu\u1ef3 ch\u1ec9nh theo y\u00eau c\u1ea7u - Nh\u00e0 s\u1ea3n xu\u1ea5t b\u1ecdt Polyethylene m\u1edf r\u1ed9ng","description":"X\u1ed1p EPE l\u00f3t h\u1ed9p \u0111\u1ed3 ch\u01a1i Dong Rui Vi\u1ec7t Nam ch\u1ed1ng s\u1ed1c, b\u1ea3o v\u1ec7 \u0111\u1ed3 ch\u01a1i an to\u00e0n, nh\u1eb9 b\u1ec1n, \u0111a d\u1ea1ng m\u00e0u s\u1eafc, n\u00e2ng cao gi\u00e1 tr\u1ecb v\u00e0 th\u1ea9m m\u1ef9 s\u1ea3n ph\u1ea9m.","robots":{"index":"index","follow":"follow","max-snippet":"max-snippet:-1","max-image-preview":"max-image-preview:large","max-video-preview":"max-video-preview:-1"},"canonical":"https:\/\/epe.vn\/az\/manufacturer\/xop-epe-lot-hop-do-choi\/","og_locale":"az_AZ","og_type":"article","og_title":"X\u1ed1p EPE l\u00f3t h\u1ed9p \u0111\u1ed3 ch\u01a1i | Tu\u1ef3 ch\u1ec9nh theo y\u00eau c\u1ea7u - Nh\u00e0 s\u1ea3n xu\u1ea5t b\u1ecdt Polyethylene m\u1edf r\u1ed9ng","og_description":"X\u1ed1p EPE l\u00f3t h\u1ed9p \u0111\u1ed3 ch\u01a1i Dong Rui Vi\u1ec7t Nam ch\u1ed1ng s\u1ed1c, b\u1ea3o v\u1ec7 \u0111\u1ed3 ch\u01a1i an to\u00e0n, nh\u1eb9 b\u1ec1n, \u0111a d\u1ea1ng m\u00e0u s\u1eafc, n\u00e2ng cao gi\u00e1 tr\u1ecb v\u00e0 th\u1ea9m m\u1ef9 s\u1ea3n ph\u1ea9m.","og_url":"https:\/\/epe.vn\/az\/manufacturer\/xop-epe-lot-hop-do-choi\/","og_site_name":"Nh\u00e0 s\u1ea3n xu\u1ea5t b\u1ecdt Polyethylene m\u1edf r\u1ed9ng","og_image":[{"width":800,"height":800,"url":"https:\/\/epe.vn\/wp-content\/uploads\/2025\/04\/Xop-EPE-lot-hop-do-choi.webp","type":"image\/webp"}],"twitter_card":"summary_large_image","twitter_misc":{"Est. reading time":"2 minutes"},"schema":{"@context":"https:\/\/schema.org","@graph":[{"@type":"WebPage","@id":"https:\/\/epe.vn\/manufacturer\/xop-epe-lot-hop-do-choi\/","url":"https:\/\/epe.vn\/manufacturer\/xop-epe-lot-hop-do-choi\/","name":"X\u1ed1p EPE l\u00f3t h\u1ed9p \u0111\u1ed3 ch\u01a1i | Tu\u1ef3 ch\u1ec9nh theo y\u00eau c\u1ea7u - Nh\u00e0 s\u1ea3n xu\u1ea5t b\u1ecdt Polyethylene m\u1edf r\u1ed9ng","isPartOf":{"@id":"https:\/\/epe.vn\/#website"},"primaryImageOfPage":{"@id":"https:\/\/epe.vn\/manufacturer\/xop-epe-lot-hop-do-choi\/#primaryimage"},"image":{"@id":"https:\/\/epe.vn\/manufacturer\/xop-epe-lot-hop-do-choi\/#primaryimage"},"thumbnailUrl":"https:\/\/epe.vn\/wp-content\/uploads\/2025\/04\/Xop-EPE-lot-hop-do-choi.webp","datePublished":"2025-04-28T08:35:47+00:00","dateModified":"2025-04-28T08:35:47+00:00","description":"X\u1ed1p EPE l\u00f3t h\u1ed9p \u0111\u1ed3 ch\u01a1i Dong Rui Vi\u1ec7t Nam ch\u1ed1ng s\u1ed1c, b\u1ea3o v\u1ec7 \u0111\u1ed3 ch\u01a1i an to\u00e0n, nh\u1eb9 b\u1ec1n, \u0111a d\u1ea1ng m\u00e0u s\u1eafc, n\u00e2ng cao gi\u00e1 tr\u1ecb v\u00e0 th\u1ea9m m\u1ef9 s\u1ea3n ph\u1ea9m.","breadcrumb":{"@id":"https:\/\/epe.vn\/manufacturer\/xop-epe-lot-hop-do-choi\/#breadcrumb"},"inLanguage":"az","potentialAction":[{"@type":"ReadAction","target":["https:\/\/epe.vn\/manufacturer\/xop-epe-lot-hop-do-choi\/"]}]},{"@type":"ImageObject","inLanguage":"az","@id":"https:\/\/epe.vn\/manufacturer\/xop-epe-lot-hop-do-choi\/#primaryimage","url":"https:\/\/epe.vn\/wp-content\/uploads\/2025\/04\/Xop-EPE-lot-hop-do-choi.webp","contentUrl":"https:\/\/epe.vn\/wp-content\/uploads\/2025\/04\/Xop-EPE-lot-hop-do-choi.webp","width":800,"height":800,"caption":"Xo\u0302\u0301p EPE lo\u0301t ho\u0323\u0302p \u0111o\u0302\u0300 cho\u031bi"},{"@type":"BreadcrumbList","@id":"https:\/\/epe.vn\/manufacturer\/xop-epe-lot-hop-do-choi\/#breadcrumb","itemListElement":[{"@type":"ListItem","position":1,"name":"Home","item":"https:\/\/epe.vn\/"},{"@type":"ListItem","position":2,"name":"Shop","item":"https:\/\/epe.vn\/shop\/"},{"@type":"ListItem","position":3,"name":"X\u1ed1p EPE l\u00f3t h\u1ed9p \u0111\u1ed3 ch\u01a1i | Tu\u1ef3 ch\u1ec9nh theo y\u00eau c\u1ea7u"}]},{"@type":"WebSite","@id":"https:\/\/epe.vn\/#website","url":"https:\/\/epe.vn\/","name":"Nh\u00e0 s\u1ea3n xu\u1ea5t b\u1ecdt Polyethylene m\u1edf r\u1ed9ng","description":"Nh\u00e0 cung c\u1ea5p bao b\u00ec v\u1ec9 x\u1ed1p polyethylene m\u1edf r\u1ed9ng v\u00e0 t\u00fai PE","potentialAction":[{"@type":"SearchAction","target":{"@type":"EntryPoint","urlTemplate":"https:\/\/epe.vn\/?s={search_term_string}"},"query-input":{"@type":"PropertyValueSpecification","valueRequired":true,"valueName":"search_term_string"}}],"inLanguage":"az"}]}},"_links":{"self":[{"href":"https:\/\/epe.vn\/az\/wp-json\/wp\/v2\/product\/1984","targetHints":{"allow":["GET"]}}],"collection":[{"href":"https:\/\/epe.vn\/az\/wp-json\/wp\/v2\/product"}],"about":[{"href":"https:\/\/epe.vn\/az\/wp-json\/wp\/v2\/types\/product"}],"replies":[{"embeddable":true,"href":"https:\/\/epe.vn\/az\/wp-json\/wp\/v2\/comments?post=1984"}],"wp:featuredmedia":[{"embeddable":true,"href":"https:\/\/epe.vn\/az\/wp-json\/wp\/v2\/media\/1985"}],"wp:attachment":[{"href":"https:\/\/epe.vn\/az\/wp-json\/wp\/v2\/media?parent=1984"}],"wp:term":[{"taxonomy":"product_cat","embeddable":true,"href":"https:\/\/epe.vn\/az\/wp-json\/wp\/v2\/product_cat?post=1984"},{"taxonomy":"product_tag","embeddable":true,"href":"https:\/\/epe.vn\/az\/wp-json\/wp\/v2\/product_tag?post=1984"}],"curies":[{"name":"wp","href":"https:\/\/api.w.org\/{rel}","templated":true}]}}