{"id":1996,"date":"2025-04-28T16:57:37","date_gmt":"2025-04-28T09:57:37","guid":{"rendered":"https:\/\/epe.vn\/?post_type=product&#038;p=1996"},"modified":"2025-04-28T16:59:02","modified_gmt":"2025-04-28T09:59:02","slug":"cuon-xop-epe-nhieu-kich-thuoc","status":"publish","type":"product","link":"https:\/\/epe.vn\/az\/manufacturer\/cuon-xop-epe-nhieu-kich-thuoc\/","title":{"rendered":"Cu\u1ed9n x\u1ed1p EPE nhi\u1ec1u k\u00edch th\u01b0\u1edbc | Ch\u1ed1ng s\u1ed1c hi\u1ec7u qu\u1ea3"},"content":{"rendered":"<h2><span style=\"font-weight: 400;\">Th\u00f4ng tin s\u1ea3n ph\u1ea9m:<\/span><\/h2>\n<table>\n<tbody>\n<tr>\n<td><b>Ti\u00eau ch\u00ed<\/b><\/td>\n<td><b>Th\u00f4ng tin chi ti\u1ebft<\/b><\/td>\n<\/tr>\n<tr>\n<td><b>M\u0259hsulun ad\u0131<\/b><\/td>\n<td><span style=\"font-weight: 400;\">Cu\u1ed9n X\u1ed1p EPE Nhi\u1ec1u K\u00edch Th\u01b0\u1edbc<\/span><\/td>\n<\/tr>\n<tr>\n<td><b>Th\u01b0\u01a1ng hi\u1ec7u<\/b><\/td>\n<td><span style=\"font-weight: 400;\">Dong Rui Vi\u1ec7t Nam<\/span><\/td>\n<\/tr>\n<tr>\n<td><b>Material<\/b><\/td>\n<td><span style=\"font-weight: 400;\">EPE Foam (Expanded Polyethylene Foam)<\/span><\/td>\n<\/tr>\n<tr>\n<td><b>Ki\u1ec3u d\u00e1ng<\/b><\/td>\n<td><span style=\"font-weight: 400;\">Cu\u1ed9n x\u1ed1p, d\u1ec5 d\u00e0ng c\u1eaft v\u00e0 gia c\u00f4ng theo nhu c\u1ea7u<\/span><\/td>\n<\/tr>\n<tr>\n<td><b>Xu\u1ea5t x\u1ee9<\/b><\/td>\n<td><span style=\"font-weight: 400;\">Trung Qu\u1ed1c<\/span><\/td>\n<\/tr>\n<tr>\n<td><b>\u00d6l\u00e7\u00fc<\/b><\/td>\n<td><span style=\"font-weight: 400;\">Gia c\u00f4ng theo y\u00eau c\u1ea7u: chi\u1ec1u d\u00e0i, chi\u1ec1u r\u1ed9ng v\u00e0 \u0111\u1ed9 d\u00e0y \u0111a d\u1ea1ng (t\u1eeb v\u00e0i mm \u0111\u1ebfn v\u00e0i cm)<\/span><\/td>\n<\/tr>\n<tr>\n<td><b>\u0110\u1ed9 d\u00e0y<\/b><\/td>\n<td><span style=\"font-weight: 400;\">1mm \u2013 50mm (c\u00f3 th\u1ec3 \u0111i\u1ec1u ch\u1ec9nh theo nhu c\u1ea7u s\u1eed d\u1ee5ng)<\/span><\/td>\n<\/tr>\n<tr>\n<td><b>R\u0259ng<\/b><\/td>\n<td><span style=\"font-weight: 400;\">Tr\u1eafng, h\u1ed3ng, xanh d\u01b0\u01a1ng, \u0111en ho\u1eb7c t\u00f9y ch\u1ec9nh<\/span><\/td>\n<\/tr>\n<tr>\n<td><b>T\u00ednh n\u0103ng n\u1ed5i b\u1eadt<\/b><\/td>\n<td><span style=\"font-weight: 400;\">&#8211; Ch\u1ed1ng s\u1ed1c, b\u1ea3o v\u1ec7 s\u1ea3n ph\u1ea9m<\/span><\/p>\n<p><span style=\"font-weight: 400;\">&#8211; C\u00e1ch nhi\u1ec7t, ch\u1ed1ng \u1ea9m<\/span><\/p>\n<p><span style=\"font-weight: 400;\">&#8211; D\u1ec5 d\u00e0ng c\u1eaft, gia c\u00f4ng v\u00e0 s\u1eed d\u1ee5ng<\/span><\/p>\n<p><span style=\"font-weight: 400;\">&#8211; Nh\u1eb9, b\u1ec1n, th\u00e2n thi\u1ec7n v\u1edbi m\u00f4i tr\u01b0\u1eddng<\/span><\/td>\n<\/tr>\n<tr>\n<td><b>\u1ee8ng d\u1ee5ng ph\u1ed5 bi\u1ebfn<\/b><\/td>\n<td><span style=\"font-weight: 400;\">&#8211; L\u00f3t \u0111\u00f3ng g\u00f3i h\u00e0ng h\u00f3a, s\u1ea3n ph\u1ea9m d\u1ec5 v\u1ee1<\/span><\/p>\n<p><span style=\"font-weight: 400;\">&#8211; C\u00e1ch nhi\u1ec7t cho c\u00e1c thi\u1ebft b\u1ecb, n\u1ed9i th\u1ea5t<\/span><\/p>\n<p><span style=\"font-weight: 400;\">&#8211; \u0110\u00f3ng g\u00f3i th\u1ef1c ph\u1ea9m, \u0111i\u1ec7n t\u1eed, n\u00f4ng s\u1ea3n v\u00e0 nhi\u1ec1u \u1ee9ng d\u1ee5ng kh\u00e1c<\/span><\/td>\n<\/tr>\n<tr>\n<td><b>Ch\u1ee9ng nh\u1eadn ch\u1ea5t l\u01b0\u1ee3ng<\/b><\/td>\n<td><span style=\"font-weight: 400;\">ISO 9001, RoHS, CE<\/span><\/td>\n<\/tr>\n<tr>\n<td><b>\u0110\u00f3ng g\u00f3i<\/b><\/td>\n<td><span style=\"font-weight: 400;\">\u0110\u00f3ng theo cu\u1ed9n, th\u00f9ng carton ho\u1eb7c theo y\u00eau c\u1ea7u<\/span><\/td>\n<\/tr>\n<tr>\n<td><b>L\u1ee3i \u00edch s\u1eed d\u1ee5ng<\/b><\/td>\n<td><span style=\"font-weight: 400;\">&#8211; B\u1ea3o v\u1ec7 s\u1ea3n ph\u1ea9m t\u1ed1t h\u01a1n trong v\u1eadn chuy\u1ec3n<\/span><\/p>\n<p><span style=\"font-weight: 400;\">&#8211; Ti\u1ebft ki\u1ec7m chi ph\u00ed v\u00e0 gi\u1ea3m thi\u1ec3u thi\u1ec7t h\u1ea1i<\/span><\/p>\n<p><span style=\"font-weight: 400;\">&#8211; Linh ho\u1ea1t cho c\u00e1c nhu c\u1ea7u \u0111\u00f3ng g\u00f3i kh\u00e1c nhau<\/span><\/td>\n<\/tr>\n<\/tbody>\n<\/table>\n<h2><span style=\"font-weight: 400;\">Ch\u1ee9c n\u0103ng c\u1ee7a cu\u1ed9n x\u1ed1p EPE nhi\u1ec1u k\u00edch th\u01b0\u1edbc:<\/span><\/h2>\n<ul>\n<li style=\"font-weight: 400;\" aria-level=\"1\"><b>B\u1ea3o v\u1ec7 s\u1ea3n ph\u1ea9m<\/b><span style=\"font-weight: 400;\">: Ch\u1ed1ng s\u1ed1c, b\u1ea3o v\u1ec7 h\u00e0ng h\u00f3a kh\u1ecfi va \u0111\u1eadp v\u00e0 h\u01b0 h\u1ecfng trong qu\u00e1 tr\u00ecnh v\u1eadn chuy\u1ec3n v\u00e0 l\u01b0u tr\u1eef.<\/span><\/li>\n<li style=\"font-weight: 400;\" aria-level=\"1\"><b>C\u00e1ch nhi\u1ec7t v\u00e0 ch\u1ed1ng \u1ea9m<\/b><span style=\"font-weight: 400;\">: Gi\u1eef nhi\u1ec7t \u0111\u1ed9 \u1ed5n \u0111\u1ecbnh v\u00e0 b\u1ea3o v\u1ec7 s\u1ea3n ph\u1ea9m kh\u1ecfi t\u00e1c \u0111\u1ed9ng c\u1ee7a m\u00f4i tr\u01b0\u1eddng \u1ea9m.<\/span><\/li>\n<li style=\"font-weight: 400;\" aria-level=\"1\"><b>Linh ho\u1ea1t<\/b><span style=\"font-weight: 400;\">: D\u1ec5 d\u00e0ng c\u1eaft, \u0111\u1ecbnh h\u00ecnh v\u00e0 gia c\u00f4ng theo k\u00edch th\u01b0\u1edbc y\u00eau c\u1ea7u.<\/span><\/li>\n<\/ul>\n<h2><span style=\"font-weight: 400;\">\u01afu \u0111i\u1ec3m c\u1ee7a cu\u1ed9n x\u1ed1p EPE:<\/span><\/h2>\n<ul>\n<li style=\"font-weight: 400;\" aria-level=\"1\"><b>Nh\u1eb9 v\u00e0 b\u1ec1n<\/b><span style=\"font-weight: 400;\">: EPE foam nh\u1eb9 nh\u01b0ng l\u1ea1i c\u00f3 kh\u1ea3 n\u0103ng ch\u1ed1ng s\u1ed1c v\u00e0 \u0111\u00e0n h\u1ed3i t\u1ed1t, gi\u00fap gi\u1ea3m thi\u1ec3u thi\u1ec7t h\u1ea1i do va ch\u1ea1m.<\/span><\/li>\n<li style=\"font-weight: 400;\" aria-level=\"1\"><b>Th\u00e2n thi\u1ec7n v\u1edbi m\u00f4i tr\u01b0\u1eddng<\/b><span style=\"font-weight: 400;\">: C\u00f3 th\u1ec3 t\u00e1i s\u1eed d\u1ee5ng v\u00e0 t\u00e1i ch\u1ebf, gi\u00fap b\u1ea3o v\u1ec7 m\u00f4i tr\u01b0\u1eddng.<\/span><\/li>\n<li style=\"font-weight: 400;\" aria-level=\"1\"><b>D\u1ec5 d\u00e0ng gia c\u00f4ng<\/b><span style=\"font-weight: 400;\">: Th\u00edch h\u1ee3p cho nhi\u1ec1u m\u1ee5c \u0111\u00edch s\u1eed d\u1ee5ng kh\u00e1c nhau nh\u01b0 \u0111\u00f3ng g\u00f3i, c\u00e1ch nhi\u1ec7t, v\u00e0 b\u1ea3o v\u1ec7 s\u1ea3n ph\u1ea9m d\u1ec5 v\u1ee1.<\/span><\/li>\n<li style=\"font-weight: 400;\" aria-level=\"1\"><b>A\u011flabatan qiym\u0259t<\/b><span style=\"font-weight: 400;\">: So v\u1edbi c\u00e1c v\u1eadt li\u1ec7u b\u1ea3o v\u1ec7 kh\u00e1c, x\u1ed1p EPE c\u00f3 chi ph\u00ed th\u1ea5p h\u01a1n nh\u01b0ng v\u1eabn hi\u1ec7u qu\u1ea3 cao trong vi\u1ec7c b\u1ea3o v\u1ec7 h\u00e0ng h\u00f3a.<\/span><span style=\"font-weight: 400;\"><br \/>\n<\/span><\/li>\n<\/ul>","protected":false},"excerpt":{"rendered":"<p class=\"\" data-start=\"3794\" data-end=\"4204\"><strong data-start=\"3794\" data-end=\"3827\">Cu\u1ed9n x\u1ed1p EPE nhi\u1ec1u k\u00edch th\u01b0\u1edbc<\/strong> c\u1ee7a Dong Rui Vi\u1ec7t Nam l\u00e0 gi\u1ea3i ph\u00e1p linh ho\u1ea1t v\u00e0 hi\u1ec7u qu\u1ea3 cho vi\u1ec7c b\u1ea3o v\u1ec7 s\u1ea3n ph\u1ea9m trong qu\u00e1 tr\u00ecnh v\u1eadn chuy\u1ec3n v\u00e0 l\u01b0u kho.<\/p>\n<p class=\"\" data-start=\"3794\" data-end=\"4204\">V\u1edbi kh\u1ea3 n\u0103ng ch\u1ed1ng s\u1ed1c tuy\u1ec7t v\u1eddi v\u00e0 kh\u1ea3 n\u0103ng c\u00e1ch nhi\u1ec7t, s\u1ea3n ph\u1ea9m gi\u00fap b\u1ea3o v\u1ec7 c\u00e1c s\u1ea3n ph\u1ea9m d\u1ec5 v\u1ee1, \u0111i\u1ec7n t\u1eed, th\u1ef1c ph\u1ea9m v\u00e0 nhi\u1ec1u \u1ee9ng d\u1ee5ng kh\u00e1c. EPE foam nh\u1eb9, d\u1ec5 d\u00e0ng c\u1eaft v\u00e0 gia c\u00f4ng theo y\u00eau c\u1ea7u, ph\u00f9 h\u1ee3p v\u1edbi c\u00e1c nhu c\u1ea7u \u0111\u00f3ng g\u00f3i \u0111a d\u1ea1ng v\u00e0 ti\u1ebft ki\u1ec7m chi ph\u00ed.<\/p>","protected":false},"featured_media":1997,"comment_status":"open","ping_status":"closed","template":"","meta":[],"product_cat":[37],"product_tag":[50,48,54,53],"class_list":{"0":"post-1996","1":"product","2":"type-product","3":"status-publish","4":"has-post-thumbnail","6":"product_cat-cuon-mut-xop","7":"product_tag-cuon-xop-epe-foam","8":"product_tag-epe-foam","9":"product_tag-mua-xop-epe","10":"product_tag-tuy-chinh-xop-epe-foam","12":"first","13":"instock","14":"shipping-taxable","15":"product-type-simple"},"yoast_head":"<!-- This site is optimized with the Yoast SEO plugin v23.4 - https:\/\/yoast.com\/wordpress\/plugins\/seo\/ -->\n<title>Cu\u1ed9n x\u1ed1p EPE nhi\u1ec1u k\u00edch th\u01b0\u1edbc | Ch\u1ed1ng s\u1ed1c hi\u1ec7u qu\u1ea3 - Nh\u00e0 s\u1ea3n xu\u1ea5t b\u1ecdt Polyethylene m\u1edf r\u1ed9ng<\/title>\n<meta name=\"description\" content=\"Cu\u1ed9n x\u1ed1p EPE nhi\u1ec1u k\u00edch th\u01b0\u1edbc Dong Rui Vi\u1ec7t Nam b\u1ea3o v\u1ec7 s\u1ea3n ph\u1ea9m kh\u1ecfi va \u0111\u1eadp, ch\u1ed1ng s\u1ed1c, c\u00e1ch nhi\u1ec7t hi\u1ec7u qu\u1ea3, d\u1ec5 gia c\u00f4ng v\u00e0 th\u00e2n thi\u1ec7n v\u1edbi m\u00f4i tr\u01b0\u1eddng.\" \/>\n<meta name=\"robots\" content=\"index, follow, max-snippet:-1, max-image-preview:large, max-video-preview:-1\" \/>\n<link rel=\"canonical\" href=\"https:\/\/epe.vn\/az\/manufacturer\/cuon-xop-epe-nhieu-kich-thuoc\/\" \/>\n<meta property=\"og:locale\" content=\"az_AZ\" \/>\n<meta property=\"og:type\" content=\"article\" \/>\n<meta property=\"og:title\" content=\"Cu\u1ed9n x\u1ed1p EPE nhi\u1ec1u k\u00edch th\u01b0\u1edbc | Ch\u1ed1ng s\u1ed1c hi\u1ec7u qu\u1ea3 - Nh\u00e0 s\u1ea3n xu\u1ea5t b\u1ecdt Polyethylene m\u1edf r\u1ed9ng\" \/>\n<meta property=\"og:description\" content=\"Cu\u1ed9n x\u1ed1p EPE nhi\u1ec1u k\u00edch th\u01b0\u1edbc Dong Rui Vi\u1ec7t Nam b\u1ea3o v\u1ec7 s\u1ea3n ph\u1ea9m kh\u1ecfi va \u0111\u1eadp, ch\u1ed1ng s\u1ed1c, c\u00e1ch nhi\u1ec7t hi\u1ec7u qu\u1ea3, d\u1ec5 gia c\u00f4ng v\u00e0 th\u00e2n thi\u1ec7n v\u1edbi m\u00f4i tr\u01b0\u1eddng.\" \/>\n<meta property=\"og:url\" content=\"https:\/\/epe.vn\/az\/manufacturer\/cuon-xop-epe-nhieu-kich-thuoc\/\" \/>\n<meta property=\"og:site_name\" content=\"Nh\u00e0 s\u1ea3n xu\u1ea5t b\u1ecdt Polyethylene m\u1edf r\u1ed9ng\" \/>\n<meta property=\"article:modified_time\" content=\"2025-04-28T09:59:02+00:00\" \/>\n<meta property=\"og:image\" content=\"https:\/\/epe.vn\/wp-content\/uploads\/2025\/04\/cuon-xop-EPE-nhieu-kich-thuoc.webp\" \/>\n\t<meta property=\"og:image:width\" content=\"800\" \/>\n\t<meta property=\"og:image:height\" content=\"800\" \/>\n\t<meta property=\"og:image:type\" content=\"image\/webp\" \/>\n<meta name=\"twitter:card\" content=\"summary_large_image\" \/>\n<meta name=\"twitter:label1\" content=\"Est. reading time\" \/>\n\t<meta name=\"twitter:data1\" content=\"3 minutes\" \/>\n<script type=\"application\/ld+json\" class=\"yoast-schema-graph\">{\"@context\":\"https:\/\/schema.org\",\"@graph\":[{\"@type\":\"WebPage\",\"@id\":\"https:\/\/epe.vn\/manufacturer\/cuon-xop-epe-nhieu-kich-thuoc\/\",\"url\":\"https:\/\/epe.vn\/manufacturer\/cuon-xop-epe-nhieu-kich-thuoc\/\",\"name\":\"Cu\u1ed9n x\u1ed1p EPE nhi\u1ec1u k\u00edch th\u01b0\u1edbc | Ch\u1ed1ng s\u1ed1c hi\u1ec7u qu\u1ea3 - Nh\u00e0 s\u1ea3n xu\u1ea5t b\u1ecdt Polyethylene m\u1edf r\u1ed9ng\",\"isPartOf\":{\"@id\":\"https:\/\/epe.vn\/#website\"},\"primaryImageOfPage\":{\"@id\":\"https:\/\/epe.vn\/manufacturer\/cuon-xop-epe-nhieu-kich-thuoc\/#primaryimage\"},\"image\":{\"@id\":\"https:\/\/epe.vn\/manufacturer\/cuon-xop-epe-nhieu-kich-thuoc\/#primaryimage\"},\"thumbnailUrl\":\"https:\/\/epe.vn\/wp-content\/uploads\/2025\/04\/cuon-xop-EPE-nhieu-kich-thuoc.webp\",\"datePublished\":\"2025-04-28T09:57:37+00:00\",\"dateModified\":\"2025-04-28T09:59:02+00:00\",\"description\":\"Cu\u1ed9n x\u1ed1p EPE nhi\u1ec1u k\u00edch th\u01b0\u1edbc Dong Rui Vi\u1ec7t Nam b\u1ea3o v\u1ec7 s\u1ea3n ph\u1ea9m kh\u1ecfi va \u0111\u1eadp, ch\u1ed1ng s\u1ed1c, c\u00e1ch nhi\u1ec7t hi\u1ec7u qu\u1ea3, d\u1ec5 gia c\u00f4ng v\u00e0 th\u00e2n thi\u1ec7n v\u1edbi m\u00f4i tr\u01b0\u1eddng.\",\"breadcrumb\":{\"@id\":\"https:\/\/epe.vn\/manufacturer\/cuon-xop-epe-nhieu-kich-thuoc\/#breadcrumb\"},\"inLanguage\":\"az\",\"potentialAction\":[{\"@type\":\"ReadAction\",\"target\":[\"https:\/\/epe.vn\/manufacturer\/cuon-xop-epe-nhieu-kich-thuoc\/\"]}]},{\"@type\":\"ImageObject\",\"inLanguage\":\"az\",\"@id\":\"https:\/\/epe.vn\/manufacturer\/cuon-xop-epe-nhieu-kich-thuoc\/#primaryimage\",\"url\":\"https:\/\/epe.vn\/wp-content\/uploads\/2025\/04\/cuon-xop-EPE-nhieu-kich-thuoc.webp\",\"contentUrl\":\"https:\/\/epe.vn\/wp-content\/uploads\/2025\/04\/cuon-xop-EPE-nhieu-kich-thuoc.webp\",\"width\":800,\"height\":800,\"caption\":\"cuo\u0323\u0302n xo\u0302\u0301p EPE nhie\u0302\u0300u ki\u0301ch thu\u031bo\u031b\u0301c\"},{\"@type\":\"BreadcrumbList\",\"@id\":\"https:\/\/epe.vn\/manufacturer\/cuon-xop-epe-nhieu-kich-thuoc\/#breadcrumb\",\"itemListElement\":[{\"@type\":\"ListItem\",\"position\":1,\"name\":\"Home\",\"item\":\"https:\/\/epe.vn\/\"},{\"@type\":\"ListItem\",\"position\":2,\"name\":\"Shop\",\"item\":\"https:\/\/epe.vn\/shop\/\"},{\"@type\":\"ListItem\",\"position\":3,\"name\":\"Cu\u1ed9n x\u1ed1p EPE nhi\u1ec1u k\u00edch th\u01b0\u1edbc | Ch\u1ed1ng s\u1ed1c hi\u1ec7u qu\u1ea3\"}]},{\"@type\":\"WebSite\",\"@id\":\"https:\/\/epe.vn\/#website\",\"url\":\"https:\/\/epe.vn\/\",\"name\":\"Nh\u00e0 s\u1ea3n xu\u1ea5t b\u1ecdt Polyethylene m\u1edf r\u1ed9ng\",\"description\":\"Nh\u00e0 cung c\u1ea5p bao b\u00ec v\u1ec9 x\u1ed1p polyethylene m\u1edf r\u1ed9ng v\u00e0 t\u00fai PE\",\"potentialAction\":[{\"@type\":\"SearchAction\",\"target\":{\"@type\":\"EntryPoint\",\"urlTemplate\":\"https:\/\/epe.vn\/?s={search_term_string}\"},\"query-input\":{\"@type\":\"PropertyValueSpecification\",\"valueRequired\":true,\"valueName\":\"search_term_string\"}}],\"inLanguage\":\"az\"}]}<\/script>\n<!-- \/ Yoast SEO plugin. -->","yoast_head_json":{"title":"Cu\u1ed9n x\u1ed1p EPE nhi\u1ec1u k\u00edch th\u01b0\u1edbc | Ch\u1ed1ng s\u1ed1c hi\u1ec7u qu\u1ea3 - Nh\u00e0 s\u1ea3n xu\u1ea5t b\u1ecdt Polyethylene m\u1edf r\u1ed9ng","description":"Cu\u1ed9n x\u1ed1p EPE nhi\u1ec1u k\u00edch th\u01b0\u1edbc Dong Rui Vi\u1ec7t Nam b\u1ea3o v\u1ec7 s\u1ea3n ph\u1ea9m kh\u1ecfi va \u0111\u1eadp, ch\u1ed1ng s\u1ed1c, c\u00e1ch nhi\u1ec7t hi\u1ec7u qu\u1ea3, d\u1ec5 gia c\u00f4ng v\u00e0 th\u00e2n thi\u1ec7n v\u1edbi m\u00f4i tr\u01b0\u1eddng.","robots":{"index":"index","follow":"follow","max-snippet":"max-snippet:-1","max-image-preview":"max-image-preview:large","max-video-preview":"max-video-preview:-1"},"canonical":"https:\/\/epe.vn\/az\/manufacturer\/cuon-xop-epe-nhieu-kich-thuoc\/","og_locale":"az_AZ","og_type":"article","og_title":"Cu\u1ed9n x\u1ed1p EPE nhi\u1ec1u k\u00edch th\u01b0\u1edbc | Ch\u1ed1ng s\u1ed1c hi\u1ec7u qu\u1ea3 - Nh\u00e0 s\u1ea3n xu\u1ea5t b\u1ecdt Polyethylene m\u1edf r\u1ed9ng","og_description":"Cu\u1ed9n x\u1ed1p EPE nhi\u1ec1u k\u00edch th\u01b0\u1edbc Dong Rui Vi\u1ec7t Nam b\u1ea3o v\u1ec7 s\u1ea3n ph\u1ea9m kh\u1ecfi va \u0111\u1eadp, ch\u1ed1ng s\u1ed1c, c\u00e1ch nhi\u1ec7t hi\u1ec7u qu\u1ea3, d\u1ec5 gia c\u00f4ng v\u00e0 th\u00e2n thi\u1ec7n v\u1edbi m\u00f4i tr\u01b0\u1eddng.","og_url":"https:\/\/epe.vn\/az\/manufacturer\/cuon-xop-epe-nhieu-kich-thuoc\/","og_site_name":"Nh\u00e0 s\u1ea3n xu\u1ea5t b\u1ecdt Polyethylene m\u1edf r\u1ed9ng","article_modified_time":"2025-04-28T09:59:02+00:00","og_image":[{"width":800,"height":800,"url":"https:\/\/epe.vn\/wp-content\/uploads\/2025\/04\/cuon-xop-EPE-nhieu-kich-thuoc.webp","type":"image\/webp"}],"twitter_card":"summary_large_image","twitter_misc":{"Est. reading time":"3 minutes"},"schema":{"@context":"https:\/\/schema.org","@graph":[{"@type":"WebPage","@id":"https:\/\/epe.vn\/manufacturer\/cuon-xop-epe-nhieu-kich-thuoc\/","url":"https:\/\/epe.vn\/manufacturer\/cuon-xop-epe-nhieu-kich-thuoc\/","name":"Cu\u1ed9n x\u1ed1p EPE nhi\u1ec1u k\u00edch th\u01b0\u1edbc | Ch\u1ed1ng s\u1ed1c hi\u1ec7u qu\u1ea3 - Nh\u00e0 s\u1ea3n xu\u1ea5t b\u1ecdt Polyethylene m\u1edf r\u1ed9ng","isPartOf":{"@id":"https:\/\/epe.vn\/#website"},"primaryImageOfPage":{"@id":"https:\/\/epe.vn\/manufacturer\/cuon-xop-epe-nhieu-kich-thuoc\/#primaryimage"},"image":{"@id":"https:\/\/epe.vn\/manufacturer\/cuon-xop-epe-nhieu-kich-thuoc\/#primaryimage"},"thumbnailUrl":"https:\/\/epe.vn\/wp-content\/uploads\/2025\/04\/cuon-xop-EPE-nhieu-kich-thuoc.webp","datePublished":"2025-04-28T09:57:37+00:00","dateModified":"2025-04-28T09:59:02+00:00","description":"Cu\u1ed9n x\u1ed1p EPE nhi\u1ec1u k\u00edch th\u01b0\u1edbc Dong Rui Vi\u1ec7t Nam b\u1ea3o v\u1ec7 s\u1ea3n ph\u1ea9m kh\u1ecfi va \u0111\u1eadp, ch\u1ed1ng s\u1ed1c, c\u00e1ch nhi\u1ec7t hi\u1ec7u qu\u1ea3, d\u1ec5 gia c\u00f4ng v\u00e0 th\u00e2n thi\u1ec7n v\u1edbi m\u00f4i tr\u01b0\u1eddng.","breadcrumb":{"@id":"https:\/\/epe.vn\/manufacturer\/cuon-xop-epe-nhieu-kich-thuoc\/#breadcrumb"},"inLanguage":"az","potentialAction":[{"@type":"ReadAction","target":["https:\/\/epe.vn\/manufacturer\/cuon-xop-epe-nhieu-kich-thuoc\/"]}]},{"@type":"ImageObject","inLanguage":"az","@id":"https:\/\/epe.vn\/manufacturer\/cuon-xop-epe-nhieu-kich-thuoc\/#primaryimage","url":"https:\/\/epe.vn\/wp-content\/uploads\/2025\/04\/cuon-xop-EPE-nhieu-kich-thuoc.webp","contentUrl":"https:\/\/epe.vn\/wp-content\/uploads\/2025\/04\/cuon-xop-EPE-nhieu-kich-thuoc.webp","width":800,"height":800,"caption":"cuo\u0323\u0302n xo\u0302\u0301p EPE nhie\u0302\u0300u ki\u0301ch thu\u031bo\u031b\u0301c"},{"@type":"BreadcrumbList","@id":"https:\/\/epe.vn\/manufacturer\/cuon-xop-epe-nhieu-kich-thuoc\/#breadcrumb","itemListElement":[{"@type":"ListItem","position":1,"name":"Home","item":"https:\/\/epe.vn\/"},{"@type":"ListItem","position":2,"name":"Shop","item":"https:\/\/epe.vn\/shop\/"},{"@type":"ListItem","position":3,"name":"Cu\u1ed9n x\u1ed1p EPE nhi\u1ec1u k\u00edch th\u01b0\u1edbc | Ch\u1ed1ng s\u1ed1c hi\u1ec7u qu\u1ea3"}]},{"@type":"WebSite","@id":"https:\/\/epe.vn\/#website","url":"https:\/\/epe.vn\/","name":"Nh\u00e0 s\u1ea3n xu\u1ea5t b\u1ecdt Polyethylene m\u1edf r\u1ed9ng","description":"Nh\u00e0 cung c\u1ea5p bao b\u00ec v\u1ec9 x\u1ed1p polyethylene m\u1edf r\u1ed9ng v\u00e0 t\u00fai PE","potentialAction":[{"@type":"SearchAction","target":{"@type":"EntryPoint","urlTemplate":"https:\/\/epe.vn\/?s={search_term_string}"},"query-input":{"@type":"PropertyValueSpecification","valueRequired":true,"valueName":"search_term_string"}}],"inLanguage":"az"}]}},"_links":{"self":[{"href":"https:\/\/epe.vn\/az\/wp-json\/wp\/v2\/product\/1996","targetHints":{"allow":["GET"]}}],"collection":[{"href":"https:\/\/epe.vn\/az\/wp-json\/wp\/v2\/product"}],"about":[{"href":"https:\/\/epe.vn\/az\/wp-json\/wp\/v2\/types\/product"}],"replies":[{"embeddable":true,"href":"https:\/\/epe.vn\/az\/wp-json\/wp\/v2\/comments?post=1996"}],"wp:featuredmedia":[{"embeddable":true,"href":"https:\/\/epe.vn\/az\/wp-json\/wp\/v2\/media\/1997"}],"wp:attachment":[{"href":"https:\/\/epe.vn\/az\/wp-json\/wp\/v2\/media?parent=1996"}],"wp:term":[{"taxonomy":"product_cat","embeddable":true,"href":"https:\/\/epe.vn\/az\/wp-json\/wp\/v2\/product_cat?post=1996"},{"taxonomy":"product_tag","embeddable":true,"href":"https:\/\/epe.vn\/az\/wp-json\/wp\/v2\/product_tag?post=1996"}],"curies":[{"name":"wp","href":"https:\/\/api.w.org\/{rel}","templated":true}]}}