{"id":2365,"date":"2025-05-15T15:36:27","date_gmt":"2025-05-15T08:36:27","guid":{"rendered":"https:\/\/epe.vn\/?post_type=product&#038;p=2365"},"modified":"2025-05-15T15:36:27","modified_gmt":"2025-05-15T08:36:27","slug":"tui-xop-epe-bac-giu-nhiet-chong-soc","status":"publish","type":"product","link":"https:\/\/epe.vn\/az\/manufacturer\/tui-xop-epe-bac-giu-nhiet-chong-soc\/","title":{"rendered":"T\u00fai x\u1ed1p EPE b\u1ea1c gi\u1eef nhi\u1ec7t, ch\u1ed1ng s\u1ed1c | Tu\u1ef3 ch\u1ec9nh k\u00edch c\u1ee1"},"content":{"rendered":"<h2><span style=\"font-weight: 400;\">Th\u00f4ng tin s\u1ea3n ph\u1ea9m:<\/span><\/h2>\n<table>\n<tbody>\n<tr>\n<td><b>Thu\u1ed9c t\u00ednh<\/b><\/td>\n<td><b>Th\u00f4ng tin chi ti\u1ebft<\/b><\/td>\n<\/tr>\n<tr>\n<td><b>M\u0259hsulun ad\u0131<\/b><\/td>\n<td><span style=\"font-weight: 400;\">T\u00fai x\u1ed1p EPE b\u1ea1c gi\u1eef nhi\u1ec7t, ch\u1ed1ng s\u1ed1c<\/span><\/td>\n<\/tr>\n<tr>\n<td><b>Material<\/b><\/td>\n<td><span style=\"font-weight: 400;\">X\u1ed1p EPE c\u00e1n m\u00e0ng b\u1ea1c nh\u00f4m<\/span><\/td>\n<\/tr>\n<tr>\n<td><b>Ki\u1ec3u d\u00e1ng<\/b><\/td>\n<td><span style=\"font-weight: 400;\">T\u00fai h\u00e0n m\u00e9p 2-3 c\u1ea1nh, \u0111\u00e1y x\u1ebfp ho\u1eb7c kh\u00f4ng x\u1ebfp \u0111\u00e1y<\/span><\/td>\n<\/tr>\n<tr>\n<td><b>R\u0259ng<\/b><\/td>\n<td><span style=\"font-weight: 400;\">B\u00ean ngo\u00e0i b\u1ea1c \u00e1nh kim, b\u00ean trong tr\u1eafng<\/span><\/td>\n<\/tr>\n<tr>\n<td><b>K\u00edch th\u01b0\u1edbc ph\u1ed5 bi\u1ebfn<\/b><\/td>\n<td><span style=\"font-weight: 400;\">20x30cm, 25x35cm, 30x40cm,\u2026 ho\u1eb7c theo y\u00eau c\u1ea7u<\/span><\/td>\n<\/tr>\n<tr>\n<td><b>\u0110\u1ed9 d\u00e0y<\/b><\/td>\n<td><span style=\"font-weight: 400;\">2mm \u2013 10mm<\/span><\/td>\n<\/tr>\n<tr>\n<td><b>Kh\u1ea3 n\u0103ng t\u00e1i ch\u1ebf<\/b><\/td>\n<td><span style=\"font-weight: 400;\">C\u00f3<\/span><\/td>\n<\/tr>\n<tr>\n<td><b>\u0110\u00f3ng g\u00f3i<\/b><\/td>\n<td><span style=\"font-weight: 400;\">Bao s\u1ed1 l\u01b0\u1ee3ng l\u1edbn (100 \u2013 500 t\u00fai\/bao)<\/span><\/td>\n<\/tr>\n<tr>\n<td><b>\u1ee8ng d\u1ee5ng<\/b><\/td>\n<td><span style=\"font-weight: 400;\">\u0110\u1ef1ng th\u1ef1c ph\u1ea9m, thu\u1ed1c, \u0111\u1ed3 \u0111i\u1ec7n t\u1eed, linh ki\u1ec7n, h\u00e0ng d\u1ec5 v\u1ee1,&#8230;<\/span><\/td>\n<\/tr>\n<\/tbody>\n<\/table>\n<h2><span style=\"font-weight: 400;\">Ch\u1ee9c n\u0103ng c\u1ee7a t\u00fai x\u1ed1p EPE b\u1ea1c gi\u1eef nhi\u1ec7t:<\/span><\/h2>\n<ul>\n<li style=\"font-weight: 400;\" aria-level=\"1\"><b>Gi\u1eef nhi\u1ec7t:<\/b><span style=\"font-weight: 400;\"> Nh\u1edd l\u1edbp m\u00e0ng b\u1ea1c gi\u00fap c\u00e1ch nhi\u1ec7t t\u1ea1m th\u1eddi, gi\u1eef nhi\u1ec7t \u0111\u1ed9 b\u00ean trong \u1ed5n \u0111\u1ecbnh.<\/span><\/li>\n<li style=\"font-weight: 400;\" aria-level=\"1\"><b>Ch\u1ed1ng s\u1ed1c:<\/b><span style=\"font-weight: 400;\"> X\u1ed1p EPE \u0111\u00e0n h\u1ed3i t\u1ed1t, h\u1ea5p th\u1ee5 l\u1ef1c va \u0111\u1eadp trong qu\u00e1 tr\u00ecnh v\u1eadn chuy\u1ec3n.<\/span><\/li>\n<li style=\"font-weight: 400;\" aria-level=\"1\"><b>Ch\u1ed1ng th\u1ea5m n\u01b0\u1edbc, b\u1ee5i:<\/b><span style=\"font-weight: 400;\"> L\u1edbp b\u1ea1c b\u00ean ngo\u00e0i gi\u00fap ch\u1ed1ng \u1ea9m, b\u1ee5i hi\u1ec7u qu\u1ea3.<\/span><\/li>\n<\/ul>\n<h2><span style=\"font-weight: 400;\">\u01afu \u0111i\u1ec3m n\u1ed5i b\u1eadt:<\/span><\/h2>\n<ul>\n<li style=\"font-weight: 400;\" aria-level=\"1\"><span style=\"font-weight: 400;\">Nh\u1eb9, ti\u1ec7n l\u1ee3i, d\u1ec5 v\u1eadn chuy\u1ec3n.<\/span><\/li>\n<li style=\"font-weight: 400;\" aria-level=\"1\"><span style=\"font-weight: 400;\">B\u1ea3o v\u1ec7 s\u1ea3n ph\u1ea9m hi\u1ec7u qu\u1ea3 c\u1ea3 v\u1ec1 nhi\u1ec7t \u0111\u1ed9 v\u00e0 ngo\u1ea1i l\u1ef1c.<\/span><\/li>\n<li style=\"font-weight: 400;\" aria-level=\"1\"><span style=\"font-weight: 400;\">D\u1ec5 s\u1eed d\u1ee5ng, \u0111\u00f3ng m\u1edf nhanh ch\u00f3ng.<\/span><\/li>\n<li style=\"font-weight: 400;\" aria-level=\"1\"><span style=\"font-weight: 400;\">C\u00f3 th\u1ec3 s\u1ea3n xu\u1ea5t theo k\u00edch th\u01b0\u1edbc y\u00eau c\u1ea7u.<\/span><\/li>\n<li style=\"font-weight: 400;\" aria-level=\"1\">Th\u00e2n thi\u1ec7n m\u00f4i tr\u01b0\u1eddng, t\u00e1i s\u1eed d\u1ee5ng \u0111\u01b0\u1ee3c.<\/li>\n<\/ul>","protected":false},"excerpt":{"rendered":"<p><b>T\u00fai x\u1ed1p EPE b\u1ea1c gi\u1eef nhi\u1ec7t, ch\u1ed1ng s\u1ed1c<\/b><span style=\"font-weight: 400;\"> l\u00e0 gi\u1ea3i ph\u00e1p \u0111\u00f3ng g\u00f3i l\u00fd t\u01b0\u1edfng d\u00e0nh cho c\u00e1c s\u1ea3n ph\u1ea9m c\u1ea7n b\u1ea3o v\u1ec7 k\u00e9p: ch\u1ed1ng va \u0111\u1eadp v\u00e0 c\u00e1ch nhi\u1ec7t. V\u1edbi l\u1edbp x\u1ed1p EPE m\u1ec1m b\u00ean trong v\u00e0 m\u00e0ng b\u1ea1c ph\u1ea3n quang b\u00ean ngo\u00e0i, s\u1ea3n ph\u1ea9m \u0111\u1ea3m b\u1ea3o duy tr\u00ec nhi\u1ec7t \u0111\u1ed9 t\u01b0\u01a1ng \u0111\u1ed1i v\u00e0 ng\u0103n ng\u1eeba h\u01b0 h\u1ea1i do va \u0111\u1eadp trong qu\u00e1 tr\u00ecnh v\u1eadn chuy\u1ec3n. Ph\u00f9 h\u1ee3p cho ng\u00e0nh th\u1ef1c ph\u1ea9m, d\u01b0\u1ee3c ph\u1ea9m, \u0111i\u1ec7n t\u1eed v\u00e0 logistic th\u01b0\u01a1ng m\u1ea1i \u0111i\u1ec7n t\u1eed.<\/span><\/p>","protected":false},"featured_media":2366,"comment_status":"open","ping_status":"closed","template":"","meta":[],"product_cat":[15],"product_tag":[48,56,52],"class_list":{"0":"post-2365","1":"product","2":"type-product","3":"status-publish","4":"has-post-thumbnail","6":"product_cat-bot-pe-tuy-chinh","7":"product_tag-epe-foam","8":"product_tag-tui-xop-epe","9":"product_tag-xop-epe","11":"first","12":"instock","13":"shipping-taxable","14":"product-type-simple"},"yoast_head":"<!-- This site is optimized with the Yoast SEO plugin v23.4 - https:\/\/yoast.com\/wordpress\/plugins\/seo\/ -->\n<title>T\u00fai x\u1ed1p EPE b\u1ea1c gi\u1eef nhi\u1ec7t, ch\u1ed1ng s\u1ed1c | Tu\u1ef3 ch\u1ec9nh k\u00edch c\u1ee1 - Nh\u00e0 s\u1ea3n xu\u1ea5t b\u1ecdt Polyethylene m\u1edf r\u1ed9ng<\/title>\n<meta name=\"description\" content=\"T\u00fai x\u1ed1p EPE b\u1ea1c gi\u1eef nhi\u1ec7t, ch\u1ed1ng s\u1ed1c \u2013 b\u1ea3o v\u1ec7 t\u1ed1i \u01b0u cho th\u1ef1c ph\u1ea9m, \u0111\u1ed3 \u0111i\u1ec7n t\u1eed. C\u00e1ch nhi\u1ec7t t\u1ea1m th\u1eddi, ch\u1ed1ng va \u0111\u1eadp v\u00e0 d\u1ec5 s\u1eed d\u1ee5ng.\" \/>\n<meta name=\"robots\" content=\"index, follow, max-snippet:-1, max-image-preview:large, max-video-preview:-1\" \/>\n<link rel=\"canonical\" href=\"https:\/\/epe.vn\/az\/manufacturer\/tui-xop-epe-bac-giu-nhiet-chong-soc\/\" \/>\n<meta property=\"og:locale\" content=\"az_AZ\" \/>\n<meta property=\"og:type\" content=\"article\" \/>\n<meta property=\"og:title\" content=\"T\u00fai x\u1ed1p EPE b\u1ea1c gi\u1eef nhi\u1ec7t, ch\u1ed1ng s\u1ed1c | Tu\u1ef3 ch\u1ec9nh k\u00edch c\u1ee1 - Nh\u00e0 s\u1ea3n xu\u1ea5t b\u1ecdt Polyethylene m\u1edf r\u1ed9ng\" \/>\n<meta property=\"og:description\" content=\"T\u00fai x\u1ed1p EPE b\u1ea1c gi\u1eef nhi\u1ec7t, ch\u1ed1ng s\u1ed1c \u2013 b\u1ea3o v\u1ec7 t\u1ed1i \u01b0u cho th\u1ef1c ph\u1ea9m, \u0111\u1ed3 \u0111i\u1ec7n t\u1eed. C\u00e1ch nhi\u1ec7t t\u1ea1m th\u1eddi, ch\u1ed1ng va \u0111\u1eadp v\u00e0 d\u1ec5 s\u1eed d\u1ee5ng.\" \/>\n<meta property=\"og:url\" content=\"https:\/\/epe.vn\/az\/manufacturer\/tui-xop-epe-bac-giu-nhiet-chong-soc\/\" \/>\n<meta property=\"og:site_name\" content=\"Nh\u00e0 s\u1ea3n xu\u1ea5t b\u1ecdt Polyethylene m\u1edf r\u1ed9ng\" \/>\n<meta property=\"og:image\" content=\"https:\/\/epe.vn\/wp-content\/uploads\/2025\/05\/Tui-xop-EPE-bac-giu-nhiet-chong-soc.png\" \/>\n\t<meta property=\"og:image:width\" content=\"800\" \/>\n\t<meta property=\"og:image:height\" content=\"800\" \/>\n\t<meta property=\"og:image:type\" content=\"image\/png\" \/>\n<meta name=\"twitter:card\" content=\"summary_large_image\" \/>\n<meta name=\"twitter:label1\" content=\"Est. reading time\" \/>\n\t<meta name=\"twitter:data1\" content=\"2 minutes\" \/>\n<script type=\"application\/ld+json\" class=\"yoast-schema-graph\">{\"@context\":\"https:\/\/schema.org\",\"@graph\":[{\"@type\":\"WebPage\",\"@id\":\"https:\/\/epe.vn\/manufacturer\/tui-xop-epe-bac-giu-nhiet-chong-soc\/\",\"url\":\"https:\/\/epe.vn\/manufacturer\/tui-xop-epe-bac-giu-nhiet-chong-soc\/\",\"name\":\"T\u00fai x\u1ed1p EPE b\u1ea1c gi\u1eef nhi\u1ec7t, ch\u1ed1ng s\u1ed1c | Tu\u1ef3 ch\u1ec9nh k\u00edch c\u1ee1 - Nh\u00e0 s\u1ea3n xu\u1ea5t b\u1ecdt Polyethylene m\u1edf r\u1ed9ng\",\"isPartOf\":{\"@id\":\"https:\/\/epe.vn\/#website\"},\"primaryImageOfPage\":{\"@id\":\"https:\/\/epe.vn\/manufacturer\/tui-xop-epe-bac-giu-nhiet-chong-soc\/#primaryimage\"},\"image\":{\"@id\":\"https:\/\/epe.vn\/manufacturer\/tui-xop-epe-bac-giu-nhiet-chong-soc\/#primaryimage\"},\"thumbnailUrl\":\"https:\/\/epe.vn\/wp-content\/uploads\/2025\/05\/Tui-xop-EPE-bac-giu-nhiet-chong-soc.png\",\"datePublished\":\"2025-05-15T08:36:27+00:00\",\"dateModified\":\"2025-05-15T08:36:27+00:00\",\"description\":\"T\u00fai x\u1ed1p EPE b\u1ea1c gi\u1eef nhi\u1ec7t, ch\u1ed1ng s\u1ed1c \u2013 b\u1ea3o v\u1ec7 t\u1ed1i \u01b0u cho th\u1ef1c ph\u1ea9m, \u0111\u1ed3 \u0111i\u1ec7n t\u1eed. C\u00e1ch nhi\u1ec7t t\u1ea1m th\u1eddi, ch\u1ed1ng va \u0111\u1eadp v\u00e0 d\u1ec5 s\u1eed d\u1ee5ng.\",\"breadcrumb\":{\"@id\":\"https:\/\/epe.vn\/manufacturer\/tui-xop-epe-bac-giu-nhiet-chong-soc\/#breadcrumb\"},\"inLanguage\":\"az\",\"potentialAction\":[{\"@type\":\"ReadAction\",\"target\":[\"https:\/\/epe.vn\/manufacturer\/tui-xop-epe-bac-giu-nhiet-chong-soc\/\"]}]},{\"@type\":\"ImageObject\",\"inLanguage\":\"az\",\"@id\":\"https:\/\/epe.vn\/manufacturer\/tui-xop-epe-bac-giu-nhiet-chong-soc\/#primaryimage\",\"url\":\"https:\/\/epe.vn\/wp-content\/uploads\/2025\/05\/Tui-xop-EPE-bac-giu-nhiet-chong-soc.png\",\"contentUrl\":\"https:\/\/epe.vn\/wp-content\/uploads\/2025\/05\/Tui-xop-EPE-bac-giu-nhiet-chong-soc.png\",\"width\":800,\"height\":800,\"caption\":\"Tu\u0301i xo\u0302\u0301p EPE ba\u0323c giu\u031b\u0303 nhie\u0323\u0302t , cho\u0302\u0301ng so\u0302\u0301c\"},{\"@type\":\"BreadcrumbList\",\"@id\":\"https:\/\/epe.vn\/manufacturer\/tui-xop-epe-bac-giu-nhiet-chong-soc\/#breadcrumb\",\"itemListElement\":[{\"@type\":\"ListItem\",\"position\":1,\"name\":\"Home\",\"item\":\"https:\/\/epe.vn\/\"},{\"@type\":\"ListItem\",\"position\":2,\"name\":\"Shop\",\"item\":\"https:\/\/epe.vn\/shop\/\"},{\"@type\":\"ListItem\",\"position\":3,\"name\":\"T\u00fai x\u1ed1p EPE b\u1ea1c gi\u1eef nhi\u1ec7t, ch\u1ed1ng s\u1ed1c | Tu\u1ef3 ch\u1ec9nh k\u00edch c\u1ee1\"}]},{\"@type\":\"WebSite\",\"@id\":\"https:\/\/epe.vn\/#website\",\"url\":\"https:\/\/epe.vn\/\",\"name\":\"Nh\u00e0 s\u1ea3n xu\u1ea5t b\u1ecdt Polyethylene m\u1edf r\u1ed9ng\",\"description\":\"Nh\u00e0 cung c\u1ea5p bao b\u00ec v\u1ec9 x\u1ed1p polyethylene m\u1edf r\u1ed9ng v\u00e0 t\u00fai PE\",\"potentialAction\":[{\"@type\":\"SearchAction\",\"target\":{\"@type\":\"EntryPoint\",\"urlTemplate\":\"https:\/\/epe.vn\/?s={search_term_string}\"},\"query-input\":{\"@type\":\"PropertyValueSpecification\",\"valueRequired\":true,\"valueName\":\"search_term_string\"}}],\"inLanguage\":\"az\"}]}<\/script>\n<!-- \/ Yoast SEO plugin. -->","yoast_head_json":{"title":"T\u00fai x\u1ed1p EPE b\u1ea1c gi\u1eef nhi\u1ec7t, ch\u1ed1ng s\u1ed1c | Tu\u1ef3 ch\u1ec9nh k\u00edch c\u1ee1 - Nh\u00e0 s\u1ea3n xu\u1ea5t b\u1ecdt Polyethylene m\u1edf r\u1ed9ng","description":"T\u00fai x\u1ed1p EPE b\u1ea1c gi\u1eef nhi\u1ec7t, ch\u1ed1ng s\u1ed1c \u2013 b\u1ea3o v\u1ec7 t\u1ed1i \u01b0u cho th\u1ef1c ph\u1ea9m, \u0111\u1ed3 \u0111i\u1ec7n t\u1eed. C\u00e1ch nhi\u1ec7t t\u1ea1m th\u1eddi, ch\u1ed1ng va \u0111\u1eadp v\u00e0 d\u1ec5 s\u1eed d\u1ee5ng.","robots":{"index":"index","follow":"follow","max-snippet":"max-snippet:-1","max-image-preview":"max-image-preview:large","max-video-preview":"max-video-preview:-1"},"canonical":"https:\/\/epe.vn\/az\/manufacturer\/tui-xop-epe-bac-giu-nhiet-chong-soc\/","og_locale":"az_AZ","og_type":"article","og_title":"T\u00fai x\u1ed1p EPE b\u1ea1c gi\u1eef nhi\u1ec7t, ch\u1ed1ng s\u1ed1c | Tu\u1ef3 ch\u1ec9nh k\u00edch c\u1ee1 - Nh\u00e0 s\u1ea3n xu\u1ea5t b\u1ecdt Polyethylene m\u1edf r\u1ed9ng","og_description":"T\u00fai x\u1ed1p EPE b\u1ea1c gi\u1eef nhi\u1ec7t, ch\u1ed1ng s\u1ed1c \u2013 b\u1ea3o v\u1ec7 t\u1ed1i \u01b0u cho th\u1ef1c ph\u1ea9m, \u0111\u1ed3 \u0111i\u1ec7n t\u1eed. C\u00e1ch nhi\u1ec7t t\u1ea1m th\u1eddi, ch\u1ed1ng va \u0111\u1eadp v\u00e0 d\u1ec5 s\u1eed d\u1ee5ng.","og_url":"https:\/\/epe.vn\/az\/manufacturer\/tui-xop-epe-bac-giu-nhiet-chong-soc\/","og_site_name":"Nh\u00e0 s\u1ea3n xu\u1ea5t b\u1ecdt Polyethylene m\u1edf r\u1ed9ng","og_image":[{"width":800,"height":800,"url":"https:\/\/epe.vn\/wp-content\/uploads\/2025\/05\/Tui-xop-EPE-bac-giu-nhiet-chong-soc.png","type":"image\/png"}],"twitter_card":"summary_large_image","twitter_misc":{"Est. reading time":"2 minutes"},"schema":{"@context":"https:\/\/schema.org","@graph":[{"@type":"WebPage","@id":"https:\/\/epe.vn\/manufacturer\/tui-xop-epe-bac-giu-nhiet-chong-soc\/","url":"https:\/\/epe.vn\/manufacturer\/tui-xop-epe-bac-giu-nhiet-chong-soc\/","name":"T\u00fai x\u1ed1p EPE b\u1ea1c gi\u1eef nhi\u1ec7t, ch\u1ed1ng s\u1ed1c | Tu\u1ef3 ch\u1ec9nh k\u00edch c\u1ee1 - Nh\u00e0 s\u1ea3n xu\u1ea5t b\u1ecdt Polyethylene m\u1edf r\u1ed9ng","isPartOf":{"@id":"https:\/\/epe.vn\/#website"},"primaryImageOfPage":{"@id":"https:\/\/epe.vn\/manufacturer\/tui-xop-epe-bac-giu-nhiet-chong-soc\/#primaryimage"},"image":{"@id":"https:\/\/epe.vn\/manufacturer\/tui-xop-epe-bac-giu-nhiet-chong-soc\/#primaryimage"},"thumbnailUrl":"https:\/\/epe.vn\/wp-content\/uploads\/2025\/05\/Tui-xop-EPE-bac-giu-nhiet-chong-soc.png","datePublished":"2025-05-15T08:36:27+00:00","dateModified":"2025-05-15T08:36:27+00:00","description":"T\u00fai x\u1ed1p EPE b\u1ea1c gi\u1eef nhi\u1ec7t, ch\u1ed1ng s\u1ed1c \u2013 b\u1ea3o v\u1ec7 t\u1ed1i \u01b0u cho th\u1ef1c ph\u1ea9m, \u0111\u1ed3 \u0111i\u1ec7n t\u1eed. C\u00e1ch nhi\u1ec7t t\u1ea1m th\u1eddi, ch\u1ed1ng va \u0111\u1eadp v\u00e0 d\u1ec5 s\u1eed d\u1ee5ng.","breadcrumb":{"@id":"https:\/\/epe.vn\/manufacturer\/tui-xop-epe-bac-giu-nhiet-chong-soc\/#breadcrumb"},"inLanguage":"az","potentialAction":[{"@type":"ReadAction","target":["https:\/\/epe.vn\/manufacturer\/tui-xop-epe-bac-giu-nhiet-chong-soc\/"]}]},{"@type":"ImageObject","inLanguage":"az","@id":"https:\/\/epe.vn\/manufacturer\/tui-xop-epe-bac-giu-nhiet-chong-soc\/#primaryimage","url":"https:\/\/epe.vn\/wp-content\/uploads\/2025\/05\/Tui-xop-EPE-bac-giu-nhiet-chong-soc.png","contentUrl":"https:\/\/epe.vn\/wp-content\/uploads\/2025\/05\/Tui-xop-EPE-bac-giu-nhiet-chong-soc.png","width":800,"height":800,"caption":"Tu\u0301i xo\u0302\u0301p EPE ba\u0323c giu\u031b\u0303 nhie\u0323\u0302t , cho\u0302\u0301ng so\u0302\u0301c"},{"@type":"BreadcrumbList","@id":"https:\/\/epe.vn\/manufacturer\/tui-xop-epe-bac-giu-nhiet-chong-soc\/#breadcrumb","itemListElement":[{"@type":"ListItem","position":1,"name":"Home","item":"https:\/\/epe.vn\/"},{"@type":"ListItem","position":2,"name":"Shop","item":"https:\/\/epe.vn\/shop\/"},{"@type":"ListItem","position":3,"name":"T\u00fai x\u1ed1p EPE b\u1ea1c gi\u1eef nhi\u1ec7t, ch\u1ed1ng s\u1ed1c | Tu\u1ef3 ch\u1ec9nh k\u00edch c\u1ee1"}]},{"@type":"WebSite","@id":"https:\/\/epe.vn\/#website","url":"https:\/\/epe.vn\/","name":"Nh\u00e0 s\u1ea3n xu\u1ea5t b\u1ecdt Polyethylene m\u1edf r\u1ed9ng","description":"Nh\u00e0 cung c\u1ea5p bao b\u00ec v\u1ec9 x\u1ed1p polyethylene m\u1edf r\u1ed9ng v\u00e0 t\u00fai PE","potentialAction":[{"@type":"SearchAction","target":{"@type":"EntryPoint","urlTemplate":"https:\/\/epe.vn\/?s={search_term_string}"},"query-input":{"@type":"PropertyValueSpecification","valueRequired":true,"valueName":"search_term_string"}}],"inLanguage":"az"}]}},"_links":{"self":[{"href":"https:\/\/epe.vn\/az\/wp-json\/wp\/v2\/product\/2365","targetHints":{"allow":["GET"]}}],"collection":[{"href":"https:\/\/epe.vn\/az\/wp-json\/wp\/v2\/product"}],"about":[{"href":"https:\/\/epe.vn\/az\/wp-json\/wp\/v2\/types\/product"}],"replies":[{"embeddable":true,"href":"https:\/\/epe.vn\/az\/wp-json\/wp\/v2\/comments?post=2365"}],"wp:featuredmedia":[{"embeddable":true,"href":"https:\/\/epe.vn\/az\/wp-json\/wp\/v2\/media\/2366"}],"wp:attachment":[{"href":"https:\/\/epe.vn\/az\/wp-json\/wp\/v2\/media?parent=2365"}],"wp:term":[{"taxonomy":"product_cat","embeddable":true,"href":"https:\/\/epe.vn\/az\/wp-json\/wp\/v2\/product_cat?post=2365"},{"taxonomy":"product_tag","embeddable":true,"href":"https:\/\/epe.vn\/az\/wp-json\/wp\/v2\/product_tag?post=2365"}],"curies":[{"name":"wp","href":"https:\/\/api.w.org\/{rel}","templated":true}]}}