{"id":1773,"date":"2025-02-13T14:33:22","date_gmt":"2025-02-13T07:33:22","guid":{"rendered":"https:\/\/epe.vn\/?post_type=product&#038;p=1773"},"modified":"2025-02-13T14:50:52","modified_gmt":"2025-02-13T07:50:52","slug":"do-ni-dong-giay-tam-mut-xop-day-10cm-gia-tam-mop-xop","status":"publish","type":"product","link":"https:\/\/epe.vn\/be\/manufacturer\/do-ni-dong-giay-tam-mut-xop-day-10cm-gia-tam-mop-xop\/","title":{"rendered":"\u0410\u0431\u0443\u0442\u0430\u043a \u0437 \u043f\u0435\u043d\u0430\u043f\u043b\u0430\u0441\u0442\u0443 \u043d\u0430 \u0437\u0430\u043a\u0430\u0437 10 \u0441\u043c | \u041a\u043e\u0448\u0442 \u043b\u0456\u0441\u0442\u043e\u045e \u043f\u0435\u043d\u0430\u043f\u043e\u043b\u0456\u0441\u0442\u044b\u0440\u043e\u043b"},"content":{"rendered":"<h2>\u0410\u043f\u0456\u0441\u0430\u043d\u043d\u0435 \u043f\u0440\u0430\u0434\u0443\u043a\u0442\u0443<\/h2>\n<table style=\"border-collapse: collapse; width: 499.52pt;\" border=\"0\" width=\"666\" cellspacing=\"0\" cellpadding=\"0\">\n<tbody>\n<tr style=\"height: 15.00pt;\">\n<td class=\"et3\" style=\"height: 15.00pt; width: 174.75pt;\" width=\"233\" height=\"20\"><strong>\u041d\u0430\u0437\u0432\u0430 \u043f\u0440\u0430\u0434\u0443\u043a\u0442\u0443<\/strong><\/td>\n<td class=\"et3\" style=\"width: 324.75pt;\" width=\"433\">\u0410\u0431\u0443\u0442\u0430\u043a \u0437 \u043f\u0435\u043d\u0430\u043f\u043b\u0430\u0441\u0442\u0443 \u043d\u0430 \u0437\u0430\u043a\u0430\u0437 10 \u0441\u043c | \u041a\u043e\u0448\u0442 \u043b\u0456\u0441\u0442\u043e\u045e \u043f\u0435\u043d\u0430\u043f\u043e\u043b\u0456\u0441\u0442\u044b\u0440\u043e\u043b<\/td>\n<\/tr>\n<tr style=\"height: 15.00pt;\">\n<td class=\"et3\" style=\"height: 15.00pt;\" height=\"20\"><strong>\u041a\u043e\u043b\u0435\u0440<\/strong><\/td>\n<td class=\"et3\">\u0411\u0435\u043b\u044b, \u0447\u043e\u0440\u043d\u044b, \u0440\u0443\u0436\u043e\u0432\u044b \u0456 \u0433.\u0434.<\/td>\n<\/tr>\n<tr style=\"height: 15.00pt;\">\n<td class=\"et3\" style=\"height: 15.00pt;\" height=\"20\"><strong>\u041c\u0430\u0442\u044d\u0440\u044b\u044f\u043b<\/strong><\/td>\n<td class=\"et3\">\u043f\u0435\u043d\u0430\u043f\u043b\u0430\u0441\u0442 EPE<\/td>\n<\/tr>\n<tr style=\"height: 15.00pt;\">\n<td class=\"et3\" style=\"height: 15.00pt;\" height=\"20\"><strong>\u0410\u0441\u0430\u0431\u043b\u0456\u0432\u0430\u0441\u0446\u0456<\/strong><\/td>\n<td class=\"et3\">\u041c\u044f\u043a\u043a\u0456, \u0448\u043c\u0430\u0442\u0440\u0430\u0437\u043e\u0432\u044b, \u0432\u043e\u0434\u0430\u043d\u0435\u043f\u0440\u0430\u043d\u0456\u043a\u0430\u043b\u044c\u043d\u044b, \u0443\u0441\u0442\u043e\u0439\u043b\u0456\u0432\u044b \u0434\u0430 \u0443\u043b\u044c\u0442\u0440\u0430\u0444\u0456\u044f\u043b\u0435\u0442\u0443 \u0456 \u0433.\u0434.<\/td>\n<\/tr>\n<tr style=\"height: 15.00pt;\">\n<td class=\"et3\" style=\"height: 15.00pt;\" height=\"20\"><strong>\u041f\u0430\u043c\u0435\u0440<\/strong><\/td>\n<td class=\"et3\">\u041b\u044e\u0431\u044b \u043f\u0430\u043c\u0435\u0440, \u043d\u0430 \u0437\u0430\u043a\u0430\u0437<\/td>\n<\/tr>\n<tr style=\"height: 15.00pt;\">\n<td class=\"et3\" style=\"height: 15.00pt;\" height=\"20\"><strong>MOQ<\/strong><\/td>\n<td class=\"et3\">1 \u043a\u0443\u0431\u0456\u0447\u043d\u044b \u043c\u0435\u0442\u0440<\/td>\n<\/tr>\n<tr style=\"height: 15.00pt;\">\n<td class=\"et3\" style=\"height: 15.00pt;\" height=\"20\"><strong>\u0414\u0440\u0443\u043a \u043b\u0430\u0433\u0430\u0442\u044b\u043f\u0430<\/strong><\/td>\n<td class=\"et3\">\u0414\u0430\u0441\u0442\u0443\u043f\u043d\u044b<\/td>\n<\/tr>\n<tr style=\"height: 15.00pt;\">\n<td class=\"et3\" style=\"height: 15.00pt;\" height=\"20\"><strong>\u0412\u044b\u043a\u0430\u0440\u044b\u0441\u0442\u043e\u045e\u0432\u0430\u0439\u0446\u0435<\/strong><\/td>\n<td class=\"et3\">\u0424\u0430\u0431\u0440\u044b\u043a\u0430 \u0456 \u0456\u043d\u0448.<\/td>\n<\/tr>\n<tr style=\"height: 15.00pt;\">\n<td class=\"et3\" style=\"height: 15.00pt;\" height=\"20\"><strong>\u041f\u043b\u0430\u0446\u0456\u0446\u044c<\/strong><\/td>\n<td class=\"et3\">TT, LC \u0456 \u0433.\u0434.<\/td>\n<\/tr>\n<tr style=\"height: 15.00pt;\">\n<td class=\"et3\" style=\"height: 15.00pt;\" height=\"20\"><strong>\u0421\u0435\u0440\u0442\u044b\u0444\u0456\u043a\u0430\u0442<\/strong><\/td>\n<td class=\"et3\">CE, ISO<\/td>\n<\/tr>\n<tr style=\"height: 15.00pt;\">\n<td class=\"et3\" style=\"height: 15.00pt;\" height=\"20\"><strong>\u0423\u0437\u043e\u0440<\/strong><\/td>\n<td class=\"et3\">\u0411\u044f\u0441\u043f\u043b\u0430\u0442\u043d\u044b \u045e\u0437\u043e\u0440<\/td>\n<\/tr>\n<tr style=\"height: 15.00pt;\">\n<td class=\"et3\" style=\"height: 15.00pt;\" height=\"20\"><strong>OEM\/ODM<\/strong><\/td>\n<td class=\"et3\">\u0414\u0430\u0441\u0442\u0443\u043f\u043d\u044b<\/td>\n<\/tr>\n<tr style=\"height: 15.00pt;\">\n<td class=\"et3\" style=\"height: 15.00pt;\" height=\"20\"><strong>\u0417\u0430\u045e\u0432\u0430\u0433\u0430<\/strong><\/td>\n<td class=\"et3\">\u0423\u043f\u0430\u043a\u043e\u045e\u043a\u0430 \u0437 \u043f\u0435\u043d\u0430\u043f\u043b\u0430\u0441\u0442\u0443 EPE<\/td>\n<\/tr>\n<\/tbody>\n<\/table>","protected":false},"excerpt":{"rendered":"<p>\u0410\u043f\u0440\u0430\u0446\u043e\u045e\u043a\u0430 \u043f\u0435\u043d\u0430\u043f\u043b\u0430\u0441\u0442\u0430 \u043f\u0430 \u0436\u0430\u0434\u0430\u043d\u043d\u0456,<\/p>\n<ul>\n<li data-sourcepos=\"5:1-5:131\"><strong>\u041b\u0456\u0441\u0442 \u043f\u0435\u043d\u0430\u043f\u043b\u0430\u0441\u0442\u0443 \u0432\u044b\u0441\u043e\u043a\u0430\u0439 \u044f\u043a\u0430\u0441\u0446\u0456 \u0442\u0430\u045e\u0448\u0447\u044b\u043d\u0451\u0439 10 \u0441\u043c:<\/strong> \u041f\u0435\u043d\u0430 \u0442\u0430\u045e\u0448\u0447\u044b\u043d\u0451\u0439 10 \u0441\u043c, \u0432\u044b\u0441\u043e\u043a\u0430\u044f \u0442\u0440\u044b\u0432\u0430\u043b\u0430\u0441\u0446\u044c, \u0434\u043e\u0431\u0440\u0430\u044f \u044d\u043b\u0430\u0441\u0442\u044b\u0447\u043d\u0430\u0441\u0446\u044c, \u0443\u0434\u0430\u0440\u0430\u0442\u0440\u044b\u0432\u0430\u043b\u0430\u0441\u0446\u044c, \u044d\u0444\u0435\u043a\u0442\u044b\u045e\u043d\u0430\u044f \u0433\u0443\u043a\u0430\u0456\u0437\u0430\u043b\u044f\u0446\u044b\u044f \u0456 \u0446\u0435\u043f\u043b\u0430\u0456\u0437\u0430\u043b\u044f\u0446\u044b\u044f.<\/li>\n<li data-sourcepos=\"6:1-6:136\"><strong>\u0406\u043d\u0434\u044b\u0432\u0456\u0434\u0443\u0430\u043b\u044c\u043d\u044b\u044f:<\/strong> \u0410\u0442\u0440\u044b\u043c\u043b\u0456\u0432\u0430\u0439\u0446\u0435 \u0430\u043f\u0440\u0430\u0446\u043e\u045e\u043a\u0443 \u0440\u044d\u0437\u043a\u0456, \u043f\u0456\u043b\u0430\u0432\u0430\u043d\u043d\u044f, \u0444\u0430\u0440\u043c\u0430\u0432\u0430\u043d\u043d\u044f \u043f\u0435\u043d\u0430\u043f\u043b\u0430\u0441\u0442\u0430\u0432\u044b\u0445 \u043f\u0430\u043d\u044d\u043b\u044f\u045e \u0443 \u0430\u0434\u043f\u0430\u0432\u0435\u0434\u043d\u0430\u0441\u0446\u0456 \u0437 \u043d\u0435\u0430\u0431\u0445\u043e\u0434\u043d\u044b\u043c \u043f\u0430\u043c\u0435\u0440\u0430\u043c \u0456 \u0444\u043e\u0440\u043c\u0430\u0439, \u0437\u0430\u0434\u0430\u0432\u0430\u043b\u044c\u043d\u044f\u044e\u0447\u044b \u045e\u0441\u0435 \u043f\u0430\u0442\u0440\u044d\u0431\u044b \u0432\u044b\u043a\u0430\u0440\u044b\u0441\u0442\u0430\u043d\u043d\u044f.<\/li>\n<li data-sourcepos=\"7:1-7:102\"><strong>\u041a\u0430\u043d\u043a\u0443\u0440\u044d\u043d\u0442\u0430\u0437\u0434\u043e\u043b\u044c\u043d\u0430\u044f \u0446\u0430\u043d\u0430:<\/strong> \u041b\u0435\u043f\u0448\u0430\u044f \u0446\u0430\u043d\u0430 \u043d\u0430 \u043f\u0435\u043d\u0430\u043f\u043b\u0430\u0441\u0442 \u0442\u0430\u045e\u0448\u0447\u044b\u043d\u0451\u0439 10 \u0441\u043c \u0456 \u043f\u0430\u0441\u043b\u0443\u0433\u0456 \u043f\u0430 \u0432\u044b\u0440\u0430\u0431\u0435 \u0430\u0431\u0443\u0442\u043a\u0443 \u043d\u0430 \u0437\u0430\u043a\u0430\u0437.<\/li>\n<li data-sourcepos=\"8:1-8:154\"><strong>\u0413\u043d\u0443\u0442\u043a\u0430\u0435 \u043f\u0440\u044b\u043c\u044f\u043d\u0435\u043d\u043d\u0435:<\/strong> \u041f\u0430\u0434\u044b\u0445\u043e\u0434\u0437\u0456\u0446\u044c \u0434\u043b\u044f \u043c\u043d\u043e\u0433\u0456\u0445 \u0430\u0431\u043b\u0430\u0441\u0446\u0435\u0439, \u0442\u0430\u043a\u0456\u0445 \u044f\u043a \u0431\u0443\u0434\u0430\u045e\u043d\u0456\u0446\u0442\u0432\u0430 (\u0433\u0443\u043a\u0430\u0456\u0437\u0430\u043b\u044f\u0446\u044b\u044f \u043f\u0430\u0434\u043b\u043e\u0433\u0456, \u0441\u0446\u0435\u043d), (\u0430\u0431\u0430\u0440\u043e\u043d\u0430 \u043f\u0440\u0430\u0434\u0443\u043a\u0446\u044b\u0456), \u043f\u0440\u0430\u043c\u044b\u0441\u043b\u043e\u0432\u0430\u0441\u0446\u044c (\u0430\u043d\u0442\u044b\u0432\u0456\u0431\u0440\u0430\u0446\u044b\u044f, \u043f\u0430\u0433\u043b\u044b\u043d\u0430\u043d\u043d\u0435 \u045e\u0434\u0430\u0440\u0430\u045e),...<\/li>\n<li data-sourcepos=\"9:1-9:132\"><strong>\u041f\u0440\u0430\u0444\u0435\u0441\u0456\u0439\u043d\u044b\u044f \u043f\u0430\u0440\u0430\u0434\u044b:<\/strong> \u0414\u0430\u0441\u0432\u0435\u0434\u0447\u0430\u043d\u0430\u044f \u043a\u0430\u043c\u0430\u043d\u0434\u0430 \u043a\u0430\u043d\u0441\u0443\u043b\u044c\u0442\u0430\u043d\u0442\u0430\u045e \u0434\u0430\u043f\u0430\u043c\u0430\u0433\u0430\u0435 \u043a\u043b\u0456\u0435\u043d\u0442\u0430\u043c \u0443 \u0432\u044b\u0431\u0430\u0440\u044b \u043b\u0435\u043f\u0448\u0430\u0433\u0430 \u0442\u044b\u043f\u0443 \u043f\u0435\u043d\u0430\u043f\u043b\u0430\u0441\u0442\u0443 \u0456 \u0440\u0430\u0448\u044d\u043d\u043d\u044f \u0434\u043b\u044f \u0430\u043f\u0440\u0430\u0446\u043e\u045e\u043a\u0456.<\/li>\n<li data-sourcepos=\"10:1-11:0\"><strong>\u0425\u0443\u0442\u043a\u0430\u044f \u0434\u0430\u0441\u0442\u0430\u045e\u043a\u0430:<\/strong> \u0413\u0430\u0440\u0430\u043d\u0442\u0430\u0432\u0430\u043d\u044b \u0442\u044d\u0440\u043c\u0456\u043d \u0434\u0430\u0441\u0442\u0430\u045e\u043a\u0456, \u0430\u0431\u0441\u043b\u0443\u0433\u043e\u045e\u0432\u0430\u043d\u043d\u0435 \u043d\u0430 \u043c\u0435\u0441\u0446\u044b.<\/li>\n<\/ul>","protected":false},"featured_media":1774,"comment_status":"open","ping_status":"closed","template":"","meta":[],"product_cat":[36],"product_tag":[],"class_list":{"0":"post-1773","1":"product","2":"type-product","3":"status-publish","4":"has-post-thumbnail","6":"product_cat-tam-mut-xop","8":"first","9":"instock","10":"shipping-taxable","11":"product-type-simple"},"yoast_head":"<!-- This site is optimized with the Yoast SEO plugin v23.4 - https:\/\/yoast.com\/wordpress\/plugins\/seo\/ -->\n<title>\u0110o Ni \u0110\u00f3ng Gi\u00e0y T\u1ea5m M\u00fat X\u1ed1p \u0110\u00e0y 10cm | Gi\u00e1 T\u1ea5m M\u1ed1p X\u1ed1p - Nh\u00e0 s\u1ea3n xu\u1ea5t b\u1ecdt Polyethylene m\u1edf r\u1ed9ng<\/title>\n<meta name=\"description\" content=\"\u0110o ni \u0111\u00f3ng gi\u00e0y t\u1ea5m m\u00fat x\u1ed1p d\u00e0y 10cm theo y\u00eau c\u1ea7u. Gi\u00e1 t\u1ed1t nh\u1ea5t. Li\u00ean h\u1ec7 ngay!\" \/>\n<meta name=\"robots\" content=\"index, follow, max-snippet:-1, max-image-preview:large, max-video-preview:-1\" \/>\n<link rel=\"canonical\" href=\"https:\/\/epe.vn\/be\/manufacturer\/do-ni-dong-giay-tam-mut-xop-day-10cm-gia-tam-mop-xop\/\" \/>\n<meta property=\"og:locale\" content=\"en_US\" \/>\n<meta property=\"og:type\" content=\"article\" \/>\n<meta property=\"og:title\" content=\"\u0110o Ni \u0110\u00f3ng Gi\u00e0y T\u1ea5m M\u00fat X\u1ed1p \u0110\u00e0y 10cm | Gi\u00e1 T\u1ea5m M\u1ed1p X\u1ed1p - Nh\u00e0 s\u1ea3n xu\u1ea5t b\u1ecdt Polyethylene m\u1edf r\u1ed9ng\" \/>\n<meta property=\"og:description\" content=\"\u0110o ni \u0111\u00f3ng gi\u00e0y t\u1ea5m m\u00fat x\u1ed1p d\u00e0y 10cm theo y\u00eau c\u1ea7u. Gi\u00e1 t\u1ed1t nh\u1ea5t. Li\u00ean h\u1ec7 ngay!\" \/>\n<meta property=\"og:url\" content=\"https:\/\/epe.vn\/be\/manufacturer\/do-ni-dong-giay-tam-mut-xop-day-10cm-gia-tam-mop-xop\/\" \/>\n<meta property=\"og:site_name\" content=\"Nh\u00e0 s\u1ea3n xu\u1ea5t b\u1ecdt Polyethylene m\u1edf r\u1ed9ng\" \/>\n<meta property=\"article:modified_time\" content=\"2025-02-13T07:50:52+00:00\" \/>\n<meta property=\"og:image\" content=\"https:\/\/epe.vn\/wp-content\/uploads\/2025\/02\/tam-mut-xop-day-10cm.jpg\" \/>\n\t<meta property=\"og:image:width\" content=\"1000\" \/>\n\t<meta property=\"og:image:height\" content=\"1000\" \/>\n\t<meta property=\"og:image:type\" content=\"image\/jpeg\" \/>\n<meta name=\"twitter:card\" content=\"summary_large_image\" \/>\n<meta name=\"twitter:label1\" content=\"Est. reading time\" \/>\n\t<meta name=\"twitter:data1\" content=\"1 minute\" \/>\n<script type=\"application\/ld+json\" class=\"yoast-schema-graph\">{\"@context\":\"https:\/\/schema.org\",\"@graph\":[{\"@type\":\"WebPage\",\"@id\":\"https:\/\/epe.vn\/manufacturer\/do-ni-dong-giay-tam-mut-xop-day-10cm-gia-tam-mop-xop\/\",\"url\":\"https:\/\/epe.vn\/manufacturer\/do-ni-dong-giay-tam-mut-xop-day-10cm-gia-tam-mop-xop\/\",\"name\":\"\u0110o Ni \u0110\u00f3ng Gi\u00e0y T\u1ea5m M\u00fat X\u1ed1p \u0110\u00e0y 10cm | Gi\u00e1 T\u1ea5m M\u1ed1p X\u1ed1p - Nh\u00e0 s\u1ea3n xu\u1ea5t b\u1ecdt Polyethylene m\u1edf r\u1ed9ng\",\"isPartOf\":{\"@id\":\"https:\/\/epe.vn\/#website\"},\"primaryImageOfPage\":{\"@id\":\"https:\/\/epe.vn\/manufacturer\/do-ni-dong-giay-tam-mut-xop-day-10cm-gia-tam-mop-xop\/#primaryimage\"},\"image\":{\"@id\":\"https:\/\/epe.vn\/manufacturer\/do-ni-dong-giay-tam-mut-xop-day-10cm-gia-tam-mop-xop\/#primaryimage\"},\"thumbnailUrl\":\"https:\/\/epe.vn\/wp-content\/uploads\/2025\/02\/tam-mut-xop-day-10cm.jpg\",\"datePublished\":\"2025-02-13T07:33:22+00:00\",\"dateModified\":\"2025-02-13T07:50:52+00:00\",\"description\":\"\u0110o ni \u0111\u00f3ng gi\u00e0y t\u1ea5m m\u00fat x\u1ed1p d\u00e0y 10cm theo y\u00eau c\u1ea7u. Gi\u00e1 t\u1ed1t nh\u1ea5t. Li\u00ean h\u1ec7 ngay!\",\"breadcrumb\":{\"@id\":\"https:\/\/epe.vn\/manufacturer\/do-ni-dong-giay-tam-mut-xop-day-10cm-gia-tam-mop-xop\/#breadcrumb\"},\"inLanguage\":\"be\",\"potentialAction\":[{\"@type\":\"ReadAction\",\"target\":[\"https:\/\/epe.vn\/manufacturer\/do-ni-dong-giay-tam-mut-xop-day-10cm-gia-tam-mop-xop\/\"]}]},{\"@type\":\"ImageObject\",\"inLanguage\":\"be\",\"@id\":\"https:\/\/epe.vn\/manufacturer\/do-ni-dong-giay-tam-mut-xop-day-10cm-gia-tam-mop-xop\/#primaryimage\",\"url\":\"https:\/\/epe.vn\/wp-content\/uploads\/2025\/02\/tam-mut-xop-day-10cm.jpg\",\"contentUrl\":\"https:\/\/epe.vn\/wp-content\/uploads\/2025\/02\/tam-mut-xop-day-10cm.jpg\",\"width\":1000,\"height\":1000,\"caption\":\"t\u1ea5m m\u00fat x\u1ed1p d\u00e0y 10cm\"},{\"@type\":\"BreadcrumbList\",\"@id\":\"https:\/\/epe.vn\/manufacturer\/do-ni-dong-giay-tam-mut-xop-day-10cm-gia-tam-mop-xop\/#breadcrumb\",\"itemListElement\":[{\"@type\":\"ListItem\",\"position\":1,\"name\":\"Home\",\"item\":\"https:\/\/epe.vn\/\"},{\"@type\":\"ListItem\",\"position\":2,\"name\":\"Shop\",\"item\":\"https:\/\/epe.vn\/shop\/\"},{\"@type\":\"ListItem\",\"position\":3,\"name\":\"\u0110o Ni \u0110\u00f3ng Gi\u00e0y T\u1ea5m M\u00fat X\u1ed1p \u0110\u00e0y 10cm | Gi\u00e1 T\u1ea5m M\u1ed1p X\u1ed1p\"}]},{\"@type\":\"WebSite\",\"@id\":\"https:\/\/epe.vn\/#website\",\"url\":\"https:\/\/epe.vn\/\",\"name\":\"Nh\u00e0 s\u1ea3n xu\u1ea5t b\u1ecdt Polyethylene m\u1edf r\u1ed9ng\",\"description\":\"Nh\u00e0 cung c\u1ea5p bao b\u00ec v\u1ec9 x\u1ed1p polyethylene m\u1edf r\u1ed9ng v\u00e0 t\u00fai PE\",\"potentialAction\":[{\"@type\":\"SearchAction\",\"target\":{\"@type\":\"EntryPoint\",\"urlTemplate\":\"https:\/\/epe.vn\/?s={search_term_string}\"},\"query-input\":{\"@type\":\"PropertyValueSpecification\",\"valueRequired\":true,\"valueName\":\"search_term_string\"}}],\"inLanguage\":\"be\"}]}<\/script>\n<!-- \/ Yoast SEO plugin. -->","yoast_head_json":{"title":"\u0110o Ni \u0110\u00f3ng Gi\u00e0y T\u1ea5m M\u00fat X\u1ed1p \u0110\u00e0y 10cm | Gi\u00e1 T\u1ea5m M\u1ed1p X\u1ed1p - Nh\u00e0 s\u1ea3n xu\u1ea5t b\u1ecdt Polyethylene m\u1edf r\u1ed9ng","description":"\u0110o ni \u0111\u00f3ng gi\u00e0y t\u1ea5m m\u00fat x\u1ed1p d\u00e0y 10cm theo y\u00eau c\u1ea7u. Gi\u00e1 t\u1ed1t nh\u1ea5t. Li\u00ean h\u1ec7 ngay!","robots":{"index":"index","follow":"follow","max-snippet":"max-snippet:-1","max-image-preview":"max-image-preview:large","max-video-preview":"max-video-preview:-1"},"canonical":"https:\/\/epe.vn\/be\/manufacturer\/do-ni-dong-giay-tam-mut-xop-day-10cm-gia-tam-mop-xop\/","og_locale":"en_US","og_type":"article","og_title":"\u0110o Ni \u0110\u00f3ng Gi\u00e0y T\u1ea5m M\u00fat X\u1ed1p \u0110\u00e0y 10cm | Gi\u00e1 T\u1ea5m M\u1ed1p X\u1ed1p - Nh\u00e0 s\u1ea3n xu\u1ea5t b\u1ecdt Polyethylene m\u1edf r\u1ed9ng","og_description":"\u0110o ni \u0111\u00f3ng gi\u00e0y t\u1ea5m m\u00fat x\u1ed1p d\u00e0y 10cm theo y\u00eau c\u1ea7u. Gi\u00e1 t\u1ed1t nh\u1ea5t. Li\u00ean h\u1ec7 ngay!","og_url":"https:\/\/epe.vn\/be\/manufacturer\/do-ni-dong-giay-tam-mut-xop-day-10cm-gia-tam-mop-xop\/","og_site_name":"Nh\u00e0 s\u1ea3n xu\u1ea5t b\u1ecdt Polyethylene m\u1edf r\u1ed9ng","article_modified_time":"2025-02-13T07:50:52+00:00","og_image":[{"width":1000,"height":1000,"url":"https:\/\/epe.vn\/wp-content\/uploads\/2025\/02\/tam-mut-xop-day-10cm.jpg","type":"image\/jpeg"}],"twitter_card":"summary_large_image","twitter_misc":{"Est. reading time":"1 minute"},"schema":{"@context":"https:\/\/schema.org","@graph":[{"@type":"WebPage","@id":"https:\/\/epe.vn\/manufacturer\/do-ni-dong-giay-tam-mut-xop-day-10cm-gia-tam-mop-xop\/","url":"https:\/\/epe.vn\/manufacturer\/do-ni-dong-giay-tam-mut-xop-day-10cm-gia-tam-mop-xop\/","name":"\u0110o Ni \u0110\u00f3ng Gi\u00e0y T\u1ea5m M\u00fat X\u1ed1p \u0110\u00e0y 10cm | Gi\u00e1 T\u1ea5m M\u1ed1p X\u1ed1p - Nh\u00e0 s\u1ea3n xu\u1ea5t b\u1ecdt Polyethylene m\u1edf r\u1ed9ng","isPartOf":{"@id":"https:\/\/epe.vn\/#website"},"primaryImageOfPage":{"@id":"https:\/\/epe.vn\/manufacturer\/do-ni-dong-giay-tam-mut-xop-day-10cm-gia-tam-mop-xop\/#primaryimage"},"image":{"@id":"https:\/\/epe.vn\/manufacturer\/do-ni-dong-giay-tam-mut-xop-day-10cm-gia-tam-mop-xop\/#primaryimage"},"thumbnailUrl":"https:\/\/epe.vn\/wp-content\/uploads\/2025\/02\/tam-mut-xop-day-10cm.jpg","datePublished":"2025-02-13T07:33:22+00:00","dateModified":"2025-02-13T07:50:52+00:00","description":"\u0110o ni \u0111\u00f3ng gi\u00e0y t\u1ea5m m\u00fat x\u1ed1p d\u00e0y 10cm theo y\u00eau c\u1ea7u. Gi\u00e1 t\u1ed1t nh\u1ea5t. Li\u00ean h\u1ec7 ngay!","breadcrumb":{"@id":"https:\/\/epe.vn\/manufacturer\/do-ni-dong-giay-tam-mut-xop-day-10cm-gia-tam-mop-xop\/#breadcrumb"},"inLanguage":"be","potentialAction":[{"@type":"ReadAction","target":["https:\/\/epe.vn\/manufacturer\/do-ni-dong-giay-tam-mut-xop-day-10cm-gia-tam-mop-xop\/"]}]},{"@type":"ImageObject","inLanguage":"be","@id":"https:\/\/epe.vn\/manufacturer\/do-ni-dong-giay-tam-mut-xop-day-10cm-gia-tam-mop-xop\/#primaryimage","url":"https:\/\/epe.vn\/wp-content\/uploads\/2025\/02\/tam-mut-xop-day-10cm.jpg","contentUrl":"https:\/\/epe.vn\/wp-content\/uploads\/2025\/02\/tam-mut-xop-day-10cm.jpg","width":1000,"height":1000,"caption":"t\u1ea5m m\u00fat x\u1ed1p d\u00e0y 10cm"},{"@type":"BreadcrumbList","@id":"https:\/\/epe.vn\/manufacturer\/do-ni-dong-giay-tam-mut-xop-day-10cm-gia-tam-mop-xop\/#breadcrumb","itemListElement":[{"@type":"ListItem","position":1,"name":"Home","item":"https:\/\/epe.vn\/"},{"@type":"ListItem","position":2,"name":"Shop","item":"https:\/\/epe.vn\/shop\/"},{"@type":"ListItem","position":3,"name":"\u0110o Ni \u0110\u00f3ng Gi\u00e0y T\u1ea5m M\u00fat X\u1ed1p \u0110\u00e0y 10cm | Gi\u00e1 T\u1ea5m M\u1ed1p X\u1ed1p"}]},{"@type":"WebSite","@id":"https:\/\/epe.vn\/#website","url":"https:\/\/epe.vn\/","name":"Nh\u00e0 s\u1ea3n xu\u1ea5t b\u1ecdt Polyethylene m\u1edf r\u1ed9ng","description":"Nh\u00e0 cung c\u1ea5p bao b\u00ec v\u1ec9 x\u1ed1p polyethylene m\u1edf r\u1ed9ng v\u00e0 t\u00fai PE","potentialAction":[{"@type":"SearchAction","target":{"@type":"EntryPoint","urlTemplate":"https:\/\/epe.vn\/?s={search_term_string}"},"query-input":{"@type":"PropertyValueSpecification","valueRequired":true,"valueName":"search_term_string"}}],"inLanguage":"be"}]}},"_links":{"self":[{"href":"https:\/\/epe.vn\/be\/wp-json\/wp\/v2\/product\/1773","targetHints":{"allow":["GET"]}}],"collection":[{"href":"https:\/\/epe.vn\/be\/wp-json\/wp\/v2\/product"}],"about":[{"href":"https:\/\/epe.vn\/be\/wp-json\/wp\/v2\/types\/product"}],"replies":[{"embeddable":true,"href":"https:\/\/epe.vn\/be\/wp-json\/wp\/v2\/comments?post=1773"}],"wp:featuredmedia":[{"embeddable":true,"href":"https:\/\/epe.vn\/be\/wp-json\/wp\/v2\/media\/1774"}],"wp:attachment":[{"href":"https:\/\/epe.vn\/be\/wp-json\/wp\/v2\/media?parent=1773"}],"wp:term":[{"taxonomy":"product_cat","embeddable":true,"href":"https:\/\/epe.vn\/be\/wp-json\/wp\/v2\/product_cat?post=1773"},{"taxonomy":"product_tag","embeddable":true,"href":"https:\/\/epe.vn\/be\/wp-json\/wp\/v2\/product_tag?post=1773"}],"curies":[{"name":"wp","href":"https:\/\/api.w.org\/{rel}","templated":true}]}}