{"id":2049,"date":"2025-04-29T14:28:09","date_gmt":"2025-04-29T07:28:09","guid":{"rendered":"https:\/\/epe.vn\/?post_type=product&#038;p=2049"},"modified":"2025-04-29T14:28:09","modified_gmt":"2025-04-29T07:28:09","slug":"xop-epe-boc-goc-khung-tranh","status":"publish","type":"product","link":"https:\/\/epe.vn\/be\/manufacturer\/xop-epe-boc-goc-khung-tranh\/","title":{"rendered":"X\u1ed1p EPE b\u1ecdc g\u00f3c khung tranh | Tu\u1ef3 ch\u1ec9nh theo y\u00eau c\u1ea7u"},"content":{"rendered":"<h2><span style=\"font-weight: 400;\">Th\u00f4ng tin s\u1ea3n ph\u1ea9m:<\/span><\/h2>\n<table>\n<tbody>\n<tr>\n<td><b>Ti\u00eau ch\u00ed<\/b><\/td>\n<td><b>Th\u00f4ng tin chi ti\u1ebft<\/b><\/td>\n<\/tr>\n<tr>\n<td><b>\u041d\u0430\u0437\u0432\u0430 \u043f\u0440\u0430\u0434\u0443\u043a\u0442\u0443<\/b><\/td>\n<td><span style=\"font-weight: 400;\">X\u1ed1p EPE b\u1ecdc g\u00f3c khung tranh<\/span><\/td>\n<\/tr>\n<tr>\n<td><b>Th\u01b0\u01a1ng hi\u1ec7u<\/b><\/td>\n<td><span style=\"font-weight: 400;\">Dong Rui Vi\u1ec7t Nam<\/span><\/td>\n<\/tr>\n<tr>\n<td><b>\u041c\u0430\u0442\u044d\u0440\u044b\u044f\u043b<\/b><\/td>\n<td><span style=\"font-weight: 400;\">EPE Foam (Expanded Polyethylene Foam)<\/span><\/td>\n<\/tr>\n<tr>\n<td><b>Ki\u1ec3u d\u00e1ng<\/b><\/td>\n<td><span style=\"font-weight: 400;\">D\u1ea1ng ch\u1eef L ho\u1eb7c tam gi\u00e1c, ph\u00f9 h\u1ee3p bo s\u00e1t g\u00f3c khung<\/span><\/td>\n<\/tr>\n<tr>\n<td><b>Xu\u1ea5t x\u1ee9<\/b><\/td>\n<td><span style=\"font-weight: 400;\">Trung Qu\u1ed1c<\/span><\/td>\n<\/tr>\n<tr>\n<td><b>\u041f\u0430\u043c\u0435\u0440<\/b><\/td>\n<td><span style=\"font-weight: 400;\">40x40mm, 50x50mm ho\u1eb7c theo y\u00eau c\u1ea7u<\/span><\/td>\n<\/tr>\n<tr>\n<td><b>\u0110\u1ed9 d\u00e0y<\/b><\/td>\n<td><span style=\"font-weight: 400;\">5mm \u2013 15mm<\/span><\/td>\n<\/tr>\n<tr>\n<td><b>\u041a\u043e\u043b\u0435\u0440<\/b><\/td>\n<td><span style=\"font-weight: 400;\">Tr\u1eafng, h\u1ed3ng, xanh,\u2026<\/span><\/td>\n<\/tr>\n<tr>\n<td><b>T\u00ednh n\u0103ng n\u1ed5i b\u1eadt<\/b><\/td>\n<td><span style=\"font-weight: 400;\">&#8211; B\u1ea3o v\u1ec7 g\u00f3c hi\u1ec7u qu\u1ea3<\/span><\/p>\n<p><span style=\"font-weight: 400;\">&#8211; Nh\u1eb9, \u0111\u00e0n h\u1ed3i t\u1ed1t<\/span><\/p>\n<p><span style=\"font-weight: 400;\">&#8211; Ch\u1ed1ng tr\u1ea7y x\u01b0\u1edbc, va \u0111\u1eadp<\/span><\/td>\n<\/tr>\n<tr>\n<td><b>\u1ee8ng d\u1ee5ng ph\u1ed5 bi\u1ebfn<\/b><\/td>\n<td><span style=\"font-weight: 400;\">&#8211; B\u1ecdc b\u1ea3o v\u1ec7 g\u00f3c khung tranh, khung \u1ea3nh, g\u01b0\u01a1ng<\/span><\/p>\n<p><span style=\"font-weight: 400;\">&#8211; D\u00f9ng trong v\u1eadn chuy\u1ec3n, tr\u01b0ng b\u00e0y, b\u1ea3o qu\u1ea3n h\u00e0ng h\u00f3a<\/span><\/td>\n<\/tr>\n<tr>\n<td><b>Ch\u1ee9ng nh\u1eadn ch\u1ea5t l\u01b0\u1ee3ng<\/b><\/td>\n<td><span style=\"font-weight: 400;\">ISO 9001, RoHS, CE<\/span><\/td>\n<\/tr>\n<tr>\n<td><b>\u0110\u00f3ng g\u00f3i<\/b><\/td>\n<td><span style=\"font-weight: 400;\">Theo set, t\u00fai ho\u1eb7c th\u00f9ng carton t\u00f9y y\u00eau c\u1ea7u<\/span><\/td>\n<\/tr>\n<tr>\n<td><b>L\u1ee3i \u00edch s\u1eed d\u1ee5ng<\/b><\/td>\n<td><span style=\"font-weight: 400;\">&#8211; Gi\u1ea3m t\u1ed1i \u0111a h\u01b0 h\u1ecfng do va ch\u1ea1m<\/span><\/p>\n<p><span style=\"font-weight: 400;\">&#8211; D\u1ec5 s\u1eed d\u1ee5ng, t\u0103ng \u0111\u1ed9 chuy\u00ean nghi\u1ec7p khi \u0111\u00f3ng g\u00f3i<\/span><\/p>\n<p><span style=\"font-weight: 400;\">&#8211; T\u0103ng t\u00ednh th\u1ea9m m\u1ef9 v\u00e0 b\u1ea3o v\u1ec7 s\u1ea3n ph\u1ea9m to\u00e0n di\u1ec7n<\/span><\/td>\n<\/tr>\n<\/tbody>\n<\/table>\n<h2><span style=\"font-weight: 400;\">Ch\u1ee9c n\u0103ng c\u1ee7a x\u1ed1p EPE b\u1ecdc g\u00f3c khung tranh:<\/span><\/h2>\n<ul>\n<li style=\"font-weight: 400;\" aria-level=\"1\"><span style=\"font-weight: 400;\">B\u1ea3o v\u1ec7 g\u00f3c khung tranh, \u1ea3nh ho\u1eb7c g\u01b0\u01a1ng kh\u1ecfi va \u0111\u1eadp, tr\u1ea7y x\u01b0\u1edbc khi v\u1eadn chuy\u1ec3n ho\u1eb7c tr\u01b0ng b\u00e0y.<\/span><\/li>\n<li style=\"font-weight: 400;\" aria-level=\"1\"><span style=\"font-weight: 400;\">Gi\u1eef c\u1ed1 \u0111\u1ecbnh v\u1ecb tr\u00ed g\u00f3c trong bao b\u00ec, t\u0103ng t\u00ednh an to\u00e0n.<\/span><span style=\"font-weight: 400;\"><br \/>\n<\/span><\/li>\n<\/ul>\n<h2><span style=\"font-weight: 400;\">\u01afu \u0111i\u1ec3m:<\/span><\/h2>\n<ul>\n<li style=\"font-weight: 400;\" aria-level=\"1\"><span style=\"font-weight: 400;\">Nh\u1eb9, d\u1ec5 thao t\u00e1c, ph\u00f9 h\u1ee3p nhi\u1ec1u lo\u1ea1i khung.<\/span><\/li>\n<li style=\"font-weight: 400;\" aria-level=\"1\"><span style=\"font-weight: 400;\">Ch\u1ed1ng va \u0111\u1eadp t\u1ed1t, gi\u00fap gi\u1ea3m chi ph\u00ed b\u1ea3o h\u00e0nh s\u1ea3n ph\u1ea9m.<\/span><\/li>\n<li style=\"font-weight: 400;\" aria-level=\"1\"><span style=\"font-weight: 400;\">M\u00e0u s\u1eafc \u0111a d\u1ea1ng, d\u1ec5 ph\u00e2n lo\u1ea1i v\u00e0 t\u0103ng t\u00ednh th\u1ea9m m\u1ef9 cho bao b\u00ec.<\/span><\/li>\n<li style=\"font-weight: 400;\" aria-level=\"1\"><span style=\"font-weight: 400;\">T\u00e1i s\u1eed d\u1ee5ng \u0111\u01b0\u1ee3c, th\u00e2n thi\u1ec7n v\u1edbi m\u00f4i tr\u01b0\u1eddng.<\/span><\/li>\n<\/ul>","protected":false},"excerpt":{"rendered":"<p class=\"\" data-start=\"3216\" data-end=\"3536\"><strong data-start=\"3216\" data-end=\"3247\">X\u1ed1p EPE b\u1ecdc g\u00f3c khung tranh<\/strong> l\u00e0 gi\u1ea3i ph\u00e1p b\u1ea3o v\u1ec7 hi\u1ec7u qu\u1ea3 gi\u00fap ch\u1ed1ng va \u0111\u1eadp, tr\u1ea7y x\u01b0\u1edbc cho c\u00e1c lo\u1ea1i khung tranh, khung \u1ea3nh v\u00e0 g\u01b0\u01a1ng trong qu\u00e1 tr\u00ecnh v\u1eadn chuy\u1ec3n ho\u1eb7c l\u01b0u tr\u1eef. V\u1edbi thi\u1ebft k\u1ebf g\u1ecdn nh\u1eb9, ch\u1ea5t li\u1ec7u b\u1ec1n ch\u1eafc v\u00e0 d\u1ec5 s\u1eed d\u1ee5ng, s\u1ea3n ph\u1ea9m kh\u00f4ng ch\u1ec9 t\u0103ng \u0111\u1ed9 an to\u00e0n m\u00e0 c\u00f2n n\u00e2ng cao t\u00ednh chuy\u00ean nghi\u1ec7p cho kh\u00e2u \u0111\u00f3ng g\u00f3i.<\/p>","protected":false},"featured_media":2050,"comment_status":"open","ping_status":"closed","template":"","meta":[],"product_cat":[15],"product_tag":[],"class_list":{"0":"post-2049","1":"product","2":"type-product","3":"status-publish","4":"has-post-thumbnail","6":"product_cat-bot-pe-tuy-chinh","8":"first","9":"instock","10":"shipping-taxable","11":"product-type-simple"},"yoast_head":"<!-- This site is optimized with the Yoast SEO plugin v23.4 - https:\/\/yoast.com\/wordpress\/plugins\/seo\/ -->\n<title>X\u1ed1p EPE b\u1ecdc g\u00f3c khung tranh | Tu\u1ef3 ch\u1ec9nh theo y\u00eau c\u1ea7u - Nh\u00e0 s\u1ea3n xu\u1ea5t b\u1ecdt Polyethylene m\u1edf r\u1ed9ng<\/title>\n<meta name=\"description\" content=\"X\u1ed1p EPE b\u1ecdc g\u00f3c khung tranh b\u1ea3o v\u1ec7 kh\u1ecfi va \u0111\u1eadp, tr\u1ea7y x\u01b0\u1edbc khi v\u1eadn chuy\u1ec3n; nh\u1eb9, b\u1ec1n, d\u1ec5 d\u00f9ng; ph\u00f9 h\u1ee3p tranh, g\u01b0\u01a1ng, khung \u1ea3nh nhi\u1ec1u k\u00edch th\u01b0\u1edbc.\" \/>\n<meta name=\"robots\" content=\"index, follow, max-snippet:-1, max-image-preview:large, max-video-preview:-1\" \/>\n<link rel=\"canonical\" href=\"https:\/\/epe.vn\/be\/manufacturer\/xop-epe-boc-goc-khung-tranh\/\" \/>\n<meta property=\"og:locale\" content=\"en_US\" \/>\n<meta property=\"og:type\" content=\"article\" \/>\n<meta property=\"og:title\" content=\"X\u1ed1p EPE b\u1ecdc g\u00f3c khung tranh | Tu\u1ef3 ch\u1ec9nh theo y\u00eau c\u1ea7u - Nh\u00e0 s\u1ea3n xu\u1ea5t b\u1ecdt Polyethylene m\u1edf r\u1ed9ng\" \/>\n<meta property=\"og:description\" content=\"X\u1ed1p EPE b\u1ecdc g\u00f3c khung tranh b\u1ea3o v\u1ec7 kh\u1ecfi va \u0111\u1eadp, tr\u1ea7y x\u01b0\u1edbc khi v\u1eadn chuy\u1ec3n; nh\u1eb9, b\u1ec1n, d\u1ec5 d\u00f9ng; ph\u00f9 h\u1ee3p tranh, g\u01b0\u01a1ng, khung \u1ea3nh nhi\u1ec1u k\u00edch th\u01b0\u1edbc.\" \/>\n<meta property=\"og:url\" content=\"https:\/\/epe.vn\/be\/manufacturer\/xop-epe-boc-goc-khung-tranh\/\" \/>\n<meta property=\"og:site_name\" content=\"Nh\u00e0 s\u1ea3n xu\u1ea5t b\u1ecdt Polyethylene m\u1edf r\u1ed9ng\" \/>\n<meta property=\"og:image\" content=\"https:\/\/epe.vn\/wp-content\/uploads\/2025\/04\/Xop-EPE-boc-goc-khung-tranh.webp\" \/>\n\t<meta property=\"og:image:width\" content=\"800\" \/>\n\t<meta property=\"og:image:height\" content=\"800\" \/>\n\t<meta property=\"og:image:type\" content=\"image\/webp\" \/>\n<meta name=\"twitter:card\" content=\"summary_large_image\" \/>\n<meta name=\"twitter:label1\" content=\"Est. reading time\" \/>\n\t<meta name=\"twitter:data1\" content=\"2 minutes\" \/>\n<script type=\"application\/ld+json\" class=\"yoast-schema-graph\">{\"@context\":\"https:\/\/schema.org\",\"@graph\":[{\"@type\":\"WebPage\",\"@id\":\"https:\/\/epe.vn\/manufacturer\/xop-epe-boc-goc-khung-tranh\/\",\"url\":\"https:\/\/epe.vn\/manufacturer\/xop-epe-boc-goc-khung-tranh\/\",\"name\":\"X\u1ed1p EPE b\u1ecdc g\u00f3c khung tranh | Tu\u1ef3 ch\u1ec9nh theo y\u00eau c\u1ea7u - Nh\u00e0 s\u1ea3n xu\u1ea5t b\u1ecdt Polyethylene m\u1edf r\u1ed9ng\",\"isPartOf\":{\"@id\":\"https:\/\/epe.vn\/#website\"},\"primaryImageOfPage\":{\"@id\":\"https:\/\/epe.vn\/manufacturer\/xop-epe-boc-goc-khung-tranh\/#primaryimage\"},\"image\":{\"@id\":\"https:\/\/epe.vn\/manufacturer\/xop-epe-boc-goc-khung-tranh\/#primaryimage\"},\"thumbnailUrl\":\"https:\/\/epe.vn\/wp-content\/uploads\/2025\/04\/Xop-EPE-boc-goc-khung-tranh.webp\",\"datePublished\":\"2025-04-29T07:28:09+00:00\",\"dateModified\":\"2025-04-29T07:28:09+00:00\",\"description\":\"X\u1ed1p EPE b\u1ecdc g\u00f3c khung tranh b\u1ea3o v\u1ec7 kh\u1ecfi va \u0111\u1eadp, tr\u1ea7y x\u01b0\u1edbc khi v\u1eadn chuy\u1ec3n; nh\u1eb9, b\u1ec1n, d\u1ec5 d\u00f9ng; ph\u00f9 h\u1ee3p tranh, g\u01b0\u01a1ng, khung \u1ea3nh nhi\u1ec1u k\u00edch th\u01b0\u1edbc.\",\"breadcrumb\":{\"@id\":\"https:\/\/epe.vn\/manufacturer\/xop-epe-boc-goc-khung-tranh\/#breadcrumb\"},\"inLanguage\":\"be\",\"potentialAction\":[{\"@type\":\"ReadAction\",\"target\":[\"https:\/\/epe.vn\/manufacturer\/xop-epe-boc-goc-khung-tranh\/\"]}]},{\"@type\":\"ImageObject\",\"inLanguage\":\"be\",\"@id\":\"https:\/\/epe.vn\/manufacturer\/xop-epe-boc-goc-khung-tranh\/#primaryimage\",\"url\":\"https:\/\/epe.vn\/wp-content\/uploads\/2025\/04\/Xop-EPE-boc-goc-khung-tranh.webp\",\"contentUrl\":\"https:\/\/epe.vn\/wp-content\/uploads\/2025\/04\/Xop-EPE-boc-goc-khung-tranh.webp\",\"width\":800,\"height\":800,\"caption\":\"Xo\u0302\u0301p EPE bo\u0323c go\u0301c khung tranh\"},{\"@type\":\"BreadcrumbList\",\"@id\":\"https:\/\/epe.vn\/manufacturer\/xop-epe-boc-goc-khung-tranh\/#breadcrumb\",\"itemListElement\":[{\"@type\":\"ListItem\",\"position\":1,\"name\":\"Home\",\"item\":\"https:\/\/epe.vn\/\"},{\"@type\":\"ListItem\",\"position\":2,\"name\":\"Shop\",\"item\":\"https:\/\/epe.vn\/shop\/\"},{\"@type\":\"ListItem\",\"position\":3,\"name\":\"X\u1ed1p EPE b\u1ecdc g\u00f3c khung tranh | Tu\u1ef3 ch\u1ec9nh theo y\u00eau c\u1ea7u\"}]},{\"@type\":\"WebSite\",\"@id\":\"https:\/\/epe.vn\/#website\",\"url\":\"https:\/\/epe.vn\/\",\"name\":\"Nh\u00e0 s\u1ea3n xu\u1ea5t b\u1ecdt Polyethylene m\u1edf r\u1ed9ng\",\"description\":\"Nh\u00e0 cung c\u1ea5p bao b\u00ec v\u1ec9 x\u1ed1p polyethylene m\u1edf r\u1ed9ng v\u00e0 t\u00fai PE\",\"potentialAction\":[{\"@type\":\"SearchAction\",\"target\":{\"@type\":\"EntryPoint\",\"urlTemplate\":\"https:\/\/epe.vn\/?s={search_term_string}\"},\"query-input\":{\"@type\":\"PropertyValueSpecification\",\"valueRequired\":true,\"valueName\":\"search_term_string\"}}],\"inLanguage\":\"be\"}]}<\/script>\n<!-- \/ Yoast SEO plugin. -->","yoast_head_json":{"title":"X\u1ed1p EPE b\u1ecdc g\u00f3c khung tranh | Tu\u1ef3 ch\u1ec9nh theo y\u00eau c\u1ea7u - Nh\u00e0 s\u1ea3n xu\u1ea5t b\u1ecdt Polyethylene m\u1edf r\u1ed9ng","description":"X\u1ed1p EPE b\u1ecdc g\u00f3c khung tranh b\u1ea3o v\u1ec7 kh\u1ecfi va \u0111\u1eadp, tr\u1ea7y x\u01b0\u1edbc khi v\u1eadn chuy\u1ec3n; nh\u1eb9, b\u1ec1n, d\u1ec5 d\u00f9ng; ph\u00f9 h\u1ee3p tranh, g\u01b0\u01a1ng, khung \u1ea3nh nhi\u1ec1u k\u00edch th\u01b0\u1edbc.","robots":{"index":"index","follow":"follow","max-snippet":"max-snippet:-1","max-image-preview":"max-image-preview:large","max-video-preview":"max-video-preview:-1"},"canonical":"https:\/\/epe.vn\/be\/manufacturer\/xop-epe-boc-goc-khung-tranh\/","og_locale":"en_US","og_type":"article","og_title":"X\u1ed1p EPE b\u1ecdc g\u00f3c khung tranh | Tu\u1ef3 ch\u1ec9nh theo y\u00eau c\u1ea7u - Nh\u00e0 s\u1ea3n xu\u1ea5t b\u1ecdt Polyethylene m\u1edf r\u1ed9ng","og_description":"X\u1ed1p EPE b\u1ecdc g\u00f3c khung tranh b\u1ea3o v\u1ec7 kh\u1ecfi va \u0111\u1eadp, tr\u1ea7y x\u01b0\u1edbc khi v\u1eadn chuy\u1ec3n; nh\u1eb9, b\u1ec1n, d\u1ec5 d\u00f9ng; ph\u00f9 h\u1ee3p tranh, g\u01b0\u01a1ng, khung \u1ea3nh nhi\u1ec1u k\u00edch th\u01b0\u1edbc.","og_url":"https:\/\/epe.vn\/be\/manufacturer\/xop-epe-boc-goc-khung-tranh\/","og_site_name":"Nh\u00e0 s\u1ea3n xu\u1ea5t b\u1ecdt Polyethylene m\u1edf r\u1ed9ng","og_image":[{"width":800,"height":800,"url":"https:\/\/epe.vn\/wp-content\/uploads\/2025\/04\/Xop-EPE-boc-goc-khung-tranh.webp","type":"image\/webp"}],"twitter_card":"summary_large_image","twitter_misc":{"Est. reading time":"2 minutes"},"schema":{"@context":"https:\/\/schema.org","@graph":[{"@type":"WebPage","@id":"https:\/\/epe.vn\/manufacturer\/xop-epe-boc-goc-khung-tranh\/","url":"https:\/\/epe.vn\/manufacturer\/xop-epe-boc-goc-khung-tranh\/","name":"X\u1ed1p EPE b\u1ecdc g\u00f3c khung tranh | Tu\u1ef3 ch\u1ec9nh theo y\u00eau c\u1ea7u - Nh\u00e0 s\u1ea3n xu\u1ea5t b\u1ecdt Polyethylene m\u1edf r\u1ed9ng","isPartOf":{"@id":"https:\/\/epe.vn\/#website"},"primaryImageOfPage":{"@id":"https:\/\/epe.vn\/manufacturer\/xop-epe-boc-goc-khung-tranh\/#primaryimage"},"image":{"@id":"https:\/\/epe.vn\/manufacturer\/xop-epe-boc-goc-khung-tranh\/#primaryimage"},"thumbnailUrl":"https:\/\/epe.vn\/wp-content\/uploads\/2025\/04\/Xop-EPE-boc-goc-khung-tranh.webp","datePublished":"2025-04-29T07:28:09+00:00","dateModified":"2025-04-29T07:28:09+00:00","description":"X\u1ed1p EPE b\u1ecdc g\u00f3c khung tranh b\u1ea3o v\u1ec7 kh\u1ecfi va \u0111\u1eadp, tr\u1ea7y x\u01b0\u1edbc khi v\u1eadn chuy\u1ec3n; nh\u1eb9, b\u1ec1n, d\u1ec5 d\u00f9ng; ph\u00f9 h\u1ee3p tranh, g\u01b0\u01a1ng, khung \u1ea3nh nhi\u1ec1u k\u00edch th\u01b0\u1edbc.","breadcrumb":{"@id":"https:\/\/epe.vn\/manufacturer\/xop-epe-boc-goc-khung-tranh\/#breadcrumb"},"inLanguage":"be","potentialAction":[{"@type":"ReadAction","target":["https:\/\/epe.vn\/manufacturer\/xop-epe-boc-goc-khung-tranh\/"]}]},{"@type":"ImageObject","inLanguage":"be","@id":"https:\/\/epe.vn\/manufacturer\/xop-epe-boc-goc-khung-tranh\/#primaryimage","url":"https:\/\/epe.vn\/wp-content\/uploads\/2025\/04\/Xop-EPE-boc-goc-khung-tranh.webp","contentUrl":"https:\/\/epe.vn\/wp-content\/uploads\/2025\/04\/Xop-EPE-boc-goc-khung-tranh.webp","width":800,"height":800,"caption":"Xo\u0302\u0301p EPE bo\u0323c go\u0301c khung tranh"},{"@type":"BreadcrumbList","@id":"https:\/\/epe.vn\/manufacturer\/xop-epe-boc-goc-khung-tranh\/#breadcrumb","itemListElement":[{"@type":"ListItem","position":1,"name":"Home","item":"https:\/\/epe.vn\/"},{"@type":"ListItem","position":2,"name":"Shop","item":"https:\/\/epe.vn\/shop\/"},{"@type":"ListItem","position":3,"name":"X\u1ed1p EPE b\u1ecdc g\u00f3c khung tranh | Tu\u1ef3 ch\u1ec9nh theo y\u00eau c\u1ea7u"}]},{"@type":"WebSite","@id":"https:\/\/epe.vn\/#website","url":"https:\/\/epe.vn\/","name":"Nh\u00e0 s\u1ea3n xu\u1ea5t b\u1ecdt Polyethylene m\u1edf r\u1ed9ng","description":"Nh\u00e0 cung c\u1ea5p bao b\u00ec v\u1ec9 x\u1ed1p polyethylene m\u1edf r\u1ed9ng v\u00e0 t\u00fai PE","potentialAction":[{"@type":"SearchAction","target":{"@type":"EntryPoint","urlTemplate":"https:\/\/epe.vn\/?s={search_term_string}"},"query-input":{"@type":"PropertyValueSpecification","valueRequired":true,"valueName":"search_term_string"}}],"inLanguage":"be"}]}},"_links":{"self":[{"href":"https:\/\/epe.vn\/be\/wp-json\/wp\/v2\/product\/2049","targetHints":{"allow":["GET"]}}],"collection":[{"href":"https:\/\/epe.vn\/be\/wp-json\/wp\/v2\/product"}],"about":[{"href":"https:\/\/epe.vn\/be\/wp-json\/wp\/v2\/types\/product"}],"replies":[{"embeddable":true,"href":"https:\/\/epe.vn\/be\/wp-json\/wp\/v2\/comments?post=2049"}],"wp:featuredmedia":[{"embeddable":true,"href":"https:\/\/epe.vn\/be\/wp-json\/wp\/v2\/media\/2050"}],"wp:attachment":[{"href":"https:\/\/epe.vn\/be\/wp-json\/wp\/v2\/media?parent=2049"}],"wp:term":[{"taxonomy":"product_cat","embeddable":true,"href":"https:\/\/epe.vn\/be\/wp-json\/wp\/v2\/product_cat?post=2049"},{"taxonomy":"product_tag","embeddable":true,"href":"https:\/\/epe.vn\/be\/wp-json\/wp\/v2\/product_tag?post=2049"}],"curies":[{"name":"wp","href":"https:\/\/api.w.org\/{rel}","templated":true}]}}