{"id":2062,"date":"2025-04-29T15:29:31","date_gmt":"2025-04-29T08:29:31","guid":{"rendered":"https:\/\/epe.vn\/?post_type=product&#038;p=2062"},"modified":"2025-04-29T15:29:31","modified_gmt":"2025-04-29T08:29:31","slug":"tui-xop-epe-chong-va-dap-2","status":"publish","type":"product","link":"https:\/\/epe.vn\/be\/manufacturer\/tui-xop-epe-chong-va-dap-2\/","title":{"rendered":"T\u00fai x\u1ed1p EPE ch\u1ed1ng va \u0111\u1eadp | Tu\u1ef3 ch\u1ec9nh theo y\u00eau c\u1ea7u"},"content":{"rendered":"<h2><span style=\"font-weight: 400;\">Th\u00f4ng tin s\u1ea3n ph\u1ea9m:<\/span><\/h2>\n<table>\n<tbody>\n<tr>\n<td><b>Ti\u00eau ch\u00ed<\/b><\/td>\n<td><b>Th\u00f4ng tin chi ti\u1ebft<\/b><\/td>\n<\/tr>\n<tr>\n<td><b>\u041d\u0430\u0437\u0432\u0430 \u043f\u0440\u0430\u0434\u0443\u043a\u0442\u0443<\/b><\/td>\n<td><span style=\"font-weight: 400;\">T\u00fai x\u1ed1p EPE ch\u1ed1ng va \u0111\u1eadp<\/span><\/td>\n<\/tr>\n<tr>\n<td><b>Th\u01b0\u01a1ng hi\u1ec7u<\/b><\/td>\n<td><span style=\"font-weight: 400;\">Dong Rui Vi\u1ec7t Nam<\/span><\/td>\n<\/tr>\n<tr>\n<td><b>\u041c\u0430\u0442\u044d\u0440\u044b\u044f\u043b<\/b><\/td>\n<td><span style=\"font-weight: 400;\">EPE Foam (Expanded Polyethylene Foam)<\/span><\/td>\n<\/tr>\n<tr>\n<td><b>Ki\u1ec3u d\u00e1ng<\/b><\/td>\n<td><span style=\"font-weight: 400;\">D\u1ea1ng t\u00fai c\u00f3 mi\u1ec7ng h\u1edf, h\u00e0n m\u00e9p 2 b\u00ean, \u0111\u00e1y k\u00edn<\/span><\/td>\n<\/tr>\n<tr>\n<td><b>Xu\u1ea5t x\u1ee9<\/b><\/td>\n<td><span style=\"font-weight: 400;\">Trung Qu\u1ed1c<\/span><\/td>\n<\/tr>\n<tr>\n<td><b>\u041f\u0430\u043c\u0435\u0440<\/b><\/td>\n<td><span style=\"font-weight: 400;\">Theo y\u00eau c\u1ea7u: ph\u1ed5 bi\u1ebfn 10x15cm, 15x20cm, 20x30cm,\u2026<\/span><\/td>\n<\/tr>\n<tr>\n<td><b>\u0110\u1ed9 d\u00e0y<\/b><\/td>\n<td><span style=\"font-weight: 400;\">0.5mm \u2013 5mm<\/span><\/td>\n<\/tr>\n<tr>\n<td><b>\u041a\u043e\u043b\u0435\u0440<\/b><\/td>\n<td><span style=\"font-weight: 400;\">Tr\u1eafng, h\u1ed3ng, \u0111en,\u2026<\/span><\/td>\n<\/tr>\n<tr>\n<td><b>T\u00ednh n\u0103ng n\u1ed5i b\u1eadt<\/b><\/td>\n<td><span style=\"font-weight: 400;\">&#8211; Nh\u1eb9, \u0111\u00e0n h\u1ed3i cao<\/span><\/p>\n<p><span style=\"font-weight: 400;\">&#8211; Ch\u1ed1ng s\u1ed1c, ch\u1ed1ng tr\u1ea7y<\/span><\/p>\n<p><span style=\"font-weight: 400;\">&#8211; C\u00e1ch nhi\u1ec7t, c\u00e1ch \u1ea9m t\u1ed1t<\/span><\/td>\n<\/tr>\n<tr>\n<td><b>\u1ee8ng d\u1ee5ng ph\u1ed5 bi\u1ebfn<\/b><\/td>\n<td><span style=\"font-weight: 400;\">&#8211; \u0110\u1ef1ng linh ki\u1ec7n \u0111i\u1ec7n t\u1eed, ph\u1ee5 ki\u1ec7n, \u0111\u1ed3 g\u1ed1m s\u1ee9, m\u1ef9 ph\u1ea9m,\u2026<\/span><\/p>\n<p><span style=\"font-weight: 400;\">&#8211; \u0110\u00f3ng g\u00f3i s\u1ea3n ph\u1ea9m c\u1ea7n b\u1ea3o v\u1ec7 khi v\u1eadn chuy\u1ec3n<\/span><\/td>\n<\/tr>\n<tr>\n<td><b>Ch\u1ee9ng nh\u1eadn ch\u1ea5t l\u01b0\u1ee3ng<\/b><\/td>\n<td><span style=\"font-weight: 400;\">ISO 9001, RoHS<\/span><\/td>\n<\/tr>\n<tr>\n<td><b>\u0110\u00f3ng g\u00f3i<\/b><\/td>\n<td><span style=\"font-weight: 400;\">Theo b\u00f3, theo kg ho\u1eb7c theo s\u1ed1 l\u01b0\u1ee3ng y\u00eau c\u1ea7u<\/span><\/td>\n<\/tr>\n<tr>\n<td><b>L\u1ee3i \u00edch s\u1eed d\u1ee5ng<\/b><\/td>\n<td><span style=\"font-weight: 400;\">&#8211; B\u1ea3o v\u1ec7 h\u00e0ng h\u00f3a t\u1ed1i \u01b0u<\/span><\/p>\n<p><span style=\"font-weight: 400;\">&#8211; Ti\u1ebft ki\u1ec7m chi ph\u00ed<\/span><\/p>\n<p><span style=\"font-weight: 400;\">&#8211; T\u0103ng t\u00ednh chuy\u00ean nghi\u1ec7p khi \u0111\u00f3ng g\u00f3i<\/span><\/td>\n<\/tr>\n<\/tbody>\n<\/table>\n<h2><span style=\"font-weight: 400;\">Ch\u1ee9c n\u0103ng c\u1ee7a t\u00fai x\u1ed1p EPE ch\u1ed1ng va \u0111\u1eadp:<\/span><\/h2>\n<ul>\n<li style=\"font-weight: 400;\" aria-level=\"1\"><span style=\"font-weight: 400;\">B\u1ea3o v\u1ec7 s\u1ea3n ph\u1ea9m kh\u1ecfi tr\u1ea7y x\u01b0\u1edbc, va \u0111\u1eadp trong qu\u00e1 tr\u00ecnh v\u1eadn chuy\u1ec3n ho\u1eb7c l\u01b0u kho.<\/span><\/li>\n<li style=\"font-weight: 400;\" aria-level=\"1\"><span style=\"font-weight: 400;\">Gi\u00fap \u0111\u00f3ng g\u00f3i g\u1ecdn g\u00e0ng, nhanh ch\u00f3ng v\u00e0 chuy\u00ean nghi\u1ec7p.<\/span><\/li>\n<\/ul>\n<h2><span style=\"font-weight: 400;\">\u01afu \u0111i\u1ec3m:<\/span><\/h2>\n<ul>\n<li style=\"font-weight: 400;\" aria-level=\"1\"><span style=\"font-weight: 400;\">Nh\u1eb9, \u0111\u00e0n h\u1ed3i t\u1ed1t, d\u1ec5 s\u1eed d\u1ee5ng.<\/span><\/li>\n<li style=\"font-weight: 400;\" aria-level=\"1\"><span style=\"font-weight: 400;\">Kh\u00f4ng th\u1ea5m n\u01b0\u1edbc, kh\u00f4ng d\u1eabn nhi\u1ec7t.<\/span><\/li>\n<li style=\"font-weight: 400;\" aria-level=\"1\"><span style=\"font-weight: 400;\">\u0110a d\u1ea1ng k\u00edch th\u01b0\u1edbc, t\u00f9y ch\u1ec9nh theo y\u00eau c\u1ea7u.<\/span><\/li>\n<li style=\"font-weight: 400;\" aria-level=\"1\"><span style=\"font-weight: 400;\">T\u00e1i s\u1eed d\u1ee5ng, th\u00e2n thi\u1ec7n m\u00f4i tr\u01b0\u1eddng.<\/span><\/li>\n<\/ul>","protected":false},"excerpt":{"rendered":"<p class=\"\" data-start=\"3080\" data-end=\"3395\"><strong data-start=\"3080\" data-end=\"3108\">T\u00fai x\u1ed1p EPE ch\u1ed1ng va \u0111\u1eadp<\/strong> l\u00e0 gi\u1ea3i ph\u00e1p \u0111\u00f3ng g\u00f3i t\u1ed1i \u01b0u d\u00e0nh cho c\u00e1c s\u1ea3n ph\u1ea9m d\u1ec5 v\u1ee1, d\u1ec5 tr\u1ea7y x\u01b0\u1edbc. Nh\u1edd c\u1ea5u tr\u00fac t\u00fai ti\u1ec7n l\u1ee3i c\u00f9ng kh\u1ea3 n\u0103ng ch\u1ed1ng s\u1ed1c, c\u00e1ch \u1ea9m v\u00e0 nh\u1eb9, s\u1ea3n ph\u1ea9m gi\u00fap b\u1ea3o v\u1ec7 hi\u1ec7u qu\u1ea3 trong qu\u00e1 tr\u00ecnh v\u1eadn chuy\u1ec3n, l\u01b0u tr\u1eef ho\u1eb7c giao h\u00e0ng. Ph\u00f9 h\u1ee3p v\u1edbi c\u00e1c ng\u00e0nh \u0111i\u1ec7n t\u1eed, g\u1ed1m s\u1ee9, m\u1ef9 ph\u1ea9m v\u00e0 h\u00e0ng ti\u00eau d\u00f9ng.<\/p>","protected":false},"featured_media":2063,"comment_status":"open","ping_status":"closed","template":"","meta":[],"product_cat":[15],"product_tag":[55,56,53,52],"class_list":{"0":"post-2062","1":"product","2":"type-product","3":"status-publish","4":"has-post-thumbnail","6":"product_cat-bot-pe-tuy-chinh","7":"product_tag-tam-xop-epe","8":"product_tag-tui-xop-epe","9":"product_tag-tuy-chinh-xop-epe-foam","10":"product_tag-xop-epe","12":"first","13":"instock","14":"shipping-taxable","15":"product-type-simple"},"yoast_head":"<!-- This site is optimized with the Yoast SEO plugin v23.4 - https:\/\/yoast.com\/wordpress\/plugins\/seo\/ -->\n<title>T\u00fai x\u1ed1p EPE ch\u1ed1ng va \u0111\u1eadp | Tu\u1ef3 ch\u1ec9nh theo y\u00eau c\u1ea7u - Nh\u00e0 s\u1ea3n xu\u1ea5t b\u1ecdt Polyethylene m\u1edf r\u1ed9ng<\/title>\n<meta name=\"description\" content=\"T\u00fai x\u1ed1p EPE ch\u1ed1ng va \u0111\u1eadp b\u1ea3o v\u1ec7 s\u1ea3n ph\u1ea9m kh\u1ecfi tr\u1ea7y x\u01b0\u1edbc, va ch\u1ea1m. Nh\u1eb9, b\u1ec1n, \u0111a d\u1ea1ng k\u00edch th\u01b0\u1edbc, d\u00f9ng cho \u0111i\u1ec7n t\u1eed, g\u1ed1m s\u1ee9, m\u1ef9 ph\u1ea9m,...\" \/>\n<meta name=\"robots\" content=\"index, follow, max-snippet:-1, max-image-preview:large, max-video-preview:-1\" \/>\n<link rel=\"canonical\" href=\"https:\/\/epe.vn\/be\/manufacturer\/tui-xop-epe-chong-va-dap-2\/\" \/>\n<meta property=\"og:locale\" content=\"en_US\" \/>\n<meta property=\"og:type\" content=\"article\" \/>\n<meta property=\"og:title\" content=\"T\u00fai x\u1ed1p EPE ch\u1ed1ng va \u0111\u1eadp | Tu\u1ef3 ch\u1ec9nh theo y\u00eau c\u1ea7u - Nh\u00e0 s\u1ea3n xu\u1ea5t b\u1ecdt Polyethylene m\u1edf r\u1ed9ng\" \/>\n<meta property=\"og:description\" content=\"T\u00fai x\u1ed1p EPE ch\u1ed1ng va \u0111\u1eadp b\u1ea3o v\u1ec7 s\u1ea3n ph\u1ea9m kh\u1ecfi tr\u1ea7y x\u01b0\u1edbc, va ch\u1ea1m. Nh\u1eb9, b\u1ec1n, \u0111a d\u1ea1ng k\u00edch th\u01b0\u1edbc, d\u00f9ng cho \u0111i\u1ec7n t\u1eed, g\u1ed1m s\u1ee9, m\u1ef9 ph\u1ea9m,...\" \/>\n<meta property=\"og:url\" content=\"https:\/\/epe.vn\/be\/manufacturer\/tui-xop-epe-chong-va-dap-2\/\" \/>\n<meta property=\"og:site_name\" content=\"Nh\u00e0 s\u1ea3n xu\u1ea5t b\u1ecdt Polyethylene m\u1edf r\u1ed9ng\" \/>\n<meta property=\"og:image\" content=\"https:\/\/epe.vn\/wp-content\/uploads\/2025\/04\/Tui-xop-epe-chong-va-dap-1-1.webp\" \/>\n\t<meta property=\"og:image:width\" content=\"800\" \/>\n\t<meta property=\"og:image:height\" content=\"800\" \/>\n\t<meta property=\"og:image:type\" content=\"image\/webp\" \/>\n<meta name=\"twitter:card\" content=\"summary_large_image\" \/>\n<meta name=\"twitter:label1\" content=\"Est. reading time\" \/>\n\t<meta name=\"twitter:data1\" content=\"2 minutes\" \/>\n<script type=\"application\/ld+json\" class=\"yoast-schema-graph\">{\"@context\":\"https:\/\/schema.org\",\"@graph\":[{\"@type\":\"WebPage\",\"@id\":\"https:\/\/epe.vn\/manufacturer\/tui-xop-epe-chong-va-dap-2\/\",\"url\":\"https:\/\/epe.vn\/manufacturer\/tui-xop-epe-chong-va-dap-2\/\",\"name\":\"T\u00fai x\u1ed1p EPE ch\u1ed1ng va \u0111\u1eadp | Tu\u1ef3 ch\u1ec9nh theo y\u00eau c\u1ea7u - Nh\u00e0 s\u1ea3n xu\u1ea5t b\u1ecdt Polyethylene m\u1edf r\u1ed9ng\",\"isPartOf\":{\"@id\":\"https:\/\/epe.vn\/#website\"},\"primaryImageOfPage\":{\"@id\":\"https:\/\/epe.vn\/manufacturer\/tui-xop-epe-chong-va-dap-2\/#primaryimage\"},\"image\":{\"@id\":\"https:\/\/epe.vn\/manufacturer\/tui-xop-epe-chong-va-dap-2\/#primaryimage\"},\"thumbnailUrl\":\"https:\/\/epe.vn\/wp-content\/uploads\/2025\/04\/Tui-xop-epe-chong-va-dap-1-1.webp\",\"datePublished\":\"2025-04-29T08:29:31+00:00\",\"dateModified\":\"2025-04-29T08:29:31+00:00\",\"description\":\"T\u00fai x\u1ed1p EPE ch\u1ed1ng va \u0111\u1eadp b\u1ea3o v\u1ec7 s\u1ea3n ph\u1ea9m kh\u1ecfi tr\u1ea7y x\u01b0\u1edbc, va ch\u1ea1m. Nh\u1eb9, b\u1ec1n, \u0111a d\u1ea1ng k\u00edch th\u01b0\u1edbc, d\u00f9ng cho \u0111i\u1ec7n t\u1eed, g\u1ed1m s\u1ee9, m\u1ef9 ph\u1ea9m,...\",\"breadcrumb\":{\"@id\":\"https:\/\/epe.vn\/manufacturer\/tui-xop-epe-chong-va-dap-2\/#breadcrumb\"},\"inLanguage\":\"be\",\"potentialAction\":[{\"@type\":\"ReadAction\",\"target\":[\"https:\/\/epe.vn\/manufacturer\/tui-xop-epe-chong-va-dap-2\/\"]}]},{\"@type\":\"ImageObject\",\"inLanguage\":\"be\",\"@id\":\"https:\/\/epe.vn\/manufacturer\/tui-xop-epe-chong-va-dap-2\/#primaryimage\",\"url\":\"https:\/\/epe.vn\/wp-content\/uploads\/2025\/04\/Tui-xop-epe-chong-va-dap-1-1.webp\",\"contentUrl\":\"https:\/\/epe.vn\/wp-content\/uploads\/2025\/04\/Tui-xop-epe-chong-va-dap-1-1.webp\",\"width\":800,\"height\":800,\"caption\":\"Tu\u0301i xo\u0302\u0301p epe cho\u0302\u0301ng va \u0111a\u0323\u0302p (1)\"},{\"@type\":\"BreadcrumbList\",\"@id\":\"https:\/\/epe.vn\/manufacturer\/tui-xop-epe-chong-va-dap-2\/#breadcrumb\",\"itemListElement\":[{\"@type\":\"ListItem\",\"position\":1,\"name\":\"Home\",\"item\":\"https:\/\/epe.vn\/\"},{\"@type\":\"ListItem\",\"position\":2,\"name\":\"Shop\",\"item\":\"https:\/\/epe.vn\/shop\/\"},{\"@type\":\"ListItem\",\"position\":3,\"name\":\"T\u00fai x\u1ed1p EPE ch\u1ed1ng va \u0111\u1eadp | Tu\u1ef3 ch\u1ec9nh theo y\u00eau c\u1ea7u\"}]},{\"@type\":\"WebSite\",\"@id\":\"https:\/\/epe.vn\/#website\",\"url\":\"https:\/\/epe.vn\/\",\"name\":\"Nh\u00e0 s\u1ea3n xu\u1ea5t b\u1ecdt Polyethylene m\u1edf r\u1ed9ng\",\"description\":\"Nh\u00e0 cung c\u1ea5p bao b\u00ec v\u1ec9 x\u1ed1p polyethylene m\u1edf r\u1ed9ng v\u00e0 t\u00fai PE\",\"potentialAction\":[{\"@type\":\"SearchAction\",\"target\":{\"@type\":\"EntryPoint\",\"urlTemplate\":\"https:\/\/epe.vn\/?s={search_term_string}\"},\"query-input\":{\"@type\":\"PropertyValueSpecification\",\"valueRequired\":true,\"valueName\":\"search_term_string\"}}],\"inLanguage\":\"be\"}]}<\/script>\n<!-- \/ Yoast SEO plugin. -->","yoast_head_json":{"title":"T\u00fai x\u1ed1p EPE ch\u1ed1ng va \u0111\u1eadp | Tu\u1ef3 ch\u1ec9nh theo y\u00eau c\u1ea7u - Nh\u00e0 s\u1ea3n xu\u1ea5t b\u1ecdt Polyethylene m\u1edf r\u1ed9ng","description":"T\u00fai x\u1ed1p EPE ch\u1ed1ng va \u0111\u1eadp b\u1ea3o v\u1ec7 s\u1ea3n ph\u1ea9m kh\u1ecfi tr\u1ea7y x\u01b0\u1edbc, va ch\u1ea1m. Nh\u1eb9, b\u1ec1n, \u0111a d\u1ea1ng k\u00edch th\u01b0\u1edbc, d\u00f9ng cho \u0111i\u1ec7n t\u1eed, g\u1ed1m s\u1ee9, m\u1ef9 ph\u1ea9m,...","robots":{"index":"index","follow":"follow","max-snippet":"max-snippet:-1","max-image-preview":"max-image-preview:large","max-video-preview":"max-video-preview:-1"},"canonical":"https:\/\/epe.vn\/be\/manufacturer\/tui-xop-epe-chong-va-dap-2\/","og_locale":"en_US","og_type":"article","og_title":"T\u00fai x\u1ed1p EPE ch\u1ed1ng va \u0111\u1eadp | Tu\u1ef3 ch\u1ec9nh theo y\u00eau c\u1ea7u - Nh\u00e0 s\u1ea3n xu\u1ea5t b\u1ecdt Polyethylene m\u1edf r\u1ed9ng","og_description":"T\u00fai x\u1ed1p EPE ch\u1ed1ng va \u0111\u1eadp b\u1ea3o v\u1ec7 s\u1ea3n ph\u1ea9m kh\u1ecfi tr\u1ea7y x\u01b0\u1edbc, va ch\u1ea1m. Nh\u1eb9, b\u1ec1n, \u0111a d\u1ea1ng k\u00edch th\u01b0\u1edbc, d\u00f9ng cho \u0111i\u1ec7n t\u1eed, g\u1ed1m s\u1ee9, m\u1ef9 ph\u1ea9m,...","og_url":"https:\/\/epe.vn\/be\/manufacturer\/tui-xop-epe-chong-va-dap-2\/","og_site_name":"Nh\u00e0 s\u1ea3n xu\u1ea5t b\u1ecdt Polyethylene m\u1edf r\u1ed9ng","og_image":[{"width":800,"height":800,"url":"https:\/\/epe.vn\/wp-content\/uploads\/2025\/04\/Tui-xop-epe-chong-va-dap-1-1.webp","type":"image\/webp"}],"twitter_card":"summary_large_image","twitter_misc":{"Est. reading time":"2 minutes"},"schema":{"@context":"https:\/\/schema.org","@graph":[{"@type":"WebPage","@id":"https:\/\/epe.vn\/manufacturer\/tui-xop-epe-chong-va-dap-2\/","url":"https:\/\/epe.vn\/manufacturer\/tui-xop-epe-chong-va-dap-2\/","name":"T\u00fai x\u1ed1p EPE ch\u1ed1ng va \u0111\u1eadp | Tu\u1ef3 ch\u1ec9nh theo y\u00eau c\u1ea7u - Nh\u00e0 s\u1ea3n xu\u1ea5t b\u1ecdt Polyethylene m\u1edf r\u1ed9ng","isPartOf":{"@id":"https:\/\/epe.vn\/#website"},"primaryImageOfPage":{"@id":"https:\/\/epe.vn\/manufacturer\/tui-xop-epe-chong-va-dap-2\/#primaryimage"},"image":{"@id":"https:\/\/epe.vn\/manufacturer\/tui-xop-epe-chong-va-dap-2\/#primaryimage"},"thumbnailUrl":"https:\/\/epe.vn\/wp-content\/uploads\/2025\/04\/Tui-xop-epe-chong-va-dap-1-1.webp","datePublished":"2025-04-29T08:29:31+00:00","dateModified":"2025-04-29T08:29:31+00:00","description":"T\u00fai x\u1ed1p EPE ch\u1ed1ng va \u0111\u1eadp b\u1ea3o v\u1ec7 s\u1ea3n ph\u1ea9m kh\u1ecfi tr\u1ea7y x\u01b0\u1edbc, va ch\u1ea1m. Nh\u1eb9, b\u1ec1n, \u0111a d\u1ea1ng k\u00edch th\u01b0\u1edbc, d\u00f9ng cho \u0111i\u1ec7n t\u1eed, g\u1ed1m s\u1ee9, m\u1ef9 ph\u1ea9m,...","breadcrumb":{"@id":"https:\/\/epe.vn\/manufacturer\/tui-xop-epe-chong-va-dap-2\/#breadcrumb"},"inLanguage":"be","potentialAction":[{"@type":"ReadAction","target":["https:\/\/epe.vn\/manufacturer\/tui-xop-epe-chong-va-dap-2\/"]}]},{"@type":"ImageObject","inLanguage":"be","@id":"https:\/\/epe.vn\/manufacturer\/tui-xop-epe-chong-va-dap-2\/#primaryimage","url":"https:\/\/epe.vn\/wp-content\/uploads\/2025\/04\/Tui-xop-epe-chong-va-dap-1-1.webp","contentUrl":"https:\/\/epe.vn\/wp-content\/uploads\/2025\/04\/Tui-xop-epe-chong-va-dap-1-1.webp","width":800,"height":800,"caption":"Tu\u0301i xo\u0302\u0301p epe cho\u0302\u0301ng va \u0111a\u0323\u0302p (1)"},{"@type":"BreadcrumbList","@id":"https:\/\/epe.vn\/manufacturer\/tui-xop-epe-chong-va-dap-2\/#breadcrumb","itemListElement":[{"@type":"ListItem","position":1,"name":"Home","item":"https:\/\/epe.vn\/"},{"@type":"ListItem","position":2,"name":"Shop","item":"https:\/\/epe.vn\/shop\/"},{"@type":"ListItem","position":3,"name":"T\u00fai x\u1ed1p EPE ch\u1ed1ng va \u0111\u1eadp | Tu\u1ef3 ch\u1ec9nh theo y\u00eau c\u1ea7u"}]},{"@type":"WebSite","@id":"https:\/\/epe.vn\/#website","url":"https:\/\/epe.vn\/","name":"Nh\u00e0 s\u1ea3n xu\u1ea5t b\u1ecdt Polyethylene m\u1edf r\u1ed9ng","description":"Nh\u00e0 cung c\u1ea5p bao b\u00ec v\u1ec9 x\u1ed1p polyethylene m\u1edf r\u1ed9ng v\u00e0 t\u00fai PE","potentialAction":[{"@type":"SearchAction","target":{"@type":"EntryPoint","urlTemplate":"https:\/\/epe.vn\/?s={search_term_string}"},"query-input":{"@type":"PropertyValueSpecification","valueRequired":true,"valueName":"search_term_string"}}],"inLanguage":"be"}]}},"_links":{"self":[{"href":"https:\/\/epe.vn\/be\/wp-json\/wp\/v2\/product\/2062","targetHints":{"allow":["GET"]}}],"collection":[{"href":"https:\/\/epe.vn\/be\/wp-json\/wp\/v2\/product"}],"about":[{"href":"https:\/\/epe.vn\/be\/wp-json\/wp\/v2\/types\/product"}],"replies":[{"embeddable":true,"href":"https:\/\/epe.vn\/be\/wp-json\/wp\/v2\/comments?post=2062"}],"wp:featuredmedia":[{"embeddable":true,"href":"https:\/\/epe.vn\/be\/wp-json\/wp\/v2\/media\/2063"}],"wp:attachment":[{"href":"https:\/\/epe.vn\/be\/wp-json\/wp\/v2\/media?parent=2062"}],"wp:term":[{"taxonomy":"product_cat","embeddable":true,"href":"https:\/\/epe.vn\/be\/wp-json\/wp\/v2\/product_cat?post=2062"},{"taxonomy":"product_tag","embeddable":true,"href":"https:\/\/epe.vn\/be\/wp-json\/wp\/v2\/product_tag?post=2062"}],"curies":[{"name":"wp","href":"https:\/\/api.w.org\/{rel}","templated":true}]}}