{"id":2074,"date":"2025-04-29T15:41:21","date_gmt":"2025-04-29T08:41:21","guid":{"rendered":"https:\/\/epe.vn\/?post_type=product&#038;p=2074"},"modified":"2025-04-29T15:41:21","modified_gmt":"2025-04-29T08:41:21","slug":"xop-epe-boc-goc-nhon","status":"publish","type":"product","link":"https:\/\/epe.vn\/be\/manufacturer\/xop-epe-boc-goc-nhon\/","title":{"rendered":"X\u1ed1p EPE b\u1ecdc g\u00f3c nh\u1ecdn | Tu\u1ef3 ch\u1ec9nh theo y\u00eau c\u1ea7u"},"content":{"rendered":"<h2><span style=\"font-weight: 400;\">Th\u00f4ng tin s\u1ea3n ph\u1ea9m:<\/span><\/h2>\n<table>\n<tbody>\n<tr>\n<td><b>Ti\u00eau ch\u00ed<\/b><\/td>\n<td><b>Th\u00f4ng tin chi ti\u1ebft<\/b><\/td>\n<\/tr>\n<tr>\n<td><b>\u041d\u0430\u0437\u0432\u0430 \u043f\u0440\u0430\u0434\u0443\u043a\u0442\u0443<\/b><\/td>\n<td><span style=\"font-weight: 400;\">X\u1ed1p EPE b\u1ecdc g\u00f3c nh\u1ecdn<\/span><\/td>\n<\/tr>\n<tr>\n<td><b>Th\u01b0\u01a1ng hi\u1ec7u<\/b><\/td>\n<td><span style=\"font-weight: 400;\">Dong Rui Vi\u1ec7t Nam<\/span><\/td>\n<\/tr>\n<tr>\n<td><b>\u041c\u0430\u0442\u044d\u0440\u044b\u044f\u043b<\/b><\/td>\n<td><span style=\"font-weight: 400;\">EPE Foam (Expanded Polyethylene Foam)<\/span><\/td>\n<\/tr>\n<tr>\n<td><b>Ki\u1ec3u d\u00e1ng<\/b><\/td>\n<td><span style=\"font-weight: 400;\">\u0110\u1ecbnh h\u00ecnh d\u1ea1ng ch\u1eef V ho\u1eb7c tam gi\u00e1c, \u00f4m s\u00e1t c\u00e1c c\u1ea1nh nh\u1ecdn<\/span><\/td>\n<\/tr>\n<tr>\n<td><b>Xu\u1ea5t x\u1ee9<\/b><\/td>\n<td><span style=\"font-weight: 400;\">Trung Qu\u1ed1c<\/span><\/td>\n<\/tr>\n<tr>\n<td><b>\u041f\u0430\u043c\u0435\u0440<\/b><\/td>\n<td><span style=\"font-weight: 400;\">C\u1eaft theo y\u00eau c\u1ea7u, ph\u1ed5 bi\u1ebfn: 30x30mm, 40x40mm, 50x50mm<\/span><\/td>\n<\/tr>\n<tr>\n<td><b>\u0110\u1ed9 d\u00e0y<\/b><\/td>\n<td><span style=\"font-weight: 400;\">5mm \u2013 10mm<\/span><\/td>\n<\/tr>\n<tr>\n<td><b>\u041a\u043e\u043b\u0435\u0440<\/b><\/td>\n<td><span style=\"font-weight: 400;\">Tr\u1eafng, h\u1ed3ng, xanh d\u01b0\u01a1ng, \u0111en,\u2026<\/span><\/td>\n<\/tr>\n<tr>\n<td><b>T\u00ednh n\u0103ng n\u1ed5i b\u1eadt<\/b><\/td>\n<td><span style=\"font-weight: 400;\">&#8211; Ch\u1ed1ng va \u0111\u1eadp<\/span><\/p>\n<p><span style=\"font-weight: 400;\">&#8211; \u0110\u1ecbnh h\u00ecnh ch\u1eafc ch\u1eafn<\/span><\/p>\n<p><span style=\"font-weight: 400;\">&#8211; D\u1ec5 l\u1eafp \u0111\u1eb7t, nh\u1eb9, kh\u00f4ng \u0111\u1ed9c h\u1ea1i<\/span><\/td>\n<\/tr>\n<tr>\n<td><b>\u1ee8ng d\u1ee5ng ph\u1ed5 bi\u1ebfn<\/b><\/td>\n<td><span style=\"font-weight: 400;\">&#8211; B\u1ea3o v\u1ec7 g\u00f3c b\u00e0n, g\u00f3c th\u00f9ng, s\u1ea3n ph\u1ea9m \u0111\u00f3ng h\u1ed9p, thi\u1ebft b\u1ecb m\u00e1y m\u00f3c<\/span><\/p>\n<p><span style=\"font-weight: 400;\">&#8211; D\u00f9ng trong v\u1eadn chuy\u1ec3n n\u1ed9i th\u1ea5t, \u0111i\u1ec7n t\u1eed, g\u1ed1m s\u1ee9,&#8230;<\/span><\/td>\n<\/tr>\n<tr>\n<td><b>Ch\u1ee9ng nh\u1eadn ch\u1ea5t l\u01b0\u1ee3ng<\/b><\/td>\n<td><span style=\"font-weight: 400;\">ISO 9001, RoHS<\/span><\/td>\n<\/tr>\n<tr>\n<td><b>\u0110\u00f3ng g\u00f3i<\/b><\/td>\n<td><span style=\"font-weight: 400;\">Theo bao ho\u1eb7c th\u00f9ng carton, t\u00f9y s\u1ed1 l\u01b0\u1ee3ng<\/span><\/td>\n<\/tr>\n<tr>\n<td><b>L\u1ee3i \u00edch s\u1eed d\u1ee5ng<\/b><\/td>\n<td><span style=\"font-weight: 400;\">&#8211; Gi\u1ea3m t\u1ed1i \u0111a h\u01b0 h\u1ecfng khi va ch\u1ea1m<\/span><\/p>\n<p><span style=\"font-weight: 400;\">&#8211; \u0110\u1ea3m b\u1ea3o an to\u00e0n h\u00e0ng h\u00f3a v\u00e0 ng\u01b0\u1eddi s\u1eed d\u1ee5ng<\/span><\/p>\n<p><span style=\"font-weight: 400;\">&#8211; T\u1ed1i \u01b0u chi ph\u00ed \u0111\u00f3ng g\u00f3i<\/span><\/td>\n<\/tr>\n<\/tbody>\n<\/table>\n<h2><span style=\"font-weight: 400;\">Ch\u1ee9c n\u0103ng c\u1ee7a x\u1ed1p EPE b\u1ecdc g\u00f3c nh\u1ecdn:<\/span><\/h2>\n<ul>\n<li style=\"font-weight: 400;\" aria-level=\"1\"><span style=\"font-weight: 400;\">B\u1ea3o v\u1ec7 c\u00e1c g\u00f3c nh\u1ecdn kh\u1ecfi b\u1ecb va \u0111\u1eadp, n\u1ee9t v\u1ee1 ho\u1eb7c g\u00e2y nguy hi\u1ec3m trong qu\u00e1 tr\u00ecnh v\u1eadn chuy\u1ec3n.<\/span><\/li>\n<li style=\"font-weight: 400;\" aria-level=\"1\"><span style=\"font-weight: 400;\">\u0110\u1ecbnh h\u00ecnh ch\u1eafc ch\u1eafn, d\u1ec5 c\u1ed1 \u0111\u1ecbnh v\u00e0o v\u1ecb tr\u00ed c\u1ea7n b\u1ea3o v\u1ec7.<\/span><\/li>\n<\/ul>\n<h2><span style=\"font-weight: 400;\">\u01afu \u0111i\u1ec3m:<\/span><\/h2>\n<ul>\n<li style=\"font-weight: 400;\" aria-level=\"1\"><span style=\"font-weight: 400;\">Nh\u1eb9, \u0111\u00e0n h\u1ed3i cao, d\u1ec5 thao t\u00e1c.<\/span><\/li>\n<li style=\"font-weight: 400;\" aria-level=\"1\"><span style=\"font-weight: 400;\">Kh\u00f4ng th\u1ea5m n\u01b0\u1edbc, kh\u00f4ng d\u1eabn \u0111i\u1ec7n, an to\u00e0n cho m\u1ecdi m\u00f4i tr\u01b0\u1eddng s\u1eed d\u1ee5ng.<\/span><\/li>\n<li style=\"font-weight: 400;\" aria-level=\"1\"><span style=\"font-weight: 400;\">\u0110a d\u1ea1ng k\u00edch th\u01b0\u1edbc v\u00e0 m\u00e0u s\u1eafc theo y\u00eau c\u1ea7u.<\/span><\/li>\n<\/ul>","protected":false},"excerpt":{"rendered":"<p class=\"\" data-start=\"3095\" data-end=\"3395\"><strong data-start=\"3095\" data-end=\"3119\">X\u1ed1p EPE b\u1ecdc g\u00f3c nh\u1ecdn<\/strong> l\u00e0 gi\u1ea3i ph\u00e1p \u0111\u00f3ng g\u00f3i l\u00fd t\u01b0\u1edfng gi\u00fap b\u1ea3o v\u1ec7 c\u00e1c g\u00f3c c\u1ea1nh s\u1eafc nh\u1ecdn c\u1ee7a s\u1ea3n ph\u1ea9m trong qu\u00e1 tr\u00ecnh v\u1eadn chuy\u1ec3n ho\u1eb7c l\u01b0u kho. V\u1edbi thi\u1ebft k\u1ebf \u0111\u1ecbnh h\u00ecnh \u00f4m s\u00e1t v\u00e0 kh\u1ea3 n\u0103ng ch\u1ed1ng va \u0111\u1eadp v\u01b0\u1ee3t tr\u1ed9i, s\u1ea3n ph\u1ea9m ph\u00f9 h\u1ee3p v\u1edbi nhi\u1ec1u lo\u1ea1i h\u00e0ng h\u00f3a nh\u01b0 \u0111\u1ed3 g\u1ed7, thi\u1ebft b\u1ecb \u0111i\u1ec7n t\u1eed, n\u1ed9i th\u1ea5t, g\u1ed1m s\u1ee9,&#8230;<\/p>","protected":false},"featured_media":2075,"comment_status":"open","ping_status":"closed","template":"","meta":[],"product_cat":[15],"product_tag":[48,53,52],"class_list":{"0":"post-2074","1":"product","2":"type-product","3":"status-publish","4":"has-post-thumbnail","6":"product_cat-bot-pe-tuy-chinh","7":"product_tag-epe-foam","8":"product_tag-tuy-chinh-xop-epe-foam","9":"product_tag-xop-epe","11":"first","12":"instock","13":"shipping-taxable","14":"product-type-simple"},"yoast_head":"<!-- This site is optimized with the Yoast SEO plugin v23.4 - https:\/\/yoast.com\/wordpress\/plugins\/seo\/ -->\n<title>X\u1ed1p EPE b\u1ecdc g\u00f3c nh\u1ecdn | Tu\u1ef3 ch\u1ec9nh theo y\u00eau c\u1ea7u - Nh\u00e0 s\u1ea3n xu\u1ea5t b\u1ecdt Polyethylene m\u1edf r\u1ed9ng<\/title>\n<meta name=\"description\" content=\"X\u1ed1p EPE b\u1ecdc g\u00f3c nh\u1ecdn b\u1ea3o v\u1ec7 an to\u00e0n c\u1ea1nh s\u1eafc, gi\u1ea3m va ch\u1ea1m hi\u1ec7u qu\u1ea3. Nh\u1eb9, b\u1ec1n, \u0111\u1ecbnh h\u00ecnh t\u1ed1t, l\u00fd t\u01b0\u1edfng khi v\u1eadn chuy\u1ec3n \u0111\u1ed3 n\u1ed9i th\u1ea5t, \u0111i\u1ec7n t\u1eed,...\" \/>\n<meta name=\"robots\" content=\"index, follow, max-snippet:-1, max-image-preview:large, max-video-preview:-1\" \/>\n<link rel=\"canonical\" href=\"https:\/\/epe.vn\/be\/manufacturer\/xop-epe-boc-goc-nhon\/\" \/>\n<meta property=\"og:locale\" content=\"en_US\" \/>\n<meta property=\"og:type\" content=\"article\" \/>\n<meta property=\"og:title\" content=\"X\u1ed1p EPE b\u1ecdc g\u00f3c nh\u1ecdn | Tu\u1ef3 ch\u1ec9nh theo y\u00eau c\u1ea7u - Nh\u00e0 s\u1ea3n xu\u1ea5t b\u1ecdt Polyethylene m\u1edf r\u1ed9ng\" \/>\n<meta property=\"og:description\" content=\"X\u1ed1p EPE b\u1ecdc g\u00f3c nh\u1ecdn b\u1ea3o v\u1ec7 an to\u00e0n c\u1ea1nh s\u1eafc, gi\u1ea3m va ch\u1ea1m hi\u1ec7u qu\u1ea3. Nh\u1eb9, b\u1ec1n, \u0111\u1ecbnh h\u00ecnh t\u1ed1t, l\u00fd t\u01b0\u1edfng khi v\u1eadn chuy\u1ec3n \u0111\u1ed3 n\u1ed9i th\u1ea5t, \u0111i\u1ec7n t\u1eed,...\" \/>\n<meta property=\"og:url\" content=\"https:\/\/epe.vn\/be\/manufacturer\/xop-epe-boc-goc-nhon\/\" \/>\n<meta property=\"og:site_name\" content=\"Nh\u00e0 s\u1ea3n xu\u1ea5t b\u1ecdt Polyethylene m\u1edf r\u1ed9ng\" \/>\n<meta property=\"og:image\" content=\"https:\/\/epe.vn\/wp-content\/uploads\/2025\/04\/xop-EPE-boc-goc-nhon.webp\" \/>\n\t<meta property=\"og:image:width\" content=\"800\" \/>\n\t<meta property=\"og:image:height\" content=\"800\" \/>\n\t<meta property=\"og:image:type\" content=\"image\/webp\" \/>\n<meta name=\"twitter:card\" content=\"summary_large_image\" \/>\n<meta name=\"twitter:label1\" content=\"Est. reading time\" \/>\n\t<meta name=\"twitter:data1\" content=\"2 minutes\" \/>\n<script type=\"application\/ld+json\" class=\"yoast-schema-graph\">{\"@context\":\"https:\/\/schema.org\",\"@graph\":[{\"@type\":\"WebPage\",\"@id\":\"https:\/\/epe.vn\/manufacturer\/xop-epe-boc-goc-nhon\/\",\"url\":\"https:\/\/epe.vn\/manufacturer\/xop-epe-boc-goc-nhon\/\",\"name\":\"X\u1ed1p EPE b\u1ecdc g\u00f3c nh\u1ecdn | Tu\u1ef3 ch\u1ec9nh theo y\u00eau c\u1ea7u - Nh\u00e0 s\u1ea3n xu\u1ea5t b\u1ecdt Polyethylene m\u1edf r\u1ed9ng\",\"isPartOf\":{\"@id\":\"https:\/\/epe.vn\/#website\"},\"primaryImageOfPage\":{\"@id\":\"https:\/\/epe.vn\/manufacturer\/xop-epe-boc-goc-nhon\/#primaryimage\"},\"image\":{\"@id\":\"https:\/\/epe.vn\/manufacturer\/xop-epe-boc-goc-nhon\/#primaryimage\"},\"thumbnailUrl\":\"https:\/\/epe.vn\/wp-content\/uploads\/2025\/04\/xop-EPE-boc-goc-nhon.webp\",\"datePublished\":\"2025-04-29T08:41:21+00:00\",\"dateModified\":\"2025-04-29T08:41:21+00:00\",\"description\":\"X\u1ed1p EPE b\u1ecdc g\u00f3c nh\u1ecdn b\u1ea3o v\u1ec7 an to\u00e0n c\u1ea1nh s\u1eafc, gi\u1ea3m va ch\u1ea1m hi\u1ec7u qu\u1ea3. Nh\u1eb9, b\u1ec1n, \u0111\u1ecbnh h\u00ecnh t\u1ed1t, l\u00fd t\u01b0\u1edfng khi v\u1eadn chuy\u1ec3n \u0111\u1ed3 n\u1ed9i th\u1ea5t, \u0111i\u1ec7n t\u1eed,...\",\"breadcrumb\":{\"@id\":\"https:\/\/epe.vn\/manufacturer\/xop-epe-boc-goc-nhon\/#breadcrumb\"},\"inLanguage\":\"be\",\"potentialAction\":[{\"@type\":\"ReadAction\",\"target\":[\"https:\/\/epe.vn\/manufacturer\/xop-epe-boc-goc-nhon\/\"]}]},{\"@type\":\"ImageObject\",\"inLanguage\":\"be\",\"@id\":\"https:\/\/epe.vn\/manufacturer\/xop-epe-boc-goc-nhon\/#primaryimage\",\"url\":\"https:\/\/epe.vn\/wp-content\/uploads\/2025\/04\/xop-EPE-boc-goc-nhon.webp\",\"contentUrl\":\"https:\/\/epe.vn\/wp-content\/uploads\/2025\/04\/xop-EPE-boc-goc-nhon.webp\",\"width\":800,\"height\":800,\"caption\":\"xo\u0302\u0301p EPE bo\u0323c go\u0301c nho\u0323n\"},{\"@type\":\"BreadcrumbList\",\"@id\":\"https:\/\/epe.vn\/manufacturer\/xop-epe-boc-goc-nhon\/#breadcrumb\",\"itemListElement\":[{\"@type\":\"ListItem\",\"position\":1,\"name\":\"Home\",\"item\":\"https:\/\/epe.vn\/\"},{\"@type\":\"ListItem\",\"position\":2,\"name\":\"Shop\",\"item\":\"https:\/\/epe.vn\/shop\/\"},{\"@type\":\"ListItem\",\"position\":3,\"name\":\"X\u1ed1p EPE b\u1ecdc g\u00f3c nh\u1ecdn | Tu\u1ef3 ch\u1ec9nh theo y\u00eau c\u1ea7u\"}]},{\"@type\":\"WebSite\",\"@id\":\"https:\/\/epe.vn\/#website\",\"url\":\"https:\/\/epe.vn\/\",\"name\":\"Nh\u00e0 s\u1ea3n xu\u1ea5t b\u1ecdt Polyethylene m\u1edf r\u1ed9ng\",\"description\":\"Nh\u00e0 cung c\u1ea5p bao b\u00ec v\u1ec9 x\u1ed1p polyethylene m\u1edf r\u1ed9ng v\u00e0 t\u00fai PE\",\"potentialAction\":[{\"@type\":\"SearchAction\",\"target\":{\"@type\":\"EntryPoint\",\"urlTemplate\":\"https:\/\/epe.vn\/?s={search_term_string}\"},\"query-input\":{\"@type\":\"PropertyValueSpecification\",\"valueRequired\":true,\"valueName\":\"search_term_string\"}}],\"inLanguage\":\"be\"}]}<\/script>\n<!-- \/ Yoast SEO plugin. -->","yoast_head_json":{"title":"X\u1ed1p EPE b\u1ecdc g\u00f3c nh\u1ecdn | Tu\u1ef3 ch\u1ec9nh theo y\u00eau c\u1ea7u - Nh\u00e0 s\u1ea3n xu\u1ea5t b\u1ecdt Polyethylene m\u1edf r\u1ed9ng","description":"X\u1ed1p EPE b\u1ecdc g\u00f3c nh\u1ecdn b\u1ea3o v\u1ec7 an to\u00e0n c\u1ea1nh s\u1eafc, gi\u1ea3m va ch\u1ea1m hi\u1ec7u qu\u1ea3. Nh\u1eb9, b\u1ec1n, \u0111\u1ecbnh h\u00ecnh t\u1ed1t, l\u00fd t\u01b0\u1edfng khi v\u1eadn chuy\u1ec3n \u0111\u1ed3 n\u1ed9i th\u1ea5t, \u0111i\u1ec7n t\u1eed,...","robots":{"index":"index","follow":"follow","max-snippet":"max-snippet:-1","max-image-preview":"max-image-preview:large","max-video-preview":"max-video-preview:-1"},"canonical":"https:\/\/epe.vn\/be\/manufacturer\/xop-epe-boc-goc-nhon\/","og_locale":"en_US","og_type":"article","og_title":"X\u1ed1p EPE b\u1ecdc g\u00f3c nh\u1ecdn | Tu\u1ef3 ch\u1ec9nh theo y\u00eau c\u1ea7u - Nh\u00e0 s\u1ea3n xu\u1ea5t b\u1ecdt Polyethylene m\u1edf r\u1ed9ng","og_description":"X\u1ed1p EPE b\u1ecdc g\u00f3c nh\u1ecdn b\u1ea3o v\u1ec7 an to\u00e0n c\u1ea1nh s\u1eafc, gi\u1ea3m va ch\u1ea1m hi\u1ec7u qu\u1ea3. Nh\u1eb9, b\u1ec1n, \u0111\u1ecbnh h\u00ecnh t\u1ed1t, l\u00fd t\u01b0\u1edfng khi v\u1eadn chuy\u1ec3n \u0111\u1ed3 n\u1ed9i th\u1ea5t, \u0111i\u1ec7n t\u1eed,...","og_url":"https:\/\/epe.vn\/be\/manufacturer\/xop-epe-boc-goc-nhon\/","og_site_name":"Nh\u00e0 s\u1ea3n xu\u1ea5t b\u1ecdt Polyethylene m\u1edf r\u1ed9ng","og_image":[{"width":800,"height":800,"url":"https:\/\/epe.vn\/wp-content\/uploads\/2025\/04\/xop-EPE-boc-goc-nhon.webp","type":"image\/webp"}],"twitter_card":"summary_large_image","twitter_misc":{"Est. reading time":"2 minutes"},"schema":{"@context":"https:\/\/schema.org","@graph":[{"@type":"WebPage","@id":"https:\/\/epe.vn\/manufacturer\/xop-epe-boc-goc-nhon\/","url":"https:\/\/epe.vn\/manufacturer\/xop-epe-boc-goc-nhon\/","name":"X\u1ed1p EPE b\u1ecdc g\u00f3c nh\u1ecdn | Tu\u1ef3 ch\u1ec9nh theo y\u00eau c\u1ea7u - Nh\u00e0 s\u1ea3n xu\u1ea5t b\u1ecdt Polyethylene m\u1edf r\u1ed9ng","isPartOf":{"@id":"https:\/\/epe.vn\/#website"},"primaryImageOfPage":{"@id":"https:\/\/epe.vn\/manufacturer\/xop-epe-boc-goc-nhon\/#primaryimage"},"image":{"@id":"https:\/\/epe.vn\/manufacturer\/xop-epe-boc-goc-nhon\/#primaryimage"},"thumbnailUrl":"https:\/\/epe.vn\/wp-content\/uploads\/2025\/04\/xop-EPE-boc-goc-nhon.webp","datePublished":"2025-04-29T08:41:21+00:00","dateModified":"2025-04-29T08:41:21+00:00","description":"X\u1ed1p EPE b\u1ecdc g\u00f3c nh\u1ecdn b\u1ea3o v\u1ec7 an to\u00e0n c\u1ea1nh s\u1eafc, gi\u1ea3m va ch\u1ea1m hi\u1ec7u qu\u1ea3. Nh\u1eb9, b\u1ec1n, \u0111\u1ecbnh h\u00ecnh t\u1ed1t, l\u00fd t\u01b0\u1edfng khi v\u1eadn chuy\u1ec3n \u0111\u1ed3 n\u1ed9i th\u1ea5t, \u0111i\u1ec7n t\u1eed,...","breadcrumb":{"@id":"https:\/\/epe.vn\/manufacturer\/xop-epe-boc-goc-nhon\/#breadcrumb"},"inLanguage":"be","potentialAction":[{"@type":"ReadAction","target":["https:\/\/epe.vn\/manufacturer\/xop-epe-boc-goc-nhon\/"]}]},{"@type":"ImageObject","inLanguage":"be","@id":"https:\/\/epe.vn\/manufacturer\/xop-epe-boc-goc-nhon\/#primaryimage","url":"https:\/\/epe.vn\/wp-content\/uploads\/2025\/04\/xop-EPE-boc-goc-nhon.webp","contentUrl":"https:\/\/epe.vn\/wp-content\/uploads\/2025\/04\/xop-EPE-boc-goc-nhon.webp","width":800,"height":800,"caption":"xo\u0302\u0301p EPE bo\u0323c go\u0301c nho\u0323n"},{"@type":"BreadcrumbList","@id":"https:\/\/epe.vn\/manufacturer\/xop-epe-boc-goc-nhon\/#breadcrumb","itemListElement":[{"@type":"ListItem","position":1,"name":"Home","item":"https:\/\/epe.vn\/"},{"@type":"ListItem","position":2,"name":"Shop","item":"https:\/\/epe.vn\/shop\/"},{"@type":"ListItem","position":3,"name":"X\u1ed1p EPE b\u1ecdc g\u00f3c nh\u1ecdn | Tu\u1ef3 ch\u1ec9nh theo y\u00eau c\u1ea7u"}]},{"@type":"WebSite","@id":"https:\/\/epe.vn\/#website","url":"https:\/\/epe.vn\/","name":"Nh\u00e0 s\u1ea3n xu\u1ea5t b\u1ecdt Polyethylene m\u1edf r\u1ed9ng","description":"Nh\u00e0 cung c\u1ea5p bao b\u00ec v\u1ec9 x\u1ed1p polyethylene m\u1edf r\u1ed9ng v\u00e0 t\u00fai PE","potentialAction":[{"@type":"SearchAction","target":{"@type":"EntryPoint","urlTemplate":"https:\/\/epe.vn\/?s={search_term_string}"},"query-input":{"@type":"PropertyValueSpecification","valueRequired":true,"valueName":"search_term_string"}}],"inLanguage":"be"}]}},"_links":{"self":[{"href":"https:\/\/epe.vn\/be\/wp-json\/wp\/v2\/product\/2074","targetHints":{"allow":["GET"]}}],"collection":[{"href":"https:\/\/epe.vn\/be\/wp-json\/wp\/v2\/product"}],"about":[{"href":"https:\/\/epe.vn\/be\/wp-json\/wp\/v2\/types\/product"}],"replies":[{"embeddable":true,"href":"https:\/\/epe.vn\/be\/wp-json\/wp\/v2\/comments?post=2074"}],"wp:featuredmedia":[{"embeddable":true,"href":"https:\/\/epe.vn\/be\/wp-json\/wp\/v2\/media\/2075"}],"wp:attachment":[{"href":"https:\/\/epe.vn\/be\/wp-json\/wp\/v2\/media?parent=2074"}],"wp:term":[{"taxonomy":"product_cat","embeddable":true,"href":"https:\/\/epe.vn\/be\/wp-json\/wp\/v2\/product_cat?post=2074"},{"taxonomy":"product_tag","embeddable":true,"href":"https:\/\/epe.vn\/be\/wp-json\/wp\/v2\/product_tag?post=2074"}],"curies":[{"name":"wp","href":"https:\/\/api.w.org\/{rel}","templated":true}]}}