{"id":2245,"date":"2025-05-06T13:53:44","date_gmt":"2025-05-06T06:53:44","guid":{"rendered":"https:\/\/epe.vn\/?post_type=product&#038;p=2245"},"modified":"2025-05-06T13:53:44","modified_gmt":"2025-05-06T06:53:44","slug":"khay-xop-epe-dung-trung","status":"publish","type":"product","link":"https:\/\/epe.vn\/be\/manufacturer\/khay-xop-epe-dung-trung\/","title":{"rendered":"Khay x\u1ed1p EPE \u0111\u1ef1ng tr\u1ee9ng | Tu\u1ef3 ch\u1ec9nh \u0111\u1ed3 gia d\u1ee5ng th\u00f4ng minh"},"content":{"rendered":"<h2><span style=\"font-weight: 400;\">Th\u00f4ng tin s\u1ea3n ph\u1ea9m:<\/span><\/h2>\n<table>\n<tbody>\n<tr>\n<td><b>Ti\u00eau ch\u00ed<\/b><\/td>\n<td><b>Th\u00f4ng tin chi ti\u1ebft<\/b><\/td>\n<\/tr>\n<tr>\n<td><b>\u041d\u0430\u0437\u0432\u0430 \u043f\u0440\u0430\u0434\u0443\u043a\u0442\u0443<\/b><\/td>\n<td><span style=\"font-weight: 400;\">Khay x\u1ed1p EPE \u0111\u1ef1ng tr\u1ee9ng<\/span><\/td>\n<\/tr>\n<tr>\n<td><b>\u041c\u0430\u0442\u044d\u0440\u044b\u044f\u043b<\/b><\/td>\n<td><span style=\"font-weight: 400;\">X\u1ed1p EPE (Expanded Polyethylene)<\/span><\/td>\n<\/tr>\n<tr>\n<td><b>Ki\u1ec3u d\u00e1ng<\/b><\/td>\n<td><span style=\"font-weight: 400;\">Khay \u0111\u1ecbnh h\u00ecnh s\u1eb5n nhi\u1ec1u h\u1ed9c tr\u00f2n ho\u1eb7c \u00f4 l\u00f5m theo k\u00edch th\u01b0\u1edbc tr\u1ee9ng<\/span><\/td>\n<\/tr>\n<tr>\n<td><b>\u041f\u0430\u043c\u0435\u0440<\/b><\/td>\n<td><span style=\"font-weight: 400;\">Theo y\u00eau c\u1ea7u (th\u01b0\u1eddng 10, 20, 30 tr\u1ee9ng\/khay)<\/span><\/td>\n<\/tr>\n<tr>\n<td><b>\u041a\u043e\u043b\u0435\u0440<\/b><\/td>\n<td><span style=\"font-weight: 400;\">Tr\u1eafng, \u0111en, xanh ho\u1eb7c theo \u0111\u1eb7t h\u00e0ng<\/span><\/td>\n<\/tr>\n<tr>\n<td><b>T\u00ednh n\u0103ng n\u1ed5i b\u1eadt<\/b><\/td>\n<td><span style=\"font-weight: 400;\">Ch\u1ed1ng va \u0111\u1eadp, b\u1ea3o v\u1ec7 tr\u1ee9ng kh\u00f4ng b\u1ecb v\u1ee1 khi v\u1eadn chuy\u1ec3n ho\u1eb7c l\u01b0u tr\u1eef<\/span><\/td>\n<\/tr>\n<tr>\n<td><b>\u1ee8ng d\u1ee5ng ph\u1ed5 bi\u1ebfn<\/b><\/td>\n<td><span style=\"font-weight: 400;\">N\u00f4ng tr\u1ea1i, si\u00eau th\u1ecb, nh\u00e0 ph\u00e2n ph\u1ed1i tr\u1ee9ng, v\u1eadn chuy\u1ec3n h\u00e0ng h\u00f3a<\/span><\/td>\n<\/tr>\n<tr>\n<td><b>Xu\u1ea5t x\u1ee9<\/b><\/td>\n<td><span style=\"font-weight: 400;\">Vi\u1ec7t Nam<\/span><\/td>\n<\/tr>\n<tr>\n<td><b>\u0110\u00f3ng g\u00f3i<\/b><\/td>\n<td><span style=\"font-weight: 400;\">Theo l\u00f4 ho\u1eb7c b\u1ed9 t\u00f9y theo nhu c\u1ea7u<\/span><\/td>\n<\/tr>\n<tr>\n<td><b>Th\u00e2n thi\u1ec7n m\u00f4i tr\u01b0\u1eddng<\/b><\/td>\n<td><span style=\"font-weight: 400;\">C\u00f3 th\u1ec3 t\u00e1i s\u1eed d\u1ee5ng, kh\u00f4ng g\u00e2y \u0111\u1ed9c, d\u1ec5 ph\u00e2n h\u1ee7y h\u01a1n c\u00e1c v\u1eadt li\u1ec7u nh\u1ef1a th\u00f4ng th\u01b0\u1eddng<\/span><\/td>\n<\/tr>\n<\/tbody>\n<\/table>\n<h2><b>Ch\u1ee9c n\u0103ng c\u1ee7a Khay x\u1ed1p EPE \u0111\u1ef1ng tr\u1ee9ng:<\/b><\/h2>\n<ul>\n<li style=\"font-weight: 400;\" aria-level=\"1\"><span style=\"font-weight: 400;\">B\u1ea3o v\u1ec7 tr\u1ee9ng kh\u1ecfi n\u1ee9t, v\u1ee1 trong qu\u00e1 tr\u00ecnh l\u01b0u kho ho\u1eb7c v\u1eadn chuy\u1ec3n.<\/span><\/li>\n<li style=\"font-weight: 400;\" aria-level=\"1\"><span style=\"font-weight: 400;\">Gi\u00fap s\u1eafp x\u1ebfp g\u1ecdn g\u00e0ng, d\u1ec5 qu\u1ea3n l\u00fd v\u00e0 ki\u1ec3m \u0111\u1ebfm s\u1ed1 l\u01b0\u1ee3ng.<\/span><\/li>\n<\/ul>\n<h2><span style=\"font-weight: 400;\">\u01afu \u0111i\u1ec3m:<\/span><\/h2>\n<ul>\n<li style=\"font-weight: 400;\" aria-level=\"1\"><span style=\"font-weight: 400;\">Nh\u1eb9, \u0111\u00e0n h\u1ed3i t\u1ed1t, ch\u1ed1ng s\u1ed1c hi\u1ec7u qu\u1ea3.<\/span><\/li>\n<li style=\"font-weight: 400;\" aria-level=\"1\"><span style=\"font-weight: 400;\">C\u00f3 th\u1ec3 t\u00e1i s\u1eed d\u1ee5ng nhi\u1ec1u l\u1ea7n, ti\u1ebft ki\u1ec7m chi ph\u00ed cho \u0111\u01a1n v\u1ecb v\u1eadn h\u00e0nh.<\/span><\/li>\n<li style=\"font-weight: 400;\" aria-level=\"1\"><span style=\"font-weight: 400;\">S\u1ea3n xu\u1ea5t theo y\u00eau c\u1ea7u, ph\u00f9 h\u1ee3p v\u1edbi nhi\u1ec1u lo\u1ea1i tr\u1ee9ng (g\u00e0, v\u1ecbt, c\u00fat&#8230;).<\/span><\/li>\n<\/ul>","protected":false},"excerpt":{"rendered":"<p><b>Khay x\u1ed1p EPE \u0111\u1ef1ng tr\u1ee9ng<\/b><span style=\"font-weight: 400;\"> l\u00e0 gi\u1ea3i ph\u00e1p l\u00fd t\u01b0\u1edfng cho vi\u1ec7c b\u1ea3o qu\u1ea3n v\u00e0 v\u1eadn chuy\u1ec3n tr\u1ee9ng an to\u00e0n, tr\u00e1nh n\u1ee9t v\u1ee1 trong qu\u00e1 tr\u00ecnh ph\u00e2n ph\u1ed1i. V\u1edbi thi\u1ebft k\u1ebf \u0111\u1ecbnh h\u00ecnh \u00f4 tr\u00f2n chu\u1ea9n x\u00e1c c\u00f9ng ch\u1ea5t li\u1ec7u EPE b\u1ec1n nh\u1eb9, khay gi\u00fap t\u0103ng \u0111\u1ed9 \u1ed5n \u0111\u1ecbnh khi x\u1ebfp ch\u1ed3ng, ti\u1ebft ki\u1ec7m kh\u00f4ng gian v\u00e0 n\u00e2ng cao hi\u1ec7u qu\u1ea3 l\u01b0u tr\u1eef. \u0110\u00e2y l\u00e0 l\u1ef1a ch\u1ecdn \u0111\u01b0\u1ee3c tin d\u00f9ng t\u1ea1i c\u00e1c n\u00f4ng tr\u1ea1i, h\u1ec7 th\u1ed1ng b\u00e1n l\u1ebb v\u00e0 c\u01a1 s\u1edf cung \u1ee9ng th\u1ef1c ph\u1ea9m.<\/span><\/p>","protected":false},"featured_media":2246,"comment_status":"open","ping_status":"closed","template":"","meta":[],"product_cat":[15],"product_tag":[48,47,65,52],"class_list":{"0":"post-2245","1":"product","2":"type-product","3":"status-publish","4":"has-post-thumbnail","6":"product_cat-bot-pe-tuy-chinh","7":"product_tag-epe-foam","8":"product_tag-mut-xop-epe","9":"product_tag-tuy-chon-xop-epe","10":"product_tag-xop-epe","12":"first","13":"instock","14":"shipping-taxable","15":"product-type-simple"},"yoast_head":"<!-- This site is optimized with the Yoast SEO plugin v23.4 - https:\/\/yoast.com\/wordpress\/plugins\/seo\/ -->\n<title>Khay x\u1ed1p EPE \u0111\u1ef1ng tr\u1ee9ng | Tu\u1ef3 ch\u1ec9nh \u0111\u1ed3 gia d\u1ee5ng th\u00f4ng minh - Nh\u00e0 s\u1ea3n xu\u1ea5t b\u1ecdt Polyethylene m\u1edf r\u1ed9ng<\/title>\n<meta name=\"description\" content=\"Khay x\u1ed1p EPE \u0111\u1ef1ng tr\u1ee9ng ch\u1ed1ng va \u0111\u1eadp, nh\u1eb9, t\u00e1i s\u1eed d\u1ee5ng, b\u1ea3o v\u1ec7 tr\u1ee9ng an to\u00e0n trong v\u1eadn chuy\u1ec3n. Gi\u1ea3i ph\u00e1p l\u00fd t\u01b0\u1edfng cho n\u00f4ng tr\u1ea1i, si\u00eau th\u1ecb, nh\u00e0 ph\u00e2n ph\u1ed1i.\" \/>\n<meta name=\"robots\" content=\"index, follow, max-snippet:-1, max-image-preview:large, max-video-preview:-1\" \/>\n<link rel=\"canonical\" href=\"https:\/\/epe.vn\/be\/manufacturer\/khay-xop-epe-dung-trung\/\" \/>\n<meta property=\"og:locale\" content=\"en_US\" \/>\n<meta property=\"og:type\" content=\"article\" \/>\n<meta property=\"og:title\" content=\"Khay x\u1ed1p EPE \u0111\u1ef1ng tr\u1ee9ng | Tu\u1ef3 ch\u1ec9nh \u0111\u1ed3 gia d\u1ee5ng th\u00f4ng minh - Nh\u00e0 s\u1ea3n xu\u1ea5t b\u1ecdt Polyethylene m\u1edf r\u1ed9ng\" \/>\n<meta property=\"og:description\" content=\"Khay x\u1ed1p EPE \u0111\u1ef1ng tr\u1ee9ng ch\u1ed1ng va \u0111\u1eadp, nh\u1eb9, t\u00e1i s\u1eed d\u1ee5ng, b\u1ea3o v\u1ec7 tr\u1ee9ng an to\u00e0n trong v\u1eadn chuy\u1ec3n. Gi\u1ea3i ph\u00e1p l\u00fd t\u01b0\u1edfng cho n\u00f4ng tr\u1ea1i, si\u00eau th\u1ecb, nh\u00e0 ph\u00e2n ph\u1ed1i.\" \/>\n<meta property=\"og:url\" content=\"https:\/\/epe.vn\/be\/manufacturer\/khay-xop-epe-dung-trung\/\" \/>\n<meta property=\"og:site_name\" content=\"Nh\u00e0 s\u1ea3n xu\u1ea5t b\u1ecdt Polyethylene m\u1edf r\u1ed9ng\" \/>\n<meta property=\"og:image\" content=\"https:\/\/epe.vn\/wp-content\/uploads\/2025\/05\/Khay-xop-EPE-dung-trung.webp\" \/>\n\t<meta property=\"og:image:width\" content=\"800\" \/>\n\t<meta property=\"og:image:height\" content=\"800\" \/>\n\t<meta property=\"og:image:type\" content=\"image\/webp\" \/>\n<meta name=\"twitter:card\" content=\"summary_large_image\" \/>\n<meta name=\"twitter:label1\" content=\"Est. reading time\" \/>\n\t<meta name=\"twitter:data1\" content=\"2 minutes\" \/>\n<script type=\"application\/ld+json\" class=\"yoast-schema-graph\">{\"@context\":\"https:\/\/schema.org\",\"@graph\":[{\"@type\":\"WebPage\",\"@id\":\"https:\/\/epe.vn\/manufacturer\/khay-xop-epe-dung-trung\/\",\"url\":\"https:\/\/epe.vn\/manufacturer\/khay-xop-epe-dung-trung\/\",\"name\":\"Khay x\u1ed1p EPE \u0111\u1ef1ng tr\u1ee9ng | Tu\u1ef3 ch\u1ec9nh \u0111\u1ed3 gia d\u1ee5ng th\u00f4ng minh - Nh\u00e0 s\u1ea3n xu\u1ea5t b\u1ecdt Polyethylene m\u1edf r\u1ed9ng\",\"isPartOf\":{\"@id\":\"https:\/\/epe.vn\/#website\"},\"primaryImageOfPage\":{\"@id\":\"https:\/\/epe.vn\/manufacturer\/khay-xop-epe-dung-trung\/#primaryimage\"},\"image\":{\"@id\":\"https:\/\/epe.vn\/manufacturer\/khay-xop-epe-dung-trung\/#primaryimage\"},\"thumbnailUrl\":\"https:\/\/epe.vn\/wp-content\/uploads\/2025\/05\/Khay-xop-EPE-dung-trung.webp\",\"datePublished\":\"2025-05-06T06:53:44+00:00\",\"dateModified\":\"2025-05-06T06:53:44+00:00\",\"description\":\"Khay x\u1ed1p EPE \u0111\u1ef1ng tr\u1ee9ng ch\u1ed1ng va \u0111\u1eadp, nh\u1eb9, t\u00e1i s\u1eed d\u1ee5ng, b\u1ea3o v\u1ec7 tr\u1ee9ng an to\u00e0n trong v\u1eadn chuy\u1ec3n. Gi\u1ea3i ph\u00e1p l\u00fd t\u01b0\u1edfng cho n\u00f4ng tr\u1ea1i, si\u00eau th\u1ecb, nh\u00e0 ph\u00e2n ph\u1ed1i.\",\"breadcrumb\":{\"@id\":\"https:\/\/epe.vn\/manufacturer\/khay-xop-epe-dung-trung\/#breadcrumb\"},\"inLanguage\":\"be\",\"potentialAction\":[{\"@type\":\"ReadAction\",\"target\":[\"https:\/\/epe.vn\/manufacturer\/khay-xop-epe-dung-trung\/\"]}]},{\"@type\":\"ImageObject\",\"inLanguage\":\"be\",\"@id\":\"https:\/\/epe.vn\/manufacturer\/khay-xop-epe-dung-trung\/#primaryimage\",\"url\":\"https:\/\/epe.vn\/wp-content\/uploads\/2025\/05\/Khay-xop-EPE-dung-trung.webp\",\"contentUrl\":\"https:\/\/epe.vn\/wp-content\/uploads\/2025\/05\/Khay-xop-EPE-dung-trung.webp\",\"width\":800,\"height\":800,\"caption\":\"Khay xo\u0302\u0301p EPE \u0111u\u031b\u0323ng tru\u031b\u0301ng\"},{\"@type\":\"BreadcrumbList\",\"@id\":\"https:\/\/epe.vn\/manufacturer\/khay-xop-epe-dung-trung\/#breadcrumb\",\"itemListElement\":[{\"@type\":\"ListItem\",\"position\":1,\"name\":\"Home\",\"item\":\"https:\/\/epe.vn\/\"},{\"@type\":\"ListItem\",\"position\":2,\"name\":\"Shop\",\"item\":\"https:\/\/epe.vn\/shop\/\"},{\"@type\":\"ListItem\",\"position\":3,\"name\":\"Khay x\u1ed1p EPE \u0111\u1ef1ng tr\u1ee9ng | Tu\u1ef3 ch\u1ec9nh \u0111\u1ed3 gia d\u1ee5ng th\u00f4ng minh\"}]},{\"@type\":\"WebSite\",\"@id\":\"https:\/\/epe.vn\/#website\",\"url\":\"https:\/\/epe.vn\/\",\"name\":\"Nh\u00e0 s\u1ea3n xu\u1ea5t b\u1ecdt Polyethylene m\u1edf r\u1ed9ng\",\"description\":\"Nh\u00e0 cung c\u1ea5p bao b\u00ec v\u1ec9 x\u1ed1p polyethylene m\u1edf r\u1ed9ng v\u00e0 t\u00fai PE\",\"potentialAction\":[{\"@type\":\"SearchAction\",\"target\":{\"@type\":\"EntryPoint\",\"urlTemplate\":\"https:\/\/epe.vn\/?s={search_term_string}\"},\"query-input\":{\"@type\":\"PropertyValueSpecification\",\"valueRequired\":true,\"valueName\":\"search_term_string\"}}],\"inLanguage\":\"be\"}]}<\/script>\n<!-- \/ Yoast SEO plugin. -->","yoast_head_json":{"title":"Khay x\u1ed1p EPE \u0111\u1ef1ng tr\u1ee9ng | Tu\u1ef3 ch\u1ec9nh \u0111\u1ed3 gia d\u1ee5ng th\u00f4ng minh - Nh\u00e0 s\u1ea3n xu\u1ea5t b\u1ecdt Polyethylene m\u1edf r\u1ed9ng","description":"Khay x\u1ed1p EPE \u0111\u1ef1ng tr\u1ee9ng ch\u1ed1ng va \u0111\u1eadp, nh\u1eb9, t\u00e1i s\u1eed d\u1ee5ng, b\u1ea3o v\u1ec7 tr\u1ee9ng an to\u00e0n trong v\u1eadn chuy\u1ec3n. Gi\u1ea3i ph\u00e1p l\u00fd t\u01b0\u1edfng cho n\u00f4ng tr\u1ea1i, si\u00eau th\u1ecb, nh\u00e0 ph\u00e2n ph\u1ed1i.","robots":{"index":"index","follow":"follow","max-snippet":"max-snippet:-1","max-image-preview":"max-image-preview:large","max-video-preview":"max-video-preview:-1"},"canonical":"https:\/\/epe.vn\/be\/manufacturer\/khay-xop-epe-dung-trung\/","og_locale":"en_US","og_type":"article","og_title":"Khay x\u1ed1p EPE \u0111\u1ef1ng tr\u1ee9ng | Tu\u1ef3 ch\u1ec9nh \u0111\u1ed3 gia d\u1ee5ng th\u00f4ng minh - Nh\u00e0 s\u1ea3n xu\u1ea5t b\u1ecdt Polyethylene m\u1edf r\u1ed9ng","og_description":"Khay x\u1ed1p EPE \u0111\u1ef1ng tr\u1ee9ng ch\u1ed1ng va \u0111\u1eadp, nh\u1eb9, t\u00e1i s\u1eed d\u1ee5ng, b\u1ea3o v\u1ec7 tr\u1ee9ng an to\u00e0n trong v\u1eadn chuy\u1ec3n. Gi\u1ea3i ph\u00e1p l\u00fd t\u01b0\u1edfng cho n\u00f4ng tr\u1ea1i, si\u00eau th\u1ecb, nh\u00e0 ph\u00e2n ph\u1ed1i.","og_url":"https:\/\/epe.vn\/be\/manufacturer\/khay-xop-epe-dung-trung\/","og_site_name":"Nh\u00e0 s\u1ea3n xu\u1ea5t b\u1ecdt Polyethylene m\u1edf r\u1ed9ng","og_image":[{"width":800,"height":800,"url":"https:\/\/epe.vn\/wp-content\/uploads\/2025\/05\/Khay-xop-EPE-dung-trung.webp","type":"image\/webp"}],"twitter_card":"summary_large_image","twitter_misc":{"Est. reading time":"2 minutes"},"schema":{"@context":"https:\/\/schema.org","@graph":[{"@type":"WebPage","@id":"https:\/\/epe.vn\/manufacturer\/khay-xop-epe-dung-trung\/","url":"https:\/\/epe.vn\/manufacturer\/khay-xop-epe-dung-trung\/","name":"Khay x\u1ed1p EPE \u0111\u1ef1ng tr\u1ee9ng | Tu\u1ef3 ch\u1ec9nh \u0111\u1ed3 gia d\u1ee5ng th\u00f4ng minh - Nh\u00e0 s\u1ea3n xu\u1ea5t b\u1ecdt Polyethylene m\u1edf r\u1ed9ng","isPartOf":{"@id":"https:\/\/epe.vn\/#website"},"primaryImageOfPage":{"@id":"https:\/\/epe.vn\/manufacturer\/khay-xop-epe-dung-trung\/#primaryimage"},"image":{"@id":"https:\/\/epe.vn\/manufacturer\/khay-xop-epe-dung-trung\/#primaryimage"},"thumbnailUrl":"https:\/\/epe.vn\/wp-content\/uploads\/2025\/05\/Khay-xop-EPE-dung-trung.webp","datePublished":"2025-05-06T06:53:44+00:00","dateModified":"2025-05-06T06:53:44+00:00","description":"Khay x\u1ed1p EPE \u0111\u1ef1ng tr\u1ee9ng ch\u1ed1ng va \u0111\u1eadp, nh\u1eb9, t\u00e1i s\u1eed d\u1ee5ng, b\u1ea3o v\u1ec7 tr\u1ee9ng an to\u00e0n trong v\u1eadn chuy\u1ec3n. Gi\u1ea3i ph\u00e1p l\u00fd t\u01b0\u1edfng cho n\u00f4ng tr\u1ea1i, si\u00eau th\u1ecb, nh\u00e0 ph\u00e2n ph\u1ed1i.","breadcrumb":{"@id":"https:\/\/epe.vn\/manufacturer\/khay-xop-epe-dung-trung\/#breadcrumb"},"inLanguage":"be","potentialAction":[{"@type":"ReadAction","target":["https:\/\/epe.vn\/manufacturer\/khay-xop-epe-dung-trung\/"]}]},{"@type":"ImageObject","inLanguage":"be","@id":"https:\/\/epe.vn\/manufacturer\/khay-xop-epe-dung-trung\/#primaryimage","url":"https:\/\/epe.vn\/wp-content\/uploads\/2025\/05\/Khay-xop-EPE-dung-trung.webp","contentUrl":"https:\/\/epe.vn\/wp-content\/uploads\/2025\/05\/Khay-xop-EPE-dung-trung.webp","width":800,"height":800,"caption":"Khay xo\u0302\u0301p EPE \u0111u\u031b\u0323ng tru\u031b\u0301ng"},{"@type":"BreadcrumbList","@id":"https:\/\/epe.vn\/manufacturer\/khay-xop-epe-dung-trung\/#breadcrumb","itemListElement":[{"@type":"ListItem","position":1,"name":"Home","item":"https:\/\/epe.vn\/"},{"@type":"ListItem","position":2,"name":"Shop","item":"https:\/\/epe.vn\/shop\/"},{"@type":"ListItem","position":3,"name":"Khay x\u1ed1p EPE \u0111\u1ef1ng tr\u1ee9ng | Tu\u1ef3 ch\u1ec9nh \u0111\u1ed3 gia d\u1ee5ng th\u00f4ng minh"}]},{"@type":"WebSite","@id":"https:\/\/epe.vn\/#website","url":"https:\/\/epe.vn\/","name":"Nh\u00e0 s\u1ea3n xu\u1ea5t b\u1ecdt Polyethylene m\u1edf r\u1ed9ng","description":"Nh\u00e0 cung c\u1ea5p bao b\u00ec v\u1ec9 x\u1ed1p polyethylene m\u1edf r\u1ed9ng v\u00e0 t\u00fai PE","potentialAction":[{"@type":"SearchAction","target":{"@type":"EntryPoint","urlTemplate":"https:\/\/epe.vn\/?s={search_term_string}"},"query-input":{"@type":"PropertyValueSpecification","valueRequired":true,"valueName":"search_term_string"}}],"inLanguage":"be"}]}},"_links":{"self":[{"href":"https:\/\/epe.vn\/be\/wp-json\/wp\/v2\/product\/2245","targetHints":{"allow":["GET"]}}],"collection":[{"href":"https:\/\/epe.vn\/be\/wp-json\/wp\/v2\/product"}],"about":[{"href":"https:\/\/epe.vn\/be\/wp-json\/wp\/v2\/types\/product"}],"replies":[{"embeddable":true,"href":"https:\/\/epe.vn\/be\/wp-json\/wp\/v2\/comments?post=2245"}],"wp:featuredmedia":[{"embeddable":true,"href":"https:\/\/epe.vn\/be\/wp-json\/wp\/v2\/media\/2246"}],"wp:attachment":[{"href":"https:\/\/epe.vn\/be\/wp-json\/wp\/v2\/media?parent=2245"}],"wp:term":[{"taxonomy":"product_cat","embeddable":true,"href":"https:\/\/epe.vn\/be\/wp-json\/wp\/v2\/product_cat?post=2245"},{"taxonomy":"product_tag","embeddable":true,"href":"https:\/\/epe.vn\/be\/wp-json\/wp\/v2\/product_tag?post=2245"}],"curies":[{"name":"wp","href":"https:\/\/api.w.org\/{rel}","templated":true}]}}