{"id":1393,"date":"2023-06-08T07:38:38","date_gmt":"2023-06-08T07:38:38","guid":{"rendered":"https:\/\/epe.vn\/?post_type=product&#038;p=1393"},"modified":"2025-02-12T14:18:15","modified_gmt":"2025-02-12T07:18:15","slug":"mut-boc-hang-nha-may","status":"publish","type":"product","link":"https:\/\/epe.vn\/bn\/manufacturer\/mut-boc-hang-nha-may\/","title":{"rendered":"\u09ad\u09bf\u09af\u09bc\u09c7\u09a4\u09a8\u09be\u09ae \u09ac\u09cd\u09af\u0995\u09cd\u09a4\u09bf\u0997\u09a4\u0995\u09c3\u09a4 \u09aa\u09bf\u0987 \u09ab\u09cb\u09ae | \u0995\u09be\u09b0\u0996\u09be\u09a8\u09be\u09b0 \u09ab\u09cb\u09ae \u0995\u09ad\u09be\u09b0"},"content":{"rendered":"<div id=\"featurebullets_feature_div\" class=\"celwidget\" data-feature-name=\"featurebullets\" data-csa-c-type=\"widget\" data-csa-c-content-id=\"featurebullets\" data-csa-c-slot-id=\"featurebullets_feature_div\" data-csa-c-asin=\"B07DF32D6Q\" data-csa-c-is-in-initial-active-row=\"false\" data-csa-c-id=\"3j0pnl-7cjnp-9t8psx-tspeog\">\n<div id=\"feature-bullets\" class=\"a-section a-spacing-medium a-spacing-top-small\">\n<h2>\u0995\u09be\u09b0\u09bf\u0997\u09b0\u09bf \u09a6\u0995\u09cd\u09b7\u09a4\u09be<\/h2>\n<\/div>\n<\/div>\n<table style=\"border-collapse: collapse; width: 687.77pt;\" border=\"0\" width=\"917\" cellspacing=\"0\" cellpadding=\"0\">\n<tbody>\n<tr style=\"height: 14.25pt;\">\n<td class=\"et3\" style=\"height: 14.25pt; width: 237.75pt;\" width=\"317\" height=\"19\"><strong>\u09aa\u09a3\u09cd\u09af\u09c7\u09b0 \u09a8\u09be\u09ae<\/strong><\/td>\n<td class=\"et3\" style=\"width: 450.00pt;\" width=\"600\">\u09ad\u09bf\u09af\u09bc\u09c7\u09a4\u09a8\u09be\u09ae \u09ac\u09cd\u09af\u0995\u09cd\u09a4\u09bf\u0997\u09a4\u0995\u09c3\u09a4 \u09aa\u09bf\u0987 \u09ab\u09cb\u09ae | \u0995\u09be\u09b0\u0996\u09be\u09a8\u09be\u09b0 \u09ab\u09cb\u09ae \u0995\u09ad\u09be\u09b0<\/td>\n<\/tr>\n<tr style=\"height: 14.25pt;\">\n<td class=\"et3\" style=\"height: 14.25pt;\" height=\"19\"><strong>\u0995\u09be\u0981\u099a\u09be\u09ae\u09be\u09b2<\/strong><\/td>\n<td class=\"et3\">EPE, 100% \u09a8\u09a4\u09c1\u09a8 \u0989\u09aa\u09be\u09a6\u09be\u09a8, \u09aa\u09b0\u09bf\u09ac\u09c7\u09b6 \u09ac\u09be\u09a8\u09cd\u09a7\u09ac, \u09aa\u09c1\u09a8\u09b0\u09cd\u09ac\u09cd\u09af\u09ac\u09b9\u09be\u09b0\u09af\u09cb\u0997\u09cd\u09af\u0964<\/td>\n<\/tr>\n<tr style=\"height: 14.25pt;\">\n<td class=\"et3\" style=\"height: 14.25pt;\" height=\"19\"><strong>\u09a8\u09bf\u09b0\u09cd\u09ac\u09be\u09b8\u09a8<\/strong><\/td>\n<td class=\"et3\">\u0995\u09be\u09b8\u09cd\u099f\u09ae\u09be\u0987\u099c\u09a1 (0.5 \u09ae\u09bf\u09ae\u09bf-200 \u09ae\u09bf\u09ae\u09bf)<\/td>\n<\/tr>\n<tr style=\"height: 14.25pt;\">\n<td class=\"et3\" style=\"height: 14.25pt;\" height=\"19\"><strong>\u0995\u09a0\u09cb\u09b0\u09a4\u09be<\/strong><\/td>\n<td class=\"et3\">25 \u0989\u099a\u09cd\u099a \u0987\u09b2\u09be\u09b8\u09cd\u099f\u09bf\u0995, 35-40 \u09a1\u09bf\u0997\u09cd\u09b0\u09bf, 45-50 \u09a1\u09bf\u0997\u09cd\u09b0\u09bf, 50-60 \u09a1\u09bf\u0997\u09cd\u09b0\u09bf, 70-80 \u09a1\u09bf\u0997\u09cd\u09b0\u09bf \u09ac\u09be \u0995\u09be\u09b8\u09cd\u099f\u09ae\u09be\u0987\u099c\u09a1<\/td>\n<\/tr>\n<tr style=\"height: 14.25pt;\">\n<td class=\"et3\" style=\"height: 14.25pt;\" height=\"19\"><strong>\u09b0\u0999<\/strong><\/td>\n<td class=\"et3\">\u0995\u09be\u09b2\u09cb, \u09b8\u09be\u09a6\u09be, \u09b2\u09be\u09b2, \u0986\u09aa\u09a8\u09be\u0995\u09c7 \u09b0\u0999\u099f\u09bf \u0995\u09be\u09b8\u09cd\u099f\u09ae\u09be\u0987\u099c \u0995\u09b0\u09a4\u09c7 \u09b9\u09ac\u09c7<\/td>\n<\/tr>\n<tr style=\"height: 14.25pt;\">\n<td class=\"et3\" style=\"height: 14.25pt;\" height=\"19\"><strong>\u0986\u0995\u09be\u09b0<\/strong><\/td>\n<td class=\"et3\">\u0986\u09aa\u09a8\u09be\u09b0 \u09a1\u09bf\u099c\u09be\u0987\u09a8 \u09ab\u09be\u0987\u09b2\u09c7\u09b0 \u09b8\u09be\u09a5\u09c7 \u09b9\u09c1\u09ac\u09b9\u09c1 \u0995\u09be\u09b8\u09cd\u099f\u09ae \u09a4\u09c8\u09b0\u09bf<\/td>\n<\/tr>\n<tr style=\"height: 14.25pt;\">\n<td class=\"et3\" style=\"height: 14.25pt;\" height=\"19\"><strong>\u09b2\u09cb\u0997\u09cb<\/strong><\/td>\n<td class=\"et3\">\u0986\u09aa\u09a8\u09be\u09b0 \u0985\u09a8\u09c1\u09b0\u09cb\u09a7 \u0985\u09a8\u09c1\u09af\u09be\u09af\u09bc\u09c0<\/td>\n<\/tr>\n<tr style=\"height: 14.25pt;\">\n<td class=\"et3\" style=\"height: 14.25pt;\" height=\"19\"><strong>\u09a6\u0995\u09cd\u09b7\u09a4\u09be<\/strong><\/td>\n<td class=\"et3\">\u09b9\u09be\u09b2\u0995\u09be \u0993 \u09aa\u09c1\u09a8\u09b0\u09cd\u09ac\u09cd\u09af\u09ac\u09b9\u09be\u09b0\u09af\u09cb\u0997\u09cd\u09af, \u09b6\u0995 \u09b6\u09cb\u09b7\u09a3\u0995\u09be\u09b0\u09c0 \u0989\u09aa\u09be\u09a6\u09be\u09a8<\/td>\n<\/tr>\n<tr style=\"height: 14.25pt;\">\n<td class=\"et3\" style=\"height: 14.25pt;\" height=\"19\">\u0986\u09ae\u09bf<strong>n \u09aa\u09c3\u09b7\u09cd\u09a0\u09c7<\/strong><\/td>\n<td class=\"et3\">\u09aa\u09be\u0993\u09af\u09bc\u09be \u09af\u09be\u09af\u09bc\u0964<\/td>\n<\/tr>\n<tr style=\"height: 14.25pt;\">\n<td class=\"et3\" style=\"height: 14.25pt;\" height=\"19\"><strong>\u09aa\u09cd\u09af\u09be\u0995\u09c7\u099c\u09bf\u0982 \u09b6\u09b0\u09cd\u09a4\u09be\u09ac\u09b2\u09c0<\/strong><\/td>\n<td class=\"et3\">\u09aa\u09cd\u09af\u09be\u0995\u09bf\u0982\u09af\u09bc\u09c7\u09b0 \u099c\u09a8\u09cd\u09af \u09ac\u09be \u0997\u09cd\u09b0\u09be\u09b9\u0995\u09c7\u09b0 \u0985\u09a8\u09c1\u09b0\u09cb\u09a7 \u0985\u09a8\u09c1\u09b8\u09be\u09b0\u09c7 \u09aa\u09cd\u09b2\u09be\u09b8\u09cd\u099f\u09bf\u0995\u09c7\u09b0 \u09ac\u09cd\u09af\u09be\u0997 \u09ac\u09be \u0995\u09be\u09b0\u09cd\u09a1\u09ac\u09cb\u09b0\u09cd\u09a1\u09c7\u09b0 \u09ac\u09be\u0995\u09cd\u09b8\u0964<\/td>\n<\/tr>\n<tr style=\"height: 14.25pt;\">\n<td class=\"et3\" style=\"height: 14.25pt;\" height=\"19\"><strong>\u09b8\u09a0\u09bf\u0995 \u09ae\u09c2\u09b2\u09cd\u09af \u09a8\u09bf\u09b0\u09cd\u09a7\u09be\u09b0\u09a3\u09c7\u09b0 \u099c\u09a8\u09cd\u09af \u09aa\u09cd\u09b0\u09df\u09cb\u099c\u09a8\u09c0\u09df \u09a4\u09a5\u09cd\u09af<\/strong><\/td>\n<td class=\"et3\">EPE \u09ab\u09be\u0981\u0995\u09be \u09aa\u09be\u0987\u09aa\u09c7\u09b0 (\u09ac\u09be GSM) \u09a6\u09c8\u09b0\u09cd\u0998\u09cd\u09af, \u09aa\u09cd\u09b0\u09b8\u09cd\u09a5 \u098f\u09ac\u0982 \u0993\u099c\u09a8<\/td>\n<\/tr>\n<tr style=\"height: 14.25pt;\">\n<td class=\"et3\" style=\"height: 14.25pt;\" height=\"19\"><strong>\u099b\u09be\u0981\u099a \u09a4\u09c8\u09b0\u09bf<\/strong><\/td>\n<td class=\"et3\">\u09e8-\u09e7\u09eb \u0995\u09be\u09b0\u09cd\u09af\u09a6\u09bf\u09ac\u09b8<\/td>\n<\/tr>\n<tr style=\"height: 25.00pt;\">\n<td class=\"et3\" style=\"height: 25.00pt;\" height=\"33\"><strong>\u09a8\u09ae\u09c1\u09a8\u09be<\/strong><\/td>\n<td class=\"et3\">\u09ac\u09bf\u09a8\u09be\u09ae\u09c2\u09b2\u09cd\u09af\u09c7 \u09a8\u09ae\u09c1\u09a8\u09be \u0986\u09aa\u09a8\u09be\u0995\u09c7 \u09af\u09c7\u0995\u09cb\u09a8\u09cb \u09b8\u09ae\u09af\u09bc \u09aa\u09be\u09a0\u09be\u09a8\u09cb \u09af\u09c7\u09a4\u09c7 \u09aa\u09be\u09b0\u09c7, \u09a8\u09ae\u09c1\u09a8\u09be \u09b8\u09ae\u09be\u09aa\u09cd\u09a4\u09bf\u09b0 \u09b8\u09ae\u09af\u09bc: \u09e7-\u09e9 \u09a6\u09bf\u09a8\u0964<\/td>\n<\/tr>\n<tr style=\"height: 115.00pt;\">\n<td class=\"et3\" style=\"height: 115.00pt;\" height=\"153\"><strong>\u09b9\u09be\u09a4\u09b2<\/strong><\/td>\n<td class=\"et4\" style=\"width: 450.00pt;\" width=\"600\">\u09e7. \u099b\u09be\u0981\u099a \u09a4\u09c8\u09b0\u09bf \u0995\u09b0\u09c1\u09a8<br \/>2. \u09ae\u09a1\u09c7\u09b2\u09bf\u0982<br \/>\u09e9. \u09a8\u09ae\u09c1\u09a8\u09be \u09a8\u09bf\u09b6\u09cd\u099a\u09bf\u09a4\u0995\u09b0\u09a3<br \/>\u09ea. \u09a8\u09ae\u09c1\u09a8\u09be \u09ac\u09bf\u09a4\u09b0\u09a3<br \/>\u09eb. \u09ae\u09be\u09a8 \u09a8\u09bf\u09af\u09bc\u09a8\u09cd\u09a4\u09cd\u09b0\u09a3\u09c7\u09b0 \u09b8\u09be\u09a5\u09c7 \u09ac\u09cd\u09af\u09be\u09aa\u0995 \u0989\u09ce\u09aa\u09be\u09a6\u09a8<br \/>\u09ec. \u099a\u09c2\u09a1\u09bc\u09be\u09a8\u09cd\u09a4 \u09ae\u09be\u09a8 \u09aa\u09b0\u09c0\u0995\u09cd\u09b7\u09be<br \/>\u09ed. \u09aa\u09cd\u09af\u09be\u0995\u09c7\u099c\u09bf\u0982<br \/>\u09ee. \u09aa\u09b0\u09bf\u09ac\u09b9\u09a8<\/td>\n<\/tr>\n<tr style=\"height: 63.00pt;\">\n<td class=\"et3\" style=\"height: 63.00pt;\" height=\"84\"><strong>\u0986\u09ac\u09c7\u09a6\u09a8<\/strong><\/td>\n<td class=\"et4\" style=\"width: 450.00pt;\" width=\"600\">\u09aa\u09b0\u09bf\u09ac\u09b9\u09a8\u09c7\u09b0 \u09b8\u09ae\u09af\u09bc \u09aa\u09a3\u09cd\u09af \u09af\u09c7\u09ae\u09a8 \u0987\u09b2\u09c7\u0995\u099f\u09cd\u09b0\u09a8\u09bf\u0995\u09cd\u09b8, \u09af\u09a8\u09cd\u09a4\u09cd\u09b0, \u09b9\u09b8\u09cd\u09a4\u09b6\u09bf\u09b2\u09cd\u09aa, \u09b8\u09bf\u09b0\u09be\u09ae\u09bf\u0995, \u0997\u09c3\u09b9\u09b8\u09cd\u09a5\u09be\u09b2\u09c0\u09b0 \u09af\u09a8\u09cd\u09a4\u09cd\u09b0\u09aa\u09be\u09a4\u09bf, \u09b8\u09be\u0987\u0995\u09c7\u09b2, \u09b0\u09be\u09a8\u09cd\u09a8\u09be\u0998\u09b0, \u0986\u09b8\u09ac\u09be\u09ac\u09aa\u09a4\u09cd\u09b0, \u09b9\u09be\u09b0\u09cd\u09a1\u0993\u09af\u09bc\u09cd\u09af\u09be\u09b0 \u09b8\u09b0\u099e\u09cd\u099c\u09be\u09ae, \u0995\u09be\u099a\u09c7\u09b0 \u09aa\u09a3\u09cd\u09af \u098f\u09ac\u0982 \u09a8\u09bf\u09b0\u09cd\u09ad\u09c1\u09b2 \u09af\u09a8\u09cd\u09a4\u09cd\u09b0\u09c7\u09b0 \u099c\u09a8\u09cd\u09af \u0995\u09c1\u09b6\u09a8\u09bf\u0982 \u0995\u09b0\u09be\u09b0 \u099c\u09a8\u09cd\u09af \u09ac\u09cd\u09af\u09ac\u09b9\u09c3\u09a4 \u09b9\u09af\u09bc\u0964<\/td>\n<\/tr>\n<tr style=\"height: 42.75pt;\">\n<td class=\"et3\" style=\"height: 42.75pt;\" height=\"57\"><strong>\u09b8\u09c7\u09ac\u09be<\/strong><\/td>\n<td class=\"et4\" style=\"width: 450.00pt;\" width=\"600\">\u09ae\u09be\u09b0\u09cd\u0995\u09bf\u09a8 \u09af\u09c1\u0995\u09cd\u09a4\u09b0\u09be\u09b7\u09cd\u099f\u09cd\u09b0, \u0987\u0989\u09b0\u09cb\u09aa, \u099c\u09be\u09aa\u09be\u09a8 \u098f\u09ac\u0982 \u0985\u09a8\u09cd\u09af\u09be\u09a8\u09cd\u09af \u09a6\u09c7\u09b6 \u0993 \u0985\u099e\u09cd\u099a\u09b2\u09c7 \u09b0\u09aa\u09cd\u09a4\u09be\u09a8\u09bf \u09aa\u09b0\u09bf\u099a\u09be\u09b2\u09a8\u09be\u09b0 \u0995\u09cd\u09b7\u09c7\u09a4\u09cd\u09b0\u09c7 \u09ac\u09b9\u09c1 \u09ac\u099b\u09b0\u09c7\u09b0 \u0985\u09ad\u09bf\u099c\u09cd\u099e\u09a4\u09be\u09b8\u09ae\u09cd\u09aa\u09a8\u09cd\u09a8 \u09aa\u09c7\u09b6\u09be\u09a6\u09be\u09b0 \u09b0\u09aa\u09cd\u09a4\u09be\u09a8\u09bf \u09ac\u09bf\u0995\u09cd\u09b0\u09af\u09bc \u09a6\u09b2 \u09a6\u09cd\u09ac\u09be\u09b0\u09be \u09a6\u09cd\u09b0\u09c1\u09a4 \u098f\u09ac\u0982 \u0989\u09b7\u09cd\u09a3 \u09aa\u09cd\u09b0\u09a4\u09bf\u0995\u09cd\u09b0\u09bf\u09af\u09bc\u09be \u09aa\u09b0\u09bf\u09b7\u09c7\u09ac\u09be \u09aa\u09cd\u09b0\u09a6\u09be\u09a8 \u0995\u09b0\u09be \u09b9\u09af\u09bc\u0964<\/td>\n<\/tr>\n<\/tbody>\n<\/table>","protected":false},"excerpt":{"rendered":"<p>\u09ad\u09bf\u09af\u09bc\u09c7\u09a4\u09a8\u09be\u09ae\u09c7 \u09aa\u09cd\u09af\u09be\u0995\u09c7\u099c\u09bf\u0982 \u09ab\u09cb\u09ae \u09aa\u09cd\u09b0\u09b8\u09cd\u09a4\u09c1\u09a4\u0995\u09be\u09b0\u0995<\/p>\n<ul>\n<li data-start=\"18\" data-end=\"105\"><strong data-start=\"20\" data-end=\"41\">\u09b0\u0999 \u0995\u09be\u09b8\u09cd\u099f\u09ae\u09be\u0987\u099c \u0995\u09b0\u09c1\u09a8<\/strong>: \u0997\u09cd\u09b0\u09be\u09b9\u0995\u09c7\u09b0 \u09aa\u09cd\u09b0\u09af\u09bc\u09cb\u099c\u09a8\u09c0\u09af\u09bc\u09a4\u09be \u0985\u09a8\u09c1\u09b8\u09be\u09b0\u09c7 \u0985\u09a8\u09c7\u0995 \u09b0\u0999\u09c7\u09b0 \u09ac\u09bf\u0995\u09b2\u09cd\u09aa \u09aa\u09cd\u09b0\u09a6\u09be\u09a8 \u0995\u09b0\u09c1\u09a8\u0964<\/li>\n<li data-start=\"106\" data-end=\"187\"><strong data-start=\"108\" data-end=\"131\">\u09b8\u09cd\u099f\u09be\u0987\u09b2\u099f\u09bf \u0995\u09be\u09b8\u09cd\u099f\u09ae\u09be\u0987\u099c \u0995\u09b0\u09c1\u09a8<\/strong>: \u0985\u09a8\u09a8\u09cd\u09af \u09b8\u09cd\u099f\u09be\u0987\u09b2\u09c7 \u09aa\u09bf\u0987 \u09ab\u09cb\u09ae \u09a1\u09bf\u099c\u09be\u0987\u09a8\u0964<\/li>\n<li data-start=\"188\" data-end=\"278\"><strong data-start=\"190\" data-end=\"214\">\u0995\u09be\u09b8\u09cd\u099f\u09ae \u0986\u0995\u09be\u09b0<\/strong>: \u09ac\u09cd\u09af\u09ac\u09b9\u09be\u09b0\u09c7\u09b0 \u099a\u09be\u09b9\u09bf\u09a6\u09be \u0985\u09a8\u09c1\u09af\u09be\u09df\u09c0 \u09a8\u09ae\u09a8\u09c0\u09af\u09bc \u0986\u0995\u09be\u09b0 \u09b8\u09ae\u09a8\u09cd\u09ac\u09af\u09bc\u0964<\/li>\n<li data-start=\"279\" data-end=\"375\" data-is-last-node=\"\"><strong data-start=\"281\" data-end=\"303\">\u0997\u09c1\u09a3\u0997\u09a4 \u09ae\u09be\u09a8 \u09a8\u09bf\u09b6\u09cd\u099a\u09bf\u09a4 \u0995\u09b0\u09be<\/strong>: \u09aa\u09a3\u09cd\u09af\u0997\u09c1\u09b2\u09bf \u09a8\u09bf\u09b0\u09be\u09aa\u09a6\u09c7 \u09ae\u09cb\u09a1\u09bc\u09be\u09a8\u09cb \u09b9\u09af\u09bc, \u09aa\u09b0\u09bf\u09ac\u09b9\u09a8\u09c7\u09b0 \u09b8\u09ae\u09af\u09bc \u09b8\u09b0\u09cd\u09ac\u09be\u09a7\u09bf\u0995 \u09b8\u09c1\u09b0\u0995\u09cd\u09b7\u09be \u09aa\u09cd\u09b0\u09a6\u09be\u09a8 \u0995\u09b0\u09c7\u0964<\/li>\n<\/ul>\n<p>\u09aa\u09cd\u09af\u09be\u0995\u09bf\u0982 \u09ab\u09cb\u09ae\u09c7\u09b0 \u09a6\u09be\u09ae \u099c\u09be\u09a8\u09a4\u09c7 \u099a\u09be\u0987\u09b2\u09c7, \u0985\u09a8\u09c1\u0997\u09cd\u09b0\u09b9 \u0995\u09b0\u09c7 \u0986\u09ae\u09be\u09a6\u09c7\u09b0 \u09b8\u09be\u09a5\u09c7 \u09af\u09cb\u0997\u09be\u09af\u09cb\u0997 \u0995\u09b0\u09c1\u09a8\u0964<\/p>","protected":false},"featured_media":1742,"comment_status":"open","ping_status":"closed","template":"","meta":[],"product_cat":[15],"product_tag":[],"class_list":{"0":"post-1393","1":"product","2":"type-product","3":"status-publish","4":"has-post-thumbnail","6":"product_cat-bot-pe-tuy-chinh","8":"first","9":"instock","10":"shipping-taxable","11":"product-type-simple"},"yoast_head":"<!-- This site is optimized with the Yoast SEO plugin v23.4 - https:\/\/yoast.com\/wordpress\/plugins\/seo\/ -->\n<title>Vi\u1ec7t Nam C\u00e1 Nh\u00e2n H\u00f3a M\u00fat X\u1ed1p PE Foam | M\u00fat B\u1ecdc H\u00e0ng Nh\u00e0 M\u00e1y<\/title>\n<meta name=\"description\" content=\"Kh\u00e1m ph\u00e1 d\u1ecbch v\u1ee5 c\u00e1 nh\u00e2n h\u00f3a m\u00fat x\u1ed1p PE Foam ch\u1ea5t l\u01b0\u1ee3ng cao t\u1ea1i Vi\u1ec7t Nam. S\u1ea3n ph\u1ea9m m\u00fat b\u1ecdc h\u00e0ng t\u1eeb nh\u00e0 m\u00e1y, b\u1ea3o v\u1ec7 an to\u00e0n v\u00e0 hi\u1ec7u qu\u1ea3 cho s\u1ea3n ph\u1ea9m.\" \/>\n<meta name=\"robots\" content=\"index, follow, max-snippet:-1, max-image-preview:large, max-video-preview:-1\" \/>\n<link rel=\"canonical\" href=\"https:\/\/epe.vn\/bn\/manufacturer\/mut-boc-hang-nha-may\/\" \/>\n<meta property=\"og:locale\" content=\"en_US\" \/>\n<meta property=\"og:type\" content=\"article\" \/>\n<meta property=\"og:title\" content=\"Vi\u1ec7t Nam C\u00e1 Nh\u00e2n H\u00f3a M\u00fat X\u1ed1p PE Foam | M\u00fat B\u1ecdc H\u00e0ng Nh\u00e0 M\u00e1y\" \/>\n<meta property=\"og:description\" content=\"Kh\u00e1m ph\u00e1 d\u1ecbch v\u1ee5 c\u00e1 nh\u00e2n h\u00f3a m\u00fat x\u1ed1p PE Foam ch\u1ea5t l\u01b0\u1ee3ng cao t\u1ea1i Vi\u1ec7t Nam. S\u1ea3n ph\u1ea9m m\u00fat b\u1ecdc h\u00e0ng t\u1eeb nh\u00e0 m\u00e1y, b\u1ea3o v\u1ec7 an to\u00e0n v\u00e0 hi\u1ec7u qu\u1ea3 cho s\u1ea3n ph\u1ea9m.\" \/>\n<meta property=\"og:url\" content=\"https:\/\/epe.vn\/bn\/manufacturer\/mut-boc-hang-nha-may\/\" \/>\n<meta property=\"og:site_name\" content=\"Nh\u00e0 s\u1ea3n xu\u1ea5t b\u1ecdt Polyethylene m\u1edf r\u1ed9ng\" \/>\n<meta property=\"article:modified_time\" content=\"2025-02-12T07:18:15+00:00\" \/>\n<meta property=\"og:image\" content=\"https:\/\/epe.vn\/wp-content\/uploads\/2023\/06\/Mut-Boc-Hang-Nha-May.jpg\" \/>\n\t<meta property=\"og:image:width\" content=\"1000\" \/>\n\t<meta property=\"og:image:height\" content=\"1000\" \/>\n\t<meta property=\"og:image:type\" content=\"image\/jpeg\" \/>\n<meta name=\"twitter:card\" content=\"summary_large_image\" \/>\n<meta name=\"twitter:label1\" content=\"Est. reading time\" \/>\n\t<meta name=\"twitter:data1\" content=\"1 \u09ae\u09bf\u09a8\u09bf\u099f\" \/>\n<script type=\"application\/ld+json\" class=\"yoast-schema-graph\">{\"@context\":\"https:\/\/schema.org\",\"@graph\":[{\"@type\":\"WebPage\",\"@id\":\"https:\/\/epe.vn\/manufacturer\/mut-boc-hang-nha-may\/\",\"url\":\"https:\/\/epe.vn\/manufacturer\/mut-boc-hang-nha-may\/\",\"name\":\"Vi\u1ec7t Nam C\u00e1 Nh\u00e2n H\u00f3a M\u00fat X\u1ed1p PE Foam | M\u00fat B\u1ecdc H\u00e0ng Nh\u00e0 M\u00e1y\",\"isPartOf\":{\"@id\":\"https:\/\/epe.vn\/#website\"},\"primaryImageOfPage\":{\"@id\":\"https:\/\/epe.vn\/manufacturer\/mut-boc-hang-nha-may\/#primaryimage\"},\"image\":{\"@id\":\"https:\/\/epe.vn\/manufacturer\/mut-boc-hang-nha-may\/#primaryimage\"},\"thumbnailUrl\":\"https:\/\/epe.vn\/wp-content\/uploads\/2023\/06\/Mut-Boc-Hang-Nha-May.jpg\",\"datePublished\":\"2023-06-08T07:38:38+00:00\",\"dateModified\":\"2025-02-12T07:18:15+00:00\",\"description\":\"Kh\u00e1m ph\u00e1 d\u1ecbch v\u1ee5 c\u00e1 nh\u00e2n h\u00f3a m\u00fat x\u1ed1p PE Foam ch\u1ea5t l\u01b0\u1ee3ng cao t\u1ea1i Vi\u1ec7t Nam. S\u1ea3n ph\u1ea9m m\u00fat b\u1ecdc h\u00e0ng t\u1eeb nh\u00e0 m\u00e1y, b\u1ea3o v\u1ec7 an to\u00e0n v\u00e0 hi\u1ec7u qu\u1ea3 cho s\u1ea3n ph\u1ea9m.\",\"breadcrumb\":{\"@id\":\"https:\/\/epe.vn\/manufacturer\/mut-boc-hang-nha-may\/#breadcrumb\"},\"inLanguage\":\"bn-BD\",\"potentialAction\":[{\"@type\":\"ReadAction\",\"target\":[\"https:\/\/epe.vn\/manufacturer\/mut-boc-hang-nha-may\/\"]}]},{\"@type\":\"ImageObject\",\"inLanguage\":\"bn-BD\",\"@id\":\"https:\/\/epe.vn\/manufacturer\/mut-boc-hang-nha-may\/#primaryimage\",\"url\":\"https:\/\/epe.vn\/wp-content\/uploads\/2023\/06\/Mut-Boc-Hang-Nha-May.jpg\",\"contentUrl\":\"https:\/\/epe.vn\/wp-content\/uploads\/2023\/06\/Mut-Boc-Hang-Nha-May.jpg\",\"width\":1000,\"height\":1000,\"caption\":\"M\u00fat B\u1ecdc H\u00e0ng Nh\u00e0 M\u00e1y\"},{\"@type\":\"BreadcrumbList\",\"@id\":\"https:\/\/epe.vn\/manufacturer\/mut-boc-hang-nha-may\/#breadcrumb\",\"itemListElement\":[{\"@type\":\"ListItem\",\"position\":1,\"name\":\"Home\",\"item\":\"https:\/\/epe.vn\/\"},{\"@type\":\"ListItem\",\"position\":2,\"name\":\"Shop\",\"item\":\"https:\/\/epe.vn\/shop\/\"},{\"@type\":\"ListItem\",\"position\":3,\"name\":\"Vi\u1ec7t Nam C\u00e1 Nh\u00e2n H\u00f3a M\u00fat X\u1ed1p PE Foam | M\u00fat B\u1ecdc H\u00e0ng Nh\u00e0 M\u00e1y\"}]},{\"@type\":\"WebSite\",\"@id\":\"https:\/\/epe.vn\/#website\",\"url\":\"https:\/\/epe.vn\/\",\"name\":\"Nh\u00e0 s\u1ea3n xu\u1ea5t b\u1ecdt Polyethylene m\u1edf r\u1ed9ng\",\"description\":\"Nh\u00e0 cung c\u1ea5p bao b\u00ec v\u1ec9 x\u1ed1p polyethylene m\u1edf r\u1ed9ng v\u00e0 t\u00fai PE\",\"potentialAction\":[{\"@type\":\"SearchAction\",\"target\":{\"@type\":\"EntryPoint\",\"urlTemplate\":\"https:\/\/epe.vn\/?s={search_term_string}\"},\"query-input\":{\"@type\":\"PropertyValueSpecification\",\"valueRequired\":true,\"valueName\":\"search_term_string\"}}],\"inLanguage\":\"bn-BD\"}]}<\/script>\n<!-- \/ Yoast SEO plugin. -->","yoast_head_json":{"title":"Vi\u1ec7t Nam C\u00e1 Nh\u00e2n H\u00f3a M\u00fat X\u1ed1p PE Foam | M\u00fat B\u1ecdc H\u00e0ng Nh\u00e0 M\u00e1y","description":"Kh\u00e1m ph\u00e1 d\u1ecbch v\u1ee5 c\u00e1 nh\u00e2n h\u00f3a m\u00fat x\u1ed1p PE Foam ch\u1ea5t l\u01b0\u1ee3ng cao t\u1ea1i Vi\u1ec7t Nam. S\u1ea3n ph\u1ea9m m\u00fat b\u1ecdc h\u00e0ng t\u1eeb nh\u00e0 m\u00e1y, b\u1ea3o v\u1ec7 an to\u00e0n v\u00e0 hi\u1ec7u qu\u1ea3 cho s\u1ea3n ph\u1ea9m.","robots":{"index":"index","follow":"follow","max-snippet":"max-snippet:-1","max-image-preview":"max-image-preview:large","max-video-preview":"max-video-preview:-1"},"canonical":"https:\/\/epe.vn\/bn\/manufacturer\/mut-boc-hang-nha-may\/","og_locale":"en_US","og_type":"article","og_title":"Vi\u1ec7t Nam C\u00e1 Nh\u00e2n H\u00f3a M\u00fat X\u1ed1p PE Foam | M\u00fat B\u1ecdc H\u00e0ng Nh\u00e0 M\u00e1y","og_description":"Kh\u00e1m ph\u00e1 d\u1ecbch v\u1ee5 c\u00e1 nh\u00e2n h\u00f3a m\u00fat x\u1ed1p PE Foam ch\u1ea5t l\u01b0\u1ee3ng cao t\u1ea1i Vi\u1ec7t Nam. S\u1ea3n ph\u1ea9m m\u00fat b\u1ecdc h\u00e0ng t\u1eeb nh\u00e0 m\u00e1y, b\u1ea3o v\u1ec7 an to\u00e0n v\u00e0 hi\u1ec7u qu\u1ea3 cho s\u1ea3n ph\u1ea9m.","og_url":"https:\/\/epe.vn\/bn\/manufacturer\/mut-boc-hang-nha-may\/","og_site_name":"Nh\u00e0 s\u1ea3n xu\u1ea5t b\u1ecdt Polyethylene m\u1edf r\u1ed9ng","article_modified_time":"2025-02-12T07:18:15+00:00","og_image":[{"width":1000,"height":1000,"url":"https:\/\/epe.vn\/wp-content\/uploads\/2023\/06\/Mut-Boc-Hang-Nha-May.jpg","type":"image\/jpeg"}],"twitter_card":"summary_large_image","twitter_misc":{"Est. reading time":"1 \u09ae\u09bf\u09a8\u09bf\u099f"},"schema":{"@context":"https:\/\/schema.org","@graph":[{"@type":"WebPage","@id":"https:\/\/epe.vn\/manufacturer\/mut-boc-hang-nha-may\/","url":"https:\/\/epe.vn\/manufacturer\/mut-boc-hang-nha-may\/","name":"Vi\u1ec7t Nam C\u00e1 Nh\u00e2n H\u00f3a M\u00fat X\u1ed1p PE Foam | M\u00fat B\u1ecdc H\u00e0ng Nh\u00e0 M\u00e1y","isPartOf":{"@id":"https:\/\/epe.vn\/#website"},"primaryImageOfPage":{"@id":"https:\/\/epe.vn\/manufacturer\/mut-boc-hang-nha-may\/#primaryimage"},"image":{"@id":"https:\/\/epe.vn\/manufacturer\/mut-boc-hang-nha-may\/#primaryimage"},"thumbnailUrl":"https:\/\/epe.vn\/wp-content\/uploads\/2023\/06\/Mut-Boc-Hang-Nha-May.jpg","datePublished":"2023-06-08T07:38:38+00:00","dateModified":"2025-02-12T07:18:15+00:00","description":"Kh\u00e1m ph\u00e1 d\u1ecbch v\u1ee5 c\u00e1 nh\u00e2n h\u00f3a m\u00fat x\u1ed1p PE Foam ch\u1ea5t l\u01b0\u1ee3ng cao t\u1ea1i Vi\u1ec7t Nam. S\u1ea3n ph\u1ea9m m\u00fat b\u1ecdc h\u00e0ng t\u1eeb nh\u00e0 m\u00e1y, b\u1ea3o v\u1ec7 an to\u00e0n v\u00e0 hi\u1ec7u qu\u1ea3 cho s\u1ea3n ph\u1ea9m.","breadcrumb":{"@id":"https:\/\/epe.vn\/manufacturer\/mut-boc-hang-nha-may\/#breadcrumb"},"inLanguage":"bn-BD","potentialAction":[{"@type":"ReadAction","target":["https:\/\/epe.vn\/manufacturer\/mut-boc-hang-nha-may\/"]}]},{"@type":"ImageObject","inLanguage":"bn-BD","@id":"https:\/\/epe.vn\/manufacturer\/mut-boc-hang-nha-may\/#primaryimage","url":"https:\/\/epe.vn\/wp-content\/uploads\/2023\/06\/Mut-Boc-Hang-Nha-May.jpg","contentUrl":"https:\/\/epe.vn\/wp-content\/uploads\/2023\/06\/Mut-Boc-Hang-Nha-May.jpg","width":1000,"height":1000,"caption":"M\u00fat B\u1ecdc H\u00e0ng Nh\u00e0 M\u00e1y"},{"@type":"BreadcrumbList","@id":"https:\/\/epe.vn\/manufacturer\/mut-boc-hang-nha-may\/#breadcrumb","itemListElement":[{"@type":"ListItem","position":1,"name":"Home","item":"https:\/\/epe.vn\/"},{"@type":"ListItem","position":2,"name":"Shop","item":"https:\/\/epe.vn\/shop\/"},{"@type":"ListItem","position":3,"name":"Vi\u1ec7t Nam C\u00e1 Nh\u00e2n H\u00f3a M\u00fat X\u1ed1p PE Foam | M\u00fat B\u1ecdc H\u00e0ng Nh\u00e0 M\u00e1y"}]},{"@type":"WebSite","@id":"https:\/\/epe.vn\/#website","url":"https:\/\/epe.vn\/","name":"Nh\u00e0 s\u1ea3n xu\u1ea5t b\u1ecdt Polyethylene m\u1edf r\u1ed9ng","description":"Nh\u00e0 cung c\u1ea5p bao b\u00ec v\u1ec9 x\u1ed1p polyethylene m\u1edf r\u1ed9ng v\u00e0 t\u00fai PE","potentialAction":[{"@type":"SearchAction","target":{"@type":"EntryPoint","urlTemplate":"https:\/\/epe.vn\/?s={search_term_string}"},"query-input":{"@type":"PropertyValueSpecification","valueRequired":true,"valueName":"search_term_string"}}],"inLanguage":"bn-BD"}]}},"_links":{"self":[{"href":"https:\/\/epe.vn\/bn\/wp-json\/wp\/v2\/product\/1393","targetHints":{"allow":["GET"]}}],"collection":[{"href":"https:\/\/epe.vn\/bn\/wp-json\/wp\/v2\/product"}],"about":[{"href":"https:\/\/epe.vn\/bn\/wp-json\/wp\/v2\/types\/product"}],"replies":[{"embeddable":true,"href":"https:\/\/epe.vn\/bn\/wp-json\/wp\/v2\/comments?post=1393"}],"wp:featuredmedia":[{"embeddable":true,"href":"https:\/\/epe.vn\/bn\/wp-json\/wp\/v2\/media\/1742"}],"wp:attachment":[{"href":"https:\/\/epe.vn\/bn\/wp-json\/wp\/v2\/media?parent=1393"}],"wp:term":[{"taxonomy":"product_cat","embeddable":true,"href":"https:\/\/epe.vn\/bn\/wp-json\/wp\/v2\/product_cat?post=1393"},{"taxonomy":"product_tag","embeddable":true,"href":"https:\/\/epe.vn\/bn\/wp-json\/wp\/v2\/product_tag?post=1393"}],"curies":[{"name":"wp","href":"https:\/\/api.w.org\/{rel}","templated":true}]}}