{"id":1397,"date":"2023-06-08T07:51:40","date_gmt":"2023-06-08T07:51:40","guid":{"rendered":"https:\/\/epe.vn\/?post_type=product&#038;p=1397"},"modified":"2025-02-12T10:25:44","modified_gmt":"2025-02-12T03:25:44","slug":"mut-xop-boc-hang","status":"publish","type":"product","link":"https:\/\/epe.vn\/bn\/manufacturer\/mut-xop-boc-hang\/","title":{"rendered":"\u09ab\u09cb\u09ae \u09aa\u09cd\u09af\u09be\u0995\u09c7\u099c\u09bf\u0982 | \u09ab\u09cb\u09ae \u09aa\u09cd\u09af\u09be\u0995\u09c7\u099c\u09bf\u0982 | \u09b8\u09b8\u09cd\u09a4\u09be \u09ab\u09cb\u09ae \u09ae\u09cb\u09a1\u09bc\u09be\u09a8\u09cb"},"content":{"rendered":"<h2>\u0995\u09be\u09b0\u09bf\u0997\u09b0\u09bf \u09a6\u0995\u09cd\u09b7\u09a4\u09be<\/h2>\n<table style=\"border-collapse: collapse; width: 687.77pt;\" border=\"0\" width=\"917\" cellspacing=\"0\" cellpadding=\"0\">\n<tbody>\n<tr style=\"height: 14.25pt;\">\n<td class=\"et3\" style=\"height: 14.25pt; width: 237.75pt;\" width=\"317\" height=\"19\"><strong>\u09aa\u09a3\u09cd\u09af\u09c7\u09b0 \u09a8\u09be\u09ae<\/strong><\/td>\n<td class=\"et3\" style=\"width: 450.00pt;\" width=\"600\">EPE \u09ab\u09cb\u09ae \u098f\u099c \u09aa\u09cd\u09b0\u099f\u09c7\u0995\u09cd\u099f\u09b0<\/td>\n<\/tr>\n<tr style=\"height: 14.25pt;\">\n<td class=\"et3\" style=\"height: 14.25pt;\" height=\"19\"><strong>\u0995\u09be\u0981\u099a\u09be\u09ae\u09be\u09b2<\/strong><\/td>\n<td class=\"et3\">EPE, 100% \u09a8\u09a4\u09c1\u09a8 \u0989\u09aa\u09be\u09a6\u09be\u09a8, \u09aa\u09b0\u09bf\u09ac\u09c7\u09b6 \u09ac\u09be\u09a8\u09cd\u09a7\u09ac, \u09aa\u09c1\u09a8\u09b0\u09cd\u09ac\u09cd\u09af\u09ac\u09b9\u09be\u09b0\u09af\u09cb\u0997\u09cd\u09af\u0964<\/td>\n<\/tr>\n<tr style=\"height: 14.25pt;\">\n<td class=\"et3\" style=\"height: 14.25pt;\" height=\"19\"><strong>\u09a8\u09bf\u09b0\u09cd\u09ac\u09be\u09b8\u09a8<\/strong><\/td>\n<td class=\"et3\">\u0995\u09be\u09b8\u09cd\u099f\u09ae\u09be\u0987\u099c\u09a1 (0.5 \u09ae\u09bf\u09ae\u09bf-200 \u09ae\u09bf\u09ae\u09bf)<\/td>\n<\/tr>\n<tr style=\"height: 14.25pt;\">\n<td class=\"et3\" style=\"height: 14.25pt;\" height=\"19\"><strong>\u0995\u09a0\u09cb\u09b0\u09a4\u09be<\/strong><\/td>\n<td class=\"et3\">25 \u0989\u099a\u09cd\u099a \u0987\u09b2\u09be\u09b8\u09cd\u099f\u09bf\u0995, 35-40 \u09a1\u09bf\u0997\u09cd\u09b0\u09bf, 45-50 \u09a1\u09bf\u0997\u09cd\u09b0\u09bf, 50-60 \u09a1\u09bf\u0997\u09cd\u09b0\u09bf, 70-80 \u09a1\u09bf\u0997\u09cd\u09b0\u09bf \u09ac\u09be \u0995\u09be\u09b8\u09cd\u099f\u09ae\u09be\u0987\u099c\u09a1<\/td>\n<\/tr>\n<tr style=\"height: 14.25pt;\">\n<td class=\"et3\" style=\"height: 14.25pt;\" height=\"19\"><strong>\u09b0\u0999<\/strong><\/td>\n<td class=\"et3\">\u0995\u09be\u09b2\u09cb, \u09b8\u09be\u09a6\u09be, \u09b2\u09be\u09b2, \u0986\u09aa\u09a8\u09be\u0995\u09c7 \u09b0\u0999\u099f\u09bf \u0995\u09be\u09b8\u09cd\u099f\u09ae\u09be\u0987\u099c \u0995\u09b0\u09a4\u09c7 \u09b9\u09ac\u09c7<\/td>\n<\/tr>\n<tr style=\"height: 14.25pt;\">\n<td class=\"et3\" style=\"height: 14.25pt;\" height=\"19\"><strong>\u0986\u0995\u09be\u09b0<\/strong><\/td>\n<td class=\"et3\">\u0986\u09aa\u09a8\u09be\u09b0 \u09a1\u09bf\u099c\u09be\u0987\u09a8 \u09ab\u09be\u0987\u09b2\u09c7\u09b0 \u09b8\u09be\u09a5\u09c7 \u09b9\u09c1\u09ac\u09b9\u09c1 \u0995\u09be\u09b8\u09cd\u099f\u09ae \u09a4\u09c8\u09b0\u09bf<\/td>\n<\/tr>\n<tr style=\"height: 14.25pt;\">\n<td class=\"et3\" style=\"height: 14.25pt;\" height=\"19\"><strong>\u09b2\u09cb\u0997\u09cb<\/strong><\/td>\n<td class=\"et3\">\u0986\u09aa\u09a8\u09be\u09b0 \u0985\u09a8\u09c1\u09b0\u09cb\u09a7 \u0985\u09a8\u09c1\u09af\u09be\u09af\u09bc\u09c0<\/td>\n<\/tr>\n<tr style=\"height: 14.25pt;\">\n<td class=\"et3\" style=\"height: 14.25pt;\" height=\"19\"><strong>\u09a6\u0995\u09cd\u09b7\u09a4\u09be<\/strong><\/td>\n<td class=\"et3\">\u09b9\u09be\u09b2\u0995\u09be \u0993 \u09aa\u09c1\u09a8\u09b0\u09cd\u09ac\u09cd\u09af\u09ac\u09b9\u09be\u09b0\u09af\u09cb\u0997\u09cd\u09af, \u09b6\u0995 \u09b6\u09cb\u09b7\u09a3\u0995\u09be\u09b0\u09c0 \u0989\u09aa\u09be\u09a6\u09be\u09a8<\/td>\n<\/tr>\n<tr style=\"height: 14.25pt;\">\n<td class=\"et3\" style=\"height: 14.25pt;\" height=\"19\"><strong>\u09b8\u09be\u09b0\u09ab\u09c7\u09b8 \u09aa\u09cd\u09b0\u09bf\u09a8\u09cd\u099f\u09bf\u0982<\/strong><\/td>\n<td class=\"et3\">\u09aa\u09be\u0993\u09af\u09bc\u09be \u09af\u09be\u09af\u09bc\u0964<\/td>\n<\/tr>\n<tr style=\"height: 14.25pt;\">\n<td class=\"et3\" style=\"height: 14.25pt;\" height=\"19\"><strong>\u09aa\u09cd\u09af\u09be\u0995\u09c7\u099c\u09bf\u0982 \u09b6\u09b0\u09cd\u09a4\u09be\u09ac\u09b2\u09c0<\/strong><\/td>\n<td class=\"et3\">\u09aa\u09cd\u09af\u09be\u0995\u09bf\u0982\u09af\u09bc\u09c7\u09b0 \u099c\u09a8\u09cd\u09af \u09ac\u09be \u0997\u09cd\u09b0\u09be\u09b9\u0995\u09c7\u09b0 \u0985\u09a8\u09c1\u09b0\u09cb\u09a7 \u0985\u09a8\u09c1\u09b8\u09be\u09b0\u09c7 \u09aa\u09cd\u09b2\u09be\u09b8\u09cd\u099f\u09bf\u0995\u09c7\u09b0 \u09ac\u09cd\u09af\u09be\u0997 \u09ac\u09be \u0995\u09be\u09b0\u09cd\u09a1\u09ac\u09cb\u09b0\u09cd\u09a1\u09c7\u09b0 \u09ac\u09be\u0995\u09cd\u09b8\u0964<\/td>\n<\/tr>\n<tr style=\"height: 14.25pt;\">\n<td class=\"et3\" style=\"height: 14.25pt;\" height=\"19\"><strong>\u09b8\u09a0\u09bf\u0995 \u09ae\u09c2\u09b2\u09cd\u09af \u09a8\u09bf\u09b0\u09cd\u09a7\u09be\u09b0\u09a3\u09c7\u09b0 \u099c\u09a8\u09cd\u09af \u09aa\u09cd\u09b0\u09df\u09cb\u099c\u09a8\u09c0\u09df \u09a4\u09a5\u09cd\u09af<\/strong><\/td>\n<td class=\"et3\">EPE \u09ab\u09be\u0981\u0995\u09be \u09aa\u09be\u0987\u09aa\u09c7\u09b0 (\u09ac\u09be GSM) \u09a6\u09c8\u09b0\u09cd\u0998\u09cd\u09af, \u09aa\u09cd\u09b0\u09b8\u09cd\u09a5 \u098f\u09ac\u0982 \u0993\u099c\u09a8<\/td>\n<\/tr>\n<tr style=\"height: 14.25pt;\">\n<td class=\"et3\" style=\"height: 14.25pt;\" height=\"19\"><strong>\u099b\u09be\u0981\u099a \u09a4\u09c8\u09b0\u09bf<\/strong><\/td>\n<td class=\"et3\">\u09e8-\u09e7\u09eb \u0995\u09be\u09b0\u09cd\u09af\u09a6\u09bf\u09ac\u09b8<\/td>\n<\/tr>\n<tr style=\"height: 25.00pt;\">\n<td class=\"et3\" style=\"height: 25.00pt;\" height=\"33\"><strong>\u09a8\u09ae\u09c1\u09a8\u09be<\/strong><\/td>\n<td class=\"et3\">\u09ac\u09bf\u09a8\u09be\u09ae\u09c2\u09b2\u09cd\u09af\u09c7 \u09a8\u09ae\u09c1\u09a8\u09be \u0986\u09aa\u09a8\u09be\u0995\u09c7 \u09af\u09c7\u0995\u09cb\u09a8\u09cb \u09b8\u09ae\u09af\u09bc \u09aa\u09be\u09a0\u09be\u09a8\u09cb \u09af\u09c7\u09a4\u09c7 \u09aa\u09be\u09b0\u09c7, \u09a8\u09ae\u09c1\u09a8\u09be \u09b8\u09ae\u09be\u09aa\u09cd\u09a4\u09bf\u09b0 \u09b8\u09ae\u09af\u09bc: \u09e7-\u09e9 \u09a6\u09bf\u09a8\u0964<\/td>\n<\/tr>\n<tr style=\"height: 115.00pt;\">\n<td class=\"et3\" style=\"height: 115.00pt;\" height=\"153\"><strong>\u09b9\u09be\u09a4\u09b2<\/strong><\/td>\n<td class=\"et4\" style=\"width: 450.00pt;\" width=\"600\">\u09e7. \u099b\u09be\u0981\u099a \u09a4\u09c8\u09b0\u09bf \u0995\u09b0\u09c1\u09a8<br \/>\n2. \u09ae\u09a1\u09c7\u09b2\u09bf\u0982<br \/>\n\u09e9. \u09a8\u09ae\u09c1\u09a8\u09be \u09a8\u09bf\u09b6\u09cd\u099a\u09bf\u09a4\u0995\u09b0\u09a3<br \/>\n\u09ea. \u09a8\u09ae\u09c1\u09a8\u09be \u09ac\u09bf\u09a4\u09b0\u09a3<br \/>\n\u09eb. \u09ae\u09be\u09a8 \u09a8\u09bf\u09af\u09bc\u09a8\u09cd\u09a4\u09cd\u09b0\u09a3\u09c7\u09b0 \u09b8\u09be\u09a5\u09c7 \u09ac\u09cd\u09af\u09be\u09aa\u0995 \u0989\u09ce\u09aa\u09be\u09a6\u09a8<br \/>\n\u09ec. \u099a\u09c2\u09a1\u09bc\u09be\u09a8\u09cd\u09a4 \u09ae\u09be\u09a8 \u09aa\u09b0\u09c0\u0995\u09cd\u09b7\u09be<br \/>\n\u09ed. \u09aa\u09cd\u09af\u09be\u0995\u09c7\u099c\u09bf\u0982<br \/>\n\u09ee. \u09aa\u09b0\u09bf\u09ac\u09b9\u09a8<\/td>\n<\/tr>\n<tr style=\"height: 63.00pt;\">\n<td class=\"et3\" style=\"height: 63.00pt;\" height=\"84\"><strong>\u0986\u09ac\u09c7\u09a6\u09a8<\/strong><\/td>\n<td class=\"et4\" style=\"width: 450.00pt;\" width=\"600\">\u09aa\u09b0\u09bf\u09ac\u09b9\u09a8\u09c7\u09b0 \u09b8\u09ae\u09af\u09bc \u09aa\u09a3\u09cd\u09af \u09af\u09c7\u09ae\u09a8 \u0987\u09b2\u09c7\u0995\u099f\u09cd\u09b0\u09a8\u09bf\u0995\u09cd\u09b8, \u09af\u09a8\u09cd\u09a4\u09cd\u09b0, \u09b9\u09b8\u09cd\u09a4\u09b6\u09bf\u09b2\u09cd\u09aa, \u09b8\u09bf\u09b0\u09be\u09ae\u09bf\u0995, \u0997\u09c3\u09b9\u09b8\u09cd\u09a5\u09be\u09b2\u09c0\u09b0 \u09af\u09a8\u09cd\u09a4\u09cd\u09b0\u09aa\u09be\u09a4\u09bf, \u09b8\u09be\u0987\u0995\u09c7\u09b2, \u09b0\u09be\u09a8\u09cd\u09a8\u09be\u0998\u09b0, \u0986\u09b8\u09ac\u09be\u09ac\u09aa\u09a4\u09cd\u09b0, \u09b9\u09be\u09b0\u09cd\u09a1\u0993\u09af\u09bc\u09cd\u09af\u09be\u09b0 \u09b8\u09b0\u099e\u09cd\u099c\u09be\u09ae, \u0995\u09be\u099a\u09c7\u09b0 \u09aa\u09a3\u09cd\u09af \u098f\u09ac\u0982 \u09a8\u09bf\u09b0\u09cd\u09ad\u09c1\u09b2 \u09af\u09a8\u09cd\u09a4\u09cd\u09b0\u09c7\u09b0 \u099c\u09a8\u09cd\u09af \u0995\u09c1\u09b6\u09a8\u09bf\u0982 \u0995\u09b0\u09be\u09b0 \u099c\u09a8\u09cd\u09af \u09ac\u09cd\u09af\u09ac\u09b9\u09c3\u09a4 \u09b9\u09af\u09bc\u0964<\/td>\n<\/tr>\n<tr style=\"height: 42.75pt;\">\n<td class=\"et3\" style=\"height: 42.75pt;\" height=\"57\"><strong>\u09b8\u09c7\u09ac\u09be<\/strong><\/td>\n<td class=\"et4\" style=\"width: 450.00pt;\" width=\"600\">\u09ae\u09be\u09b0\u09cd\u0995\u09bf\u09a8 \u09af\u09c1\u0995\u09cd\u09a4\u09b0\u09be\u09b7\u09cd\u099f\u09cd\u09b0, \u0987\u0989\u09b0\u09cb\u09aa, \u099c\u09be\u09aa\u09be\u09a8 \u098f\u09ac\u0982 \u0985\u09a8\u09cd\u09af\u09be\u09a8\u09cd\u09af \u09a6\u09c7\u09b6 \u0993 \u0985\u099e\u09cd\u099a\u09b2\u09c7 \u09b0\u09aa\u09cd\u09a4\u09be\u09a8\u09bf \u09aa\u09b0\u09bf\u099a\u09be\u09b2\u09a8\u09be\u09b0 \u0995\u09cd\u09b7\u09c7\u09a4\u09cd\u09b0\u09c7 \u09ac\u09b9\u09c1 \u09ac\u099b\u09b0\u09c7\u09b0 \u0985\u09ad\u09bf\u099c\u09cd\u099e\u09a4\u09be\u09b8\u09ae\u09cd\u09aa\u09a8\u09cd\u09a8 \u09aa\u09c7\u09b6\u09be\u09a6\u09be\u09b0 \u09b0\u09aa\u09cd\u09a4\u09be\u09a8\u09bf \u09ac\u09bf\u0995\u09cd\u09b0\u09af\u09bc \u09a6\u09b2 \u09a6\u09cd\u09ac\u09be\u09b0\u09be \u09a6\u09cd\u09b0\u09c1\u09a4 \u098f\u09ac\u0982 \u0989\u09b7\u09cd\u09a3 \u09aa\u09cd\u09b0\u09a4\u09bf\u0995\u09cd\u09b0\u09bf\u09af\u09bc\u09be \u09aa\u09b0\u09bf\u09b7\u09c7\u09ac\u09be \u09aa\u09cd\u09b0\u09a6\u09be\u09a8 \u0995\u09b0\u09be \u09b9\u09af\u09bc\u0964<\/td>\n<\/tr>\n<\/tbody>\n<\/table>","protected":false},"excerpt":{"rendered":"<p>\u09aa\u09cd\u09af\u09be\u0995\u09c7\u099c\u09bf\u0982 \u09ab\u09cb\u09ae \u09aa\u09cd\u09b0\u09b8\u09cd\u09a4\u09c1\u09a4\u0995\u09be\u09b0\u0995<\/p>\n<ul>\n<li><strong>\u09aa\u09a3\u09cd\u09af:<\/strong> \u09ab\u09cb\u09ae \u09aa\u09cd\u09af\u09be\u0995\u09c7\u099c\u09bf\u0982 (\u09ab\u09cb\u09ae \u09aa\u09cd\u09af\u09be\u0995\u09c7\u099c\u09bf\u0982 \u09a8\u09be\u09ae\u09c7\u0993 \u09aa\u09b0\u09bf\u099a\u09bf\u09a4) \u09ac\u09bf\u09ad\u09bf\u09a8\u09cd\u09a8 \u0986\u0995\u09be\u09b0 \u098f\u09ac\u0982 \u09ac\u09c7\u09a7\u09c7 \u0986\u09b8\u09c7\u0964<\/li>\n<li><strong>\u09ac\u09c8\u09b6\u09bf\u09b7\u09cd\u099f\u09cd\u09af:<\/strong><\/li>\n<\/ul>\n<ol>\n<li>\u0989\u099a\u09cd\u099a\u09ae\u09be\u09a8\u09c7\u09b0, \u09aa\u09b0\u09bf\u09ac\u09b9\u09a8\u09c7\u09b0 \u09b8\u09ae\u09af\u09bc \u09aa\u09a3\u09cd\u09af\u09c7\u09b0 \u09a8\u09bf\u09b0\u09be\u09aa\u09a4\u09cd\u09a4\u09be \u09a8\u09bf\u09b6\u09cd\u099a\u09bf\u09a4 \u0995\u09b0\u09c7\u0964<\/li>\n<li>\u09aa\u09cd\u09b0\u09a4\u09bf\u09af\u09cb\u0997\u09bf\u09a4\u09be\u09ae\u09c2\u09b2\u0995 \u09a6\u09be\u09ae, \u0985\u09a8\u09c7\u0995 \u0997\u09cd\u09b0\u09be\u09b9\u0995\u09c7\u09b0 \u099c\u09a8\u09cd\u09af \u0989\u09aa\u09af\u09c1\u0995\u09cd\u09a4\u0964<\/li>\n<li>\u0997\u09cd\u09b0\u09be\u09b9\u0995\u09c7\u09b0 \u09aa\u09cd\u09b0\u09af\u09bc\u09cb\u099c\u09a8\u09c0\u09af\u09bc\u09a4\u09be \u0985\u09a8\u09c1\u09b8\u09be\u09b0\u09c7 \u0986\u0995\u09be\u09b0 \u0995\u09be\u09b8\u09cd\u099f\u09ae\u09be\u0987\u099c \u0995\u09b0\u09be \u09af\u09c7\u09a4\u09c7 \u09aa\u09be\u09b0\u09c7\u0964<\/li>\n<\/ol>\n<ul>\n<li><strong>\u09aa\u09b0\u09bf\u09b7\u09c7\u09ac\u09be:<\/strong><\/li>\n<\/ul>\n<ol>\n<li>\u0985\u09a8\u09c1\u09b0\u09cb\u09a7\u09c7 \u09ab\u09cb\u09ae \u0989\u09ce\u09aa\u09be\u09a6\u09a8 \u098f\u09ac\u0982 \u09aa\u09cd\u09b0\u0995\u09cd\u09b0\u09bf\u09af\u09bc\u09be\u099c\u09be\u09a4\u0995\u09b0\u09a3\u0964<\/li>\n<li>\u0997\u09cd\u09b0\u09be\u09b9\u0995\u09a6\u09c7\u09b0 \u099c\u09a8\u09cd\u09af \u09b8\u09c7\u09b0\u09be \u09aa\u09b0\u09be\u09ae\u09b0\u09cd\u09b6 \u098f\u09ac\u0982 \u0989\u09a6\u09cd\u09a7\u09c3\u09a4\u09bf\u0964<\/li>\n<\/ol>\n<ul>\n<li><strong>\u09af\u09cb\u0997\u09be\u09af\u09cb\u0997:<\/strong><\/li>\n<\/ul>\n<ol>\n<li>\u09b8\u09b0\u09cd\u09ac\u09cb\u09a4\u09cd\u09a4\u09ae \u09aa\u09b0\u09be\u09ae\u09b0\u09cd\u09b6 \u098f\u09ac\u0982 \u09b8\u09b9\u09be\u09af\u09bc\u09a4\u09be\u09b0 \u099c\u09a8\u09cd\u09af \u09b8\u09b0\u09be\u09b8\u09b0\u09bf \u0995\u09be\u09b0\u0996\u09be\u09a8\u09be\u09b0 \u09b8\u09be\u09a5\u09c7 \u09af\u09cb\u0997\u09be\u09af\u09cb\u0997 \u0995\u09b0\u09c1\u09a8\u0964<\/li>\n<\/ol>","protected":false},"featured_media":1736,"comment_status":"open","ping_status":"closed","template":"","meta":[],"product_cat":[15],"product_tag":[],"class_list":{"0":"post-1397","1":"product","2":"type-product","3":"status-publish","4":"has-post-thumbnail","6":"product_cat-bot-pe-tuy-chinh","8":"first","9":"instock","10":"shipping-taxable","11":"product-type-simple"},"yoast_head":"<!-- This site is optimized with the Yoast SEO plugin v23.4 - https:\/\/yoast.com\/wordpress\/plugins\/seo\/ -->\n<title>M\u00fat X\u1ed1p B\u1ecdc H\u00e0ng | M\u00fat B\u1ecdc H\u00e0ng | M\u00fat X\u1ed1p B\u1ecdc H\u00e0ng Gi\u00e1 R\u1ebb - Nh\u00e0 s\u1ea3n xu\u1ea5t b\u1ecdt Polyethylene m\u1edf r\u1ed9ng<\/title>\n<meta name=\"description\" content=\"M\u00fat x\u1ed1p b\u1ecdc h\u00e0ng, m\u00fat b\u1ecdc h\u00e0ng gi\u00e1 r\u1ebb, ch\u1ea5t l\u01b0\u1ee3ng cao. S\u1ea3n xu\u1ea5t, gia c\u00f4ng theo y\u00eau c\u1ea7u. Li\u00ean h\u1ec7 nh\u00e0 m\u00e1y \u0111\u1ec3 nh\u1eadn b\u00e1o gi\u00e1 t\u1ed1t nh\u1ea5t!\" \/>\n<meta name=\"robots\" content=\"index, follow, max-snippet:-1, max-image-preview:large, max-video-preview:-1\" \/>\n<link rel=\"canonical\" href=\"https:\/\/epe.vn\/bn\/manufacturer\/mut-xop-boc-hang\/\" \/>\n<meta property=\"og:locale\" content=\"en_US\" \/>\n<meta property=\"og:type\" content=\"article\" \/>\n<meta property=\"og:title\" content=\"M\u00fat X\u1ed1p B\u1ecdc H\u00e0ng | M\u00fat B\u1ecdc H\u00e0ng | M\u00fat X\u1ed1p B\u1ecdc H\u00e0ng Gi\u00e1 R\u1ebb - Nh\u00e0 s\u1ea3n xu\u1ea5t b\u1ecdt Polyethylene m\u1edf r\u1ed9ng\" \/>\n<meta property=\"og:description\" content=\"M\u00fat x\u1ed1p b\u1ecdc h\u00e0ng, m\u00fat b\u1ecdc h\u00e0ng gi\u00e1 r\u1ebb, ch\u1ea5t l\u01b0\u1ee3ng cao. S\u1ea3n xu\u1ea5t, gia c\u00f4ng theo y\u00eau c\u1ea7u. Li\u00ean h\u1ec7 nh\u00e0 m\u00e1y \u0111\u1ec3 nh\u1eadn b\u00e1o gi\u00e1 t\u1ed1t nh\u1ea5t!\" \/>\n<meta property=\"og:url\" content=\"https:\/\/epe.vn\/bn\/manufacturer\/mut-xop-boc-hang\/\" \/>\n<meta property=\"og:site_name\" content=\"Nh\u00e0 s\u1ea3n xu\u1ea5t b\u1ecdt Polyethylene m\u1edf r\u1ed9ng\" \/>\n<meta property=\"article:modified_time\" content=\"2025-02-12T03:25:44+00:00\" \/>\n<meta property=\"og:image\" content=\"https:\/\/epe.vn\/wp-content\/uploads\/2023\/06\/mut-xop-boc-hang.webp\" \/>\n\t<meta property=\"og:image:width\" content=\"1000\" \/>\n\t<meta property=\"og:image:height\" content=\"1000\" \/>\n\t<meta property=\"og:image:type\" content=\"image\/webp\" \/>\n<meta name=\"twitter:card\" content=\"summary_large_image\" \/>\n<meta name=\"twitter:label1\" content=\"Est. reading time\" \/>\n\t<meta name=\"twitter:data1\" content=\"2 \u09ae\u09bf\u09a8\u09bf\u099f\" \/>\n<script type=\"application\/ld+json\" class=\"yoast-schema-graph\">{\"@context\":\"https:\/\/schema.org\",\"@graph\":[{\"@type\":\"WebPage\",\"@id\":\"https:\/\/epe.vn\/manufacturer\/mut-xop-boc-hang\/\",\"url\":\"https:\/\/epe.vn\/manufacturer\/mut-xop-boc-hang\/\",\"name\":\"M\u00fat X\u1ed1p B\u1ecdc H\u00e0ng | M\u00fat B\u1ecdc H\u00e0ng | M\u00fat X\u1ed1p B\u1ecdc H\u00e0ng Gi\u00e1 R\u1ebb - Nh\u00e0 s\u1ea3n xu\u1ea5t b\u1ecdt Polyethylene m\u1edf r\u1ed9ng\",\"isPartOf\":{\"@id\":\"https:\/\/epe.vn\/#website\"},\"primaryImageOfPage\":{\"@id\":\"https:\/\/epe.vn\/manufacturer\/mut-xop-boc-hang\/#primaryimage\"},\"image\":{\"@id\":\"https:\/\/epe.vn\/manufacturer\/mut-xop-boc-hang\/#primaryimage\"},\"thumbnailUrl\":\"https:\/\/epe.vn\/wp-content\/uploads\/2023\/06\/mut-xop-boc-hang.webp\",\"datePublished\":\"2023-06-08T07:51:40+00:00\",\"dateModified\":\"2025-02-12T03:25:44+00:00\",\"description\":\"M\u00fat x\u1ed1p b\u1ecdc h\u00e0ng, m\u00fat b\u1ecdc h\u00e0ng gi\u00e1 r\u1ebb, ch\u1ea5t l\u01b0\u1ee3ng cao. S\u1ea3n xu\u1ea5t, gia c\u00f4ng theo y\u00eau c\u1ea7u. Li\u00ean h\u1ec7 nh\u00e0 m\u00e1y \u0111\u1ec3 nh\u1eadn b\u00e1o gi\u00e1 t\u1ed1t nh\u1ea5t!\",\"breadcrumb\":{\"@id\":\"https:\/\/epe.vn\/manufacturer\/mut-xop-boc-hang\/#breadcrumb\"},\"inLanguage\":\"bn-BD\",\"potentialAction\":[{\"@type\":\"ReadAction\",\"target\":[\"https:\/\/epe.vn\/manufacturer\/mut-xop-boc-hang\/\"]}]},{\"@type\":\"ImageObject\",\"inLanguage\":\"bn-BD\",\"@id\":\"https:\/\/epe.vn\/manufacturer\/mut-xop-boc-hang\/#primaryimage\",\"url\":\"https:\/\/epe.vn\/wp-content\/uploads\/2023\/06\/mut-xop-boc-hang.webp\",\"contentUrl\":\"https:\/\/epe.vn\/wp-content\/uploads\/2023\/06\/mut-xop-boc-hang.webp\",\"width\":1000,\"height\":1000,\"caption\":\"m\u00fat x\u1ed1p b\u1ecdc h\u00e0ng\"},{\"@type\":\"BreadcrumbList\",\"@id\":\"https:\/\/epe.vn\/manufacturer\/mut-xop-boc-hang\/#breadcrumb\",\"itemListElement\":[{\"@type\":\"ListItem\",\"position\":1,\"name\":\"Home\",\"item\":\"https:\/\/epe.vn\/\"},{\"@type\":\"ListItem\",\"position\":2,\"name\":\"Shop\",\"item\":\"https:\/\/epe.vn\/shop\/\"},{\"@type\":\"ListItem\",\"position\":3,\"name\":\"M\u00fat X\u1ed1p B\u1ecdc H\u00e0ng | M\u00fat B\u1ecdc H\u00e0ng | M\u00fat X\u1ed1p B\u1ecdc H\u00e0ng Gi\u00e1 R\u1ebb\"}]},{\"@type\":\"WebSite\",\"@id\":\"https:\/\/epe.vn\/#website\",\"url\":\"https:\/\/epe.vn\/\",\"name\":\"Nh\u00e0 s\u1ea3n xu\u1ea5t b\u1ecdt Polyethylene m\u1edf r\u1ed9ng\",\"description\":\"Nh\u00e0 cung c\u1ea5p bao b\u00ec v\u1ec9 x\u1ed1p polyethylene m\u1edf r\u1ed9ng v\u00e0 t\u00fai PE\",\"potentialAction\":[{\"@type\":\"SearchAction\",\"target\":{\"@type\":\"EntryPoint\",\"urlTemplate\":\"https:\/\/epe.vn\/?s={search_term_string}\"},\"query-input\":{\"@type\":\"PropertyValueSpecification\",\"valueRequired\":true,\"valueName\":\"search_term_string\"}}],\"inLanguage\":\"bn-BD\"}]}<\/script>\n<!-- \/ Yoast SEO plugin. -->","yoast_head_json":{"title":"M\u00fat X\u1ed1p B\u1ecdc H\u00e0ng | M\u00fat B\u1ecdc H\u00e0ng | M\u00fat X\u1ed1p B\u1ecdc H\u00e0ng Gi\u00e1 R\u1ebb - Nh\u00e0 s\u1ea3n xu\u1ea5t b\u1ecdt Polyethylene m\u1edf r\u1ed9ng","description":"M\u00fat x\u1ed1p b\u1ecdc h\u00e0ng, m\u00fat b\u1ecdc h\u00e0ng gi\u00e1 r\u1ebb, ch\u1ea5t l\u01b0\u1ee3ng cao. S\u1ea3n xu\u1ea5t, gia c\u00f4ng theo y\u00eau c\u1ea7u. Li\u00ean h\u1ec7 nh\u00e0 m\u00e1y \u0111\u1ec3 nh\u1eadn b\u00e1o gi\u00e1 t\u1ed1t nh\u1ea5t!","robots":{"index":"index","follow":"follow","max-snippet":"max-snippet:-1","max-image-preview":"max-image-preview:large","max-video-preview":"max-video-preview:-1"},"canonical":"https:\/\/epe.vn\/bn\/manufacturer\/mut-xop-boc-hang\/","og_locale":"en_US","og_type":"article","og_title":"M\u00fat X\u1ed1p B\u1ecdc H\u00e0ng | M\u00fat B\u1ecdc H\u00e0ng | M\u00fat X\u1ed1p B\u1ecdc H\u00e0ng Gi\u00e1 R\u1ebb - Nh\u00e0 s\u1ea3n xu\u1ea5t b\u1ecdt Polyethylene m\u1edf r\u1ed9ng","og_description":"M\u00fat x\u1ed1p b\u1ecdc h\u00e0ng, m\u00fat b\u1ecdc h\u00e0ng gi\u00e1 r\u1ebb, ch\u1ea5t l\u01b0\u1ee3ng cao. S\u1ea3n xu\u1ea5t, gia c\u00f4ng theo y\u00eau c\u1ea7u. Li\u00ean h\u1ec7 nh\u00e0 m\u00e1y \u0111\u1ec3 nh\u1eadn b\u00e1o gi\u00e1 t\u1ed1t nh\u1ea5t!","og_url":"https:\/\/epe.vn\/bn\/manufacturer\/mut-xop-boc-hang\/","og_site_name":"Nh\u00e0 s\u1ea3n xu\u1ea5t b\u1ecdt Polyethylene m\u1edf r\u1ed9ng","article_modified_time":"2025-02-12T03:25:44+00:00","og_image":[{"width":1000,"height":1000,"url":"https:\/\/epe.vn\/wp-content\/uploads\/2023\/06\/mut-xop-boc-hang.webp","type":"image\/webp"}],"twitter_card":"summary_large_image","twitter_misc":{"Est. reading time":"2 \u09ae\u09bf\u09a8\u09bf\u099f"},"schema":{"@context":"https:\/\/schema.org","@graph":[{"@type":"WebPage","@id":"https:\/\/epe.vn\/manufacturer\/mut-xop-boc-hang\/","url":"https:\/\/epe.vn\/manufacturer\/mut-xop-boc-hang\/","name":"M\u00fat X\u1ed1p B\u1ecdc H\u00e0ng | M\u00fat B\u1ecdc H\u00e0ng | M\u00fat X\u1ed1p B\u1ecdc H\u00e0ng Gi\u00e1 R\u1ebb - Nh\u00e0 s\u1ea3n xu\u1ea5t b\u1ecdt Polyethylene m\u1edf r\u1ed9ng","isPartOf":{"@id":"https:\/\/epe.vn\/#website"},"primaryImageOfPage":{"@id":"https:\/\/epe.vn\/manufacturer\/mut-xop-boc-hang\/#primaryimage"},"image":{"@id":"https:\/\/epe.vn\/manufacturer\/mut-xop-boc-hang\/#primaryimage"},"thumbnailUrl":"https:\/\/epe.vn\/wp-content\/uploads\/2023\/06\/mut-xop-boc-hang.webp","datePublished":"2023-06-08T07:51:40+00:00","dateModified":"2025-02-12T03:25:44+00:00","description":"M\u00fat x\u1ed1p b\u1ecdc h\u00e0ng, m\u00fat b\u1ecdc h\u00e0ng gi\u00e1 r\u1ebb, ch\u1ea5t l\u01b0\u1ee3ng cao. S\u1ea3n xu\u1ea5t, gia c\u00f4ng theo y\u00eau c\u1ea7u. Li\u00ean h\u1ec7 nh\u00e0 m\u00e1y \u0111\u1ec3 nh\u1eadn b\u00e1o gi\u00e1 t\u1ed1t nh\u1ea5t!","breadcrumb":{"@id":"https:\/\/epe.vn\/manufacturer\/mut-xop-boc-hang\/#breadcrumb"},"inLanguage":"bn-BD","potentialAction":[{"@type":"ReadAction","target":["https:\/\/epe.vn\/manufacturer\/mut-xop-boc-hang\/"]}]},{"@type":"ImageObject","inLanguage":"bn-BD","@id":"https:\/\/epe.vn\/manufacturer\/mut-xop-boc-hang\/#primaryimage","url":"https:\/\/epe.vn\/wp-content\/uploads\/2023\/06\/mut-xop-boc-hang.webp","contentUrl":"https:\/\/epe.vn\/wp-content\/uploads\/2023\/06\/mut-xop-boc-hang.webp","width":1000,"height":1000,"caption":"m\u00fat x\u1ed1p b\u1ecdc h\u00e0ng"},{"@type":"BreadcrumbList","@id":"https:\/\/epe.vn\/manufacturer\/mut-xop-boc-hang\/#breadcrumb","itemListElement":[{"@type":"ListItem","position":1,"name":"Home","item":"https:\/\/epe.vn\/"},{"@type":"ListItem","position":2,"name":"Shop","item":"https:\/\/epe.vn\/shop\/"},{"@type":"ListItem","position":3,"name":"M\u00fat X\u1ed1p B\u1ecdc H\u00e0ng | M\u00fat B\u1ecdc H\u00e0ng | M\u00fat X\u1ed1p B\u1ecdc H\u00e0ng Gi\u00e1 R\u1ebb"}]},{"@type":"WebSite","@id":"https:\/\/epe.vn\/#website","url":"https:\/\/epe.vn\/","name":"Nh\u00e0 s\u1ea3n xu\u1ea5t b\u1ecdt Polyethylene m\u1edf r\u1ed9ng","description":"Nh\u00e0 cung c\u1ea5p bao b\u00ec v\u1ec9 x\u1ed1p polyethylene m\u1edf r\u1ed9ng v\u00e0 t\u00fai PE","potentialAction":[{"@type":"SearchAction","target":{"@type":"EntryPoint","urlTemplate":"https:\/\/epe.vn\/?s={search_term_string}"},"query-input":{"@type":"PropertyValueSpecification","valueRequired":true,"valueName":"search_term_string"}}],"inLanguage":"bn-BD"}]}},"_links":{"self":[{"href":"https:\/\/epe.vn\/bn\/wp-json\/wp\/v2\/product\/1397","targetHints":{"allow":["GET"]}}],"collection":[{"href":"https:\/\/epe.vn\/bn\/wp-json\/wp\/v2\/product"}],"about":[{"href":"https:\/\/epe.vn\/bn\/wp-json\/wp\/v2\/types\/product"}],"replies":[{"embeddable":true,"href":"https:\/\/epe.vn\/bn\/wp-json\/wp\/v2\/comments?post=1397"}],"wp:featuredmedia":[{"embeddable":true,"href":"https:\/\/epe.vn\/bn\/wp-json\/wp\/v2\/media\/1736"}],"wp:attachment":[{"href":"https:\/\/epe.vn\/bn\/wp-json\/wp\/v2\/media?parent=1397"}],"wp:term":[{"taxonomy":"product_cat","embeddable":true,"href":"https:\/\/epe.vn\/bn\/wp-json\/wp\/v2\/product_cat?post=1397"},{"taxonomy":"product_tag","embeddable":true,"href":"https:\/\/epe.vn\/bn\/wp-json\/wp\/v2\/product_tag?post=1397"}],"curies":[{"name":"wp","href":"https:\/\/api.w.org\/{rel}","templated":true}]}}