{"id":2306,"date":"2025-05-12T15:22:16","date_gmt":"2025-05-12T08:22:16","guid":{"rendered":"https:\/\/epe.vn\/?post_type=product&#038;p=2306"},"modified":"2025-05-12T15:22:16","modified_gmt":"2025-05-12T08:22:16","slug":"tam-xop-epe-trang-dung-cho-hang-thu-cong","status":"publish","type":"product","link":"https:\/\/epe.vn\/bn\/manufacturer\/tam-xop-epe-trang-dung-cho-hang-thu-cong\/","title":{"rendered":"T\u1ea5m x\u1ed1p EPE tr\u1eafng d\u00f9ng cho h\u00e0ng th\u1ee7 c\u00f4ng | Tu\u1ef3 ch\u1ec9nh"},"content":{"rendered":"<h2><span style=\"font-weight: 400;\">Th\u00f4ng tin s\u1ea3n ph\u1ea9m:<\/span><\/h2>\n<table>\n<tbody>\n<tr>\n<td><b>Thu\u1ed9c t\u00ednh<\/b><\/td>\n<td><b>Th\u00f4ng tin chi ti\u1ebft<\/b><\/td>\n<\/tr>\n<tr>\n<td><b>\u09aa\u09a3\u09cd\u09af\u09c7\u09b0 \u09a8\u09be\u09ae<\/b><\/td>\n<td><span style=\"font-weight: 400;\">T\u1ea5m x\u1ed1p EPE tr\u1eafng d\u00f9ng cho h\u00e0ng th\u1ee7 c\u00f4ng<\/span><\/td>\n<\/tr>\n<tr>\n<td><b>\u09b0\u0999<\/b><\/td>\n<td><span style=\"font-weight: 400;\">\u09b8\u09be\u09a6\u09be<\/span><\/td>\n<\/tr>\n<tr>\n<td><b>\u0989\u09aa\u09be\u09a6\u09be\u09a8<\/b><\/td>\n<td><span style=\"font-weight: 400;\">Nh\u1ef1a Polyethylene t\u1ef7 tr\u1ecdng th\u1ea5p (LDPE)<\/span><\/td>\n<\/tr>\n<tr>\n<td><b>K\u00edch th\u01b0\u1edbc ph\u1ed5 bi\u1ebfn<\/b><\/td>\n<td><span style=\"font-weight: 400;\">1000mm x 2000mm, ho\u1eb7c t\u00f9y ch\u1ec9nh theo y\u00eau c\u1ea7u<\/span><\/td>\n<\/tr>\n<tr>\n<td><b>\u0110\u1ed9 d\u00e0y<\/b><\/td>\n<td><span style=\"font-weight: 400;\">0.5mm \u2013 10mm<\/span><\/td>\n<\/tr>\n<tr>\n<td><b>\u0110\u1eb7c t\u00ednh n\u1ed5i b\u1eadt<\/b><\/td>\n<td><span style=\"font-weight: 400;\">M\u1ec1m, m\u1ecbn, nh\u1eb9, d\u1ec5 c\u1eaft t\u1ea1o h\u00ecnh, m\u00e0u tr\u1eafng tinh khi\u1ebft<\/span><\/td>\n<\/tr>\n<tr>\n<td><b>\u1ee8ng d\u1ee5ng<\/b><\/td>\n<td><span style=\"font-weight: 400;\">L\u00e0m \u0111\u1ed3 th\u1ee7 c\u00f4ng, l\u00f3t h\u1ed9p, t\u1ea1o h\u00ecnh trang tr\u00ed, m\u00f4 h\u00ecnh,\u2026<\/span><\/td>\n<\/tr>\n<tr>\n<td><b>T\u00f9y ch\u1ecdn gia c\u00f4ng<\/b><\/td>\n<td><span style=\"font-weight: 400;\">C\u1eaft t\u1ea5m theo k\u00edch th\u01b0\u1edbc, d\u1eadp khu\u00f4n, \u00e9p nhi\u1ec7t<\/span><\/td>\n<\/tr>\n<tr>\n<td><b>Xu\u1ea5t x\u1ee9<\/b><\/td>\n<td><span style=\"font-weight: 400;\">Vi\u1ec7t Nam<\/span><\/td>\n<\/tr>\n<\/tbody>\n<\/table>\n<h2><span style=\"font-weight: 400;\">Ch\u1ee9c n\u0103ng c\u1ee7a t\u1ea5m x\u1ed1p EPE tr\u1eafng<\/span><\/h2>\n<ul>\n<li style=\"font-weight: 400;\" aria-level=\"1\"><span style=\"font-weight: 400;\">L\u00e0m nguy\u00ean li\u1ec7u t\u1ea1o h\u00ecnh, c\u1eaft d\u00e1n, l\u1eafp gh\u00e9p m\u00f4 h\u00ecnh th\u1ee7 c\u00f4ng.<\/span><\/li>\n<li style=\"font-weight: 400;\" aria-level=\"1\"><span style=\"font-weight: 400;\">D\u00f9ng l\u00f3t b\u00ean trong s\u1ea3n ph\u1ea9m qu\u00e0 t\u1eb7ng, h\u1ed9p, bao b\u00ec \u0111\u1ec3 b\u1ea3o v\u1ec7 nh\u1eb9 nh\u00e0ng.<\/span><\/li>\n<li style=\"font-weight: 400;\" aria-level=\"1\"><span style=\"font-weight: 400;\">T\u1ea1o n\u1ec1n cho c\u00e1c d\u1ef1 \u00e1n th\u1ee7 c\u00f4ng \u0111\u00f2i h\u1ecfi t\u00ednh th\u1ea9m m\u1ef9 v\u00e0 \u0111\u1ed9 ch\u00ednh x\u00e1c.<\/span><\/li>\n<\/ul>\n<h2><span style=\"font-weight: 400;\">\u01afu \u0111i\u1ec3m n\u1ed5i b\u1eadt<\/span><\/h2>\n<ul>\n<li style=\"font-weight: 400;\" aria-level=\"1\"><span style=\"font-weight: 400;\">B\u1ec1 m\u1eb7t tr\u1eafng tinh khi\u1ebft, t\u1ea1o c\u1ea3m gi\u00e1c s\u1ea1ch, d\u1ec5 k\u1ebft h\u1ee3p trang tr\u00ed.<\/span><\/li>\n<li style=\"font-weight: 400;\" aria-level=\"1\"><span style=\"font-weight: 400;\">M\u1ec1m, nh\u1eb9 v\u00e0 \u0111\u00e0n h\u1ed3i t\u1ed1t, d\u1ec5 t\u1ea1o h\u00ecnh theo \u00fd mu\u1ed1n.<\/span><\/li>\n<li style=\"font-weight: 400;\" aria-level=\"1\"><span style=\"font-weight: 400;\">An to\u00e0n, kh\u00f4ng m\u00f9i, kh\u00f4ng \u0111\u1ed9c h\u1ea1i, ph\u00f9 h\u1ee3p v\u1edbi tr\u1ebb nh\u1ecf v\u00e0 m\u00f4i tr\u01b0\u1eddng h\u1ecdc \u0111\u01b0\u1eddng.<\/span><\/li>\n<li style=\"font-weight: 400;\" aria-level=\"1\"><span style=\"font-weight: 400;\">D\u1ec5 c\u1eaft d\u00e1n, \u0111\u1ecbnh h\u00ecnh, ti\u1ebft ki\u1ec7m th\u1eddi gian khi gia c\u00f4ng th\u1ee7 c\u00f4ng.<\/span><\/li>\n<li style=\"font-weight: 400;\" aria-level=\"1\"><span style=\"font-weight: 400;\">Ch\u1ed1ng \u1ea9m, kh\u00f4ng m\u1ee5c n\u00e1t, gi\u1eef \u0111\u01b0\u1ee3c \u0111\u1ed9 b\u1ec1n l\u00e2u d\u00e0i.<\/span><\/li>\n<\/ul>","protected":false},"excerpt":{"rendered":"<p><span style=\"font-weight: 400;\">T\u1ea5m x\u1ed1p EPE tr\u1eafng d\u00f9ng cho h\u00e0ng th\u1ee7 c\u00f4ng l\u00e0 l\u1ef1a ch\u1ecdn l\u00fd t\u01b0\u1edfng cho c\u00e1c d\u1ef1 \u00e1n DIY, trang tr\u00ed, l\u00e0m \u0111\u1ed3 handmade ho\u1eb7c m\u00f4 h\u00ecnh gi\u00e1o d\u1ee5c. V\u1edbi m\u00e0u tr\u1eafng thu\u1ea7n khi\u1ebft, d\u1ec5 c\u1eaft t\u1ea1o h\u00ecnh v\u00e0 \u0111\u1eb7c t\u00ednh nh\u1eb9, an to\u00e0n, s\u1ea3n ph\u1ea9m n\u00e0y ph\u00f9 h\u1ee3p s\u1eed d\u1ee5ng trong tr\u01b0\u1eddng h\u1ecdc, l\u1edbp h\u1ecdc m\u1ef9 thu\u1eadt, x\u01b0\u1edfng \u0111\u1ed3 th\u1ee7 c\u00f4ng v\u00e0 c\u00e1c c\u1eeda h\u00e0ng qu\u00e0 t\u1eb7ng c\u1ea7n s\u1ef1 tinh t\u1ebf v\u00e0 s\u1ea1ch s\u1ebd trong t\u1eebng chi ti\u1ebft.<\/span><\/p>","protected":false},"featured_media":2307,"comment_status":"open","ping_status":"closed","template":"","meta":[],"product_cat":[36],"product_tag":[48,47,55,52],"class_list":{"0":"post-2306","1":"product","2":"type-product","3":"status-publish","4":"has-post-thumbnail","6":"product_cat-tam-mut-xop","7":"product_tag-epe-foam","8":"product_tag-mut-xop-epe","9":"product_tag-tam-xop-epe","10":"product_tag-xop-epe","12":"first","13":"instock","14":"shipping-taxable","15":"product-type-simple"},"yoast_head":"<!-- This site is optimized with the Yoast SEO plugin v23.4 - https:\/\/yoast.com\/wordpress\/plugins\/seo\/ -->\n<title>T\u1ea5m x\u1ed1p EPE tr\u1eafng d\u00f9ng cho h\u00e0ng th\u1ee7 c\u00f4ng | Tu\u1ef3 ch\u1ec9nh - Nh\u00e0 s\u1ea3n xu\u1ea5t b\u1ecdt Polyethylene m\u1edf r\u1ed9ng<\/title>\n<meta name=\"description\" content=\"T\u1ea5m x\u1ed1p EPE tr\u1eafng th\u1ee7 c\u00f4ng nh\u1eb9, m\u1ec1m, d\u1ec5 t\u1ea1o h\u00ecnh. Ph\u00f9 h\u1ee3p l\u00e0m m\u00f4 h\u00ecnh, \u0111\u1ed3 handmade, l\u00f3t h\u1ed9p qu\u00e0. S\u1ea1ch \u0111\u1eb9p, an to\u00e0n cho c\u1ea3 tr\u1ebb nh\u1ecf v\u00e0 ng\u01b0\u1eddi d\u00f9ng.\" \/>\n<meta name=\"robots\" content=\"index, follow, max-snippet:-1, max-image-preview:large, max-video-preview:-1\" \/>\n<link rel=\"canonical\" href=\"https:\/\/epe.vn\/bn\/manufacturer\/tam-xop-epe-trang-dung-cho-hang-thu-cong\/\" \/>\n<meta property=\"og:locale\" content=\"en_US\" \/>\n<meta property=\"og:type\" content=\"article\" \/>\n<meta property=\"og:title\" content=\"T\u1ea5m x\u1ed1p EPE tr\u1eafng d\u00f9ng cho h\u00e0ng th\u1ee7 c\u00f4ng | Tu\u1ef3 ch\u1ec9nh - Nh\u00e0 s\u1ea3n xu\u1ea5t b\u1ecdt Polyethylene m\u1edf r\u1ed9ng\" \/>\n<meta property=\"og:description\" content=\"T\u1ea5m x\u1ed1p EPE tr\u1eafng th\u1ee7 c\u00f4ng nh\u1eb9, m\u1ec1m, d\u1ec5 t\u1ea1o h\u00ecnh. Ph\u00f9 h\u1ee3p l\u00e0m m\u00f4 h\u00ecnh, \u0111\u1ed3 handmade, l\u00f3t h\u1ed9p qu\u00e0. S\u1ea1ch \u0111\u1eb9p, an to\u00e0n cho c\u1ea3 tr\u1ebb nh\u1ecf v\u00e0 ng\u01b0\u1eddi d\u00f9ng.\" \/>\n<meta property=\"og:url\" content=\"https:\/\/epe.vn\/bn\/manufacturer\/tam-xop-epe-trang-dung-cho-hang-thu-cong\/\" \/>\n<meta property=\"og:site_name\" content=\"Nh\u00e0 s\u1ea3n xu\u1ea5t b\u1ecdt Polyethylene m\u1edf r\u1ed9ng\" \/>\n<meta property=\"og:image\" content=\"https:\/\/epe.vn\/wp-content\/uploads\/2025\/05\/tam-xop-EPE-trang-dung-cho-hang-thu-cong.webp\" \/>\n\t<meta property=\"og:image:width\" content=\"800\" \/>\n\t<meta property=\"og:image:height\" content=\"800\" \/>\n\t<meta property=\"og:image:type\" content=\"image\/webp\" \/>\n<meta name=\"twitter:card\" content=\"summary_large_image\" \/>\n<meta name=\"twitter:label1\" content=\"Est. reading time\" \/>\n\t<meta name=\"twitter:data1\" content=\"2 \u09ae\u09bf\u09a8\u09bf\u099f\" \/>\n<script type=\"application\/ld+json\" class=\"yoast-schema-graph\">{\"@context\":\"https:\/\/schema.org\",\"@graph\":[{\"@type\":\"WebPage\",\"@id\":\"https:\/\/epe.vn\/manufacturer\/tam-xop-epe-trang-dung-cho-hang-thu-cong\/\",\"url\":\"https:\/\/epe.vn\/manufacturer\/tam-xop-epe-trang-dung-cho-hang-thu-cong\/\",\"name\":\"T\u1ea5m x\u1ed1p EPE tr\u1eafng d\u00f9ng cho h\u00e0ng th\u1ee7 c\u00f4ng | Tu\u1ef3 ch\u1ec9nh - Nh\u00e0 s\u1ea3n xu\u1ea5t b\u1ecdt Polyethylene m\u1edf r\u1ed9ng\",\"isPartOf\":{\"@id\":\"https:\/\/epe.vn\/#website\"},\"primaryImageOfPage\":{\"@id\":\"https:\/\/epe.vn\/manufacturer\/tam-xop-epe-trang-dung-cho-hang-thu-cong\/#primaryimage\"},\"image\":{\"@id\":\"https:\/\/epe.vn\/manufacturer\/tam-xop-epe-trang-dung-cho-hang-thu-cong\/#primaryimage\"},\"thumbnailUrl\":\"https:\/\/epe.vn\/wp-content\/uploads\/2025\/05\/tam-xop-EPE-trang-dung-cho-hang-thu-cong.webp\",\"datePublished\":\"2025-05-12T08:22:16+00:00\",\"dateModified\":\"2025-05-12T08:22:16+00:00\",\"description\":\"T\u1ea5m x\u1ed1p EPE tr\u1eafng th\u1ee7 c\u00f4ng nh\u1eb9, m\u1ec1m, d\u1ec5 t\u1ea1o h\u00ecnh. Ph\u00f9 h\u1ee3p l\u00e0m m\u00f4 h\u00ecnh, \u0111\u1ed3 handmade, l\u00f3t h\u1ed9p qu\u00e0. S\u1ea1ch \u0111\u1eb9p, an to\u00e0n cho c\u1ea3 tr\u1ebb nh\u1ecf v\u00e0 ng\u01b0\u1eddi d\u00f9ng.\",\"breadcrumb\":{\"@id\":\"https:\/\/epe.vn\/manufacturer\/tam-xop-epe-trang-dung-cho-hang-thu-cong\/#breadcrumb\"},\"inLanguage\":\"bn-BD\",\"potentialAction\":[{\"@type\":\"ReadAction\",\"target\":[\"https:\/\/epe.vn\/manufacturer\/tam-xop-epe-trang-dung-cho-hang-thu-cong\/\"]}]},{\"@type\":\"ImageObject\",\"inLanguage\":\"bn-BD\",\"@id\":\"https:\/\/epe.vn\/manufacturer\/tam-xop-epe-trang-dung-cho-hang-thu-cong\/#primaryimage\",\"url\":\"https:\/\/epe.vn\/wp-content\/uploads\/2025\/05\/tam-xop-EPE-trang-dung-cho-hang-thu-cong.webp\",\"contentUrl\":\"https:\/\/epe.vn\/wp-content\/uploads\/2025\/05\/tam-xop-EPE-trang-dung-cho-hang-thu-cong.webp\",\"width\":800,\"height\":800,\"caption\":\"ta\u0302\u0301m xo\u0302\u0301p EPE tra\u0306\u0301ng du\u0300ng cho ha\u0300ng thu\u0309 co\u0302ng\"},{\"@type\":\"BreadcrumbList\",\"@id\":\"https:\/\/epe.vn\/manufacturer\/tam-xop-epe-trang-dung-cho-hang-thu-cong\/#breadcrumb\",\"itemListElement\":[{\"@type\":\"ListItem\",\"position\":1,\"name\":\"Home\",\"item\":\"https:\/\/epe.vn\/\"},{\"@type\":\"ListItem\",\"position\":2,\"name\":\"Shop\",\"item\":\"https:\/\/epe.vn\/shop\/\"},{\"@type\":\"ListItem\",\"position\":3,\"name\":\"T\u1ea5m x\u1ed1p EPE tr\u1eafng d\u00f9ng cho h\u00e0ng th\u1ee7 c\u00f4ng | Tu\u1ef3 ch\u1ec9nh\"}]},{\"@type\":\"WebSite\",\"@id\":\"https:\/\/epe.vn\/#website\",\"url\":\"https:\/\/epe.vn\/\",\"name\":\"Nh\u00e0 s\u1ea3n xu\u1ea5t b\u1ecdt Polyethylene m\u1edf r\u1ed9ng\",\"description\":\"Nh\u00e0 cung c\u1ea5p bao b\u00ec v\u1ec9 x\u1ed1p polyethylene m\u1edf r\u1ed9ng v\u00e0 t\u00fai PE\",\"potentialAction\":[{\"@type\":\"SearchAction\",\"target\":{\"@type\":\"EntryPoint\",\"urlTemplate\":\"https:\/\/epe.vn\/?s={search_term_string}\"},\"query-input\":{\"@type\":\"PropertyValueSpecification\",\"valueRequired\":true,\"valueName\":\"search_term_string\"}}],\"inLanguage\":\"bn-BD\"}]}<\/script>\n<!-- \/ Yoast SEO plugin. -->","yoast_head_json":{"title":"T\u1ea5m x\u1ed1p EPE tr\u1eafng d\u00f9ng cho h\u00e0ng th\u1ee7 c\u00f4ng | Tu\u1ef3 ch\u1ec9nh - Nh\u00e0 s\u1ea3n xu\u1ea5t b\u1ecdt Polyethylene m\u1edf r\u1ed9ng","description":"T\u1ea5m x\u1ed1p EPE tr\u1eafng th\u1ee7 c\u00f4ng nh\u1eb9, m\u1ec1m, d\u1ec5 t\u1ea1o h\u00ecnh. Ph\u00f9 h\u1ee3p l\u00e0m m\u00f4 h\u00ecnh, \u0111\u1ed3 handmade, l\u00f3t h\u1ed9p qu\u00e0. S\u1ea1ch \u0111\u1eb9p, an to\u00e0n cho c\u1ea3 tr\u1ebb nh\u1ecf v\u00e0 ng\u01b0\u1eddi d\u00f9ng.","robots":{"index":"index","follow":"follow","max-snippet":"max-snippet:-1","max-image-preview":"max-image-preview:large","max-video-preview":"max-video-preview:-1"},"canonical":"https:\/\/epe.vn\/bn\/manufacturer\/tam-xop-epe-trang-dung-cho-hang-thu-cong\/","og_locale":"en_US","og_type":"article","og_title":"T\u1ea5m x\u1ed1p EPE tr\u1eafng d\u00f9ng cho h\u00e0ng th\u1ee7 c\u00f4ng | Tu\u1ef3 ch\u1ec9nh - Nh\u00e0 s\u1ea3n xu\u1ea5t b\u1ecdt Polyethylene m\u1edf r\u1ed9ng","og_description":"T\u1ea5m x\u1ed1p EPE tr\u1eafng th\u1ee7 c\u00f4ng nh\u1eb9, m\u1ec1m, d\u1ec5 t\u1ea1o h\u00ecnh. Ph\u00f9 h\u1ee3p l\u00e0m m\u00f4 h\u00ecnh, \u0111\u1ed3 handmade, l\u00f3t h\u1ed9p qu\u00e0. S\u1ea1ch \u0111\u1eb9p, an to\u00e0n cho c\u1ea3 tr\u1ebb nh\u1ecf v\u00e0 ng\u01b0\u1eddi d\u00f9ng.","og_url":"https:\/\/epe.vn\/bn\/manufacturer\/tam-xop-epe-trang-dung-cho-hang-thu-cong\/","og_site_name":"Nh\u00e0 s\u1ea3n xu\u1ea5t b\u1ecdt Polyethylene m\u1edf r\u1ed9ng","og_image":[{"width":800,"height":800,"url":"https:\/\/epe.vn\/wp-content\/uploads\/2025\/05\/tam-xop-EPE-trang-dung-cho-hang-thu-cong.webp","type":"image\/webp"}],"twitter_card":"summary_large_image","twitter_misc":{"Est. reading time":"2 \u09ae\u09bf\u09a8\u09bf\u099f"},"schema":{"@context":"https:\/\/schema.org","@graph":[{"@type":"WebPage","@id":"https:\/\/epe.vn\/manufacturer\/tam-xop-epe-trang-dung-cho-hang-thu-cong\/","url":"https:\/\/epe.vn\/manufacturer\/tam-xop-epe-trang-dung-cho-hang-thu-cong\/","name":"T\u1ea5m x\u1ed1p EPE tr\u1eafng d\u00f9ng cho h\u00e0ng th\u1ee7 c\u00f4ng | Tu\u1ef3 ch\u1ec9nh - Nh\u00e0 s\u1ea3n xu\u1ea5t b\u1ecdt Polyethylene m\u1edf r\u1ed9ng","isPartOf":{"@id":"https:\/\/epe.vn\/#website"},"primaryImageOfPage":{"@id":"https:\/\/epe.vn\/manufacturer\/tam-xop-epe-trang-dung-cho-hang-thu-cong\/#primaryimage"},"image":{"@id":"https:\/\/epe.vn\/manufacturer\/tam-xop-epe-trang-dung-cho-hang-thu-cong\/#primaryimage"},"thumbnailUrl":"https:\/\/epe.vn\/wp-content\/uploads\/2025\/05\/tam-xop-EPE-trang-dung-cho-hang-thu-cong.webp","datePublished":"2025-05-12T08:22:16+00:00","dateModified":"2025-05-12T08:22:16+00:00","description":"T\u1ea5m x\u1ed1p EPE tr\u1eafng th\u1ee7 c\u00f4ng nh\u1eb9, m\u1ec1m, d\u1ec5 t\u1ea1o h\u00ecnh. Ph\u00f9 h\u1ee3p l\u00e0m m\u00f4 h\u00ecnh, \u0111\u1ed3 handmade, l\u00f3t h\u1ed9p qu\u00e0. S\u1ea1ch \u0111\u1eb9p, an to\u00e0n cho c\u1ea3 tr\u1ebb nh\u1ecf v\u00e0 ng\u01b0\u1eddi d\u00f9ng.","breadcrumb":{"@id":"https:\/\/epe.vn\/manufacturer\/tam-xop-epe-trang-dung-cho-hang-thu-cong\/#breadcrumb"},"inLanguage":"bn-BD","potentialAction":[{"@type":"ReadAction","target":["https:\/\/epe.vn\/manufacturer\/tam-xop-epe-trang-dung-cho-hang-thu-cong\/"]}]},{"@type":"ImageObject","inLanguage":"bn-BD","@id":"https:\/\/epe.vn\/manufacturer\/tam-xop-epe-trang-dung-cho-hang-thu-cong\/#primaryimage","url":"https:\/\/epe.vn\/wp-content\/uploads\/2025\/05\/tam-xop-EPE-trang-dung-cho-hang-thu-cong.webp","contentUrl":"https:\/\/epe.vn\/wp-content\/uploads\/2025\/05\/tam-xop-EPE-trang-dung-cho-hang-thu-cong.webp","width":800,"height":800,"caption":"ta\u0302\u0301m xo\u0302\u0301p EPE tra\u0306\u0301ng du\u0300ng cho ha\u0300ng thu\u0309 co\u0302ng"},{"@type":"BreadcrumbList","@id":"https:\/\/epe.vn\/manufacturer\/tam-xop-epe-trang-dung-cho-hang-thu-cong\/#breadcrumb","itemListElement":[{"@type":"ListItem","position":1,"name":"Home","item":"https:\/\/epe.vn\/"},{"@type":"ListItem","position":2,"name":"Shop","item":"https:\/\/epe.vn\/shop\/"},{"@type":"ListItem","position":3,"name":"T\u1ea5m x\u1ed1p EPE tr\u1eafng d\u00f9ng cho h\u00e0ng th\u1ee7 c\u00f4ng | Tu\u1ef3 ch\u1ec9nh"}]},{"@type":"WebSite","@id":"https:\/\/epe.vn\/#website","url":"https:\/\/epe.vn\/","name":"Nh\u00e0 s\u1ea3n xu\u1ea5t b\u1ecdt Polyethylene m\u1edf r\u1ed9ng","description":"Nh\u00e0 cung c\u1ea5p bao b\u00ec v\u1ec9 x\u1ed1p polyethylene m\u1edf r\u1ed9ng v\u00e0 t\u00fai PE","potentialAction":[{"@type":"SearchAction","target":{"@type":"EntryPoint","urlTemplate":"https:\/\/epe.vn\/?s={search_term_string}"},"query-input":{"@type":"PropertyValueSpecification","valueRequired":true,"valueName":"search_term_string"}}],"inLanguage":"bn-BD"}]}},"_links":{"self":[{"href":"https:\/\/epe.vn\/bn\/wp-json\/wp\/v2\/product\/2306","targetHints":{"allow":["GET"]}}],"collection":[{"href":"https:\/\/epe.vn\/bn\/wp-json\/wp\/v2\/product"}],"about":[{"href":"https:\/\/epe.vn\/bn\/wp-json\/wp\/v2\/types\/product"}],"replies":[{"embeddable":true,"href":"https:\/\/epe.vn\/bn\/wp-json\/wp\/v2\/comments?post=2306"}],"wp:featuredmedia":[{"embeddable":true,"href":"https:\/\/epe.vn\/bn\/wp-json\/wp\/v2\/media\/2307"}],"wp:attachment":[{"href":"https:\/\/epe.vn\/bn\/wp-json\/wp\/v2\/media?parent=2306"}],"wp:term":[{"taxonomy":"product_cat","embeddable":true,"href":"https:\/\/epe.vn\/bn\/wp-json\/wp\/v2\/product_cat?post=2306"},{"taxonomy":"product_tag","embeddable":true,"href":"https:\/\/epe.vn\/bn\/wp-json\/wp\/v2\/product_tag?post=2306"}],"curies":[{"name":"wp","href":"https:\/\/api.w.org\/{rel}","templated":true}]}}