{"id":25,"date":"2023-03-05T10:39:43","date_gmt":"2023-03-05T10:39:43","guid":{"rendered":"https:\/\/epe.vn\/?page_id=25"},"modified":"2025-10-07T08:50:53","modified_gmt":"2025-10-07T01:50:53","slug":"about","status":"publish","type":"page","link":"https:\/\/epe.vn\/cs\/about\/","title":{"rendered":"P\u0159edstavit"},"content":{"rendered":"<section class=\"section\" id=\"section_489095071\">\n\t\t<div class=\"bg section-bg fill bg-fill  bg-loaded\" >\n\n\t\t\t\n\t\t\t\n\t\t\t\n\n\t\t<\/div>\n\n\t\t\n\n\t\t<div class=\"section-content relative\">\n\t\t\t\n<div class=\"row align-equal\"  id=\"row-1484366905\">\n\n\t<div id=\"col-2107845016\" class=\"col medium-12 small-12 large-6 medium-col-first\"  >\n\t\t\t\t<div class=\"col-inner\"  >\n\t\t\t\n\t\t\t\n\t<div id=\"gap-790210693\" class=\"gap-element clearfix\" style=\"display:block; height:auto;\">\n\t\t\n<style>\n#gap-790210693 {\n  padding-top: 5px;\n}\n<\/style>\n\t<\/div>\n\t\n\t<div id=\"text-1713295237\" class=\"text\">\n\t\t\n<h2>Informace o spole\u010dnosti<\/h2>\n\t\t\n<style>\n#text-1713295237 {\n  font-size: 1rem;\n}\n@media (min-width:550px) {\n  #text-1713295237 {\n    font-size: 1rem;\n  }\n}\n@media (min-width:850px) {\n  #text-1713295237 {\n    font-size: 1.4rem;\n  }\n}\n<\/style>\n\t<\/div>\n\t\n<div class=\"is-divider divider clearfix\" style=\"max-width:50px;height:4px;background-color:rgb(0, 102, 204);\"><\/div>\n\t<div id=\"gap-1502388256\" class=\"gap-element clearfix hide-for-small\" style=\"display:block; height:auto;\">\n\t\t\n<style>\n#gap-1502388256 {\n  padding-top: 20px;\n}\n<\/style>\n\t<\/div>\n\t\n<p>Tov\u00e1rna na v\u00fdrobu PE p\u011bny (EPE) m\u00e1 v\u00fdrobn\u00ed linku na v\u00fdrobu p\u011bny s m\u011bs\u00ed\u010dn\u00ed v\u00fdrobn\u00ed kapacitou 3 000 v\u00fdrobk\u016f z expandovan\u00e9 polyetylenov\u00e9 p\u011bny. Blok; D\u00edlna na v\u00fdrobu blistr\u016f je vybavena pln\u011b automatickou vysokorychlostn\u00ed vakuovou v\u00fdrobn\u00ed linkou na vytv\u00e1\u0159en\u00ed blistr\u016f, infra\u010derven\u00fdm oh\u0159evem Digit\u00e1ln\u00ed \u0159\u00eddic\u00ed syst\u00e9m funkce horn\u00ed formy, sekund\u00e1rn\u00ed vakuum a linka: p\u0159izp\u016fsoben\u00e9 zlat\u00e9, st\u0159\u00edbrn\u00e9, sametov\u00e9, antistatick\u00e9 a dal\u0161\u00ed charakteristick\u00e9 blistrov\u00e9 produkty.<\/p>\n\t<div id=\"gap-14620728\" class=\"gap-element clearfix\" style=\"display:block; height:auto;\">\n\t\t\n<style>\n#gap-14620728 {\n  padding-top: 30px;\n}\n<\/style>\n\t<\/div>\n\t\n<a href=\"https:\/\/epe.vn\/cs\/contact\/\" class=\"button primary\"  style=\"border-radius:99px;\">\n    <span>Li\u00ean h\u1ec7 s\u1ed1: 0333 389 002<\/span>\n  <\/a>\n\n\t\t<\/div>\n\t\t\t\t\n<style>\n#col-2107845016 > .col-inner {\n  padding: 0px 0px 0px 0px;\n}\n@media (min-width:550px) {\n  #col-2107845016 > .col-inner {\n    padding: 0px 0px 0px 0px;\n  }\n}\n@media (min-width:850px) {\n  #col-2107845016 > .col-inner {\n    padding: 0px 20px 0px 0px;\n  }\n}\n<\/style>\n\t<\/div>\n\n\t\n\n\t<div id=\"col-1872722174\" class=\"col medium-12 small-12 large-6\"  >\n\t\t\t\t<div class=\"col-inner\"  >\n\t\t\t\n\t\t\t\n\t<div class=\"img has-hover x md-x lg-x y md-y lg-y\" id=\"image_1709190434\">\n\t\t\t\t\t\t\t\t<div class=\"img-inner image-cover box-shadow-1 box-shadow-5-hover dark\" style=\"padding-top:70%;\">\n\t\t\t<img loading=\"lazy\" decoding=\"async\" width=\"1000\" height=\"600\" src=\"https:\/\/epe.vn\/wp-content\/uploads\/2025\/01\/Reliable-EPE-Foam-Manufacturer-1.webp\" class=\"attachment-original size-original\" alt=\"Spolehliv\u00fd v\u00fdrobce EPE p\u011bny\" srcset=\"https:\/\/epe.vn\/wp-content\/uploads\/2025\/01\/Reliable-EPE-Foam-Manufacturer-1.webp 1000w, https:\/\/epe.vn\/wp-content\/uploads\/2025\/01\/Reliable-EPE-Foam-Manufacturer-1-300x180.webp 300w, https:\/\/epe.vn\/wp-content\/uploads\/2025\/01\/Reliable-EPE-Foam-Manufacturer-1-768x461.webp 768w, https:\/\/epe.vn\/wp-content\/uploads\/2025\/01\/Reliable-EPE-Foam-Manufacturer-1-18x12.webp 18w, https:\/\/epe.vn\/wp-content\/uploads\/2025\/01\/Reliable-EPE-Foam-Manufacturer-1-600x360.webp 600w\" sizes=\"auto, (max-width: 1000px) 100vw, 1000px\" \/>\t\t\t\t\t\t\n\t\t\t\t\t<\/div>\n\t\t\t\t\t\t\t\t\n<style>\n#image_1709190434 {\n  width: 100%;\n}\n<\/style>\n\t<\/div>\n\t\n\t\t<\/div>\n\t\t\t\t\n<style>\n#col-1872722174 > .col-inner {\n  padding: 0px 0px 0px 0px;\n  border-radius: 8px;\n}\n@media (min-width:550px) {\n  #col-1872722174 > .col-inner {\n    padding: 0px 0px 0px 0px;\n  }\n}\n@media (min-width:850px) {\n  #col-1872722174 > .col-inner {\n    padding: 0px 0px 0px 20px;\n  }\n}\n<\/style>\n\t<\/div>\n\n\t\n<\/div>\n\t\t<\/div>\n\n\t\t\n<style>\n#section_489095071 {\n  padding-top: 30px;\n  padding-bottom: 30px;\n}\n@media (min-width:550px) {\n  #section_489095071 {\n    padding-top: 30px;\n    padding-bottom: 30px;\n  }\n}\n@media (min-width:850px) {\n  #section_489095071 {\n    padding-top: 80px;\n    padding-bottom: 80px;\n  }\n}\n<\/style>\n\t<\/section>\n\t\n\n\n\t<section class=\"section\" id=\"section_161502787\">\n\t\t<div class=\"bg section-bg fill bg-fill  bg-loaded\" >\n\n\t\t\t\n\t\t\t<div class=\"section-bg-overlay absolute fill\"><\/div>\n\t\t\t\n\n\t\t<\/div>\n\n\t\t\n\n\t\t<div class=\"section-content relative\">\n\t\t\t\n\t<div id=\"gap-1816716700\" class=\"gap-element clearfix\" style=\"display:block; height:auto;\">\n\t\t\n<style>\n#gap-1816716700 {\n  padding-top: 30px;\n}\n<\/style>\n\t<\/div>\n\t\n<div class=\"row align-center\"  id=\"row-206675620\">\n\n\t<div id=\"col-1058775358\" class=\"col medium-10 small-12 large-10\"  >\n\t\t\t\t<div class=\"col-inner\"  >\n\t\t\t\n\t\t\t\n\t<div id=\"text-3475839461\" class=\"text\">\n\t\t\n<h2>B\u1ea1n c\u00f3 th\u1ec3 s\u1eed d\u1ee5ng M\u00fat X\u1ed1p PE Foam<\/h2>\n\t\t\n<style>\n#text-3475839461 {\n  font-size: 1.35rem;\n  text-align: center;\n  color: rgb(255,255,255);\n}\n#text-3475839461 > * {\n  color: rgb(255,255,255);\n}\n<\/style>\n\t<\/div>\n\t\n<div class=\"text-center\"><div class=\"is-divider divider clearfix\" style=\"background-color:rgb(255, 255, 255);\"><\/div><\/div>\n\t\t<\/div>\n\t\t\t\t\n<style>\n#col-1058775358 > .col-inner {\n  margin: 0px 0px -20px 0px;\n}\n<\/style>\n\t<\/div>\n\n\t\n<\/div>\n<div class=\"row\"  id=\"row-1421249518\">\n\n\t<div id=\"col-934429243\" class=\"col small-12 large-12\"  >\n\t\t\t\t<div class=\"col-inner text-center\"  >\n\t\t\t\n\t\t\t\n<a href=\"https:\/\/epe.vn\/cs\/shop\/\" class=\"button white\"  style=\"border-radius:99px;\">\n    <span>Dal\u0161\u00ed informace<\/span>\n  <\/a>\n\n\t\t<\/div>\n\t\t\t\t\n<style>\n#col-934429243 > .col-inner {\n  margin: 0px 0px -20px 0px;\n}\n<\/style>\n\t<\/div>\n\n\t\n<\/div>\n\t\t<\/div>\n\n\t\t\n<style>\n#section_161502787 {\n  padding-top: 30px;\n  padding-bottom: 30px;\n}\n#section_161502787 .section-bg-overlay {\n  background-color: rgb(0, 102, 204);\n}\n<\/style>\n\t<\/section>\n\t\n\t<section class=\"section\" id=\"section_242481279\">\n\t\t<div class=\"bg section-bg fill bg-fill  bg-loaded\" >\n\n\t\t\t\n\t\t\t\n\t\t\t\n\n\t\t<\/div>\n\n\t\t\n\n\t\t<div class=\"section-content relative\">\n\t\t\t\n<div class=\"row\"  id=\"row-1461489154\">\n\n\t<div id=\"col-536260504\" class=\"col small-12 large-12\"  >\n\t\t\t\t<div class=\"col-inner\"  >\n\t\t\t\n\t\t\t\n\t<div id=\"gap-1305358241\" class=\"gap-element clearfix hide-for-medium\" style=\"display:block; height:auto;\">\n\t\t\n<style>\n#gap-1305358241 {\n  padding-top: 30px;\n}\n<\/style>\n\t<\/div>\n\t\n\t\t<\/div>\n\t\t\t\t\n<style>\n#col-536260504 > .col-inner {\n  margin: 0px 0px -20px 0px;\n}\n<\/style>\n\t<\/div>\n\n\t\n<\/div>\n<div class=\"row align-equal\" style=\"max-width:1400px\" id=\"row-1625452593\">\n\n\t<div id=\"col-1693017010\" class=\"col medium-12 small-12 large-6\"  >\n\t\t\t\t<div class=\"col-inner\"  >\n\t\t\t\n\t\t\t\n\t<div class=\"img has-hover x md-x lg-x y md-y lg-y\" id=\"image_577918327\">\n\t\t\t\t\t\t\t\t<div class=\"img-inner box-shadow-1 box-shadow-5-hover dark\" >\n\t\t\t<img loading=\"lazy\" decoding=\"async\" width=\"700\" height=\"450\" src=\"https:\/\/epe.vn\/wp-content\/uploads\/2025\/01\/DOI-NGU-CONG-TY.jpg\" class=\"attachment-original size-original\" alt=\"FIREMN\u00cd T\u00ddM\" srcset=\"https:\/\/epe.vn\/wp-content\/uploads\/2025\/01\/DOI-NGU-CONG-TY.jpg 700w, https:\/\/epe.vn\/wp-content\/uploads\/2025\/01\/DOI-NGU-CONG-TY-300x193.jpg 300w, https:\/\/epe.vn\/wp-content\/uploads\/2025\/01\/DOI-NGU-CONG-TY-18x12.jpg 18w, https:\/\/epe.vn\/wp-content\/uploads\/2025\/01\/DOI-NGU-CONG-TY-600x386.jpg 600w\" sizes=\"auto, (max-width: 700px) 100vw, 700px\" \/>\t\t\t\t\t\t\n\t\t\t\t\t<\/div>\n\t\t\t\t\t\t\t\t\n<style>\n#image_577918327 {\n  width: 100%;\n}\n@media (min-width:550px) {\n  #image_577918327 {\n    width: 100%;\n  }\n}\n<\/style>\n\t<\/div>\n\t\n\t\t<\/div>\n\t\t\t\t\n<style>\n#col-1693017010 > .col-inner {\n  padding: 0px 0px 0px 0px;\n}\n@media (min-width:550px) {\n  #col-1693017010 > .col-inner {\n    padding: 0px 0px 0px 0px;\n  }\n}\n@media (min-width:850px) {\n  #col-1693017010 > .col-inner {\n    padding: 0px 30px 0px 0px;\n  }\n}\n<\/style>\n\t<\/div>\n\n\t\n\n\t<div id=\"col-285849371\" class=\"col medium-12 small-12 large-6 medium-col-first\"  >\n\t\t\t\t<div class=\"col-inner\"  >\n\t\t\t\n\t\t\t\n\t<div id=\"text-564440308\" class=\"text\">\n\t\t\n<h2>FIREMN\u00cd T\u00ddM<\/h2>\n\t\t\n<style>\n#text-564440308 {\n  font-size: 1rem;\n}\n@media (min-width:550px) {\n  #text-564440308 {\n    font-size: 1rem;\n  }\n}\n@media (min-width:850px) {\n  #text-564440308 {\n    font-size: 1.3rem;\n  }\n}\n<\/style>\n\t<\/div>\n\t\n<div class=\"is-divider divider clearfix\" style=\"max-width:50px;height:4px;background-color:rgb(0, 102, 204);\"><\/div>\n\t<div id=\"gap-1181799532\" class=\"gap-element clearfix\" style=\"display:block; height:auto;\">\n\t\t\n<style>\n#gap-1181799532 {\n  padding-top: 20px;\n}\n<\/style>\n\t<\/div>\n\t\n<p>Dongrui je v\u00fdrobce PE p\u011bny ve Vietnamu s mnohalet\u00fdmi zku\u0161enostmi a profesion\u00e1ln\u00ed technologi\u00ed. Zav\u00e1zali jsme se poskytovat vysoce kvalitn\u00ed obalov\u00e9 materi\u00e1ly, od n\u00e1vrhu produktu, v\u00fdroby a\u017e po kontrolu kvality. N\u00e1\u0161 t\u00fdm zku\u0161en\u00fdch profesion\u00e1l\u016f je v\u017edy p\u0159\u00edsn\u011b vy\u0161kolen, aby zajistil, \u017ee produkty spl\u0148uj\u00ed pot\u0159eby z\u00e1kazn\u00edk\u016f a dosahuj\u00ed vysok\u00e9 efektivity v\u00fdroby d\u00edky pokro\u010dil\u00fdm proces\u016fm a vybaven\u00ed.<\/p>\n<p>V\u017edy se zam\u011b\u0159ujeme na rozvoj odborn\u00fdch dovednost\u00ed, t\u00fdmov\u00e9 spolupr\u00e1ce a kreativn\u00edho my\u0161len\u00ed. D\u00edky spole\u010dn\u00e9mu \u00fasil\u00ed a neust\u00e1l\u00e9mu zlep\u0161ov\u00e1n\u00ed poskytuje Dongrui konkurenceschopn\u00e9 ceny a kvalitn\u00ed produkty. Dodr\u017eujeme z\u00e1sadu \u201ez\u00e1kazn\u00edk na prvn\u00edm m\u00edst\u011b, kvalita na prvn\u00edm m\u00edst\u011b\u201c a sna\u017e\u00edme se st\u00e1t se spolehliv\u00fdm partnerem v pr\u016fmyslu obalov\u00fdch materi\u00e1l\u016f.<\/p>\n\t<div id=\"gap-1413662144\" class=\"gap-element clearfix\" style=\"display:block; height:auto;\">\n\t\t\n<style>\n#gap-1413662144 {\n  padding-top: 30px;\n}\n<\/style>\n\t<\/div>\n\t\n<a href=\"https:\/\/epe.vn\/cs\/contact\/\" class=\"button primary\"  style=\"border-radius:99px;\">\n    <span>Li\u00ean h\u1ec7 s\u1ed1: 0333 389 002<\/span>\n  <\/a>\n\n\t\t<\/div>\n\t\t\t\t\n<style>\n#col-285849371 > .col-inner {\n  padding: 0px 0px 0px 0px;\n}\n@media (min-width:550px) {\n  #col-285849371 > .col-inner {\n    padding: 0px 0px 0px 0px;\n  }\n}\n@media (min-width:850px) {\n  #col-285849371 > .col-inner {\n    padding: 0px 90px 0px 30px;\n  }\n}\n<\/style>\n\t<\/div>\n\n\t\n<\/div>\n<div class=\"row align-middle align-center\"  id=\"row-1971753666\">\n\n\t<div id=\"col-1565073854\" class=\"col medium-6 small-12 large-6\"  >\n\t\t\t\t<div class=\"col-inner\"  >\n\t\t\t\n\t\t\t\n\t<div id=\"gap-1394974280\" class=\"gap-element clearfix\" style=\"display:block; height:auto;\">\n\t\t\n<style>\n#gap-1394974280 {\n  padding-top: 0px;\n}\n<\/style>\n\t<\/div>\n\t\n\t\t<\/div>\n\t\t\t\t\t<\/div>\n\n\t\n<\/div>\n\t\t<\/div>\n\n\t\t\n<style>\n#section_242481279 {\n  padding-top: 0px;\n  padding-bottom: 0px;\n}\n@media (min-width:550px) {\n  #section_242481279 {\n    padding-top: 0px;\n    padding-bottom: 0px;\n  }\n}\n@media (min-width:850px) {\n  #section_242481279 {\n    padding-top: 50px;\n    padding-bottom: 50px;\n  }\n}\n<\/style>\n\t<\/section>","protected":false},"excerpt":{"rendered":"","protected":false},"author":3,"featured_media":0,"parent":0,"menu_order":0,"comment_status":"closed","ping_status":"closed","template":"page-blank.php","meta":{"footnotes":""},"class_list":["post-25","page","type-page","status-publish","hentry"],"yoast_head":"<!-- This site is optimized with the Yoast SEO plugin v23.4 - https:\/\/yoast.com\/wordpress\/plugins\/seo\/ -->\n<title>Gi\u1edbi thi\u1ec7u - Nh\u00e0 s\u1ea3n xu\u1ea5t b\u1ecdt Polyethylene m\u1edf r\u1ed9ng<\/title>\n<meta name=\"robots\" content=\"index, follow, max-snippet:-1, max-image-preview:large, max-video-preview:-1\" \/>\n<link rel=\"canonical\" href=\"https:\/\/epe.vn\/cs\/about\/\" \/>\n<meta property=\"og:locale\" content=\"cs_CZ\" \/>\n<meta property=\"og:type\" content=\"article\" \/>\n<meta property=\"og:title\" content=\"Gi\u1edbi thi\u1ec7u - Nh\u00e0 s\u1ea3n xu\u1ea5t b\u1ecdt Polyethylene m\u1edf r\u1ed9ng\" \/>\n<meta property=\"og:url\" content=\"https:\/\/epe.vn\/cs\/about\/\" \/>\n<meta property=\"og:site_name\" content=\"Nh\u00e0 s\u1ea3n xu\u1ea5t b\u1ecdt Polyethylene m\u1edf r\u1ed9ng\" \/>\n<meta property=\"article:modified_time\" content=\"2025-10-07T01:50:53+00:00\" \/>\n<meta name=\"twitter:card\" content=\"summary_large_image\" \/>\n<meta name=\"twitter:label1\" content=\"Odhadovan\u00e1 doba \u010dten\u00ed\" \/>\n\t<meta name=\"twitter:data1\" content=\"5 minut\" \/>\n<script type=\"application\/ld+json\" class=\"yoast-schema-graph\">{\"@context\":\"https:\/\/schema.org\",\"@graph\":[{\"@type\":\"WebPage\",\"@id\":\"https:\/\/epe.vn\/about\/\",\"url\":\"https:\/\/epe.vn\/about\/\",\"name\":\"Gi\u1edbi thi\u1ec7u - Nh\u00e0 s\u1ea3n xu\u1ea5t b\u1ecdt Polyethylene m\u1edf r\u1ed9ng\",\"isPartOf\":{\"@id\":\"https:\/\/epe.vn\/#website\"},\"datePublished\":\"2023-03-05T10:39:43+00:00\",\"dateModified\":\"2025-10-07T01:50:53+00:00\",\"breadcrumb\":{\"@id\":\"https:\/\/epe.vn\/about\/#breadcrumb\"},\"inLanguage\":\"cs\",\"potentialAction\":[{\"@type\":\"ReadAction\",\"target\":[\"https:\/\/epe.vn\/about\/\"]}]},{\"@type\":\"BreadcrumbList\",\"@id\":\"https:\/\/epe.vn\/about\/#breadcrumb\",\"itemListElement\":[{\"@type\":\"ListItem\",\"position\":1,\"name\":\"Home\",\"item\":\"https:\/\/epe.vn\/\"},{\"@type\":\"ListItem\",\"position\":2,\"name\":\"Gi\u1edbi thi\u1ec7u\"}]},{\"@type\":\"WebSite\",\"@id\":\"https:\/\/epe.vn\/#website\",\"url\":\"https:\/\/epe.vn\/\",\"name\":\"Nh\u00e0 s\u1ea3n xu\u1ea5t b\u1ecdt Polyethylene m\u1edf r\u1ed9ng\",\"description\":\"Nh\u00e0 cung c\u1ea5p bao b\u00ec v\u1ec9 x\u1ed1p polyethylene m\u1edf r\u1ed9ng v\u00e0 t\u00fai PE\",\"potentialAction\":[{\"@type\":\"SearchAction\",\"target\":{\"@type\":\"EntryPoint\",\"urlTemplate\":\"https:\/\/epe.vn\/?s={search_term_string}\"},\"query-input\":{\"@type\":\"PropertyValueSpecification\",\"valueRequired\":true,\"valueName\":\"search_term_string\"}}],\"inLanguage\":\"cs\"}]}<\/script>\n<!-- \/ Yoast SEO plugin. -->","yoast_head_json":{"title":"Gi\u1edbi thi\u1ec7u - Nh\u00e0 s\u1ea3n xu\u1ea5t b\u1ecdt Polyethylene m\u1edf r\u1ed9ng","robots":{"index":"index","follow":"follow","max-snippet":"max-snippet:-1","max-image-preview":"max-image-preview:large","max-video-preview":"max-video-preview:-1"},"canonical":"https:\/\/epe.vn\/cs\/about\/","og_locale":"cs_CZ","og_type":"article","og_title":"Gi\u1edbi thi\u1ec7u - Nh\u00e0 s\u1ea3n xu\u1ea5t b\u1ecdt Polyethylene m\u1edf r\u1ed9ng","og_url":"https:\/\/epe.vn\/cs\/about\/","og_site_name":"Nh\u00e0 s\u1ea3n xu\u1ea5t b\u1ecdt Polyethylene m\u1edf r\u1ed9ng","article_modified_time":"2025-10-07T01:50:53+00:00","twitter_card":"summary_large_image","twitter_misc":{"Odhadovan\u00e1 doba \u010dten\u00ed":"5 minut"},"schema":{"@context":"https:\/\/schema.org","@graph":[{"@type":"WebPage","@id":"https:\/\/epe.vn\/about\/","url":"https:\/\/epe.vn\/about\/","name":"Gi\u1edbi thi\u1ec7u - Nh\u00e0 s\u1ea3n xu\u1ea5t b\u1ecdt Polyethylene m\u1edf r\u1ed9ng","isPartOf":{"@id":"https:\/\/epe.vn\/#website"},"datePublished":"2023-03-05T10:39:43+00:00","dateModified":"2025-10-07T01:50:53+00:00","breadcrumb":{"@id":"https:\/\/epe.vn\/about\/#breadcrumb"},"inLanguage":"cs","potentialAction":[{"@type":"ReadAction","target":["https:\/\/epe.vn\/about\/"]}]},{"@type":"BreadcrumbList","@id":"https:\/\/epe.vn\/about\/#breadcrumb","itemListElement":[{"@type":"ListItem","position":1,"name":"Home","item":"https:\/\/epe.vn\/"},{"@type":"ListItem","position":2,"name":"Gi\u1edbi thi\u1ec7u"}]},{"@type":"WebSite","@id":"https:\/\/epe.vn\/#website","url":"https:\/\/epe.vn\/","name":"Nh\u00e0 s\u1ea3n xu\u1ea5t b\u1ecdt Polyethylene m\u1edf r\u1ed9ng","description":"Nh\u00e0 cung c\u1ea5p bao b\u00ec v\u1ec9 x\u1ed1p polyethylene m\u1edf r\u1ed9ng v\u00e0 t\u00fai PE","potentialAction":[{"@type":"SearchAction","target":{"@type":"EntryPoint","urlTemplate":"https:\/\/epe.vn\/?s={search_term_string}"},"query-input":{"@type":"PropertyValueSpecification","valueRequired":true,"valueName":"search_term_string"}}],"inLanguage":"cs"}]}},"_links":{"self":[{"href":"https:\/\/epe.vn\/cs\/wp-json\/wp\/v2\/pages\/25","targetHints":{"allow":["GET"]}}],"collection":[{"href":"https:\/\/epe.vn\/cs\/wp-json\/wp\/v2\/pages"}],"about":[{"href":"https:\/\/epe.vn\/cs\/wp-json\/wp\/v2\/types\/page"}],"author":[{"embeddable":true,"href":"https:\/\/epe.vn\/cs\/wp-json\/wp\/v2\/users\/3"}],"replies":[{"embeddable":true,"href":"https:\/\/epe.vn\/cs\/wp-json\/wp\/v2\/comments?post=25"}],"version-history":[{"count":13,"href":"https:\/\/epe.vn\/cs\/wp-json\/wp\/v2\/pages\/25\/revisions"}],"predecessor-version":[{"id":2470,"href":"https:\/\/epe.vn\/cs\/wp-json\/wp\/v2\/pages\/25\/revisions\/2470"}],"wp:attachment":[{"href":"https:\/\/epe.vn\/cs\/wp-json\/wp\/v2\/media?parent=25"}],"curies":[{"name":"wp","href":"https:\/\/api.w.org\/{rel}","templated":true}]}}