{"id":513,"date":"2023-03-13T07:20:57","date_gmt":"2023-03-13T07:20:57","guid":{"rendered":"https:\/\/epe.vn\/?page_id=513"},"modified":"2025-10-07T08:53:48","modified_gmt":"2025-10-07T01:53:48","slug":"dich-vu-2","status":"publish","type":"page","link":"https:\/\/epe.vn\/cs\/dich-vu-2\/","title":{"rendered":"Servis"},"content":{"rendered":"<div class=\"banner has-hover\" id=\"banner-568277583\">\n          <div class=\"banner-inner fill\">\n        <div class=\"banner-bg fill\" >\n            <div class=\"bg fill bg-fill\"><\/div>\n                        <div class=\"overlay\"><\/div>            \n                    <\/div>\n\t\t\n        <div class=\"banner-layers container\">\n            <div class=\"fill banner-link\"><\/div>            \n   <div id=\"text-box-2090659899\" class=\"text-box banner-layer x5 md-x5 lg-x0 y50 md-y50 lg-y50 res-text\">\n                                <div class=\"text-box-content text dark\">\n              \n              <div class=\"text-inner text-center\">\n                  \n\t<div id=\"text-3418859271\" class=\"text\">\n\t\t\n<h1>Servis<\/h1>\n\t\t\n<style>\n#text-3418859271 {\n  text-align: left;\n}\n<\/style>\n\t<\/div>\n\t\n              <\/div>\n           <\/div>\n                            \n<style>\n#text-box-2090659899 {\n  width: 60%;\n}\n#text-box-2090659899 .text-box-content {\n  font-size: 100%;\n}\n<\/style>\n    <\/div>\n \n        <\/div>\n      <\/div>\n\n            \n<style>\n#banner-568277583 {\n  padding-top: 27%;\n  background-color: rgb(255, 255, 255);\n}\n#banner-568277583 .bg.bg-loaded {\n  background-image: url(https:\/\/epe.vn\/wp-content\/uploads\/2025\/01\/Dich-Vu.jpg);\n}\n#banner-568277583 .overlay {\n  background-color: rgba(82, 76, 76, 0.227);\n}\n<\/style>\n  <\/div>\n\n\n\t<section class=\"section\" id=\"section_1737417766\">\n\t\t<div class=\"bg section-bg fill bg-fill  bg-loaded\" >\n\n\t\t\t\n\t\t\t<div class=\"section-bg-overlay absolute fill\"><\/div>\n\t\t\t\n\n\t\t<\/div>\n\n\t\t\n\n\t\t<div class=\"section-content relative\">\n\t\t\t\n<div class=\"row align-middle\"  id=\"row-1119100357\">\n\n\t<div id=\"col-816835037\" class=\"col medium-12 small-12 large-6\"  >\n\t\t\t\t<div class=\"col-inner\"  >\n\t\t\t\n\t\t\t\n\t<div class=\"img has-hover x md-x lg-x y md-y lg-y\" id=\"image_28026175\">\n\t\t\t\t\t\t\t\t<div class=\"img-inner image-cover dark\" style=\"padding-top:65%;margin:0px 0px 0px 0px;\">\n\t\t\t<img loading=\"lazy\" decoding=\"async\" width=\"760\" height=\"450\" src=\"https:\/\/epe.vn\/wp-content\/uploads\/2025\/01\/Dich-Vu-RD.jpg\" class=\"attachment-original size-original\" alt=\"Slu\u017eby v\u00fdzkumu a v\u00fdvoje\" srcset=\"https:\/\/epe.vn\/wp-content\/uploads\/2025\/01\/Dich-Vu-RD.jpg 760w, https:\/\/epe.vn\/wp-content\/uploads\/2025\/01\/Dich-Vu-RD-300x178.jpg 300w, https:\/\/epe.vn\/wp-content\/uploads\/2025\/01\/Dich-Vu-RD-18x12.jpg 18w, https:\/\/epe.vn\/wp-content\/uploads\/2025\/01\/Dich-Vu-RD-600x355.jpg 600w\" sizes=\"auto, (max-width: 760px) 100vw, 760px\" \/>\t\t\t\t\t\t\n\t\t\t\t\t<\/div>\n\t\t\t\t\t\t\t\t\n<style>\n#image_28026175 {\n  width: 100%;\n}\n<\/style>\n\t<\/div>\n\t\n\t\t<\/div>\n\t\t\t\t\n<style>\n#col-816835037 > .col-inner {\n  padding: 0px 0px 0px 0px;\n}\n@media (min-width:850px) {\n  #col-816835037 > .col-inner {\n    padding: 0px 30px 0px 0px;\n  }\n}\n<\/style>\n\t<\/div>\n\n\t\n\n\t<div id=\"col-1632864464\" class=\"col medium-12 small-12 large-6 medium-col-first\"  >\n\t\t\t\t<div class=\"col-inner\"  >\n\t\t\t\n\t\t\t\n\t<div id=\"text-3620619974\" class=\"text\">\n\t\t\n<h2>D\u1ecbch v\u1ee5 t\u00f9y ch\u1ec9nh X\u1ed1p FE ch\u1ea5t l\u01b0\u1ee3ng cao<\/h2>\n\t\t\n<style>\n#text-3620619974 {\n  font-size: 1rem;\n}\n@media (min-width:850px) {\n  #text-3620619974 {\n    font-size: 1.5rem;\n  }\n}\n<\/style>\n\t<\/div>\n\t\n<div class=\"is-divider divider clearfix\" style=\"max-width:50px;height:4px;background-color:rgb(0, 102, 204);\"><\/div>\n<p>FE p\u011bna Dongrui Industry se vyr\u00e1b\u00ed z vysoce kvalitn\u00edch surovin a p\u0159\u00edsn\u011b kontrolovan\u00fdm procesem, kter\u00fd zaji\u0161\u0165uje stabiln\u00ed kvalitu. V\u00fdrobek m\u00e1 dobr\u00e9 stla\u010den\u00ed, odpru\u017een\u00ed a odolnost proti n\u00e1raz\u016fm, vhodn\u00fd pro balen\u00ed, logistiku, ochranu a mnoho dal\u0161\u00edch aplikac\u00ed. Poskytujeme tak\u00e9 slu\u017ebu p\u0159izp\u016fsoben\u00ed FE p\u011bny podle po\u017eadavk\u016f specifikac\u00ed, tlou\u0161\u0165ky, hustoty a velikosti, spl\u0148uj\u00edc\u00ed v\u0161echny pot\u0159eby, a\u0165 u\u017e velk\u00e9 nebo mal\u00e9 mno\u017estv\u00ed.<\/p>\n<a href=\"https:\/\/epe.vn\/cs\/contact\/\" class=\"button primary\"  style=\"border-radius:99px;\">\n    <span>Li\u00ean h\u1ec7 s\u1ed1: 0333 389 002<\/span>\n  <\/a>\n\n\t\t<\/div>\n\t\t\t\t\t<\/div>\n\n\t\n<\/div>\n\t\t<\/div>\n\n\t\t\n<style>\n#section_1737417766 {\n  padding-top: 30px;\n  padding-bottom: 30px;\n}\n#section_1737417766 .section-bg-overlay {\n  background-color: rgb(243, 243, 243);\n}\n@media (min-width:850px) {\n  #section_1737417766 {\n    padding-top: 80px;\n    padding-bottom: 80px;\n  }\n}\n<\/style>\n\t<\/section>\n\t\n\t<section class=\"section\" id=\"section_1187033226\">\n\t\t<div class=\"bg section-bg fill bg-fill  bg-loaded\" >\n\n\t\t\t\n\t\t\t\n\t\t\t\n\t<div class=\"is-border\"\n\t\tstyle=\"border-width:1px 0px 0px 0px;\">\n\t<\/div>\n\n\t\t<\/div>\n\n\t\t\n\n\t\t<div class=\"section-content relative\">\n\t\t\t\n<div class=\"row align-middle\"  id=\"row-207354953\">\n\n\t<div id=\"col-762340777\" class=\"col medium-12 small-12 large-6\"  >\n\t\t\t\t<div class=\"col-inner\"  >\n\t\t\t\n\t\t\t\n\t<div id=\"text-3175780166\" class=\"text\">\n\t\t\n<h2>Kinh nghi\u1ec7m v\u00e0 Ngu\u1ed3n cung \u1ed5n \u0111\u1ecbnh t\u1eeb Dongrui Industry<\/h2>\n\t\t\n<style>\n#text-3175780166 {\n  font-size: 1rem;\n}\n@media (min-width:850px) {\n  #text-3175780166 {\n    font-size: 1.5rem;\n  }\n}\n<\/style>\n\t<\/div>\n\t\n<div class=\"is-divider divider clearfix\" style=\"max-width:50px;height:4px;background-color:rgb(0, 102, 204);\"><\/div>\n<p>D\u00edky mnohalet\u00fdm zku\u0161enostem v pr\u016fmyslu p\u011bny FE Dongrui Industry nejen shroma\u017e\u010fuje hlubok\u00e9 technologie a znalosti, ale tak\u00e9 poskytuje profesion\u00e1ln\u00ed poradensk\u00e9 slu\u017eby, kter\u00e9 z\u00e1kazn\u00edk\u016fm pom\u00e1haj\u00ed vybrat optim\u00e1ln\u00ed obalov\u00e9 materi\u00e1ly a \u0159e\u0161en\u00ed. Jako p\u0159edn\u00ed dodavatel p\u011bny FE m\u00e1me silnou v\u00fdrobn\u00ed kapacitu a kompletn\u00ed syst\u00e9m \u0159\u00edzen\u00ed dodavatelsk\u00e9ho \u0159et\u011bzce, kter\u00fd zaji\u0161\u0165uje v\u010dasn\u00e9 dod\u00e1n\u00ed a udr\u017euje stabiln\u00ed dod\u00e1vky pro z\u00e1kazn\u00edky.<\/p>\n<a href=\"https:\/\/epe.vn\/cs\/contact\/\" class=\"button primary\"  style=\"border-radius:99px;\">\n    <span>Li\u00ean h\u1ec7 s\u1ed1: 0333 389 002<\/span>\n  <\/a>\n\n\t\t<\/div>\n\t\t\t\t\n<style>\n#col-762340777 > .col-inner {\n  padding: 0px 0px 0px 0px;\n}\n@media (min-width:850px) {\n  #col-762340777 > .col-inner {\n    padding: 0px 30px 0px 0px;\n  }\n}\n<\/style>\n\t<\/div>\n\n\t\n\n\t<div id=\"col-1074603178\" class=\"col medium-12 small-12 large-6 medium-col-first\"  >\n\t\t\t\t<div class=\"col-inner\"  >\n\t\t\t\n\t\t\t\n\t<div class=\"img has-hover x md-x lg-x y md-y lg-y\" id=\"image_402356481\">\n\t\t\t\t\t\t\t\t<div class=\"img-inner image-cover dark\" style=\"padding-top:65%;margin:0px 0px 0px 0px;\">\n\t\t\t<img loading=\"lazy\" decoding=\"async\" width=\"760\" height=\"450\" src=\"https:\/\/epe.vn\/wp-content\/uploads\/2025\/01\/Kinh-Nghiem-va-Nguon-Cung-On-Dinh-tu-Dongrui-Industry.jpg\" class=\"attachment-original size-original\" alt=\"Zku\u0161enosti a stabiln\u00ed dod\u00e1vky od Dongrui Industry\" srcset=\"https:\/\/epe.vn\/wp-content\/uploads\/2025\/01\/Kinh-Nghiem-va-Nguon-Cung-On-Dinh-tu-Dongrui-Industry.jpg 760w, https:\/\/epe.vn\/wp-content\/uploads\/2025\/01\/Kinh-Nghiem-va-Nguon-Cung-On-Dinh-tu-Dongrui-Industry-300x178.jpg 300w, https:\/\/epe.vn\/wp-content\/uploads\/2025\/01\/Kinh-Nghiem-va-Nguon-Cung-On-Dinh-tu-Dongrui-Industry-18x12.jpg 18w, https:\/\/epe.vn\/wp-content\/uploads\/2025\/01\/Kinh-Nghiem-va-Nguon-Cung-On-Dinh-tu-Dongrui-Industry-600x355.jpg 600w\" sizes=\"auto, (max-width: 760px) 100vw, 760px\" \/>\t\t\t\t\t\t\n\t\t\t\t\t<\/div>\n\t\t\t\t\t\t\t\t\n<style>\n#image_402356481 {\n  width: 100%;\n}\n<\/style>\n\t<\/div>\n\t\n\t\t<\/div>\n\t\t\t\t\t<\/div>\n\n\t\n<\/div>\n<div class=\"row\"  id=\"row-1327487592\">\n\n\t<div id=\"col-614654619\" class=\"col small-12 large-12\"  >\n\t\t\t\t<div class=\"col-inner\"  >\n\t\t\t\n\t\t\t\n\t<div id=\"gap-635630401\" class=\"gap-element clearfix\" style=\"display:block; height:auto;\">\n\t\t\n<style>\n#gap-635630401 {\n  padding-top: 0px;\n}\n@media (min-width:850px) {\n  #gap-635630401 {\n    padding-top: 30px;\n  }\n}\n<\/style>\n\t<\/div>\n\t\n\t<div id=\"text-2454688148\" class=\"text\">\n\t\t\n<h3>Phong c\u00e1ch thi\u1ebft k\u1ebf<\/h3>\n\t\t\n<style>\n#text-2454688148 {\n  font-size: 1rem;\n  text-align: center;\n}\n@media (min-width:850px) {\n  #text-2454688148 {\n    font-size: 1.5rem;\n  }\n}\n<\/style>\n\t<\/div>\n\t\n\t\t<\/div>\n\t\t\t\t\t<\/div>\n\n\t\n<\/div>\n<div class=\"row\"  id=\"row-145303236\">\n\n\t<div id=\"col-447171271\" class=\"col small-12 large-12\"  >\n\t\t\t\t<div class=\"col-inner\"  >\n\t\t\t\n\t\t\t\n<p>D\u00edky kreativit\u011b a pozornosti k detailu nab\u00edz\u00ed n\u00e1\u0161 design a styly pouzder dokonalou kombinaci estetiky a funk\u010dnosti. Zde jsou t\u0159i typick\u00e9 p\u0159\u00edklady:<\/p>\n\t<div id=\"gap-964874803\" class=\"gap-element clearfix\" style=\"display:block; height:auto;\">\n\t\t\n<style>\n#gap-964874803 {\n  padding-top: 30px;\n}\n<\/style>\n\t<\/div>\n\t\n<div class=\"row\"  id=\"row-900175840\">\n\n\t<div id=\"col-1595870205\" class=\"col medium-4 small-12 large-4\"  >\n\t\t\t\t<div class=\"col-inner\"  >\n\t\t\t\n\t\t\t\n\t<div class=\"box has-hover   has-hover box-text-bottom\" >\n\n\t\t<div class=\"box-image\" >\n\t\t\t\t\t\t<div class=\"image-cover\" style=\"padding-top:75%;\">\n\t\t\t\t<img loading=\"lazy\" decoding=\"async\" width=\"1000\" height=\"700\" src=\"https:\/\/epe.vn\/wp-content\/uploads\/2025\/02\/Khay-Dung-Trung-Bang-Xop-EPE.webp\" class=\"attachment-original size-original\" alt=\"EPE p\u011bnov\u00fd z\u00e1sobn\u00edk na vejce\" srcset=\"https:\/\/epe.vn\/wp-content\/uploads\/2025\/02\/Khay-Dung-Trung-Bang-Xop-EPE.webp 1000w, https:\/\/epe.vn\/wp-content\/uploads\/2025\/02\/Khay-Dung-Trung-Bang-Xop-EPE-300x210.webp 300w, https:\/\/epe.vn\/wp-content\/uploads\/2025\/02\/Khay-Dung-Trung-Bang-Xop-EPE-768x538.webp 768w, https:\/\/epe.vn\/wp-content\/uploads\/2025\/02\/Khay-Dung-Trung-Bang-Xop-EPE-18x12.webp 18w, https:\/\/epe.vn\/wp-content\/uploads\/2025\/02\/Khay-Dung-Trung-Bang-Xop-EPE-600x420.webp 600w\" sizes=\"auto, (max-width: 1000px) 100vw, 1000px\" \/>\t\t\t\t<div class=\"overlay\" style=\"background-color:rgba(0, 0, 0, 0.076)\"><\/div>\t\t\t\t\t\t\t<\/div>\n\t\t\t\t\t<\/div>\n\n\t\t<div class=\"box-text text-left\" >\n\t\t\t<div class=\"box-text-inner\">\n\t\t\t\t\n\t<div id=\"text-3344014757\" class=\"text\">\n\t\t\n<h4>Khay \u0111\u1ef1ng tr\u1ee9ng b\u1eb1ng X\u1ed1p EPE<\/h4>\n<p>Vysoce kvalitn\u00ed EPE p\u011bnov\u00fd z\u00e1sobn\u00edk na vejce, optim\u00e1ln\u00ed ochrana vajec. Produkt od Dongrui, p\u0159edn\u00edho v\u00fdrobce EPE p\u011bny. Kontaktujte nyn\u00ed!<br \/>\n\t\t\n<style>\n#text-3344014757 {\n  font-size: 1rem;\n}\n<\/style>\n\t<\/div>\n\t\n\t\t\t<\/div>\n\t\t<\/div>\n\t<\/div>\n\t\n\t\t<\/div>\n\t\t\t\t\t<\/div>\n\n\t\n\n\t<div id=\"col-1312725743\" class=\"col medium-4 small-12 large-4\"  >\n\t\t\t\t<div class=\"col-inner\"  >\n\t\t\t\n\t\t\t\n\t<div class=\"box has-hover   has-hover box-text-bottom\" >\n\n\t\t<div class=\"box-image\" >\n\t\t\t\t\t\t<div class=\"image-cover\" style=\"padding-top:75%;\">\n\t\t\t\t<img loading=\"lazy\" decoding=\"async\" width=\"1000\" height=\"700\" src=\"https:\/\/epe.vn\/wp-content\/uploads\/2025\/02\/ong-xop-epe-tuy-chinh.webp\" class=\"attachment-original size-original\" alt=\"zak\u00e1zkov\u00e1 epe p\u011bnov\u00e1 trubice\" srcset=\"https:\/\/epe.vn\/wp-content\/uploads\/2025\/02\/ong-xop-epe-tuy-chinh.webp 1000w, https:\/\/epe.vn\/wp-content\/uploads\/2025\/02\/ong-xop-epe-tuy-chinh-300x210.webp 300w, https:\/\/epe.vn\/wp-content\/uploads\/2025\/02\/ong-xop-epe-tuy-chinh-768x538.webp 768w, https:\/\/epe.vn\/wp-content\/uploads\/2025\/02\/ong-xop-epe-tuy-chinh-18x12.webp 18w, https:\/\/epe.vn\/wp-content\/uploads\/2025\/02\/ong-xop-epe-tuy-chinh-600x420.webp 600w\" sizes=\"auto, (max-width: 1000px) 100vw, 1000px\" \/>\t\t\t\t<div class=\"overlay\" style=\"background-color:rgba(0, 0, 0, 0.076)\"><\/div>\t\t\t\t\t\t\t<\/div>\n\t\t\t\t\t<\/div>\n\n\t\t<div class=\"box-text text-left\" >\n\t\t\t<div class=\"box-text-inner\">\n\t\t\t\t\n\t<div id=\"text-3691965312\" class=\"text\">\n\t\t\n<h4>\u1ed0ng x\u1ed1p EPE t\u00f9y ch\u1ec9nh<\/h4>\n<p>Dongrui se specializuje na v\u00fdrobu p\u0159izp\u016fsoben\u00fdch EPE p\u011bnov\u00fdch trubek na vy\u017e\u00e1d\u00e1n\u00ed. Kvalita zaru\u010dena, konkurenceschopn\u00e1 cena.<br \/>\n\t\t\n<style>\n#text-3691965312 {\n  font-size: 1rem;\n}\n<\/style>\n\t<\/div>\n\t\n\t\t\t<\/div>\n\t\t<\/div>\n\t<\/div>\n\t\n\t\t<\/div>\n\t\t\t\t\t<\/div>\n\n\t\n\n\t<div id=\"col-286946840\" class=\"col medium-4 small-12 large-4\"  >\n\t\t\t\t<div class=\"col-inner\"  >\n\t\t\t\n\t\t\t\n\t<div class=\"box has-hover   has-hover box-text-bottom\" >\n\n\t\t<div class=\"box-image\" >\n\t\t\t\t\t\t<div class=\"image-cover\" style=\"padding-top:75%;\">\n\t\t\t\t<img loading=\"lazy\" decoding=\"async\" width=\"1000\" height=\"700\" src=\"https:\/\/epe.vn\/wp-content\/uploads\/2025\/02\/Lop-lot-bao-bi-xop-EPE.webp\" class=\"attachment-original size-original\" alt=\"Obal z EPE p\u011bny\" srcset=\"https:\/\/epe.vn\/wp-content\/uploads\/2025\/02\/Lop-lot-bao-bi-xop-EPE.webp 1000w, https:\/\/epe.vn\/wp-content\/uploads\/2025\/02\/Lop-lot-bao-bi-xop-EPE-300x210.webp 300w, https:\/\/epe.vn\/wp-content\/uploads\/2025\/02\/Lop-lot-bao-bi-xop-EPE-768x538.webp 768w, https:\/\/epe.vn\/wp-content\/uploads\/2025\/02\/Lop-lot-bao-bi-xop-EPE-18x12.webp 18w, https:\/\/epe.vn\/wp-content\/uploads\/2025\/02\/Lop-lot-bao-bi-xop-EPE-600x420.webp 600w\" sizes=\"auto, (max-width: 1000px) 100vw, 1000px\" \/>\t\t\t\t<div class=\"overlay\" style=\"background-color:rgba(0, 0, 0, 0.076)\"><\/div>\t\t\t\t\t\t\t<\/div>\n\t\t\t\t\t<\/div>\n\n\t\t<div class=\"box-text text-left\" >\n\t\t\t<div class=\"box-text-inner\">\n\t\t\t\t\n\t<div id=\"text-1386523294\" class=\"text\">\n\t\t\n<h4>L\u1edbp l\u00f3t bao b\u00ec X\u1ed1p EPE<\/h4>\n<p>Va\u0161e produkty budou bezpe\u010dn\u011b chr\u00e1n\u011bny obalem z EPE p\u011bny. Dongrui se specializuje na poskytov\u00e1n\u00ed efektivn\u00edch EPE p\u011bnov\u00fdch obalov\u00fdch \u0159e\u0161en\u00ed.<br \/>\n\t\t\n<style>\n#text-1386523294 {\n  font-size: 1rem;\n}\n<\/style>\n\t<\/div>\n\t\n\t\t\t<\/div>\n\t\t<\/div>\n\t<\/div>\n\t\n\t\t<\/div>\n\t\t\t\t\t<\/div>\n\n\t\n<\/div>\n\t\t<\/div>\n\t\t\t\t\t<\/div>\n\n\t\n<\/div>\n\t\t<\/div>\n\n\t\t\n<style>\n#section_1187033226 {\n  padding-top: 20px;\n  padding-bottom: 20px;\n}\n@media (min-width:550px) {\n  #section_1187033226 {\n    padding-top: 30px;\n    padding-bottom: 30px;\n  }\n}\n@media (min-width:850px) {\n  #section_1187033226 {\n    padding-top: 50px;\n    padding-bottom: 50px;\n  }\n}\n<\/style>\n\t<\/section>\n\t\n\t<section class=\"section\" id=\"section_538300216\">\n\t\t<div class=\"bg section-bg fill bg-fill  bg-loaded\" >\n\n\t\t\t\n\t\t\t<div class=\"section-bg-overlay absolute fill\"><\/div>\n\t\t\t\n\t<div class=\"is-border\"\n\t\tstyle=\"border-width:1px 0px 0px 0px;\">\n\t<\/div>\n\n\t\t<\/div>\n\n\t\t\n\n\t\t<div class=\"section-content relative\">\n\t\t\t\n<div class=\"row\"  id=\"row-1754760219\">\n\n\t<div id=\"col-849813220\" class=\"col small-12 large-12\"  >\n\t\t\t\t<div class=\"col-inner\"  >\n\t\t\t\n\t\t\t\n<div class=\"row align-middle\"  id=\"row-365825705\">\n\n\t<div id=\"col-1369167481\" class=\"col medium-12 small-12 large-6\"  >\n\t\t\t\t<div class=\"col-inner\"  >\n\t\t\t\n\t\t\t\n\t<div id=\"text-3648042613\" class=\"text\">\n\t\t\n<h2>D\u1ecbch v\u1ee5 sau b\u00e1n h\u00e0ng<\/h2>\n\t\t\n<style>\n#text-3648042613 {\n  font-size: 1rem;\n}\n@media (min-width:850px) {\n  #text-3648042613 {\n    font-size: 1.5rem;\n  }\n}\n<\/style>\n\t<\/div>\n\t\n<p>Servis po celou dobu \u017eivotn\u00edho cyklu produktu<\/p>\n<div class=\"is-divider divider clearfix\" style=\"max-width:50px;height:4px;background-color:rgb(0, 102, 204);\"><\/div>\n<p>Dongrui se zavazuje poskytovat z\u00e1kazn\u00edk\u016fm vynikaj\u00edc\u00ed zku\u0161enost. Poskytujeme n\u00e1sleduj\u00edc\u00ed slu\u017eby:<\/p>\n<ul>\n<li><strong>Poradenstv\u00ed a ot\u00e1zky a odpov\u011bdi:<\/strong> N\u00e1\u0161 profesion\u00e1ln\u00ed t\u00fdm je v\u017edy p\u0159ipraven kdykoli zodpov\u011bd\u011bt va\u0161e dotazy.<\/li>\n<li><strong>Podpora vr\u00e1cen\u00ed a v\u00fdm\u011bny:<\/strong> Pokud se vyskytne probl\u00e9m s produktem, kontaktujte n\u00e1s do 3 dn\u016f.<\/li>\n<li><strong>Z\u00e1ruka na produkt:<\/strong> S\u1ea3n ph\u1ea9m \u0111\u01b0\u1ee3c b\u1ea3o h\u00e0nh trong [th\u1eddi gian b\u1ea3o h\u00e0nh.<\/li>\n<li><strong>Dod\u00e1vka a mont\u00e1\u017e:<\/strong> Nab\u00edz\u00edme doru\u010den\u00ed dom\u016f a n\u011bkter\u00e9 produkty mohou nab\u00eddnout instalaci.<\/li>\n<li><strong>Pravideln\u00e1 p\u00e9\u010de o z\u00e1kazn\u00edky:<\/strong> V\u00e1\u017e\u00edme si va\u0161\u00ed zp\u011btn\u00e9 vazby a neust\u00e1le zlep\u0161ujeme kvalitu na\u0161ich slu\u017eeb.<\/li>\n<\/ul>\n<a href=\"https:\/\/epe.vn\/cs\/contact\/\" class=\"button primary\"  style=\"border-radius:99px;\">\n    <span>Li\u00ean h\u1ec7 s\u1ed1: 0333 389 002<\/span>\n  <\/a>\n\n\t\t<\/div>\n\t\t\t\t\t<\/div>\n\n\t\n\n\t<div id=\"col-1528373903\" class=\"col medium-12 small-12 large-6\"  >\n\t\t\t\t<div class=\"col-inner\"  >\n\t\t\t\n\t\t\t\n\t<div class=\"img has-hover x md-x lg-x y md-y lg-y\" id=\"image_994181860\">\n\t\t\t\t\t\t\t\t<div class=\"img-inner image-cover dark\" style=\"padding-top:100%;\">\n\t\t\t<img loading=\"lazy\" decoding=\"async\" width=\"800\" height=\"533\" src=\"https:\/\/epe.vn\/wp-content\/uploads\/2023\/04\/after_sale_service.webp\" class=\"attachment-original size-original\" alt=\"\" srcset=\"https:\/\/epe.vn\/wp-content\/uploads\/2023\/04\/after_sale_service.webp 800w, https:\/\/epe.vn\/wp-content\/uploads\/2023\/04\/after_sale_service-300x200.webp 300w, https:\/\/epe.vn\/wp-content\/uploads\/2023\/04\/after_sale_service-768x512.webp 768w, https:\/\/epe.vn\/wp-content\/uploads\/2023\/04\/after_sale_service-600x400.webp 600w\" sizes=\"auto, (max-width: 800px) 100vw, 800px\" \/>\t\t\t\t\t\t\n\t\t\t\t\t<\/div>\n\t\t\t\t\t\t\t\t\n<style>\n#image_994181860 {\n  width: 100%;\n}\n<\/style>\n\t<\/div>\n\t\n\t\t<\/div>\n\t\t\t\t\t<\/div>\n\n\t\n<\/div>\n\t\t<\/div>\n\t\t\t\t\t<\/div>\n\n\t\n<\/div>\n<div class=\"row\"  id=\"row-1168378207\">\n\n\t<div id=\"col-785249204\" class=\"col small-12 large-12\"  >\n\t\t\t\t<div class=\"col-inner\"  >\n\t\t\t\n\t\t\t\n\t<div id=\"gap-1930549257\" class=\"gap-element clearfix\" style=\"display:block; height:auto;\">\n\t\t\n<style>\n#gap-1930549257 {\n  padding-top: 0px;\n}\n@media (min-width:850px) {\n  #gap-1930549257 {\n    padding-top: 30px;\n  }\n}\n<\/style>\n\t<\/div>\n\t\n\t\t<\/div>\n\t\t\t\t\t<\/div>\n\n\t\n<\/div>\n<div class=\"row\"  id=\"row-1635189211\">\n\n\t<div id=\"col-1100584295\" class=\"col medium-6 small-12 large-4\"  >\n\t\t\t\t<div class=\"col-inner\"  >\n\t\t\t\n\t\t\t\n\t<div class=\"img has-hover x md-x lg-x y md-y lg-y\" id=\"image_1068011486\">\n\t\t\t\t\t\t\t\t<div class=\"img-inner dark\" >\n\t\t\t\t\t\t\t\t\t\n\t\t\t\t\t<\/div>\n\t\t\t\t\t\t\t\t\n<style>\n#image_1068011486 {\n  width: 100%;\n}\n<\/style>\n\t<\/div>\n\t\n\t\t<\/div>\n\t\t\t\t\t<\/div>\n\n\t\n\n\t<div id=\"col-284107722\" class=\"col medium-6 small-12 large-8\"  >\n\t\t\t\t<div class=\"col-inner\"  >\n\t\t\t\n\t\t\t\n\t<div id=\"text-420343963\" class=\"text\">\n\t\t\n<h2>Pot\u0159ebujete pomoc? Jsme v\u017edy p\u0159ipraveni obslou\u017eit v\u00e1s 24\/7\/365!<\/h2>\n\t\t\n<style>\n#text-420343963 {\n  font-size: 1rem;\n}\n@media (min-width:850px) {\n  #text-420343963 {\n    font-size: 1.8rem;\n  }\n}\n<\/style>\n\t<\/div>\n\t\n<p>T\u00ecm gi\u1ea3i ph\u00e1p x\u1ed1p EPE t\u00f9y ch\u1ec9nh? Dongrui h\u1ed7 tr\u1ee3 b\u1ea1n 24\/7, m\u1ecdi l\u00fac m\u1ecdi n\u01a1i!<\/p>\n<a href=\"https:\/\/epe.vn\/cs\/contact\/\" class=\"button primary\"  style=\"border-radius:99px;\">\n    <span>Li\u00ean h\u1ec7 s\u1ed1: 0333 389 002<\/span>\n  <\/a>\n\n\t\t<\/div>\n\t\t\t\t\n<style>\n#col-284107722 > .col-inner {\n  padding: 0px 0px 0px 0px;\n}\n@media (min-width:850px) {\n  #col-284107722 > .col-inner {\n    padding: 0px 0px 0px 30px;\n  }\n}\n<\/style>\n\t<\/div>\n\n\t\n<\/div>\n\t\t<\/div>\n\n\t\t\n<style>\n#section_538300216 {\n  padding-top: 30px;\n  padding-bottom: 30px;\n}\n#section_538300216 .section-bg-overlay {\n  background-color: rgb(243, 243, 243);\n}\n@media (min-width:850px) {\n  #section_538300216 {\n    padding-top: 50px;\n    padding-bottom: 50px;\n  }\n}\n<\/style>\n\t<\/section>","protected":false},"excerpt":{"rendered":"","protected":false},"author":3,"featured_media":0,"parent":0,"menu_order":0,"comment_status":"closed","ping_status":"closed","template":"page-blank.php","meta":{"footnotes":""},"class_list":["post-513","page","type-page","status-publish","hentry"],"yoast_head":"<!-- This site is optimized with the Yoast SEO plugin v23.4 - https:\/\/yoast.com\/wordpress\/plugins\/seo\/ -->\n<title>D\u1ecbch v\u1ee5 - Nh\u00e0 s\u1ea3n xu\u1ea5t b\u1ecdt Polyethylene m\u1edf r\u1ed9ng<\/title>\n<meta name=\"robots\" content=\"index, follow, max-snippet:-1, max-image-preview:large, max-video-preview:-1\" \/>\n<link rel=\"canonical\" href=\"https:\/\/epe.vn\/cs\/dich-vu-2\/\" \/>\n<meta property=\"og:locale\" content=\"cs_CZ\" \/>\n<meta property=\"og:type\" content=\"article\" \/>\n<meta property=\"og:title\" content=\"D\u1ecbch v\u1ee5 - Nh\u00e0 s\u1ea3n xu\u1ea5t b\u1ecdt Polyethylene m\u1edf r\u1ed9ng\" \/>\n<meta property=\"og:url\" content=\"https:\/\/epe.vn\/cs\/dich-vu-2\/\" \/>\n<meta property=\"og:site_name\" content=\"Nh\u00e0 s\u1ea3n xu\u1ea5t b\u1ecdt Polyethylene m\u1edf r\u1ed9ng\" \/>\n<meta property=\"article:modified_time\" content=\"2025-10-07T01:53:48+00:00\" \/>\n<meta name=\"twitter:card\" content=\"summary_large_image\" \/>\n<meta name=\"twitter:label1\" content=\"Odhadovan\u00e1 doba \u010dten\u00ed\" \/>\n\t<meta name=\"twitter:data1\" content=\"5 minut\" \/>\n<script type=\"application\/ld+json\" class=\"yoast-schema-graph\">{\"@context\":\"https:\/\/schema.org\",\"@graph\":[{\"@type\":\"WebPage\",\"@id\":\"https:\/\/epe.vn\/dich-vu-2\/\",\"url\":\"https:\/\/epe.vn\/dich-vu-2\/\",\"name\":\"D\u1ecbch v\u1ee5 - Nh\u00e0 s\u1ea3n xu\u1ea5t b\u1ecdt Polyethylene m\u1edf r\u1ed9ng\",\"isPartOf\":{\"@id\":\"https:\/\/epe.vn\/#website\"},\"datePublished\":\"2023-03-13T07:20:57+00:00\",\"dateModified\":\"2025-10-07T01:53:48+00:00\",\"breadcrumb\":{\"@id\":\"https:\/\/epe.vn\/dich-vu-2\/#breadcrumb\"},\"inLanguage\":\"cs\",\"potentialAction\":[{\"@type\":\"ReadAction\",\"target\":[\"https:\/\/epe.vn\/dich-vu-2\/\"]}]},{\"@type\":\"BreadcrumbList\",\"@id\":\"https:\/\/epe.vn\/dich-vu-2\/#breadcrumb\",\"itemListElement\":[{\"@type\":\"ListItem\",\"position\":1,\"name\":\"Home\",\"item\":\"https:\/\/epe.vn\/\"},{\"@type\":\"ListItem\",\"position\":2,\"name\":\"D\u1ecbch v\u1ee5\"}]},{\"@type\":\"WebSite\",\"@id\":\"https:\/\/epe.vn\/#website\",\"url\":\"https:\/\/epe.vn\/\",\"name\":\"Nh\u00e0 s\u1ea3n xu\u1ea5t b\u1ecdt Polyethylene m\u1edf r\u1ed9ng\",\"description\":\"Nh\u00e0 cung c\u1ea5p bao b\u00ec v\u1ec9 x\u1ed1p polyethylene m\u1edf r\u1ed9ng v\u00e0 t\u00fai PE\",\"potentialAction\":[{\"@type\":\"SearchAction\",\"target\":{\"@type\":\"EntryPoint\",\"urlTemplate\":\"https:\/\/epe.vn\/?s={search_term_string}\"},\"query-input\":{\"@type\":\"PropertyValueSpecification\",\"valueRequired\":true,\"valueName\":\"search_term_string\"}}],\"inLanguage\":\"cs\"}]}<\/script>\n<!-- \/ Yoast SEO plugin. -->","yoast_head_json":{"title":"D\u1ecbch v\u1ee5 - Nh\u00e0 s\u1ea3n xu\u1ea5t b\u1ecdt Polyethylene m\u1edf r\u1ed9ng","robots":{"index":"index","follow":"follow","max-snippet":"max-snippet:-1","max-image-preview":"max-image-preview:large","max-video-preview":"max-video-preview:-1"},"canonical":"https:\/\/epe.vn\/cs\/dich-vu-2\/","og_locale":"cs_CZ","og_type":"article","og_title":"D\u1ecbch v\u1ee5 - Nh\u00e0 s\u1ea3n xu\u1ea5t b\u1ecdt Polyethylene m\u1edf r\u1ed9ng","og_url":"https:\/\/epe.vn\/cs\/dich-vu-2\/","og_site_name":"Nh\u00e0 s\u1ea3n xu\u1ea5t b\u1ecdt Polyethylene m\u1edf r\u1ed9ng","article_modified_time":"2025-10-07T01:53:48+00:00","twitter_card":"summary_large_image","twitter_misc":{"Odhadovan\u00e1 doba \u010dten\u00ed":"5 minut"},"schema":{"@context":"https:\/\/schema.org","@graph":[{"@type":"WebPage","@id":"https:\/\/epe.vn\/dich-vu-2\/","url":"https:\/\/epe.vn\/dich-vu-2\/","name":"D\u1ecbch v\u1ee5 - Nh\u00e0 s\u1ea3n xu\u1ea5t b\u1ecdt Polyethylene m\u1edf r\u1ed9ng","isPartOf":{"@id":"https:\/\/epe.vn\/#website"},"datePublished":"2023-03-13T07:20:57+00:00","dateModified":"2025-10-07T01:53:48+00:00","breadcrumb":{"@id":"https:\/\/epe.vn\/dich-vu-2\/#breadcrumb"},"inLanguage":"cs","potentialAction":[{"@type":"ReadAction","target":["https:\/\/epe.vn\/dich-vu-2\/"]}]},{"@type":"BreadcrumbList","@id":"https:\/\/epe.vn\/dich-vu-2\/#breadcrumb","itemListElement":[{"@type":"ListItem","position":1,"name":"Home","item":"https:\/\/epe.vn\/"},{"@type":"ListItem","position":2,"name":"D\u1ecbch v\u1ee5"}]},{"@type":"WebSite","@id":"https:\/\/epe.vn\/#website","url":"https:\/\/epe.vn\/","name":"Nh\u00e0 s\u1ea3n xu\u1ea5t b\u1ecdt Polyethylene m\u1edf r\u1ed9ng","description":"Nh\u00e0 cung c\u1ea5p bao b\u00ec v\u1ec9 x\u1ed1p polyethylene m\u1edf r\u1ed9ng v\u00e0 t\u00fai PE","potentialAction":[{"@type":"SearchAction","target":{"@type":"EntryPoint","urlTemplate":"https:\/\/epe.vn\/?s={search_term_string}"},"query-input":{"@type":"PropertyValueSpecification","valueRequired":true,"valueName":"search_term_string"}}],"inLanguage":"cs"}]}},"_links":{"self":[{"href":"https:\/\/epe.vn\/cs\/wp-json\/wp\/v2\/pages\/513","targetHints":{"allow":["GET"]}}],"collection":[{"href":"https:\/\/epe.vn\/cs\/wp-json\/wp\/v2\/pages"}],"about":[{"href":"https:\/\/epe.vn\/cs\/wp-json\/wp\/v2\/types\/page"}],"author":[{"embeddable":true,"href":"https:\/\/epe.vn\/cs\/wp-json\/wp\/v2\/users\/3"}],"replies":[{"embeddable":true,"href":"https:\/\/epe.vn\/cs\/wp-json\/wp\/v2\/comments?post=513"}],"version-history":[{"count":29,"href":"https:\/\/epe.vn\/cs\/wp-json\/wp\/v2\/pages\/513\/revisions"}],"predecessor-version":[{"id":2471,"href":"https:\/\/epe.vn\/cs\/wp-json\/wp\/v2\/pages\/513\/revisions\/2471"}],"wp:attachment":[{"href":"https:\/\/epe.vn\/cs\/wp-json\/wp\/v2\/media?parent=513"}],"curies":[{"name":"wp","href":"https:\/\/api.w.org\/{rel}","templated":true}]}}