{"id":1393,"date":"2023-06-08T07:38:38","date_gmt":"2023-06-08T07:38:38","guid":{"rendered":"https:\/\/epe.vn\/?post_type=product&#038;p=1393"},"modified":"2025-02-12T14:18:15","modified_gmt":"2025-02-12T07:18:15","slug":"mut-boc-hang-nha-may","status":"publish","type":"product","link":"https:\/\/epe.vn\/cs\/manufacturer\/mut-boc-hang-nha-may\/","title":{"rendered":"Vietnam personalizovan\u00e1 PE p\u011bna | Factory Foam Cover"},"content":{"rendered":"<div id=\"featurebullets_feature_div\" class=\"celwidget\" data-feature-name=\"featurebullets\" data-csa-c-type=\"widget\" data-csa-c-content-id=\"featurebullets\" data-csa-c-slot-id=\"featurebullets_feature_div\" data-csa-c-asin=\"B07DF32D6Q\" data-csa-c-is-in-initial-active-row=\"false\" data-csa-c-id=\"3j0pnl-7cjnp-9t8psx-tspeog\">\n<div id=\"feature-bullets\" class=\"a-section a-spacing-medium a-spacing-top-small\">\n<h2>Technick\u00e9 specifikace<\/h2>\n<\/div>\n<\/div>\n<table style=\"border-collapse: collapse; width: 687.77pt;\" border=\"0\" width=\"917\" cellspacing=\"0\" cellpadding=\"0\">\n<tbody>\n<tr style=\"height: 14.25pt;\">\n<td class=\"et3\" style=\"height: 14.25pt; width: 237.75pt;\" width=\"317\" height=\"19\"><strong>N\u00e1zev produktu<\/strong><\/td>\n<td class=\"et3\" style=\"width: 450.00pt;\" width=\"600\">Vietnam personalizovan\u00e1 PE p\u011bna | Factory Foam Cover<\/td>\n<\/tr>\n<tr style=\"height: 14.25pt;\">\n<td class=\"et3\" style=\"height: 14.25pt;\" height=\"19\"><strong>Suroviny<\/strong><\/td>\n<td class=\"et3\">EPE, 100% nov\u00fd materi\u00e1l, \u0161etrn\u00fd k \u017eivotn\u00edmu prost\u0159ed\u00ed, recyklovateln\u00fd.<\/td>\n<\/tr>\n<tr style=\"height: 14.25pt;\">\n<td class=\"et3\" style=\"height: 14.25pt;\" height=\"19\"><strong>Vyhnanstv\u00ed<\/strong><\/td>\n<td class=\"et3\">P\u0159izp\u016fsoben\u00e9 (0,5 mm-200 mm)<\/td>\n<\/tr>\n<tr style=\"height: 14.25pt;\">\n<td class=\"et3\" style=\"height: 14.25pt;\" height=\"19\"><strong>Tvrdost<\/strong><\/td>\n<td class=\"et3\">25 vysoce elastick\u00e9, 35-40 stup\u0148\u016f, 45-50 stup\u0148\u016f, 50-60 stup\u0148\u016f, 70-80 stup\u0148\u016f nebo p\u0159izp\u016fsoben\u00e9<\/td>\n<\/tr>\n<tr style=\"height: 14.25pt;\">\n<td class=\"et3\" style=\"height: 14.25pt;\" height=\"19\"><strong>Barva<\/strong><\/td>\n<td class=\"et3\">\u010cern\u00e1, b\u00edl\u00e1, \u010derven\u00e1, je t\u0159eba p\u0159izp\u016fsobit barvu<\/td>\n<\/tr>\n<tr style=\"height: 14.25pt;\">\n<td class=\"et3\" style=\"height: 14.25pt;\" height=\"19\"><strong>Velikost<\/strong><\/td>\n<td class=\"et3\">Vyrobeno na zak\u00e1zku p\u0159esn\u011b podle va\u0161eho designov\u00e9ho souboru<\/td>\n<\/tr>\n<tr style=\"height: 14.25pt;\">\n<td class=\"et3\" style=\"height: 14.25pt;\" height=\"19\"><strong>Logo<\/strong><\/td>\n<td class=\"et3\">Podle va\u0161eho po\u017eadavku<\/td>\n<\/tr>\n<tr style=\"height: 14.25pt;\">\n<td class=\"et3\" style=\"height: 14.25pt;\" height=\"19\"><strong>\u00da\u010dinnost<\/strong><\/td>\n<td class=\"et3\">Lehk\u00fd a recyklovateln\u00fd materi\u00e1l absorbuj\u00edc\u00ed n\u00e1razy<\/td>\n<\/tr>\n<tr style=\"height: 14.25pt;\">\n<td class=\"et3\" style=\"height: 14.25pt;\" height=\"19\">j\u00e1<strong>n Na povrchu<\/strong><\/td>\n<td class=\"et3\">K dispozici.<\/td>\n<\/tr>\n<tr style=\"height: 14.25pt;\">\n<td class=\"et3\" style=\"height: 14.25pt;\" height=\"19\"><strong>Podm\u00ednky balen\u00ed<\/strong><\/td>\n<td class=\"et3\">Plastov\u00fd s\u00e1\u010dek nebo kartonov\u00e1 krabice pro balen\u00ed nebo dle po\u017eadavku z\u00e1kazn\u00edka.<\/td>\n<\/tr>\n<tr style=\"height: 14.25pt;\">\n<td class=\"et3\" style=\"height: 14.25pt;\" height=\"19\"><strong>Informace pot\u0159ebn\u00e9 pro p\u0159esn\u00e9 stanoven\u00ed ceny<\/strong><\/td>\n<td class=\"et3\">D\u00e9lka, \u0161\u00ed\u0159ka a hmotnost dut\u00e9 trubky EPE (nebo GSM)<\/td>\n<\/tr>\n<tr style=\"height: 14.25pt;\">\n<td class=\"et3\" style=\"height: 14.25pt;\" height=\"19\"><strong>V\u00fdroba forem<\/strong><\/td>\n<td class=\"et3\">2-15 pracovn\u00edch dn\u016f<\/td>\n<\/tr>\n<tr style=\"height: 25.00pt;\">\n<td class=\"et3\" style=\"height: 25.00pt;\" height=\"33\"><strong>Ochutnat<\/strong><\/td>\n<td class=\"et3\">Bezplatn\u00e9 vzorky v\u00e1m mohou b\u00fdt zasl\u00e1ny kdykoli, doba dokon\u010den\u00ed vzorku: 1-3 dny.<\/td>\n<\/tr>\n<tr style=\"height: 115.00pt;\">\n<td class=\"et3\" style=\"height: 115.00pt;\" height=\"153\"><strong>Zach\u00e1zet s<\/strong><\/td>\n<td class=\"et4\" style=\"width: 450.00pt;\" width=\"600\">1. Vytvo\u0159te formu<br \/>2. Modelov\u00e1n\u00ed<br \/>3. Uk\u00e1zka potvrzen\u00ed<br \/>4. Dod\u00e1n\u00ed vzorku<br \/>5. Hromadn\u00e1 v\u00fdroba s kontrolou kvality<br \/>6. Z\u00e1v\u011bre\u010dn\u00e1 kontrola kvality<br \/>7. Balen\u00ed<br \/>8. Doprava<\/td>\n<\/tr>\n<tr style=\"height: 63.00pt;\">\n<td class=\"et3\" style=\"height: 63.00pt;\" height=\"84\"><strong>Aplikace<\/strong><\/td>\n<td class=\"et4\" style=\"width: 450.00pt;\" width=\"600\">Pou\u017e\u00edv\u00e1 se k odpru\u017een\u00ed p\u0159edm\u011bt\u016f b\u011bhem p\u0159epravy, jako je elektronika, n\u00e1stroje, ru\u010dn\u00ed pr\u00e1ce, keramika, dom\u00e1c\u00ed spot\u0159ebi\u010de, j\u00edzdn\u00ed kola, kuchyn\u011b, n\u00e1bytek, \u017eelez\u00e1\u0159sk\u00e9 n\u00e1stroje, sklen\u011bn\u00e9 v\u00fdrobky a p\u0159esn\u00e9 n\u00e1stroje.<\/td>\n<\/tr>\n<tr style=\"height: 42.75pt;\">\n<td class=\"et3\" style=\"height: 42.75pt;\" height=\"57\"><strong>Servis<\/strong><\/td>\n<td class=\"et4\" style=\"width: 450.00pt;\" width=\"600\">Slu\u017eba rychl\u00e9 a v\u0159el\u00e9 reakce poskytovan\u00e1 profesion\u00e1ln\u00edm t\u00fdmem exportn\u00edho prodeje s mnohalet\u00fdmi zku\u0161enostmi s vy\u0159izov\u00e1n\u00edm exportu do Spojen\u00fdch st\u00e1t\u016f, Evropy, Japonska a dal\u0161\u00edch zem\u00ed a region\u016f.<\/td>\n<\/tr>\n<\/tbody>\n<\/table>","protected":false},"excerpt":{"rendered":"<p>V\u00fdrobce obalov\u00e9 p\u011bny ve Vietnamu<\/p>\n<ul>\n<li data-start=\"18\" data-end=\"105\"><strong data-start=\"20\" data-end=\"41\">P\u0159izp\u016fsobte barvu<\/strong>: Poskytn\u011bte mnoho barevn\u00fdch mo\u017enost\u00ed podle po\u017eadavk\u016f z\u00e1kazn\u00edka.<\/li>\n<li data-start=\"106\" data-end=\"187\"><strong data-start=\"108\" data-end=\"131\">P\u0159izp\u016fsobte styl<\/strong>: Design PE p\u011bny v jedine\u010dn\u00e9m stylu.<\/li>\n<li data-start=\"188\" data-end=\"278\"><strong data-start=\"190\" data-end=\"214\">Vlastn\u00ed velikost<\/strong>: Flexibiln\u00ed nastaven\u00ed velikosti, aby vyhovovalo pot\u0159eb\u00e1m pou\u017eit\u00ed.<\/li>\n<li data-start=\"279\" data-end=\"375\" data-is-last-node=\"\"><strong data-start=\"281\" data-end=\"303\">Zaji\u0161t\u011bn\u00ed kvality<\/strong>: Produkty jsou bezpe\u010dn\u011b zabalen\u00e9 a poskytuj\u00ed maxim\u00e1ln\u00ed ochranu b\u011bhem p\u0159epravy.<\/li>\n<\/ul>\n<p>Pokud chcete zn\u00e1t cenu balic\u00ed p\u011bny, kontaktujte n\u00e1s.<\/p>","protected":false},"featured_media":1742,"comment_status":"open","ping_status":"closed","template":"","meta":[],"product_cat":[15],"product_tag":[],"class_list":{"0":"post-1393","1":"product","2":"type-product","3":"status-publish","4":"has-post-thumbnail","6":"product_cat-bot-pe-tuy-chinh","8":"first","9":"instock","10":"shipping-taxable","11":"product-type-simple"},"yoast_head":"<!-- This site is optimized with the Yoast SEO plugin v23.4 - https:\/\/yoast.com\/wordpress\/plugins\/seo\/ -->\n<title>Vi\u1ec7t Nam C\u00e1 Nh\u00e2n H\u00f3a M\u00fat X\u1ed1p PE Foam | M\u00fat B\u1ecdc H\u00e0ng Nh\u00e0 M\u00e1y<\/title>\n<meta name=\"description\" content=\"Kh\u00e1m ph\u00e1 d\u1ecbch v\u1ee5 c\u00e1 nh\u00e2n h\u00f3a m\u00fat x\u1ed1p PE Foam ch\u1ea5t l\u01b0\u1ee3ng cao t\u1ea1i Vi\u1ec7t Nam. S\u1ea3n ph\u1ea9m m\u00fat b\u1ecdc h\u00e0ng t\u1eeb nh\u00e0 m\u00e1y, b\u1ea3o v\u1ec7 an to\u00e0n v\u00e0 hi\u1ec7u qu\u1ea3 cho s\u1ea3n ph\u1ea9m.\" \/>\n<meta name=\"robots\" content=\"index, follow, max-snippet:-1, max-image-preview:large, max-video-preview:-1\" \/>\n<link rel=\"canonical\" href=\"https:\/\/epe.vn\/cs\/manufacturer\/mut-boc-hang-nha-may\/\" \/>\n<meta property=\"og:locale\" content=\"cs_CZ\" \/>\n<meta property=\"og:type\" content=\"article\" \/>\n<meta property=\"og:title\" content=\"Vi\u1ec7t Nam C\u00e1 Nh\u00e2n H\u00f3a M\u00fat X\u1ed1p PE Foam | M\u00fat B\u1ecdc H\u00e0ng Nh\u00e0 M\u00e1y\" \/>\n<meta property=\"og:description\" content=\"Kh\u00e1m ph\u00e1 d\u1ecbch v\u1ee5 c\u00e1 nh\u00e2n h\u00f3a m\u00fat x\u1ed1p PE Foam ch\u1ea5t l\u01b0\u1ee3ng cao t\u1ea1i Vi\u1ec7t Nam. S\u1ea3n ph\u1ea9m m\u00fat b\u1ecdc h\u00e0ng t\u1eeb nh\u00e0 m\u00e1y, b\u1ea3o v\u1ec7 an to\u00e0n v\u00e0 hi\u1ec7u qu\u1ea3 cho s\u1ea3n ph\u1ea9m.\" \/>\n<meta property=\"og:url\" content=\"https:\/\/epe.vn\/cs\/manufacturer\/mut-boc-hang-nha-may\/\" \/>\n<meta property=\"og:site_name\" content=\"Nh\u00e0 s\u1ea3n xu\u1ea5t b\u1ecdt Polyethylene m\u1edf r\u1ed9ng\" \/>\n<meta property=\"article:modified_time\" content=\"2025-02-12T07:18:15+00:00\" \/>\n<meta property=\"og:image\" content=\"https:\/\/epe.vn\/wp-content\/uploads\/2023\/06\/Mut-Boc-Hang-Nha-May.jpg\" \/>\n\t<meta property=\"og:image:width\" content=\"1000\" \/>\n\t<meta property=\"og:image:height\" content=\"1000\" \/>\n\t<meta property=\"og:image:type\" content=\"image\/jpeg\" \/>\n<meta name=\"twitter:card\" content=\"summary_large_image\" \/>\n<meta name=\"twitter:label1\" content=\"Odhadovan\u00e1 doba \u010dten\u00ed\" \/>\n\t<meta name=\"twitter:data1\" content=\"1 minuta\" \/>\n<script type=\"application\/ld+json\" class=\"yoast-schema-graph\">{\"@context\":\"https:\/\/schema.org\",\"@graph\":[{\"@type\":\"WebPage\",\"@id\":\"https:\/\/epe.vn\/manufacturer\/mut-boc-hang-nha-may\/\",\"url\":\"https:\/\/epe.vn\/manufacturer\/mut-boc-hang-nha-may\/\",\"name\":\"Vi\u1ec7t Nam C\u00e1 Nh\u00e2n H\u00f3a M\u00fat X\u1ed1p PE Foam | M\u00fat B\u1ecdc H\u00e0ng Nh\u00e0 M\u00e1y\",\"isPartOf\":{\"@id\":\"https:\/\/epe.vn\/#website\"},\"primaryImageOfPage\":{\"@id\":\"https:\/\/epe.vn\/manufacturer\/mut-boc-hang-nha-may\/#primaryimage\"},\"image\":{\"@id\":\"https:\/\/epe.vn\/manufacturer\/mut-boc-hang-nha-may\/#primaryimage\"},\"thumbnailUrl\":\"https:\/\/epe.vn\/wp-content\/uploads\/2023\/06\/Mut-Boc-Hang-Nha-May.jpg\",\"datePublished\":\"2023-06-08T07:38:38+00:00\",\"dateModified\":\"2025-02-12T07:18:15+00:00\",\"description\":\"Kh\u00e1m ph\u00e1 d\u1ecbch v\u1ee5 c\u00e1 nh\u00e2n h\u00f3a m\u00fat x\u1ed1p PE Foam ch\u1ea5t l\u01b0\u1ee3ng cao t\u1ea1i Vi\u1ec7t Nam. S\u1ea3n ph\u1ea9m m\u00fat b\u1ecdc h\u00e0ng t\u1eeb nh\u00e0 m\u00e1y, b\u1ea3o v\u1ec7 an to\u00e0n v\u00e0 hi\u1ec7u qu\u1ea3 cho s\u1ea3n ph\u1ea9m.\",\"breadcrumb\":{\"@id\":\"https:\/\/epe.vn\/manufacturer\/mut-boc-hang-nha-may\/#breadcrumb\"},\"inLanguage\":\"cs\",\"potentialAction\":[{\"@type\":\"ReadAction\",\"target\":[\"https:\/\/epe.vn\/manufacturer\/mut-boc-hang-nha-may\/\"]}]},{\"@type\":\"ImageObject\",\"inLanguage\":\"cs\",\"@id\":\"https:\/\/epe.vn\/manufacturer\/mut-boc-hang-nha-may\/#primaryimage\",\"url\":\"https:\/\/epe.vn\/wp-content\/uploads\/2023\/06\/Mut-Boc-Hang-Nha-May.jpg\",\"contentUrl\":\"https:\/\/epe.vn\/wp-content\/uploads\/2023\/06\/Mut-Boc-Hang-Nha-May.jpg\",\"width\":1000,\"height\":1000,\"caption\":\"M\u00fat B\u1ecdc H\u00e0ng Nh\u00e0 M\u00e1y\"},{\"@type\":\"BreadcrumbList\",\"@id\":\"https:\/\/epe.vn\/manufacturer\/mut-boc-hang-nha-may\/#breadcrumb\",\"itemListElement\":[{\"@type\":\"ListItem\",\"position\":1,\"name\":\"Home\",\"item\":\"https:\/\/epe.vn\/\"},{\"@type\":\"ListItem\",\"position\":2,\"name\":\"Shop\",\"item\":\"https:\/\/epe.vn\/shop\/\"},{\"@type\":\"ListItem\",\"position\":3,\"name\":\"Vi\u1ec7t Nam C\u00e1 Nh\u00e2n H\u00f3a M\u00fat X\u1ed1p PE Foam | M\u00fat B\u1ecdc H\u00e0ng Nh\u00e0 M\u00e1y\"}]},{\"@type\":\"WebSite\",\"@id\":\"https:\/\/epe.vn\/#website\",\"url\":\"https:\/\/epe.vn\/\",\"name\":\"Nh\u00e0 s\u1ea3n xu\u1ea5t b\u1ecdt Polyethylene m\u1edf r\u1ed9ng\",\"description\":\"Nh\u00e0 cung c\u1ea5p bao b\u00ec v\u1ec9 x\u1ed1p polyethylene m\u1edf r\u1ed9ng v\u00e0 t\u00fai PE\",\"potentialAction\":[{\"@type\":\"SearchAction\",\"target\":{\"@type\":\"EntryPoint\",\"urlTemplate\":\"https:\/\/epe.vn\/?s={search_term_string}\"},\"query-input\":{\"@type\":\"PropertyValueSpecification\",\"valueRequired\":true,\"valueName\":\"search_term_string\"}}],\"inLanguage\":\"cs\"}]}<\/script>\n<!-- \/ Yoast SEO plugin. -->","yoast_head_json":{"title":"Vi\u1ec7t Nam C\u00e1 Nh\u00e2n H\u00f3a M\u00fat X\u1ed1p PE Foam | M\u00fat B\u1ecdc H\u00e0ng Nh\u00e0 M\u00e1y","description":"Kh\u00e1m ph\u00e1 d\u1ecbch v\u1ee5 c\u00e1 nh\u00e2n h\u00f3a m\u00fat x\u1ed1p PE Foam ch\u1ea5t l\u01b0\u1ee3ng cao t\u1ea1i Vi\u1ec7t Nam. S\u1ea3n ph\u1ea9m m\u00fat b\u1ecdc h\u00e0ng t\u1eeb nh\u00e0 m\u00e1y, b\u1ea3o v\u1ec7 an to\u00e0n v\u00e0 hi\u1ec7u qu\u1ea3 cho s\u1ea3n ph\u1ea9m.","robots":{"index":"index","follow":"follow","max-snippet":"max-snippet:-1","max-image-preview":"max-image-preview:large","max-video-preview":"max-video-preview:-1"},"canonical":"https:\/\/epe.vn\/cs\/manufacturer\/mut-boc-hang-nha-may\/","og_locale":"cs_CZ","og_type":"article","og_title":"Vi\u1ec7t Nam C\u00e1 Nh\u00e2n H\u00f3a M\u00fat X\u1ed1p PE Foam | M\u00fat B\u1ecdc H\u00e0ng Nh\u00e0 M\u00e1y","og_description":"Kh\u00e1m ph\u00e1 d\u1ecbch v\u1ee5 c\u00e1 nh\u00e2n h\u00f3a m\u00fat x\u1ed1p PE Foam ch\u1ea5t l\u01b0\u1ee3ng cao t\u1ea1i Vi\u1ec7t Nam. S\u1ea3n ph\u1ea9m m\u00fat b\u1ecdc h\u00e0ng t\u1eeb nh\u00e0 m\u00e1y, b\u1ea3o v\u1ec7 an to\u00e0n v\u00e0 hi\u1ec7u qu\u1ea3 cho s\u1ea3n ph\u1ea9m.","og_url":"https:\/\/epe.vn\/cs\/manufacturer\/mut-boc-hang-nha-may\/","og_site_name":"Nh\u00e0 s\u1ea3n xu\u1ea5t b\u1ecdt Polyethylene m\u1edf r\u1ed9ng","article_modified_time":"2025-02-12T07:18:15+00:00","og_image":[{"width":1000,"height":1000,"url":"https:\/\/epe.vn\/wp-content\/uploads\/2023\/06\/Mut-Boc-Hang-Nha-May.jpg","type":"image\/jpeg"}],"twitter_card":"summary_large_image","twitter_misc":{"Odhadovan\u00e1 doba \u010dten\u00ed":"1 minuta"},"schema":{"@context":"https:\/\/schema.org","@graph":[{"@type":"WebPage","@id":"https:\/\/epe.vn\/manufacturer\/mut-boc-hang-nha-may\/","url":"https:\/\/epe.vn\/manufacturer\/mut-boc-hang-nha-may\/","name":"Vi\u1ec7t Nam C\u00e1 Nh\u00e2n H\u00f3a M\u00fat X\u1ed1p PE Foam | M\u00fat B\u1ecdc H\u00e0ng Nh\u00e0 M\u00e1y","isPartOf":{"@id":"https:\/\/epe.vn\/#website"},"primaryImageOfPage":{"@id":"https:\/\/epe.vn\/manufacturer\/mut-boc-hang-nha-may\/#primaryimage"},"image":{"@id":"https:\/\/epe.vn\/manufacturer\/mut-boc-hang-nha-may\/#primaryimage"},"thumbnailUrl":"https:\/\/epe.vn\/wp-content\/uploads\/2023\/06\/Mut-Boc-Hang-Nha-May.jpg","datePublished":"2023-06-08T07:38:38+00:00","dateModified":"2025-02-12T07:18:15+00:00","description":"Kh\u00e1m ph\u00e1 d\u1ecbch v\u1ee5 c\u00e1 nh\u00e2n h\u00f3a m\u00fat x\u1ed1p PE Foam ch\u1ea5t l\u01b0\u1ee3ng cao t\u1ea1i Vi\u1ec7t Nam. S\u1ea3n ph\u1ea9m m\u00fat b\u1ecdc h\u00e0ng t\u1eeb nh\u00e0 m\u00e1y, b\u1ea3o v\u1ec7 an to\u00e0n v\u00e0 hi\u1ec7u qu\u1ea3 cho s\u1ea3n ph\u1ea9m.","breadcrumb":{"@id":"https:\/\/epe.vn\/manufacturer\/mut-boc-hang-nha-may\/#breadcrumb"},"inLanguage":"cs","potentialAction":[{"@type":"ReadAction","target":["https:\/\/epe.vn\/manufacturer\/mut-boc-hang-nha-may\/"]}]},{"@type":"ImageObject","inLanguage":"cs","@id":"https:\/\/epe.vn\/manufacturer\/mut-boc-hang-nha-may\/#primaryimage","url":"https:\/\/epe.vn\/wp-content\/uploads\/2023\/06\/Mut-Boc-Hang-Nha-May.jpg","contentUrl":"https:\/\/epe.vn\/wp-content\/uploads\/2023\/06\/Mut-Boc-Hang-Nha-May.jpg","width":1000,"height":1000,"caption":"M\u00fat B\u1ecdc H\u00e0ng Nh\u00e0 M\u00e1y"},{"@type":"BreadcrumbList","@id":"https:\/\/epe.vn\/manufacturer\/mut-boc-hang-nha-may\/#breadcrumb","itemListElement":[{"@type":"ListItem","position":1,"name":"Home","item":"https:\/\/epe.vn\/"},{"@type":"ListItem","position":2,"name":"Shop","item":"https:\/\/epe.vn\/shop\/"},{"@type":"ListItem","position":3,"name":"Vi\u1ec7t Nam C\u00e1 Nh\u00e2n H\u00f3a M\u00fat X\u1ed1p PE Foam | M\u00fat B\u1ecdc H\u00e0ng Nh\u00e0 M\u00e1y"}]},{"@type":"WebSite","@id":"https:\/\/epe.vn\/#website","url":"https:\/\/epe.vn\/","name":"Nh\u00e0 s\u1ea3n xu\u1ea5t b\u1ecdt Polyethylene m\u1edf r\u1ed9ng","description":"Nh\u00e0 cung c\u1ea5p bao b\u00ec v\u1ec9 x\u1ed1p polyethylene m\u1edf r\u1ed9ng v\u00e0 t\u00fai PE","potentialAction":[{"@type":"SearchAction","target":{"@type":"EntryPoint","urlTemplate":"https:\/\/epe.vn\/?s={search_term_string}"},"query-input":{"@type":"PropertyValueSpecification","valueRequired":true,"valueName":"search_term_string"}}],"inLanguage":"cs"}]}},"_links":{"self":[{"href":"https:\/\/epe.vn\/cs\/wp-json\/wp\/v2\/product\/1393","targetHints":{"allow":["GET"]}}],"collection":[{"href":"https:\/\/epe.vn\/cs\/wp-json\/wp\/v2\/product"}],"about":[{"href":"https:\/\/epe.vn\/cs\/wp-json\/wp\/v2\/types\/product"}],"replies":[{"embeddable":true,"href":"https:\/\/epe.vn\/cs\/wp-json\/wp\/v2\/comments?post=1393"}],"wp:featuredmedia":[{"embeddable":true,"href":"https:\/\/epe.vn\/cs\/wp-json\/wp\/v2\/media\/1742"}],"wp:attachment":[{"href":"https:\/\/epe.vn\/cs\/wp-json\/wp\/v2\/media?parent=1393"}],"wp:term":[{"taxonomy":"product_cat","embeddable":true,"href":"https:\/\/epe.vn\/cs\/wp-json\/wp\/v2\/product_cat?post=1393"},{"taxonomy":"product_tag","embeddable":true,"href":"https:\/\/epe.vn\/cs\/wp-json\/wp\/v2\/product_tag?post=1393"}],"curies":[{"name":"wp","href":"https:\/\/api.w.org\/{rel}","templated":true}]}}