{"id":2180,"date":"2025-05-05T16:04:57","date_gmt":"2025-05-05T09:04:57","guid":{"rendered":"https:\/\/epe.vn\/?post_type=product&#038;p=2180"},"modified":"2025-05-05T16:05:15","modified_gmt":"2025-05-05T09:05:15","slug":"tam-xop-epe-lot-hinh-khoi","status":"publish","type":"product","link":"https:\/\/epe.vn\/cs\/manufacturer\/tam-xop-epe-lot-hinh-khoi\/","title":{"rendered":"T\u1ea5m x\u1ed1p EPE l\u00f3t h\u00ecnh kh\u1ed1i | Tu\u1ef3 ch\u1ec9nh theo y\u00eau c\u1ea7u"},"content":{"rendered":"<h2><span style=\"font-weight: 400;\">Th\u00f4ng tin s\u1ea3n ph\u1ea9m:<\/span><\/h2>\n<table>\n<tbody>\n<tr>\n<td><b>Krit\u00e9ria<\/b><\/td>\n<td><b>Th\u00f4ng tin chi ti\u1ebft<\/b><\/td>\n<\/tr>\n<tr>\n<td><b>N\u00e1zev produktu<\/b><\/td>\n<td><span style=\"font-weight: 400;\">T\u1ea5m x\u1ed1p EPE l\u00f3t h\u00ecnh kh\u1ed1i<\/span><\/td>\n<\/tr>\n<tr>\n<td><b>Th\u01b0\u01a1ng hi\u1ec7u<\/b><\/td>\n<td><span style=\"font-weight: 400;\">Dong Rui Vietnam<\/span><\/td>\n<\/tr>\n<tr>\n<td><b>Materi\u00e1l<\/b><\/td>\n<td><span style=\"font-weight: 400;\">X\u1ed1p EPE (Expanded Polyethylene Foam)<\/span><\/td>\n<\/tr>\n<tr>\n<td><b>Ki\u1ec3u d\u00e1ng<\/b><\/td>\n<td><span style=\"font-weight: 400;\">T\u1ea5m x\u1ed1p \u0111\u1ecbnh h\u00ecnh 3D theo y\u00eau c\u1ea7u<\/span><\/td>\n<\/tr>\n<tr>\n<td><b>Velikost<\/b><\/td>\n<td><span style=\"font-weight: 400;\">Gia c\u00f4ng theo s\u1ea3n ph\u1ea9m c\u1ea7n l\u00f3t<\/span><\/td>\n<\/tr>\n<tr>\n<td><b>\u0110\u1ed9 d\u00e0y<\/b><\/td>\n<td><span style=\"font-weight: 400;\">10mm \u2013 100mm (t\u00f9y m\u1ee5c \u0111\u00edch s\u1eed d\u1ee5ng)<\/span><\/td>\n<\/tr>\n<tr>\n<td><b>Barva<\/b><\/td>\n<td><span style=\"font-weight: 400;\">Tr\u1eafng, h\u1ed3ng, xanh, \u0111en<\/span><\/td>\n<\/tr>\n<tr>\n<td><b>Xu\u1ea5t x\u1ee9<\/b><\/td>\n<td><span style=\"font-weight: 400;\">Trung Qu\u1ed1c<\/span><\/td>\n<\/tr>\n<tr>\n<td><b>T\u00ednh n\u0103ng n\u1ed5i b\u1eadt<\/b><\/td>\n<td><span style=\"font-weight: 400;\">Nh\u1eb9, \u0111\u00e0n h\u1ed3i t\u1ed1t, \u0111\u1ecbnh h\u00ecnh linh ho\u1ea1t, b\u1ea3o v\u1ec7 6 m\u1eb7t<\/span><\/td>\n<\/tr>\n<tr>\n<td><b>\u1ee8ng d\u1ee5ng ph\u1ed5 bi\u1ebfn<\/b><\/td>\n<td><span style=\"font-weight: 400;\">L\u00f3t b\u1ea3o v\u1ec7 s\u1ea3n ph\u1ea9m c\u00f3 h\u00ecnh kh\u1ed1i: thi\u1ebft b\u1ecb \u0111i\u1ec7n t\u1eed, \u0111\u1ed3 g\u1ed1m, h\u1ed9p qu\u00e0, d\u1ee5ng c\u1ee5,&#8230;<\/span><\/td>\n<\/tr>\n<tr>\n<td><b>Ch\u1ee9ng nh\u1eadn ch\u1ea5t l\u01b0\u1ee3ng<\/b><\/td>\n<td><span style=\"font-weight: 400;\">ISO 9001, RoHS<\/span><\/td>\n<\/tr>\n<tr>\n<td><b>\u0110\u00f3ng g\u00f3i<\/b><\/td>\n<td><span style=\"font-weight: 400;\">Theo t\u1ea5m, \u0111\u00f3ng th\u00f9ng ho\u1eb7c b\u1ecdc ri\u00eang l\u1ebb<\/span><\/td>\n<\/tr>\n<tr>\n<td><b>L\u1ee3i \u00edch s\u1eed d\u1ee5ng<\/b><\/td>\n<td><span style=\"font-weight: 400;\">C\u1ed1 \u0111\u1ecbnh v\u00e0 b\u1ea3o v\u1ec7 s\u1ea3n ph\u1ea9m, h\u1ea1n ch\u1ebf va \u0111\u1eadp v\u00e0 x\u00ea d\u1ecbch trong qu\u00e1 tr\u00ecnh v\u1eadn chuy\u1ec3n<\/span><\/td>\n<\/tr>\n<\/tbody>\n<\/table>\n<h2><span style=\"font-weight: 400;\">Ch\u1ee9c n\u0103ng c\u1ee7a t\u1ea5m x\u1ed1p EPE l\u00f3t h\u00ecnh kh\u1ed1i:<\/span><\/h2>\n<ul>\n<li style=\"font-weight: 400;\" aria-level=\"1\"><span style=\"font-weight: 400;\">L\u00f3t \u0111\u1ec7m cho s\u1ea3n ph\u1ea9m c\u00f3 h\u00ecnh kh\u1ed1i, gi\u00fap ch\u1ed1ng s\u1ed1c v\u00e0 c\u1ed1 \u0111\u1ecbnh s\u1ea3n ph\u1ea9m trong h\u1ed9p.<\/span><\/li>\n<\/ul>\n<h2><span style=\"font-weight: 400;\">\u01afu \u0111i\u1ec3m:<\/span><\/h2>\n<ul>\n<li style=\"font-weight: 400;\" aria-level=\"1\"><span style=\"font-weight: 400;\">Gia c\u00f4ng theo k\u00edch th\u01b0\u1edbc v\u00e0 h\u00ecnh d\u00e1ng mong mu\u1ed1n.<\/span><\/li>\n<li style=\"font-weight: 400;\" aria-level=\"1\"><span style=\"font-weight: 400;\">Nh\u1eb9, b\u1ec1n, d\u1ec5 s\u1eed d\u1ee5ng v\u00e0 t\u00e1i s\u1eed d\u1ee5ng.<\/span><\/li>\n<li style=\"font-weight: 400;\" aria-level=\"1\"><span style=\"font-weight: 400;\">T\u0103ng t\u00ednh th\u1ea9m m\u1ef9, chuy\u00ean nghi\u1ec7p trong \u0111\u00f3ng g\u00f3i.<\/span><\/li>\n<li style=\"font-weight: 400;\" aria-level=\"1\"><span style=\"font-weight: 400;\">Ch\u1ed1ng th\u1ea5m, ch\u1ed1ng b\u1ee5i, th\u00e2n thi\u1ec7n v\u1edbi m\u00f4i tr\u01b0\u1eddng.<\/span><\/li>\n<\/ul>","protected":false},"excerpt":{"rendered":"<p class=\"\" data-start=\"2308\" data-end=\"2554\"><strong data-start=\"2308\" data-end=\"2337\">T\u1ea5m x\u1ed1p EPE l\u00f3t h\u00ecnh kh\u1ed1i<\/strong> l\u00e0 gi\u1ea3i ph\u00e1p b\u1ea3o v\u1ec7 l\u00fd t\u01b0\u1edfng cho c\u00e1c s\u1ea3n ph\u1ea9m c\u00f3 h\u00ecnh d\u00e1ng \u0111\u1eb7c bi\u1ec7t. V\u1edbi kh\u1ea3 n\u0103ng \u0111\u1ecbnh h\u00ecnh linh ho\u1ea1t v\u00e0 \u0111\u1ed9 \u0111\u00e0n h\u1ed3i cao, s\u1ea3n ph\u1ea9m n\u00e0y gi\u00fap b\u1ea3o v\u1ec7 to\u00e0n di\u1ec7n, h\u1ea1n ch\u1ebf t\u1ed1i \u0111a va ch\u1ea1m trong qu\u00e1 tr\u00ecnh l\u01b0u tr\u1eef, v\u1eadn chuy\u1ec3n.<\/p>","protected":false},"featured_media":2181,"comment_status":"open","ping_status":"closed","template":"","meta":[],"product_cat":[36],"product_tag":[48,47,55,60,52],"class_list":{"0":"post-2180","1":"product","2":"type-product","3":"status-publish","4":"has-post-thumbnail","6":"product_cat-tam-mut-xop","7":"product_tag-epe-foam","8":"product_tag-mut-xop-epe","9":"product_tag-tam-xop-epe","10":"product_tag-tuy-chinh-xop-epe","11":"product_tag-xop-epe","13":"first","14":"instock","15":"shipping-taxable","16":"product-type-simple"},"yoast_head":"<!-- This site is optimized with the Yoast SEO plugin v23.4 - https:\/\/yoast.com\/wordpress\/plugins\/seo\/ -->\n<title>T\u1ea5m x\u1ed1p EPE l\u00f3t h\u00ecnh kh\u1ed1i | Tu\u1ef3 ch\u1ec9nh theo y\u00eau c\u1ea7u - Nh\u00e0 s\u1ea3n xu\u1ea5t b\u1ecdt Polyethylene m\u1edf r\u1ed9ng<\/title>\n<meta name=\"description\" content=\"T\u1ea5m x\u1ed1p EPE l\u00f3t h\u00ecnh kh\u1ed1i gi\u00fap b\u1ea3o v\u1ec7 to\u00e0n di\u1ec7n s\u1ea3n ph\u1ea9m nh\u1edd kh\u1ea3 n\u0103ng \u0111\u1ecbnh h\u00ecnh 3D, ch\u1ed1ng s\u1ed1c hi\u1ec7u qu\u1ea3 v\u00e0 gia c\u00f4ng linh ho\u1ea1t theo y\u00eau c\u1ea7u.\" \/>\n<meta name=\"robots\" content=\"index, follow, max-snippet:-1, max-image-preview:large, max-video-preview:-1\" \/>\n<link rel=\"canonical\" href=\"https:\/\/epe.vn\/cs\/manufacturer\/tam-xop-epe-lot-hinh-khoi\/\" \/>\n<meta property=\"og:locale\" content=\"cs_CZ\" \/>\n<meta property=\"og:type\" content=\"article\" \/>\n<meta property=\"og:title\" content=\"T\u1ea5m x\u1ed1p EPE l\u00f3t h\u00ecnh kh\u1ed1i | Tu\u1ef3 ch\u1ec9nh theo y\u00eau c\u1ea7u - Nh\u00e0 s\u1ea3n xu\u1ea5t b\u1ecdt Polyethylene m\u1edf r\u1ed9ng\" \/>\n<meta property=\"og:description\" content=\"T\u1ea5m x\u1ed1p EPE l\u00f3t h\u00ecnh kh\u1ed1i gi\u00fap b\u1ea3o v\u1ec7 to\u00e0n di\u1ec7n s\u1ea3n ph\u1ea9m nh\u1edd kh\u1ea3 n\u0103ng \u0111\u1ecbnh h\u00ecnh 3D, ch\u1ed1ng s\u1ed1c hi\u1ec7u qu\u1ea3 v\u00e0 gia c\u00f4ng linh ho\u1ea1t theo y\u00eau c\u1ea7u.\" \/>\n<meta property=\"og:url\" content=\"https:\/\/epe.vn\/cs\/manufacturer\/tam-xop-epe-lot-hinh-khoi\/\" \/>\n<meta property=\"og:site_name\" content=\"Nh\u00e0 s\u1ea3n xu\u1ea5t b\u1ecdt Polyethylene m\u1edf r\u1ed9ng\" \/>\n<meta property=\"article:modified_time\" content=\"2025-05-05T09:05:15+00:00\" \/>\n<meta property=\"og:image\" content=\"https:\/\/epe.vn\/wp-content\/uploads\/2025\/05\/Tam-xop-epe-lot-hinh-khoi.webp\" \/>\n\t<meta property=\"og:image:width\" content=\"800\" \/>\n\t<meta property=\"og:image:height\" content=\"800\" \/>\n\t<meta property=\"og:image:type\" content=\"image\/webp\" \/>\n<meta name=\"twitter:card\" content=\"summary_large_image\" \/>\n<meta name=\"twitter:label1\" content=\"Odhadovan\u00e1 doba \u010dten\u00ed\" \/>\n\t<meta name=\"twitter:data1\" content=\"2 minuty\" \/>\n<script type=\"application\/ld+json\" class=\"yoast-schema-graph\">{\"@context\":\"https:\/\/schema.org\",\"@graph\":[{\"@type\":\"WebPage\",\"@id\":\"https:\/\/epe.vn\/manufacturer\/tam-xop-epe-lot-hinh-khoi\/\",\"url\":\"https:\/\/epe.vn\/manufacturer\/tam-xop-epe-lot-hinh-khoi\/\",\"name\":\"T\u1ea5m x\u1ed1p EPE l\u00f3t h\u00ecnh kh\u1ed1i | Tu\u1ef3 ch\u1ec9nh theo y\u00eau c\u1ea7u - Nh\u00e0 s\u1ea3n xu\u1ea5t b\u1ecdt Polyethylene m\u1edf r\u1ed9ng\",\"isPartOf\":{\"@id\":\"https:\/\/epe.vn\/#website\"},\"primaryImageOfPage\":{\"@id\":\"https:\/\/epe.vn\/manufacturer\/tam-xop-epe-lot-hinh-khoi\/#primaryimage\"},\"image\":{\"@id\":\"https:\/\/epe.vn\/manufacturer\/tam-xop-epe-lot-hinh-khoi\/#primaryimage\"},\"thumbnailUrl\":\"https:\/\/epe.vn\/wp-content\/uploads\/2025\/05\/Tam-xop-epe-lot-hinh-khoi.webp\",\"datePublished\":\"2025-05-05T09:04:57+00:00\",\"dateModified\":\"2025-05-05T09:05:15+00:00\",\"description\":\"T\u1ea5m x\u1ed1p EPE l\u00f3t h\u00ecnh kh\u1ed1i gi\u00fap b\u1ea3o v\u1ec7 to\u00e0n di\u1ec7n s\u1ea3n ph\u1ea9m nh\u1edd kh\u1ea3 n\u0103ng \u0111\u1ecbnh h\u00ecnh 3D, ch\u1ed1ng s\u1ed1c hi\u1ec7u qu\u1ea3 v\u00e0 gia c\u00f4ng linh ho\u1ea1t theo y\u00eau c\u1ea7u.\",\"breadcrumb\":{\"@id\":\"https:\/\/epe.vn\/manufacturer\/tam-xop-epe-lot-hinh-khoi\/#breadcrumb\"},\"inLanguage\":\"cs\",\"potentialAction\":[{\"@type\":\"ReadAction\",\"target\":[\"https:\/\/epe.vn\/manufacturer\/tam-xop-epe-lot-hinh-khoi\/\"]}]},{\"@type\":\"ImageObject\",\"inLanguage\":\"cs\",\"@id\":\"https:\/\/epe.vn\/manufacturer\/tam-xop-epe-lot-hinh-khoi\/#primaryimage\",\"url\":\"https:\/\/epe.vn\/wp-content\/uploads\/2025\/05\/Tam-xop-epe-lot-hinh-khoi.webp\",\"contentUrl\":\"https:\/\/epe.vn\/wp-content\/uploads\/2025\/05\/Tam-xop-epe-lot-hinh-khoi.webp\",\"width\":800,\"height\":800,\"caption\":\"Ta\u0302\u0301m xo\u0302\u0301p epe lo\u0301t hi\u0300nh kho\u0302\u0301i\"},{\"@type\":\"BreadcrumbList\",\"@id\":\"https:\/\/epe.vn\/manufacturer\/tam-xop-epe-lot-hinh-khoi\/#breadcrumb\",\"itemListElement\":[{\"@type\":\"ListItem\",\"position\":1,\"name\":\"Home\",\"item\":\"https:\/\/epe.vn\/\"},{\"@type\":\"ListItem\",\"position\":2,\"name\":\"Shop\",\"item\":\"https:\/\/epe.vn\/shop\/\"},{\"@type\":\"ListItem\",\"position\":3,\"name\":\"T\u1ea5m x\u1ed1p EPE l\u00f3t h\u00ecnh kh\u1ed1i | Tu\u1ef3 ch\u1ec9nh theo y\u00eau c\u1ea7u\"}]},{\"@type\":\"WebSite\",\"@id\":\"https:\/\/epe.vn\/#website\",\"url\":\"https:\/\/epe.vn\/\",\"name\":\"Nh\u00e0 s\u1ea3n xu\u1ea5t b\u1ecdt Polyethylene m\u1edf r\u1ed9ng\",\"description\":\"Nh\u00e0 cung c\u1ea5p bao b\u00ec v\u1ec9 x\u1ed1p polyethylene m\u1edf r\u1ed9ng v\u00e0 t\u00fai PE\",\"potentialAction\":[{\"@type\":\"SearchAction\",\"target\":{\"@type\":\"EntryPoint\",\"urlTemplate\":\"https:\/\/epe.vn\/?s={search_term_string}\"},\"query-input\":{\"@type\":\"PropertyValueSpecification\",\"valueRequired\":true,\"valueName\":\"search_term_string\"}}],\"inLanguage\":\"cs\"}]}<\/script>\n<!-- \/ Yoast SEO plugin. -->","yoast_head_json":{"title":"T\u1ea5m x\u1ed1p EPE l\u00f3t h\u00ecnh kh\u1ed1i | Tu\u1ef3 ch\u1ec9nh theo y\u00eau c\u1ea7u - Nh\u00e0 s\u1ea3n xu\u1ea5t b\u1ecdt Polyethylene m\u1edf r\u1ed9ng","description":"T\u1ea5m x\u1ed1p EPE l\u00f3t h\u00ecnh kh\u1ed1i gi\u00fap b\u1ea3o v\u1ec7 to\u00e0n di\u1ec7n s\u1ea3n ph\u1ea9m nh\u1edd kh\u1ea3 n\u0103ng \u0111\u1ecbnh h\u00ecnh 3D, ch\u1ed1ng s\u1ed1c hi\u1ec7u qu\u1ea3 v\u00e0 gia c\u00f4ng linh ho\u1ea1t theo y\u00eau c\u1ea7u.","robots":{"index":"index","follow":"follow","max-snippet":"max-snippet:-1","max-image-preview":"max-image-preview:large","max-video-preview":"max-video-preview:-1"},"canonical":"https:\/\/epe.vn\/cs\/manufacturer\/tam-xop-epe-lot-hinh-khoi\/","og_locale":"cs_CZ","og_type":"article","og_title":"T\u1ea5m x\u1ed1p EPE l\u00f3t h\u00ecnh kh\u1ed1i | Tu\u1ef3 ch\u1ec9nh theo y\u00eau c\u1ea7u - Nh\u00e0 s\u1ea3n xu\u1ea5t b\u1ecdt Polyethylene m\u1edf r\u1ed9ng","og_description":"T\u1ea5m x\u1ed1p EPE l\u00f3t h\u00ecnh kh\u1ed1i gi\u00fap b\u1ea3o v\u1ec7 to\u00e0n di\u1ec7n s\u1ea3n ph\u1ea9m nh\u1edd kh\u1ea3 n\u0103ng \u0111\u1ecbnh h\u00ecnh 3D, ch\u1ed1ng s\u1ed1c hi\u1ec7u qu\u1ea3 v\u00e0 gia c\u00f4ng linh ho\u1ea1t theo y\u00eau c\u1ea7u.","og_url":"https:\/\/epe.vn\/cs\/manufacturer\/tam-xop-epe-lot-hinh-khoi\/","og_site_name":"Nh\u00e0 s\u1ea3n xu\u1ea5t b\u1ecdt Polyethylene m\u1edf r\u1ed9ng","article_modified_time":"2025-05-05T09:05:15+00:00","og_image":[{"width":800,"height":800,"url":"https:\/\/epe.vn\/wp-content\/uploads\/2025\/05\/Tam-xop-epe-lot-hinh-khoi.webp","type":"image\/webp"}],"twitter_card":"summary_large_image","twitter_misc":{"Odhadovan\u00e1 doba \u010dten\u00ed":"2 minuty"},"schema":{"@context":"https:\/\/schema.org","@graph":[{"@type":"WebPage","@id":"https:\/\/epe.vn\/manufacturer\/tam-xop-epe-lot-hinh-khoi\/","url":"https:\/\/epe.vn\/manufacturer\/tam-xop-epe-lot-hinh-khoi\/","name":"T\u1ea5m x\u1ed1p EPE l\u00f3t h\u00ecnh kh\u1ed1i | Tu\u1ef3 ch\u1ec9nh theo y\u00eau c\u1ea7u - Nh\u00e0 s\u1ea3n xu\u1ea5t b\u1ecdt Polyethylene m\u1edf r\u1ed9ng","isPartOf":{"@id":"https:\/\/epe.vn\/#website"},"primaryImageOfPage":{"@id":"https:\/\/epe.vn\/manufacturer\/tam-xop-epe-lot-hinh-khoi\/#primaryimage"},"image":{"@id":"https:\/\/epe.vn\/manufacturer\/tam-xop-epe-lot-hinh-khoi\/#primaryimage"},"thumbnailUrl":"https:\/\/epe.vn\/wp-content\/uploads\/2025\/05\/Tam-xop-epe-lot-hinh-khoi.webp","datePublished":"2025-05-05T09:04:57+00:00","dateModified":"2025-05-05T09:05:15+00:00","description":"T\u1ea5m x\u1ed1p EPE l\u00f3t h\u00ecnh kh\u1ed1i gi\u00fap b\u1ea3o v\u1ec7 to\u00e0n di\u1ec7n s\u1ea3n ph\u1ea9m nh\u1edd kh\u1ea3 n\u0103ng \u0111\u1ecbnh h\u00ecnh 3D, ch\u1ed1ng s\u1ed1c hi\u1ec7u qu\u1ea3 v\u00e0 gia c\u00f4ng linh ho\u1ea1t theo y\u00eau c\u1ea7u.","breadcrumb":{"@id":"https:\/\/epe.vn\/manufacturer\/tam-xop-epe-lot-hinh-khoi\/#breadcrumb"},"inLanguage":"cs","potentialAction":[{"@type":"ReadAction","target":["https:\/\/epe.vn\/manufacturer\/tam-xop-epe-lot-hinh-khoi\/"]}]},{"@type":"ImageObject","inLanguage":"cs","@id":"https:\/\/epe.vn\/manufacturer\/tam-xop-epe-lot-hinh-khoi\/#primaryimage","url":"https:\/\/epe.vn\/wp-content\/uploads\/2025\/05\/Tam-xop-epe-lot-hinh-khoi.webp","contentUrl":"https:\/\/epe.vn\/wp-content\/uploads\/2025\/05\/Tam-xop-epe-lot-hinh-khoi.webp","width":800,"height":800,"caption":"Ta\u0302\u0301m xo\u0302\u0301p epe lo\u0301t hi\u0300nh kho\u0302\u0301i"},{"@type":"BreadcrumbList","@id":"https:\/\/epe.vn\/manufacturer\/tam-xop-epe-lot-hinh-khoi\/#breadcrumb","itemListElement":[{"@type":"ListItem","position":1,"name":"Home","item":"https:\/\/epe.vn\/"},{"@type":"ListItem","position":2,"name":"Shop","item":"https:\/\/epe.vn\/shop\/"},{"@type":"ListItem","position":3,"name":"T\u1ea5m x\u1ed1p EPE l\u00f3t h\u00ecnh kh\u1ed1i | Tu\u1ef3 ch\u1ec9nh theo y\u00eau c\u1ea7u"}]},{"@type":"WebSite","@id":"https:\/\/epe.vn\/#website","url":"https:\/\/epe.vn\/","name":"Nh\u00e0 s\u1ea3n xu\u1ea5t b\u1ecdt Polyethylene m\u1edf r\u1ed9ng","description":"Nh\u00e0 cung c\u1ea5p bao b\u00ec v\u1ec9 x\u1ed1p polyethylene m\u1edf r\u1ed9ng v\u00e0 t\u00fai PE","potentialAction":[{"@type":"SearchAction","target":{"@type":"EntryPoint","urlTemplate":"https:\/\/epe.vn\/?s={search_term_string}"},"query-input":{"@type":"PropertyValueSpecification","valueRequired":true,"valueName":"search_term_string"}}],"inLanguage":"cs"}]}},"_links":{"self":[{"href":"https:\/\/epe.vn\/cs\/wp-json\/wp\/v2\/product\/2180","targetHints":{"allow":["GET"]}}],"collection":[{"href":"https:\/\/epe.vn\/cs\/wp-json\/wp\/v2\/product"}],"about":[{"href":"https:\/\/epe.vn\/cs\/wp-json\/wp\/v2\/types\/product"}],"replies":[{"embeddable":true,"href":"https:\/\/epe.vn\/cs\/wp-json\/wp\/v2\/comments?post=2180"}],"wp:featuredmedia":[{"embeddable":true,"href":"https:\/\/epe.vn\/cs\/wp-json\/wp\/v2\/media\/2181"}],"wp:attachment":[{"href":"https:\/\/epe.vn\/cs\/wp-json\/wp\/v2\/media?parent=2180"}],"wp:term":[{"taxonomy":"product_cat","embeddable":true,"href":"https:\/\/epe.vn\/cs\/wp-json\/wp\/v2\/product_cat?post=2180"},{"taxonomy":"product_tag","embeddable":true,"href":"https:\/\/epe.vn\/cs\/wp-json\/wp\/v2\/product_tag?post=2180"}],"curies":[{"name":"wp","href":"https:\/\/api.w.org\/{rel}","templated":true}]}}