{"id":2194,"date":"2025-05-06T08:27:45","date_gmt":"2025-05-06T01:27:45","guid":{"rendered":"https:\/\/epe.vn\/?post_type=product&#038;p=2194"},"modified":"2025-05-06T08:27:46","modified_gmt":"2025-05-06T01:27:46","slug":"tam-xop-epe-dong-goi","status":"publish","type":"product","link":"https:\/\/epe.vn\/cs\/manufacturer\/tam-xop-epe-dong-goi\/","title":{"rendered":"T\u1ea5m x\u1ed1p EPE \u0111\u00f3ng g\u00f3i | Tu\u1ef3 ch\u1ec9nh theo y\u00eau c\u1ea7u"},"content":{"rendered":"<h2><span style=\"font-weight: 400;\">Th\u00f4ng tin s\u1ea3n ph\u1ea9m:<\/span><\/h2>\n<table>\n<tbody>\n<tr>\n<td><b>Krit\u00e9ria<\/b><\/td>\n<td><b>Th\u00f4ng tin chi ti\u1ebft<\/b><\/td>\n<\/tr>\n<tr>\n<td><b>N\u00e1zev produktu<\/b><\/td>\n<td><span style=\"font-weight: 400;\">T\u1ea5m x\u1ed1p EPE \u0111\u00f3ng g\u00f3i<\/span><\/td>\n<\/tr>\n<tr>\n<td><b>Th\u01b0\u01a1ng hi\u1ec7u<\/b><\/td>\n<td><span style=\"font-weight: 400;\">Dong Rui Vietnam<\/span><\/td>\n<\/tr>\n<tr>\n<td><b>Materi\u00e1l<\/b><\/td>\n<td><span style=\"font-weight: 400;\">EPE Foam (Expanded Polyethylene)<\/span><\/td>\n<\/tr>\n<tr>\n<td><b>Ki\u1ec3u d\u00e1ng<\/b><\/td>\n<td><span style=\"font-weight: 400;\">T\u1ea5m x\u1ed1p ph\u1eb3ng<\/span><\/td>\n<\/tr>\n<tr>\n<td><b>Velikost<\/b><\/td>\n<td><span style=\"font-weight: 400;\">T\u00f9y ch\u1ec9nh theo y\u00eau c\u1ea7u<\/span><\/td>\n<\/tr>\n<tr>\n<td><b>\u0110\u1ed9 d\u00e0y<\/b><\/td>\n<td><span style=\"font-weight: 400;\">3mm \u2013 50mm<\/span><\/td>\n<\/tr>\n<tr>\n<td><b>Barva<\/b><\/td>\n<td><span style=\"font-weight: 400;\">Tr\u1eafng, h\u1ed3ng, xanh d\u01b0\u01a1ng<\/span><\/td>\n<\/tr>\n<tr>\n<td><b>Xu\u1ea5t x\u1ee9<\/b><\/td>\n<td><span style=\"font-weight: 400;\">Trung Qu\u1ed1c<\/span><\/td>\n<\/tr>\n<tr>\n<td><b>T\u00ednh n\u0103ng n\u1ed5i b\u1eadt<\/b><\/td>\n<td><span style=\"font-weight: 400;\">Nh\u1eb9, \u0111\u00e0n h\u1ed3i t\u1ed1t, ch\u1ed1ng s\u1ed1c, c\u00e1ch nhi\u1ec7t<\/span><\/td>\n<\/tr>\n<tr>\n<td><b>\u1ee8ng d\u1ee5ng ph\u1ed5 bi\u1ebfn<\/b><\/td>\n<td><span style=\"font-weight: 400;\">\u0110\u00f3ng g\u00f3i h\u00e0ng \u0111i\u1ec7n t\u1eed, \u0111\u1ed3 g\u1ed1m, thi\u1ebft b\u1ecb y t\u1ebf, s\u1ea3n ph\u1ea9m c\u00f4ng nghi\u1ec7p<\/span><\/td>\n<\/tr>\n<tr>\n<td><b>Ch\u1ee9ng nh\u1eadn ch\u1ea5t l\u01b0\u1ee3ng<\/b><\/td>\n<td><span style=\"font-weight: 400;\">ISO 9001, RoHS, CE<\/span><\/td>\n<\/tr>\n<tr>\n<td><b>\u0110\u00f3ng g\u00f3i<\/b><\/td>\n<td><span style=\"font-weight: 400;\">Theo ki\u1ec7n ho\u1eb7c theo t\u1ea5m<\/span><\/td>\n<\/tr>\n<tr>\n<td><b>L\u1ee3i \u00edch s\u1eed d\u1ee5ng<\/b><\/td>\n<td><span style=\"font-weight: 400;\">B\u1ea3o v\u1ec7 s\u1ea3n ph\u1ea9m hi\u1ec7u qu\u1ea3, ch\u1ed1ng tr\u1ea7y x\u01b0\u1edbc v\u00e0 va \u0111\u1eadp khi v\u1eadn chuy\u1ec3n<\/span><\/td>\n<\/tr>\n<\/tbody>\n<\/table>\n<h2><span style=\"font-weight: 400;\">Ch\u1ee9c n\u0103ng c\u1ee7a t\u1ea5m x\u1ed1p EPE \u0111\u00f3ng g\u00f3i:<\/span><\/h2>\n<ul>\n<li style=\"font-weight: 400;\" aria-level=\"1\"><span style=\"font-weight: 400;\">D\u00f9ng l\u00e0m l\u1edbp l\u00f3t b\u1ea3o v\u1ec7 trong qu\u00e1 tr\u00ecnh \u0111\u00f3ng g\u00f3i, v\u1eadn chuy\u1ec3n v\u00e0 l\u01b0u tr\u1eef h\u00e0ng h\u00f3a.<\/span><\/li>\n<\/ul>\n<h2><span style=\"font-weight: 400;\">\u01afu \u0111i\u1ec3m c\u1ee7a t\u1ea5m x\u1ed1p EPE \u0111\u00f3ng g\u00f3i:<\/span><\/h2>\n<ul>\n<li style=\"font-weight: 400;\" aria-level=\"1\"><span style=\"font-weight: 400;\">M\u1ec1m nh\u1eb9, \u0111\u00e0n h\u1ed3i t\u1ed1t, d\u1ec5 c\u1eaft theo k\u00edch th\u01b0\u1edbc y\u00eau c\u1ea7u.<\/span><\/li>\n<li style=\"font-weight: 400;\" aria-level=\"1\"><span style=\"font-weight: 400;\">T\u00e1i s\u1eed d\u1ee5ng nhi\u1ec1u l\u1ea7n, th\u00e2n thi\u1ec7n m\u00f4i tr\u01b0\u1eddng.<\/span><\/li>\n<li style=\"font-weight: 400;\" aria-level=\"1\"><span style=\"font-weight: 400;\">T\u0103ng \u0111\u1ed9 an to\u00e0n cho s\u1ea3n ph\u1ea9m trong qu\u00e1 tr\u00ecnh v\u1eadn chuy\u1ec3n.<\/span><\/li>\n<\/ul>","protected":false},"excerpt":{"rendered":"<p class=\"\" data-start=\"2240\" data-end=\"2486\"><strong data-start=\"2240\" data-end=\"2264\">T\u1ea5m x\u1ed1p EPE \u0111\u00f3ng g\u00f3i<\/strong> l\u00e0 gi\u1ea3i ph\u00e1p b\u1ea3o v\u1ec7 s\u1ea3n ph\u1ea9m \u01b0u vi\u1ec7t, gi\u00fap gi\u1ea3m va \u0111\u1eadp v\u00e0 tr\u1ea7y x\u01b0\u1edbc trong qu\u00e1 tr\u00ecnh v\u1eadn chuy\u1ec3n. V\u1edbi kh\u1ea3 n\u0103ng t\u00f9y ch\u1ec9nh k\u00edch th\u01b0\u1edbc v\u00e0 \u0111\u1ed9 d\u00e0y, t\u1ea5m x\u1ed1p ph\u00f9 h\u1ee3p cho \u0111a d\u1ea1ng ng\u00e0nh h\u00e0ng nh\u01b0 \u0111i\u1ec7n t\u1eed, g\u1ed1m s\u1ee9, y t\u1ebf v\u00e0 c\u00f4ng nghi\u1ec7p.<\/p>","protected":false},"featured_media":2195,"comment_status":"open","ping_status":"closed","template":"","meta":[],"product_cat":[36],"product_tag":[48,47,55,60,52],"class_list":{"0":"post-2194","1":"product","2":"type-product","3":"status-publish","4":"has-post-thumbnail","6":"product_cat-tam-mut-xop","7":"product_tag-epe-foam","8":"product_tag-mut-xop-epe","9":"product_tag-tam-xop-epe","10":"product_tag-tuy-chinh-xop-epe","11":"product_tag-xop-epe","13":"first","14":"instock","15":"shipping-taxable","16":"product-type-simple"},"yoast_head":"<!-- This site is optimized with the Yoast SEO plugin v23.4 - https:\/\/yoast.com\/wordpress\/plugins\/seo\/ -->\n<title>T\u1ea5m x\u1ed1p EPE \u0111\u00f3ng g\u00f3i | Tu\u1ef3 ch\u1ec9nh theo y\u00eau c\u1ea7u - Nh\u00e0 s\u1ea3n xu\u1ea5t b\u1ecdt Polyethylene m\u1edf r\u1ed9ng<\/title>\n<meta name=\"description\" content=\"T\u1ea5m x\u1ed1p EPE \u0111\u00f3ng g\u00f3i ch\u1ed1ng va \u0111\u1eadp, ch\u1ed1ng tr\u1ea7y x\u01b0\u1edbc, b\u1ea3o v\u1ec7 h\u00e0ng h\u00f3a hi\u1ec7u qu\u1ea3 trong v\u1eadn chuy\u1ec3n. D\u1ec5 c\u1eaft g\u1ecdt, nh\u1eb9 v\u00e0 s\u1eed d\u1ee5ng linh ho\u1ea1t.\" \/>\n<meta name=\"robots\" content=\"index, follow, max-snippet:-1, max-image-preview:large, max-video-preview:-1\" \/>\n<link rel=\"canonical\" href=\"https:\/\/epe.vn\/cs\/manufacturer\/tam-xop-epe-dong-goi\/\" \/>\n<meta property=\"og:locale\" content=\"cs_CZ\" \/>\n<meta property=\"og:type\" content=\"article\" \/>\n<meta property=\"og:title\" content=\"T\u1ea5m x\u1ed1p EPE \u0111\u00f3ng g\u00f3i | Tu\u1ef3 ch\u1ec9nh theo y\u00eau c\u1ea7u - Nh\u00e0 s\u1ea3n xu\u1ea5t b\u1ecdt Polyethylene m\u1edf r\u1ed9ng\" \/>\n<meta property=\"og:description\" content=\"T\u1ea5m x\u1ed1p EPE \u0111\u00f3ng g\u00f3i ch\u1ed1ng va \u0111\u1eadp, ch\u1ed1ng tr\u1ea7y x\u01b0\u1edbc, b\u1ea3o v\u1ec7 h\u00e0ng h\u00f3a hi\u1ec7u qu\u1ea3 trong v\u1eadn chuy\u1ec3n. D\u1ec5 c\u1eaft g\u1ecdt, nh\u1eb9 v\u00e0 s\u1eed d\u1ee5ng linh ho\u1ea1t.\" \/>\n<meta property=\"og:url\" content=\"https:\/\/epe.vn\/cs\/manufacturer\/tam-xop-epe-dong-goi\/\" \/>\n<meta property=\"og:site_name\" content=\"Nh\u00e0 s\u1ea3n xu\u1ea5t b\u1ecdt Polyethylene m\u1edf r\u1ed9ng\" \/>\n<meta property=\"article:modified_time\" content=\"2025-05-06T01:27:46+00:00\" \/>\n<meta property=\"og:image\" content=\"https:\/\/epe.vn\/wp-content\/uploads\/2025\/05\/tam-xop-epe-dong-goi.webp\" \/>\n\t<meta property=\"og:image:width\" content=\"800\" \/>\n\t<meta property=\"og:image:height\" content=\"800\" \/>\n\t<meta property=\"og:image:type\" content=\"image\/webp\" \/>\n<meta name=\"twitter:card\" content=\"summary_large_image\" \/>\n<meta name=\"twitter:label1\" content=\"Odhadovan\u00e1 doba \u010dten\u00ed\" \/>\n\t<meta name=\"twitter:data1\" content=\"2 minuty\" \/>\n<script type=\"application\/ld+json\" class=\"yoast-schema-graph\">{\"@context\":\"https:\/\/schema.org\",\"@graph\":[{\"@type\":\"WebPage\",\"@id\":\"https:\/\/epe.vn\/manufacturer\/tam-xop-epe-dong-goi\/\",\"url\":\"https:\/\/epe.vn\/manufacturer\/tam-xop-epe-dong-goi\/\",\"name\":\"T\u1ea5m x\u1ed1p EPE \u0111\u00f3ng g\u00f3i | Tu\u1ef3 ch\u1ec9nh theo y\u00eau c\u1ea7u - Nh\u00e0 s\u1ea3n xu\u1ea5t b\u1ecdt Polyethylene m\u1edf r\u1ed9ng\",\"isPartOf\":{\"@id\":\"https:\/\/epe.vn\/#website\"},\"primaryImageOfPage\":{\"@id\":\"https:\/\/epe.vn\/manufacturer\/tam-xop-epe-dong-goi\/#primaryimage\"},\"image\":{\"@id\":\"https:\/\/epe.vn\/manufacturer\/tam-xop-epe-dong-goi\/#primaryimage\"},\"thumbnailUrl\":\"https:\/\/epe.vn\/wp-content\/uploads\/2025\/05\/tam-xop-epe-dong-goi.webp\",\"datePublished\":\"2025-05-06T01:27:45+00:00\",\"dateModified\":\"2025-05-06T01:27:46+00:00\",\"description\":\"T\u1ea5m x\u1ed1p EPE \u0111\u00f3ng g\u00f3i ch\u1ed1ng va \u0111\u1eadp, ch\u1ed1ng tr\u1ea7y x\u01b0\u1edbc, b\u1ea3o v\u1ec7 h\u00e0ng h\u00f3a hi\u1ec7u qu\u1ea3 trong v\u1eadn chuy\u1ec3n. D\u1ec5 c\u1eaft g\u1ecdt, nh\u1eb9 v\u00e0 s\u1eed d\u1ee5ng linh ho\u1ea1t.\",\"breadcrumb\":{\"@id\":\"https:\/\/epe.vn\/manufacturer\/tam-xop-epe-dong-goi\/#breadcrumb\"},\"inLanguage\":\"cs\",\"potentialAction\":[{\"@type\":\"ReadAction\",\"target\":[\"https:\/\/epe.vn\/manufacturer\/tam-xop-epe-dong-goi\/\"]}]},{\"@type\":\"ImageObject\",\"inLanguage\":\"cs\",\"@id\":\"https:\/\/epe.vn\/manufacturer\/tam-xop-epe-dong-goi\/#primaryimage\",\"url\":\"https:\/\/epe.vn\/wp-content\/uploads\/2025\/05\/tam-xop-epe-dong-goi.webp\",\"contentUrl\":\"https:\/\/epe.vn\/wp-content\/uploads\/2025\/05\/tam-xop-epe-dong-goi.webp\",\"width\":800,\"height\":800,\"caption\":\"ta\u0302\u0301m xo\u0302\u0301p epe \u0111o\u0301ng go\u0301i\"},{\"@type\":\"BreadcrumbList\",\"@id\":\"https:\/\/epe.vn\/manufacturer\/tam-xop-epe-dong-goi\/#breadcrumb\",\"itemListElement\":[{\"@type\":\"ListItem\",\"position\":1,\"name\":\"Home\",\"item\":\"https:\/\/epe.vn\/\"},{\"@type\":\"ListItem\",\"position\":2,\"name\":\"Shop\",\"item\":\"https:\/\/epe.vn\/shop\/\"},{\"@type\":\"ListItem\",\"position\":3,\"name\":\"T\u1ea5m x\u1ed1p EPE \u0111\u00f3ng g\u00f3i | Tu\u1ef3 ch\u1ec9nh theo y\u00eau c\u1ea7u\"}]},{\"@type\":\"WebSite\",\"@id\":\"https:\/\/epe.vn\/#website\",\"url\":\"https:\/\/epe.vn\/\",\"name\":\"Nh\u00e0 s\u1ea3n xu\u1ea5t b\u1ecdt Polyethylene m\u1edf r\u1ed9ng\",\"description\":\"Nh\u00e0 cung c\u1ea5p bao b\u00ec v\u1ec9 x\u1ed1p polyethylene m\u1edf r\u1ed9ng v\u00e0 t\u00fai PE\",\"potentialAction\":[{\"@type\":\"SearchAction\",\"target\":{\"@type\":\"EntryPoint\",\"urlTemplate\":\"https:\/\/epe.vn\/?s={search_term_string}\"},\"query-input\":{\"@type\":\"PropertyValueSpecification\",\"valueRequired\":true,\"valueName\":\"search_term_string\"}}],\"inLanguage\":\"cs\"}]}<\/script>\n<!-- \/ Yoast SEO plugin. -->","yoast_head_json":{"title":"T\u1ea5m x\u1ed1p EPE \u0111\u00f3ng g\u00f3i | Tu\u1ef3 ch\u1ec9nh theo y\u00eau c\u1ea7u - Nh\u00e0 s\u1ea3n xu\u1ea5t b\u1ecdt Polyethylene m\u1edf r\u1ed9ng","description":"T\u1ea5m x\u1ed1p EPE \u0111\u00f3ng g\u00f3i ch\u1ed1ng va \u0111\u1eadp, ch\u1ed1ng tr\u1ea7y x\u01b0\u1edbc, b\u1ea3o v\u1ec7 h\u00e0ng h\u00f3a hi\u1ec7u qu\u1ea3 trong v\u1eadn chuy\u1ec3n. D\u1ec5 c\u1eaft g\u1ecdt, nh\u1eb9 v\u00e0 s\u1eed d\u1ee5ng linh ho\u1ea1t.","robots":{"index":"index","follow":"follow","max-snippet":"max-snippet:-1","max-image-preview":"max-image-preview:large","max-video-preview":"max-video-preview:-1"},"canonical":"https:\/\/epe.vn\/cs\/manufacturer\/tam-xop-epe-dong-goi\/","og_locale":"cs_CZ","og_type":"article","og_title":"T\u1ea5m x\u1ed1p EPE \u0111\u00f3ng g\u00f3i | Tu\u1ef3 ch\u1ec9nh theo y\u00eau c\u1ea7u - Nh\u00e0 s\u1ea3n xu\u1ea5t b\u1ecdt Polyethylene m\u1edf r\u1ed9ng","og_description":"T\u1ea5m x\u1ed1p EPE \u0111\u00f3ng g\u00f3i ch\u1ed1ng va \u0111\u1eadp, ch\u1ed1ng tr\u1ea7y x\u01b0\u1edbc, b\u1ea3o v\u1ec7 h\u00e0ng h\u00f3a hi\u1ec7u qu\u1ea3 trong v\u1eadn chuy\u1ec3n. D\u1ec5 c\u1eaft g\u1ecdt, nh\u1eb9 v\u00e0 s\u1eed d\u1ee5ng linh ho\u1ea1t.","og_url":"https:\/\/epe.vn\/cs\/manufacturer\/tam-xop-epe-dong-goi\/","og_site_name":"Nh\u00e0 s\u1ea3n xu\u1ea5t b\u1ecdt Polyethylene m\u1edf r\u1ed9ng","article_modified_time":"2025-05-06T01:27:46+00:00","og_image":[{"width":800,"height":800,"url":"https:\/\/epe.vn\/wp-content\/uploads\/2025\/05\/tam-xop-epe-dong-goi.webp","type":"image\/webp"}],"twitter_card":"summary_large_image","twitter_misc":{"Odhadovan\u00e1 doba \u010dten\u00ed":"2 minuty"},"schema":{"@context":"https:\/\/schema.org","@graph":[{"@type":"WebPage","@id":"https:\/\/epe.vn\/manufacturer\/tam-xop-epe-dong-goi\/","url":"https:\/\/epe.vn\/manufacturer\/tam-xop-epe-dong-goi\/","name":"T\u1ea5m x\u1ed1p EPE \u0111\u00f3ng g\u00f3i | Tu\u1ef3 ch\u1ec9nh theo y\u00eau c\u1ea7u - Nh\u00e0 s\u1ea3n xu\u1ea5t b\u1ecdt Polyethylene m\u1edf r\u1ed9ng","isPartOf":{"@id":"https:\/\/epe.vn\/#website"},"primaryImageOfPage":{"@id":"https:\/\/epe.vn\/manufacturer\/tam-xop-epe-dong-goi\/#primaryimage"},"image":{"@id":"https:\/\/epe.vn\/manufacturer\/tam-xop-epe-dong-goi\/#primaryimage"},"thumbnailUrl":"https:\/\/epe.vn\/wp-content\/uploads\/2025\/05\/tam-xop-epe-dong-goi.webp","datePublished":"2025-05-06T01:27:45+00:00","dateModified":"2025-05-06T01:27:46+00:00","description":"T\u1ea5m x\u1ed1p EPE \u0111\u00f3ng g\u00f3i ch\u1ed1ng va \u0111\u1eadp, ch\u1ed1ng tr\u1ea7y x\u01b0\u1edbc, b\u1ea3o v\u1ec7 h\u00e0ng h\u00f3a hi\u1ec7u qu\u1ea3 trong v\u1eadn chuy\u1ec3n. D\u1ec5 c\u1eaft g\u1ecdt, nh\u1eb9 v\u00e0 s\u1eed d\u1ee5ng linh ho\u1ea1t.","breadcrumb":{"@id":"https:\/\/epe.vn\/manufacturer\/tam-xop-epe-dong-goi\/#breadcrumb"},"inLanguage":"cs","potentialAction":[{"@type":"ReadAction","target":["https:\/\/epe.vn\/manufacturer\/tam-xop-epe-dong-goi\/"]}]},{"@type":"ImageObject","inLanguage":"cs","@id":"https:\/\/epe.vn\/manufacturer\/tam-xop-epe-dong-goi\/#primaryimage","url":"https:\/\/epe.vn\/wp-content\/uploads\/2025\/05\/tam-xop-epe-dong-goi.webp","contentUrl":"https:\/\/epe.vn\/wp-content\/uploads\/2025\/05\/tam-xop-epe-dong-goi.webp","width":800,"height":800,"caption":"ta\u0302\u0301m xo\u0302\u0301p epe \u0111o\u0301ng go\u0301i"},{"@type":"BreadcrumbList","@id":"https:\/\/epe.vn\/manufacturer\/tam-xop-epe-dong-goi\/#breadcrumb","itemListElement":[{"@type":"ListItem","position":1,"name":"Home","item":"https:\/\/epe.vn\/"},{"@type":"ListItem","position":2,"name":"Shop","item":"https:\/\/epe.vn\/shop\/"},{"@type":"ListItem","position":3,"name":"T\u1ea5m x\u1ed1p EPE \u0111\u00f3ng g\u00f3i | Tu\u1ef3 ch\u1ec9nh theo y\u00eau c\u1ea7u"}]},{"@type":"WebSite","@id":"https:\/\/epe.vn\/#website","url":"https:\/\/epe.vn\/","name":"Nh\u00e0 s\u1ea3n xu\u1ea5t b\u1ecdt Polyethylene m\u1edf r\u1ed9ng","description":"Nh\u00e0 cung c\u1ea5p bao b\u00ec v\u1ec9 x\u1ed1p polyethylene m\u1edf r\u1ed9ng v\u00e0 t\u00fai PE","potentialAction":[{"@type":"SearchAction","target":{"@type":"EntryPoint","urlTemplate":"https:\/\/epe.vn\/?s={search_term_string}"},"query-input":{"@type":"PropertyValueSpecification","valueRequired":true,"valueName":"search_term_string"}}],"inLanguage":"cs"}]}},"_links":{"self":[{"href":"https:\/\/epe.vn\/cs\/wp-json\/wp\/v2\/product\/2194","targetHints":{"allow":["GET"]}}],"collection":[{"href":"https:\/\/epe.vn\/cs\/wp-json\/wp\/v2\/product"}],"about":[{"href":"https:\/\/epe.vn\/cs\/wp-json\/wp\/v2\/types\/product"}],"replies":[{"embeddable":true,"href":"https:\/\/epe.vn\/cs\/wp-json\/wp\/v2\/comments?post=2194"}],"wp:featuredmedia":[{"embeddable":true,"href":"https:\/\/epe.vn\/cs\/wp-json\/wp\/v2\/media\/2195"}],"wp:attachment":[{"href":"https:\/\/epe.vn\/cs\/wp-json\/wp\/v2\/media?parent=2194"}],"wp:term":[{"taxonomy":"product_cat","embeddable":true,"href":"https:\/\/epe.vn\/cs\/wp-json\/wp\/v2\/product_cat?post=2194"},{"taxonomy":"product_tag","embeddable":true,"href":"https:\/\/epe.vn\/cs\/wp-json\/wp\/v2\/product_tag?post=2194"}],"curies":[{"name":"wp","href":"https:\/\/api.w.org\/{rel}","templated":true}]}}