{"id":2404,"date":"2025-05-17T16:01:57","date_gmt":"2025-05-17T09:01:57","guid":{"rendered":"https:\/\/epe.vn\/?post_type=product&#038;p=2404"},"modified":"2025-05-17T16:01:57","modified_gmt":"2025-05-17T09:01:57","slug":"cuon-xop-epe-trang-bac-cach-nhiet","status":"publish","type":"product","link":"https:\/\/epe.vn\/cs\/manufacturer\/cuon-xop-epe-trang-bac-cach-nhiet\/","title":{"rendered":"Cu\u1ed9n x\u1ed1p EPE tr\u00e1ng b\u1ea1c c\u00e1ch nhi\u1ec7t | Ch\u1ed1ng va \u0111\u1eadp hi\u1ec7u qu\u1ea3"},"content":{"rendered":"<h2><span style=\"font-weight: 400;\">Th\u00f4ng tin s\u1ea3n ph\u1ea9m:<\/span><\/h2>\n<table>\n<tbody>\n<tr>\n<td><b>Thu\u1ed9c t\u00ednh<\/b><\/td>\n<td><b>Th\u00f4ng tin chi ti\u1ebft<\/b><\/td>\n<\/tr>\n<tr>\n<td><b>N\u00e1zev produktu<\/b><\/td>\n<td><span style=\"font-weight: 400;\">Cu\u1ed9n x\u1ed1p EPE tr\u00e1ng b\u1ea1c c\u00e1ch nhi\u1ec7t<\/span><\/td>\n<\/tr>\n<tr>\n<td><b>Materi\u00e1l<\/b><\/td>\n<td><span style=\"font-weight: 400;\">X\u1ed1p EPE (Expanded Polyethylene) + M\u00e0ng b\u1ea1c PE\/MPET<\/span><\/td>\n<\/tr>\n<tr>\n<td><b>Barva<\/b><\/td>\n<td><span style=\"font-weight: 400;\">Tr\u1eafng (x\u1ed1p) \u2013 B\u1ea1c (m\u1eb7t tr\u00e1ng)<\/span><\/td>\n<\/tr>\n<tr>\n<td><b>\u0110\u1ed9 d\u00e0y ph\u1ed5 bi\u1ebfn<\/b><\/td>\n<td><span style=\"font-weight: 400;\">3mm, 5mm, 10mm (c\u00f3 th\u1ec3 \u0111\u1eb7t theo y\u00eau c\u1ea7u)<\/span><\/td>\n<\/tr>\n<tr>\n<td><b>Kh\u1ed5 r\u1ed9ng<\/b><\/td>\n<td><span style=\"font-weight: 400;\">1m \u2013 1.2m<\/span><\/td>\n<\/tr>\n<tr>\n<td><b>Chi\u1ec1u d\u00e0i cu\u1ed9n<\/b><\/td>\n<td><span style=\"font-weight: 400;\">50m \u2013 100m (tu\u1ef3 \u0111\u1ed9 d\u00e0y)<\/span><\/td>\n<\/tr>\n<tr>\n<td><b>T\u00ednh n\u0103ng n\u1ed5i b\u1eadt<\/b><\/td>\n<td><span style=\"font-weight: 400;\">C\u00e1ch nhi\u1ec7t, c\u00e1ch \u00e2m, ch\u1ed1ng \u1ea9m, ch\u1ed1ng n\u00f3ng<\/span><\/td>\n<\/tr>\n<tr>\n<td><b>\u1ee8ng d\u1ee5ng ph\u1ed5 bi\u1ebfn<\/b><\/td>\n<td><span style=\"font-weight: 400;\">L\u00f3t m\u00e1i t\u00f4n, tr\u1ea7n nh\u00e0, v\u00e1ch t\u01b0\u1eddng, kho l\u1ea1nh, container<\/span><\/td>\n<\/tr>\n<tr>\n<td><b>Recyklovatelnost<\/b><\/td>\n<td><span style=\"font-weight: 400;\">C\u00f3<\/span><\/td>\n<\/tr>\n<\/tbody>\n<\/table>\n<h2><span style=\"font-weight: 400;\">Ch\u1ee9c n\u0103ng ch\u00ednh c\u1ee7a cu\u1ed9n x\u1ed1p EPE tr\u00e1ng b\u1ea1c c\u00e1ch nhi\u1ec7t:<\/span><\/h2>\n<ul>\n<li style=\"font-weight: 400;\" aria-level=\"1\"><b>C\u00e1ch nhi\u1ec7t hi\u1ec7u qu\u1ea3:<\/b><span style=\"font-weight: 400;\"> Ng\u0103n ch\u1eb7n s\u1ef1 truy\u1ec1n nhi\u1ec7t t\u1eeb m\u00f4i tr\u01b0\u1eddng b\u00ean ngo\u00e0i v\u00e0o trong nh\u00e0 x\u01b0\u1edfng, kho b\u00e3i, nh\u00e0 d\u00e2n d\u1ee5ng.<\/span><\/li>\n<li style=\"font-weight: 400;\" aria-level=\"1\"><b>Ch\u1ed1ng n\u00f3ng m\u00e1i t\u00f4n:<\/b><span style=\"font-weight: 400;\"> Gi\u1ea3m r\u00f5 r\u1ec7t nhi\u1ec7t \u0111\u1ed9 trong nh\u00e0 v\u00e0o m\u00f9a h\u00e8.<\/span><\/li>\n<li style=\"font-weight: 400;\" aria-level=\"1\"><b>Ch\u1ed1ng \u1ea9m, ch\u1ed1ng th\u1ea5m:<\/b><span style=\"font-weight: 400;\"> Ng\u0103n h\u01a1i n\u01b0\u1edbc v\u00e0 \u0111\u1ed9 \u1ea9m x\u00e2m nh\u1eadp v\u00e0o b\u00ean trong.<\/span><\/li>\n<li style=\"font-weight: 400;\" aria-level=\"1\"><b>C\u00e1ch \u00e2m:<\/b><span style=\"font-weight: 400;\"> H\u1ea1n ch\u1ebf ti\u1ebfng \u1ed3n t\u1eeb m\u00e1i t\u00f4n, m\u00f4i tr\u01b0\u1eddng c\u00f4ng nghi\u1ec7p ho\u1eb7c khu d\u00e2n c\u01b0 \u0111\u00f4ng \u0111\u00fac.<\/span><\/li>\n<\/ul>\n<h2><span style=\"font-weight: 400;\">\u01afu \u0111i\u1ec3m n\u1ed5i b\u1eadt:<\/span><\/h2>\n<ul>\n<li style=\"font-weight: 400;\" aria-level=\"1\"><b>Tr\u1ecdng l\u01b0\u1ee3ng nh\u1eb9, d\u1ec5 thi c\u00f4ng:<\/b><span style=\"font-weight: 400;\"> D\u1ec5 l\u1eafp \u0111\u1eb7t, kh\u00f4ng c\u1ea7n c\u00f4ng c\u1ee5 chuy\u00ean d\u1ee5ng.<\/span><\/li>\n<li style=\"font-weight: 400;\" aria-level=\"1\"><b>B\u1ec1n, ch\u1ecbu \u0111\u01b0\u1ee3c m\u00f4i tr\u01b0\u1eddng kh\u1eafc nghi\u1ec7t:<\/b><span style=\"font-weight: 400;\"> Kh\u00f4ng m\u1ee5c n\u00e1t, kh\u00f4ng b\u1ecb oxy ho\u00e1.<\/span><span style=\"font-weight: 400;\"><br \/>\n<\/span><b>Th\u00e2n thi\u1ec7n m\u00f4i tr\u01b0\u1eddng:<\/b><span style=\"font-weight: 400;\"> Kh\u00f4ng ch\u1ee9a ch\u1ea5t \u0111\u1ed9c h\u1ea1i, c\u00f3 th\u1ec3 t\u00e1i ch\u1ebf.<\/span><\/li>\n<li style=\"font-weight: 400;\" aria-level=\"1\"><b>Chi ph\u00ed h\u1ee3p l\u00fd:<\/b><span style=\"font-weight: 400;\"> Gi\u1ea3i ph\u00e1p ti\u1ebft ki\u1ec7m cho c\u00e1ch nhi\u1ec7t d\u00e2n d\u1ee5ng v\u00e0 c\u00f4ng nghi\u1ec7p.<\/span><\/li>\n<\/ul>","protected":false},"excerpt":{"rendered":"<p><b>Cu\u1ed9n x\u1ed1p EPE tr\u00e1ng b\u1ea1c c\u00e1ch nhi\u1ec7t<\/b><span style=\"font-weight: 400;\"> l\u00e0 gi\u1ea3i ph\u00e1p l\u00fd t\u01b0\u1edfng trong x\u00e2y d\u1ef1ng v\u00e0 c\u00f4ng nghi\u1ec7p nh\u1eb1m ch\u1ed1ng n\u00f3ng, c\u00e1ch \u00e2m, ch\u1ed1ng \u1ea9m hi\u1ec7u qu\u1ea3. S\u1ea3n ph\u1ea9m \u0111\u01b0\u1ee3c c\u1ea5u t\u1ea1o t\u1eeb l\u1edbp x\u1ed1p EPE c\u00f3 \u0111\u1ed9 \u0111\u00e0n h\u1ed3i cao k\u1ebft h\u1ee3p l\u1edbp m\u00e0ng b\u1ea1c ph\u1ea3n x\u1ea1 nhi\u1ec7t, gi\u00fap ng\u0103n b\u1ee9c x\u1ea1 nhi\u1ec7t v\u00e0 gi\u1eef nhi\u1ec7t \u1ed5n \u0111\u1ecbnh. Nh\u1edd \u0111\u1eb7c t\u00ednh nh\u1eb9, b\u1ec1n v\u00e0 d\u1ec5 thi c\u00f4ng, x\u1ed1p EPE tr\u00e1ng b\u1ea1c \u0111ang l\u00e0 v\u1eadt li\u1ec7u c\u00e1ch nhi\u1ec7t ph\u1ed5 bi\u1ebfn t\u1ea1i nh\u00e0 x\u01b0\u1edfng, v\u0103n ph\u00f2ng, kho l\u1ea1nh v\u00e0 c\u00f4ng tr\u00ecnh d\u00e2n d\u1ee5ng.<\/span><\/p>","protected":false},"featured_media":2405,"comment_status":"open","ping_status":"closed","template":"","meta":[],"product_cat":[37],"product_tag":[70,48,60,73],"class_list":{"0":"post-2404","1":"product","2":"type-product","3":"status-publish","4":"has-post-thumbnail","6":"product_cat-cuon-mut-xop","7":"product_tag-cuon-xop-epe","8":"product_tag-epe-foam","9":"product_tag-tuy-chinh-xop-epe","10":"product_tag-xop-epe-foam","12":"first","13":"instock","14":"shipping-taxable","15":"product-type-simple"},"yoast_head":"<!-- This site is optimized with the Yoast SEO plugin v23.4 - https:\/\/yoast.com\/wordpress\/plugins\/seo\/ -->\n<title>Cu\u1ed9n x\u1ed1p EPE tr\u00e1ng b\u1ea1c c\u00e1ch nhi\u1ec7t | Ch\u1ed1ng va \u0111\u1eadp hi\u1ec7u qu\u1ea3 - Nh\u00e0 s\u1ea3n xu\u1ea5t b\u1ecdt Polyethylene m\u1edf r\u1ed9ng<\/title>\n<meta name=\"description\" content=\"Cu\u1ed9n x\u1ed1p EPE tr\u00e1ng b\u1ea1c gi\u00fap c\u00e1ch nhi\u1ec7t, ch\u1ed1ng n\u00f3ng, ch\u1ed1ng \u1ea9m, d\u1ec5 thi c\u00f4ng, l\u00fd t\u01b0\u1edfng cho m\u00e1i t\u00f4n, nh\u00e0 x\u01b0\u1edfng, container v\u00e0 kho l\u1ea1nh.\" \/>\n<meta name=\"robots\" content=\"index, follow, max-snippet:-1, max-image-preview:large, max-video-preview:-1\" \/>\n<link rel=\"canonical\" href=\"https:\/\/epe.vn\/cs\/manufacturer\/cuon-xop-epe-trang-bac-cach-nhiet\/\" \/>\n<meta property=\"og:locale\" content=\"cs_CZ\" \/>\n<meta property=\"og:type\" content=\"article\" \/>\n<meta property=\"og:title\" content=\"Cu\u1ed9n x\u1ed1p EPE tr\u00e1ng b\u1ea1c c\u00e1ch nhi\u1ec7t | Ch\u1ed1ng va \u0111\u1eadp hi\u1ec7u qu\u1ea3 - Nh\u00e0 s\u1ea3n xu\u1ea5t b\u1ecdt Polyethylene m\u1edf r\u1ed9ng\" \/>\n<meta property=\"og:description\" content=\"Cu\u1ed9n x\u1ed1p EPE tr\u00e1ng b\u1ea1c gi\u00fap c\u00e1ch nhi\u1ec7t, ch\u1ed1ng n\u00f3ng, ch\u1ed1ng \u1ea9m, d\u1ec5 thi c\u00f4ng, l\u00fd t\u01b0\u1edfng cho m\u00e1i t\u00f4n, nh\u00e0 x\u01b0\u1edfng, container v\u00e0 kho l\u1ea1nh.\" \/>\n<meta property=\"og:url\" content=\"https:\/\/epe.vn\/cs\/manufacturer\/cuon-xop-epe-trang-bac-cach-nhiet\/\" \/>\n<meta property=\"og:site_name\" content=\"Nh\u00e0 s\u1ea3n xu\u1ea5t b\u1ecdt Polyethylene m\u1edf r\u1ed9ng\" \/>\n<meta property=\"og:image\" content=\"https:\/\/epe.vn\/wp-content\/uploads\/2025\/05\/cuon-xop-EPE-trang-bac-cach-nhiet.png\" \/>\n\t<meta property=\"og:image:width\" content=\"800\" \/>\n\t<meta property=\"og:image:height\" content=\"800\" \/>\n\t<meta property=\"og:image:type\" content=\"image\/png\" \/>\n<meta name=\"twitter:card\" content=\"summary_large_image\" \/>\n<meta name=\"twitter:label1\" content=\"Odhadovan\u00e1 doba \u010dten\u00ed\" \/>\n\t<meta name=\"twitter:data1\" content=\"2 minuty\" \/>\n<script type=\"application\/ld+json\" class=\"yoast-schema-graph\">{\"@context\":\"https:\/\/schema.org\",\"@graph\":[{\"@type\":\"WebPage\",\"@id\":\"https:\/\/epe.vn\/manufacturer\/cuon-xop-epe-trang-bac-cach-nhiet\/\",\"url\":\"https:\/\/epe.vn\/manufacturer\/cuon-xop-epe-trang-bac-cach-nhiet\/\",\"name\":\"Cu\u1ed9n x\u1ed1p EPE tr\u00e1ng b\u1ea1c c\u00e1ch nhi\u1ec7t | Ch\u1ed1ng va \u0111\u1eadp hi\u1ec7u qu\u1ea3 - Nh\u00e0 s\u1ea3n xu\u1ea5t b\u1ecdt Polyethylene m\u1edf r\u1ed9ng\",\"isPartOf\":{\"@id\":\"https:\/\/epe.vn\/#website\"},\"primaryImageOfPage\":{\"@id\":\"https:\/\/epe.vn\/manufacturer\/cuon-xop-epe-trang-bac-cach-nhiet\/#primaryimage\"},\"image\":{\"@id\":\"https:\/\/epe.vn\/manufacturer\/cuon-xop-epe-trang-bac-cach-nhiet\/#primaryimage\"},\"thumbnailUrl\":\"https:\/\/epe.vn\/wp-content\/uploads\/2025\/05\/cuon-xop-EPE-trang-bac-cach-nhiet.png\",\"datePublished\":\"2025-05-17T09:01:57+00:00\",\"dateModified\":\"2025-05-17T09:01:57+00:00\",\"description\":\"Cu\u1ed9n x\u1ed1p EPE tr\u00e1ng b\u1ea1c gi\u00fap c\u00e1ch nhi\u1ec7t, ch\u1ed1ng n\u00f3ng, ch\u1ed1ng \u1ea9m, d\u1ec5 thi c\u00f4ng, l\u00fd t\u01b0\u1edfng cho m\u00e1i t\u00f4n, nh\u00e0 x\u01b0\u1edfng, container v\u00e0 kho l\u1ea1nh.\",\"breadcrumb\":{\"@id\":\"https:\/\/epe.vn\/manufacturer\/cuon-xop-epe-trang-bac-cach-nhiet\/#breadcrumb\"},\"inLanguage\":\"cs\",\"potentialAction\":[{\"@type\":\"ReadAction\",\"target\":[\"https:\/\/epe.vn\/manufacturer\/cuon-xop-epe-trang-bac-cach-nhiet\/\"]}]},{\"@type\":\"ImageObject\",\"inLanguage\":\"cs\",\"@id\":\"https:\/\/epe.vn\/manufacturer\/cuon-xop-epe-trang-bac-cach-nhiet\/#primaryimage\",\"url\":\"https:\/\/epe.vn\/wp-content\/uploads\/2025\/05\/cuon-xop-EPE-trang-bac-cach-nhiet.png\",\"contentUrl\":\"https:\/\/epe.vn\/wp-content\/uploads\/2025\/05\/cuon-xop-EPE-trang-bac-cach-nhiet.png\",\"width\":800,\"height\":800,\"caption\":\"cuo\u0323\u0302n xo\u0302\u0301p EPE tra\u0301ng ba\u0323c ca\u0301ch nhie\u0323\u0302t\"},{\"@type\":\"BreadcrumbList\",\"@id\":\"https:\/\/epe.vn\/manufacturer\/cuon-xop-epe-trang-bac-cach-nhiet\/#breadcrumb\",\"itemListElement\":[{\"@type\":\"ListItem\",\"position\":1,\"name\":\"Home\",\"item\":\"https:\/\/epe.vn\/\"},{\"@type\":\"ListItem\",\"position\":2,\"name\":\"Shop\",\"item\":\"https:\/\/epe.vn\/shop\/\"},{\"@type\":\"ListItem\",\"position\":3,\"name\":\"Cu\u1ed9n x\u1ed1p EPE tr\u00e1ng b\u1ea1c c\u00e1ch nhi\u1ec7t | Ch\u1ed1ng va \u0111\u1eadp hi\u1ec7u qu\u1ea3\"}]},{\"@type\":\"WebSite\",\"@id\":\"https:\/\/epe.vn\/#website\",\"url\":\"https:\/\/epe.vn\/\",\"name\":\"Nh\u00e0 s\u1ea3n xu\u1ea5t b\u1ecdt Polyethylene m\u1edf r\u1ed9ng\",\"description\":\"Nh\u00e0 cung c\u1ea5p bao b\u00ec v\u1ec9 x\u1ed1p polyethylene m\u1edf r\u1ed9ng v\u00e0 t\u00fai PE\",\"potentialAction\":[{\"@type\":\"SearchAction\",\"target\":{\"@type\":\"EntryPoint\",\"urlTemplate\":\"https:\/\/epe.vn\/?s={search_term_string}\"},\"query-input\":{\"@type\":\"PropertyValueSpecification\",\"valueRequired\":true,\"valueName\":\"search_term_string\"}}],\"inLanguage\":\"cs\"}]}<\/script>\n<!-- \/ Yoast SEO plugin. -->","yoast_head_json":{"title":"Cu\u1ed9n x\u1ed1p EPE tr\u00e1ng b\u1ea1c c\u00e1ch nhi\u1ec7t | Ch\u1ed1ng va \u0111\u1eadp hi\u1ec7u qu\u1ea3 - Nh\u00e0 s\u1ea3n xu\u1ea5t b\u1ecdt Polyethylene m\u1edf r\u1ed9ng","description":"Cu\u1ed9n x\u1ed1p EPE tr\u00e1ng b\u1ea1c gi\u00fap c\u00e1ch nhi\u1ec7t, ch\u1ed1ng n\u00f3ng, ch\u1ed1ng \u1ea9m, d\u1ec5 thi c\u00f4ng, l\u00fd t\u01b0\u1edfng cho m\u00e1i t\u00f4n, nh\u00e0 x\u01b0\u1edfng, container v\u00e0 kho l\u1ea1nh.","robots":{"index":"index","follow":"follow","max-snippet":"max-snippet:-1","max-image-preview":"max-image-preview:large","max-video-preview":"max-video-preview:-1"},"canonical":"https:\/\/epe.vn\/cs\/manufacturer\/cuon-xop-epe-trang-bac-cach-nhiet\/","og_locale":"cs_CZ","og_type":"article","og_title":"Cu\u1ed9n x\u1ed1p EPE tr\u00e1ng b\u1ea1c c\u00e1ch nhi\u1ec7t | Ch\u1ed1ng va \u0111\u1eadp hi\u1ec7u qu\u1ea3 - Nh\u00e0 s\u1ea3n xu\u1ea5t b\u1ecdt Polyethylene m\u1edf r\u1ed9ng","og_description":"Cu\u1ed9n x\u1ed1p EPE tr\u00e1ng b\u1ea1c gi\u00fap c\u00e1ch nhi\u1ec7t, ch\u1ed1ng n\u00f3ng, ch\u1ed1ng \u1ea9m, d\u1ec5 thi c\u00f4ng, l\u00fd t\u01b0\u1edfng cho m\u00e1i t\u00f4n, nh\u00e0 x\u01b0\u1edfng, container v\u00e0 kho l\u1ea1nh.","og_url":"https:\/\/epe.vn\/cs\/manufacturer\/cuon-xop-epe-trang-bac-cach-nhiet\/","og_site_name":"Nh\u00e0 s\u1ea3n xu\u1ea5t b\u1ecdt Polyethylene m\u1edf r\u1ed9ng","og_image":[{"width":800,"height":800,"url":"https:\/\/epe.vn\/wp-content\/uploads\/2025\/05\/cuon-xop-EPE-trang-bac-cach-nhiet.png","type":"image\/png"}],"twitter_card":"summary_large_image","twitter_misc":{"Odhadovan\u00e1 doba \u010dten\u00ed":"2 minuty"},"schema":{"@context":"https:\/\/schema.org","@graph":[{"@type":"WebPage","@id":"https:\/\/epe.vn\/manufacturer\/cuon-xop-epe-trang-bac-cach-nhiet\/","url":"https:\/\/epe.vn\/manufacturer\/cuon-xop-epe-trang-bac-cach-nhiet\/","name":"Cu\u1ed9n x\u1ed1p EPE tr\u00e1ng b\u1ea1c c\u00e1ch nhi\u1ec7t | Ch\u1ed1ng va \u0111\u1eadp hi\u1ec7u qu\u1ea3 - Nh\u00e0 s\u1ea3n xu\u1ea5t b\u1ecdt Polyethylene m\u1edf r\u1ed9ng","isPartOf":{"@id":"https:\/\/epe.vn\/#website"},"primaryImageOfPage":{"@id":"https:\/\/epe.vn\/manufacturer\/cuon-xop-epe-trang-bac-cach-nhiet\/#primaryimage"},"image":{"@id":"https:\/\/epe.vn\/manufacturer\/cuon-xop-epe-trang-bac-cach-nhiet\/#primaryimage"},"thumbnailUrl":"https:\/\/epe.vn\/wp-content\/uploads\/2025\/05\/cuon-xop-EPE-trang-bac-cach-nhiet.png","datePublished":"2025-05-17T09:01:57+00:00","dateModified":"2025-05-17T09:01:57+00:00","description":"Cu\u1ed9n x\u1ed1p EPE tr\u00e1ng b\u1ea1c gi\u00fap c\u00e1ch nhi\u1ec7t, ch\u1ed1ng n\u00f3ng, ch\u1ed1ng \u1ea9m, d\u1ec5 thi c\u00f4ng, l\u00fd t\u01b0\u1edfng cho m\u00e1i t\u00f4n, nh\u00e0 x\u01b0\u1edfng, container v\u00e0 kho l\u1ea1nh.","breadcrumb":{"@id":"https:\/\/epe.vn\/manufacturer\/cuon-xop-epe-trang-bac-cach-nhiet\/#breadcrumb"},"inLanguage":"cs","potentialAction":[{"@type":"ReadAction","target":["https:\/\/epe.vn\/manufacturer\/cuon-xop-epe-trang-bac-cach-nhiet\/"]}]},{"@type":"ImageObject","inLanguage":"cs","@id":"https:\/\/epe.vn\/manufacturer\/cuon-xop-epe-trang-bac-cach-nhiet\/#primaryimage","url":"https:\/\/epe.vn\/wp-content\/uploads\/2025\/05\/cuon-xop-EPE-trang-bac-cach-nhiet.png","contentUrl":"https:\/\/epe.vn\/wp-content\/uploads\/2025\/05\/cuon-xop-EPE-trang-bac-cach-nhiet.png","width":800,"height":800,"caption":"cuo\u0323\u0302n xo\u0302\u0301p EPE tra\u0301ng ba\u0323c ca\u0301ch nhie\u0323\u0302t"},{"@type":"BreadcrumbList","@id":"https:\/\/epe.vn\/manufacturer\/cuon-xop-epe-trang-bac-cach-nhiet\/#breadcrumb","itemListElement":[{"@type":"ListItem","position":1,"name":"Home","item":"https:\/\/epe.vn\/"},{"@type":"ListItem","position":2,"name":"Shop","item":"https:\/\/epe.vn\/shop\/"},{"@type":"ListItem","position":3,"name":"Cu\u1ed9n x\u1ed1p EPE tr\u00e1ng b\u1ea1c c\u00e1ch nhi\u1ec7t | Ch\u1ed1ng va \u0111\u1eadp hi\u1ec7u qu\u1ea3"}]},{"@type":"WebSite","@id":"https:\/\/epe.vn\/#website","url":"https:\/\/epe.vn\/","name":"Nh\u00e0 s\u1ea3n xu\u1ea5t b\u1ecdt Polyethylene m\u1edf r\u1ed9ng","description":"Nh\u00e0 cung c\u1ea5p bao b\u00ec v\u1ec9 x\u1ed1p polyethylene m\u1edf r\u1ed9ng v\u00e0 t\u00fai PE","potentialAction":[{"@type":"SearchAction","target":{"@type":"EntryPoint","urlTemplate":"https:\/\/epe.vn\/?s={search_term_string}"},"query-input":{"@type":"PropertyValueSpecification","valueRequired":true,"valueName":"search_term_string"}}],"inLanguage":"cs"}]}},"_links":{"self":[{"href":"https:\/\/epe.vn\/cs\/wp-json\/wp\/v2\/product\/2404","targetHints":{"allow":["GET"]}}],"collection":[{"href":"https:\/\/epe.vn\/cs\/wp-json\/wp\/v2\/product"}],"about":[{"href":"https:\/\/epe.vn\/cs\/wp-json\/wp\/v2\/types\/product"}],"replies":[{"embeddable":true,"href":"https:\/\/epe.vn\/cs\/wp-json\/wp\/v2\/comments?post=2404"}],"wp:featuredmedia":[{"embeddable":true,"href":"https:\/\/epe.vn\/cs\/wp-json\/wp\/v2\/media\/2405"}],"wp:attachment":[{"href":"https:\/\/epe.vn\/cs\/wp-json\/wp\/v2\/media?parent=2404"}],"wp:term":[{"taxonomy":"product_cat","embeddable":true,"href":"https:\/\/epe.vn\/cs\/wp-json\/wp\/v2\/product_cat?post=2404"},{"taxonomy":"product_tag","embeddable":true,"href":"https:\/\/epe.vn\/cs\/wp-json\/wp\/v2\/product_tag?post=2404"}],"curies":[{"name":"wp","href":"https:\/\/api.w.org\/{rel}","templated":true}]}}