{"id":1748,"date":"2025-02-12T16:04:03","date_gmt":"2025-02-12T09:04:03","guid":{"rendered":"https:\/\/epe.vn\/?post_type=product&#038;p=1748"},"modified":"2025-02-12T16:19:31","modified_gmt":"2025-02-12T09:19:31","slug":"cuon-xop-trang-duoc-may-do-rieng-cuon-mut-xop-pe-foam","status":"publish","type":"product","link":"https:\/\/epe.vn\/da\/manufacturer\/cuon-xop-trang-duoc-may-do-rieng-cuon-mut-xop-pe-foam\/","title":{"rendered":"Specialfremstillede hvide skumruller | Pe skumrulle"},"content":{"rendered":"<h2>Tekniske specifikationer<\/h2>\n<table style=\"border-collapse: collapse; width: 475.52pt;\" border=\"0\" width=\"634\" cellspacing=\"0\" cellpadding=\"0\">\n<tbody>\n<tr style=\"height: 14.25pt;\">\n<td class=\"et2\" style=\"height: 14.25pt; width: 165.00pt;\" width=\"220\" height=\"19\"><strong>Produktnavn<\/strong><\/td>\n<td class=\"et2\" style=\"width: 310.50pt;\" width=\"414\">EPE skumrulle EPE skummateriale til emballage<\/td>\n<\/tr>\n<tr style=\"height: 14.25pt;\">\n<td class=\"et2\" style=\"height: 14.25pt;\" height=\"19\"><strong>St\u00f8rrelse<\/strong><\/td>\n<td class=\"et2\">Efter din anmodning<\/td>\n<\/tr>\n<tr style=\"height: 14.25pt;\">\n<td class=\"et2\" style=\"height: 14.25pt;\" height=\"19\"><strong>Farve<\/strong><\/td>\n<td class=\"et2\">Hvid<\/td>\n<\/tr>\n<tr style=\"height: 14.25pt;\">\n<td class=\"et2\" style=\"height: 14.25pt;\" height=\"19\"><strong>Tykkelse<\/strong><\/td>\n<td class=\"et2\">0,5 mm-20 mm<\/td>\n<\/tr>\n<tr style=\"height: 14.25pt;\">\n<td class=\"et2\" style=\"height: 14.25pt;\" height=\"19\"><strong>MOQ<\/strong><\/td>\n<td class=\"et2\">2 ruller<\/td>\n<\/tr>\n<tr style=\"height: 14.25pt;\">\n<td class=\"et2\" style=\"height: 14.25pt;\" height=\"19\"><strong>Trykning<\/strong><\/td>\n<td class=\"et2\">Trykt logo<\/td>\n<\/tr>\n<tr style=\"height: 14.25pt;\">\n<td class=\"et2\" style=\"height: 14.25pt;\" height=\"19\"><strong>Funktioner<\/strong><\/td>\n<td class=\"et2\">St\u00f8dsikker, vandt\u00e6t, milj\u00f8venlig<\/td>\n<\/tr>\n<tr style=\"height: 14.25pt;\">\n<td class=\"et2\" style=\"height: 14.25pt;\" height=\"19\"><strong>Certificering<\/strong><\/td>\n<td class=\"et2\">CE, IOS9001, ROHS<\/td>\n<\/tr>\n<tr style=\"height: 14.25pt;\">\n<td class=\"et2\" style=\"height: 14.25pt;\" height=\"19\"><strong>Bruge<\/strong><\/td>\n<td class=\"et2\">Pakke<\/td>\n<\/tr>\n<tr style=\"height: 14.25pt;\">\n<td class=\"et2\" style=\"height: 14.25pt;\" height=\"19\"><strong>Type<\/strong><\/td>\n<td class=\"et2\">Beskyttende film<\/td>\n<\/tr>\n<\/tbody>\n<\/table>","protected":false},"excerpt":{"rendered":"<p>Leder du efter hvide skumruller eller PE-skum med bestemte st\u00f8rrelser og tykkelser? Vi er specialiserede i at levere disse typer emballagematerialer i henhold til kundernes krav. Vores produkter er af h\u00f8j kvalitet, der opfylder alle behov for produktbeskyttelse, lydisolering og varmeisolering. Kontakt nu for r\u00e5dgivning og bedste tilbud!<\/p>","protected":false},"featured_media":1749,"comment_status":"open","ping_status":"closed","template":"","meta":[],"product_cat":[37],"product_tag":[],"class_list":{"0":"post-1748","1":"product","2":"type-product","3":"status-publish","4":"has-post-thumbnail","6":"product_cat-cuon-mut-xop","8":"first","9":"instock","10":"shipping-taxable","11":"product-type-simple"},"yoast_head":"<!-- This site is optimized with the Yoast SEO plugin v23.4 - https:\/\/yoast.com\/wordpress\/plugins\/seo\/ -->\n<title>Cu\u1ed9n X\u1ed1p Tr\u1eafng \u0110\u01b0\u1ee3c May \u0110o Ri\u00eang | Cu\u1ed9n M\u00fat X\u1ed1p Pe Foam - Nh\u00e0 s\u1ea3n xu\u1ea5t b\u1ecdt Polyethylene m\u1edf r\u1ed9ng<\/title>\n<meta name=\"description\" content=\"Chuy\u00ean cung c\u1ea5p cu\u1ed9n x\u1ed1p tr\u1eafng v\u00e0 m\u00fat x\u1ed1p PE foam may \u0111o theo y\u00eau c\u1ea7u. S\u1ea3n ph\u1ea9m ch\u1ea5t l\u01b0\u1ee3ng, gi\u00e1 c\u1ea3 c\u1ea1nh tranh. Li\u00ean h\u1ec7 ngay!\" \/>\n<meta name=\"robots\" content=\"index, follow, max-snippet:-1, max-image-preview:large, max-video-preview:-1\" \/>\n<link rel=\"canonical\" href=\"https:\/\/epe.vn\/da\/manufacturer\/cuon-xop-trang-duoc-may-do-rieng-cuon-mut-xop-pe-foam\/\" \/>\n<meta property=\"og:locale\" content=\"da_DK\" \/>\n<meta property=\"og:type\" content=\"article\" \/>\n<meta property=\"og:title\" content=\"Cu\u1ed9n X\u1ed1p Tr\u1eafng \u0110\u01b0\u1ee3c May \u0110o Ri\u00eang | Cu\u1ed9n M\u00fat X\u1ed1p Pe Foam - Nh\u00e0 s\u1ea3n xu\u1ea5t b\u1ecdt Polyethylene m\u1edf r\u1ed9ng\" \/>\n<meta property=\"og:description\" content=\"Chuy\u00ean cung c\u1ea5p cu\u1ed9n x\u1ed1p tr\u1eafng v\u00e0 m\u00fat x\u1ed1p PE foam may \u0111o theo y\u00eau c\u1ea7u. S\u1ea3n ph\u1ea9m ch\u1ea5t l\u01b0\u1ee3ng, gi\u00e1 c\u1ea3 c\u1ea1nh tranh. Li\u00ean h\u1ec7 ngay!\" \/>\n<meta property=\"og:url\" content=\"https:\/\/epe.vn\/da\/manufacturer\/cuon-xop-trang-duoc-may-do-rieng-cuon-mut-xop-pe-foam\/\" \/>\n<meta property=\"og:site_name\" content=\"Nh\u00e0 s\u1ea3n xu\u1ea5t b\u1ecdt Polyethylene m\u1edf r\u1ed9ng\" \/>\n<meta property=\"article:modified_time\" content=\"2025-02-12T09:19:31+00:00\" \/>\n<meta property=\"og:image\" content=\"https:\/\/epe.vn\/wp-content\/uploads\/2025\/02\/cuon-mut-xop-pe-foam-3mm.webp\" \/>\n\t<meta property=\"og:image:width\" content=\"1000\" \/>\n\t<meta property=\"og:image:height\" content=\"1000\" \/>\n\t<meta property=\"og:image:type\" content=\"image\/webp\" \/>\n<meta name=\"twitter:card\" content=\"summary_large_image\" \/>\n<meta name=\"twitter:label1\" content=\"Estimeret l\u00e6setid\" \/>\n\t<meta name=\"twitter:data1\" content=\"1 minut\" \/>\n<script type=\"application\/ld+json\" class=\"yoast-schema-graph\">{\"@context\":\"https:\/\/schema.org\",\"@graph\":[{\"@type\":\"WebPage\",\"@id\":\"https:\/\/epe.vn\/manufacturer\/cuon-xop-trang-duoc-may-do-rieng-cuon-mut-xop-pe-foam\/\",\"url\":\"https:\/\/epe.vn\/manufacturer\/cuon-xop-trang-duoc-may-do-rieng-cuon-mut-xop-pe-foam\/\",\"name\":\"Cu\u1ed9n X\u1ed1p Tr\u1eafng \u0110\u01b0\u1ee3c May \u0110o Ri\u00eang | Cu\u1ed9n M\u00fat X\u1ed1p Pe Foam - Nh\u00e0 s\u1ea3n xu\u1ea5t b\u1ecdt Polyethylene m\u1edf r\u1ed9ng\",\"isPartOf\":{\"@id\":\"https:\/\/epe.vn\/#website\"},\"primaryImageOfPage\":{\"@id\":\"https:\/\/epe.vn\/manufacturer\/cuon-xop-trang-duoc-may-do-rieng-cuon-mut-xop-pe-foam\/#primaryimage\"},\"image\":{\"@id\":\"https:\/\/epe.vn\/manufacturer\/cuon-xop-trang-duoc-may-do-rieng-cuon-mut-xop-pe-foam\/#primaryimage\"},\"thumbnailUrl\":\"https:\/\/epe.vn\/wp-content\/uploads\/2025\/02\/cuon-mut-xop-pe-foam-3mm.webp\",\"datePublished\":\"2025-02-12T09:04:03+00:00\",\"dateModified\":\"2025-02-12T09:19:31+00:00\",\"description\":\"Chuy\u00ean cung c\u1ea5p cu\u1ed9n x\u1ed1p tr\u1eafng v\u00e0 m\u00fat x\u1ed1p PE foam may \u0111o theo y\u00eau c\u1ea7u. S\u1ea3n ph\u1ea9m ch\u1ea5t l\u01b0\u1ee3ng, gi\u00e1 c\u1ea3 c\u1ea1nh tranh. Li\u00ean h\u1ec7 ngay!\",\"breadcrumb\":{\"@id\":\"https:\/\/epe.vn\/manufacturer\/cuon-xop-trang-duoc-may-do-rieng-cuon-mut-xop-pe-foam\/#breadcrumb\"},\"inLanguage\":\"da-DK\",\"potentialAction\":[{\"@type\":\"ReadAction\",\"target\":[\"https:\/\/epe.vn\/manufacturer\/cuon-xop-trang-duoc-may-do-rieng-cuon-mut-xop-pe-foam\/\"]}]},{\"@type\":\"ImageObject\",\"inLanguage\":\"da-DK\",\"@id\":\"https:\/\/epe.vn\/manufacturer\/cuon-xop-trang-duoc-may-do-rieng-cuon-mut-xop-pe-foam\/#primaryimage\",\"url\":\"https:\/\/epe.vn\/wp-content\/uploads\/2025\/02\/cuon-mut-xop-pe-foam-3mm.webp\",\"contentUrl\":\"https:\/\/epe.vn\/wp-content\/uploads\/2025\/02\/cuon-mut-xop-pe-foam-3mm.webp\",\"width\":1000,\"height\":1000,\"caption\":\"cu\u1ed9n m\u00fat x\u1ed1p pe foam 3mm\"},{\"@type\":\"BreadcrumbList\",\"@id\":\"https:\/\/epe.vn\/manufacturer\/cuon-xop-trang-duoc-may-do-rieng-cuon-mut-xop-pe-foam\/#breadcrumb\",\"itemListElement\":[{\"@type\":\"ListItem\",\"position\":1,\"name\":\"Home\",\"item\":\"https:\/\/epe.vn\/\"},{\"@type\":\"ListItem\",\"position\":2,\"name\":\"Shop\",\"item\":\"https:\/\/epe.vn\/shop\/\"},{\"@type\":\"ListItem\",\"position\":3,\"name\":\"Cu\u1ed9n X\u1ed1p Tr\u1eafng \u0110\u01b0\u1ee3c May \u0110o Ri\u00eang | Cu\u1ed9n M\u00fat X\u1ed1p Pe Foam\"}]},{\"@type\":\"WebSite\",\"@id\":\"https:\/\/epe.vn\/#website\",\"url\":\"https:\/\/epe.vn\/\",\"name\":\"Nh\u00e0 s\u1ea3n xu\u1ea5t b\u1ecdt Polyethylene m\u1edf r\u1ed9ng\",\"description\":\"Nh\u00e0 cung c\u1ea5p bao b\u00ec v\u1ec9 x\u1ed1p polyethylene m\u1edf r\u1ed9ng v\u00e0 t\u00fai PE\",\"potentialAction\":[{\"@type\":\"SearchAction\",\"target\":{\"@type\":\"EntryPoint\",\"urlTemplate\":\"https:\/\/epe.vn\/?s={search_term_string}\"},\"query-input\":{\"@type\":\"PropertyValueSpecification\",\"valueRequired\":true,\"valueName\":\"search_term_string\"}}],\"inLanguage\":\"da-DK\"}]}<\/script>\n<!-- \/ Yoast SEO plugin. -->","yoast_head_json":{"title":"Cu\u1ed9n X\u1ed1p Tr\u1eafng \u0110\u01b0\u1ee3c May \u0110o Ri\u00eang | Cu\u1ed9n M\u00fat X\u1ed1p Pe Foam - Nh\u00e0 s\u1ea3n xu\u1ea5t b\u1ecdt Polyethylene m\u1edf r\u1ed9ng","description":"Chuy\u00ean cung c\u1ea5p cu\u1ed9n x\u1ed1p tr\u1eafng v\u00e0 m\u00fat x\u1ed1p PE foam may \u0111o theo y\u00eau c\u1ea7u. S\u1ea3n ph\u1ea9m ch\u1ea5t l\u01b0\u1ee3ng, gi\u00e1 c\u1ea3 c\u1ea1nh tranh. Li\u00ean h\u1ec7 ngay!","robots":{"index":"index","follow":"follow","max-snippet":"max-snippet:-1","max-image-preview":"max-image-preview:large","max-video-preview":"max-video-preview:-1"},"canonical":"https:\/\/epe.vn\/da\/manufacturer\/cuon-xop-trang-duoc-may-do-rieng-cuon-mut-xop-pe-foam\/","og_locale":"da_DK","og_type":"article","og_title":"Cu\u1ed9n X\u1ed1p Tr\u1eafng \u0110\u01b0\u1ee3c May \u0110o Ri\u00eang | Cu\u1ed9n M\u00fat X\u1ed1p Pe Foam - Nh\u00e0 s\u1ea3n xu\u1ea5t b\u1ecdt Polyethylene m\u1edf r\u1ed9ng","og_description":"Chuy\u00ean cung c\u1ea5p cu\u1ed9n x\u1ed1p tr\u1eafng v\u00e0 m\u00fat x\u1ed1p PE foam may \u0111o theo y\u00eau c\u1ea7u. S\u1ea3n ph\u1ea9m ch\u1ea5t l\u01b0\u1ee3ng, gi\u00e1 c\u1ea3 c\u1ea1nh tranh. Li\u00ean h\u1ec7 ngay!","og_url":"https:\/\/epe.vn\/da\/manufacturer\/cuon-xop-trang-duoc-may-do-rieng-cuon-mut-xop-pe-foam\/","og_site_name":"Nh\u00e0 s\u1ea3n xu\u1ea5t b\u1ecdt Polyethylene m\u1edf r\u1ed9ng","article_modified_time":"2025-02-12T09:19:31+00:00","og_image":[{"width":1000,"height":1000,"url":"https:\/\/epe.vn\/wp-content\/uploads\/2025\/02\/cuon-mut-xop-pe-foam-3mm.webp","type":"image\/webp"}],"twitter_card":"summary_large_image","twitter_misc":{"Estimeret l\u00e6setid":"1 minut"},"schema":{"@context":"https:\/\/schema.org","@graph":[{"@type":"WebPage","@id":"https:\/\/epe.vn\/manufacturer\/cuon-xop-trang-duoc-may-do-rieng-cuon-mut-xop-pe-foam\/","url":"https:\/\/epe.vn\/manufacturer\/cuon-xop-trang-duoc-may-do-rieng-cuon-mut-xop-pe-foam\/","name":"Cu\u1ed9n X\u1ed1p Tr\u1eafng \u0110\u01b0\u1ee3c May \u0110o Ri\u00eang | Cu\u1ed9n M\u00fat X\u1ed1p Pe Foam - Nh\u00e0 s\u1ea3n xu\u1ea5t b\u1ecdt Polyethylene m\u1edf r\u1ed9ng","isPartOf":{"@id":"https:\/\/epe.vn\/#website"},"primaryImageOfPage":{"@id":"https:\/\/epe.vn\/manufacturer\/cuon-xop-trang-duoc-may-do-rieng-cuon-mut-xop-pe-foam\/#primaryimage"},"image":{"@id":"https:\/\/epe.vn\/manufacturer\/cuon-xop-trang-duoc-may-do-rieng-cuon-mut-xop-pe-foam\/#primaryimage"},"thumbnailUrl":"https:\/\/epe.vn\/wp-content\/uploads\/2025\/02\/cuon-mut-xop-pe-foam-3mm.webp","datePublished":"2025-02-12T09:04:03+00:00","dateModified":"2025-02-12T09:19:31+00:00","description":"Chuy\u00ean cung c\u1ea5p cu\u1ed9n x\u1ed1p tr\u1eafng v\u00e0 m\u00fat x\u1ed1p PE foam may \u0111o theo y\u00eau c\u1ea7u. S\u1ea3n ph\u1ea9m ch\u1ea5t l\u01b0\u1ee3ng, gi\u00e1 c\u1ea3 c\u1ea1nh tranh. Li\u00ean h\u1ec7 ngay!","breadcrumb":{"@id":"https:\/\/epe.vn\/manufacturer\/cuon-xop-trang-duoc-may-do-rieng-cuon-mut-xop-pe-foam\/#breadcrumb"},"inLanguage":"da-DK","potentialAction":[{"@type":"ReadAction","target":["https:\/\/epe.vn\/manufacturer\/cuon-xop-trang-duoc-may-do-rieng-cuon-mut-xop-pe-foam\/"]}]},{"@type":"ImageObject","inLanguage":"da-DK","@id":"https:\/\/epe.vn\/manufacturer\/cuon-xop-trang-duoc-may-do-rieng-cuon-mut-xop-pe-foam\/#primaryimage","url":"https:\/\/epe.vn\/wp-content\/uploads\/2025\/02\/cuon-mut-xop-pe-foam-3mm.webp","contentUrl":"https:\/\/epe.vn\/wp-content\/uploads\/2025\/02\/cuon-mut-xop-pe-foam-3mm.webp","width":1000,"height":1000,"caption":"cu\u1ed9n m\u00fat x\u1ed1p pe foam 3mm"},{"@type":"BreadcrumbList","@id":"https:\/\/epe.vn\/manufacturer\/cuon-xop-trang-duoc-may-do-rieng-cuon-mut-xop-pe-foam\/#breadcrumb","itemListElement":[{"@type":"ListItem","position":1,"name":"Home","item":"https:\/\/epe.vn\/"},{"@type":"ListItem","position":2,"name":"Shop","item":"https:\/\/epe.vn\/shop\/"},{"@type":"ListItem","position":3,"name":"Cu\u1ed9n X\u1ed1p Tr\u1eafng \u0110\u01b0\u1ee3c May \u0110o Ri\u00eang | Cu\u1ed9n M\u00fat X\u1ed1p Pe Foam"}]},{"@type":"WebSite","@id":"https:\/\/epe.vn\/#website","url":"https:\/\/epe.vn\/","name":"Nh\u00e0 s\u1ea3n xu\u1ea5t b\u1ecdt Polyethylene m\u1edf r\u1ed9ng","description":"Nh\u00e0 cung c\u1ea5p bao b\u00ec v\u1ec9 x\u1ed1p polyethylene m\u1edf r\u1ed9ng v\u00e0 t\u00fai PE","potentialAction":[{"@type":"SearchAction","target":{"@type":"EntryPoint","urlTemplate":"https:\/\/epe.vn\/?s={search_term_string}"},"query-input":{"@type":"PropertyValueSpecification","valueRequired":true,"valueName":"search_term_string"}}],"inLanguage":"da-DK"}]}},"_links":{"self":[{"href":"https:\/\/epe.vn\/da\/wp-json\/wp\/v2\/product\/1748","targetHints":{"allow":["GET"]}}],"collection":[{"href":"https:\/\/epe.vn\/da\/wp-json\/wp\/v2\/product"}],"about":[{"href":"https:\/\/epe.vn\/da\/wp-json\/wp\/v2\/types\/product"}],"replies":[{"embeddable":true,"href":"https:\/\/epe.vn\/da\/wp-json\/wp\/v2\/comments?post=1748"}],"wp:featuredmedia":[{"embeddable":true,"href":"https:\/\/epe.vn\/da\/wp-json\/wp\/v2\/media\/1749"}],"wp:attachment":[{"href":"https:\/\/epe.vn\/da\/wp-json\/wp\/v2\/media?parent=1748"}],"wp:term":[{"taxonomy":"product_cat","embeddable":true,"href":"https:\/\/epe.vn\/da\/wp-json\/wp\/v2\/product_cat?post=1748"},{"taxonomy":"product_tag","embeddable":true,"href":"https:\/\/epe.vn\/da\/wp-json\/wp\/v2\/product_tag?post=1748"}],"curies":[{"name":"wp","href":"https:\/\/api.w.org\/{rel}","templated":true}]}}