{"id":1773,"date":"2025-02-13T14:33:22","date_gmt":"2025-02-13T07:33:22","guid":{"rendered":"https:\/\/epe.vn\/?post_type=product&#038;p=1773"},"modified":"2025-02-13T14:50:52","modified_gmt":"2025-02-13T07:50:52","slug":"do-ni-dong-giay-tam-mut-xop-day-10cm-gia-tam-mop-xop","status":"publish","type":"product","link":"https:\/\/epe.vn\/da\/manufacturer\/do-ni-dong-giay-tam-mut-xop-day-10cm-gia-tam-mop-xop\/","title":{"rendered":"Skr\u00e6ddersyet 10cm Foam Board Sko | Styrofoam plade Pris"},"content":{"rendered":"<h2>Produktbeskrivelse<\/h2>\n<table style=\"border-collapse: collapse; width: 499.52pt;\" border=\"0\" width=\"666\" cellspacing=\"0\" cellpadding=\"0\">\n<tbody>\n<tr style=\"height: 15.00pt;\">\n<td class=\"et3\" style=\"height: 15.00pt; width: 174.75pt;\" width=\"233\" height=\"20\"><strong>Produktnavn<\/strong><\/td>\n<td class=\"et3\" style=\"width: 324.75pt;\" width=\"433\">Skr\u00e6ddersyet 10cm Foam Board Sko | Styrofoam plade Pris<\/td>\n<\/tr>\n<tr style=\"height: 15.00pt;\">\n<td class=\"et3\" style=\"height: 15.00pt;\" height=\"20\"><strong>Farve<\/strong><\/td>\n<td class=\"et3\">Hvid, sort, pink osv.<\/td>\n<\/tr>\n<tr style=\"height: 15.00pt;\">\n<td class=\"et3\" style=\"height: 15.00pt;\" height=\"20\"><strong>Materiale<\/strong><\/td>\n<td class=\"et3\">EPE skum<\/td>\n<\/tr>\n<tr style=\"height: 15.00pt;\">\n<td class=\"et3\" style=\"height: 15.00pt;\" height=\"20\"><strong>Funktioner<\/strong><\/td>\n<td class=\"et3\">Bl\u00f8d, genanvendelig, vandt\u00e6t, UV-bestandig osv.<\/td>\n<\/tr>\n<tr style=\"height: 15.00pt;\">\n<td class=\"et3\" style=\"height: 15.00pt;\" height=\"20\"><strong>St\u00f8rrelse<\/strong><\/td>\n<td class=\"et3\">Enhver st\u00f8rrelse, brugerdefineret<\/td>\n<\/tr>\n<tr style=\"height: 15.00pt;\">\n<td class=\"et3\" style=\"height: 15.00pt;\" height=\"20\"><strong>MOQ<\/strong><\/td>\n<td class=\"et3\">1 kubikmeter<\/td>\n<\/tr>\n<tr style=\"height: 15.00pt;\">\n<td class=\"et3\" style=\"height: 15.00pt;\" height=\"20\"><strong>Trykt logo<\/strong><\/td>\n<td class=\"et3\">Tilg\u00e6ngelig<\/td>\n<\/tr>\n<tr style=\"height: 15.00pt;\">\n<td class=\"et3\" style=\"height: 15.00pt;\" height=\"20\"><strong>Bruge<\/strong><\/td>\n<td class=\"et3\">Fabrik mv.<\/td>\n<\/tr>\n<tr style=\"height: 15.00pt;\">\n<td class=\"et3\" style=\"height: 15.00pt;\" height=\"20\"><strong>Betale<\/strong><\/td>\n<td class=\"et3\">TT, LC osv.<\/td>\n<\/tr>\n<tr style=\"height: 15.00pt;\">\n<td class=\"et3\" style=\"height: 15.00pt;\" height=\"20\"><strong>Certifikat<\/strong><\/td>\n<td class=\"et3\">CE, ISO<\/td>\n<\/tr>\n<tr style=\"height: 15.00pt;\">\n<td class=\"et3\" style=\"height: 15.00pt;\" height=\"20\"><strong>Pr\u00f8ve<\/strong><\/td>\n<td class=\"et3\">Gratis pr\u00f8ve<\/td>\n<\/tr>\n<tr style=\"height: 15.00pt;\">\n<td class=\"et3\" style=\"height: 15.00pt;\" height=\"20\"><strong>OEM\/ODM<\/strong><\/td>\n<td class=\"et3\">Tilg\u00e6ngelig<\/td>\n<\/tr>\n<tr style=\"height: 15.00pt;\">\n<td class=\"et3\" style=\"height: 15.00pt;\" height=\"20\"><strong>Note<\/strong><\/td>\n<td class=\"et3\">EPE skum emballage<\/td>\n<\/tr>\n<\/tbody>\n<\/table>","protected":false},"excerpt":{"rendered":"<p>Skumbehandling p\u00e5 foresp\u00f8rgsel,<\/p>\n<ul>\n<li data-sourcepos=\"5:1-5:131\"><strong>H\u00f8jkvalitets 10 cm tyk skumplade:<\/strong> 10 cm tykt skum, h\u00f8j holdbarhed, god elasticitet, slagfasthed, effektiv lydisolering og varmeisolering.<\/li>\n<li data-sourcepos=\"6:1-6:136\"><strong>Skr\u00e6ddersyet:<\/strong> Modtag bearbejdning af sk\u00e6ring, savning, formning af skumpaneler i henhold til den \u00f8nskede st\u00f8rrelse og form, der opfylder alle brugsbehov.<\/li>\n<li data-sourcepos=\"7:1-7:102\"><strong>Konkurrencedygtig pris:<\/strong> Bedste pristilbud for 10 cm tyk skumplade og specialfremstilling af sko.<\/li>\n<li data-sourcepos=\"8:1-8:154\"><strong>Fleksibel anvendelse:<\/strong> Velegnet til mange omr\u00e5der s\u00e5som byggeri (gulvbel\u00e6gning, v\u00e6glydisolering), (produktbeskyttelse), industri (anti-vibration, st\u00f8dabsorbering),...<\/li>\n<li data-sourcepos=\"9:1-9:132\"><strong>Professionel r\u00e5dgivning:<\/strong> Erfarent konsulentteam, der st\u00f8tter kunder i at v\u00e6lge den bedste skumtype og forarbejdningsl\u00f8sning.<\/li>\n<li data-sourcepos=\"10:1-11:0\"><strong>Hurtig levering:<\/strong> Garanteret leveringstid, service p\u00e5 stedet.<\/li>\n<\/ul>","protected":false},"featured_media":1774,"comment_status":"open","ping_status":"closed","template":"","meta":[],"product_cat":[36],"product_tag":[],"class_list":{"0":"post-1773","1":"product","2":"type-product","3":"status-publish","4":"has-post-thumbnail","6":"product_cat-tam-mut-xop","8":"first","9":"instock","10":"shipping-taxable","11":"product-type-simple"},"yoast_head":"<!-- This site is optimized with the Yoast SEO plugin v23.4 - https:\/\/yoast.com\/wordpress\/plugins\/seo\/ -->\n<title>\u0110o Ni \u0110\u00f3ng Gi\u00e0y T\u1ea5m M\u00fat X\u1ed1p \u0110\u00e0y 10cm | Gi\u00e1 T\u1ea5m M\u1ed1p X\u1ed1p - Nh\u00e0 s\u1ea3n xu\u1ea5t b\u1ecdt Polyethylene m\u1edf r\u1ed9ng<\/title>\n<meta name=\"description\" content=\"\u0110o ni \u0111\u00f3ng gi\u00e0y t\u1ea5m m\u00fat x\u1ed1p d\u00e0y 10cm theo y\u00eau c\u1ea7u. Gi\u00e1 t\u1ed1t nh\u1ea5t. Li\u00ean h\u1ec7 ngay!\" \/>\n<meta name=\"robots\" content=\"index, follow, max-snippet:-1, max-image-preview:large, max-video-preview:-1\" \/>\n<link rel=\"canonical\" href=\"https:\/\/epe.vn\/da\/manufacturer\/do-ni-dong-giay-tam-mut-xop-day-10cm-gia-tam-mop-xop\/\" \/>\n<meta property=\"og:locale\" content=\"da_DK\" \/>\n<meta property=\"og:type\" content=\"article\" \/>\n<meta property=\"og:title\" content=\"\u0110o Ni \u0110\u00f3ng Gi\u00e0y T\u1ea5m M\u00fat X\u1ed1p \u0110\u00e0y 10cm | Gi\u00e1 T\u1ea5m M\u1ed1p X\u1ed1p - Nh\u00e0 s\u1ea3n xu\u1ea5t b\u1ecdt Polyethylene m\u1edf r\u1ed9ng\" \/>\n<meta property=\"og:description\" content=\"\u0110o ni \u0111\u00f3ng gi\u00e0y t\u1ea5m m\u00fat x\u1ed1p d\u00e0y 10cm theo y\u00eau c\u1ea7u. Gi\u00e1 t\u1ed1t nh\u1ea5t. Li\u00ean h\u1ec7 ngay!\" \/>\n<meta property=\"og:url\" content=\"https:\/\/epe.vn\/da\/manufacturer\/do-ni-dong-giay-tam-mut-xop-day-10cm-gia-tam-mop-xop\/\" \/>\n<meta property=\"og:site_name\" content=\"Nh\u00e0 s\u1ea3n xu\u1ea5t b\u1ecdt Polyethylene m\u1edf r\u1ed9ng\" \/>\n<meta property=\"article:modified_time\" content=\"2025-02-13T07:50:52+00:00\" \/>\n<meta property=\"og:image\" content=\"https:\/\/epe.vn\/wp-content\/uploads\/2025\/02\/tam-mut-xop-day-10cm.jpg\" \/>\n\t<meta property=\"og:image:width\" content=\"1000\" \/>\n\t<meta property=\"og:image:height\" content=\"1000\" \/>\n\t<meta property=\"og:image:type\" content=\"image\/jpeg\" \/>\n<meta name=\"twitter:card\" content=\"summary_large_image\" \/>\n<meta name=\"twitter:label1\" content=\"Estimeret l\u00e6setid\" \/>\n\t<meta name=\"twitter:data1\" content=\"1 minut\" \/>\n<script type=\"application\/ld+json\" class=\"yoast-schema-graph\">{\"@context\":\"https:\/\/schema.org\",\"@graph\":[{\"@type\":\"WebPage\",\"@id\":\"https:\/\/epe.vn\/manufacturer\/do-ni-dong-giay-tam-mut-xop-day-10cm-gia-tam-mop-xop\/\",\"url\":\"https:\/\/epe.vn\/manufacturer\/do-ni-dong-giay-tam-mut-xop-day-10cm-gia-tam-mop-xop\/\",\"name\":\"\u0110o Ni \u0110\u00f3ng Gi\u00e0y T\u1ea5m M\u00fat X\u1ed1p \u0110\u00e0y 10cm | Gi\u00e1 T\u1ea5m M\u1ed1p X\u1ed1p - Nh\u00e0 s\u1ea3n xu\u1ea5t b\u1ecdt Polyethylene m\u1edf r\u1ed9ng\",\"isPartOf\":{\"@id\":\"https:\/\/epe.vn\/#website\"},\"primaryImageOfPage\":{\"@id\":\"https:\/\/epe.vn\/manufacturer\/do-ni-dong-giay-tam-mut-xop-day-10cm-gia-tam-mop-xop\/#primaryimage\"},\"image\":{\"@id\":\"https:\/\/epe.vn\/manufacturer\/do-ni-dong-giay-tam-mut-xop-day-10cm-gia-tam-mop-xop\/#primaryimage\"},\"thumbnailUrl\":\"https:\/\/epe.vn\/wp-content\/uploads\/2025\/02\/tam-mut-xop-day-10cm.jpg\",\"datePublished\":\"2025-02-13T07:33:22+00:00\",\"dateModified\":\"2025-02-13T07:50:52+00:00\",\"description\":\"\u0110o ni \u0111\u00f3ng gi\u00e0y t\u1ea5m m\u00fat x\u1ed1p d\u00e0y 10cm theo y\u00eau c\u1ea7u. Gi\u00e1 t\u1ed1t nh\u1ea5t. Li\u00ean h\u1ec7 ngay!\",\"breadcrumb\":{\"@id\":\"https:\/\/epe.vn\/manufacturer\/do-ni-dong-giay-tam-mut-xop-day-10cm-gia-tam-mop-xop\/#breadcrumb\"},\"inLanguage\":\"da-DK\",\"potentialAction\":[{\"@type\":\"ReadAction\",\"target\":[\"https:\/\/epe.vn\/manufacturer\/do-ni-dong-giay-tam-mut-xop-day-10cm-gia-tam-mop-xop\/\"]}]},{\"@type\":\"ImageObject\",\"inLanguage\":\"da-DK\",\"@id\":\"https:\/\/epe.vn\/manufacturer\/do-ni-dong-giay-tam-mut-xop-day-10cm-gia-tam-mop-xop\/#primaryimage\",\"url\":\"https:\/\/epe.vn\/wp-content\/uploads\/2025\/02\/tam-mut-xop-day-10cm.jpg\",\"contentUrl\":\"https:\/\/epe.vn\/wp-content\/uploads\/2025\/02\/tam-mut-xop-day-10cm.jpg\",\"width\":1000,\"height\":1000,\"caption\":\"t\u1ea5m m\u00fat x\u1ed1p d\u00e0y 10cm\"},{\"@type\":\"BreadcrumbList\",\"@id\":\"https:\/\/epe.vn\/manufacturer\/do-ni-dong-giay-tam-mut-xop-day-10cm-gia-tam-mop-xop\/#breadcrumb\",\"itemListElement\":[{\"@type\":\"ListItem\",\"position\":1,\"name\":\"Home\",\"item\":\"https:\/\/epe.vn\/\"},{\"@type\":\"ListItem\",\"position\":2,\"name\":\"Shop\",\"item\":\"https:\/\/epe.vn\/shop\/\"},{\"@type\":\"ListItem\",\"position\":3,\"name\":\"\u0110o Ni \u0110\u00f3ng Gi\u00e0y T\u1ea5m M\u00fat X\u1ed1p \u0110\u00e0y 10cm | Gi\u00e1 T\u1ea5m M\u1ed1p X\u1ed1p\"}]},{\"@type\":\"WebSite\",\"@id\":\"https:\/\/epe.vn\/#website\",\"url\":\"https:\/\/epe.vn\/\",\"name\":\"Nh\u00e0 s\u1ea3n xu\u1ea5t b\u1ecdt Polyethylene m\u1edf r\u1ed9ng\",\"description\":\"Nh\u00e0 cung c\u1ea5p bao b\u00ec v\u1ec9 x\u1ed1p polyethylene m\u1edf r\u1ed9ng v\u00e0 t\u00fai PE\",\"potentialAction\":[{\"@type\":\"SearchAction\",\"target\":{\"@type\":\"EntryPoint\",\"urlTemplate\":\"https:\/\/epe.vn\/?s={search_term_string}\"},\"query-input\":{\"@type\":\"PropertyValueSpecification\",\"valueRequired\":true,\"valueName\":\"search_term_string\"}}],\"inLanguage\":\"da-DK\"}]}<\/script>\n<!-- \/ Yoast SEO plugin. -->","yoast_head_json":{"title":"\u0110o Ni \u0110\u00f3ng Gi\u00e0y T\u1ea5m M\u00fat X\u1ed1p \u0110\u00e0y 10cm | Gi\u00e1 T\u1ea5m M\u1ed1p X\u1ed1p - Nh\u00e0 s\u1ea3n xu\u1ea5t b\u1ecdt Polyethylene m\u1edf r\u1ed9ng","description":"\u0110o ni \u0111\u00f3ng gi\u00e0y t\u1ea5m m\u00fat x\u1ed1p d\u00e0y 10cm theo y\u00eau c\u1ea7u. Gi\u00e1 t\u1ed1t nh\u1ea5t. Li\u00ean h\u1ec7 ngay!","robots":{"index":"index","follow":"follow","max-snippet":"max-snippet:-1","max-image-preview":"max-image-preview:large","max-video-preview":"max-video-preview:-1"},"canonical":"https:\/\/epe.vn\/da\/manufacturer\/do-ni-dong-giay-tam-mut-xop-day-10cm-gia-tam-mop-xop\/","og_locale":"da_DK","og_type":"article","og_title":"\u0110o Ni \u0110\u00f3ng Gi\u00e0y T\u1ea5m M\u00fat X\u1ed1p \u0110\u00e0y 10cm | Gi\u00e1 T\u1ea5m M\u1ed1p X\u1ed1p - Nh\u00e0 s\u1ea3n xu\u1ea5t b\u1ecdt Polyethylene m\u1edf r\u1ed9ng","og_description":"\u0110o ni \u0111\u00f3ng gi\u00e0y t\u1ea5m m\u00fat x\u1ed1p d\u00e0y 10cm theo y\u00eau c\u1ea7u. Gi\u00e1 t\u1ed1t nh\u1ea5t. Li\u00ean h\u1ec7 ngay!","og_url":"https:\/\/epe.vn\/da\/manufacturer\/do-ni-dong-giay-tam-mut-xop-day-10cm-gia-tam-mop-xop\/","og_site_name":"Nh\u00e0 s\u1ea3n xu\u1ea5t b\u1ecdt Polyethylene m\u1edf r\u1ed9ng","article_modified_time":"2025-02-13T07:50:52+00:00","og_image":[{"width":1000,"height":1000,"url":"https:\/\/epe.vn\/wp-content\/uploads\/2025\/02\/tam-mut-xop-day-10cm.jpg","type":"image\/jpeg"}],"twitter_card":"summary_large_image","twitter_misc":{"Estimeret l\u00e6setid":"1 minut"},"schema":{"@context":"https:\/\/schema.org","@graph":[{"@type":"WebPage","@id":"https:\/\/epe.vn\/manufacturer\/do-ni-dong-giay-tam-mut-xop-day-10cm-gia-tam-mop-xop\/","url":"https:\/\/epe.vn\/manufacturer\/do-ni-dong-giay-tam-mut-xop-day-10cm-gia-tam-mop-xop\/","name":"\u0110o Ni \u0110\u00f3ng Gi\u00e0y T\u1ea5m M\u00fat X\u1ed1p \u0110\u00e0y 10cm | Gi\u00e1 T\u1ea5m M\u1ed1p X\u1ed1p - Nh\u00e0 s\u1ea3n xu\u1ea5t b\u1ecdt Polyethylene m\u1edf r\u1ed9ng","isPartOf":{"@id":"https:\/\/epe.vn\/#website"},"primaryImageOfPage":{"@id":"https:\/\/epe.vn\/manufacturer\/do-ni-dong-giay-tam-mut-xop-day-10cm-gia-tam-mop-xop\/#primaryimage"},"image":{"@id":"https:\/\/epe.vn\/manufacturer\/do-ni-dong-giay-tam-mut-xop-day-10cm-gia-tam-mop-xop\/#primaryimage"},"thumbnailUrl":"https:\/\/epe.vn\/wp-content\/uploads\/2025\/02\/tam-mut-xop-day-10cm.jpg","datePublished":"2025-02-13T07:33:22+00:00","dateModified":"2025-02-13T07:50:52+00:00","description":"\u0110o ni \u0111\u00f3ng gi\u00e0y t\u1ea5m m\u00fat x\u1ed1p d\u00e0y 10cm theo y\u00eau c\u1ea7u. Gi\u00e1 t\u1ed1t nh\u1ea5t. Li\u00ean h\u1ec7 ngay!","breadcrumb":{"@id":"https:\/\/epe.vn\/manufacturer\/do-ni-dong-giay-tam-mut-xop-day-10cm-gia-tam-mop-xop\/#breadcrumb"},"inLanguage":"da-DK","potentialAction":[{"@type":"ReadAction","target":["https:\/\/epe.vn\/manufacturer\/do-ni-dong-giay-tam-mut-xop-day-10cm-gia-tam-mop-xop\/"]}]},{"@type":"ImageObject","inLanguage":"da-DK","@id":"https:\/\/epe.vn\/manufacturer\/do-ni-dong-giay-tam-mut-xop-day-10cm-gia-tam-mop-xop\/#primaryimage","url":"https:\/\/epe.vn\/wp-content\/uploads\/2025\/02\/tam-mut-xop-day-10cm.jpg","contentUrl":"https:\/\/epe.vn\/wp-content\/uploads\/2025\/02\/tam-mut-xop-day-10cm.jpg","width":1000,"height":1000,"caption":"t\u1ea5m m\u00fat x\u1ed1p d\u00e0y 10cm"},{"@type":"BreadcrumbList","@id":"https:\/\/epe.vn\/manufacturer\/do-ni-dong-giay-tam-mut-xop-day-10cm-gia-tam-mop-xop\/#breadcrumb","itemListElement":[{"@type":"ListItem","position":1,"name":"Home","item":"https:\/\/epe.vn\/"},{"@type":"ListItem","position":2,"name":"Shop","item":"https:\/\/epe.vn\/shop\/"},{"@type":"ListItem","position":3,"name":"\u0110o Ni \u0110\u00f3ng Gi\u00e0y T\u1ea5m M\u00fat X\u1ed1p \u0110\u00e0y 10cm | Gi\u00e1 T\u1ea5m M\u1ed1p X\u1ed1p"}]},{"@type":"WebSite","@id":"https:\/\/epe.vn\/#website","url":"https:\/\/epe.vn\/","name":"Nh\u00e0 s\u1ea3n xu\u1ea5t b\u1ecdt Polyethylene m\u1edf r\u1ed9ng","description":"Nh\u00e0 cung c\u1ea5p bao b\u00ec v\u1ec9 x\u1ed1p polyethylene m\u1edf r\u1ed9ng v\u00e0 t\u00fai PE","potentialAction":[{"@type":"SearchAction","target":{"@type":"EntryPoint","urlTemplate":"https:\/\/epe.vn\/?s={search_term_string}"},"query-input":{"@type":"PropertyValueSpecification","valueRequired":true,"valueName":"search_term_string"}}],"inLanguage":"da-DK"}]}},"_links":{"self":[{"href":"https:\/\/epe.vn\/da\/wp-json\/wp\/v2\/product\/1773","targetHints":{"allow":["GET"]}}],"collection":[{"href":"https:\/\/epe.vn\/da\/wp-json\/wp\/v2\/product"}],"about":[{"href":"https:\/\/epe.vn\/da\/wp-json\/wp\/v2\/types\/product"}],"replies":[{"embeddable":true,"href":"https:\/\/epe.vn\/da\/wp-json\/wp\/v2\/comments?post=1773"}],"wp:featuredmedia":[{"embeddable":true,"href":"https:\/\/epe.vn\/da\/wp-json\/wp\/v2\/media\/1774"}],"wp:attachment":[{"href":"https:\/\/epe.vn\/da\/wp-json\/wp\/v2\/media?parent=1773"}],"wp:term":[{"taxonomy":"product_cat","embeddable":true,"href":"https:\/\/epe.vn\/da\/wp-json\/wp\/v2\/product_cat?post=1773"},{"taxonomy":"product_tag","embeddable":true,"href":"https:\/\/epe.vn\/da\/wp-json\/wp\/v2\/product_tag?post=1773"}],"curies":[{"name":"wp","href":"https:\/\/api.w.org\/{rel}","templated":true}]}}