{"id":1973,"date":"2025-04-28T14:53:20","date_gmt":"2025-04-28T07:53:20","guid":{"rendered":"https:\/\/epe.vn\/?post_type=product&#038;p=1973"},"modified":"2025-04-28T14:53:34","modified_gmt":"2025-04-28T07:53:34","slug":"xop-epe-boc-canh-goc-vuong","status":"publish","type":"product","link":"https:\/\/epe.vn\/da\/manufacturer\/xop-epe-boc-canh-goc-vuong\/","title":{"rendered":"X\u1ed1p EPE b\u1ecdc c\u1ea1nh g\u00f3c vu\u00f4ng | Tu\u1ef3 ch\u1ec9nh theo y\u00eau c\u1ea7u"},"content":{"rendered":"<h2><span style=\"font-weight: 400;\">Th\u00f4ng tin s\u1ea3n ph\u1ea9m:<\/span><\/h2>\n<table>\n<tbody>\n<tr>\n<td><b>Ti\u00eau ch\u00ed<\/b><\/td>\n<td><b>Th\u00f4ng tin chi ti\u1ebft<\/b><\/td>\n<\/tr>\n<tr>\n<td><b>Produktnavn<\/b><\/td>\n<td><span style=\"font-weight: 400;\">X\u1ed1p EPE B\u1ecdc C\u1ea1nh G\u00f3c Vu\u00f4ng<\/span><\/td>\n<\/tr>\n<tr>\n<td><b>Th\u01b0\u01a1ng hi\u1ec7u<\/b><\/td>\n<td><span style=\"font-weight: 400;\">Dong Rui Vietnam<\/span><\/td>\n<\/tr>\n<tr>\n<td><b>Materiale<\/b><\/td>\n<td><span style=\"font-weight: 400;\">EPE Foam (Expanded Polyethylene Foam)<\/span><\/td>\n<\/tr>\n<tr>\n<td><b>Ki\u1ec3u d\u00e1ng<\/b><\/td>\n<td><span style=\"font-weight: 400;\">H\u00ecnh ch\u1eef L, b\u1ecdc c\u1ea1nh g\u00f3c vu\u00f4ng, d\u1ea1ng \u0111\u1ecbnh h\u00ecnh<\/span><\/td>\n<\/tr>\n<tr>\n<td><b>Xu\u1ea5t x\u1ee9<\/b><\/td>\n<td><span style=\"font-weight: 400;\">Trung Qu\u1ed1c<\/span><\/td>\n<\/tr>\n<tr>\n<td><b>St\u00f8rrelse<\/b><\/td>\n<td><span style=\"font-weight: 400;\">Gia c\u00f4ng theo y\u00eau c\u1ea7u (chi\u1ec1u r\u1ed9ng, chi\u1ec1u cao c\u1ea1nh, \u0111\u1ed9 d\u00e0y x\u1ed1p)<\/span><\/td>\n<\/tr>\n<tr>\n<td><b>\u0110\u1ed9 d\u00e0y<\/b><\/td>\n<td><span style=\"font-weight: 400;\">5mm \u2013 30mm (tu\u1ef3 nhu c\u1ea7u b\u1ea3o v\u1ec7 s\u1ea3n ph\u1ea9m)<\/span><\/td>\n<\/tr>\n<tr>\n<td><b>Farve<\/b><\/td>\n<td><span style=\"font-weight: 400;\">Tr\u1eafng, \u0111en, xanh d\u01b0\u01a1ng ho\u1eb7c m\u00e0u t\u00f9y ch\u1ec9nh<\/span><\/td>\n<\/tr>\n<tr>\n<td><b>T\u00ednh n\u0103ng n\u1ed5i b\u1eadt<\/b><\/td>\n<td><span style=\"font-weight: 400;\">&#8211; Ch\u1ed1ng s\u1ed1c, ch\u1ed1ng tr\u1ea7y x\u01b0\u1edbc<\/span><\/p>\n<p><span style=\"font-weight: 400;\">&#8211; \u0110\u1ecbnh h\u00ecnh ch\u1eafc ch\u1eafn theo c\u1ea1nh s\u1ea3n ph\u1ea9m<\/span><\/p>\n<p><span style=\"font-weight: 400;\">&#8211; Nh\u1eb9, \u0111\u00e0n h\u1ed3i cao<\/span><\/td>\n<\/tr>\n<tr>\n<td><b>\u1ee8ng d\u1ee5ng ph\u1ed5 bi\u1ebfn<\/b><\/td>\n<td><span style=\"font-weight: 400;\">&#8211; B\u1ecdc b\u1ea3o v\u1ec7 g\u00f3c b\u00e0n, c\u1ea1nh k\u00ednh, \u0111\u1ed3 n\u1ed9i th\u1ea5t<\/span><\/p>\n<p><span style=\"font-weight: 400;\">&#8211; B\u1ea3o v\u1ec7 s\u1ea3n ph\u1ea9m trong v\u1eadn chuy\u1ec3n: thi\u1ebft b\u1ecb \u0111i\u1ec7n t\u1eed, m\u00e1y m\u00f3c, h\u00e0ng d\u1ec5 v\u1ee1<\/span><\/td>\n<\/tr>\n<tr>\n<td><b>Ch\u1ee9ng nh\u1eadn ch\u1ea5t l\u01b0\u1ee3ng<\/b><\/td>\n<td><span style=\"font-weight: 400;\">ISO 9001, RoHS, CE<\/span><\/td>\n<\/tr>\n<tr>\n<td><b>\u0110\u00f3ng g\u00f3i<\/b><\/td>\n<td><span style=\"font-weight: 400;\">\u0110\u00f3ng g\u00f3i th\u00e0nh b\u00f3, \u0111\u00f3ng th\u00f9ng carton ho\u1eb7c theo y\u00eau c\u1ea7u \u0111\u01a1n h\u00e0ng<\/span><\/td>\n<\/tr>\n<tr>\n<td><b>L\u1ee3i \u00edch s\u1eed d\u1ee5ng<\/b><\/td>\n<td><span style=\"font-weight: 400;\">&#8211; B\u1ea3o v\u1ec7 s\u1ea3n ph\u1ea9m tr\u00e1nh h\u01b0 h\u1ecfng<\/span><\/p>\n<p><span style=\"font-weight: 400;\">&#8211; T\u0103ng t\u00ednh chuy\u00ean nghi\u1ec7p cho \u0111\u00f3ng g\u00f3i<\/span><\/p>\n<p><span style=\"font-weight: 400;\">&#8211; Gi\u1ea3m chi ph\u00ed s\u1eeda ch\u1eefa v\u00e0 \u0111\u1ec1n b\u00f9 h\u00e0ng h\u00f3a trong qu\u00e1 tr\u00ecnh v\u1eadn chuy\u1ec3n<\/span><\/td>\n<\/tr>\n<\/tbody>\n<\/table>\n<h2><span style=\"font-weight: 400;\">Ch\u1ee9c n\u0103ng c\u1ee7a x\u1ed1p EPE b\u1ecdc c\u1ea1nh g\u00f3c vu\u00f4ng:<\/span><\/h2>\n<ul>\n<li style=\"font-weight: 400;\" aria-level=\"1\"><b>B\u1ea3o v\u1ec7 g\u00f3c c\u1ea1nh s\u1ea3n ph\u1ea9m<\/b><span style=\"font-weight: 400;\">: H\u1ea5p th\u1ee5 l\u1ef1c va \u0111\u1eadp, ch\u1ed1ng tr\u1ea7y x\u01b0\u1edbc trong qu\u00e1 tr\u00ecnh l\u01b0u tr\u1eef, v\u1eadn chuy\u1ec3n.<\/span><\/li>\n<li style=\"font-weight: 400;\" aria-level=\"1\"><b>\u0110\u1ecbnh h\u00ecnh ch\u1eafc ch\u1eafn<\/b><span style=\"font-weight: 400;\">: \u00d4m s\u00e1t c\u00e1c g\u00f3c vu\u00f4ng c\u1ee7a s\u1ea3n ph\u1ea9m, c\u1ed1 \u0111\u1ecbnh kh\u00f4ng x\u00f4 l\u1ec7ch.<\/span><span style=\"font-weight: 400;\"><br \/>\n<\/span><\/li>\n<\/ul>\n<h2><span style=\"font-weight: 400;\">\u01afu \u0111i\u1ec3m:<\/span><\/h2>\n<ul>\n<li style=\"font-weight: 400;\" aria-level=\"1\"><b>\u0110\u00e0n h\u1ed3i v\u00e0 nh\u1eb9<\/b><span style=\"font-weight: 400;\">: Gi\u1ea3m tr\u1ecdng l\u01b0\u1ee3ng t\u1ed5ng th\u1ec3 khi \u0111\u00f3ng g\u00f3i, d\u1ec5 thao t\u00e1c.<\/span><\/li>\n<li style=\"font-weight: 400;\" aria-level=\"1\"><b>Linh ho\u1ea1t k\u00edch th\u01b0\u1edbc<\/b><span style=\"font-weight: 400;\">: C\u1eaft v\u00e0 gia c\u00f4ng theo m\u1ecdi lo\u1ea1i s\u1ea3n ph\u1ea9m v\u00e0 \u0111\u1ed9 l\u1edbn g\u00f3c c\u1ea1nh.<\/span><\/li>\n<li style=\"font-weight: 400;\" aria-level=\"1\"><b>Fugtsikker, vandt\u00e6t<\/b><span style=\"font-weight: 400;\">: B\u1ea3o v\u1ec7 s\u1ea3n ph\u1ea9m kh\u1ecfi t\u00e1c \u0111\u1ed9ng m\u00f4i tr\u01b0\u1eddng.<\/span><\/li>\n<li style=\"font-weight: 400;\" aria-level=\"1\"><b>T\u0103ng th\u1ea9m m\u1ef9<\/b><span style=\"font-weight: 400;\">: S\u1ea3n ph\u1ea9m tr\u00f4ng chuy\u00ean nghi\u1ec7p, an to\u00e0n h\u01a1n khi \u0111\u1ebfn tay kh\u00e1ch h\u00e0ng.<\/span><\/li>\n<\/ul>","protected":false},"excerpt":{"rendered":"<p class=\"\" data-start=\"3568\" data-end=\"4016\"><strong data-start=\"3568\" data-end=\"3598\">X\u1ed1p EPE b\u1ecdc c\u1ea1nh g\u00f3c vu\u00f4ng<\/strong> c\u1ee7a Dong Rui Vi\u1ec7t Nam l\u00e0 gi\u1ea3i ph\u00e1p b\u1ea3o v\u1ec7 t\u1ed1i \u01b0u cho c\u00e1c s\u1ea3n ph\u1ea9m c\u00f3 c\u1ea1nh s\u1eafc nh\u01b0 b\u00e0n, gh\u1ebf, k\u00ednh, \u0111\u1ed3 \u0111i\u1ec7n t\u1eed, \u0111\u1ed3 g\u1ed7 n\u1ed9i th\u1ea5t. V\u1edbi thi\u1ebft k\u1ebf h\u00ecnh ch\u1eef L v\u1eeba v\u1eb7n \u00f4m g\u00f3c vu\u00f4ng v\u00e0 ch\u1ea5t li\u1ec7u EPE Foam b\u1ec1n nh\u1eb9, \u0111\u00e0n h\u1ed3i cao, s\u1ea3n ph\u1ea9m gi\u00fap ch\u1ed1ng s\u1ed1c, ch\u1ed1ng tr\u1ea7y x\u01b0\u1edbc hi\u1ec7u qu\u1ea3 trong qu\u00e1 tr\u00ecnh v\u1eadn chuy\u1ec3n v\u00e0 l\u01b0u kho. Gia c\u00f4ng linh ho\u1ea1t theo k\u00edch th\u01b0\u1edbc y\u00eau c\u1ea7u, x\u1ed1p EPE b\u1ecdc c\u1ea1nh mang l\u1ea1i s\u1ef1 an t\u00e2m v\u00e0 chuy\u00ean nghi\u1ec7p cho m\u1ed7i l\u00f4 h\u00e0ng.<\/p>","protected":false},"featured_media":1974,"comment_status":"open","ping_status":"closed","template":"","meta":[],"product_cat":[15],"product_tag":[],"class_list":{"0":"post-1973","1":"product","2":"type-product","3":"status-publish","4":"has-post-thumbnail","6":"product_cat-bot-pe-tuy-chinh","8":"first","9":"instock","10":"shipping-taxable","11":"product-type-simple"},"yoast_head":"<!-- This site is optimized with the Yoast SEO plugin v23.4 - https:\/\/yoast.com\/wordpress\/plugins\/seo\/ -->\n<title>X\u1ed1p EPE b\u1ecdc c\u1ea1nh g\u00f3c vu\u00f4ng | Tu\u1ef3 ch\u1ec9nh theo y\u00eau c\u1ea7u - Nh\u00e0 s\u1ea3n xu\u1ea5t b\u1ecdt Polyethylene m\u1edf r\u1ed9ng<\/title>\n<meta name=\"description\" content=\"X\u1ed1p EPE b\u1ecdc c\u1ea1nh g\u00f3c vu\u00f4ng Dong Rui Vi\u1ec7t Nam ch\u1ed1ng s\u1ed1c, ch\u1ed1ng tr\u1ea7y x\u01b0\u1edbc, nh\u1eb9, \u0111\u00e0n h\u1ed3i cao, b\u1ea3o v\u1ec7 an to\u00e0n g\u00f3c s\u1ea3n ph\u1ea9m trong v\u1eadn chuy\u1ec3n v\u00e0 l\u01b0u kho.\" \/>\n<meta name=\"robots\" content=\"index, follow, max-snippet:-1, max-image-preview:large, max-video-preview:-1\" \/>\n<link rel=\"canonical\" href=\"https:\/\/epe.vn\/da\/manufacturer\/xop-epe-boc-canh-goc-vuong\/\" \/>\n<meta property=\"og:locale\" content=\"da_DK\" \/>\n<meta property=\"og:type\" content=\"article\" \/>\n<meta property=\"og:title\" content=\"X\u1ed1p EPE b\u1ecdc c\u1ea1nh g\u00f3c vu\u00f4ng | Tu\u1ef3 ch\u1ec9nh theo y\u00eau c\u1ea7u - Nh\u00e0 s\u1ea3n xu\u1ea5t b\u1ecdt Polyethylene m\u1edf r\u1ed9ng\" \/>\n<meta property=\"og:description\" content=\"X\u1ed1p EPE b\u1ecdc c\u1ea1nh g\u00f3c vu\u00f4ng Dong Rui Vi\u1ec7t Nam ch\u1ed1ng s\u1ed1c, ch\u1ed1ng tr\u1ea7y x\u01b0\u1edbc, nh\u1eb9, \u0111\u00e0n h\u1ed3i cao, b\u1ea3o v\u1ec7 an to\u00e0n g\u00f3c s\u1ea3n ph\u1ea9m trong v\u1eadn chuy\u1ec3n v\u00e0 l\u01b0u kho.\" \/>\n<meta property=\"og:url\" content=\"https:\/\/epe.vn\/da\/manufacturer\/xop-epe-boc-canh-goc-vuong\/\" \/>\n<meta property=\"og:site_name\" content=\"Nh\u00e0 s\u1ea3n xu\u1ea5t b\u1ecdt Polyethylene m\u1edf r\u1ed9ng\" \/>\n<meta property=\"article:modified_time\" content=\"2025-04-28T07:53:34+00:00\" \/>\n<meta property=\"og:image\" content=\"https:\/\/epe.vn\/wp-content\/uploads\/2025\/04\/Xop-EPE-boc-canh-goc-vuong-.webp\" \/>\n\t<meta property=\"og:image:width\" content=\"800\" \/>\n\t<meta property=\"og:image:height\" content=\"800\" \/>\n\t<meta property=\"og:image:type\" content=\"image\/webp\" \/>\n<meta name=\"twitter:card\" content=\"summary_large_image\" \/>\n<meta name=\"twitter:label1\" content=\"Estimeret l\u00e6setid\" \/>\n\t<meta name=\"twitter:data1\" content=\"2 minutter\" \/>\n<script type=\"application\/ld+json\" class=\"yoast-schema-graph\">{\"@context\":\"https:\/\/schema.org\",\"@graph\":[{\"@type\":\"WebPage\",\"@id\":\"https:\/\/epe.vn\/manufacturer\/xop-epe-boc-canh-goc-vuong\/\",\"url\":\"https:\/\/epe.vn\/manufacturer\/xop-epe-boc-canh-goc-vuong\/\",\"name\":\"X\u1ed1p EPE b\u1ecdc c\u1ea1nh g\u00f3c vu\u00f4ng | Tu\u1ef3 ch\u1ec9nh theo y\u00eau c\u1ea7u - Nh\u00e0 s\u1ea3n xu\u1ea5t b\u1ecdt Polyethylene m\u1edf r\u1ed9ng\",\"isPartOf\":{\"@id\":\"https:\/\/epe.vn\/#website\"},\"primaryImageOfPage\":{\"@id\":\"https:\/\/epe.vn\/manufacturer\/xop-epe-boc-canh-goc-vuong\/#primaryimage\"},\"image\":{\"@id\":\"https:\/\/epe.vn\/manufacturer\/xop-epe-boc-canh-goc-vuong\/#primaryimage\"},\"thumbnailUrl\":\"https:\/\/epe.vn\/wp-content\/uploads\/2025\/04\/Xop-EPE-boc-canh-goc-vuong-.webp\",\"datePublished\":\"2025-04-28T07:53:20+00:00\",\"dateModified\":\"2025-04-28T07:53:34+00:00\",\"description\":\"X\u1ed1p EPE b\u1ecdc c\u1ea1nh g\u00f3c vu\u00f4ng Dong Rui Vi\u1ec7t Nam ch\u1ed1ng s\u1ed1c, ch\u1ed1ng tr\u1ea7y x\u01b0\u1edbc, nh\u1eb9, \u0111\u00e0n h\u1ed3i cao, b\u1ea3o v\u1ec7 an to\u00e0n g\u00f3c s\u1ea3n ph\u1ea9m trong v\u1eadn chuy\u1ec3n v\u00e0 l\u01b0u kho.\",\"breadcrumb\":{\"@id\":\"https:\/\/epe.vn\/manufacturer\/xop-epe-boc-canh-goc-vuong\/#breadcrumb\"},\"inLanguage\":\"da-DK\",\"potentialAction\":[{\"@type\":\"ReadAction\",\"target\":[\"https:\/\/epe.vn\/manufacturer\/xop-epe-boc-canh-goc-vuong\/\"]}]},{\"@type\":\"ImageObject\",\"inLanguage\":\"da-DK\",\"@id\":\"https:\/\/epe.vn\/manufacturer\/xop-epe-boc-canh-goc-vuong\/#primaryimage\",\"url\":\"https:\/\/epe.vn\/wp-content\/uploads\/2025\/04\/Xop-EPE-boc-canh-goc-vuong-.webp\",\"contentUrl\":\"https:\/\/epe.vn\/wp-content\/uploads\/2025\/04\/Xop-EPE-boc-canh-goc-vuong-.webp\",\"width\":800,\"height\":800,\"caption\":\"Xo\u0302\u0301p EPE bo\u0323c ca\u0323nh go\u0301c vuo\u0302ng\"},{\"@type\":\"BreadcrumbList\",\"@id\":\"https:\/\/epe.vn\/manufacturer\/xop-epe-boc-canh-goc-vuong\/#breadcrumb\",\"itemListElement\":[{\"@type\":\"ListItem\",\"position\":1,\"name\":\"Home\",\"item\":\"https:\/\/epe.vn\/\"},{\"@type\":\"ListItem\",\"position\":2,\"name\":\"Shop\",\"item\":\"https:\/\/epe.vn\/shop\/\"},{\"@type\":\"ListItem\",\"position\":3,\"name\":\"X\u1ed1p EPE b\u1ecdc c\u1ea1nh g\u00f3c vu\u00f4ng | Tu\u1ef3 ch\u1ec9nh theo y\u00eau c\u1ea7u\"}]},{\"@type\":\"WebSite\",\"@id\":\"https:\/\/epe.vn\/#website\",\"url\":\"https:\/\/epe.vn\/\",\"name\":\"Nh\u00e0 s\u1ea3n xu\u1ea5t b\u1ecdt Polyethylene m\u1edf r\u1ed9ng\",\"description\":\"Nh\u00e0 cung c\u1ea5p bao b\u00ec v\u1ec9 x\u1ed1p polyethylene m\u1edf r\u1ed9ng v\u00e0 t\u00fai PE\",\"potentialAction\":[{\"@type\":\"SearchAction\",\"target\":{\"@type\":\"EntryPoint\",\"urlTemplate\":\"https:\/\/epe.vn\/?s={search_term_string}\"},\"query-input\":{\"@type\":\"PropertyValueSpecification\",\"valueRequired\":true,\"valueName\":\"search_term_string\"}}],\"inLanguage\":\"da-DK\"}]}<\/script>\n<!-- \/ Yoast SEO plugin. -->","yoast_head_json":{"title":"X\u1ed1p EPE b\u1ecdc c\u1ea1nh g\u00f3c vu\u00f4ng | Tu\u1ef3 ch\u1ec9nh theo y\u00eau c\u1ea7u - Nh\u00e0 s\u1ea3n xu\u1ea5t b\u1ecdt Polyethylene m\u1edf r\u1ed9ng","description":"X\u1ed1p EPE b\u1ecdc c\u1ea1nh g\u00f3c vu\u00f4ng Dong Rui Vi\u1ec7t Nam ch\u1ed1ng s\u1ed1c, ch\u1ed1ng tr\u1ea7y x\u01b0\u1edbc, nh\u1eb9, \u0111\u00e0n h\u1ed3i cao, b\u1ea3o v\u1ec7 an to\u00e0n g\u00f3c s\u1ea3n ph\u1ea9m trong v\u1eadn chuy\u1ec3n v\u00e0 l\u01b0u kho.","robots":{"index":"index","follow":"follow","max-snippet":"max-snippet:-1","max-image-preview":"max-image-preview:large","max-video-preview":"max-video-preview:-1"},"canonical":"https:\/\/epe.vn\/da\/manufacturer\/xop-epe-boc-canh-goc-vuong\/","og_locale":"da_DK","og_type":"article","og_title":"X\u1ed1p EPE b\u1ecdc c\u1ea1nh g\u00f3c vu\u00f4ng | Tu\u1ef3 ch\u1ec9nh theo y\u00eau c\u1ea7u - Nh\u00e0 s\u1ea3n xu\u1ea5t b\u1ecdt Polyethylene m\u1edf r\u1ed9ng","og_description":"X\u1ed1p EPE b\u1ecdc c\u1ea1nh g\u00f3c vu\u00f4ng Dong Rui Vi\u1ec7t Nam ch\u1ed1ng s\u1ed1c, ch\u1ed1ng tr\u1ea7y x\u01b0\u1edbc, nh\u1eb9, \u0111\u00e0n h\u1ed3i cao, b\u1ea3o v\u1ec7 an to\u00e0n g\u00f3c s\u1ea3n ph\u1ea9m trong v\u1eadn chuy\u1ec3n v\u00e0 l\u01b0u kho.","og_url":"https:\/\/epe.vn\/da\/manufacturer\/xop-epe-boc-canh-goc-vuong\/","og_site_name":"Nh\u00e0 s\u1ea3n xu\u1ea5t b\u1ecdt Polyethylene m\u1edf r\u1ed9ng","article_modified_time":"2025-04-28T07:53:34+00:00","og_image":[{"width":800,"height":800,"url":"https:\/\/epe.vn\/wp-content\/uploads\/2025\/04\/Xop-EPE-boc-canh-goc-vuong-.webp","type":"image\/webp"}],"twitter_card":"summary_large_image","twitter_misc":{"Estimeret l\u00e6setid":"2 minutter"},"schema":{"@context":"https:\/\/schema.org","@graph":[{"@type":"WebPage","@id":"https:\/\/epe.vn\/manufacturer\/xop-epe-boc-canh-goc-vuong\/","url":"https:\/\/epe.vn\/manufacturer\/xop-epe-boc-canh-goc-vuong\/","name":"X\u1ed1p EPE b\u1ecdc c\u1ea1nh g\u00f3c vu\u00f4ng | Tu\u1ef3 ch\u1ec9nh theo y\u00eau c\u1ea7u - Nh\u00e0 s\u1ea3n xu\u1ea5t b\u1ecdt Polyethylene m\u1edf r\u1ed9ng","isPartOf":{"@id":"https:\/\/epe.vn\/#website"},"primaryImageOfPage":{"@id":"https:\/\/epe.vn\/manufacturer\/xop-epe-boc-canh-goc-vuong\/#primaryimage"},"image":{"@id":"https:\/\/epe.vn\/manufacturer\/xop-epe-boc-canh-goc-vuong\/#primaryimage"},"thumbnailUrl":"https:\/\/epe.vn\/wp-content\/uploads\/2025\/04\/Xop-EPE-boc-canh-goc-vuong-.webp","datePublished":"2025-04-28T07:53:20+00:00","dateModified":"2025-04-28T07:53:34+00:00","description":"X\u1ed1p EPE b\u1ecdc c\u1ea1nh g\u00f3c vu\u00f4ng Dong Rui Vi\u1ec7t Nam ch\u1ed1ng s\u1ed1c, ch\u1ed1ng tr\u1ea7y x\u01b0\u1edbc, nh\u1eb9, \u0111\u00e0n h\u1ed3i cao, b\u1ea3o v\u1ec7 an to\u00e0n g\u00f3c s\u1ea3n ph\u1ea9m trong v\u1eadn chuy\u1ec3n v\u00e0 l\u01b0u kho.","breadcrumb":{"@id":"https:\/\/epe.vn\/manufacturer\/xop-epe-boc-canh-goc-vuong\/#breadcrumb"},"inLanguage":"da-DK","potentialAction":[{"@type":"ReadAction","target":["https:\/\/epe.vn\/manufacturer\/xop-epe-boc-canh-goc-vuong\/"]}]},{"@type":"ImageObject","inLanguage":"da-DK","@id":"https:\/\/epe.vn\/manufacturer\/xop-epe-boc-canh-goc-vuong\/#primaryimage","url":"https:\/\/epe.vn\/wp-content\/uploads\/2025\/04\/Xop-EPE-boc-canh-goc-vuong-.webp","contentUrl":"https:\/\/epe.vn\/wp-content\/uploads\/2025\/04\/Xop-EPE-boc-canh-goc-vuong-.webp","width":800,"height":800,"caption":"Xo\u0302\u0301p EPE bo\u0323c ca\u0323nh go\u0301c vuo\u0302ng"},{"@type":"BreadcrumbList","@id":"https:\/\/epe.vn\/manufacturer\/xop-epe-boc-canh-goc-vuong\/#breadcrumb","itemListElement":[{"@type":"ListItem","position":1,"name":"Home","item":"https:\/\/epe.vn\/"},{"@type":"ListItem","position":2,"name":"Shop","item":"https:\/\/epe.vn\/shop\/"},{"@type":"ListItem","position":3,"name":"X\u1ed1p EPE b\u1ecdc c\u1ea1nh g\u00f3c vu\u00f4ng | Tu\u1ef3 ch\u1ec9nh theo y\u00eau c\u1ea7u"}]},{"@type":"WebSite","@id":"https:\/\/epe.vn\/#website","url":"https:\/\/epe.vn\/","name":"Nh\u00e0 s\u1ea3n xu\u1ea5t b\u1ecdt Polyethylene m\u1edf r\u1ed9ng","description":"Nh\u00e0 cung c\u1ea5p bao b\u00ec v\u1ec9 x\u1ed1p polyethylene m\u1edf r\u1ed9ng v\u00e0 t\u00fai PE","potentialAction":[{"@type":"SearchAction","target":{"@type":"EntryPoint","urlTemplate":"https:\/\/epe.vn\/?s={search_term_string}"},"query-input":{"@type":"PropertyValueSpecification","valueRequired":true,"valueName":"search_term_string"}}],"inLanguage":"da-DK"}]}},"_links":{"self":[{"href":"https:\/\/epe.vn\/da\/wp-json\/wp\/v2\/product\/1973","targetHints":{"allow":["GET"]}}],"collection":[{"href":"https:\/\/epe.vn\/da\/wp-json\/wp\/v2\/product"}],"about":[{"href":"https:\/\/epe.vn\/da\/wp-json\/wp\/v2\/types\/product"}],"replies":[{"embeddable":true,"href":"https:\/\/epe.vn\/da\/wp-json\/wp\/v2\/comments?post=1973"}],"wp:featuredmedia":[{"embeddable":true,"href":"https:\/\/epe.vn\/da\/wp-json\/wp\/v2\/media\/1974"}],"wp:attachment":[{"href":"https:\/\/epe.vn\/da\/wp-json\/wp\/v2\/media?parent=1973"}],"wp:term":[{"taxonomy":"product_cat","embeddable":true,"href":"https:\/\/epe.vn\/da\/wp-json\/wp\/v2\/product_cat?post=1973"},{"taxonomy":"product_tag","embeddable":true,"href":"https:\/\/epe.vn\/da\/wp-json\/wp\/v2\/product_tag?post=1973"}],"curies":[{"name":"wp","href":"https:\/\/api.w.org\/{rel}","templated":true}]}}