{"id":1992,"date":"2025-04-28T16:49:56","date_gmt":"2025-04-28T09:49:56","guid":{"rendered":"https:\/\/epe.vn\/?post_type=product&#038;p=1992"},"modified":"2025-04-28T16:50:17","modified_gmt":"2025-04-28T09:50:17","slug":"xop-epe-lot-hop-dung-hoa-qua","status":"publish","type":"product","link":"https:\/\/epe.vn\/da\/manufacturer\/xop-epe-lot-hop-dung-hoa-qua\/","title":{"rendered":"X\u1ed1p EPE l\u00f3t h\u1ed9p \u0111\u1ef1ng hoa qu\u1ea3 | Tu\u1ef3 ch\u1ec9nh theo y\u00eau c\u1ea7u"},"content":{"rendered":"<h2><span style=\"font-weight: 400;\">Th\u00f4ng tin s\u1ea3n ph\u1ea9m:<\/span><\/h2>\n<table>\n<tbody>\n<tr>\n<td><b>Ti\u00eau ch\u00ed<\/b><\/td>\n<td><b>Th\u00f4ng tin chi ti\u1ebft<\/b><\/td>\n<\/tr>\n<tr>\n<td><b>Produktnavn<\/b><\/td>\n<td><span style=\"font-weight: 400;\">X\u1ed1p EPE L\u00f3t H\u1ed9p \u0110\u1ef1ng Hoa Qu\u1ea3<\/span><\/td>\n<\/tr>\n<tr>\n<td><b>Th\u01b0\u01a1ng hi\u1ec7u<\/b><\/td>\n<td><span style=\"font-weight: 400;\">Dong Rui Vietnam<\/span><\/td>\n<\/tr>\n<tr>\n<td><b>Materiale<\/b><\/td>\n<td><span style=\"font-weight: 400;\">EPE Foam (Expanded Polyethylene Foam)<\/span><\/td>\n<\/tr>\n<tr>\n<td><b>Ki\u1ec3u d\u00e1ng<\/b><\/td>\n<td><span style=\"font-weight: 400;\">T\u1ea5m x\u1ed1p ho\u1eb7c mi\u1ebfng x\u1ed1p \u0111\u1ecbnh h\u00ecnh theo h\u1ed9p<\/span><\/td>\n<\/tr>\n<tr>\n<td><b>Xu\u1ea5t x\u1ee9<\/b><\/td>\n<td><span style=\"font-weight: 400;\">Trung Qu\u1ed1c<\/span><\/td>\n<\/tr>\n<tr>\n<td><b>St\u00f8rrelse<\/b><\/td>\n<td><span style=\"font-weight: 400;\">Gia c\u00f4ng theo y\u00eau c\u1ea7u (ph\u00f9 h\u1ee3p t\u1eebng lo\u1ea1i h\u1ed9p v\u00e0 lo\u1ea1i tr\u00e1i c\u00e2y)<\/span><\/td>\n<\/tr>\n<tr>\n<td><b>\u0110\u1ed9 d\u00e0y<\/b><\/td>\n<td><span style=\"font-weight: 400;\">5mm \u2013 30mm (ph\u1ed5 bi\u1ebfn)<\/span><\/td>\n<\/tr>\n<tr>\n<td><b>Farve<\/b><\/td>\n<td><span style=\"font-weight: 400;\">Tr\u1eafng, h\u1ed3ng, xanh d\u01b0\u01a1ng, v\u00e0ng ho\u1eb7c theo y\u00eau c\u1ea7u<\/span><\/td>\n<\/tr>\n<tr>\n<td><b>T\u00ednh n\u0103ng n\u1ed5i b\u1eadt<\/b><\/td>\n<td><span style=\"font-weight: 400;\">&#8211; Ch\u1ed1ng s\u1ed1c, ch\u1ed1ng d\u1eadp n\u00e1t<\/span><\/p>\n<p><span style=\"font-weight: 400;\">&#8211; Ch\u1ed1ng \u1ea9m, c\u00e1ch nhi\u1ec7t<\/span><\/p>\n<p><span style=\"font-weight: 400;\">&#8211; Nh\u1eb9, an to\u00e0n v\u1edbi th\u1ef1c ph\u1ea9m<\/span><\/td>\n<\/tr>\n<tr>\n<td><b>\u1ee8ng d\u1ee5ng ph\u1ed5 bi\u1ebfn<\/b><\/td>\n<td><span style=\"font-weight: 400;\">&#8211; L\u00f3t h\u1ed9p \u0111\u1ef1ng hoa qu\u1ea3 t\u01b0\u01a1i<\/span><\/p>\n<p><span style=\"font-weight: 400;\">&#8211; B\u1ea3o v\u1ec7 tr\u00e1i c\u00e2y trong v\u1eadn chuy\u1ec3n, tr\u01b0ng b\u00e0y<\/span><\/p>\n<p><span style=\"font-weight: 400;\">&#8211; D\u00f9ng trong xu\u1ea5t kh\u1ea9u n\u00f4ng s\u1ea3n cao c\u1ea5p<\/span><\/td>\n<\/tr>\n<tr>\n<td><b>Ch\u1ee9ng nh\u1eadn ch\u1ea5t l\u01b0\u1ee3ng<\/b><\/td>\n<td><span style=\"font-weight: 400;\">ISO 9001, RoHS, CE<\/span><\/td>\n<\/tr>\n<tr>\n<td><b>\u0110\u00f3ng g\u00f3i<\/b><\/td>\n<td><span style=\"font-weight: 400;\">\u0110\u00f3ng bao, th\u00f9ng carton ho\u1eb7c theo y\u00eau c\u1ea7u \u0111\u01a1n h\u00e0ng<\/span><\/td>\n<\/tr>\n<tr>\n<td><b>L\u1ee3i \u00edch s\u1eed d\u1ee5ng<\/b><\/td>\n<td><span style=\"font-weight: 400;\">&#8211; B\u1ea3o v\u1ec7 hoa qu\u1ea3 an to\u00e0n, t\u01b0\u01a1i l\u00e2u h\u01a1n<\/span><\/p>\n<p><span style=\"font-weight: 400;\">&#8211; N\u00e2ng cao gi\u00e1 tr\u1ecb s\u1ea3n ph\u1ea9m<\/span><\/p>\n<p><span style=\"font-weight: 400;\">&#8211; Gi\u1ea3m thi\u1ec3u hao h\u1ee5t trong v\u1eadn chuy\u1ec3n v\u00e0 ph\u00e2n ph\u1ed1i<\/span><\/td>\n<\/tr>\n<\/tbody>\n<\/table>\n<h2><span style=\"font-weight: 400;\">Ch\u1ee9c n\u0103ng c\u1ee7a x\u1ed1p EPE l\u00f3t h\u1ed9p \u0111\u1ef1ng hoa qu\u1ea3:<\/span><\/h2>\n<ul>\n<li style=\"font-weight: 400;\" aria-level=\"1\"><b>Ch\u1ed1ng s\u1ed1c, b\u1ea3o v\u1ec7 hoa qu\u1ea3<\/b><span style=\"font-weight: 400;\">: Ng\u0103n ng\u1eeba va \u0111\u1eadp, d\u1eadp n\u00e1t trong qu\u00e1 tr\u00ecnh v\u1eadn chuy\u1ec3n ho\u1eb7c tr\u01b0ng b\u00e0y.<\/span><\/li>\n<li style=\"font-weight: 400;\" aria-level=\"1\"><b>C\u00e1ch nhi\u1ec7t, ch\u1ed1ng \u1ea9m<\/b><span style=\"font-weight: 400;\">: Gi\u00fap gi\u1eef \u0111\u1ed9 t\u01b0\u01a1i ngon cho hoa qu\u1ea3 l\u00e2u h\u01a1n.<\/span><\/li>\n<\/ul>\n<h2><span style=\"font-weight: 400;\">\u01afu \u0111i\u1ec3m:<\/span><\/h2>\n<ul>\n<li style=\"font-weight: 400;\" aria-level=\"1\"><b>An to\u00e0n v\u1edbi th\u1ef1c ph\u1ea9m<\/b><span style=\"font-weight: 400;\">: EPE foam kh\u00f4ng g\u00e2y \u0111\u1ed9c h\u1ea1i, \u0111\u1ea3m b\u1ea3o ti\u00eau chu\u1ea9n b\u1ea3o v\u1ec7 n\u00f4ng s\u1ea3n.<\/span><\/li>\n<li style=\"font-weight: 400;\" aria-level=\"1\"><b>Nh\u1eb9, d\u1ec5 s\u1eed d\u1ee5ng<\/b><span style=\"font-weight: 400;\">: Kh\u00f4ng l\u00e0m t\u0103ng tr\u1ecdng l\u01b0\u1ee3ng \u0111\u00e1ng k\u1ec3 cho h\u1ed9p \u0111\u1ef1ng.<\/span><\/li>\n<li style=\"font-weight: 400;\" aria-level=\"1\"><b>Gia c\u00f4ng linh ho\u1ea1t<\/b><span style=\"font-weight: 400;\">: Ph\u00f9 h\u1ee3p v\u1edbi \u0111a d\u1ea1ng lo\u1ea1i h\u1ed9p v\u00e0 s\u1ea3n ph\u1ea9m n\u00f4ng s\u1ea3n.<\/span><\/li>\n<li style=\"font-weight: 400;\" aria-level=\"1\"><b>Gi\u00e1 th\u00e0nh h\u1ee3p l\u00fd<\/b><span style=\"font-weight: 400;\">: Ti\u1ebft ki\u1ec7m chi ph\u00ed \u0111\u00f3ng g\u00f3i nh\u01b0ng v\u1eabn \u0111\u1ea3m b\u1ea3o hi\u1ec7u qu\u1ea3 b\u1ea3o v\u1ec7 cao.<\/span><\/li>\n<\/ul>","protected":false},"excerpt":{"rendered":"<p class=\"\" data-start=\"3493\" data-end=\"3910\"><strong data-start=\"3493\" data-end=\"3525\">X\u1ed1p EPE l\u00f3t h\u1ed9p \u0111\u1ef1ng hoa qu\u1ea3<\/strong> c\u1ee7a Dong Rui Vi\u1ec7t Nam mang \u0111\u1ebfn gi\u1ea3i ph\u00e1p b\u1ea3o v\u1ec7 t\u1ed1i \u01b0u cho tr\u00e1i c\u00e2y trong qu\u00e1 tr\u00ecnh v\u1eadn chuy\u1ec3n, l\u01b0u kho v\u00e0 tr\u01b0ng b\u00e0y. V\u1edbi kh\u1ea3 n\u0103ng ch\u1ed1ng s\u1ed1c, ch\u1ed1ng \u1ea9m v\u01b0\u1ee3t tr\u1ed9i c\u00f9ng \u0111\u1ed9 \u0111\u00e0n h\u1ed3i cao, s\u1ea3n ph\u1ea9m gi\u00fap h\u1ea1n ch\u1ebf t\u1ed1i \u0111a t\u00ecnh tr\u1ea1ng d\u1eadp n\u00e1t, m\u1ea5t th\u1ea9m m\u1ef9 cho hoa qu\u1ea3. \u0110\u1eb7c bi\u1ec7t, ch\u1ea5t li\u1ec7u EPE an to\u00e0n cho th\u1ef1c ph\u1ea9m v\u00e0 d\u1ec5 d\u00e0ng gia c\u00f4ng theo y\u00eau c\u1ea7u, ph\u00f9 h\u1ee3p cho c\u1ea3 th\u1ecb tr\u01b0\u1eddng n\u1ed9i \u0111\u1ecba l\u1eabn xu\u1ea5t kh\u1ea9u.<\/p>","protected":false},"featured_media":1993,"comment_status":"open","ping_status":"closed","template":"","meta":[],"product_cat":[15],"product_tag":[48,54,53],"class_list":{"0":"post-1992","1":"product","2":"type-product","3":"status-publish","4":"has-post-thumbnail","6":"product_cat-bot-pe-tuy-chinh","7":"product_tag-epe-foam","8":"product_tag-mua-xop-epe","9":"product_tag-tuy-chinh-xop-epe-foam","11":"first","12":"instock","13":"shipping-taxable","14":"product-type-simple"},"yoast_head":"<!-- This site is optimized with the Yoast SEO plugin v23.4 - https:\/\/yoast.com\/wordpress\/plugins\/seo\/ -->\n<title>X\u1ed1p EPE l\u00f3t h\u1ed9p \u0111\u1ef1ng hoa qu\u1ea3 | Tu\u1ef3 ch\u1ec9nh theo y\u00eau c\u1ea7u - Nh\u00e0 s\u1ea3n xu\u1ea5t b\u1ecdt Polyethylene m\u1edf r\u1ed9ng<\/title>\n<meta name=\"description\" content=\"X\u1ed1p EPE l\u00f3t h\u1ed9p \u0111\u1ef1ng hoa qu\u1ea3 Dong Rui Vi\u1ec7t Nam ch\u1ed1ng s\u1ed1c, ch\u1ed1ng \u1ea9m, an to\u00e0n th\u1ef1c ph\u1ea9m, b\u1ea3o v\u1ec7 hoa qu\u1ea3 t\u01b0\u01a1i ngon trong v\u1eadn chuy\u1ec3n v\u00e0 tr\u01b0ng b\u00e0y.\" \/>\n<meta name=\"robots\" content=\"index, follow, max-snippet:-1, max-image-preview:large, max-video-preview:-1\" \/>\n<link rel=\"canonical\" href=\"https:\/\/epe.vn\/da\/manufacturer\/xop-epe-lot-hop-dung-hoa-qua\/\" \/>\n<meta property=\"og:locale\" content=\"da_DK\" \/>\n<meta property=\"og:type\" content=\"article\" \/>\n<meta property=\"og:title\" content=\"X\u1ed1p EPE l\u00f3t h\u1ed9p \u0111\u1ef1ng hoa qu\u1ea3 | Tu\u1ef3 ch\u1ec9nh theo y\u00eau c\u1ea7u - Nh\u00e0 s\u1ea3n xu\u1ea5t b\u1ecdt Polyethylene m\u1edf r\u1ed9ng\" \/>\n<meta property=\"og:description\" content=\"X\u1ed1p EPE l\u00f3t h\u1ed9p \u0111\u1ef1ng hoa qu\u1ea3 Dong Rui Vi\u1ec7t Nam ch\u1ed1ng s\u1ed1c, ch\u1ed1ng \u1ea9m, an to\u00e0n th\u1ef1c ph\u1ea9m, b\u1ea3o v\u1ec7 hoa qu\u1ea3 t\u01b0\u01a1i ngon trong v\u1eadn chuy\u1ec3n v\u00e0 tr\u01b0ng b\u00e0y.\" \/>\n<meta property=\"og:url\" content=\"https:\/\/epe.vn\/da\/manufacturer\/xop-epe-lot-hop-dung-hoa-qua\/\" \/>\n<meta property=\"og:site_name\" content=\"Nh\u00e0 s\u1ea3n xu\u1ea5t b\u1ecdt Polyethylene m\u1edf r\u1ed9ng\" \/>\n<meta property=\"article:modified_time\" content=\"2025-04-28T09:50:17+00:00\" \/>\n<meta property=\"og:image\" content=\"https:\/\/epe.vn\/wp-content\/uploads\/2025\/04\/xop-EPE-lot-hop-dung-hoa-qua-1.webp\" \/>\n\t<meta property=\"og:image:width\" content=\"800\" \/>\n\t<meta property=\"og:image:height\" content=\"800\" \/>\n\t<meta property=\"og:image:type\" content=\"image\/webp\" \/>\n<meta name=\"twitter:card\" content=\"summary_large_image\" \/>\n<meta name=\"twitter:label1\" content=\"Estimeret l\u00e6setid\" \/>\n\t<meta name=\"twitter:data1\" content=\"2 minutter\" \/>\n<script type=\"application\/ld+json\" class=\"yoast-schema-graph\">{\"@context\":\"https:\/\/schema.org\",\"@graph\":[{\"@type\":\"WebPage\",\"@id\":\"https:\/\/epe.vn\/manufacturer\/xop-epe-lot-hop-dung-hoa-qua\/\",\"url\":\"https:\/\/epe.vn\/manufacturer\/xop-epe-lot-hop-dung-hoa-qua\/\",\"name\":\"X\u1ed1p EPE l\u00f3t h\u1ed9p \u0111\u1ef1ng hoa qu\u1ea3 | Tu\u1ef3 ch\u1ec9nh theo y\u00eau c\u1ea7u - Nh\u00e0 s\u1ea3n xu\u1ea5t b\u1ecdt Polyethylene m\u1edf r\u1ed9ng\",\"isPartOf\":{\"@id\":\"https:\/\/epe.vn\/#website\"},\"primaryImageOfPage\":{\"@id\":\"https:\/\/epe.vn\/manufacturer\/xop-epe-lot-hop-dung-hoa-qua\/#primaryimage\"},\"image\":{\"@id\":\"https:\/\/epe.vn\/manufacturer\/xop-epe-lot-hop-dung-hoa-qua\/#primaryimage\"},\"thumbnailUrl\":\"https:\/\/epe.vn\/wp-content\/uploads\/2025\/04\/xop-EPE-lot-hop-dung-hoa-qua-1.webp\",\"datePublished\":\"2025-04-28T09:49:56+00:00\",\"dateModified\":\"2025-04-28T09:50:17+00:00\",\"description\":\"X\u1ed1p EPE l\u00f3t h\u1ed9p \u0111\u1ef1ng hoa qu\u1ea3 Dong Rui Vi\u1ec7t Nam ch\u1ed1ng s\u1ed1c, ch\u1ed1ng \u1ea9m, an to\u00e0n th\u1ef1c ph\u1ea9m, b\u1ea3o v\u1ec7 hoa qu\u1ea3 t\u01b0\u01a1i ngon trong v\u1eadn chuy\u1ec3n v\u00e0 tr\u01b0ng b\u00e0y.\",\"breadcrumb\":{\"@id\":\"https:\/\/epe.vn\/manufacturer\/xop-epe-lot-hop-dung-hoa-qua\/#breadcrumb\"},\"inLanguage\":\"da-DK\",\"potentialAction\":[{\"@type\":\"ReadAction\",\"target\":[\"https:\/\/epe.vn\/manufacturer\/xop-epe-lot-hop-dung-hoa-qua\/\"]}]},{\"@type\":\"ImageObject\",\"inLanguage\":\"da-DK\",\"@id\":\"https:\/\/epe.vn\/manufacturer\/xop-epe-lot-hop-dung-hoa-qua\/#primaryimage\",\"url\":\"https:\/\/epe.vn\/wp-content\/uploads\/2025\/04\/xop-EPE-lot-hop-dung-hoa-qua-1.webp\",\"contentUrl\":\"https:\/\/epe.vn\/wp-content\/uploads\/2025\/04\/xop-EPE-lot-hop-dung-hoa-qua-1.webp\",\"width\":800,\"height\":800,\"caption\":\"xo\u0302\u0301p EPE lo\u0301t ho\u0323\u0302p \u0111u\u031b\u0323ng hoa qua\u0309 1\"},{\"@type\":\"BreadcrumbList\",\"@id\":\"https:\/\/epe.vn\/manufacturer\/xop-epe-lot-hop-dung-hoa-qua\/#breadcrumb\",\"itemListElement\":[{\"@type\":\"ListItem\",\"position\":1,\"name\":\"Home\",\"item\":\"https:\/\/epe.vn\/\"},{\"@type\":\"ListItem\",\"position\":2,\"name\":\"Shop\",\"item\":\"https:\/\/epe.vn\/shop\/\"},{\"@type\":\"ListItem\",\"position\":3,\"name\":\"X\u1ed1p EPE l\u00f3t h\u1ed9p \u0111\u1ef1ng hoa qu\u1ea3 | Tu\u1ef3 ch\u1ec9nh theo y\u00eau c\u1ea7u\"}]},{\"@type\":\"WebSite\",\"@id\":\"https:\/\/epe.vn\/#website\",\"url\":\"https:\/\/epe.vn\/\",\"name\":\"Nh\u00e0 s\u1ea3n xu\u1ea5t b\u1ecdt Polyethylene m\u1edf r\u1ed9ng\",\"description\":\"Nh\u00e0 cung c\u1ea5p bao b\u00ec v\u1ec9 x\u1ed1p polyethylene m\u1edf r\u1ed9ng v\u00e0 t\u00fai PE\",\"potentialAction\":[{\"@type\":\"SearchAction\",\"target\":{\"@type\":\"EntryPoint\",\"urlTemplate\":\"https:\/\/epe.vn\/?s={search_term_string}\"},\"query-input\":{\"@type\":\"PropertyValueSpecification\",\"valueRequired\":true,\"valueName\":\"search_term_string\"}}],\"inLanguage\":\"da-DK\"}]}<\/script>\n<!-- \/ Yoast SEO plugin. -->","yoast_head_json":{"title":"X\u1ed1p EPE l\u00f3t h\u1ed9p \u0111\u1ef1ng hoa qu\u1ea3 | Tu\u1ef3 ch\u1ec9nh theo y\u00eau c\u1ea7u - Nh\u00e0 s\u1ea3n xu\u1ea5t b\u1ecdt Polyethylene m\u1edf r\u1ed9ng","description":"X\u1ed1p EPE l\u00f3t h\u1ed9p \u0111\u1ef1ng hoa qu\u1ea3 Dong Rui Vi\u1ec7t Nam ch\u1ed1ng s\u1ed1c, ch\u1ed1ng \u1ea9m, an to\u00e0n th\u1ef1c ph\u1ea9m, b\u1ea3o v\u1ec7 hoa qu\u1ea3 t\u01b0\u01a1i ngon trong v\u1eadn chuy\u1ec3n v\u00e0 tr\u01b0ng b\u00e0y.","robots":{"index":"index","follow":"follow","max-snippet":"max-snippet:-1","max-image-preview":"max-image-preview:large","max-video-preview":"max-video-preview:-1"},"canonical":"https:\/\/epe.vn\/da\/manufacturer\/xop-epe-lot-hop-dung-hoa-qua\/","og_locale":"da_DK","og_type":"article","og_title":"X\u1ed1p EPE l\u00f3t h\u1ed9p \u0111\u1ef1ng hoa qu\u1ea3 | Tu\u1ef3 ch\u1ec9nh theo y\u00eau c\u1ea7u - Nh\u00e0 s\u1ea3n xu\u1ea5t b\u1ecdt Polyethylene m\u1edf r\u1ed9ng","og_description":"X\u1ed1p EPE l\u00f3t h\u1ed9p \u0111\u1ef1ng hoa qu\u1ea3 Dong Rui Vi\u1ec7t Nam ch\u1ed1ng s\u1ed1c, ch\u1ed1ng \u1ea9m, an to\u00e0n th\u1ef1c ph\u1ea9m, b\u1ea3o v\u1ec7 hoa qu\u1ea3 t\u01b0\u01a1i ngon trong v\u1eadn chuy\u1ec3n v\u00e0 tr\u01b0ng b\u00e0y.","og_url":"https:\/\/epe.vn\/da\/manufacturer\/xop-epe-lot-hop-dung-hoa-qua\/","og_site_name":"Nh\u00e0 s\u1ea3n xu\u1ea5t b\u1ecdt Polyethylene m\u1edf r\u1ed9ng","article_modified_time":"2025-04-28T09:50:17+00:00","og_image":[{"width":800,"height":800,"url":"https:\/\/epe.vn\/wp-content\/uploads\/2025\/04\/xop-EPE-lot-hop-dung-hoa-qua-1.webp","type":"image\/webp"}],"twitter_card":"summary_large_image","twitter_misc":{"Estimeret l\u00e6setid":"2 minutter"},"schema":{"@context":"https:\/\/schema.org","@graph":[{"@type":"WebPage","@id":"https:\/\/epe.vn\/manufacturer\/xop-epe-lot-hop-dung-hoa-qua\/","url":"https:\/\/epe.vn\/manufacturer\/xop-epe-lot-hop-dung-hoa-qua\/","name":"X\u1ed1p EPE l\u00f3t h\u1ed9p \u0111\u1ef1ng hoa qu\u1ea3 | Tu\u1ef3 ch\u1ec9nh theo y\u00eau c\u1ea7u - Nh\u00e0 s\u1ea3n xu\u1ea5t b\u1ecdt Polyethylene m\u1edf r\u1ed9ng","isPartOf":{"@id":"https:\/\/epe.vn\/#website"},"primaryImageOfPage":{"@id":"https:\/\/epe.vn\/manufacturer\/xop-epe-lot-hop-dung-hoa-qua\/#primaryimage"},"image":{"@id":"https:\/\/epe.vn\/manufacturer\/xop-epe-lot-hop-dung-hoa-qua\/#primaryimage"},"thumbnailUrl":"https:\/\/epe.vn\/wp-content\/uploads\/2025\/04\/xop-EPE-lot-hop-dung-hoa-qua-1.webp","datePublished":"2025-04-28T09:49:56+00:00","dateModified":"2025-04-28T09:50:17+00:00","description":"X\u1ed1p EPE l\u00f3t h\u1ed9p \u0111\u1ef1ng hoa qu\u1ea3 Dong Rui Vi\u1ec7t Nam ch\u1ed1ng s\u1ed1c, ch\u1ed1ng \u1ea9m, an to\u00e0n th\u1ef1c ph\u1ea9m, b\u1ea3o v\u1ec7 hoa qu\u1ea3 t\u01b0\u01a1i ngon trong v\u1eadn chuy\u1ec3n v\u00e0 tr\u01b0ng b\u00e0y.","breadcrumb":{"@id":"https:\/\/epe.vn\/manufacturer\/xop-epe-lot-hop-dung-hoa-qua\/#breadcrumb"},"inLanguage":"da-DK","potentialAction":[{"@type":"ReadAction","target":["https:\/\/epe.vn\/manufacturer\/xop-epe-lot-hop-dung-hoa-qua\/"]}]},{"@type":"ImageObject","inLanguage":"da-DK","@id":"https:\/\/epe.vn\/manufacturer\/xop-epe-lot-hop-dung-hoa-qua\/#primaryimage","url":"https:\/\/epe.vn\/wp-content\/uploads\/2025\/04\/xop-EPE-lot-hop-dung-hoa-qua-1.webp","contentUrl":"https:\/\/epe.vn\/wp-content\/uploads\/2025\/04\/xop-EPE-lot-hop-dung-hoa-qua-1.webp","width":800,"height":800,"caption":"xo\u0302\u0301p EPE lo\u0301t ho\u0323\u0302p \u0111u\u031b\u0323ng hoa qua\u0309 1"},{"@type":"BreadcrumbList","@id":"https:\/\/epe.vn\/manufacturer\/xop-epe-lot-hop-dung-hoa-qua\/#breadcrumb","itemListElement":[{"@type":"ListItem","position":1,"name":"Home","item":"https:\/\/epe.vn\/"},{"@type":"ListItem","position":2,"name":"Shop","item":"https:\/\/epe.vn\/shop\/"},{"@type":"ListItem","position":3,"name":"X\u1ed1p EPE l\u00f3t h\u1ed9p \u0111\u1ef1ng hoa qu\u1ea3 | Tu\u1ef3 ch\u1ec9nh theo y\u00eau c\u1ea7u"}]},{"@type":"WebSite","@id":"https:\/\/epe.vn\/#website","url":"https:\/\/epe.vn\/","name":"Nh\u00e0 s\u1ea3n xu\u1ea5t b\u1ecdt Polyethylene m\u1edf r\u1ed9ng","description":"Nh\u00e0 cung c\u1ea5p bao b\u00ec v\u1ec9 x\u1ed1p polyethylene m\u1edf r\u1ed9ng v\u00e0 t\u00fai PE","potentialAction":[{"@type":"SearchAction","target":{"@type":"EntryPoint","urlTemplate":"https:\/\/epe.vn\/?s={search_term_string}"},"query-input":{"@type":"PropertyValueSpecification","valueRequired":true,"valueName":"search_term_string"}}],"inLanguage":"da-DK"}]}},"_links":{"self":[{"href":"https:\/\/epe.vn\/da\/wp-json\/wp\/v2\/product\/1992","targetHints":{"allow":["GET"]}}],"collection":[{"href":"https:\/\/epe.vn\/da\/wp-json\/wp\/v2\/product"}],"about":[{"href":"https:\/\/epe.vn\/da\/wp-json\/wp\/v2\/types\/product"}],"replies":[{"embeddable":true,"href":"https:\/\/epe.vn\/da\/wp-json\/wp\/v2\/comments?post=1992"}],"wp:featuredmedia":[{"embeddable":true,"href":"https:\/\/epe.vn\/da\/wp-json\/wp\/v2\/media\/1993"}],"wp:attachment":[{"href":"https:\/\/epe.vn\/da\/wp-json\/wp\/v2\/media?parent=1992"}],"wp:term":[{"taxonomy":"product_cat","embeddable":true,"href":"https:\/\/epe.vn\/da\/wp-json\/wp\/v2\/product_cat?post=1992"},{"taxonomy":"product_tag","embeddable":true,"href":"https:\/\/epe.vn\/da\/wp-json\/wp\/v2\/product_tag?post=1992"}],"curies":[{"name":"wp","href":"https:\/\/api.w.org\/{rel}","templated":true}]}}