{"id":513,"date":"2023-03-13T07:20:57","date_gmt":"2023-03-13T07:20:57","guid":{"rendered":"https:\/\/epe.vn\/?page_id=513"},"modified":"2025-10-07T08:53:48","modified_gmt":"2025-10-07T01:53:48","slug":"dich-vu-2","status":"publish","type":"page","link":"https:\/\/epe.vn\/de\/dich-vu-2\/","title":{"rendered":"Service"},"content":{"rendered":"<div class=\"banner has-hover\" id=\"banner-1356958929\">\n          <div class=\"banner-inner fill\">\n        <div class=\"banner-bg fill\" >\n            <div class=\"bg fill bg-fill\"><\/div>\n                        <div class=\"overlay\"><\/div>            \n                    <\/div>\n\t\t\n        <div class=\"banner-layers container\">\n            <div class=\"fill banner-link\"><\/div>            \n   <div id=\"text-box-952638574\" class=\"text-box banner-layer x5 md-x5 lg-x0 y50 md-y50 lg-y50 res-text\">\n                                <div class=\"text-box-content text dark\">\n              \n              <div class=\"text-inner text-center\">\n                  \n\t<div id=\"text-1925958978\" class=\"text\">\n\t\t\n<h1>Service<\/h1>\n\t\t\n<style>\n#text-1925958978 {\n  text-align: left;\n}\n<\/style>\n\t<\/div>\n\t\n              <\/div>\n           <\/div>\n                            \n<style>\n#text-box-952638574 {\n  width: 60%;\n}\n#text-box-952638574 .text-box-content {\n  font-size: 100%;\n}\n<\/style>\n    <\/div>\n \n        <\/div>\n      <\/div>\n\n            \n<style>\n#banner-1356958929 {\n  padding-top: 27%;\n  background-color: rgb(255, 255, 255);\n}\n#banner-1356958929 .bg.bg-loaded {\n  background-image: url(https:\/\/epe.vn\/wp-content\/uploads\/2025\/01\/Dich-Vu.jpg);\n}\n#banner-1356958929 .overlay {\n  background-color: rgba(82, 76, 76, 0.227);\n}\n<\/style>\n  <\/div>\n\n\n\t<section class=\"section\" id=\"section_1301776156\">\n\t\t<div class=\"bg section-bg fill bg-fill  bg-loaded\" >\n\n\t\t\t\n\t\t\t<div class=\"section-bg-overlay absolute fill\"><\/div>\n\t\t\t\n\n\t\t<\/div>\n\n\t\t\n\n\t\t<div class=\"section-content relative\">\n\t\t\t\n<div class=\"row align-middle\"  id=\"row-1176835370\">\n\n\t<div id=\"col-1266059287\" class=\"col medium-12 small-12 large-6\"  >\n\t\t\t\t<div class=\"col-inner\"  >\n\t\t\t\n\t\t\t\n\t<div class=\"img has-hover x md-x lg-x y md-y lg-y\" id=\"image_1857005474\">\n\t\t\t\t\t\t\t\t<div class=\"img-inner image-cover dark\" style=\"padding-top:65%;margin:0px 0px 0px 0px;\">\n\t\t\t<img loading=\"lazy\" decoding=\"async\" width=\"760\" height=\"450\" src=\"https:\/\/epe.vn\/wp-content\/uploads\/2025\/01\/Dich-Vu-RD.jpg\" class=\"attachment-original size-original\" alt=\"F&amp;E-Dienstleistungen\" srcset=\"https:\/\/epe.vn\/wp-content\/uploads\/2025\/01\/Dich-Vu-RD.jpg 760w, https:\/\/epe.vn\/wp-content\/uploads\/2025\/01\/Dich-Vu-RD-300x178.jpg 300w, https:\/\/epe.vn\/wp-content\/uploads\/2025\/01\/Dich-Vu-RD-18x12.jpg 18w, https:\/\/epe.vn\/wp-content\/uploads\/2025\/01\/Dich-Vu-RD-600x355.jpg 600w\" sizes=\"auto, (max-width: 760px) 100vw, 760px\" \/>\t\t\t\t\t\t\n\t\t\t\t\t<\/div>\n\t\t\t\t\t\t\t\t\n<style>\n#image_1857005474 {\n  width: 100%;\n}\n<\/style>\n\t<\/div>\n\t\n\t\t<\/div>\n\t\t\t\t\n<style>\n#col-1266059287 > .col-inner {\n  padding: 0px 0px 0px 0px;\n}\n@media (min-width:850px) {\n  #col-1266059287 > .col-inner {\n    padding: 0px 30px 0px 0px;\n  }\n}\n<\/style>\n\t<\/div>\n\n\t\n\n\t<div id=\"col-778186796\" class=\"col medium-12 small-12 large-6 medium-col-first\"  >\n\t\t\t\t<div class=\"col-inner\"  >\n\t\t\t\n\t\t\t\n\t<div id=\"text-3432640442\" class=\"text\">\n\t\t\n<h2>D\u1ecbch v\u1ee5 t\u00f9y ch\u1ec9nh X\u1ed1p FE ch\u1ea5t l\u01b0\u1ee3ng cao<\/h2>\n\t\t\n<style>\n#text-3432640442 {\n  font-size: 1rem;\n}\n@media (min-width:850px) {\n  #text-3432640442 {\n    font-size: 1.5rem;\n  }\n}\n<\/style>\n\t<\/div>\n\t\n<div class=\"is-divider divider clearfix\" style=\"max-width:50px;height:4px;background-color:rgb(0, 102, 204);\"><\/div>\n<p>Der FE-Schaum von Dongrui Industry wird aus hochwertigen Rohstoffen und in streng kontrollierten Verfahren hergestellt, wodurch eine gleichbleibende Qualit\u00e4t gew\u00e4hrleistet wird. Das Produkt verf\u00fcgt \u00fcber eine gute Kompressions-, D\u00e4mpfungs- und Sto\u00dffestigkeit und eignet sich f\u00fcr Verpackung, Logistik, Schutz und viele andere Anwendungen. Wir bieten au\u00dferdem einen Service zur individuellen Anpassung von FE-Schaum an die Anforderungen hinsichtlich Spezifikation, Dicke, Dichte und Gr\u00f6\u00dfe an und erf\u00fcllen so alle Anforderungen, egal ob gro\u00dfe oder kleine Mengen.<\/p>\n<a href=\"https:\/\/epe.vn\/de\/contact\/\" class=\"button primary\"  style=\"border-radius:99px;\">\n    <span>Li\u00ean h\u1ec7 s\u1ed1: 0333 389 002<\/span>\n  <\/a>\n\n\t\t<\/div>\n\t\t\t\t\t<\/div>\n\n\t\n<\/div>\n\t\t<\/div>\n\n\t\t\n<style>\n#section_1301776156 {\n  padding-top: 30px;\n  padding-bottom: 30px;\n}\n#section_1301776156 .section-bg-overlay {\n  background-color: rgb(243, 243, 243);\n}\n@media (min-width:850px) {\n  #section_1301776156 {\n    padding-top: 80px;\n    padding-bottom: 80px;\n  }\n}\n<\/style>\n\t<\/section>\n\t\n\t<section class=\"section\" id=\"section_1336106264\">\n\t\t<div class=\"bg section-bg fill bg-fill  bg-loaded\" >\n\n\t\t\t\n\t\t\t\n\t\t\t\n\t<div class=\"is-border\"\n\t\tstyle=\"border-width:1px 0px 0px 0px;\">\n\t<\/div>\n\n\t\t<\/div>\n\n\t\t\n\n\t\t<div class=\"section-content relative\">\n\t\t\t\n<div class=\"row align-middle\"  id=\"row-911432576\">\n\n\t<div id=\"col-1123079249\" class=\"col medium-12 small-12 large-6\"  >\n\t\t\t\t<div class=\"col-inner\"  >\n\t\t\t\n\t\t\t\n\t<div id=\"text-3872429514\" class=\"text\">\n\t\t\n<h2>Kinh nghi\u1ec7m v\u00e0 Ngu\u1ed3n cung \u1ed5n \u0111\u1ecbnh t\u1eeb Dongrui Industry<\/h2>\n\t\t\n<style>\n#text-3872429514 {\n  font-size: 1rem;\n}\n@media (min-width:850px) {\n  #text-3872429514 {\n    font-size: 1.5rem;\n  }\n}\n<\/style>\n\t<\/div>\n\t\n<div class=\"is-divider divider clearfix\" style=\"max-width:50px;height:4px;background-color:rgb(0, 102, 204);\"><\/div>\n<p>Dank seiner langj\u00e4hrigen Erfahrung in der FE-Schaumindustrie verf\u00fcgt Dongrui Industry nicht nur \u00fcber umfassende Technologien und Fachkenntnisse, sondern bietet auch professionelle Beratungsdienste an, um Kunden bei der Auswahl optimaler Verpackungsmaterialien und -l\u00f6sungen zu unterst\u00fctzen. Als f\u00fchrender FE-Schaumlieferant verf\u00fcgen wir \u00fcber starke Produktionskapazit\u00e4ten und ein vollst\u00e4ndiges Lieferkettenmanagementsystem, das eine p\u00fcnktliche Lieferung und eine stabile Versorgung unserer Kunden gew\u00e4hrleistet.<\/p>\n<a href=\"https:\/\/epe.vn\/de\/contact\/\" class=\"button primary\"  style=\"border-radius:99px;\">\n    <span>Li\u00ean h\u1ec7 s\u1ed1: 0333 389 002<\/span>\n  <\/a>\n\n\t\t<\/div>\n\t\t\t\t\n<style>\n#col-1123079249 > .col-inner {\n  padding: 0px 0px 0px 0px;\n}\n@media (min-width:850px) {\n  #col-1123079249 > .col-inner {\n    padding: 0px 30px 0px 0px;\n  }\n}\n<\/style>\n\t<\/div>\n\n\t\n\n\t<div id=\"col-1617913896\" class=\"col medium-12 small-12 large-6 medium-col-first\"  >\n\t\t\t\t<div class=\"col-inner\"  >\n\t\t\t\n\t\t\t\n\t<div class=\"img has-hover x md-x lg-x y md-y lg-y\" id=\"image_2075016484\">\n\t\t\t\t\t\t\t\t<div class=\"img-inner image-cover dark\" style=\"padding-top:65%;margin:0px 0px 0px 0px;\">\n\t\t\t<img loading=\"lazy\" decoding=\"async\" width=\"760\" height=\"450\" src=\"https:\/\/epe.vn\/wp-content\/uploads\/2025\/01\/Kinh-Nghiem-va-Nguon-Cung-On-Dinh-tu-Dongrui-Industry.jpg\" class=\"attachment-original size-original\" alt=\"Erfahrung und stabile Versorgung durch Dongrui Industry\" srcset=\"https:\/\/epe.vn\/wp-content\/uploads\/2025\/01\/Kinh-Nghiem-va-Nguon-Cung-On-Dinh-tu-Dongrui-Industry.jpg 760w, https:\/\/epe.vn\/wp-content\/uploads\/2025\/01\/Kinh-Nghiem-va-Nguon-Cung-On-Dinh-tu-Dongrui-Industry-300x178.jpg 300w, https:\/\/epe.vn\/wp-content\/uploads\/2025\/01\/Kinh-Nghiem-va-Nguon-Cung-On-Dinh-tu-Dongrui-Industry-18x12.jpg 18w, https:\/\/epe.vn\/wp-content\/uploads\/2025\/01\/Kinh-Nghiem-va-Nguon-Cung-On-Dinh-tu-Dongrui-Industry-600x355.jpg 600w\" sizes=\"auto, (max-width: 760px) 100vw, 760px\" \/>\t\t\t\t\t\t\n\t\t\t\t\t<\/div>\n\t\t\t\t\t\t\t\t\n<style>\n#image_2075016484 {\n  width: 100%;\n}\n<\/style>\n\t<\/div>\n\t\n\t\t<\/div>\n\t\t\t\t\t<\/div>\n\n\t\n<\/div>\n<div class=\"row\"  id=\"row-751973128\">\n\n\t<div id=\"col-819411018\" class=\"col small-12 large-12\"  >\n\t\t\t\t<div class=\"col-inner\"  >\n\t\t\t\n\t\t\t\n\t<div id=\"gap-504239237\" class=\"gap-element clearfix\" style=\"display:block; height:auto;\">\n\t\t\n<style>\n#gap-504239237 {\n  padding-top: 0px;\n}\n@media (min-width:850px) {\n  #gap-504239237 {\n    padding-top: 30px;\n  }\n}\n<\/style>\n\t<\/div>\n\t\n\t<div id=\"text-2285930272\" class=\"text\">\n\t\t\n<h3>Phong c\u00e1ch thi\u1ebft k\u1ebf<\/h3>\n\t\t\n<style>\n#text-2285930272 {\n  font-size: 1rem;\n  text-align: center;\n}\n@media (min-width:850px) {\n  #text-2285930272 {\n    font-size: 1.5rem;\n  }\n}\n<\/style>\n\t<\/div>\n\t\n\t\t<\/div>\n\t\t\t\t\t<\/div>\n\n\t\n<\/div>\n<div class=\"row\"  id=\"row-102383660\">\n\n\t<div id=\"col-86160834\" class=\"col small-12 large-12\"  >\n\t\t\t\t<div class=\"col-inner\"  >\n\t\t\t\n\t\t\t\n<p>Mit Kreativit\u00e4t und Liebe zum Detail bieten unsere Designs und Geh\u00e4usestile die perfekte Mischung aus \u00c4sthetik und Funktionalit\u00e4t. Hier sind drei typische Beispiele:<\/p>\n\t<div id=\"gap-903396323\" class=\"gap-element clearfix\" style=\"display:block; height:auto;\">\n\t\t\n<style>\n#gap-903396323 {\n  padding-top: 30px;\n}\n<\/style>\n\t<\/div>\n\t\n<div class=\"row\"  id=\"row-1804032054\">\n\n\t<div id=\"col-1278542182\" class=\"col medium-4 small-12 large-4\"  >\n\t\t\t\t<div class=\"col-inner\"  >\n\t\t\t\n\t\t\t\n\t<div class=\"box has-hover   has-hover box-text-bottom\" >\n\n\t\t<div class=\"box-image\" >\n\t\t\t\t\t\t<div class=\"image-cover\" style=\"padding-top:75%;\">\n\t\t\t\t<img loading=\"lazy\" decoding=\"async\" width=\"1000\" height=\"700\" src=\"https:\/\/epe.vn\/wp-content\/uploads\/2025\/02\/Khay-Dung-Trung-Bang-Xop-EPE.webp\" class=\"attachment-original size-original\" alt=\"Eierablage aus EPE-Schaum\" srcset=\"https:\/\/epe.vn\/wp-content\/uploads\/2025\/02\/Khay-Dung-Trung-Bang-Xop-EPE.webp 1000w, https:\/\/epe.vn\/wp-content\/uploads\/2025\/02\/Khay-Dung-Trung-Bang-Xop-EPE-300x210.webp 300w, https:\/\/epe.vn\/wp-content\/uploads\/2025\/02\/Khay-Dung-Trung-Bang-Xop-EPE-768x538.webp 768w, https:\/\/epe.vn\/wp-content\/uploads\/2025\/02\/Khay-Dung-Trung-Bang-Xop-EPE-18x12.webp 18w, https:\/\/epe.vn\/wp-content\/uploads\/2025\/02\/Khay-Dung-Trung-Bang-Xop-EPE-600x420.webp 600w\" sizes=\"auto, (max-width: 1000px) 100vw, 1000px\" \/>\t\t\t\t<div class=\"overlay\" style=\"background-color:rgba(0, 0, 0, 0.076)\"><\/div>\t\t\t\t\t\t\t<\/div>\n\t\t\t\t\t<\/div>\n\n\t\t<div class=\"box-text text-left\" >\n\t\t\t<div class=\"box-text-inner\">\n\t\t\t\t\n\t<div id=\"text-532144877\" class=\"text\">\n\t\t\n<h4>Khay \u0111\u1ef1ng tr\u1ee9ng b\u1eb1ng X\u1ed1p EPE<\/h4>\n<p>Hochwertige Eierablage aus EPE-Schaum, optimaler Eierschutz. Produkt von Dongrui, dem f\u00fchrenden Hersteller von EPE-Schaum. Jetzt kontaktieren!<br \/>\n\t\t\n<style>\n#text-532144877 {\n  font-size: 1rem;\n}\n<\/style>\n\t<\/div>\n\t\n\t\t\t<\/div>\n\t\t<\/div>\n\t<\/div>\n\t\n\t\t<\/div>\n\t\t\t\t\t<\/div>\n\n\t\n\n\t<div id=\"col-447407029\" class=\"col medium-4 small-12 large-4\"  >\n\t\t\t\t<div class=\"col-inner\"  >\n\t\t\t\n\t\t\t\n\t<div class=\"box has-hover   has-hover box-text-bottom\" >\n\n\t\t<div class=\"box-image\" >\n\t\t\t\t\t\t<div class=\"image-cover\" style=\"padding-top:75%;\">\n\t\t\t\t<img loading=\"lazy\" decoding=\"async\" width=\"1000\" height=\"700\" src=\"https:\/\/epe.vn\/wp-content\/uploads\/2025\/02\/ong-xop-epe-tuy-chinh.webp\" class=\"attachment-original size-original\" alt=\"benutzerdefiniertes Epe-Schaumrohr\" srcset=\"https:\/\/epe.vn\/wp-content\/uploads\/2025\/02\/ong-xop-epe-tuy-chinh.webp 1000w, https:\/\/epe.vn\/wp-content\/uploads\/2025\/02\/ong-xop-epe-tuy-chinh-300x210.webp 300w, https:\/\/epe.vn\/wp-content\/uploads\/2025\/02\/ong-xop-epe-tuy-chinh-768x538.webp 768w, https:\/\/epe.vn\/wp-content\/uploads\/2025\/02\/ong-xop-epe-tuy-chinh-18x12.webp 18w, https:\/\/epe.vn\/wp-content\/uploads\/2025\/02\/ong-xop-epe-tuy-chinh-600x420.webp 600w\" sizes=\"auto, (max-width: 1000px) 100vw, 1000px\" \/>\t\t\t\t<div class=\"overlay\" style=\"background-color:rgba(0, 0, 0, 0.076)\"><\/div>\t\t\t\t\t\t\t<\/div>\n\t\t\t\t\t<\/div>\n\n\t\t<div class=\"box-text text-left\" >\n\t\t\t<div class=\"box-text-inner\">\n\t\t\t\t\n\t<div id=\"text-800147280\" class=\"text\">\n\t\t\n<h4>\u1ed0ng x\u1ed1p EPE t\u00f9y ch\u1ec9nh<\/h4>\n<p>Dongrui ist auf die Herstellung ma\u00dfgeschneiderter EPE-Schaumstoffschl\u00e4uche auf Anfrage spezialisiert. Qualit\u00e4t garantiert, wettbewerbsf\u00e4higer Preis.<br \/>\n\t\t\n<style>\n#text-800147280 {\n  font-size: 1rem;\n}\n<\/style>\n\t<\/div>\n\t\n\t\t\t<\/div>\n\t\t<\/div>\n\t<\/div>\n\t\n\t\t<\/div>\n\t\t\t\t\t<\/div>\n\n\t\n\n\t<div id=\"col-898546985\" class=\"col medium-4 small-12 large-4\"  >\n\t\t\t\t<div class=\"col-inner\"  >\n\t\t\t\n\t\t\t\n\t<div class=\"box has-hover   has-hover box-text-bottom\" >\n\n\t\t<div class=\"box-image\" >\n\t\t\t\t\t\t<div class=\"image-cover\" style=\"padding-top:75%;\">\n\t\t\t\t<img loading=\"lazy\" decoding=\"async\" width=\"1000\" height=\"700\" src=\"https:\/\/epe.vn\/wp-content\/uploads\/2025\/02\/Lop-lot-bao-bi-xop-EPE.webp\" class=\"attachment-original size-original\" alt=\"Verpackungsauskleidung aus EPE-Schaum\" srcset=\"https:\/\/epe.vn\/wp-content\/uploads\/2025\/02\/Lop-lot-bao-bi-xop-EPE.webp 1000w, https:\/\/epe.vn\/wp-content\/uploads\/2025\/02\/Lop-lot-bao-bi-xop-EPE-300x210.webp 300w, https:\/\/epe.vn\/wp-content\/uploads\/2025\/02\/Lop-lot-bao-bi-xop-EPE-768x538.webp 768w, https:\/\/epe.vn\/wp-content\/uploads\/2025\/02\/Lop-lot-bao-bi-xop-EPE-18x12.webp 18w, https:\/\/epe.vn\/wp-content\/uploads\/2025\/02\/Lop-lot-bao-bi-xop-EPE-600x420.webp 600w\" sizes=\"auto, (max-width: 1000px) 100vw, 1000px\" \/>\t\t\t\t<div class=\"overlay\" style=\"background-color:rgba(0, 0, 0, 0.076)\"><\/div>\t\t\t\t\t\t\t<\/div>\n\t\t\t\t\t<\/div>\n\n\t\t<div class=\"box-text text-left\" >\n\t\t\t<div class=\"box-text-inner\">\n\t\t\t\t\n\t<div id=\"text-1395163495\" class=\"text\">\n\t\t\n<h4>L\u1edbp l\u00f3t bao b\u00ec X\u1ed1p EPE<\/h4>\n<p>Ihre Produkte werden durch die Verpackungsauskleidung aus EPE-Schaum sicher gesch\u00fctzt. Dongrui ist auf die Bereitstellung effektiver Verpackungsl\u00f6sungen aus EPE-Schaum spezialisiert.<br \/>\n\t\t\n<style>\n#text-1395163495 {\n  font-size: 1rem;\n}\n<\/style>\n\t<\/div>\n\t\n\t\t\t<\/div>\n\t\t<\/div>\n\t<\/div>\n\t\n\t\t<\/div>\n\t\t\t\t\t<\/div>\n\n\t\n<\/div>\n\t\t<\/div>\n\t\t\t\t\t<\/div>\n\n\t\n<\/div>\n\t\t<\/div>\n\n\t\t\n<style>\n#section_1336106264 {\n  padding-top: 20px;\n  padding-bottom: 20px;\n}\n@media (min-width:550px) {\n  #section_1336106264 {\n    padding-top: 30px;\n    padding-bottom: 30px;\n  }\n}\n@media (min-width:850px) {\n  #section_1336106264 {\n    padding-top: 50px;\n    padding-bottom: 50px;\n  }\n}\n<\/style>\n\t<\/section>\n\t\n\t<section class=\"section\" id=\"section_1193377493\">\n\t\t<div class=\"bg section-bg fill bg-fill  bg-loaded\" >\n\n\t\t\t\n\t\t\t<div class=\"section-bg-overlay absolute fill\"><\/div>\n\t\t\t\n\t<div class=\"is-border\"\n\t\tstyle=\"border-width:1px 0px 0px 0px;\">\n\t<\/div>\n\n\t\t<\/div>\n\n\t\t\n\n\t\t<div class=\"section-content relative\">\n\t\t\t\n<div class=\"row\"  id=\"row-1524030896\">\n\n\t<div id=\"col-1289539084\" class=\"col small-12 large-12\"  >\n\t\t\t\t<div class=\"col-inner\"  >\n\t\t\t\n\t\t\t\n<div class=\"row align-middle\"  id=\"row-1571107272\">\n\n\t<div id=\"col-1368902195\" class=\"col medium-12 small-12 large-6\"  >\n\t\t\t\t<div class=\"col-inner\"  >\n\t\t\t\n\t\t\t\n\t<div id=\"text-1526953028\" class=\"text\">\n\t\t\n<h2>D\u1ecbch v\u1ee5 sau b\u00e1n h\u00e0ng<\/h2>\n\t\t\n<style>\n#text-1526953028 {\n  font-size: 1rem;\n}\n@media (min-width:850px) {\n  #text-1526953028 {\n    font-size: 1.5rem;\n  }\n}\n<\/style>\n\t<\/div>\n\t\n<p>Service \u00fcber den gesamten Lebenszyklus eines Produktes<\/p>\n<div class=\"is-divider divider clearfix\" style=\"max-width:50px;height:4px;background-color:rgb(0, 102, 204);\"><\/div>\n<p>Dongrui legt Wert darauf, ein hervorragendes Kundenerlebnis zu bieten. Wir bieten folgende Dienstleistungen an:<\/p>\n<ul>\n<li><strong>Beratung und Q&amp;A:<\/strong> Unser professionelles Team steht Ihnen jederzeit f\u00fcr Fragen zur Verf\u00fcgung.<\/li>\n<li><strong>Unterst\u00fctzung bei R\u00fcckgabe und Umtausch:<\/strong> Sollte es ein Problem mit dem Produkt geben, kontaktieren Sie uns bitte innerhalb von 3 Tagen.<\/li>\n<li><strong>Produktgarantie:<\/strong> S\u1ea3n ph\u1ea9m \u0111\u01b0\u1ee3c b\u1ea3o h\u00e0nh trong [th\u1eddi gian b\u1ea3o h\u00e0nh.<\/li>\n<li><strong>Lieferung und Montage:<\/strong> Wir bieten die Lieferung nach Hause an und bei manchen Produkten kann auch die Installation angeboten werden.<\/li>\n<li><strong>Regelm\u00e4\u00dfige Kundenbetreuung:<\/strong> Wir sch\u00e4tzen Ihr Feedback und verbessern kontinuierlich die Qualit\u00e4t unserer Dienstleistungen.<\/li>\n<\/ul>\n<a href=\"https:\/\/epe.vn\/de\/contact\/\" class=\"button primary\"  style=\"border-radius:99px;\">\n    <span>Li\u00ean h\u1ec7 s\u1ed1: 0333 389 002<\/span>\n  <\/a>\n\n\t\t<\/div>\n\t\t\t\t\t<\/div>\n\n\t\n\n\t<div id=\"col-867149720\" class=\"col medium-12 small-12 large-6\"  >\n\t\t\t\t<div class=\"col-inner\"  >\n\t\t\t\n\t\t\t\n\t<div class=\"img has-hover x md-x lg-x y md-y lg-y\" id=\"image_1724359506\">\n\t\t\t\t\t\t\t\t<div class=\"img-inner image-cover dark\" style=\"padding-top:100%;\">\n\t\t\t<img loading=\"lazy\" decoding=\"async\" width=\"800\" height=\"533\" src=\"https:\/\/epe.vn\/wp-content\/uploads\/2023\/04\/after_sale_service.webp\" class=\"attachment-original size-original\" alt=\"\" srcset=\"https:\/\/epe.vn\/wp-content\/uploads\/2023\/04\/after_sale_service.webp 800w, https:\/\/epe.vn\/wp-content\/uploads\/2023\/04\/after_sale_service-300x200.webp 300w, https:\/\/epe.vn\/wp-content\/uploads\/2023\/04\/after_sale_service-768x512.webp 768w, https:\/\/epe.vn\/wp-content\/uploads\/2023\/04\/after_sale_service-600x400.webp 600w\" sizes=\"auto, (max-width: 800px) 100vw, 800px\" \/>\t\t\t\t\t\t\n\t\t\t\t\t<\/div>\n\t\t\t\t\t\t\t\t\n<style>\n#image_1724359506 {\n  width: 100%;\n}\n<\/style>\n\t<\/div>\n\t\n\t\t<\/div>\n\t\t\t\t\t<\/div>\n\n\t\n<\/div>\n\t\t<\/div>\n\t\t\t\t\t<\/div>\n\n\t\n<\/div>\n<div class=\"row\"  id=\"row-513718476\">\n\n\t<div id=\"col-1856992579\" class=\"col small-12 large-12\"  >\n\t\t\t\t<div class=\"col-inner\"  >\n\t\t\t\n\t\t\t\n\t<div id=\"gap-818074442\" class=\"gap-element clearfix\" style=\"display:block; height:auto;\">\n\t\t\n<style>\n#gap-818074442 {\n  padding-top: 0px;\n}\n@media (min-width:850px) {\n  #gap-818074442 {\n    padding-top: 30px;\n  }\n}\n<\/style>\n\t<\/div>\n\t\n\t\t<\/div>\n\t\t\t\t\t<\/div>\n\n\t\n<\/div>\n<div class=\"row\"  id=\"row-1992648355\">\n\n\t<div id=\"col-1332542119\" class=\"col medium-6 small-12 large-4\"  >\n\t\t\t\t<div class=\"col-inner\"  >\n\t\t\t\n\t\t\t\n\t<div class=\"img has-hover x md-x lg-x y md-y lg-y\" id=\"image_615530414\">\n\t\t\t\t\t\t\t\t<div class=\"img-inner dark\" >\n\t\t\t\t\t\t\t\t\t\n\t\t\t\t\t<\/div>\n\t\t\t\t\t\t\t\t\n<style>\n#image_615530414 {\n  width: 100%;\n}\n<\/style>\n\t<\/div>\n\t\n\t\t<\/div>\n\t\t\t\t\t<\/div>\n\n\t\n\n\t<div id=\"col-1917588279\" class=\"col medium-6 small-12 large-8\"  >\n\t\t\t\t<div class=\"col-inner\"  >\n\t\t\t\n\t\t\t\n\t<div id=\"text-731483918\" class=\"text\">\n\t\t\n<h2>Brauchen Sie Hilfe? Wir sind rund um die Uhr an 365 Tagen im Jahr f\u00fcr Sie da!<\/h2>\n\t\t\n<style>\n#text-731483918 {\n  font-size: 1rem;\n}\n@media (min-width:850px) {\n  #text-731483918 {\n    font-size: 1.8rem;\n  }\n}\n<\/style>\n\t<\/div>\n\t\n<p>T\u00ecm gi\u1ea3i ph\u00e1p x\u1ed1p EPE t\u00f9y ch\u1ec9nh? Dongrui h\u1ed7 tr\u1ee3 b\u1ea1n 24\/7, m\u1ecdi l\u00fac m\u1ecdi n\u01a1i!<\/p>\n<a href=\"https:\/\/epe.vn\/de\/contact\/\" class=\"button primary\"  style=\"border-radius:99px;\">\n    <span>Li\u00ean h\u1ec7 s\u1ed1: 0333 389 002<\/span>\n  <\/a>\n\n\t\t<\/div>\n\t\t\t\t\n<style>\n#col-1917588279 > .col-inner {\n  padding: 0px 0px 0px 0px;\n}\n@media (min-width:850px) {\n  #col-1917588279 > .col-inner {\n    padding: 0px 0px 0px 30px;\n  }\n}\n<\/style>\n\t<\/div>\n\n\t\n<\/div>\n\t\t<\/div>\n\n\t\t\n<style>\n#section_1193377493 {\n  padding-top: 30px;\n  padding-bottom: 30px;\n}\n#section_1193377493 .section-bg-overlay {\n  background-color: rgb(243, 243, 243);\n}\n@media (min-width:850px) {\n  #section_1193377493 {\n    padding-top: 50px;\n    padding-bottom: 50px;\n  }\n}\n<\/style>\n\t<\/section>","protected":false},"excerpt":{"rendered":"","protected":false},"author":3,"featured_media":0,"parent":0,"menu_order":0,"comment_status":"closed","ping_status":"closed","template":"page-blank.php","meta":{"footnotes":""},"class_list":["post-513","page","type-page","status-publish","hentry"],"yoast_head":"<!-- This site is optimized with the Yoast SEO plugin v23.4 - https:\/\/yoast.com\/wordpress\/plugins\/seo\/ -->\n<title>D\u1ecbch v\u1ee5 - Nh\u00e0 s\u1ea3n xu\u1ea5t b\u1ecdt Polyethylene m\u1edf r\u1ed9ng<\/title>\n<meta name=\"robots\" content=\"index, follow, max-snippet:-1, max-image-preview:large, max-video-preview:-1\" \/>\n<link rel=\"canonical\" href=\"https:\/\/epe.vn\/de\/dich-vu-2\/\" \/>\n<meta property=\"og:locale\" content=\"de_DE\" \/>\n<meta property=\"og:type\" content=\"article\" \/>\n<meta property=\"og:title\" content=\"D\u1ecbch v\u1ee5 - Nh\u00e0 s\u1ea3n xu\u1ea5t b\u1ecdt Polyethylene m\u1edf r\u1ed9ng\" \/>\n<meta property=\"og:url\" content=\"https:\/\/epe.vn\/de\/dich-vu-2\/\" \/>\n<meta property=\"og:site_name\" content=\"Nh\u00e0 s\u1ea3n xu\u1ea5t b\u1ecdt Polyethylene m\u1edf r\u1ed9ng\" \/>\n<meta property=\"article:modified_time\" content=\"2025-10-07T01:53:48+00:00\" \/>\n<meta name=\"twitter:card\" content=\"summary_large_image\" \/>\n<meta name=\"twitter:label1\" content=\"Gesch\u00e4tzte Lesezeit\" \/>\n\t<meta name=\"twitter:data1\" content=\"5\u00a0Minuten\" \/>\n<script type=\"application\/ld+json\" class=\"yoast-schema-graph\">{\"@context\":\"https:\/\/schema.org\",\"@graph\":[{\"@type\":\"WebPage\",\"@id\":\"https:\/\/epe.vn\/dich-vu-2\/\",\"url\":\"https:\/\/epe.vn\/dich-vu-2\/\",\"name\":\"D\u1ecbch v\u1ee5 - Nh\u00e0 s\u1ea3n xu\u1ea5t b\u1ecdt Polyethylene m\u1edf r\u1ed9ng\",\"isPartOf\":{\"@id\":\"https:\/\/epe.vn\/#website\"},\"datePublished\":\"2023-03-13T07:20:57+00:00\",\"dateModified\":\"2025-10-07T01:53:48+00:00\",\"breadcrumb\":{\"@id\":\"https:\/\/epe.vn\/dich-vu-2\/#breadcrumb\"},\"inLanguage\":\"de\",\"potentialAction\":[{\"@type\":\"ReadAction\",\"target\":[\"https:\/\/epe.vn\/dich-vu-2\/\"]}]},{\"@type\":\"BreadcrumbList\",\"@id\":\"https:\/\/epe.vn\/dich-vu-2\/#breadcrumb\",\"itemListElement\":[{\"@type\":\"ListItem\",\"position\":1,\"name\":\"Home\",\"item\":\"https:\/\/epe.vn\/\"},{\"@type\":\"ListItem\",\"position\":2,\"name\":\"D\u1ecbch v\u1ee5\"}]},{\"@type\":\"WebSite\",\"@id\":\"https:\/\/epe.vn\/#website\",\"url\":\"https:\/\/epe.vn\/\",\"name\":\"Nh\u00e0 s\u1ea3n xu\u1ea5t b\u1ecdt Polyethylene m\u1edf r\u1ed9ng\",\"description\":\"Nh\u00e0 cung c\u1ea5p bao b\u00ec v\u1ec9 x\u1ed1p polyethylene m\u1edf r\u1ed9ng v\u00e0 t\u00fai PE\",\"potentialAction\":[{\"@type\":\"SearchAction\",\"target\":{\"@type\":\"EntryPoint\",\"urlTemplate\":\"https:\/\/epe.vn\/?s={search_term_string}\"},\"query-input\":{\"@type\":\"PropertyValueSpecification\",\"valueRequired\":true,\"valueName\":\"search_term_string\"}}],\"inLanguage\":\"de\"}]}<\/script>\n<!-- \/ Yoast SEO plugin. -->","yoast_head_json":{"title":"D\u1ecbch v\u1ee5 - Nh\u00e0 s\u1ea3n xu\u1ea5t b\u1ecdt Polyethylene m\u1edf r\u1ed9ng","robots":{"index":"index","follow":"follow","max-snippet":"max-snippet:-1","max-image-preview":"max-image-preview:large","max-video-preview":"max-video-preview:-1"},"canonical":"https:\/\/epe.vn\/de\/dich-vu-2\/","og_locale":"de_DE","og_type":"article","og_title":"D\u1ecbch v\u1ee5 - Nh\u00e0 s\u1ea3n xu\u1ea5t b\u1ecdt Polyethylene m\u1edf r\u1ed9ng","og_url":"https:\/\/epe.vn\/de\/dich-vu-2\/","og_site_name":"Nh\u00e0 s\u1ea3n xu\u1ea5t b\u1ecdt Polyethylene m\u1edf r\u1ed9ng","article_modified_time":"2025-10-07T01:53:48+00:00","twitter_card":"summary_large_image","twitter_misc":{"Gesch\u00e4tzte Lesezeit":"5\u00a0Minuten"},"schema":{"@context":"https:\/\/schema.org","@graph":[{"@type":"WebPage","@id":"https:\/\/epe.vn\/dich-vu-2\/","url":"https:\/\/epe.vn\/dich-vu-2\/","name":"D\u1ecbch v\u1ee5 - Nh\u00e0 s\u1ea3n xu\u1ea5t b\u1ecdt Polyethylene m\u1edf r\u1ed9ng","isPartOf":{"@id":"https:\/\/epe.vn\/#website"},"datePublished":"2023-03-13T07:20:57+00:00","dateModified":"2025-10-07T01:53:48+00:00","breadcrumb":{"@id":"https:\/\/epe.vn\/dich-vu-2\/#breadcrumb"},"inLanguage":"de","potentialAction":[{"@type":"ReadAction","target":["https:\/\/epe.vn\/dich-vu-2\/"]}]},{"@type":"BreadcrumbList","@id":"https:\/\/epe.vn\/dich-vu-2\/#breadcrumb","itemListElement":[{"@type":"ListItem","position":1,"name":"Home","item":"https:\/\/epe.vn\/"},{"@type":"ListItem","position":2,"name":"D\u1ecbch v\u1ee5"}]},{"@type":"WebSite","@id":"https:\/\/epe.vn\/#website","url":"https:\/\/epe.vn\/","name":"Nh\u00e0 s\u1ea3n xu\u1ea5t b\u1ecdt Polyethylene m\u1edf r\u1ed9ng","description":"Nh\u00e0 cung c\u1ea5p bao b\u00ec v\u1ec9 x\u1ed1p polyethylene m\u1edf r\u1ed9ng v\u00e0 t\u00fai PE","potentialAction":[{"@type":"SearchAction","target":{"@type":"EntryPoint","urlTemplate":"https:\/\/epe.vn\/?s={search_term_string}"},"query-input":{"@type":"PropertyValueSpecification","valueRequired":true,"valueName":"search_term_string"}}],"inLanguage":"de"}]}},"_links":{"self":[{"href":"https:\/\/epe.vn\/de\/wp-json\/wp\/v2\/pages\/513","targetHints":{"allow":["GET"]}}],"collection":[{"href":"https:\/\/epe.vn\/de\/wp-json\/wp\/v2\/pages"}],"about":[{"href":"https:\/\/epe.vn\/de\/wp-json\/wp\/v2\/types\/page"}],"author":[{"embeddable":true,"href":"https:\/\/epe.vn\/de\/wp-json\/wp\/v2\/users\/3"}],"replies":[{"embeddable":true,"href":"https:\/\/epe.vn\/de\/wp-json\/wp\/v2\/comments?post=513"}],"version-history":[{"count":29,"href":"https:\/\/epe.vn\/de\/wp-json\/wp\/v2\/pages\/513\/revisions"}],"predecessor-version":[{"id":2471,"href":"https:\/\/epe.vn\/de\/wp-json\/wp\/v2\/pages\/513\/revisions\/2471"}],"wp:attachment":[{"href":"https:\/\/epe.vn\/de\/wp-json\/wp\/v2\/media?parent=513"}],"curies":[{"name":"wp","href":"https:\/\/api.w.org\/{rel}","templated":true}]}}