{"id":1953,"date":"2025-04-26T14:39:24","date_gmt":"2025-04-26T07:39:24","guid":{"rendered":"https:\/\/epe.vn\/?post_type=product&#038;p=1953"},"modified":"2025-04-26T14:39:25","modified_gmt":"2025-04-26T07:39:25","slug":"xop-epe-lot-hop-dung-ly-ruou","status":"publish","type":"product","link":"https:\/\/epe.vn\/de\/manufacturer\/xop-epe-lot-hop-dung-ly-ruou\/","title":{"rendered":"X\u1ed1p EPE l\u00f3t h\u1ed9p \u0111\u1ef1ng ly r\u01b0\u1ee3u | Tu\u1ef3 ch\u1ec9nh theo y\u00eau c\u1ea7u"},"content":{"rendered":"<h2><span style=\"font-weight: 400;\">Th\u00f4ng tin s\u1ea3n ph\u1ea9m:<\/span><\/h2>\n<table>\n<tbody>\n<tr>\n<td>\n<p style=\"text-align: center;\"><b>Ti\u00eau ch\u00ed<\/b><\/p>\n<\/td>\n<td>\n<p style=\"text-align: center;\"><b>Th\u00f4ng tin chi ti\u1ebft<\/b><\/p>\n<\/td>\n<\/tr>\n<tr>\n<td><b>Produktname<\/b><\/td>\n<td><span style=\"font-weight: 400;\">X\u1ed1p EPE L\u00f3t H\u1ed9p \u0110\u1ef1ng Ly R\u01b0\u1ee3u<\/span><\/td>\n<\/tr>\n<tr>\n<td><b>Th\u01b0\u01a1ng hi\u1ec7u<\/b><\/td>\n<td><span style=\"font-weight: 400;\">Dong Rui Vi\u1ec7t Nam<\/span><\/td>\n<\/tr>\n<tr>\n<td><b>Material<\/b><\/td>\n<td><span style=\"font-weight: 400;\">EPE Foam (Expanded Polyethylene Foam)<\/span><\/td>\n<\/tr>\n<tr>\n<td><b>Ki\u1ec3u d\u00e1ng<\/b><\/td>\n<td><span style=\"font-weight: 400;\">T\u1ea5m x\u1ed1p \u0111\u1ecbnh h\u00ecnh theo khu\u00f4n ly, ho\u1eb7c d\u1ea1ng t\u1ea5m ph\u1eb3ng t\u00f9y ch\u1ec9nh<\/span><\/td>\n<\/tr>\n<tr>\n<td><b>Xu\u1ea5t x\u1ee9<\/b><\/td>\n<td><span style=\"font-weight: 400;\">Trung Qu\u1ed1c<\/span><\/td>\n<\/tr>\n<tr>\n<td><b>Gr\u00f6\u00dfe<\/b><\/td>\n<td><span style=\"font-weight: 400;\">Gia c\u00f4ng theo y\u00eau c\u1ea7u (theo k\u00edch th\u01b0\u1edbc h\u1ed9p v\u00e0 ly)<\/span><\/td>\n<\/tr>\n<tr>\n<td><b>\u0110\u1ed9 d\u00e0y<\/b><\/td>\n<td><span style=\"font-weight: 400;\">2mm \u2013 50mm (ph\u1ee5 thu\u1ed9c v\u00e0o y\u00eau c\u1ea7u b\u1ea3o v\u1ec7 ly)<\/span><\/td>\n<\/tr>\n<tr>\n<td><b>Farbe<\/b><\/td>\n<td><span style=\"font-weight: 400;\">Tr\u1eafng, \u0111en ho\u1eb7c m\u00e0u s\u1eafc t\u00f9y ch\u1ec9nh<\/span><\/td>\n<\/tr>\n<tr>\n<td><b>T\u00ednh n\u0103ng n\u1ed5i b\u1eadt<\/b><\/td>\n<td><span style=\"font-weight: 400;\">&#8211; Ch\u1ed1ng s\u1ed1c, ch\u1ed1ng va \u0111\u1eadp hi\u1ec7u qu\u1ea3<\/span><\/p>\n<p><span style=\"font-weight: 400;\">&#8211; Ch\u1ed1ng \u1ea9m, kh\u00e1ng n\u01b0\u1edbc<\/span><\/p>\n<p><span style=\"font-weight: 400;\">&#8211; Nh\u1eb9, b\u1ec1n, d\u1ec5 d\u00e0ng t\u1ea1o h\u00ecnh<\/span><\/td>\n<\/tr>\n<tr>\n<td><b>\u1ee8ng d\u1ee5ng ph\u1ed5 bi\u1ebfn<\/b><\/td>\n<td><span style=\"font-weight: 400;\">&#8211; L\u00f3t h\u1ed9p \u0111\u1ef1ng ly r\u01b0\u1ee3u, c\u1ed1c th\u1ee7y tinh cao c\u1ea5p<\/span><\/p>\n<p><span style=\"font-weight: 400;\">&#8211; \u0110\u00f3ng g\u00f3i qu\u00e0 t\u1eb7ng ly r\u01b0\u1ee3u, b\u1ed9 ly cao c\u1ea5p<\/span><\/td>\n<\/tr>\n<tr>\n<td><b>Ch\u1ee9ng nh\u1eadn ch\u1ea5t l\u01b0\u1ee3ng<\/b><\/td>\n<td><span style=\"font-weight: 400;\">ISO 9001, RoHS, CE<\/span><\/td>\n<\/tr>\n<tr>\n<td><b>\u0110\u00f3ng g\u00f3i<\/b><\/td>\n<td><span style=\"font-weight: 400;\">Theo y\u00eau c\u1ea7u (c\u1eaft s\u1eb5n t\u1eebng mi\u1ebfng ho\u1eb7c \u0111\u00f3ng cu\u1ed9n)<\/span><\/td>\n<\/tr>\n<tr>\n<td><b>L\u1ee3i \u00edch s\u1eed d\u1ee5ng<\/b><\/td>\n<td><span style=\"font-weight: 400;\">&#8211; B\u1ea3o v\u1ec7 ly r\u01b0\u1ee3u an to\u00e0n<\/span><\/p>\n<p><span style=\"font-weight: 400;\">&#8211; N\u00e2ng cao gi\u00e1 tr\u1ecb \u0111\u00f3ng g\u00f3i<\/span><\/p>\n<p><span style=\"font-weight: 400;\">&#8211; Ti\u1ebft ki\u1ec7m chi ph\u00ed v\u1eadn chuy\u1ec3n, gi\u1ea3m thi\u1ec3u r\u1ee7i ro s\u1ea3n ph\u1ea9m h\u01b0 h\u1ecfng<\/span><\/td>\n<\/tr>\n<\/tbody>\n<\/table>\n<h2><span style=\"font-weight: 400;\">Ch\u1ee9c n\u0103ng x\u1ed1p EPE l\u00f3t h\u1ed9p \u0111\u1ef1ng ly r\u01b0\u1ee3u:<\/span><\/h2>\n<ul>\n<li style=\"font-weight: 400;\" aria-level=\"1\"><b>Ch\u1ed1ng va \u0111\u1eadp, ch\u1ed1ng s\u1ed1c<\/b><span style=\"font-weight: 400;\">: B\u1ea3o v\u1ec7 ly r\u01b0\u1ee3u kh\u1ecfi va \u0111\u1eadp v\u00e0 rung l\u1eafc trong qu\u00e1 tr\u00ecnh v\u1eadn chuy\u1ec3n ho\u1eb7c l\u01b0u kho.<\/span><\/li>\n<li style=\"font-weight: 400;\" aria-level=\"1\"><b>C\u1ed1 \u0110\u1ecbnh S\u1ea3n Ph\u1ea9m<\/b><span style=\"font-weight: 400;\">: Gi\u1eef ly ch\u1eafc ch\u1eafn trong h\u1ed9p, tr\u00e1nh d\u1ecbch chuy\u1ec3n g\u00e2y n\u1ee9t v\u1ee1.<\/span><\/li>\n<li style=\"font-weight: 400;\" aria-level=\"1\"><b>Ch\u1ed1ng \u1ea8m, Ch\u1ed1ng Th\u1ea5m<\/b><span style=\"font-weight: 400;\">: Gi\u1eef ly lu\u00f4n s\u1ea1ch s\u1ebd, an to\u00e0n tr\u01b0\u1edbc t\u00e1c \u0111\u1ed9ng m\u00f4i tr\u01b0\u1eddng.<\/span><\/li>\n<\/ul>\n<h2><span style=\"font-weight: 400;\">\u01afu \u0111i\u1ec3m:<\/span><\/h2>\n<ul>\n<li style=\"font-weight: 400;\" aria-level=\"1\"><b>B\u1ea3o v\u1ec7 an to\u00e0n tuy\u1ec7t \u0111\u1ed1i<\/b><span style=\"font-weight: 400;\">: \u0110\u1ea3m b\u1ea3o ly r\u01b0\u1ee3u kh\u00f4ng b\u1ecb tr\u1ea7y x\u01b0\u1edbc hay v\u1ee1 trong qu\u00e1 tr\u00ecnh v\u1eadn chuy\u1ec3n.<\/span><\/li>\n<li style=\"font-weight: 400;\" aria-level=\"1\"><b>Tr\u1ecdng l\u01b0\u1ee3ng nh\u1eb9<\/b><span style=\"font-weight: 400;\">: Gi\u1ea3m chi ph\u00ed v\u1eadn chuy\u1ec3n, d\u1ec5 d\u00e0ng \u0111\u00f3ng g\u00f3i.<\/span><\/li>\n<li style=\"font-weight: 400;\" aria-level=\"1\"><b>T\u00f9y bi\u1ebfn linh ho\u1ea1t<\/b><span style=\"font-weight: 400;\">: C\u1eaft theo khu\u00f4n ly, ph\u00f9 h\u1ee3p v\u1edbi nhi\u1ec1u k\u00edch th\u01b0\u1edbc v\u00e0 ki\u1ec3u d\u00e1ng ly kh\u00e1c nhau.<\/span><\/li>\n<li style=\"font-weight: 400;\" aria-level=\"1\"><b>Th\u1ea9m m\u1ef9 cao<\/b><span style=\"font-weight: 400;\">: Gi\u00fap b\u1ed9 h\u1ed9p ly r\u01b0\u1ee3u th\u00eam ph\u1ea7n sang tr\u1ecdng, chuy\u00ean nghi\u1ec7p.<\/span><\/li>\n<\/ul>","protected":false},"excerpt":{"rendered":"<p class=\"\" data-start=\"3895\" data-end=\"4321\"><strong data-start=\"3895\" data-end=\"3927\">X\u1ed1p EPE l\u00f3t h\u1ed9p \u0111\u1ef1ng ly r\u01b0\u1ee3u<\/strong> c\u1ee7a Dong Rui Vi\u1ec7t Nam mang \u0111\u1ebfn gi\u1ea3i ph\u00e1p b\u1ea3o v\u1ec7 an to\u00e0n cho c\u00e1c s\u1ea3n ph\u1ea9m ly th\u1ee7y tinh cao c\u1ea5p. V\u1edbi kh\u1ea3 n\u0103ng ch\u1ed1ng s\u1ed1c, ch\u1ed1ng va \u0111\u1eadp v\u01b0\u1ee3t tr\u1ed9i v\u00e0 <strong>thi\u1ebft k\u1ebf linh ho\u1ea1t theo y\u00eau c\u1ea7u<\/strong>, x\u1ed1p EPE gi\u00fap gi\u1eef ly r\u01b0\u1ee3u c\u1ed1 \u0111\u1ecbnh, tr\u00e1nh h\u01b0 h\u1ecfng trong qu\u00e1 tr\u00ecnh v\u1eadn chuy\u1ec3n. B\u00ean c\u1ea1nh \u0111\u00f3, ch\u1ea5t li\u1ec7u nh\u1eb9, b\u1ec1n v\u00e0 th\u00e2n thi\u1ec7n v\u1edbi m\u00f4i tr\u01b0\u1eddng c\u0169ng gi\u00fap t\u1ed1i \u01b0u chi ph\u00ed v\u00e0 n\u00e2ng cao h\u00ecnh \u1ea3nh s\u1ea3n ph\u1ea9m khi \u0111\u1ebfn tay kh\u00e1ch h\u00e0ng.<\/p>","protected":false},"featured_media":1954,"comment_status":"open","ping_status":"closed","template":"","meta":[],"product_cat":[15],"product_tag":[48,54,47,53],"class_list":{"0":"post-1953","1":"product","2":"type-product","3":"status-publish","4":"has-post-thumbnail","6":"product_cat-bot-pe-tuy-chinh","7":"product_tag-epe-foam","8":"product_tag-mua-xop-epe","9":"product_tag-mut-xop-epe","10":"product_tag-tuy-chinh-xop-epe-foam","12":"first","13":"instock","14":"shipping-taxable","15":"product-type-simple"},"yoast_head":"<!-- This site is optimized with the Yoast SEO plugin v23.4 - https:\/\/yoast.com\/wordpress\/plugins\/seo\/ -->\n<title>X\u1ed1p EPE l\u00f3t h\u1ed9p \u0111\u1ef1ng ly r\u01b0\u1ee3u | Tu\u1ef3 ch\u1ec9nh theo y\u00eau c\u1ea7u - Nh\u00e0 s\u1ea3n xu\u1ea5t b\u1ecdt Polyethylene m\u1edf r\u1ed9ng<\/title>\n<meta name=\"description\" content=\"X\u1ed1p EPE l\u00f3t h\u1ed9p \u0111\u1ef1ng ly r\u01b0\u1ee3u Dong Rui b\u1ea3o v\u1ec7 ly kh\u1ecfi va \u0111\u1eadp, ch\u1ed1ng \u1ea9m, d\u1ec5 t\u00f9y ch\u1ec9nh k\u00edch th\u01b0\u1edbc, n\u00e2ng cao th\u1ea9m m\u1ef9 v\u00e0 \u0111\u1ea3m b\u1ea3o an to\u00e0n khi v\u1eadn chuy\u1ec3n.\" \/>\n<meta name=\"robots\" content=\"index, follow, max-snippet:-1, max-image-preview:large, max-video-preview:-1\" \/>\n<link rel=\"canonical\" href=\"https:\/\/epe.vn\/de\/manufacturer\/xop-epe-lot-hop-dung-ly-ruou\/\" \/>\n<meta property=\"og:locale\" content=\"de_DE\" \/>\n<meta property=\"og:type\" content=\"article\" \/>\n<meta property=\"og:title\" content=\"X\u1ed1p EPE l\u00f3t h\u1ed9p \u0111\u1ef1ng ly r\u01b0\u1ee3u | Tu\u1ef3 ch\u1ec9nh theo y\u00eau c\u1ea7u - Nh\u00e0 s\u1ea3n xu\u1ea5t b\u1ecdt Polyethylene m\u1edf r\u1ed9ng\" \/>\n<meta property=\"og:description\" content=\"X\u1ed1p EPE l\u00f3t h\u1ed9p \u0111\u1ef1ng ly r\u01b0\u1ee3u Dong Rui b\u1ea3o v\u1ec7 ly kh\u1ecfi va \u0111\u1eadp, ch\u1ed1ng \u1ea9m, d\u1ec5 t\u00f9y ch\u1ec9nh k\u00edch th\u01b0\u1edbc, n\u00e2ng cao th\u1ea9m m\u1ef9 v\u00e0 \u0111\u1ea3m b\u1ea3o an to\u00e0n khi v\u1eadn chuy\u1ec3n.\" \/>\n<meta property=\"og:url\" content=\"https:\/\/epe.vn\/de\/manufacturer\/xop-epe-lot-hop-dung-ly-ruou\/\" \/>\n<meta property=\"og:site_name\" content=\"Nh\u00e0 s\u1ea3n xu\u1ea5t b\u1ecdt Polyethylene m\u1edf r\u1ed9ng\" \/>\n<meta property=\"article:modified_time\" content=\"2025-04-26T07:39:25+00:00\" \/>\n<meta property=\"og:image\" content=\"https:\/\/epe.vn\/wp-content\/uploads\/2025\/04\/Xop-epe-lot-hop-dung-ly-ruou.webp\" \/>\n\t<meta property=\"og:image:width\" content=\"800\" \/>\n\t<meta property=\"og:image:height\" content=\"800\" \/>\n\t<meta property=\"og:image:type\" content=\"image\/webp\" \/>\n<meta name=\"twitter:card\" content=\"summary_large_image\" \/>\n<meta name=\"twitter:label1\" content=\"Gesch\u00e4tzte Lesezeit\" \/>\n\t<meta name=\"twitter:data1\" content=\"2\u00a0Minuten\" \/>\n<script type=\"application\/ld+json\" class=\"yoast-schema-graph\">{\"@context\":\"https:\/\/schema.org\",\"@graph\":[{\"@type\":\"WebPage\",\"@id\":\"https:\/\/epe.vn\/manufacturer\/xop-epe-lot-hop-dung-ly-ruou\/\",\"url\":\"https:\/\/epe.vn\/manufacturer\/xop-epe-lot-hop-dung-ly-ruou\/\",\"name\":\"X\u1ed1p EPE l\u00f3t h\u1ed9p \u0111\u1ef1ng ly r\u01b0\u1ee3u | Tu\u1ef3 ch\u1ec9nh theo y\u00eau c\u1ea7u - Nh\u00e0 s\u1ea3n xu\u1ea5t b\u1ecdt Polyethylene m\u1edf r\u1ed9ng\",\"isPartOf\":{\"@id\":\"https:\/\/epe.vn\/#website\"},\"primaryImageOfPage\":{\"@id\":\"https:\/\/epe.vn\/manufacturer\/xop-epe-lot-hop-dung-ly-ruou\/#primaryimage\"},\"image\":{\"@id\":\"https:\/\/epe.vn\/manufacturer\/xop-epe-lot-hop-dung-ly-ruou\/#primaryimage\"},\"thumbnailUrl\":\"https:\/\/epe.vn\/wp-content\/uploads\/2025\/04\/Xop-epe-lot-hop-dung-ly-ruou.webp\",\"datePublished\":\"2025-04-26T07:39:24+00:00\",\"dateModified\":\"2025-04-26T07:39:25+00:00\",\"description\":\"X\u1ed1p EPE l\u00f3t h\u1ed9p \u0111\u1ef1ng ly r\u01b0\u1ee3u Dong Rui b\u1ea3o v\u1ec7 ly kh\u1ecfi va \u0111\u1eadp, ch\u1ed1ng \u1ea9m, d\u1ec5 t\u00f9y ch\u1ec9nh k\u00edch th\u01b0\u1edbc, n\u00e2ng cao th\u1ea9m m\u1ef9 v\u00e0 \u0111\u1ea3m b\u1ea3o an to\u00e0n khi v\u1eadn chuy\u1ec3n.\",\"breadcrumb\":{\"@id\":\"https:\/\/epe.vn\/manufacturer\/xop-epe-lot-hop-dung-ly-ruou\/#breadcrumb\"},\"inLanguage\":\"de\",\"potentialAction\":[{\"@type\":\"ReadAction\",\"target\":[\"https:\/\/epe.vn\/manufacturer\/xop-epe-lot-hop-dung-ly-ruou\/\"]}]},{\"@type\":\"ImageObject\",\"inLanguage\":\"de\",\"@id\":\"https:\/\/epe.vn\/manufacturer\/xop-epe-lot-hop-dung-ly-ruou\/#primaryimage\",\"url\":\"https:\/\/epe.vn\/wp-content\/uploads\/2025\/04\/Xop-epe-lot-hop-dung-ly-ruou.webp\",\"contentUrl\":\"https:\/\/epe.vn\/wp-content\/uploads\/2025\/04\/Xop-epe-lot-hop-dung-ly-ruou.webp\",\"width\":800,\"height\":800,\"caption\":\"Xo\u0302\u0301p epe lo\u0301t ho\u0323\u0302p \u0111u\u031b\u0323ng ly ru\u031bo\u031b\u0323u\"},{\"@type\":\"BreadcrumbList\",\"@id\":\"https:\/\/epe.vn\/manufacturer\/xop-epe-lot-hop-dung-ly-ruou\/#breadcrumb\",\"itemListElement\":[{\"@type\":\"ListItem\",\"position\":1,\"name\":\"Home\",\"item\":\"https:\/\/epe.vn\/\"},{\"@type\":\"ListItem\",\"position\":2,\"name\":\"Shop\",\"item\":\"https:\/\/epe.vn\/shop\/\"},{\"@type\":\"ListItem\",\"position\":3,\"name\":\"X\u1ed1p EPE l\u00f3t h\u1ed9p \u0111\u1ef1ng ly r\u01b0\u1ee3u | Tu\u1ef3 ch\u1ec9nh theo y\u00eau c\u1ea7u\"}]},{\"@type\":\"WebSite\",\"@id\":\"https:\/\/epe.vn\/#website\",\"url\":\"https:\/\/epe.vn\/\",\"name\":\"Nh\u00e0 s\u1ea3n xu\u1ea5t b\u1ecdt Polyethylene m\u1edf r\u1ed9ng\",\"description\":\"Nh\u00e0 cung c\u1ea5p bao b\u00ec v\u1ec9 x\u1ed1p polyethylene m\u1edf r\u1ed9ng v\u00e0 t\u00fai PE\",\"potentialAction\":[{\"@type\":\"SearchAction\",\"target\":{\"@type\":\"EntryPoint\",\"urlTemplate\":\"https:\/\/epe.vn\/?s={search_term_string}\"},\"query-input\":{\"@type\":\"PropertyValueSpecification\",\"valueRequired\":true,\"valueName\":\"search_term_string\"}}],\"inLanguage\":\"de\"}]}<\/script>\n<!-- \/ Yoast SEO plugin. -->","yoast_head_json":{"title":"X\u1ed1p EPE l\u00f3t h\u1ed9p \u0111\u1ef1ng ly r\u01b0\u1ee3u | Tu\u1ef3 ch\u1ec9nh theo y\u00eau c\u1ea7u - Nh\u00e0 s\u1ea3n xu\u1ea5t b\u1ecdt Polyethylene m\u1edf r\u1ed9ng","description":"X\u1ed1p EPE l\u00f3t h\u1ed9p \u0111\u1ef1ng ly r\u01b0\u1ee3u Dong Rui b\u1ea3o v\u1ec7 ly kh\u1ecfi va \u0111\u1eadp, ch\u1ed1ng \u1ea9m, d\u1ec5 t\u00f9y ch\u1ec9nh k\u00edch th\u01b0\u1edbc, n\u00e2ng cao th\u1ea9m m\u1ef9 v\u00e0 \u0111\u1ea3m b\u1ea3o an to\u00e0n khi v\u1eadn chuy\u1ec3n.","robots":{"index":"index","follow":"follow","max-snippet":"max-snippet:-1","max-image-preview":"max-image-preview:large","max-video-preview":"max-video-preview:-1"},"canonical":"https:\/\/epe.vn\/de\/manufacturer\/xop-epe-lot-hop-dung-ly-ruou\/","og_locale":"de_DE","og_type":"article","og_title":"X\u1ed1p EPE l\u00f3t h\u1ed9p \u0111\u1ef1ng ly r\u01b0\u1ee3u | Tu\u1ef3 ch\u1ec9nh theo y\u00eau c\u1ea7u - Nh\u00e0 s\u1ea3n xu\u1ea5t b\u1ecdt Polyethylene m\u1edf r\u1ed9ng","og_description":"X\u1ed1p EPE l\u00f3t h\u1ed9p \u0111\u1ef1ng ly r\u01b0\u1ee3u Dong Rui b\u1ea3o v\u1ec7 ly kh\u1ecfi va \u0111\u1eadp, ch\u1ed1ng \u1ea9m, d\u1ec5 t\u00f9y ch\u1ec9nh k\u00edch th\u01b0\u1edbc, n\u00e2ng cao th\u1ea9m m\u1ef9 v\u00e0 \u0111\u1ea3m b\u1ea3o an to\u00e0n khi v\u1eadn chuy\u1ec3n.","og_url":"https:\/\/epe.vn\/de\/manufacturer\/xop-epe-lot-hop-dung-ly-ruou\/","og_site_name":"Nh\u00e0 s\u1ea3n xu\u1ea5t b\u1ecdt Polyethylene m\u1edf r\u1ed9ng","article_modified_time":"2025-04-26T07:39:25+00:00","og_image":[{"width":800,"height":800,"url":"https:\/\/epe.vn\/wp-content\/uploads\/2025\/04\/Xop-epe-lot-hop-dung-ly-ruou.webp","type":"image\/webp"}],"twitter_card":"summary_large_image","twitter_misc":{"Gesch\u00e4tzte Lesezeit":"2\u00a0Minuten"},"schema":{"@context":"https:\/\/schema.org","@graph":[{"@type":"WebPage","@id":"https:\/\/epe.vn\/manufacturer\/xop-epe-lot-hop-dung-ly-ruou\/","url":"https:\/\/epe.vn\/manufacturer\/xop-epe-lot-hop-dung-ly-ruou\/","name":"X\u1ed1p EPE l\u00f3t h\u1ed9p \u0111\u1ef1ng ly r\u01b0\u1ee3u | Tu\u1ef3 ch\u1ec9nh theo y\u00eau c\u1ea7u - Nh\u00e0 s\u1ea3n xu\u1ea5t b\u1ecdt Polyethylene m\u1edf r\u1ed9ng","isPartOf":{"@id":"https:\/\/epe.vn\/#website"},"primaryImageOfPage":{"@id":"https:\/\/epe.vn\/manufacturer\/xop-epe-lot-hop-dung-ly-ruou\/#primaryimage"},"image":{"@id":"https:\/\/epe.vn\/manufacturer\/xop-epe-lot-hop-dung-ly-ruou\/#primaryimage"},"thumbnailUrl":"https:\/\/epe.vn\/wp-content\/uploads\/2025\/04\/Xop-epe-lot-hop-dung-ly-ruou.webp","datePublished":"2025-04-26T07:39:24+00:00","dateModified":"2025-04-26T07:39:25+00:00","description":"X\u1ed1p EPE l\u00f3t h\u1ed9p \u0111\u1ef1ng ly r\u01b0\u1ee3u Dong Rui b\u1ea3o v\u1ec7 ly kh\u1ecfi va \u0111\u1eadp, ch\u1ed1ng \u1ea9m, d\u1ec5 t\u00f9y ch\u1ec9nh k\u00edch th\u01b0\u1edbc, n\u00e2ng cao th\u1ea9m m\u1ef9 v\u00e0 \u0111\u1ea3m b\u1ea3o an to\u00e0n khi v\u1eadn chuy\u1ec3n.","breadcrumb":{"@id":"https:\/\/epe.vn\/manufacturer\/xop-epe-lot-hop-dung-ly-ruou\/#breadcrumb"},"inLanguage":"de","potentialAction":[{"@type":"ReadAction","target":["https:\/\/epe.vn\/manufacturer\/xop-epe-lot-hop-dung-ly-ruou\/"]}]},{"@type":"ImageObject","inLanguage":"de","@id":"https:\/\/epe.vn\/manufacturer\/xop-epe-lot-hop-dung-ly-ruou\/#primaryimage","url":"https:\/\/epe.vn\/wp-content\/uploads\/2025\/04\/Xop-epe-lot-hop-dung-ly-ruou.webp","contentUrl":"https:\/\/epe.vn\/wp-content\/uploads\/2025\/04\/Xop-epe-lot-hop-dung-ly-ruou.webp","width":800,"height":800,"caption":"Xo\u0302\u0301p epe lo\u0301t ho\u0323\u0302p \u0111u\u031b\u0323ng ly ru\u031bo\u031b\u0323u"},{"@type":"BreadcrumbList","@id":"https:\/\/epe.vn\/manufacturer\/xop-epe-lot-hop-dung-ly-ruou\/#breadcrumb","itemListElement":[{"@type":"ListItem","position":1,"name":"Home","item":"https:\/\/epe.vn\/"},{"@type":"ListItem","position":2,"name":"Shop","item":"https:\/\/epe.vn\/shop\/"},{"@type":"ListItem","position":3,"name":"X\u1ed1p EPE l\u00f3t h\u1ed9p \u0111\u1ef1ng ly r\u01b0\u1ee3u | Tu\u1ef3 ch\u1ec9nh theo y\u00eau c\u1ea7u"}]},{"@type":"WebSite","@id":"https:\/\/epe.vn\/#website","url":"https:\/\/epe.vn\/","name":"Nh\u00e0 s\u1ea3n xu\u1ea5t b\u1ecdt Polyethylene m\u1edf r\u1ed9ng","description":"Nh\u00e0 cung c\u1ea5p bao b\u00ec v\u1ec9 x\u1ed1p polyethylene m\u1edf r\u1ed9ng v\u00e0 t\u00fai PE","potentialAction":[{"@type":"SearchAction","target":{"@type":"EntryPoint","urlTemplate":"https:\/\/epe.vn\/?s={search_term_string}"},"query-input":{"@type":"PropertyValueSpecification","valueRequired":true,"valueName":"search_term_string"}}],"inLanguage":"de"}]}},"_links":{"self":[{"href":"https:\/\/epe.vn\/de\/wp-json\/wp\/v2\/product\/1953","targetHints":{"allow":["GET"]}}],"collection":[{"href":"https:\/\/epe.vn\/de\/wp-json\/wp\/v2\/product"}],"about":[{"href":"https:\/\/epe.vn\/de\/wp-json\/wp\/v2\/types\/product"}],"replies":[{"embeddable":true,"href":"https:\/\/epe.vn\/de\/wp-json\/wp\/v2\/comments?post=1953"}],"wp:featuredmedia":[{"embeddable":true,"href":"https:\/\/epe.vn\/de\/wp-json\/wp\/v2\/media\/1954"}],"wp:attachment":[{"href":"https:\/\/epe.vn\/de\/wp-json\/wp\/v2\/media?parent=1953"}],"wp:term":[{"taxonomy":"product_cat","embeddable":true,"href":"https:\/\/epe.vn\/de\/wp-json\/wp\/v2\/product_cat?post=1953"},{"taxonomy":"product_tag","embeddable":true,"href":"https:\/\/epe.vn\/de\/wp-json\/wp\/v2\/product_tag?post=1953"}],"curies":[{"name":"wp","href":"https:\/\/api.w.org\/{rel}","templated":true}]}}