{"id":2156,"date":"2025-05-05T15:24:15","date_gmt":"2025-05-05T08:24:15","guid":{"rendered":"https:\/\/epe.vn\/?post_type=product&#038;p=2156"},"modified":"2025-05-05T15:24:15","modified_gmt":"2025-05-05T08:24:15","slug":"tui-xop-epe-dem-boc-hang","status":"publish","type":"product","link":"https:\/\/epe.vn\/de\/manufacturer\/tui-xop-epe-dem-boc-hang\/","title":{"rendered":"T\u00fai x\u1ed1p EPE \u0111\u1ec7m b\u1ecdc h\u00e0ng | T\u00f9y ch\u1ec9nh theo y\u00eau c\u1ea7u"},"content":{"rendered":"<h2><span style=\"font-weight: 400;\">Th\u00f4ng tin s\u1ea3n ph\u1ea9m:<\/span><\/h2>\n<table>\n<tbody>\n<tr>\n<td><b>Ti\u00eau ch\u00ed<\/b><\/td>\n<td><b>Th\u00f4ng tin chi ti\u1ebft<\/b><\/td>\n<\/tr>\n<tr>\n<td><b>Produktname<\/b><\/td>\n<td><span style=\"font-weight: 400;\">T\u00fai x\u1ed1p EPE \u0111\u1ec7m b\u1ecdc h\u00e0ng<\/span><\/td>\n<\/tr>\n<tr>\n<td><b>Th\u01b0\u01a1ng hi\u1ec7u<\/b><\/td>\n<td><span style=\"font-weight: 400;\">Dong Rui Vi\u1ec7t Nam<\/span><\/td>\n<\/tr>\n<tr>\n<td><b>Material<\/b><\/td>\n<td><span style=\"font-weight: 400;\">X\u1ed1p EPE (Expanded Polyethylene Foam)<\/span><\/td>\n<\/tr>\n<tr>\n<td><b>Gr\u00f6\u00dfe<\/b><\/td>\n<td><span style=\"font-weight: 400;\">\u0110a d\u1ea1ng: t\u1eeb 10x15cm \u0111\u1ebfn 30x40cm (gia c\u00f4ng theo y\u00eau c\u1ea7u)<\/span><\/td>\n<\/tr>\n<tr>\n<td><b>Ki\u1ec3u d\u00e1ng<\/b><\/td>\n<td><span style=\"font-weight: 400;\">D\u1ea1ng t\u00fai h\u00e0n k\u00edn ba c\u1ea1nh, mi\u1ec7ng h\u1edf<\/span><\/td>\n<\/tr>\n<tr>\n<td><b>Xu\u1ea5t x\u1ee9<\/b><\/td>\n<td><span style=\"font-weight: 400;\">Trung Qu\u1ed1c<\/span><\/td>\n<\/tr>\n<tr>\n<td><b>\u0110\u1ed9 d\u00e0y<\/b><\/td>\n<td><span style=\"font-weight: 400;\">0.5mm \u2013 2mm<\/span><\/td>\n<\/tr>\n<tr>\n<td><b>Farbe<\/b><\/td>\n<td><span style=\"font-weight: 400;\">Tr\u1eafng ng\u00e0 ho\u1eb7c h\u1ed3ng (t\u00f9y ch\u1ecdn)<\/span><\/td>\n<\/tr>\n<tr>\n<td><b>T\u00ednh n\u0103ng n\u1ed5i b\u1eadt<\/b><\/td>\n<td><span style=\"font-weight: 400;\">\u0110\u1ec7m ch\u1ed1ng s\u1ed1c, si\u00eau nh\u1eb9, kh\u00f4ng th\u1ea5m n\u01b0\u1edbc, th\u00e2n thi\u1ec7n m\u00f4i tr\u01b0\u1eddng<\/span><\/td>\n<\/tr>\n<tr>\n<td><b>\u1ee8ng d\u1ee5ng ph\u1ed5 bi\u1ebfn<\/b><\/td>\n<td><span style=\"font-weight: 400;\">\u0110\u00f3ng g\u00f3i h\u00e0ng h\u00f3a th\u01b0\u01a1ng m\u1ea1i \u0111i\u1ec7n t\u1eed, thi\u1ebft b\u1ecb \u0111i\u1ec7n t\u1eed, th\u1ee7 c\u00f4ng, \u0111\u1ed3 m\u1ef9 ph\u1ea9m<\/span><\/td>\n<\/tr>\n<tr>\n<td><b>Ch\u1ee9ng nh\u1eadn ch\u1ea5t l\u01b0\u1ee3ng<\/b><\/td>\n<td><span style=\"font-weight: 400;\">ISO 9001, RoHS<\/span><\/td>\n<\/tr>\n<tr>\n<td><b>\u0110\u00f3ng g\u00f3i<\/b><\/td>\n<td><span style=\"font-weight: 400;\">100 \u2013 500 t\u00fai\/b\u00f3 (ho\u1eb7c theo y\u00eau c\u1ea7u kh\u00e1ch h\u00e0ng)<\/span><\/td>\n<\/tr>\n<tr>\n<td><b>L\u1ee3i \u00edch s\u1eed d\u1ee5ng<\/b><\/td>\n<td><span style=\"font-weight: 400;\">B\u1ea3o v\u1ec7 s\u1ea3n ph\u1ea9m an to\u00e0n, d\u1ec5 s\u1eed d\u1ee5ng, ti\u1ebft ki\u1ec7m chi ph\u00ed v\u1eadn chuy\u1ec3n v\u00e0 l\u01b0u kho<\/span><\/td>\n<\/tr>\n<\/tbody>\n<\/table>\n<h2><span style=\"font-weight: 400;\">Ch\u1ee9c n\u0103ng c\u1ee7a t\u00fai x\u1ed1p EPE \u0111\u1ec7m b\u1ecdc h\u00e0ng:<\/span><\/h2>\n<ul>\n<li style=\"font-weight: 400;\" aria-level=\"1\"><span style=\"font-weight: 400;\">B\u1ecdc h\u00e0ng h\u00f3a \u0111\u1ec3 ch\u1ed1ng s\u1ed1c, tr\u1ea7y x\u01b0\u1edbc v\u00e0 \u1ea9m m\u1ed1c khi v\u1eadn chuy\u1ec3n.<\/span><\/li>\n<li style=\"font-weight: 400;\" aria-level=\"1\"><span style=\"font-weight: 400;\">Gi\u1eef an to\u00e0n cho c\u00e1c s\u1ea3n ph\u1ea9m nh\u1ea1y c\u1ea3m nh\u01b0 \u0111\u1ed3 \u0111i\u1ec7n t\u1eed, g\u1ed1m s\u1ee9, m\u1ef9 ph\u1ea9m, th\u1ee7 c\u00f4ng m\u1ef9 ngh\u1ec7,&#8230;<\/span><\/li>\n<\/ul>\n<h2><span style=\"font-weight: 400;\">\u01afu \u0111i\u1ec3m:<\/span><\/h2>\n<ul>\n<li style=\"font-weight: 400;\" aria-level=\"1\"><span style=\"font-weight: 400;\">Nh\u1eb9, \u00eam, \u0111\u00e0n h\u1ed3i t\u1ed1t \u2013 gi\u1ea3m thi\u1ec3u t\u1ed1i \u0111a t\u00e1c \u0111\u1ed9ng ngo\u1ea1i l\u1ef1c.<\/span><\/li>\n<li style=\"font-weight: 400;\" aria-level=\"1\"><span style=\"font-weight: 400;\">Kh\u00f4ng th\u1ea5m n\u01b0\u1edbc v\u00e0 ch\u1ed1ng b\u1ee5i hi\u1ec7u qu\u1ea3.<\/span><\/li>\n<li style=\"font-weight: 400;\" aria-level=\"1\"><span style=\"font-weight: 400;\">C\u00f3 th\u1ec3 t\u00e1i s\u1eed d\u1ee5ng nhi\u1ec1u l\u1ea7n, th\u00e2n thi\u1ec7n v\u1edbi m\u00f4i tr\u01b0\u1eddng.<\/span><\/li>\n<li style=\"font-weight: 400;\" aria-level=\"1\"><span style=\"font-weight: 400;\">D\u1ec5 d\u00e0ng s\u1eed d\u1ee5ng trong quy tr\u00ecnh \u0111\u00f3ng g\u00f3i chuy\u00ean nghi\u1ec7p.<\/span><\/li>\n<\/ul>","protected":false},"excerpt":{"rendered":"<p class=\"\" data-start=\"2416\" data-end=\"2694\"><strong data-start=\"2416\" data-end=\"2444\">T\u00fai x\u1ed1p EPE \u0111\u1ec7m b\u1ecdc h\u00e0ng<\/strong> l\u00e0 gi\u1ea3i ph\u00e1p an to\u00e0n, ti\u1ec7n l\u1ee3i v\u00e0 ti\u1ebft ki\u1ec7m cho vi\u1ec7c \u0111\u00f3ng g\u00f3i v\u00e0 v\u1eadn chuy\u1ec3n s\u1ea3n ph\u1ea9m. V\u1edbi kh\u1ea3 n\u0103ng ch\u1ed1ng va \u0111\u1eadp, kh\u00f4ng th\u1ea5m n\u01b0\u1edbc v\u00e0 tr\u1ecdng l\u01b0\u1ee3ng nh\u1eb9, s\u1ea3n ph\u1ea9m gi\u00fap b\u1ea3o v\u1ec7 h\u00e0ng h\u00f3a m\u1ed9t c\u00e1ch t\u1ed1i \u01b0u, \u0111\u1eb7c bi\u1ec7t ph\u00f9 h\u1ee3p cho th\u01b0\u01a1ng m\u1ea1i \u0111i\u1ec7n t\u1eed v\u00e0 logistics.<\/p>","protected":false},"featured_media":2157,"comment_status":"open","ping_status":"closed","template":"","meta":[],"product_cat":[15],"product_tag":[61,51,56,60,52],"class_list":{"0":"post-2156","1":"product","2":"type-product","3":"status-publish","4":"has-post-thumbnail","6":"product_cat-bot-pe-tuy-chinh","7":"product_tag-tui-boc-hang","8":"product_tag-tui-chong-soc","9":"product_tag-tui-xop-epe","10":"product_tag-tuy-chinh-xop-epe","11":"product_tag-xop-epe","13":"first","14":"instock","15":"shipping-taxable","16":"product-type-simple"},"yoast_head":"<!-- This site is optimized with the Yoast SEO plugin v23.4 - https:\/\/yoast.com\/wordpress\/plugins\/seo\/ -->\n<title>T\u00fai x\u1ed1p EPE \u0111\u1ec7m b\u1ecdc h\u00e0ng | T\u00f9y ch\u1ec9nh theo y\u00eau c\u1ea7u - Nh\u00e0 s\u1ea3n xu\u1ea5t b\u1ecdt Polyethylene m\u1edf r\u1ed9ng<\/title>\n<meta name=\"description\" content=\"T\u00fai x\u1ed1p EPE \u0111\u1ec7m b\u1ecdc h\u00e0ng ch\u1ed1ng s\u1ed1c, nh\u1eb9, b\u1ec1n, kh\u00f4ng th\u1ea5m n\u01b0\u1edbc, b\u1ea3o v\u1ec7 s\u1ea3n ph\u1ea9m t\u1ed1i \u01b0u khi v\u1eadn chuy\u1ec3n \u2013 gi\u1ea3i ph\u00e1p l\u00fd t\u01b0\u1edfng cho \u0111\u00f3ng g\u00f3i chuy\u00ean nghi\u1ec7p.\" \/>\n<meta name=\"robots\" content=\"index, follow, max-snippet:-1, max-image-preview:large, max-video-preview:-1\" \/>\n<link rel=\"canonical\" href=\"https:\/\/epe.vn\/de\/manufacturer\/tui-xop-epe-dem-boc-hang\/\" \/>\n<meta property=\"og:locale\" content=\"de_DE\" \/>\n<meta property=\"og:type\" content=\"article\" \/>\n<meta property=\"og:title\" content=\"T\u00fai x\u1ed1p EPE \u0111\u1ec7m b\u1ecdc h\u00e0ng | T\u00f9y ch\u1ec9nh theo y\u00eau c\u1ea7u - Nh\u00e0 s\u1ea3n xu\u1ea5t b\u1ecdt Polyethylene m\u1edf r\u1ed9ng\" \/>\n<meta property=\"og:description\" content=\"T\u00fai x\u1ed1p EPE \u0111\u1ec7m b\u1ecdc h\u00e0ng ch\u1ed1ng s\u1ed1c, nh\u1eb9, b\u1ec1n, kh\u00f4ng th\u1ea5m n\u01b0\u1edbc, b\u1ea3o v\u1ec7 s\u1ea3n ph\u1ea9m t\u1ed1i \u01b0u khi v\u1eadn chuy\u1ec3n \u2013 gi\u1ea3i ph\u00e1p l\u00fd t\u01b0\u1edfng cho \u0111\u00f3ng g\u00f3i chuy\u00ean nghi\u1ec7p.\" \/>\n<meta property=\"og:url\" content=\"https:\/\/epe.vn\/de\/manufacturer\/tui-xop-epe-dem-boc-hang\/\" \/>\n<meta property=\"og:site_name\" content=\"Nh\u00e0 s\u1ea3n xu\u1ea5t b\u1ecdt Polyethylene m\u1edf r\u1ed9ng\" \/>\n<meta property=\"og:image\" content=\"https:\/\/epe.vn\/wp-content\/uploads\/2025\/05\/Tui-xop-EPE-dem-boc-hang.webp\" \/>\n\t<meta property=\"og:image:width\" content=\"800\" \/>\n\t<meta property=\"og:image:height\" content=\"800\" \/>\n\t<meta property=\"og:image:type\" content=\"image\/webp\" \/>\n<meta name=\"twitter:card\" content=\"summary_large_image\" \/>\n<meta name=\"twitter:label1\" content=\"Gesch\u00e4tzte Lesezeit\" \/>\n\t<meta name=\"twitter:data1\" content=\"2\u00a0Minuten\" \/>\n<script type=\"application\/ld+json\" class=\"yoast-schema-graph\">{\"@context\":\"https:\/\/schema.org\",\"@graph\":[{\"@type\":\"WebPage\",\"@id\":\"https:\/\/epe.vn\/manufacturer\/tui-xop-epe-dem-boc-hang\/\",\"url\":\"https:\/\/epe.vn\/manufacturer\/tui-xop-epe-dem-boc-hang\/\",\"name\":\"T\u00fai x\u1ed1p EPE \u0111\u1ec7m b\u1ecdc h\u00e0ng | T\u00f9y ch\u1ec9nh theo y\u00eau c\u1ea7u - Nh\u00e0 s\u1ea3n xu\u1ea5t b\u1ecdt Polyethylene m\u1edf r\u1ed9ng\",\"isPartOf\":{\"@id\":\"https:\/\/epe.vn\/#website\"},\"primaryImageOfPage\":{\"@id\":\"https:\/\/epe.vn\/manufacturer\/tui-xop-epe-dem-boc-hang\/#primaryimage\"},\"image\":{\"@id\":\"https:\/\/epe.vn\/manufacturer\/tui-xop-epe-dem-boc-hang\/#primaryimage\"},\"thumbnailUrl\":\"https:\/\/epe.vn\/wp-content\/uploads\/2025\/05\/Tui-xop-EPE-dem-boc-hang.webp\",\"datePublished\":\"2025-05-05T08:24:15+00:00\",\"dateModified\":\"2025-05-05T08:24:15+00:00\",\"description\":\"T\u00fai x\u1ed1p EPE \u0111\u1ec7m b\u1ecdc h\u00e0ng ch\u1ed1ng s\u1ed1c, nh\u1eb9, b\u1ec1n, kh\u00f4ng th\u1ea5m n\u01b0\u1edbc, b\u1ea3o v\u1ec7 s\u1ea3n ph\u1ea9m t\u1ed1i \u01b0u khi v\u1eadn chuy\u1ec3n \u2013 gi\u1ea3i ph\u00e1p l\u00fd t\u01b0\u1edfng cho \u0111\u00f3ng g\u00f3i chuy\u00ean nghi\u1ec7p.\",\"breadcrumb\":{\"@id\":\"https:\/\/epe.vn\/manufacturer\/tui-xop-epe-dem-boc-hang\/#breadcrumb\"},\"inLanguage\":\"de\",\"potentialAction\":[{\"@type\":\"ReadAction\",\"target\":[\"https:\/\/epe.vn\/manufacturer\/tui-xop-epe-dem-boc-hang\/\"]}]},{\"@type\":\"ImageObject\",\"inLanguage\":\"de\",\"@id\":\"https:\/\/epe.vn\/manufacturer\/tui-xop-epe-dem-boc-hang\/#primaryimage\",\"url\":\"https:\/\/epe.vn\/wp-content\/uploads\/2025\/05\/Tui-xop-EPE-dem-boc-hang.webp\",\"contentUrl\":\"https:\/\/epe.vn\/wp-content\/uploads\/2025\/05\/Tui-xop-EPE-dem-boc-hang.webp\",\"width\":800,\"height\":800,\"caption\":\"Tu\u0301i xo\u0302\u0301p EPE \u0111e\u0323\u0302m bo\u0323c ha\u0300ng\"},{\"@type\":\"BreadcrumbList\",\"@id\":\"https:\/\/epe.vn\/manufacturer\/tui-xop-epe-dem-boc-hang\/#breadcrumb\",\"itemListElement\":[{\"@type\":\"ListItem\",\"position\":1,\"name\":\"Home\",\"item\":\"https:\/\/epe.vn\/\"},{\"@type\":\"ListItem\",\"position\":2,\"name\":\"Shop\",\"item\":\"https:\/\/epe.vn\/shop\/\"},{\"@type\":\"ListItem\",\"position\":3,\"name\":\"T\u00fai x\u1ed1p EPE \u0111\u1ec7m b\u1ecdc h\u00e0ng | T\u00f9y ch\u1ec9nh theo y\u00eau c\u1ea7u\"}]},{\"@type\":\"WebSite\",\"@id\":\"https:\/\/epe.vn\/#website\",\"url\":\"https:\/\/epe.vn\/\",\"name\":\"Nh\u00e0 s\u1ea3n xu\u1ea5t b\u1ecdt Polyethylene m\u1edf r\u1ed9ng\",\"description\":\"Nh\u00e0 cung c\u1ea5p bao b\u00ec v\u1ec9 x\u1ed1p polyethylene m\u1edf r\u1ed9ng v\u00e0 t\u00fai PE\",\"potentialAction\":[{\"@type\":\"SearchAction\",\"target\":{\"@type\":\"EntryPoint\",\"urlTemplate\":\"https:\/\/epe.vn\/?s={search_term_string}\"},\"query-input\":{\"@type\":\"PropertyValueSpecification\",\"valueRequired\":true,\"valueName\":\"search_term_string\"}}],\"inLanguage\":\"de\"}]}<\/script>\n<!-- \/ Yoast SEO plugin. -->","yoast_head_json":{"title":"T\u00fai x\u1ed1p EPE \u0111\u1ec7m b\u1ecdc h\u00e0ng | T\u00f9y ch\u1ec9nh theo y\u00eau c\u1ea7u - Nh\u00e0 s\u1ea3n xu\u1ea5t b\u1ecdt Polyethylene m\u1edf r\u1ed9ng","description":"T\u00fai x\u1ed1p EPE \u0111\u1ec7m b\u1ecdc h\u00e0ng ch\u1ed1ng s\u1ed1c, nh\u1eb9, b\u1ec1n, kh\u00f4ng th\u1ea5m n\u01b0\u1edbc, b\u1ea3o v\u1ec7 s\u1ea3n ph\u1ea9m t\u1ed1i \u01b0u khi v\u1eadn chuy\u1ec3n \u2013 gi\u1ea3i ph\u00e1p l\u00fd t\u01b0\u1edfng cho \u0111\u00f3ng g\u00f3i chuy\u00ean nghi\u1ec7p.","robots":{"index":"index","follow":"follow","max-snippet":"max-snippet:-1","max-image-preview":"max-image-preview:large","max-video-preview":"max-video-preview:-1"},"canonical":"https:\/\/epe.vn\/de\/manufacturer\/tui-xop-epe-dem-boc-hang\/","og_locale":"de_DE","og_type":"article","og_title":"T\u00fai x\u1ed1p EPE \u0111\u1ec7m b\u1ecdc h\u00e0ng | T\u00f9y ch\u1ec9nh theo y\u00eau c\u1ea7u - Nh\u00e0 s\u1ea3n xu\u1ea5t b\u1ecdt Polyethylene m\u1edf r\u1ed9ng","og_description":"T\u00fai x\u1ed1p EPE \u0111\u1ec7m b\u1ecdc h\u00e0ng ch\u1ed1ng s\u1ed1c, nh\u1eb9, b\u1ec1n, kh\u00f4ng th\u1ea5m n\u01b0\u1edbc, b\u1ea3o v\u1ec7 s\u1ea3n ph\u1ea9m t\u1ed1i \u01b0u khi v\u1eadn chuy\u1ec3n \u2013 gi\u1ea3i ph\u00e1p l\u00fd t\u01b0\u1edfng cho \u0111\u00f3ng g\u00f3i chuy\u00ean nghi\u1ec7p.","og_url":"https:\/\/epe.vn\/de\/manufacturer\/tui-xop-epe-dem-boc-hang\/","og_site_name":"Nh\u00e0 s\u1ea3n xu\u1ea5t b\u1ecdt Polyethylene m\u1edf r\u1ed9ng","og_image":[{"width":800,"height":800,"url":"https:\/\/epe.vn\/wp-content\/uploads\/2025\/05\/Tui-xop-EPE-dem-boc-hang.webp","type":"image\/webp"}],"twitter_card":"summary_large_image","twitter_misc":{"Gesch\u00e4tzte Lesezeit":"2\u00a0Minuten"},"schema":{"@context":"https:\/\/schema.org","@graph":[{"@type":"WebPage","@id":"https:\/\/epe.vn\/manufacturer\/tui-xop-epe-dem-boc-hang\/","url":"https:\/\/epe.vn\/manufacturer\/tui-xop-epe-dem-boc-hang\/","name":"T\u00fai x\u1ed1p EPE \u0111\u1ec7m b\u1ecdc h\u00e0ng | T\u00f9y ch\u1ec9nh theo y\u00eau c\u1ea7u - Nh\u00e0 s\u1ea3n xu\u1ea5t b\u1ecdt Polyethylene m\u1edf r\u1ed9ng","isPartOf":{"@id":"https:\/\/epe.vn\/#website"},"primaryImageOfPage":{"@id":"https:\/\/epe.vn\/manufacturer\/tui-xop-epe-dem-boc-hang\/#primaryimage"},"image":{"@id":"https:\/\/epe.vn\/manufacturer\/tui-xop-epe-dem-boc-hang\/#primaryimage"},"thumbnailUrl":"https:\/\/epe.vn\/wp-content\/uploads\/2025\/05\/Tui-xop-EPE-dem-boc-hang.webp","datePublished":"2025-05-05T08:24:15+00:00","dateModified":"2025-05-05T08:24:15+00:00","description":"T\u00fai x\u1ed1p EPE \u0111\u1ec7m b\u1ecdc h\u00e0ng ch\u1ed1ng s\u1ed1c, nh\u1eb9, b\u1ec1n, kh\u00f4ng th\u1ea5m n\u01b0\u1edbc, b\u1ea3o v\u1ec7 s\u1ea3n ph\u1ea9m t\u1ed1i \u01b0u khi v\u1eadn chuy\u1ec3n \u2013 gi\u1ea3i ph\u00e1p l\u00fd t\u01b0\u1edfng cho \u0111\u00f3ng g\u00f3i chuy\u00ean nghi\u1ec7p.","breadcrumb":{"@id":"https:\/\/epe.vn\/manufacturer\/tui-xop-epe-dem-boc-hang\/#breadcrumb"},"inLanguage":"de","potentialAction":[{"@type":"ReadAction","target":["https:\/\/epe.vn\/manufacturer\/tui-xop-epe-dem-boc-hang\/"]}]},{"@type":"ImageObject","inLanguage":"de","@id":"https:\/\/epe.vn\/manufacturer\/tui-xop-epe-dem-boc-hang\/#primaryimage","url":"https:\/\/epe.vn\/wp-content\/uploads\/2025\/05\/Tui-xop-EPE-dem-boc-hang.webp","contentUrl":"https:\/\/epe.vn\/wp-content\/uploads\/2025\/05\/Tui-xop-EPE-dem-boc-hang.webp","width":800,"height":800,"caption":"Tu\u0301i xo\u0302\u0301p EPE \u0111e\u0323\u0302m bo\u0323c ha\u0300ng"},{"@type":"BreadcrumbList","@id":"https:\/\/epe.vn\/manufacturer\/tui-xop-epe-dem-boc-hang\/#breadcrumb","itemListElement":[{"@type":"ListItem","position":1,"name":"Home","item":"https:\/\/epe.vn\/"},{"@type":"ListItem","position":2,"name":"Shop","item":"https:\/\/epe.vn\/shop\/"},{"@type":"ListItem","position":3,"name":"T\u00fai x\u1ed1p EPE \u0111\u1ec7m b\u1ecdc h\u00e0ng | T\u00f9y ch\u1ec9nh theo y\u00eau c\u1ea7u"}]},{"@type":"WebSite","@id":"https:\/\/epe.vn\/#website","url":"https:\/\/epe.vn\/","name":"Nh\u00e0 s\u1ea3n xu\u1ea5t b\u1ecdt Polyethylene m\u1edf r\u1ed9ng","description":"Nh\u00e0 cung c\u1ea5p bao b\u00ec v\u1ec9 x\u1ed1p polyethylene m\u1edf r\u1ed9ng v\u00e0 t\u00fai PE","potentialAction":[{"@type":"SearchAction","target":{"@type":"EntryPoint","urlTemplate":"https:\/\/epe.vn\/?s={search_term_string}"},"query-input":{"@type":"PropertyValueSpecification","valueRequired":true,"valueName":"search_term_string"}}],"inLanguage":"de"}]}},"_links":{"self":[{"href":"https:\/\/epe.vn\/de\/wp-json\/wp\/v2\/product\/2156","targetHints":{"allow":["GET"]}}],"collection":[{"href":"https:\/\/epe.vn\/de\/wp-json\/wp\/v2\/product"}],"about":[{"href":"https:\/\/epe.vn\/de\/wp-json\/wp\/v2\/types\/product"}],"replies":[{"embeddable":true,"href":"https:\/\/epe.vn\/de\/wp-json\/wp\/v2\/comments?post=2156"}],"wp:featuredmedia":[{"embeddable":true,"href":"https:\/\/epe.vn\/de\/wp-json\/wp\/v2\/media\/2157"}],"wp:attachment":[{"href":"https:\/\/epe.vn\/de\/wp-json\/wp\/v2\/media?parent=2156"}],"wp:term":[{"taxonomy":"product_cat","embeddable":true,"href":"https:\/\/epe.vn\/de\/wp-json\/wp\/v2\/product_cat?post=2156"},{"taxonomy":"product_tag","embeddable":true,"href":"https:\/\/epe.vn\/de\/wp-json\/wp\/v2\/product_tag?post=2156"}],"curies":[{"name":"wp","href":"https:\/\/api.w.org\/{rel}","templated":true}]}}