{"id":1397,"date":"2023-06-08T07:51:40","date_gmt":"2023-06-08T07:51:40","guid":{"rendered":"https:\/\/epe.vn\/?post_type=product&#038;p=1397"},"modified":"2025-02-12T10:25:44","modified_gmt":"2025-02-12T03:25:44","slug":"mut-xop-boc-hang","status":"publish","type":"product","link":"https:\/\/epe.vn\/el\/manufacturer\/mut-xop-boc-hang\/","title":{"rendered":"\u03a3\u03c5\u03c3\u03ba\u03b5\u03c5\u03b1\u03c3\u03af\u03b1 \u03b1\u03c6\u03c1\u03bf\u03cd | \u03a3\u03c5\u03c3\u03ba\u03b5\u03c5\u03b1\u03c3\u03af\u03b1 \u03b1\u03c6\u03c1\u03bf\u03cd | \u03a6\u03c4\u03b7\u03bd\u03ae \u03c0\u03b5\u03c1\u03b9\u03c4\u03cd\u03bb\u03b9\u03be\u03b7 \u03b1\u03c6\u03c1\u03bf\u03cd"},"content":{"rendered":"<h2>\u03a4\u03b5\u03c7\u03bd\u03b9\u03ba\u03ad\u03c2 \u03a0\u03c1\u03bf\u03b4\u03b9\u03b1\u03b3\u03c1\u03b1\u03c6\u03ad\u03c2<\/h2>\n<table style=\"border-collapse: collapse; width: 687.77pt;\" border=\"0\" width=\"917\" cellspacing=\"0\" cellpadding=\"0\">\n<tbody>\n<tr style=\"height: 14.25pt;\">\n<td class=\"et3\" style=\"height: 14.25pt; width: 237.75pt;\" width=\"317\" height=\"19\"><strong>\u038c\u03bd\u03bf\u03bc\u03b1 \u03c0\u03c1\u03bf\u03ca\u03cc\u03bd\u03c4\u03bf\u03c2<\/strong><\/td>\n<td class=\"et3\" style=\"width: 450.00pt;\" width=\"600\">EPE \u03b1\u03c6\u03c1\u03ce\u03b4\u03b5\u03c2 \u03c0\u03c1\u03bf\u03c3\u03c4\u03b1\u03c4\u03b5\u03c5\u03c4\u03b9\u03ba\u03cc \u03ac\u03ba\u03c1\u03c9\u03bd<\/td>\n<\/tr>\n<tr style=\"height: 14.25pt;\">\n<td class=\"et3\" style=\"height: 14.25pt;\" height=\"19\"><strong>\u03a0\u03c1\u03ce\u03c4\u03b5\u03c2 \u03cd\u03bb\u03b5\u03c2<\/strong><\/td>\n<td class=\"et3\">EPE, 100% \u03bd\u03ad\u03bf \u03c5\u03bb\u03b9\u03ba\u03cc, \u03c6\u03b9\u03bb\u03b9\u03ba\u03cc \u03c0\u03c1\u03bf\u03c2 \u03c4\u03bf \u03c0\u03b5\u03c1\u03b9\u03b2\u03ac\u03bb\u03bb\u03bf\u03bd, \u03b1\u03bd\u03b1\u03ba\u03c5\u03ba\u03bb\u03ce\u03c3\u03b9\u03bc\u03bf.<\/td>\n<\/tr>\n<tr style=\"height: 14.25pt;\">\n<td class=\"et3\" style=\"height: 14.25pt;\" height=\"19\"><strong>\u0395\u03be\u03bf\u03c1\u03af\u03b1<\/strong><\/td>\n<td class=\"et3\">\u03a0\u03c1\u03bf\u03c3\u03b1\u03c1\u03bc\u03bf\u03c3\u03bc\u03ad\u03bd\u03bf (0,5mm-200mm)<\/td>\n<\/tr>\n<tr style=\"height: 14.25pt;\">\n<td class=\"et3\" style=\"height: 14.25pt;\" height=\"19\"><strong>\u03a3\u03ba\u03bb\u03b7\u03c1\u03cc\u03c4\u03b7\u03c4\u03b1<\/strong><\/td>\n<td class=\"et3\">25 \u03c5\u03c8\u03b7\u03bb\u03cc \u03b5\u03bb\u03b1\u03c3\u03c4\u03b9\u03ba\u03cc, 35-40 \u03bc\u03bf\u03af\u03c1\u03b5\u03c2, 45-50 \u03bc\u03bf\u03af\u03c1\u03b5\u03c2, 50-60 \u03bc\u03bf\u03af\u03c1\u03b5\u03c2, 70-80 \u03bc\u03bf\u03af\u03c1\u03b5\u03c2 \u03ae \u03c0\u03c1\u03bf\u03c3\u03b1\u03c1\u03bc\u03bf\u03c3\u03bc\u03ad\u03bd\u03bf<\/td>\n<\/tr>\n<tr style=\"height: 14.25pt;\">\n<td class=\"et3\" style=\"height: 14.25pt;\" height=\"19\"><strong>\u03a7\u03c1\u03ce\u03bc\u03b1<\/strong><\/td>\n<td class=\"et3\">\u039c\u03b1\u03cd\u03c1\u03bf, \u03bb\u03b5\u03c5\u03ba\u03cc, \u03ba\u03cc\u03ba\u03ba\u03b9\u03bd\u03bf, \u03c0\u03c1\u03ad\u03c0\u03b5\u03b9 \u03bd\u03b1 \u03c0\u03c1\u03bf\u03c3\u03b1\u03c1\u03bc\u03cc\u03c3\u03b5\u03c4\u03b5 \u03c4\u03bf \u03c7\u03c1\u03ce\u03bc\u03b1<\/td>\n<\/tr>\n<tr style=\"height: 14.25pt;\">\n<td class=\"et3\" style=\"height: 14.25pt;\" height=\"19\"><strong>\u039c\u03ad\u03b3\u03b5\u03b8\u03bf\u03c2<\/strong><\/td>\n<td class=\"et3\">\u03a0\u03c1\u03bf\u03c3\u03b1\u03c1\u03bc\u03bf\u03c3\u03bc\u03ad\u03bd\u03b7 \u03b1\u03ba\u03c1\u03b9\u03b2\u03ce\u03c2 \u03c3\u03c4\u03bf \u03b1\u03c1\u03c7\u03b5\u03af\u03bf \u03c3\u03c7\u03b5\u03b4\u03af\u03b1\u03c3\u03ae\u03c2 \u03c3\u03b1\u03c2<\/td>\n<\/tr>\n<tr style=\"height: 14.25pt;\">\n<td class=\"et3\" style=\"height: 14.25pt;\" height=\"19\"><strong>\u039b\u03bf\u03b3\u03cc\u03c4\u03c5\u03c0\u03bf<\/strong><\/td>\n<td class=\"et3\">\u03a3\u03cd\u03bc\u03c6\u03c9\u03bd\u03b1 \u03bc\u03b5 \u03c4\u03bf \u03b1\u03af\u03c4\u03b7\u03bc\u03ac \u03c3\u03b1\u03c2<\/td>\n<\/tr>\n<tr style=\"height: 14.25pt;\">\n<td class=\"et3\" style=\"height: 14.25pt;\" height=\"19\"><strong>\u0391\u03c0\u03bf\u03b4\u03bf\u03c4\u03b9\u03ba\u03cc\u03c4\u03b7\u03c4\u03b1<\/strong><\/td>\n<td class=\"et3\">\u0395\u03bb\u03b1\u03c6\u03c1\u03cd \u03ba\u03b1\u03b9 \u03b1\u03bd\u03b1\u03ba\u03c5\u03ba\u03bb\u03ce\u03c3\u03b9\u03bc\u03bf, \u03b1\u03c0\u03bf\u03c1\u03c1\u03bf\u03c6\u03b7\u03c4\u03b9\u03ba\u03cc \u03c5\u03bb\u03b9\u03ba\u03cc<\/td>\n<\/tr>\n<tr style=\"height: 14.25pt;\">\n<td class=\"et3\" style=\"height: 14.25pt;\" height=\"19\"><strong>\u0395\u03c0\u03b9\u03c6\u03b1\u03bd\u03b5\u03b9\u03b1\u03ba\u03ae \u0395\u03ba\u03c4\u03cd\u03c0\u03c9\u03c3\u03b7<\/strong><\/td>\n<td class=\"et3\">\u0394\u03b9\u03b1\u03b8\u03ad\u03c3\u03b9\u03bc\u03bf\u03c2.<\/td>\n<\/tr>\n<tr style=\"height: 14.25pt;\">\n<td class=\"et3\" style=\"height: 14.25pt;\" height=\"19\"><strong>\u038c\u03c1\u03bf\u03b9 \u03c3\u03c5\u03c3\u03ba\u03b5\u03c5\u03b1\u03c3\u03af\u03b1\u03c2<\/strong><\/td>\n<td class=\"et3\">\u03a0\u03bb\u03b1\u03c3\u03c4\u03b9\u03ba\u03ae \u03c3\u03b1\u03ba\u03bf\u03cd\u03bb\u03b1 \u03ae \u03ba\u03bf\u03c5\u03c4\u03af \u03b1\u03c0\u03cc \u03c7\u03b1\u03c1\u03c4\u03cc\u03bd\u03b9 \u03b3\u03b9\u03b1 \u03c3\u03c5\u03c3\u03ba\u03b5\u03c5\u03b1\u03c3\u03af\u03b1 \u03ae \u03c3\u03cd\u03bc\u03c6\u03c9\u03bd\u03b1 \u03bc\u03b5 \u03c4\u03bf \u03b1\u03af\u03c4\u03b7\u03bc\u03b1 \u03c4\u03bf\u03c5 \u03c0\u03b5\u03bb\u03ac\u03c4\u03b7.<\/td>\n<\/tr>\n<tr style=\"height: 14.25pt;\">\n<td class=\"et3\" style=\"height: 14.25pt;\" height=\"19\"><strong>\u03a0\u03bb\u03b7\u03c1\u03bf\u03c6\u03bf\u03c1\u03af\u03b5\u03c2 \u03c0\u03bf\u03c5 \u03b1\u03c0\u03b1\u03b9\u03c4\u03bf\u03cd\u03bd\u03c4\u03b1\u03b9 \u03b3\u03b9\u03b1 \u03c4\u03b7\u03bd \u03b1\u03ba\u03c1\u03b9\u03b2\u03ae \u03c4\u03b9\u03bc\u03bf\u03bb\u03cc\u03b3\u03b7\u03c3\u03b7<\/strong><\/td>\n<td class=\"et3\">\u039c\u03ae\u03ba\u03bf\u03c2, \u03c0\u03bb\u03ac\u03c4\u03bf\u03c2 \u03ba\u03b1\u03b9 \u03b2\u03ac\u03c1\u03bf\u03c2 \u03c4\u03bf\u03c5 \u03ba\u03bf\u03af\u03bb\u03bf\u03c5 \u03c3\u03c9\u03bb\u03ae\u03bd\u03b1 EPE (\u03ae GSM)<\/td>\n<\/tr>\n<tr style=\"height: 14.25pt;\">\n<td class=\"et3\" style=\"height: 14.25pt;\" height=\"19\"><strong>\u039a\u03b1\u03c4\u03b1\u03c3\u03ba\u03b5\u03c5\u03ae \u03ba\u03b1\u03bb\u03bf\u03c5\u03c0\u03b9\u03ce\u03bd<\/strong><\/td>\n<td class=\"et3\">2-15 \u03b5\u03c1\u03b3\u03ac\u03c3\u03b9\u03bc\u03b5\u03c2 \u03b7\u03bc\u03ad\u03c1\u03b5\u03c2<\/td>\n<\/tr>\n<tr style=\"height: 25.00pt;\">\n<td class=\"et3\" style=\"height: 25.00pt;\" height=\"33\"><strong>\u0394\u03b5\u03af\u03b3\u03bc\u03b1<\/strong><\/td>\n<td class=\"et3\">\u0394\u03c9\u03c1\u03b5\u03ac\u03bd \u03b4\u03b5\u03af\u03b3\u03bc\u03b1\u03c4\u03b1 \u03bc\u03c0\u03bf\u03c1\u03bf\u03cd\u03bd \u03bd\u03b1 \u03c3\u03b1\u03c2 \u03c3\u03c4\u03b1\u03bb\u03bf\u03cd\u03bd \u03b1\u03bd\u03ac \u03c0\u03ac\u03c3\u03b1 \u03c3\u03c4\u03b9\u03b3\u03bc\u03ae, \u03c7\u03c1\u03cc\u03bd\u03bf\u03c2 \u03bf\u03bb\u03bf\u03ba\u03bb\u03ae\u03c1\u03c9\u03c3\u03b7\u03c2 \u03b4\u03b5\u03b9\u03b3\u03bc\u03ac\u03c4\u03c9\u03bd: 1-3 \u03b7\u03bc\u03ad\u03c1\u03b5\u03c2.<\/td>\n<\/tr>\n<tr style=\"height: 115.00pt;\">\n<td class=\"et3\" style=\"height: 115.00pt;\" height=\"153\"><strong>\u039b\u03b1\u03b2\u03ae<\/strong><\/td>\n<td class=\"et4\" style=\"width: 450.00pt;\" width=\"600\">1. \u03a6\u03c4\u03b9\u03ac\u03be\u03c4\u03b5 \u03bc\u03bf\u03cd\u03c7\u03bb\u03b1<br \/>\n2. \u039c\u03bf\u03bd\u03c4\u03b5\u03bb\u03bf\u03c0\u03bf\u03af\u03b7\u03c3\u03b7<br \/>\n3. \u0394\u03b5\u03af\u03b3\u03bc\u03b1 \u03b5\u03c0\u03b9\u03b2\u03b5\u03b2\u03b1\u03af\u03c9\u03c3\u03b7\u03c2<br \/>\n4. \u03a0\u03b1\u03c1\u03ac\u03b4\u03bf\u03c3\u03b7 \u03b4\u03b5\u03b9\u03b3\u03bc\u03ac\u03c4\u03c9\u03bd<br \/>\n5. \u039c\u03b1\u03b6\u03b9\u03ba\u03ae \u03c0\u03b1\u03c1\u03b1\u03b3\u03c9\u03b3\u03ae \u03bc\u03b5 \u03c0\u03bf\u03b9\u03bf\u03c4\u03b9\u03ba\u03cc \u03ad\u03bb\u03b5\u03b3\u03c7\u03bf<br \/>\n6. \u03a4\u03b5\u03bb\u03b9\u03ba\u03cc\u03c2 \u03c0\u03bf\u03b9\u03bf\u03c4\u03b9\u03ba\u03cc\u03c2 \u03ad\u03bb\u03b5\u03b3\u03c7\u03bf\u03c2<br \/>\n7. \u03a3\u03c5\u03c3\u03ba\u03b5\u03c5\u03b1\u03c3\u03af\u03b1<br \/>\n8. \u039c\u03b5\u03c4\u03b1\u03c6\u03bf\u03c1\u03ad\u03c2<\/td>\n<\/tr>\n<tr style=\"height: 63.00pt;\">\n<td class=\"et3\" style=\"height: 63.00pt;\" height=\"84\"><strong>\u0395\u03c6\u03b1\u03c1\u03bc\u03bf\u03b3\u03ae<\/strong><\/td>\n<td class=\"et4\" style=\"width: 450.00pt;\" width=\"600\">\u03a7\u03c1\u03b7\u03c3\u03b9\u03bc\u03bf\u03c0\u03bf\u03b9\u03b5\u03af\u03c4\u03b1\u03b9 \u03b3\u03b9\u03b1 \u03c4\u03b7\u03bd \u03b1\u03c0\u03bf\u03c1\u03c1\u03cc\u03c6\u03b7\u03c3\u03b7 \u03b1\u03bd\u03c4\u03b9\u03ba\u03b5\u03b9\u03bc\u03ad\u03bd\u03c9\u03bd \u03ba\u03b1\u03c4\u03ac \u03c4\u03b7 \u03bc\u03b5\u03c4\u03b1\u03c6\u03bf\u03c1\u03ac, \u03cc\u03c0\u03c9\u03c2 \u03b7\u03bb\u03b5\u03ba\u03c4\u03c1\u03bf\u03bd\u03b9\u03ba\u03ac \u03b5\u03af\u03b4\u03b7, \u03cc\u03c1\u03b3\u03b1\u03bd\u03b1, \u03c7\u03b5\u03b9\u03c1\u03bf\u03c4\u03b5\u03c7\u03bd\u03af\u03b5\u03c2, \u03ba\u03b5\u03c1\u03b1\u03bc\u03b9\u03ba\u03ac, \u03bf\u03b9\u03ba\u03b9\u03b1\u03ba\u03ad\u03c2 \u03c3\u03c5\u03c3\u03ba\u03b5\u03c5\u03ad\u03c2, \u03c0\u03bf\u03b4\u03ae\u03bb\u03b1\u03c4\u03b1, \u03ba\u03bf\u03c5\u03b6\u03af\u03bd\u03b5\u03c2, \u03ad\u03c0\u03b9\u03c0\u03bb\u03b1, \u03b5\u03c1\u03b3\u03b1\u03bb\u03b5\u03af\u03b1 \u03c5\u03bb\u03b9\u03ba\u03bf\u03cd, \u03c0\u03c1\u03bf\u03ca\u03cc\u03bd\u03c4\u03b1 \u03b3\u03c5\u03b1\u03bb\u03b9\u03bf\u03cd \u03ba\u03b1\u03b9 \u03cc\u03c1\u03b3\u03b1\u03bd\u03b1 \u03b1\u03ba\u03c1\u03b9\u03b2\u03b5\u03af\u03b1\u03c2.<\/td>\n<\/tr>\n<tr style=\"height: 42.75pt;\">\n<td class=\"et3\" style=\"height: 42.75pt;\" height=\"57\"><strong>\u03a5\u03c0\u03b7\u03c1\u03b5\u03c3\u03af\u03b1<\/strong><\/td>\n<td class=\"et4\" style=\"width: 450.00pt;\" width=\"600\">\u0393\u03c1\u03ae\u03b3\u03bf\u03c1\u03b7 \u03ba\u03b1\u03b9 \u03b6\u03b5\u03c3\u03c4\u03ae \u03c5\u03c0\u03b7\u03c1\u03b5\u03c3\u03af\u03b1 \u03b1\u03c0\u03cc\u03ba\u03c1\u03b9\u03c3\u03b7\u03c2 \u03c0\u03bf\u03c5 \u03c0\u03b1\u03c1\u03ad\u03c7\u03b5\u03c4\u03b1\u03b9 \u03b1\u03c0\u03cc \u03c4\u03b7\u03bd \u03b5\u03c0\u03b1\u03b3\u03b3\u03b5\u03bb\u03bc\u03b1\u03c4\u03b9\u03ba\u03ae \u039f\u03bc\u03ac\u03b4\u03b1 \u03a0\u03c9\u03bb\u03ae\u03c3\u03b5\u03c9\u03bd \u0395\u03be\u03b1\u03b3\u03c9\u03b3\u03ce\u03bd \u03bc\u03b5 \u03c0\u03bf\u03bb\u03c5\u03b5\u03c4\u03ae \u03b5\u03bc\u03c0\u03b5\u03b9\u03c1\u03af\u03b1 \u03c3\u03c4\u03bf\u03bd \u03c7\u03b5\u03b9\u03c1\u03b9\u03c3\u03bc\u03cc \u03b5\u03be\u03b1\u03b3\u03c9\u03b3\u03ce\u03bd \u03c3\u03c4\u03b9\u03c2 \u0397\u03bd\u03c9\u03bc\u03ad\u03bd\u03b5\u03c2 \u03a0\u03bf\u03bb\u03b9\u03c4\u03b5\u03af\u03b5\u03c2, \u03c4\u03b7\u03bd \u0395\u03c5\u03c1\u03ce\u03c0\u03b7, \u03c4\u03b7\u03bd \u0399\u03b1\u03c0\u03c9\u03bd\u03af\u03b1 \u03ba\u03b1\u03b9 \u03ac\u03bb\u03bb\u03b5\u03c2 \u03c7\u03ce\u03c1\u03b5\u03c2 \u03ba\u03b1\u03b9 \u03c0\u03b5\u03c1\u03b9\u03bf\u03c7\u03ad\u03c2.<\/td>\n<\/tr>\n<\/tbody>\n<\/table>","protected":false},"excerpt":{"rendered":"<p>\u039a\u03b1\u03c4\u03b1\u03c3\u03ba\u03b5\u03c5\u03b1\u03c3\u03c4\u03ae\u03c2 \u03b1\u03c6\u03c1\u03bf\u03cd \u03c3\u03c5\u03c3\u03ba\u03b5\u03c5\u03b1\u03c3\u03af\u03b1\u03c2<\/p>\n<ul>\n<li><strong>\u03a0\u03c1\u03bf\u03ca\u03cc\u03bd:<\/strong> \u0397 \u03c3\u03c5\u03c3\u03ba\u03b5\u03c5\u03b1\u03c3\u03af\u03b1 \u03b1\u03c6\u03c1\u03bf\u03cd (\u03b3\u03bd\u03c9\u03c3\u03c4\u03ae \u03ba\u03b1\u03b9 \u03c9\u03c2 \u03c3\u03c5\u03c3\u03ba\u03b5\u03c5\u03b1\u03c3\u03af\u03b1 \u03b1\u03c6\u03c1\u03bf\u03cd) \u03b4\u03b9\u03b1\u03c4\u03af\u03b8\u03b5\u03c4\u03b1\u03b9 \u03c3\u03b5 \u03c0\u03bf\u03bb\u03bb\u03ac \u03b4\u03b9\u03b1\u03c6\u03bf\u03c1\u03b5\u03c4\u03b9\u03ba\u03ac \u03bc\u03b5\u03b3\u03ad\u03b8\u03b7 \u03ba\u03b1\u03b9 \u03c0\u03ac\u03c7\u03b7.<\/li>\n<li><strong>\u03a7\u03b1\u03c1\u03b1\u03ba\u03c4\u03b7\u03c1\u03b9\u03c3\u03c4\u03b9\u03ba\u03cc\u03c2:<\/strong><\/li>\n<\/ul>\n<ol>\n<li>\u03a5\u03c8\u03b7\u03bb\u03ae \u03c0\u03bf\u03b9\u03cc\u03c4\u03b7\u03c4\u03b1, \u03b4\u03b9\u03b1\u03c3\u03c6\u03b1\u03bb\u03af\u03b6\u03bf\u03bd\u03c4\u03b1\u03c2 \u03c4\u03b7\u03bd \u03b1\u03c3\u03c6\u03ac\u03bb\u03b5\u03b9\u03b1 \u03c4\u03c9\u03bd \u03b5\u03bc\u03c0\u03bf\u03c1\u03b5\u03c5\u03bc\u03ac\u03c4\u03c9\u03bd \u03ba\u03b1\u03c4\u03ac \u03c4\u03b7 \u03bc\u03b5\u03c4\u03b1\u03c6\u03bf\u03c1\u03ac.<\/li>\n<li>\u0391\u03bd\u03c4\u03b1\u03b3\u03c9\u03bd\u03b9\u03c3\u03c4\u03b9\u03ba\u03ad\u03c2 \u03c4\u03b9\u03bc\u03ad\u03c2, \u03ba\u03b1\u03c4\u03ac\u03bb\u03bb\u03b7\u03bb\u03b5\u03c2 \u03b3\u03b9\u03b1 \u03c0\u03bf\u03bb\u03bb\u03bf\u03cd\u03c2 \u03c0\u03b5\u03bb\u03ac\u03c4\u03b5\u03c2.<\/li>\n<li>\u03a4\u03bf \u03bc\u03ad\u03b3\u03b5\u03b8\u03bf\u03c2 \u03bc\u03c0\u03bf\u03c1\u03b5\u03af \u03bd\u03b1 \u03c0\u03c1\u03bf\u03c3\u03b1\u03c1\u03bc\u03bf\u03c3\u03c4\u03b5\u03af \u03c3\u03cd\u03bc\u03c6\u03c9\u03bd\u03b1 \u03bc\u03b5 \u03c4\u03b9\u03c2 \u03b1\u03c0\u03b1\u03b9\u03c4\u03ae\u03c3\u03b5\u03b9\u03c2 \u03c4\u03bf\u03c5 \u03c0\u03b5\u03bb\u03ac\u03c4\u03b7.<\/li>\n<\/ol>\n<ul>\n<li><strong>\u03a5\u03c0\u03b7\u03c1\u03b5\u03c3\u03af\u03b1:<\/strong><\/li>\n<\/ul>\n<ol>\n<li>\u03a0\u03b1\u03c1\u03b1\u03b3\u03c9\u03b3\u03ae \u03ba\u03b1\u03b9 \u03b5\u03c0\u03b5\u03be\u03b5\u03c1\u03b3\u03b1\u03c3\u03af\u03b1 \u03b1\u03c6\u03c1\u03bf\u03cd \u03ba\u03b1\u03c4\u03cc\u03c0\u03b9\u03bd \u03c0\u03b1\u03c1\u03b1\u03b3\u03b3\u03b5\u03bb\u03af\u03b1\u03c2.<\/li>\n<li>\u039f\u03b9 \u03ba\u03b1\u03bb\u03cd\u03c4\u03b5\u03c1\u03b5\u03c2 \u03c3\u03c5\u03bc\u03b2\u03bf\u03c5\u03bb\u03ad\u03c2 \u03ba\u03b1\u03b9 \u03c0\u03c1\u03bf\u03c3\u03c6\u03bf\u03c1\u03ad\u03c2 \u03b3\u03b9\u03b1 \u03c4\u03bf\u03c5\u03c2 \u03c0\u03b5\u03bb\u03ac\u03c4\u03b5\u03c2.<\/li>\n<\/ol>\n<ul>\n<li><strong>\u0395\u03c0\u03b1\u03c6\u03ae:<\/strong><\/li>\n<\/ul>\n<ol>\n<li>\u0395\u03c0\u03b9\u03ba\u03bf\u03b9\u03bd\u03c9\u03bd\u03ae\u03c3\u03c4\u03b5 \u03b1\u03c0\u03b5\u03c5\u03b8\u03b5\u03af\u03b1\u03c2 \u03bc\u03b5 \u03c4\u03bf \u03b5\u03c1\u03b3\u03bf\u03c3\u03c4\u03ac\u03c3\u03b9\u03bf \u03b3\u03b9\u03b1 \u03c4\u03b9\u03c2 \u03ba\u03b1\u03bb\u03cd\u03c4\u03b5\u03c1\u03b5\u03c2 \u03c3\u03c5\u03bc\u03b2\u03bf\u03c5\u03bb\u03ad\u03c2 \u03ba\u03b1\u03b9 \u03c5\u03c0\u03bf\u03c3\u03c4\u03ae\u03c1\u03b9\u03be\u03b7.<\/li>\n<\/ol>","protected":false},"featured_media":1736,"comment_status":"open","ping_status":"closed","template":"","meta":[],"product_cat":[15],"product_tag":[],"class_list":{"0":"post-1397","1":"product","2":"type-product","3":"status-publish","4":"has-post-thumbnail","6":"product_cat-bot-pe-tuy-chinh","8":"first","9":"instock","10":"shipping-taxable","11":"product-type-simple"},"yoast_head":"<!-- This site is optimized with the Yoast SEO plugin v23.4 - https:\/\/yoast.com\/wordpress\/plugins\/seo\/ -->\n<title>M\u00fat X\u1ed1p B\u1ecdc H\u00e0ng | M\u00fat B\u1ecdc H\u00e0ng | M\u00fat X\u1ed1p B\u1ecdc H\u00e0ng Gi\u00e1 R\u1ebb - Nh\u00e0 s\u1ea3n xu\u1ea5t b\u1ecdt Polyethylene m\u1edf r\u1ed9ng<\/title>\n<meta name=\"description\" content=\"M\u00fat x\u1ed1p b\u1ecdc h\u00e0ng, m\u00fat b\u1ecdc h\u00e0ng gi\u00e1 r\u1ebb, ch\u1ea5t l\u01b0\u1ee3ng cao. S\u1ea3n xu\u1ea5t, gia c\u00f4ng theo y\u00eau c\u1ea7u. Li\u00ean h\u1ec7 nh\u00e0 m\u00e1y \u0111\u1ec3 nh\u1eadn b\u00e1o gi\u00e1 t\u1ed1t nh\u1ea5t!\" \/>\n<meta name=\"robots\" content=\"index, follow, max-snippet:-1, max-image-preview:large, max-video-preview:-1\" \/>\n<link rel=\"canonical\" href=\"https:\/\/epe.vn\/el\/manufacturer\/mut-xop-boc-hang\/\" \/>\n<meta property=\"og:locale\" content=\"el_GR\" \/>\n<meta property=\"og:type\" content=\"article\" \/>\n<meta property=\"og:title\" content=\"M\u00fat X\u1ed1p B\u1ecdc H\u00e0ng | M\u00fat B\u1ecdc H\u00e0ng | M\u00fat X\u1ed1p B\u1ecdc H\u00e0ng Gi\u00e1 R\u1ebb - Nh\u00e0 s\u1ea3n xu\u1ea5t b\u1ecdt Polyethylene m\u1edf r\u1ed9ng\" \/>\n<meta property=\"og:description\" content=\"M\u00fat x\u1ed1p b\u1ecdc h\u00e0ng, m\u00fat b\u1ecdc h\u00e0ng gi\u00e1 r\u1ebb, ch\u1ea5t l\u01b0\u1ee3ng cao. S\u1ea3n xu\u1ea5t, gia c\u00f4ng theo y\u00eau c\u1ea7u. Li\u00ean h\u1ec7 nh\u00e0 m\u00e1y \u0111\u1ec3 nh\u1eadn b\u00e1o gi\u00e1 t\u1ed1t nh\u1ea5t!\" \/>\n<meta property=\"og:url\" content=\"https:\/\/epe.vn\/el\/manufacturer\/mut-xop-boc-hang\/\" \/>\n<meta property=\"og:site_name\" content=\"Nh\u00e0 s\u1ea3n xu\u1ea5t b\u1ecdt Polyethylene m\u1edf r\u1ed9ng\" \/>\n<meta property=\"article:modified_time\" content=\"2025-02-12T03:25:44+00:00\" \/>\n<meta property=\"og:image\" content=\"https:\/\/epe.vn\/wp-content\/uploads\/2023\/06\/mut-xop-boc-hang.webp\" \/>\n\t<meta property=\"og:image:width\" content=\"1000\" \/>\n\t<meta property=\"og:image:height\" content=\"1000\" \/>\n\t<meta property=\"og:image:type\" content=\"image\/webp\" \/>\n<meta name=\"twitter:card\" content=\"summary_large_image\" \/>\n<meta name=\"twitter:label1\" content=\"\u0395\u03ba\u03c4\u03b9\u03bc\u03ce\u03bc\u03b5\u03bd\u03bf\u03c2 \u03c7\u03c1\u03cc\u03bd\u03bf\u03c2 \u03b1\u03bd\u03ac\u03b3\u03bd\u03c9\u03c3\u03b7\u03c2\" \/>\n\t<meta name=\"twitter:data1\" content=\"2 \u03bb\u03b5\u03c0\u03c4\u03ac\" \/>\n<script type=\"application\/ld+json\" class=\"yoast-schema-graph\">{\"@context\":\"https:\/\/schema.org\",\"@graph\":[{\"@type\":\"WebPage\",\"@id\":\"https:\/\/epe.vn\/manufacturer\/mut-xop-boc-hang\/\",\"url\":\"https:\/\/epe.vn\/manufacturer\/mut-xop-boc-hang\/\",\"name\":\"M\u00fat X\u1ed1p B\u1ecdc H\u00e0ng | M\u00fat B\u1ecdc H\u00e0ng | M\u00fat X\u1ed1p B\u1ecdc H\u00e0ng Gi\u00e1 R\u1ebb - Nh\u00e0 s\u1ea3n xu\u1ea5t b\u1ecdt Polyethylene m\u1edf r\u1ed9ng\",\"isPartOf\":{\"@id\":\"https:\/\/epe.vn\/#website\"},\"primaryImageOfPage\":{\"@id\":\"https:\/\/epe.vn\/manufacturer\/mut-xop-boc-hang\/#primaryimage\"},\"image\":{\"@id\":\"https:\/\/epe.vn\/manufacturer\/mut-xop-boc-hang\/#primaryimage\"},\"thumbnailUrl\":\"https:\/\/epe.vn\/wp-content\/uploads\/2023\/06\/mut-xop-boc-hang.webp\",\"datePublished\":\"2023-06-08T07:51:40+00:00\",\"dateModified\":\"2025-02-12T03:25:44+00:00\",\"description\":\"M\u00fat x\u1ed1p b\u1ecdc h\u00e0ng, m\u00fat b\u1ecdc h\u00e0ng gi\u00e1 r\u1ebb, ch\u1ea5t l\u01b0\u1ee3ng cao. S\u1ea3n xu\u1ea5t, gia c\u00f4ng theo y\u00eau c\u1ea7u. Li\u00ean h\u1ec7 nh\u00e0 m\u00e1y \u0111\u1ec3 nh\u1eadn b\u00e1o gi\u00e1 t\u1ed1t nh\u1ea5t!\",\"breadcrumb\":{\"@id\":\"https:\/\/epe.vn\/manufacturer\/mut-xop-boc-hang\/#breadcrumb\"},\"inLanguage\":\"el\",\"potentialAction\":[{\"@type\":\"ReadAction\",\"target\":[\"https:\/\/epe.vn\/manufacturer\/mut-xop-boc-hang\/\"]}]},{\"@type\":\"ImageObject\",\"inLanguage\":\"el\",\"@id\":\"https:\/\/epe.vn\/manufacturer\/mut-xop-boc-hang\/#primaryimage\",\"url\":\"https:\/\/epe.vn\/wp-content\/uploads\/2023\/06\/mut-xop-boc-hang.webp\",\"contentUrl\":\"https:\/\/epe.vn\/wp-content\/uploads\/2023\/06\/mut-xop-boc-hang.webp\",\"width\":1000,\"height\":1000,\"caption\":\"m\u00fat x\u1ed1p b\u1ecdc h\u00e0ng\"},{\"@type\":\"BreadcrumbList\",\"@id\":\"https:\/\/epe.vn\/manufacturer\/mut-xop-boc-hang\/#breadcrumb\",\"itemListElement\":[{\"@type\":\"ListItem\",\"position\":1,\"name\":\"Home\",\"item\":\"https:\/\/epe.vn\/\"},{\"@type\":\"ListItem\",\"position\":2,\"name\":\"Shop\",\"item\":\"https:\/\/epe.vn\/shop\/\"},{\"@type\":\"ListItem\",\"position\":3,\"name\":\"M\u00fat X\u1ed1p B\u1ecdc H\u00e0ng | M\u00fat B\u1ecdc H\u00e0ng | M\u00fat X\u1ed1p B\u1ecdc H\u00e0ng Gi\u00e1 R\u1ebb\"}]},{\"@type\":\"WebSite\",\"@id\":\"https:\/\/epe.vn\/#website\",\"url\":\"https:\/\/epe.vn\/\",\"name\":\"Nh\u00e0 s\u1ea3n xu\u1ea5t b\u1ecdt Polyethylene m\u1edf r\u1ed9ng\",\"description\":\"Nh\u00e0 cung c\u1ea5p bao b\u00ec v\u1ec9 x\u1ed1p polyethylene m\u1edf r\u1ed9ng v\u00e0 t\u00fai PE\",\"potentialAction\":[{\"@type\":\"SearchAction\",\"target\":{\"@type\":\"EntryPoint\",\"urlTemplate\":\"https:\/\/epe.vn\/?s={search_term_string}\"},\"query-input\":{\"@type\":\"PropertyValueSpecification\",\"valueRequired\":true,\"valueName\":\"search_term_string\"}}],\"inLanguage\":\"el\"}]}<\/script>\n<!-- \/ Yoast SEO plugin. -->","yoast_head_json":{"title":"M\u00fat X\u1ed1p B\u1ecdc H\u00e0ng | M\u00fat B\u1ecdc H\u00e0ng | M\u00fat X\u1ed1p B\u1ecdc H\u00e0ng Gi\u00e1 R\u1ebb - Nh\u00e0 s\u1ea3n xu\u1ea5t b\u1ecdt Polyethylene m\u1edf r\u1ed9ng","description":"M\u00fat x\u1ed1p b\u1ecdc h\u00e0ng, m\u00fat b\u1ecdc h\u00e0ng gi\u00e1 r\u1ebb, ch\u1ea5t l\u01b0\u1ee3ng cao. S\u1ea3n xu\u1ea5t, gia c\u00f4ng theo y\u00eau c\u1ea7u. Li\u00ean h\u1ec7 nh\u00e0 m\u00e1y \u0111\u1ec3 nh\u1eadn b\u00e1o gi\u00e1 t\u1ed1t nh\u1ea5t!","robots":{"index":"index","follow":"follow","max-snippet":"max-snippet:-1","max-image-preview":"max-image-preview:large","max-video-preview":"max-video-preview:-1"},"canonical":"https:\/\/epe.vn\/el\/manufacturer\/mut-xop-boc-hang\/","og_locale":"el_GR","og_type":"article","og_title":"M\u00fat X\u1ed1p B\u1ecdc H\u00e0ng | M\u00fat B\u1ecdc H\u00e0ng | M\u00fat X\u1ed1p B\u1ecdc H\u00e0ng Gi\u00e1 R\u1ebb - Nh\u00e0 s\u1ea3n xu\u1ea5t b\u1ecdt Polyethylene m\u1edf r\u1ed9ng","og_description":"M\u00fat x\u1ed1p b\u1ecdc h\u00e0ng, m\u00fat b\u1ecdc h\u00e0ng gi\u00e1 r\u1ebb, ch\u1ea5t l\u01b0\u1ee3ng cao. S\u1ea3n xu\u1ea5t, gia c\u00f4ng theo y\u00eau c\u1ea7u. Li\u00ean h\u1ec7 nh\u00e0 m\u00e1y \u0111\u1ec3 nh\u1eadn b\u00e1o gi\u00e1 t\u1ed1t nh\u1ea5t!","og_url":"https:\/\/epe.vn\/el\/manufacturer\/mut-xop-boc-hang\/","og_site_name":"Nh\u00e0 s\u1ea3n xu\u1ea5t b\u1ecdt Polyethylene m\u1edf r\u1ed9ng","article_modified_time":"2025-02-12T03:25:44+00:00","og_image":[{"width":1000,"height":1000,"url":"https:\/\/epe.vn\/wp-content\/uploads\/2023\/06\/mut-xop-boc-hang.webp","type":"image\/webp"}],"twitter_card":"summary_large_image","twitter_misc":{"\u0395\u03ba\u03c4\u03b9\u03bc\u03ce\u03bc\u03b5\u03bd\u03bf\u03c2 \u03c7\u03c1\u03cc\u03bd\u03bf\u03c2 \u03b1\u03bd\u03ac\u03b3\u03bd\u03c9\u03c3\u03b7\u03c2":"2 \u03bb\u03b5\u03c0\u03c4\u03ac"},"schema":{"@context":"https:\/\/schema.org","@graph":[{"@type":"WebPage","@id":"https:\/\/epe.vn\/manufacturer\/mut-xop-boc-hang\/","url":"https:\/\/epe.vn\/manufacturer\/mut-xop-boc-hang\/","name":"M\u00fat X\u1ed1p B\u1ecdc H\u00e0ng | M\u00fat B\u1ecdc H\u00e0ng | M\u00fat X\u1ed1p B\u1ecdc H\u00e0ng Gi\u00e1 R\u1ebb - Nh\u00e0 s\u1ea3n xu\u1ea5t b\u1ecdt Polyethylene m\u1edf r\u1ed9ng","isPartOf":{"@id":"https:\/\/epe.vn\/#website"},"primaryImageOfPage":{"@id":"https:\/\/epe.vn\/manufacturer\/mut-xop-boc-hang\/#primaryimage"},"image":{"@id":"https:\/\/epe.vn\/manufacturer\/mut-xop-boc-hang\/#primaryimage"},"thumbnailUrl":"https:\/\/epe.vn\/wp-content\/uploads\/2023\/06\/mut-xop-boc-hang.webp","datePublished":"2023-06-08T07:51:40+00:00","dateModified":"2025-02-12T03:25:44+00:00","description":"M\u00fat x\u1ed1p b\u1ecdc h\u00e0ng, m\u00fat b\u1ecdc h\u00e0ng gi\u00e1 r\u1ebb, ch\u1ea5t l\u01b0\u1ee3ng cao. S\u1ea3n xu\u1ea5t, gia c\u00f4ng theo y\u00eau c\u1ea7u. Li\u00ean h\u1ec7 nh\u00e0 m\u00e1y \u0111\u1ec3 nh\u1eadn b\u00e1o gi\u00e1 t\u1ed1t nh\u1ea5t!","breadcrumb":{"@id":"https:\/\/epe.vn\/manufacturer\/mut-xop-boc-hang\/#breadcrumb"},"inLanguage":"el","potentialAction":[{"@type":"ReadAction","target":["https:\/\/epe.vn\/manufacturer\/mut-xop-boc-hang\/"]}]},{"@type":"ImageObject","inLanguage":"el","@id":"https:\/\/epe.vn\/manufacturer\/mut-xop-boc-hang\/#primaryimage","url":"https:\/\/epe.vn\/wp-content\/uploads\/2023\/06\/mut-xop-boc-hang.webp","contentUrl":"https:\/\/epe.vn\/wp-content\/uploads\/2023\/06\/mut-xop-boc-hang.webp","width":1000,"height":1000,"caption":"m\u00fat x\u1ed1p b\u1ecdc h\u00e0ng"},{"@type":"BreadcrumbList","@id":"https:\/\/epe.vn\/manufacturer\/mut-xop-boc-hang\/#breadcrumb","itemListElement":[{"@type":"ListItem","position":1,"name":"Home","item":"https:\/\/epe.vn\/"},{"@type":"ListItem","position":2,"name":"Shop","item":"https:\/\/epe.vn\/shop\/"},{"@type":"ListItem","position":3,"name":"M\u00fat X\u1ed1p B\u1ecdc H\u00e0ng | M\u00fat B\u1ecdc H\u00e0ng | M\u00fat X\u1ed1p B\u1ecdc H\u00e0ng Gi\u00e1 R\u1ebb"}]},{"@type":"WebSite","@id":"https:\/\/epe.vn\/#website","url":"https:\/\/epe.vn\/","name":"Nh\u00e0 s\u1ea3n xu\u1ea5t b\u1ecdt Polyethylene m\u1edf r\u1ed9ng","description":"Nh\u00e0 cung c\u1ea5p bao b\u00ec v\u1ec9 x\u1ed1p polyethylene m\u1edf r\u1ed9ng v\u00e0 t\u00fai PE","potentialAction":[{"@type":"SearchAction","target":{"@type":"EntryPoint","urlTemplate":"https:\/\/epe.vn\/?s={search_term_string}"},"query-input":{"@type":"PropertyValueSpecification","valueRequired":true,"valueName":"search_term_string"}}],"inLanguage":"el"}]}},"_links":{"self":[{"href":"https:\/\/epe.vn\/el\/wp-json\/wp\/v2\/product\/1397","targetHints":{"allow":["GET"]}}],"collection":[{"href":"https:\/\/epe.vn\/el\/wp-json\/wp\/v2\/product"}],"about":[{"href":"https:\/\/epe.vn\/el\/wp-json\/wp\/v2\/types\/product"}],"replies":[{"embeddable":true,"href":"https:\/\/epe.vn\/el\/wp-json\/wp\/v2\/comments?post=1397"}],"wp:featuredmedia":[{"embeddable":true,"href":"https:\/\/epe.vn\/el\/wp-json\/wp\/v2\/media\/1736"}],"wp:attachment":[{"href":"https:\/\/epe.vn\/el\/wp-json\/wp\/v2\/media?parent=1397"}],"wp:term":[{"taxonomy":"product_cat","embeddable":true,"href":"https:\/\/epe.vn\/el\/wp-json\/wp\/v2\/product_cat?post=1397"},{"taxonomy":"product_tag","embeddable":true,"href":"https:\/\/epe.vn\/el\/wp-json\/wp\/v2\/product_tag?post=1397"}],"curies":[{"name":"wp","href":"https:\/\/api.w.org\/{rel}","templated":true}]}}