{"id":1758,"date":"2025-02-13T08:59:51","date_gmt":"2025-02-13T01:59:51","guid":{"rendered":"https:\/\/epe.vn\/?post_type=product&#038;p=1758"},"modified":"2025-02-13T10:14:45","modified_gmt":"2025-02-13T03:14:45","slug":"mut-xop-pe-foam-20mm","status":"publish","type":"product","link":"https:\/\/epe.vn\/el\/manufacturer\/mut-xop-pe-foam-20mm\/","title":{"rendered":"Custom Made Pe Foam \u03a0\u03b1\u03c0\u03bf\u03cd\u03c4\u03c3\u03b9\u03b1 20mm | \u039c\u03b1\u03bb\u03b1\u03ba\u03cc\u03c2 \u03bb\u03b5\u03c0\u03c4\u03cc\u03c2 \u03b1\u03c6\u03c1\u03cc\u03c2"},"content":{"rendered":"<h2>\u03a4\u03b5\u03c7\u03bd\u03b9\u03ba\u03ad\u03c2 \u03a0\u03c1\u03bf\u03b4\u03b9\u03b1\u03b3\u03c1\u03b1\u03c6\u03ad\u03c2<\/h2>\n<table border=\"0\" width=\"634\" cellspacing=\"0\" cellpadding=\"0\">\n<tbody>\n<tr>\n<td class=\"et2\" width=\"220\" height=\"19\"><strong>\u038c\u03bd\u03bf\u03bc\u03b1 \u03c0\u03c1\u03bf\u03ca\u03cc\u03bd\u03c4\u03bf\u03c2<\/strong><\/td>\n<td class=\"et2\" width=\"414\">Pe Foam 20mm | \u039c\u03b1\u03bb\u03b1\u03ba\u03cc\u03c2 \u03bb\u03b5\u03c0\u03c4\u03cc\u03c2 \u03b1\u03c6\u03c1\u03cc\u03c2<\/td>\n<\/tr>\n<tr>\n<td class=\"et2\" height=\"19\"><strong>\u039c\u03ad\u03b3\u03b5\u03b8\u03bf\u03c2<\/strong><\/td>\n<td class=\"et2\">\u03a3\u03cd\u03bc\u03c6\u03c9\u03bd\u03b1 \u03bc\u03b5 \u03c4\u03bf \u03b1\u03af\u03c4\u03b7\u03bc\u03ac \u03c3\u03b1\u03c2<\/td>\n<\/tr>\n<tr>\n<td class=\"et2\" height=\"19\"><strong>\u03a7\u03c1\u03ce\u03bc\u03b1<\/strong><\/td>\n<td class=\"et2\">\u039b\u03b5\u03c5\u03ba\u03cc<\/td>\n<\/tr>\n<tr>\n<td class=\"et2\" height=\"19\"><strong>\u03a0\u03ac\u03c7\u03bf\u03c2<\/strong><\/td>\n<td class=\"et2\">0,5mm-20mm<\/td>\n<\/tr>\n<tr>\n<td class=\"et2\" height=\"19\"><strong>MOQ<\/strong><\/td>\n<td class=\"et2\">2 \u03c1\u03bf\u03bb\u03ac<\/td>\n<\/tr>\n<tr>\n<td class=\"et2\" height=\"19\"><strong>\u0395\u03ba\u03c4\u03cd\u03c0\u03c9\u03c3\u03b7<\/strong><\/td>\n<td class=\"et2\">\u0395\u03ba\u03c4\u03cd\u03c0\u03c9\u03c3\u03b7 \u03bb\u03bf\u03b3\u03cc\u03c4\u03c5\u03c0\u03bf\u03c5<\/td>\n<\/tr>\n<tr>\n<td class=\"et2\" height=\"19\"><strong>\u03a7\u03b1\u03c1\u03b1\u03ba\u03c4\u03b7\u03c1\u03b9\u03c3\u03c4\u03b9\u03ba\u03ac<\/strong><\/td>\n<td class=\"et2\">\u0391\u03bd\u03c4\u03b9\u03ba\u03c1\u03b1\u03b4\u03b1\u03c3\u03bc\u03b9\u03ba\u03cc, \u03b1\u03b4\u03b9\u03ac\u03b2\u03c1\u03bf\u03c7\u03bf, \u03c6\u03b9\u03bb\u03b9\u03ba\u03cc \u03c0\u03c1\u03bf\u03c2 \u03c4\u03bf \u03c0\u03b5\u03c1\u03b9\u03b2\u03ac\u03bb\u03bb\u03bf\u03bd<\/td>\n<\/tr>\n<tr>\n<td class=\"et2\" height=\"19\"><strong>\u03a0\u03b9\u03c3\u03c4\u03bf\u03c0\u03bf\u03af\u03b7\u03c3\u03b7<\/strong><\/td>\n<td class=\"et2\">CE, IOS9001, ROHS<\/td>\n<\/tr>\n<tr>\n<td class=\"et2\" height=\"19\"><strong>\u03a7\u03c1\u03ae\u03c3\u03b7<\/strong><\/td>\n<td class=\"et2\">\u03a0\u03b1\u03ba\u03ad\u03c4\u03bf<\/td>\n<\/tr>\n<tr>\n<td class=\"et2\" height=\"19\"><strong>\u03a4\u03cd\u03c0\u03bf\u03c2<\/strong><\/td>\n<td class=\"et2\">\u03a0\u03c1\u03bf\u03c3\u03c4\u03b1\u03c4\u03b5\u03c5\u03c4\u03b9\u03ba\u03ae \u03bc\u03b5\u03bc\u03b2\u03c1\u03ac\u03bd\u03b7<\/td>\n<\/tr>\n<\/tbody>\n<\/table>","protected":false},"excerpt":{"rendered":"<p>\u0397 Dongrui \u03b5\u03af\u03bd\u03b1\u03b9 \u03b5\u03c0\u03b1\u03b3\u03b3\u03b5\u03bb\u03bc\u03b1\u03c4\u03af\u03b1\u03c2 \u03ba\u03b1\u03c4\u03b1\u03c3\u03ba\u03b5\u03c5\u03b1\u03c3\u03c4\u03ae\u03c2 \u03c0\u03c1\u03bf\u03c3\u03b1\u03c1\u03bc\u03bf\u03c3\u03bc\u03ad\u03bd\u03c9\u03bd \u03c1\u03bf\u03bb\u03ce\u03bd \u03b1\u03c0\u03cc \u03bc\u03b1\u03bb\u03b1\u03ba\u03cc \u03b1\u03c6\u03c1\u03cc PE 20 mm,<\/p>\n<ul>\n<li data-start=\"168\" data-end=\"236\"><strong data-start=\"170\" data-end=\"185\">\u03a0\u03ac\u03c7\u03bf\u03c2 20mm<\/strong>: \u0391\u03c6\u03c1\u03cc\u03c2 PE \u03c0\u03ac\u03c7\u03bf\u03c5\u03c2 20mm, \u03bc\u03b1\u03bb\u03b1\u03ba\u03cc\u03c2, \u03ba\u03b1\u03bb\u03ae \u03b5\u03bb\u03b1\u03c3\u03c4\u03b9\u03ba\u03cc\u03c4\u03b7\u03c4\u03b1.<\/li>\n<li data-start=\"237\" data-end=\"321\"><strong data-start=\"239\" data-end=\"261\">\u0395\u03c5\u03ad\u03bb\u03b9\u03ba\u03c4\u03b7 \u03b5\u03c6\u03b1\u03c1\u03bc\u03bf\u03b3\u03ae<\/strong>\u03a7\u03c1\u03b7\u03c3\u03b9\u03bc\u03bf\u03c0\u03bf\u03b9\u03b5\u03af\u03c4\u03b1\u03b9 \u03b3\u03b9\u03b1 \u03c3\u03c5\u03c3\u03ba\u03b5\u03c5\u03b1\u03c3\u03af\u03b1, \u03c0\u03c1\u03bf\u03c3\u03c4\u03b1\u03c3\u03af\u03b1 \u03c0\u03c1\u03bf\u03ca\u03cc\u03bd\u03c4\u03c9\u03bd, \u03b7\u03c7\u03bf\u03bc\u03cc\u03bd\u03c9\u03c3\u03b7 \u03ba\u03b1\u03b9 \u03bc\u03cc\u03bd\u03c9\u03c3\u03b7.<\/li>\n<li data-start=\"322\" data-end=\"394\"><strong data-start=\"324\" data-end=\"342\">\u03a5\u03c8\u03b7\u03bb\u03ae\u03c2 \u03c0\u03bf\u03b9\u03cc\u03c4\u03b7\u03c4\u03b1\u03c2<\/strong>: \u03a4\u03bf \u03c0\u03c1\u03bf\u03ca\u03cc\u03bd \u03b5\u03af\u03bd\u03b1\u03b9 \u03b1\u03bd\u03b8\u03b5\u03ba\u03c4\u03b9\u03ba\u03cc, \u03b1\u03c3\u03c6\u03b1\u03bb\u03ad\u03c2 \u03ba\u03b1\u03b9 \u03bc\u03c0\u03bf\u03c1\u03b5\u03af \u03bd\u03b1 \u03b1\u03bd\u03c4\u03ad\u03be\u03b5\u03b9 \u03b5\u03bb\u03b1\u03c6\u03c1\u03b9\u03ac \u03ba\u03c1\u03bf\u03cd\u03c3\u03b7.<\/li>\n<li data-start=\"395\" data-end=\"455\" data-is-last-node=\"\"><strong data-start=\"397\" data-end=\"414\">\u039b\u03bf\u03b3\u03b9\u03ba\u03ae \u03c4\u03b9\u03bc\u03ae<\/strong>: \u0391\u03b3\u03bf\u03c1\u03ac \u03c7\u03cd\u03bc\u03b1 \u03ba\u03b1\u03b9 \u03b1\u03bd\u03c4\u03b1\u03b3\u03c9\u03bd\u03b9\u03c3\u03c4\u03b9\u03ba\u03ad\u03c2 \u03c4\u03b9\u03bc\u03ad\u03c2.<\/li>\n<\/ul>","protected":false},"featured_media":1759,"comment_status":"open","ping_status":"closed","template":"","meta":[],"product_cat":[37],"product_tag":[],"class_list":{"0":"post-1758","1":"product","2":"type-product","3":"status-publish","4":"has-post-thumbnail","6":"product_cat-cuon-mut-xop","8":"first","9":"instock","10":"shipping-taxable","11":"product-type-simple"},"yoast_head":"<!-- This site is optimized with the Yoast SEO plugin v23.4 - https:\/\/yoast.com\/wordpress\/plugins\/seo\/ -->\n<title>\u0110o Ni \u0110\u00f3ng Gi\u00e0y M\u00fat X\u1ed1p Pe Foam 20mm | M\u00fat X\u1ed1p M\u1ec1m M\u1ecfng - Nh\u00e0 s\u1ea3n xu\u1ea5t b\u1ecdt Polyethylene m\u1edf r\u1ed9ng<\/title>\n<meta name=\"description\" content=\"M\u00fat x\u1ed1p PE Foam 20mm m\u1ec1m m\u1ea1i, nh\u1eb9 nh\u00e0ng, d\u1ec5 d\u00e0ng s\u1eed d\u1ee5ng cho nhi\u1ec1u \u1ee9ng d\u1ee5ng nh\u01b0 \u0111\u00f3ng g\u00f3i, b\u1ea3o v\u1ec7. Ch\u1ea5t l\u01b0\u1ee3ng cao, \u0111\u1ed9 b\u1ec1n t\u1ed1t, gi\u00e1 c\u1ea3 h\u1ee3p l\u00fd.\" \/>\n<meta name=\"robots\" content=\"index, follow, max-snippet:-1, max-image-preview:large, max-video-preview:-1\" \/>\n<link rel=\"canonical\" href=\"https:\/\/epe.vn\/el\/manufacturer\/mut-xop-pe-foam-20mm\/\" \/>\n<meta property=\"og:locale\" content=\"el_GR\" \/>\n<meta property=\"og:type\" content=\"article\" \/>\n<meta property=\"og:title\" content=\"\u0110o Ni \u0110\u00f3ng Gi\u00e0y M\u00fat X\u1ed1p Pe Foam 20mm | M\u00fat X\u1ed1p M\u1ec1m M\u1ecfng - Nh\u00e0 s\u1ea3n xu\u1ea5t b\u1ecdt Polyethylene m\u1edf r\u1ed9ng\" \/>\n<meta property=\"og:description\" content=\"M\u00fat x\u1ed1p PE Foam 20mm m\u1ec1m m\u1ea1i, nh\u1eb9 nh\u00e0ng, d\u1ec5 d\u00e0ng s\u1eed d\u1ee5ng cho nhi\u1ec1u \u1ee9ng d\u1ee5ng nh\u01b0 \u0111\u00f3ng g\u00f3i, b\u1ea3o v\u1ec7. Ch\u1ea5t l\u01b0\u1ee3ng cao, \u0111\u1ed9 b\u1ec1n t\u1ed1t, gi\u00e1 c\u1ea3 h\u1ee3p l\u00fd.\" \/>\n<meta property=\"og:url\" content=\"https:\/\/epe.vn\/el\/manufacturer\/mut-xop-pe-foam-20mm\/\" \/>\n<meta property=\"og:site_name\" content=\"Nh\u00e0 s\u1ea3n xu\u1ea5t b\u1ecdt Polyethylene m\u1edf r\u1ed9ng\" \/>\n<meta property=\"article:modified_time\" content=\"2025-02-13T03:14:45+00:00\" \/>\n<meta property=\"og:image\" content=\"https:\/\/epe.vn\/wp-content\/uploads\/2025\/02\/xop-cuon-trang.webp\" \/>\n\t<meta property=\"og:image:width\" content=\"1000\" \/>\n\t<meta property=\"og:image:height\" content=\"1000\" \/>\n\t<meta property=\"og:image:type\" content=\"image\/webp\" \/>\n<meta name=\"twitter:card\" content=\"summary_large_image\" \/>\n<meta name=\"twitter:label1\" content=\"\u0395\u03ba\u03c4\u03b9\u03bc\u03ce\u03bc\u03b5\u03bd\u03bf\u03c2 \u03c7\u03c1\u03cc\u03bd\u03bf\u03c2 \u03b1\u03bd\u03ac\u03b3\u03bd\u03c9\u03c3\u03b7\u03c2\" \/>\n\t<meta name=\"twitter:data1\" content=\"1 \u03bb\u03b5\u03c0\u03c4\u03cc\" \/>\n<script type=\"application\/ld+json\" class=\"yoast-schema-graph\">{\"@context\":\"https:\/\/schema.org\",\"@graph\":[{\"@type\":\"WebPage\",\"@id\":\"https:\/\/epe.vn\/manufacturer\/mut-xop-pe-foam-20mm\/\",\"url\":\"https:\/\/epe.vn\/manufacturer\/mut-xop-pe-foam-20mm\/\",\"name\":\"\u0110o Ni \u0110\u00f3ng Gi\u00e0y M\u00fat X\u1ed1p Pe Foam 20mm | M\u00fat X\u1ed1p M\u1ec1m M\u1ecfng - Nh\u00e0 s\u1ea3n xu\u1ea5t b\u1ecdt Polyethylene m\u1edf r\u1ed9ng\",\"isPartOf\":{\"@id\":\"https:\/\/epe.vn\/#website\"},\"primaryImageOfPage\":{\"@id\":\"https:\/\/epe.vn\/manufacturer\/mut-xop-pe-foam-20mm\/#primaryimage\"},\"image\":{\"@id\":\"https:\/\/epe.vn\/manufacturer\/mut-xop-pe-foam-20mm\/#primaryimage\"},\"thumbnailUrl\":\"https:\/\/epe.vn\/wp-content\/uploads\/2025\/02\/xop-cuon-trang.webp\",\"datePublished\":\"2025-02-13T01:59:51+00:00\",\"dateModified\":\"2025-02-13T03:14:45+00:00\",\"description\":\"M\u00fat x\u1ed1p PE Foam 20mm m\u1ec1m m\u1ea1i, nh\u1eb9 nh\u00e0ng, d\u1ec5 d\u00e0ng s\u1eed d\u1ee5ng cho nhi\u1ec1u \u1ee9ng d\u1ee5ng nh\u01b0 \u0111\u00f3ng g\u00f3i, b\u1ea3o v\u1ec7. Ch\u1ea5t l\u01b0\u1ee3ng cao, \u0111\u1ed9 b\u1ec1n t\u1ed1t, gi\u00e1 c\u1ea3 h\u1ee3p l\u00fd.\",\"breadcrumb\":{\"@id\":\"https:\/\/epe.vn\/manufacturer\/mut-xop-pe-foam-20mm\/#breadcrumb\"},\"inLanguage\":\"el\",\"potentialAction\":[{\"@type\":\"ReadAction\",\"target\":[\"https:\/\/epe.vn\/manufacturer\/mut-xop-pe-foam-20mm\/\"]}]},{\"@type\":\"ImageObject\",\"inLanguage\":\"el\",\"@id\":\"https:\/\/epe.vn\/manufacturer\/mut-xop-pe-foam-20mm\/#primaryimage\",\"url\":\"https:\/\/epe.vn\/wp-content\/uploads\/2025\/02\/xop-cuon-trang.webp\",\"contentUrl\":\"https:\/\/epe.vn\/wp-content\/uploads\/2025\/02\/xop-cuon-trang.webp\",\"width\":1000,\"height\":1000,\"caption\":\"x\u1ed1p cu\u1ed9n tr\u1eafng\"},{\"@type\":\"BreadcrumbList\",\"@id\":\"https:\/\/epe.vn\/manufacturer\/mut-xop-pe-foam-20mm\/#breadcrumb\",\"itemListElement\":[{\"@type\":\"ListItem\",\"position\":1,\"name\":\"Home\",\"item\":\"https:\/\/epe.vn\/\"},{\"@type\":\"ListItem\",\"position\":2,\"name\":\"Shop\",\"item\":\"https:\/\/epe.vn\/shop\/\"},{\"@type\":\"ListItem\",\"position\":3,\"name\":\"\u0110o Ni \u0110\u00f3ng Gi\u00e0y M\u00fat X\u1ed1p Pe Foam 20mm | M\u00fat X\u1ed1p M\u1ec1m M\u1ecfng\"}]},{\"@type\":\"WebSite\",\"@id\":\"https:\/\/epe.vn\/#website\",\"url\":\"https:\/\/epe.vn\/\",\"name\":\"Nh\u00e0 s\u1ea3n xu\u1ea5t b\u1ecdt Polyethylene m\u1edf r\u1ed9ng\",\"description\":\"Nh\u00e0 cung c\u1ea5p bao b\u00ec v\u1ec9 x\u1ed1p polyethylene m\u1edf r\u1ed9ng v\u00e0 t\u00fai PE\",\"potentialAction\":[{\"@type\":\"SearchAction\",\"target\":{\"@type\":\"EntryPoint\",\"urlTemplate\":\"https:\/\/epe.vn\/?s={search_term_string}\"},\"query-input\":{\"@type\":\"PropertyValueSpecification\",\"valueRequired\":true,\"valueName\":\"search_term_string\"}}],\"inLanguage\":\"el\"}]}<\/script>\n<!-- \/ Yoast SEO plugin. -->","yoast_head_json":{"title":"\u0110o Ni \u0110\u00f3ng Gi\u00e0y M\u00fat X\u1ed1p Pe Foam 20mm | M\u00fat X\u1ed1p M\u1ec1m M\u1ecfng - Nh\u00e0 s\u1ea3n xu\u1ea5t b\u1ecdt Polyethylene m\u1edf r\u1ed9ng","description":"M\u00fat x\u1ed1p PE Foam 20mm m\u1ec1m m\u1ea1i, nh\u1eb9 nh\u00e0ng, d\u1ec5 d\u00e0ng s\u1eed d\u1ee5ng cho nhi\u1ec1u \u1ee9ng d\u1ee5ng nh\u01b0 \u0111\u00f3ng g\u00f3i, b\u1ea3o v\u1ec7. Ch\u1ea5t l\u01b0\u1ee3ng cao, \u0111\u1ed9 b\u1ec1n t\u1ed1t, gi\u00e1 c\u1ea3 h\u1ee3p l\u00fd.","robots":{"index":"index","follow":"follow","max-snippet":"max-snippet:-1","max-image-preview":"max-image-preview:large","max-video-preview":"max-video-preview:-1"},"canonical":"https:\/\/epe.vn\/el\/manufacturer\/mut-xop-pe-foam-20mm\/","og_locale":"el_GR","og_type":"article","og_title":"\u0110o Ni \u0110\u00f3ng Gi\u00e0y M\u00fat X\u1ed1p Pe Foam 20mm | M\u00fat X\u1ed1p M\u1ec1m M\u1ecfng - Nh\u00e0 s\u1ea3n xu\u1ea5t b\u1ecdt Polyethylene m\u1edf r\u1ed9ng","og_description":"M\u00fat x\u1ed1p PE Foam 20mm m\u1ec1m m\u1ea1i, nh\u1eb9 nh\u00e0ng, d\u1ec5 d\u00e0ng s\u1eed d\u1ee5ng cho nhi\u1ec1u \u1ee9ng d\u1ee5ng nh\u01b0 \u0111\u00f3ng g\u00f3i, b\u1ea3o v\u1ec7. Ch\u1ea5t l\u01b0\u1ee3ng cao, \u0111\u1ed9 b\u1ec1n t\u1ed1t, gi\u00e1 c\u1ea3 h\u1ee3p l\u00fd.","og_url":"https:\/\/epe.vn\/el\/manufacturer\/mut-xop-pe-foam-20mm\/","og_site_name":"Nh\u00e0 s\u1ea3n xu\u1ea5t b\u1ecdt Polyethylene m\u1edf r\u1ed9ng","article_modified_time":"2025-02-13T03:14:45+00:00","og_image":[{"width":1000,"height":1000,"url":"https:\/\/epe.vn\/wp-content\/uploads\/2025\/02\/xop-cuon-trang.webp","type":"image\/webp"}],"twitter_card":"summary_large_image","twitter_misc":{"\u0395\u03ba\u03c4\u03b9\u03bc\u03ce\u03bc\u03b5\u03bd\u03bf\u03c2 \u03c7\u03c1\u03cc\u03bd\u03bf\u03c2 \u03b1\u03bd\u03ac\u03b3\u03bd\u03c9\u03c3\u03b7\u03c2":"1 \u03bb\u03b5\u03c0\u03c4\u03cc"},"schema":{"@context":"https:\/\/schema.org","@graph":[{"@type":"WebPage","@id":"https:\/\/epe.vn\/manufacturer\/mut-xop-pe-foam-20mm\/","url":"https:\/\/epe.vn\/manufacturer\/mut-xop-pe-foam-20mm\/","name":"\u0110o Ni \u0110\u00f3ng Gi\u00e0y M\u00fat X\u1ed1p Pe Foam 20mm | M\u00fat X\u1ed1p M\u1ec1m M\u1ecfng - Nh\u00e0 s\u1ea3n xu\u1ea5t b\u1ecdt Polyethylene m\u1edf r\u1ed9ng","isPartOf":{"@id":"https:\/\/epe.vn\/#website"},"primaryImageOfPage":{"@id":"https:\/\/epe.vn\/manufacturer\/mut-xop-pe-foam-20mm\/#primaryimage"},"image":{"@id":"https:\/\/epe.vn\/manufacturer\/mut-xop-pe-foam-20mm\/#primaryimage"},"thumbnailUrl":"https:\/\/epe.vn\/wp-content\/uploads\/2025\/02\/xop-cuon-trang.webp","datePublished":"2025-02-13T01:59:51+00:00","dateModified":"2025-02-13T03:14:45+00:00","description":"M\u00fat x\u1ed1p PE Foam 20mm m\u1ec1m m\u1ea1i, nh\u1eb9 nh\u00e0ng, d\u1ec5 d\u00e0ng s\u1eed d\u1ee5ng cho nhi\u1ec1u \u1ee9ng d\u1ee5ng nh\u01b0 \u0111\u00f3ng g\u00f3i, b\u1ea3o v\u1ec7. Ch\u1ea5t l\u01b0\u1ee3ng cao, \u0111\u1ed9 b\u1ec1n t\u1ed1t, gi\u00e1 c\u1ea3 h\u1ee3p l\u00fd.","breadcrumb":{"@id":"https:\/\/epe.vn\/manufacturer\/mut-xop-pe-foam-20mm\/#breadcrumb"},"inLanguage":"el","potentialAction":[{"@type":"ReadAction","target":["https:\/\/epe.vn\/manufacturer\/mut-xop-pe-foam-20mm\/"]}]},{"@type":"ImageObject","inLanguage":"el","@id":"https:\/\/epe.vn\/manufacturer\/mut-xop-pe-foam-20mm\/#primaryimage","url":"https:\/\/epe.vn\/wp-content\/uploads\/2025\/02\/xop-cuon-trang.webp","contentUrl":"https:\/\/epe.vn\/wp-content\/uploads\/2025\/02\/xop-cuon-trang.webp","width":1000,"height":1000,"caption":"x\u1ed1p cu\u1ed9n tr\u1eafng"},{"@type":"BreadcrumbList","@id":"https:\/\/epe.vn\/manufacturer\/mut-xop-pe-foam-20mm\/#breadcrumb","itemListElement":[{"@type":"ListItem","position":1,"name":"Home","item":"https:\/\/epe.vn\/"},{"@type":"ListItem","position":2,"name":"Shop","item":"https:\/\/epe.vn\/shop\/"},{"@type":"ListItem","position":3,"name":"\u0110o Ni \u0110\u00f3ng Gi\u00e0y M\u00fat X\u1ed1p Pe Foam 20mm | M\u00fat X\u1ed1p M\u1ec1m M\u1ecfng"}]},{"@type":"WebSite","@id":"https:\/\/epe.vn\/#website","url":"https:\/\/epe.vn\/","name":"Nh\u00e0 s\u1ea3n xu\u1ea5t b\u1ecdt Polyethylene m\u1edf r\u1ed9ng","description":"Nh\u00e0 cung c\u1ea5p bao b\u00ec v\u1ec9 x\u1ed1p polyethylene m\u1edf r\u1ed9ng v\u00e0 t\u00fai PE","potentialAction":[{"@type":"SearchAction","target":{"@type":"EntryPoint","urlTemplate":"https:\/\/epe.vn\/?s={search_term_string}"},"query-input":{"@type":"PropertyValueSpecification","valueRequired":true,"valueName":"search_term_string"}}],"inLanguage":"el"}]}},"_links":{"self":[{"href":"https:\/\/epe.vn\/el\/wp-json\/wp\/v2\/product\/1758","targetHints":{"allow":["GET"]}}],"collection":[{"href":"https:\/\/epe.vn\/el\/wp-json\/wp\/v2\/product"}],"about":[{"href":"https:\/\/epe.vn\/el\/wp-json\/wp\/v2\/types\/product"}],"replies":[{"embeddable":true,"href":"https:\/\/epe.vn\/el\/wp-json\/wp\/v2\/comments?post=1758"}],"wp:featuredmedia":[{"embeddable":true,"href":"https:\/\/epe.vn\/el\/wp-json\/wp\/v2\/media\/1759"}],"wp:attachment":[{"href":"https:\/\/epe.vn\/el\/wp-json\/wp\/v2\/media?parent=1758"}],"wp:term":[{"taxonomy":"product_cat","embeddable":true,"href":"https:\/\/epe.vn\/el\/wp-json\/wp\/v2\/product_cat?post=1758"},{"taxonomy":"product_tag","embeddable":true,"href":"https:\/\/epe.vn\/el\/wp-json\/wp\/v2\/product_tag?post=1758"}],"curies":[{"name":"wp","href":"https:\/\/api.w.org\/{rel}","templated":true}]}}