{"id":1773,"date":"2025-02-13T14:33:22","date_gmt":"2025-02-13T07:33:22","guid":{"rendered":"https:\/\/epe.vn\/?post_type=product&#038;p=1773"},"modified":"2025-02-13T14:50:52","modified_gmt":"2025-02-13T07:50:52","slug":"do-ni-dong-giay-tam-mut-xop-day-10cm-gia-tam-mop-xop","status":"publish","type":"product","link":"https:\/\/epe.vn\/el\/manufacturer\/do-ni-dong-giay-tam-mut-xop-day-10cm-gia-tam-mop-xop\/","title":{"rendered":"\u03a0\u03c1\u03bf\u03c3\u03b1\u03c1\u03bc\u03bf\u03c3\u03bc\u03ad\u03bd\u03bf \u03c0\u03b1\u03c0\u03bf\u03cd\u03c4\u03c3\u03b9 \u03b1\u03c6\u03c1\u03bf\u03cd 10cm | \u03a6\u03cd\u03bb\u03bb\u03bf \u03c6\u03b5\u03bb\u03b9\u03b6\u03cc\u03bb \u03a4\u03b9\u03bc\u03ae"},"content":{"rendered":"<h2>\u03a0\u03b5\u03c1\u03b9\u03b3\u03c1\u03b1\u03c6\u03ae \u03c0\u03c1\u03bf\u03ca\u03cc\u03bd\u03c4\u03bf\u03c2<\/h2>\n<table style=\"border-collapse: collapse; width: 499.52pt;\" border=\"0\" width=\"666\" cellspacing=\"0\" cellpadding=\"0\">\n<tbody>\n<tr style=\"height: 15.00pt;\">\n<td class=\"et3\" style=\"height: 15.00pt; width: 174.75pt;\" width=\"233\" height=\"20\"><strong>\u038c\u03bd\u03bf\u03bc\u03b1 \u03c0\u03c1\u03bf\u03ca\u03cc\u03bd\u03c4\u03bf\u03c2<\/strong><\/td>\n<td class=\"et3\" style=\"width: 324.75pt;\" width=\"433\">\u03a0\u03c1\u03bf\u03c3\u03b1\u03c1\u03bc\u03bf\u03c3\u03bc\u03ad\u03bd\u03bf \u03c0\u03b1\u03c0\u03bf\u03cd\u03c4\u03c3\u03b9 \u03b1\u03c6\u03c1\u03bf\u03cd 10cm | \u03a6\u03cd\u03bb\u03bb\u03bf \u03c6\u03b5\u03bb\u03b9\u03b6\u03cc\u03bb \u03a4\u03b9\u03bc\u03ae<\/td>\n<\/tr>\n<tr style=\"height: 15.00pt;\">\n<td class=\"et3\" style=\"height: 15.00pt;\" height=\"20\"><strong>\u03a7\u03c1\u03ce\u03bc\u03b1<\/strong><\/td>\n<td class=\"et3\">\u039b\u03b5\u03c5\u03ba\u03cc, \u03bc\u03b1\u03cd\u03c1\u03bf, \u03c1\u03bf\u03b6 \u03ba.\u03bb\u03c0.<\/td>\n<\/tr>\n<tr style=\"height: 15.00pt;\">\n<td class=\"et3\" style=\"height: 15.00pt;\" height=\"20\"><strong>\u03a5\u03bb\u03b9\u03ba\u03cc<\/strong><\/td>\n<td class=\"et3\">\u0391\u03c6\u03c1\u03cc\u03c2 EPE<\/td>\n<\/tr>\n<tr style=\"height: 15.00pt;\">\n<td class=\"et3\" style=\"height: 15.00pt;\" height=\"20\"><strong>\u03a7\u03b1\u03c1\u03b1\u03ba\u03c4\u03b7\u03c1\u03b9\u03c3\u03c4\u03b9\u03ba\u03ac<\/strong><\/td>\n<td class=\"et3\">\u039c\u03b1\u03bb\u03b1\u03ba\u03cc, \u03b5\u03c0\u03b1\u03bd\u03b1\u03c7\u03c1\u03b7\u03c3\u03b9\u03bc\u03bf\u03c0\u03bf\u03b9\u03ae\u03c3\u03b9\u03bc\u03bf, \u03b1\u03b4\u03b9\u03ac\u03b2\u03c1\u03bf\u03c7\u03bf, \u03b1\u03bd\u03b8\u03b5\u03ba\u03c4\u03b9\u03ba\u03cc \u03c3\u03c4\u03b7\u03bd \u03c5\u03c0\u03b5\u03c1\u03b9\u03ce\u03b4\u03b7 \u03b1\u03ba\u03c4\u03b9\u03bd\u03bf\u03b2\u03bf\u03bb\u03af\u03b1 \u03ba.\u03bb\u03c0.<\/td>\n<\/tr>\n<tr style=\"height: 15.00pt;\">\n<td class=\"et3\" style=\"height: 15.00pt;\" height=\"20\"><strong>\u039c\u03ad\u03b3\u03b5\u03b8\u03bf\u03c2<\/strong><\/td>\n<td class=\"et3\">\u039f\u03c0\u03bf\u03b9\u03bf\u03b4\u03ae\u03c0\u03bf\u03c4\u03b5 \u03bc\u03ad\u03b3\u03b5\u03b8\u03bf\u03c2, \u03c0\u03c1\u03bf\u03c3\u03b1\u03c1\u03bc\u03bf\u03c3\u03bc\u03ad\u03bd\u03bf<\/td>\n<\/tr>\n<tr style=\"height: 15.00pt;\">\n<td class=\"et3\" style=\"height: 15.00pt;\" height=\"20\"><strong>MOQ<\/strong><\/td>\n<td class=\"et3\">1 \u03ba\u03c5\u03b2\u03b9\u03ba\u03cc \u03bc\u03ad\u03c4\u03c1\u03bf<\/td>\n<\/tr>\n<tr style=\"height: 15.00pt;\">\n<td class=\"et3\" style=\"height: 15.00pt;\" height=\"20\"><strong>\u0395\u03ba\u03c4\u03cd\u03c0\u03c9\u03c3\u03b7 \u03bb\u03bf\u03b3\u03cc\u03c4\u03c5\u03c0\u03bf\u03c5<\/strong><\/td>\n<td class=\"et3\">\u0394\u03b9\u03b1\u03b8\u03ad\u03c3\u03b9\u03bc\u03bf\u03c2<\/td>\n<\/tr>\n<tr style=\"height: 15.00pt;\">\n<td class=\"et3\" style=\"height: 15.00pt;\" height=\"20\"><strong>\u03a7\u03c1\u03ae\u03c3\u03b7<\/strong><\/td>\n<td class=\"et3\">\u03b5\u03c1\u03b3\u03bf\u03c3\u03c4\u03ac\u03c3\u03b9\u03bf \u03ba.\u03bb\u03c0.<\/td>\n<\/tr>\n<tr style=\"height: 15.00pt;\">\n<td class=\"et3\" style=\"height: 15.00pt;\" height=\"20\"><strong>\u03a0\u03bb\u03b7\u03c1\u03c9\u03bc\u03ae<\/strong><\/td>\n<td class=\"et3\">TT, LC, \u03ba.\u03bb\u03c0.<\/td>\n<\/tr>\n<tr style=\"height: 15.00pt;\">\n<td class=\"et3\" style=\"height: 15.00pt;\" height=\"20\"><strong>\u03a0\u03b9\u03c3\u03c4\u03bf\u03c0\u03bf\u03b9\u03b7\u03c4\u03b9\u03ba\u03cc<\/strong><\/td>\n<td class=\"et3\">CE, ISO<\/td>\n<\/tr>\n<tr style=\"height: 15.00pt;\">\n<td class=\"et3\" style=\"height: 15.00pt;\" height=\"20\"><strong>\u0394\u03b5\u03af\u03b3\u03bc\u03b1<\/strong><\/td>\n<td class=\"et3\">\u0394\u03c9\u03c1\u03b5\u03ac\u03bd \u0394\u03b5\u03af\u03b3\u03bc\u03b1<\/td>\n<\/tr>\n<tr style=\"height: 15.00pt;\">\n<td class=\"et3\" style=\"height: 15.00pt;\" height=\"20\"><strong>OEM\/ODM<\/strong><\/td>\n<td class=\"et3\">\u0394\u03b9\u03b1\u03b8\u03ad\u03c3\u03b9\u03bc\u03bf\u03c2<\/td>\n<\/tr>\n<tr style=\"height: 15.00pt;\">\n<td class=\"et3\" style=\"height: 15.00pt;\" height=\"20\"><strong>\u03a3\u03b7\u03bc\u03b5\u03af\u03c9\u03bc\u03b1<\/strong><\/td>\n<td class=\"et3\">\u03a3\u03c5\u03c3\u03ba\u03b5\u03c5\u03b1\u03c3\u03af\u03b1 \u03b1\u03c6\u03c1\u03bf\u03cd EPE<\/td>\n<\/tr>\n<\/tbody>\n<\/table>","protected":false},"excerpt":{"rendered":"<p>\u0395\u03c0\u03b5\u03be\u03b5\u03c1\u03b3\u03b1\u03c3\u03af\u03b1 \u03b1\u03c6\u03c1\u03bf\u03cd \u03ba\u03b1\u03c4\u03cc\u03c0\u03b9\u03bd \u03b1\u03b9\u03c4\u03ae\u03bc\u03b1\u03c4\u03bf\u03c2,<\/p>\n<ul>\n<li data-sourcepos=\"5:1-5:131\"><strong>\u03a5\u03c8\u03b7\u03bb\u03ae\u03c2 \u03c0\u03bf\u03b9\u03cc\u03c4\u03b7\u03c4\u03b1\u03c2 \u03c6\u03cd\u03bb\u03bb\u03bf \u03b1\u03c6\u03c1\u03bf\u03cd \u03c0\u03ac\u03c7\u03bf\u03c5\u03c2 10 cm:<\/strong> \u0391\u03c6\u03c1\u03cc\u03c2 \u03c0\u03ac\u03c7\u03bf\u03c5\u03c2 10cm, \u03c5\u03c8\u03b7\u03bb\u03ae \u03b1\u03bd\u03c4\u03bf\u03c7\u03ae, \u03ba\u03b1\u03bb\u03ae \u03b5\u03bb\u03b1\u03c3\u03c4\u03b9\u03ba\u03cc\u03c4\u03b7\u03c4\u03b1, \u03b1\u03bd\u03c4\u03bf\u03c7\u03ae \u03c3\u03b5 \u03ba\u03c1\u03bf\u03cd\u03c3\u03b7, \u03b1\u03c0\u03bf\u03c4\u03b5\u03bb\u03b5\u03c3\u03bc\u03b1\u03c4\u03b9\u03ba\u03ae \u03b7\u03c7\u03bf\u03bc\u03cc\u03bd\u03c9\u03c3\u03b7 \u03ba\u03b1\u03b9 \u03b8\u03b5\u03c1\u03bc\u03bf\u03bc\u03cc\u03bd\u03c9\u03c3\u03b7.<\/li>\n<li data-sourcepos=\"6:1-6:136\"><strong>\u03a0\u03c1\u03bf\u03c3\u03b1\u03c1\u03bc\u03bf\u03c3\u03bc\u03ad\u03bd\u03b1:<\/strong> \u039b\u03ac\u03b2\u03b5\u03c4\u03b5 \u03b5\u03c0\u03b5\u03be\u03b5\u03c1\u03b3\u03b1\u03c3\u03af\u03b1 \u03ba\u03bf\u03c0\u03ae\u03c2, \u03c0\u03c1\u03b9\u03bf\u03bd\u03af\u03c3\u03bc\u03b1\u03c4\u03bf\u03c2, \u03b4\u03b9\u03b1\u03bc\u03cc\u03c1\u03c6\u03c9\u03c3\u03b7\u03c2 \u03c0\u03ac\u03bd\u03b5\u03bb \u03b1\u03c6\u03c1\u03bf\u03cd \u03c3\u03cd\u03bc\u03c6\u03c9\u03bd\u03b1 \u03bc\u03b5 \u03c4\u03bf \u03b1\u03c0\u03b1\u03b9\u03c4\u03bf\u03cd\u03bc\u03b5\u03bd\u03bf \u03bc\u03ad\u03b3\u03b5\u03b8\u03bf\u03c2 \u03ba\u03b1\u03b9 \u03c3\u03c7\u03ae\u03bc\u03b1, \u03ba\u03b1\u03bb\u03cd\u03c0\u03c4\u03bf\u03bd\u03c4\u03b1\u03c2 \u03cc\u03bb\u03b5\u03c2 \u03c4\u03b9\u03c2 \u03b1\u03bd\u03ac\u03b3\u03ba\u03b5\u03c2 \u03c7\u03c1\u03ae\u03c3\u03b7\u03c2.<\/li>\n<li data-sourcepos=\"7:1-7:102\"><strong>\u0391\u03bd\u03c4\u03b1\u03b3\u03c9\u03bd\u03b9\u03c3\u03c4\u03b9\u03ba\u03ae \u03c4\u03b9\u03bc\u03ae:<\/strong> \u03a0\u03c1\u03bf\u03c3\u03c6\u03bf\u03c1\u03ac \u03ba\u03b1\u03bb\u03cd\u03c4\u03b5\u03c1\u03b7\u03c2 \u03c4\u03b9\u03bc\u03ae\u03c2 \u03b3\u03b9\u03b1 \u03c6\u03cd\u03bb\u03bb\u03bf \u03b1\u03c6\u03c1\u03bf\u03cd \u03c0\u03ac\u03c7\u03bf\u03c5\u03c2 10 cm \u03ba\u03b1\u03b9 \u03c0\u03c1\u03bf\u03c3\u03b1\u03c1\u03bc\u03bf\u03c3\u03bc\u03ad\u03bd\u03b7 \u03c5\u03c0\u03b7\u03c1\u03b5\u03c3\u03af\u03b1 \u03ba\u03b1\u03c4\u03b1\u03c3\u03ba\u03b5\u03c5\u03ae\u03c2 \u03c0\u03b1\u03c0\u03bf\u03c5\u03c4\u03c3\u03b9\u03ce\u03bd.<\/li>\n<li data-sourcepos=\"8:1-8:154\"><strong>\u0395\u03c5\u03ad\u03bb\u03b9\u03ba\u03c4\u03b7 \u03b5\u03c6\u03b1\u03c1\u03bc\u03bf\u03b3\u03ae:<\/strong> \u039a\u03b1\u03c4\u03ac\u03bb\u03bb\u03b7\u03bb\u03bf \u03b3\u03b9\u03b1 \u03c0\u03bf\u03bb\u03bb\u03bf\u03cd\u03c2 \u03c4\u03bf\u03bc\u03b5\u03af\u03c2 \u03cc\u03c0\u03c9\u03c2 \u03ba\u03b1\u03c4\u03b1\u03c3\u03ba\u03b5\u03c5\u03ad\u03c2 (\u03b4\u03b1\u03c0\u03ad\u03b4\u03b9\u03b1, \u03b7\u03c7\u03bf\u03bc\u03cc\u03bd\u03c9\u03c3\u03b7 \u03c4\u03bf\u03af\u03c7\u03c9\u03bd), (\u03c0\u03c1\u03bf\u03c3\u03c4\u03b1\u03c3\u03af\u03b1 \u03c0\u03c1\u03bf\u03ca\u03cc\u03bd\u03c4\u03bf\u03c2), \u03b2\u03b9\u03bf\u03bc\u03b7\u03c7\u03b1\u03bd\u03af\u03b1 (\u03b1\u03bd\u03c4\u03b9\u03ba\u03c1\u03b1\u03b4\u03b1\u03c3\u03bc\u03b9\u03ba\u03ae, \u03b1\u03c0\u03bf\u03c1\u03c1\u03cc\u03c6\u03b7\u03c3\u03b7 \u03ba\u03c1\u03b1\u03b4\u03b1\u03c3\u03bc\u03ce\u03bd),...<\/li>\n<li data-sourcepos=\"9:1-9:132\"><strong>\u0395\u03c0\u03b1\u03b3\u03b3\u03b5\u03bb\u03bc\u03b1\u03c4\u03b9\u03ba\u03ae \u03c3\u03c5\u03bc\u03b2\u03bf\u03c5\u03bb\u03ae:<\/strong> \u0388\u03bc\u03c0\u03b5\u03b9\u03c1\u03b7 \u03bf\u03bc\u03ac\u03b4\u03b1 \u03c3\u03c5\u03bc\u03b2\u03bf\u03cd\u03bb\u03c9\u03bd, \u03c0\u03bf\u03c5 \u03c5\u03c0\u03bf\u03c3\u03c4\u03b7\u03c1\u03af\u03b6\u03b5\u03b9 \u03c4\u03bf\u03c5\u03c2 \u03c0\u03b5\u03bb\u03ac\u03c4\u03b5\u03c2 \u03c3\u03c4\u03b7\u03bd \u03b5\u03c0\u03b9\u03bb\u03bf\u03b3\u03ae \u03c4\u03bf\u03c5 \u03ba\u03b1\u03bb\u03cd\u03c4\u03b5\u03c1\u03bf\u03c5 \u03c4\u03cd\u03c0\u03bf\u03c5 \u03b1\u03c6\u03c1\u03bf\u03cd \u03ba\u03b1\u03b9 \u03bb\u03cd\u03c3\u03b7\u03c2 \u03b5\u03c0\u03b5\u03be\u03b5\u03c1\u03b3\u03b1\u03c3\u03af\u03b1\u03c2.<\/li>\n<li data-sourcepos=\"10:1-11:0\"><strong>\u0393\u03c1\u03ae\u03b3\u03bf\u03c1\u03b7 \u03c0\u03b1\u03c1\u03ac\u03b4\u03bf\u03c3\u03b7:<\/strong> \u0395\u03b3\u03b3\u03c5\u03b7\u03bc\u03ad\u03bd\u03bf\u03c2 \u03c7\u03c1\u03cc\u03bd\u03bf\u03c2 \u03c0\u03b1\u03c1\u03ac\u03b4\u03bf\u03c3\u03b7\u03c2, \u03b5\u03c0\u03b9\u03c4\u03cc\u03c0\u03bf\u03c5 \u03b5\u03be\u03c5\u03c0\u03b7\u03c1\u03ad\u03c4\u03b7\u03c3\u03b7.<\/li>\n<\/ul>","protected":false},"featured_media":1774,"comment_status":"open","ping_status":"closed","template":"","meta":[],"product_cat":[36],"product_tag":[],"class_list":{"0":"post-1773","1":"product","2":"type-product","3":"status-publish","4":"has-post-thumbnail","6":"product_cat-tam-mut-xop","8":"first","9":"instock","10":"shipping-taxable","11":"product-type-simple"},"yoast_head":"<!-- This site is optimized with the Yoast SEO plugin v23.4 - https:\/\/yoast.com\/wordpress\/plugins\/seo\/ -->\n<title>\u0110o Ni \u0110\u00f3ng Gi\u00e0y T\u1ea5m M\u00fat X\u1ed1p \u0110\u00e0y 10cm | Gi\u00e1 T\u1ea5m M\u1ed1p X\u1ed1p - Nh\u00e0 s\u1ea3n xu\u1ea5t b\u1ecdt Polyethylene m\u1edf r\u1ed9ng<\/title>\n<meta name=\"description\" content=\"\u0110o ni \u0111\u00f3ng gi\u00e0y t\u1ea5m m\u00fat x\u1ed1p d\u00e0y 10cm theo y\u00eau c\u1ea7u. Gi\u00e1 t\u1ed1t nh\u1ea5t. Li\u00ean h\u1ec7 ngay!\" \/>\n<meta name=\"robots\" content=\"index, follow, max-snippet:-1, max-image-preview:large, max-video-preview:-1\" \/>\n<link rel=\"canonical\" href=\"https:\/\/epe.vn\/el\/manufacturer\/do-ni-dong-giay-tam-mut-xop-day-10cm-gia-tam-mop-xop\/\" \/>\n<meta property=\"og:locale\" content=\"el_GR\" \/>\n<meta property=\"og:type\" content=\"article\" \/>\n<meta property=\"og:title\" content=\"\u0110o Ni \u0110\u00f3ng Gi\u00e0y T\u1ea5m M\u00fat X\u1ed1p \u0110\u00e0y 10cm | Gi\u00e1 T\u1ea5m M\u1ed1p X\u1ed1p - Nh\u00e0 s\u1ea3n xu\u1ea5t b\u1ecdt Polyethylene m\u1edf r\u1ed9ng\" \/>\n<meta property=\"og:description\" content=\"\u0110o ni \u0111\u00f3ng gi\u00e0y t\u1ea5m m\u00fat x\u1ed1p d\u00e0y 10cm theo y\u00eau c\u1ea7u. Gi\u00e1 t\u1ed1t nh\u1ea5t. Li\u00ean h\u1ec7 ngay!\" \/>\n<meta property=\"og:url\" content=\"https:\/\/epe.vn\/el\/manufacturer\/do-ni-dong-giay-tam-mut-xop-day-10cm-gia-tam-mop-xop\/\" \/>\n<meta property=\"og:site_name\" content=\"Nh\u00e0 s\u1ea3n xu\u1ea5t b\u1ecdt Polyethylene m\u1edf r\u1ed9ng\" \/>\n<meta property=\"article:modified_time\" content=\"2025-02-13T07:50:52+00:00\" \/>\n<meta property=\"og:image\" content=\"https:\/\/epe.vn\/wp-content\/uploads\/2025\/02\/tam-mut-xop-day-10cm.jpg\" \/>\n\t<meta property=\"og:image:width\" content=\"1000\" \/>\n\t<meta property=\"og:image:height\" content=\"1000\" \/>\n\t<meta property=\"og:image:type\" content=\"image\/jpeg\" \/>\n<meta name=\"twitter:card\" content=\"summary_large_image\" \/>\n<meta name=\"twitter:label1\" content=\"\u0395\u03ba\u03c4\u03b9\u03bc\u03ce\u03bc\u03b5\u03bd\u03bf\u03c2 \u03c7\u03c1\u03cc\u03bd\u03bf\u03c2 \u03b1\u03bd\u03ac\u03b3\u03bd\u03c9\u03c3\u03b7\u03c2\" \/>\n\t<meta name=\"twitter:data1\" content=\"1 \u03bb\u03b5\u03c0\u03c4\u03cc\" \/>\n<script type=\"application\/ld+json\" class=\"yoast-schema-graph\">{\"@context\":\"https:\/\/schema.org\",\"@graph\":[{\"@type\":\"WebPage\",\"@id\":\"https:\/\/epe.vn\/manufacturer\/do-ni-dong-giay-tam-mut-xop-day-10cm-gia-tam-mop-xop\/\",\"url\":\"https:\/\/epe.vn\/manufacturer\/do-ni-dong-giay-tam-mut-xop-day-10cm-gia-tam-mop-xop\/\",\"name\":\"\u0110o Ni \u0110\u00f3ng Gi\u00e0y T\u1ea5m M\u00fat X\u1ed1p \u0110\u00e0y 10cm | Gi\u00e1 T\u1ea5m M\u1ed1p X\u1ed1p - Nh\u00e0 s\u1ea3n xu\u1ea5t b\u1ecdt Polyethylene m\u1edf r\u1ed9ng\",\"isPartOf\":{\"@id\":\"https:\/\/epe.vn\/#website\"},\"primaryImageOfPage\":{\"@id\":\"https:\/\/epe.vn\/manufacturer\/do-ni-dong-giay-tam-mut-xop-day-10cm-gia-tam-mop-xop\/#primaryimage\"},\"image\":{\"@id\":\"https:\/\/epe.vn\/manufacturer\/do-ni-dong-giay-tam-mut-xop-day-10cm-gia-tam-mop-xop\/#primaryimage\"},\"thumbnailUrl\":\"https:\/\/epe.vn\/wp-content\/uploads\/2025\/02\/tam-mut-xop-day-10cm.jpg\",\"datePublished\":\"2025-02-13T07:33:22+00:00\",\"dateModified\":\"2025-02-13T07:50:52+00:00\",\"description\":\"\u0110o ni \u0111\u00f3ng gi\u00e0y t\u1ea5m m\u00fat x\u1ed1p d\u00e0y 10cm theo y\u00eau c\u1ea7u. Gi\u00e1 t\u1ed1t nh\u1ea5t. Li\u00ean h\u1ec7 ngay!\",\"breadcrumb\":{\"@id\":\"https:\/\/epe.vn\/manufacturer\/do-ni-dong-giay-tam-mut-xop-day-10cm-gia-tam-mop-xop\/#breadcrumb\"},\"inLanguage\":\"el\",\"potentialAction\":[{\"@type\":\"ReadAction\",\"target\":[\"https:\/\/epe.vn\/manufacturer\/do-ni-dong-giay-tam-mut-xop-day-10cm-gia-tam-mop-xop\/\"]}]},{\"@type\":\"ImageObject\",\"inLanguage\":\"el\",\"@id\":\"https:\/\/epe.vn\/manufacturer\/do-ni-dong-giay-tam-mut-xop-day-10cm-gia-tam-mop-xop\/#primaryimage\",\"url\":\"https:\/\/epe.vn\/wp-content\/uploads\/2025\/02\/tam-mut-xop-day-10cm.jpg\",\"contentUrl\":\"https:\/\/epe.vn\/wp-content\/uploads\/2025\/02\/tam-mut-xop-day-10cm.jpg\",\"width\":1000,\"height\":1000,\"caption\":\"t\u1ea5m m\u00fat x\u1ed1p d\u00e0y 10cm\"},{\"@type\":\"BreadcrumbList\",\"@id\":\"https:\/\/epe.vn\/manufacturer\/do-ni-dong-giay-tam-mut-xop-day-10cm-gia-tam-mop-xop\/#breadcrumb\",\"itemListElement\":[{\"@type\":\"ListItem\",\"position\":1,\"name\":\"Home\",\"item\":\"https:\/\/epe.vn\/\"},{\"@type\":\"ListItem\",\"position\":2,\"name\":\"Shop\",\"item\":\"https:\/\/epe.vn\/shop\/\"},{\"@type\":\"ListItem\",\"position\":3,\"name\":\"\u0110o Ni \u0110\u00f3ng Gi\u00e0y T\u1ea5m M\u00fat X\u1ed1p \u0110\u00e0y 10cm | Gi\u00e1 T\u1ea5m M\u1ed1p X\u1ed1p\"}]},{\"@type\":\"WebSite\",\"@id\":\"https:\/\/epe.vn\/#website\",\"url\":\"https:\/\/epe.vn\/\",\"name\":\"Nh\u00e0 s\u1ea3n xu\u1ea5t b\u1ecdt Polyethylene m\u1edf r\u1ed9ng\",\"description\":\"Nh\u00e0 cung c\u1ea5p bao b\u00ec v\u1ec9 x\u1ed1p polyethylene m\u1edf r\u1ed9ng v\u00e0 t\u00fai PE\",\"potentialAction\":[{\"@type\":\"SearchAction\",\"target\":{\"@type\":\"EntryPoint\",\"urlTemplate\":\"https:\/\/epe.vn\/?s={search_term_string}\"},\"query-input\":{\"@type\":\"PropertyValueSpecification\",\"valueRequired\":true,\"valueName\":\"search_term_string\"}}],\"inLanguage\":\"el\"}]}<\/script>\n<!-- \/ Yoast SEO plugin. -->","yoast_head_json":{"title":"\u0110o Ni \u0110\u00f3ng Gi\u00e0y T\u1ea5m M\u00fat X\u1ed1p \u0110\u00e0y 10cm | Gi\u00e1 T\u1ea5m M\u1ed1p X\u1ed1p - Nh\u00e0 s\u1ea3n xu\u1ea5t b\u1ecdt Polyethylene m\u1edf r\u1ed9ng","description":"\u0110o ni \u0111\u00f3ng gi\u00e0y t\u1ea5m m\u00fat x\u1ed1p d\u00e0y 10cm theo y\u00eau c\u1ea7u. Gi\u00e1 t\u1ed1t nh\u1ea5t. Li\u00ean h\u1ec7 ngay!","robots":{"index":"index","follow":"follow","max-snippet":"max-snippet:-1","max-image-preview":"max-image-preview:large","max-video-preview":"max-video-preview:-1"},"canonical":"https:\/\/epe.vn\/el\/manufacturer\/do-ni-dong-giay-tam-mut-xop-day-10cm-gia-tam-mop-xop\/","og_locale":"el_GR","og_type":"article","og_title":"\u0110o Ni \u0110\u00f3ng Gi\u00e0y T\u1ea5m M\u00fat X\u1ed1p \u0110\u00e0y 10cm | Gi\u00e1 T\u1ea5m M\u1ed1p X\u1ed1p - Nh\u00e0 s\u1ea3n xu\u1ea5t b\u1ecdt Polyethylene m\u1edf r\u1ed9ng","og_description":"\u0110o ni \u0111\u00f3ng gi\u00e0y t\u1ea5m m\u00fat x\u1ed1p d\u00e0y 10cm theo y\u00eau c\u1ea7u. Gi\u00e1 t\u1ed1t nh\u1ea5t. Li\u00ean h\u1ec7 ngay!","og_url":"https:\/\/epe.vn\/el\/manufacturer\/do-ni-dong-giay-tam-mut-xop-day-10cm-gia-tam-mop-xop\/","og_site_name":"Nh\u00e0 s\u1ea3n xu\u1ea5t b\u1ecdt Polyethylene m\u1edf r\u1ed9ng","article_modified_time":"2025-02-13T07:50:52+00:00","og_image":[{"width":1000,"height":1000,"url":"https:\/\/epe.vn\/wp-content\/uploads\/2025\/02\/tam-mut-xop-day-10cm.jpg","type":"image\/jpeg"}],"twitter_card":"summary_large_image","twitter_misc":{"\u0395\u03ba\u03c4\u03b9\u03bc\u03ce\u03bc\u03b5\u03bd\u03bf\u03c2 \u03c7\u03c1\u03cc\u03bd\u03bf\u03c2 \u03b1\u03bd\u03ac\u03b3\u03bd\u03c9\u03c3\u03b7\u03c2":"1 \u03bb\u03b5\u03c0\u03c4\u03cc"},"schema":{"@context":"https:\/\/schema.org","@graph":[{"@type":"WebPage","@id":"https:\/\/epe.vn\/manufacturer\/do-ni-dong-giay-tam-mut-xop-day-10cm-gia-tam-mop-xop\/","url":"https:\/\/epe.vn\/manufacturer\/do-ni-dong-giay-tam-mut-xop-day-10cm-gia-tam-mop-xop\/","name":"\u0110o Ni \u0110\u00f3ng Gi\u00e0y T\u1ea5m M\u00fat X\u1ed1p \u0110\u00e0y 10cm | Gi\u00e1 T\u1ea5m M\u1ed1p X\u1ed1p - Nh\u00e0 s\u1ea3n xu\u1ea5t b\u1ecdt Polyethylene m\u1edf r\u1ed9ng","isPartOf":{"@id":"https:\/\/epe.vn\/#website"},"primaryImageOfPage":{"@id":"https:\/\/epe.vn\/manufacturer\/do-ni-dong-giay-tam-mut-xop-day-10cm-gia-tam-mop-xop\/#primaryimage"},"image":{"@id":"https:\/\/epe.vn\/manufacturer\/do-ni-dong-giay-tam-mut-xop-day-10cm-gia-tam-mop-xop\/#primaryimage"},"thumbnailUrl":"https:\/\/epe.vn\/wp-content\/uploads\/2025\/02\/tam-mut-xop-day-10cm.jpg","datePublished":"2025-02-13T07:33:22+00:00","dateModified":"2025-02-13T07:50:52+00:00","description":"\u0110o ni \u0111\u00f3ng gi\u00e0y t\u1ea5m m\u00fat x\u1ed1p d\u00e0y 10cm theo y\u00eau c\u1ea7u. Gi\u00e1 t\u1ed1t nh\u1ea5t. Li\u00ean h\u1ec7 ngay!","breadcrumb":{"@id":"https:\/\/epe.vn\/manufacturer\/do-ni-dong-giay-tam-mut-xop-day-10cm-gia-tam-mop-xop\/#breadcrumb"},"inLanguage":"el","potentialAction":[{"@type":"ReadAction","target":["https:\/\/epe.vn\/manufacturer\/do-ni-dong-giay-tam-mut-xop-day-10cm-gia-tam-mop-xop\/"]}]},{"@type":"ImageObject","inLanguage":"el","@id":"https:\/\/epe.vn\/manufacturer\/do-ni-dong-giay-tam-mut-xop-day-10cm-gia-tam-mop-xop\/#primaryimage","url":"https:\/\/epe.vn\/wp-content\/uploads\/2025\/02\/tam-mut-xop-day-10cm.jpg","contentUrl":"https:\/\/epe.vn\/wp-content\/uploads\/2025\/02\/tam-mut-xop-day-10cm.jpg","width":1000,"height":1000,"caption":"t\u1ea5m m\u00fat x\u1ed1p d\u00e0y 10cm"},{"@type":"BreadcrumbList","@id":"https:\/\/epe.vn\/manufacturer\/do-ni-dong-giay-tam-mut-xop-day-10cm-gia-tam-mop-xop\/#breadcrumb","itemListElement":[{"@type":"ListItem","position":1,"name":"Home","item":"https:\/\/epe.vn\/"},{"@type":"ListItem","position":2,"name":"Shop","item":"https:\/\/epe.vn\/shop\/"},{"@type":"ListItem","position":3,"name":"\u0110o Ni \u0110\u00f3ng Gi\u00e0y T\u1ea5m M\u00fat X\u1ed1p \u0110\u00e0y 10cm | Gi\u00e1 T\u1ea5m M\u1ed1p X\u1ed1p"}]},{"@type":"WebSite","@id":"https:\/\/epe.vn\/#website","url":"https:\/\/epe.vn\/","name":"Nh\u00e0 s\u1ea3n xu\u1ea5t b\u1ecdt Polyethylene m\u1edf r\u1ed9ng","description":"Nh\u00e0 cung c\u1ea5p bao b\u00ec v\u1ec9 x\u1ed1p polyethylene m\u1edf r\u1ed9ng v\u00e0 t\u00fai PE","potentialAction":[{"@type":"SearchAction","target":{"@type":"EntryPoint","urlTemplate":"https:\/\/epe.vn\/?s={search_term_string}"},"query-input":{"@type":"PropertyValueSpecification","valueRequired":true,"valueName":"search_term_string"}}],"inLanguage":"el"}]}},"_links":{"self":[{"href":"https:\/\/epe.vn\/el\/wp-json\/wp\/v2\/product\/1773","targetHints":{"allow":["GET"]}}],"collection":[{"href":"https:\/\/epe.vn\/el\/wp-json\/wp\/v2\/product"}],"about":[{"href":"https:\/\/epe.vn\/el\/wp-json\/wp\/v2\/types\/product"}],"replies":[{"embeddable":true,"href":"https:\/\/epe.vn\/el\/wp-json\/wp\/v2\/comments?post=1773"}],"wp:featuredmedia":[{"embeddable":true,"href":"https:\/\/epe.vn\/el\/wp-json\/wp\/v2\/media\/1774"}],"wp:attachment":[{"href":"https:\/\/epe.vn\/el\/wp-json\/wp\/v2\/media?parent=1773"}],"wp:term":[{"taxonomy":"product_cat","embeddable":true,"href":"https:\/\/epe.vn\/el\/wp-json\/wp\/v2\/product_cat?post=1773"},{"taxonomy":"product_tag","embeddable":true,"href":"https:\/\/epe.vn\/el\/wp-json\/wp\/v2\/product_tag?post=1773"}],"curies":[{"name":"wp","href":"https:\/\/api.w.org\/{rel}","templated":true}]}}