{"id":1988,"date":"2025-04-28T16:14:57","date_gmt":"2025-04-28T09:14:57","guid":{"rendered":"https:\/\/epe.vn\/?post_type=product&#038;p=1988"},"modified":"2025-04-28T16:15:55","modified_gmt":"2025-04-28T09:15:55","slug":"tam-xop-epe-nhieu-kich-thuoc","status":"publish","type":"product","link":"https:\/\/epe.vn\/el\/manufacturer\/tam-xop-epe-nhieu-kich-thuoc\/","title":{"rendered":"T\u1ea5m x\u1ed1p EPE nhi\u1ec1u k\u00edch th\u01b0\u1edbc | Tu\u1ef3 ch\u1ec9nh theo y\u00eau c\u1ea7u"},"content":{"rendered":"<h2><span style=\"font-weight: 400;\">Th\u00f4ng tin s\u1ea3n ph\u1ea9m:<\/span><\/h2>\n<table>\n<tbody>\n<tr>\n<td><b>Ti\u00eau ch\u00ed<\/b><\/td>\n<td><b>Th\u00f4ng tin chi ti\u1ebft<\/b><\/td>\n<\/tr>\n<tr>\n<td><b>\u038c\u03bd\u03bf\u03bc\u03b1 \u03c0\u03c1\u03bf\u03ca\u03cc\u03bd\u03c4\u03bf\u03c2<\/b><\/td>\n<td><span style=\"font-weight: 400;\">T\u1ea5m X\u1ed1p EPE Nhi\u1ec1u K\u00edch Th\u01b0\u1edbc<\/span><\/td>\n<\/tr>\n<tr>\n<td><b>Th\u01b0\u01a1ng hi\u1ec7u<\/b><\/td>\n<td><span style=\"font-weight: 400;\">Dong Rui Vi\u1ec7t Nam<\/span><\/td>\n<\/tr>\n<tr>\n<td><b>\u03a5\u03bb\u03b9\u03ba\u03cc<\/b><\/td>\n<td><span style=\"font-weight: 400;\">EPE Foam (Expanded Polyethylene Foam)<\/span><\/td>\n<\/tr>\n<tr>\n<td><b>Ki\u1ec3u d\u00e1ng<\/b><\/td>\n<td><span style=\"font-weight: 400;\">T\u1ea5m ph\u1eb3ng, nhi\u1ec1u k\u00edch th\u01b0\u1edbc kh\u00e1c nhau<\/span><\/td>\n<\/tr>\n<tr>\n<td><b>Xu\u1ea5t x\u1ee9<\/b><\/td>\n<td><span style=\"font-weight: 400;\">Trung Qu\u1ed1c<\/span><\/td>\n<\/tr>\n<tr>\n<td><b>\u039c\u03ad\u03b3\u03b5\u03b8\u03bf\u03c2<\/b><\/td>\n<td><span style=\"font-weight: 400;\">Gia c\u00f4ng theo y\u00eau c\u1ea7u: chi\u1ec1u d\u00e0i, chi\u1ec1u r\u1ed9ng v\u00e0 \u0111\u1ed9 d\u00e0y \u0111a d\u1ea1ng (t\u1eeb v\u00e0i mm \u0111\u1ebfn v\u00e0i cm)<\/span><\/td>\n<\/tr>\n<tr>\n<td><b>\u0110\u1ed9 d\u00e0y<\/b><\/td>\n<td><span style=\"font-weight: 400;\">0.5mm \u2013 100mm (ph\u1ed5 bi\u1ebfn: 5mm, 10mm, 20mm, 30mm)<\/span><\/td>\n<\/tr>\n<tr>\n<td><b>\u03a7\u03c1\u03ce\u03bc\u03b1<\/b><\/td>\n<td><span style=\"font-weight: 400;\">Tr\u1eafng, h\u1ed3ng, xanh d\u01b0\u01a1ng, \u0111en, t\u00f9y ch\u1ec9nh<\/span><\/td>\n<\/tr>\n<tr>\n<td><b>T\u00ednh n\u0103ng n\u1ed5i b\u1eadt<\/b><\/td>\n<td><span style=\"font-weight: 400;\">&#8211; Ch\u1ed1ng s\u1ed1c, ch\u1ed1ng tr\u1ea7y x\u01b0\u1edbc<\/span><\/p>\n<p><span style=\"font-weight: 400;\">&#8211; C\u00e1ch nhi\u1ec7t, ch\u1ed1ng \u1ea9m<\/span><\/p>\n<p><span style=\"font-weight: 400;\">&#8211; Nh\u1eb9, b\u1ec1n, d\u1ec5 gia c\u00f4ng<\/span><\/td>\n<\/tr>\n<tr>\n<td><b>\u1ee8ng d\u1ee5ng ph\u1ed5 bi\u1ebfn<\/b><\/td>\n<td><span style=\"font-weight: 400;\">&#8211; L\u00f3t \u0111\u00f3ng g\u00f3i h\u00e0ng h\u00f3a, b\u1ea3o v\u1ec7 s\u1ea3n ph\u1ea9m<\/span><\/p>\n<p><span style=\"font-weight: 400;\">&#8211; C\u00e1ch nhi\u1ec7t c\u00f4ng tr\u00ecnh<\/span><\/p>\n<p><span style=\"font-weight: 400;\">&#8211; L\u00e0m \u0111\u1ec7m l\u00f3t n\u1ed9i th\u1ea5t, thi\u1ebft b\u1ecb \u0111i\u1ec7n t\u1eed, h\u00e0ng d\u1ec5 v\u1ee1<\/span><\/td>\n<\/tr>\n<tr>\n<td><b>Ch\u1ee9ng nh\u1eadn ch\u1ea5t l\u01b0\u1ee3ng<\/b><\/td>\n<td><span style=\"font-weight: 400;\">ISO 9001, RoHS, CE<\/span><\/td>\n<\/tr>\n<tr>\n<td><b>\u0110\u00f3ng g\u00f3i<\/b><\/td>\n<td><span style=\"font-weight: 400;\">\u0110\u00f3ng theo cu\u1ed9n, theo t\u1ea5m, \u0111\u00f3ng th\u00f9ng carton ho\u1eb7c theo y\u00eau c\u1ea7u kh\u00e1ch h\u00e0ng<\/span><\/td>\n<\/tr>\n<tr>\n<td><b>L\u1ee3i \u00edch s\u1eed d\u1ee5ng<\/b><\/td>\n<td><span style=\"font-weight: 400;\">&#8211; B\u1ea3o v\u1ec7 s\u1ea3n ph\u1ea9m kh\u1ecfi va \u0111\u1eadp<\/span><\/p>\n<p><span style=\"font-weight: 400;\">&#8211; Ti\u1ebft ki\u1ec7m chi ph\u00ed \u0111\u00f3ng g\u00f3i<\/span><\/p>\n<p><span style=\"font-weight: 400;\">&#8211; T\u0103ng \u0111\u1ed9 b\u1ec1n v\u00e0 th\u1ea9m m\u1ef9 s\u1ea3n ph\u1ea9m trong l\u01b0u tr\u1eef, v\u1eadn chuy\u1ec3n v\u00e0 tr\u01b0ng b\u00e0y<\/span><\/td>\n<\/tr>\n<\/tbody>\n<\/table>\n<h2><span style=\"font-weight: 400;\">Ch\u1ee9c n\u0103ng c\u1ee7a t\u1ea5m x\u1ed1p EPE nhi\u1ec1u k\u00edch th\u01b0\u1edbc:<\/span><\/h2>\n<ul>\n<li style=\"font-weight: 400;\" aria-level=\"1\"><b>B\u1ea3o v\u1ec7 s\u1ea3n ph\u1ea9m<\/b><span style=\"font-weight: 400;\">: Ch\u1ed1ng s\u1ed1c, ch\u1ed1ng va \u0111\u1eadp hi\u1ec7u qu\u1ea3 trong l\u01b0u kho v\u00e0 v\u1eadn chuy\u1ec3n.<\/span><\/li>\n<li style=\"font-weight: 400;\" aria-level=\"1\"><b>C\u00e1ch nhi\u1ec7t, ch\u1ed1ng \u1ea9m<\/b><span style=\"font-weight: 400;\">: B\u1ea3o v\u1ec7 h\u00e0ng h\u00f3a tr\u01b0\u1edbc c\u00e1c \u0111i\u1ec1u ki\u1ec7n m\u00f4i tr\u01b0\u1eddng b\u1ea5t l\u1ee3i.<\/span><\/li>\n<li style=\"font-weight: 400;\" aria-level=\"1\"><b>Gia c\u00f4ng \u0111a d\u1ea1ng<\/b><span style=\"font-weight: 400;\">: D\u1ec5 d\u00e0ng c\u1eaft gh\u00e9p theo h\u00ecnh d\u1ea1ng, k\u00edch th\u01b0\u1edbc s\u1ea3n ph\u1ea9m c\u1ea7n b\u1ea3o v\u1ec7.<\/span><\/li>\n<\/ul>\n<h2><span style=\"font-weight: 400;\">\u01afu \u0111i\u1ec3m:<\/span><\/h2>\n<ul>\n<li style=\"font-weight: 400;\" aria-level=\"1\"><b>Nh\u1eb9, linh ho\u1ea1t<\/b><span style=\"font-weight: 400;\">: D\u1ec5 v\u1eadn chuy\u1ec3n, thi c\u00f4ng v\u00e0 ti\u1ebft ki\u1ec7m chi ph\u00ed.<\/span><\/li>\n<li style=\"font-weight: 400;\" aria-level=\"1\"><b>\u0110a d\u1ea1ng k\u00edch th\u01b0\u1edbc<\/b><span style=\"font-weight: 400;\">: Ph\u00f9 h\u1ee3p v\u1edbi nhi\u1ec1u nhu c\u1ea7u kh\u00e1c nhau t\u1eeb \u0111\u00f3ng g\u00f3i nh\u1ecf l\u1ebb \u0111\u1ebfn c\u00f4ng nghi\u1ec7p l\u1edbn.<\/span><span style=\"font-weight: 400;\"><br \/>\n<\/span><b>Th\u00e2n thi\u1ec7n v\u1edbi m\u00f4i tr\u01b0\u1eddng<\/b><span style=\"font-weight: 400;\">: C\u00f3 th\u1ec3 t\u00e1i s\u1eed d\u1ee5ng, gi\u1ea3m thi\u1ec3u r\u00e1c th\u1ea3i c\u00f4ng nghi\u1ec7p.<\/span><\/li>\n<li style=\"font-weight: 400;\" aria-level=\"1\"><b>Gi\u00e1 th\u00e0nh h\u1ee3p l\u00fd<\/b><span style=\"font-weight: 400;\">: So v\u1edbi nhi\u1ec1u v\u1eadt li\u1ec7u ch\u1ed1ng s\u1ed1c kh\u00e1c, EPE Foam c\u00f3 chi ph\u00ed c\u1ea1nh tranh h\u01a1n.<\/span><\/li>\n<\/ul>","protected":false},"excerpt":{"rendered":"<p class=\"\" data-start=\"3685\" data-end=\"4136\"><strong data-start=\"3685\" data-end=\"3717\">T\u1ea5m x\u1ed1p EPE nhi\u1ec1u k\u00edch th\u01b0\u1edbc<\/strong> c\u1ee7a Dong Rui Vi\u1ec7t Nam l\u00e0 gi\u1ea3i ph\u00e1p l\u00fd t\u01b0\u1edfng cho nhu c\u1ea7u \u0111\u00f3ng g\u00f3i, b\u1ea3o v\u1ec7 h\u00e0ng h\u00f3a v\u00e0 c\u00e1ch nhi\u1ec7t. V\u1edbi ch\u1ea5t li\u1ec7u EPE Foam si\u00eau nh\u1eb9, \u0111\u00e0n h\u1ed3i t\u1ed1t v\u00e0 kh\u1ea3 n\u0103ng ch\u1ed1ng s\u1ed1c v\u01b0\u1ee3t tr\u1ed9i, s\u1ea3n ph\u1ea9m gi\u00fap b\u1ea3o v\u1ec7 s\u1ea3n ph\u1ea9m kh\u1ecfi tr\u1ea7y x\u01b0\u1edbc, va \u0111\u1eadp v\u00e0 t\u00e1c \u0111\u1ed9ng c\u1ee7a m\u00f4i tr\u01b0\u1eddng. T\u1ea5m x\u1ed1p c\u00f3 th\u1ec3 gia c\u00f4ng \u0111a d\u1ea1ng k\u00edch th\u01b0\u1edbc v\u00e0 m\u00e0u s\u1eafc theo y\u00eau c\u1ea7u, ph\u00f9 h\u1ee3p cho nhi\u1ec1u l\u0129nh v\u1ef1c nh\u01b0 \u0111i\u1ec7n t\u1eed, n\u1ed9i th\u1ea5t, th\u1ef1c ph\u1ea9m, logistics v\u00e0 c\u00f4ng tr\u00ecnh x\u00e2y d\u1ef1ng.<\/p>","protected":false},"featured_media":1989,"comment_status":"open","ping_status":"closed","template":"","meta":[],"product_cat":[36],"product_tag":[48,54,53,52],"class_list":{"0":"post-1988","1":"product","2":"type-product","3":"status-publish","4":"has-post-thumbnail","6":"product_cat-tam-mut-xop","7":"product_tag-epe-foam","8":"product_tag-mua-xop-epe","9":"product_tag-tuy-chinh-xop-epe-foam","10":"product_tag-xop-epe","12":"first","13":"instock","14":"shipping-taxable","15":"product-type-simple"},"yoast_head":"<!-- This site is optimized with the Yoast SEO plugin v23.4 - https:\/\/yoast.com\/wordpress\/plugins\/seo\/ -->\n<title>T\u1ea5m x\u1ed1p EPE nhi\u1ec1u k\u00edch th\u01b0\u1edbc | Tu\u1ef3 ch\u1ec9nh theo y\u00eau c\u1ea7u - Nh\u00e0 s\u1ea3n xu\u1ea5t b\u1ecdt Polyethylene m\u1edf r\u1ed9ng<\/title>\n<meta name=\"description\" content=\"T\u1ea5m x\u1ed1p EPE nhi\u1ec1u k\u00edch th\u01b0\u1edbc Dong Rui Vi\u1ec7t Nam ch\u1ed1ng s\u1ed1c, c\u00e1ch nhi\u1ec7t, nh\u1eb9 b\u1ec1n, linh ho\u1ea1t, b\u1ea3o v\u1ec7 h\u00e0ng h\u00f3a hi\u1ec7u qu\u1ea3 trong \u0111\u00f3ng g\u00f3i, v\u1eadn chuy\u1ec3n v\u00e0 l\u01b0u kho.\" \/>\n<meta name=\"robots\" content=\"index, follow, max-snippet:-1, max-image-preview:large, max-video-preview:-1\" \/>\n<link rel=\"canonical\" href=\"https:\/\/epe.vn\/el\/manufacturer\/tam-xop-epe-nhieu-kich-thuoc\/\" \/>\n<meta property=\"og:locale\" content=\"el_GR\" \/>\n<meta property=\"og:type\" content=\"article\" \/>\n<meta property=\"og:title\" content=\"T\u1ea5m x\u1ed1p EPE nhi\u1ec1u k\u00edch th\u01b0\u1edbc | Tu\u1ef3 ch\u1ec9nh theo y\u00eau c\u1ea7u - Nh\u00e0 s\u1ea3n xu\u1ea5t b\u1ecdt Polyethylene m\u1edf r\u1ed9ng\" \/>\n<meta property=\"og:description\" content=\"T\u1ea5m x\u1ed1p EPE nhi\u1ec1u k\u00edch th\u01b0\u1edbc Dong Rui Vi\u1ec7t Nam ch\u1ed1ng s\u1ed1c, c\u00e1ch nhi\u1ec7t, nh\u1eb9 b\u1ec1n, linh ho\u1ea1t, b\u1ea3o v\u1ec7 h\u00e0ng h\u00f3a hi\u1ec7u qu\u1ea3 trong \u0111\u00f3ng g\u00f3i, v\u1eadn chuy\u1ec3n v\u00e0 l\u01b0u kho.\" \/>\n<meta property=\"og:url\" content=\"https:\/\/epe.vn\/el\/manufacturer\/tam-xop-epe-nhieu-kich-thuoc\/\" \/>\n<meta property=\"og:site_name\" content=\"Nh\u00e0 s\u1ea3n xu\u1ea5t b\u1ecdt Polyethylene m\u1edf r\u1ed9ng\" \/>\n<meta property=\"article:modified_time\" content=\"2025-04-28T09:15:55+00:00\" \/>\n<meta property=\"og:image\" content=\"https:\/\/epe.vn\/wp-content\/uploads\/2025\/04\/tam-xop-EPE-nhieu-kich-thuoc.webp\" \/>\n\t<meta property=\"og:image:width\" content=\"800\" \/>\n\t<meta property=\"og:image:height\" content=\"800\" \/>\n\t<meta property=\"og:image:type\" content=\"image\/webp\" \/>\n<meta name=\"twitter:card\" content=\"summary_large_image\" \/>\n<meta name=\"twitter:label1\" content=\"\u0395\u03ba\u03c4\u03b9\u03bc\u03ce\u03bc\u03b5\u03bd\u03bf\u03c2 \u03c7\u03c1\u03cc\u03bd\u03bf\u03c2 \u03b1\u03bd\u03ac\u03b3\u03bd\u03c9\u03c3\u03b7\u03c2\" \/>\n\t<meta name=\"twitter:data1\" content=\"2 \u03bb\u03b5\u03c0\u03c4\u03ac\" \/>\n<script type=\"application\/ld+json\" class=\"yoast-schema-graph\">{\"@context\":\"https:\/\/schema.org\",\"@graph\":[{\"@type\":\"WebPage\",\"@id\":\"https:\/\/epe.vn\/manufacturer\/tam-xop-epe-nhieu-kich-thuoc\/\",\"url\":\"https:\/\/epe.vn\/manufacturer\/tam-xop-epe-nhieu-kich-thuoc\/\",\"name\":\"T\u1ea5m x\u1ed1p EPE nhi\u1ec1u k\u00edch th\u01b0\u1edbc | Tu\u1ef3 ch\u1ec9nh theo y\u00eau c\u1ea7u - Nh\u00e0 s\u1ea3n xu\u1ea5t b\u1ecdt Polyethylene m\u1edf r\u1ed9ng\",\"isPartOf\":{\"@id\":\"https:\/\/epe.vn\/#website\"},\"primaryImageOfPage\":{\"@id\":\"https:\/\/epe.vn\/manufacturer\/tam-xop-epe-nhieu-kich-thuoc\/#primaryimage\"},\"image\":{\"@id\":\"https:\/\/epe.vn\/manufacturer\/tam-xop-epe-nhieu-kich-thuoc\/#primaryimage\"},\"thumbnailUrl\":\"https:\/\/epe.vn\/wp-content\/uploads\/2025\/04\/tam-xop-EPE-nhieu-kich-thuoc.webp\",\"datePublished\":\"2025-04-28T09:14:57+00:00\",\"dateModified\":\"2025-04-28T09:15:55+00:00\",\"description\":\"T\u1ea5m x\u1ed1p EPE nhi\u1ec1u k\u00edch th\u01b0\u1edbc Dong Rui Vi\u1ec7t Nam ch\u1ed1ng s\u1ed1c, c\u00e1ch nhi\u1ec7t, nh\u1eb9 b\u1ec1n, linh ho\u1ea1t, b\u1ea3o v\u1ec7 h\u00e0ng h\u00f3a hi\u1ec7u qu\u1ea3 trong \u0111\u00f3ng g\u00f3i, v\u1eadn chuy\u1ec3n v\u00e0 l\u01b0u kho.\",\"breadcrumb\":{\"@id\":\"https:\/\/epe.vn\/manufacturer\/tam-xop-epe-nhieu-kich-thuoc\/#breadcrumb\"},\"inLanguage\":\"el\",\"potentialAction\":[{\"@type\":\"ReadAction\",\"target\":[\"https:\/\/epe.vn\/manufacturer\/tam-xop-epe-nhieu-kich-thuoc\/\"]}]},{\"@type\":\"ImageObject\",\"inLanguage\":\"el\",\"@id\":\"https:\/\/epe.vn\/manufacturer\/tam-xop-epe-nhieu-kich-thuoc\/#primaryimage\",\"url\":\"https:\/\/epe.vn\/wp-content\/uploads\/2025\/04\/tam-xop-EPE-nhieu-kich-thuoc.webp\",\"contentUrl\":\"https:\/\/epe.vn\/wp-content\/uploads\/2025\/04\/tam-xop-EPE-nhieu-kich-thuoc.webp\",\"width\":800,\"height\":800,\"caption\":\"ta\u0302\u0301m xo\u0302\u0301p EPE nhie\u0302\u0300u ki\u0301ch thu\u031bo\u031b\u0301c\"},{\"@type\":\"BreadcrumbList\",\"@id\":\"https:\/\/epe.vn\/manufacturer\/tam-xop-epe-nhieu-kich-thuoc\/#breadcrumb\",\"itemListElement\":[{\"@type\":\"ListItem\",\"position\":1,\"name\":\"Home\",\"item\":\"https:\/\/epe.vn\/\"},{\"@type\":\"ListItem\",\"position\":2,\"name\":\"Shop\",\"item\":\"https:\/\/epe.vn\/shop\/\"},{\"@type\":\"ListItem\",\"position\":3,\"name\":\"T\u1ea5m x\u1ed1p EPE nhi\u1ec1u k\u00edch th\u01b0\u1edbc | Tu\u1ef3 ch\u1ec9nh theo y\u00eau c\u1ea7u\"}]},{\"@type\":\"WebSite\",\"@id\":\"https:\/\/epe.vn\/#website\",\"url\":\"https:\/\/epe.vn\/\",\"name\":\"Nh\u00e0 s\u1ea3n xu\u1ea5t b\u1ecdt Polyethylene m\u1edf r\u1ed9ng\",\"description\":\"Nh\u00e0 cung c\u1ea5p bao b\u00ec v\u1ec9 x\u1ed1p polyethylene m\u1edf r\u1ed9ng v\u00e0 t\u00fai PE\",\"potentialAction\":[{\"@type\":\"SearchAction\",\"target\":{\"@type\":\"EntryPoint\",\"urlTemplate\":\"https:\/\/epe.vn\/?s={search_term_string}\"},\"query-input\":{\"@type\":\"PropertyValueSpecification\",\"valueRequired\":true,\"valueName\":\"search_term_string\"}}],\"inLanguage\":\"el\"}]}<\/script>\n<!-- \/ Yoast SEO plugin. -->","yoast_head_json":{"title":"T\u1ea5m x\u1ed1p EPE nhi\u1ec1u k\u00edch th\u01b0\u1edbc | Tu\u1ef3 ch\u1ec9nh theo y\u00eau c\u1ea7u - Nh\u00e0 s\u1ea3n xu\u1ea5t b\u1ecdt Polyethylene m\u1edf r\u1ed9ng","description":"T\u1ea5m x\u1ed1p EPE nhi\u1ec1u k\u00edch th\u01b0\u1edbc Dong Rui Vi\u1ec7t Nam ch\u1ed1ng s\u1ed1c, c\u00e1ch nhi\u1ec7t, nh\u1eb9 b\u1ec1n, linh ho\u1ea1t, b\u1ea3o v\u1ec7 h\u00e0ng h\u00f3a hi\u1ec7u qu\u1ea3 trong \u0111\u00f3ng g\u00f3i, v\u1eadn chuy\u1ec3n v\u00e0 l\u01b0u kho.","robots":{"index":"index","follow":"follow","max-snippet":"max-snippet:-1","max-image-preview":"max-image-preview:large","max-video-preview":"max-video-preview:-1"},"canonical":"https:\/\/epe.vn\/el\/manufacturer\/tam-xop-epe-nhieu-kich-thuoc\/","og_locale":"el_GR","og_type":"article","og_title":"T\u1ea5m x\u1ed1p EPE nhi\u1ec1u k\u00edch th\u01b0\u1edbc | Tu\u1ef3 ch\u1ec9nh theo y\u00eau c\u1ea7u - Nh\u00e0 s\u1ea3n xu\u1ea5t b\u1ecdt Polyethylene m\u1edf r\u1ed9ng","og_description":"T\u1ea5m x\u1ed1p EPE nhi\u1ec1u k\u00edch th\u01b0\u1edbc Dong Rui Vi\u1ec7t Nam ch\u1ed1ng s\u1ed1c, c\u00e1ch nhi\u1ec7t, nh\u1eb9 b\u1ec1n, linh ho\u1ea1t, b\u1ea3o v\u1ec7 h\u00e0ng h\u00f3a hi\u1ec7u qu\u1ea3 trong \u0111\u00f3ng g\u00f3i, v\u1eadn chuy\u1ec3n v\u00e0 l\u01b0u kho.","og_url":"https:\/\/epe.vn\/el\/manufacturer\/tam-xop-epe-nhieu-kich-thuoc\/","og_site_name":"Nh\u00e0 s\u1ea3n xu\u1ea5t b\u1ecdt Polyethylene m\u1edf r\u1ed9ng","article_modified_time":"2025-04-28T09:15:55+00:00","og_image":[{"width":800,"height":800,"url":"https:\/\/epe.vn\/wp-content\/uploads\/2025\/04\/tam-xop-EPE-nhieu-kich-thuoc.webp","type":"image\/webp"}],"twitter_card":"summary_large_image","twitter_misc":{"\u0395\u03ba\u03c4\u03b9\u03bc\u03ce\u03bc\u03b5\u03bd\u03bf\u03c2 \u03c7\u03c1\u03cc\u03bd\u03bf\u03c2 \u03b1\u03bd\u03ac\u03b3\u03bd\u03c9\u03c3\u03b7\u03c2":"2 \u03bb\u03b5\u03c0\u03c4\u03ac"},"schema":{"@context":"https:\/\/schema.org","@graph":[{"@type":"WebPage","@id":"https:\/\/epe.vn\/manufacturer\/tam-xop-epe-nhieu-kich-thuoc\/","url":"https:\/\/epe.vn\/manufacturer\/tam-xop-epe-nhieu-kich-thuoc\/","name":"T\u1ea5m x\u1ed1p EPE nhi\u1ec1u k\u00edch th\u01b0\u1edbc | Tu\u1ef3 ch\u1ec9nh theo y\u00eau c\u1ea7u - Nh\u00e0 s\u1ea3n xu\u1ea5t b\u1ecdt Polyethylene m\u1edf r\u1ed9ng","isPartOf":{"@id":"https:\/\/epe.vn\/#website"},"primaryImageOfPage":{"@id":"https:\/\/epe.vn\/manufacturer\/tam-xop-epe-nhieu-kich-thuoc\/#primaryimage"},"image":{"@id":"https:\/\/epe.vn\/manufacturer\/tam-xop-epe-nhieu-kich-thuoc\/#primaryimage"},"thumbnailUrl":"https:\/\/epe.vn\/wp-content\/uploads\/2025\/04\/tam-xop-EPE-nhieu-kich-thuoc.webp","datePublished":"2025-04-28T09:14:57+00:00","dateModified":"2025-04-28T09:15:55+00:00","description":"T\u1ea5m x\u1ed1p EPE nhi\u1ec1u k\u00edch th\u01b0\u1edbc Dong Rui Vi\u1ec7t Nam ch\u1ed1ng s\u1ed1c, c\u00e1ch nhi\u1ec7t, nh\u1eb9 b\u1ec1n, linh ho\u1ea1t, b\u1ea3o v\u1ec7 h\u00e0ng h\u00f3a hi\u1ec7u qu\u1ea3 trong \u0111\u00f3ng g\u00f3i, v\u1eadn chuy\u1ec3n v\u00e0 l\u01b0u kho.","breadcrumb":{"@id":"https:\/\/epe.vn\/manufacturer\/tam-xop-epe-nhieu-kich-thuoc\/#breadcrumb"},"inLanguage":"el","potentialAction":[{"@type":"ReadAction","target":["https:\/\/epe.vn\/manufacturer\/tam-xop-epe-nhieu-kich-thuoc\/"]}]},{"@type":"ImageObject","inLanguage":"el","@id":"https:\/\/epe.vn\/manufacturer\/tam-xop-epe-nhieu-kich-thuoc\/#primaryimage","url":"https:\/\/epe.vn\/wp-content\/uploads\/2025\/04\/tam-xop-EPE-nhieu-kich-thuoc.webp","contentUrl":"https:\/\/epe.vn\/wp-content\/uploads\/2025\/04\/tam-xop-EPE-nhieu-kich-thuoc.webp","width":800,"height":800,"caption":"ta\u0302\u0301m xo\u0302\u0301p EPE nhie\u0302\u0300u ki\u0301ch thu\u031bo\u031b\u0301c"},{"@type":"BreadcrumbList","@id":"https:\/\/epe.vn\/manufacturer\/tam-xop-epe-nhieu-kich-thuoc\/#breadcrumb","itemListElement":[{"@type":"ListItem","position":1,"name":"Home","item":"https:\/\/epe.vn\/"},{"@type":"ListItem","position":2,"name":"Shop","item":"https:\/\/epe.vn\/shop\/"},{"@type":"ListItem","position":3,"name":"T\u1ea5m x\u1ed1p EPE nhi\u1ec1u k\u00edch th\u01b0\u1edbc | Tu\u1ef3 ch\u1ec9nh theo y\u00eau c\u1ea7u"}]},{"@type":"WebSite","@id":"https:\/\/epe.vn\/#website","url":"https:\/\/epe.vn\/","name":"Nh\u00e0 s\u1ea3n xu\u1ea5t b\u1ecdt Polyethylene m\u1edf r\u1ed9ng","description":"Nh\u00e0 cung c\u1ea5p bao b\u00ec v\u1ec9 x\u1ed1p polyethylene m\u1edf r\u1ed9ng v\u00e0 t\u00fai PE","potentialAction":[{"@type":"SearchAction","target":{"@type":"EntryPoint","urlTemplate":"https:\/\/epe.vn\/?s={search_term_string}"},"query-input":{"@type":"PropertyValueSpecification","valueRequired":true,"valueName":"search_term_string"}}],"inLanguage":"el"}]}},"_links":{"self":[{"href":"https:\/\/epe.vn\/el\/wp-json\/wp\/v2\/product\/1988","targetHints":{"allow":["GET"]}}],"collection":[{"href":"https:\/\/epe.vn\/el\/wp-json\/wp\/v2\/product"}],"about":[{"href":"https:\/\/epe.vn\/el\/wp-json\/wp\/v2\/types\/product"}],"replies":[{"embeddable":true,"href":"https:\/\/epe.vn\/el\/wp-json\/wp\/v2\/comments?post=1988"}],"wp:featuredmedia":[{"embeddable":true,"href":"https:\/\/epe.vn\/el\/wp-json\/wp\/v2\/media\/1989"}],"wp:attachment":[{"href":"https:\/\/epe.vn\/el\/wp-json\/wp\/v2\/media?parent=1988"}],"wp:term":[{"taxonomy":"product_cat","embeddable":true,"href":"https:\/\/epe.vn\/el\/wp-json\/wp\/v2\/product_cat?post=1988"},{"taxonomy":"product_tag","embeddable":true,"href":"https:\/\/epe.vn\/el\/wp-json\/wp\/v2\/product_tag?post=1988"}],"curies":[{"name":"wp","href":"https:\/\/api.w.org\/{rel}","templated":true}]}}