{"id":2084,"date":"2025-04-29T15:50:51","date_gmt":"2025-04-29T08:50:51","guid":{"rendered":"https:\/\/epe.vn\/?post_type=product&#038;p=2084"},"modified":"2025-04-29T15:50:51","modified_gmt":"2025-04-29T08:50:51","slug":"cuon-xop-epe-boc-hang-hoa","status":"publish","type":"product","link":"https:\/\/epe.vn\/el\/manufacturer\/cuon-xop-epe-boc-hang-hoa\/","title":{"rendered":"Cu\u1ed9n x\u1ed1p EPE b\u1ecdc h\u00e0ng ho\u00e1 | B\u1ea3o v\u1ec7, ch\u1ed1ng tr\u1ea7y x\u01b0\u1edbc"},"content":{"rendered":"<h2><span style=\"font-weight: 400;\">Th\u00f4ng tin s\u1ea3n ph\u1ea9m:<\/span><\/h2>\n<table>\n<tbody>\n<tr>\n<td><b>Ti\u00eau ch\u00ed<\/b><\/td>\n<td><b>Th\u00f4ng tin chi ti\u1ebft<\/b><\/td>\n<\/tr>\n<tr>\n<td><b>\u038c\u03bd\u03bf\u03bc\u03b1 \u03c0\u03c1\u03bf\u03ca\u03cc\u03bd\u03c4\u03bf\u03c2<\/b><\/td>\n<td><span style=\"font-weight: 400;\">Cu\u1ed9n x\u1ed1p EPE b\u1ecdc h\u00e0ng h\u00f3a<\/span><\/td>\n<\/tr>\n<tr>\n<td><b>Th\u01b0\u01a1ng hi\u1ec7u<\/b><\/td>\n<td><span style=\"font-weight: 400;\">Dong Rui Vi\u1ec7t Nam<\/span><\/td>\n<\/tr>\n<tr>\n<td><b>\u03a5\u03bb\u03b9\u03ba\u03cc<\/b><\/td>\n<td><span style=\"font-weight: 400;\">EPE Foam (Expanded Polyethylene Foam)<\/span><\/td>\n<\/tr>\n<tr>\n<td><b>Ki\u1ec3u d\u00e1ng<\/b><\/td>\n<td><span style=\"font-weight: 400;\">Cu\u1ed9n tr\u00f2n, c\u00f3 th\u1ec3 c\u1eaft theo chi\u1ec1u d\u00e0i t\u00f9y \u00fd<\/span><\/td>\n<\/tr>\n<tr>\n<td><b>Xu\u1ea5t x\u1ee9<\/b><\/td>\n<td><span style=\"font-weight: 400;\">Trung Qu\u1ed1c<\/span><\/td>\n<\/tr>\n<tr>\n<td><b>\u039c\u03ad\u03b3\u03b5\u03b8\u03bf\u03c2<\/b><\/td>\n<td><span style=\"font-weight: 400;\">R\u1ed9ng 0.3m \u2013 1.5m; D\u00e0i 50m \u2013 200m (t\u00f9y theo \u0111\u1ed9 d\u00e0y)<\/span><\/td>\n<\/tr>\n<tr>\n<td><b>\u0110\u1ed9 d\u00e0y<\/b><\/td>\n<td><span style=\"font-weight: 400;\">0.5mm \u2013 5mm<\/span><\/td>\n<\/tr>\n<tr>\n<td><b>\u03a7\u03c1\u03ce\u03bc\u03b1<\/b><\/td>\n<td><span style=\"font-weight: 400;\">Tr\u1eafng (ph\u1ed5 bi\u1ebfn), h\u1ed3ng, \u0111en, xanh d\u01b0\u01a1ng,\u2026<\/span><\/td>\n<\/tr>\n<tr>\n<td><b>T\u00ednh n\u0103ng n\u1ed5i b\u1eadt<\/b><\/td>\n<td><span style=\"font-weight: 400;\">&#8211; Nh\u1eb9, \u0111\u00e0n h\u1ed3i cao<\/span><\/p>\n<p><span style=\"font-weight: 400;\">&#8211; C\u00e1ch nhi\u1ec7t, ch\u1ed1ng \u1ea9m<\/span><\/p>\n<p><span style=\"font-weight: 400;\">&#8211; Ch\u1ed1ng tr\u1ea7y, ch\u1ed1ng s\u1ed1c t\u1ed1t<\/span><\/td>\n<\/tr>\n<tr>\n<td><b>\u1ee8ng d\u1ee5ng ph\u1ed5 bi\u1ebfn<\/b><\/td>\n<td><span style=\"font-weight: 400;\">&#8211; B\u1ecdc h\u00e0ng h\u00f3a \u0111i\u1ec7n t\u1eed, g\u1ed1m s\u1ee9, n\u1ed9i th\u1ea5t, m\u1ef9 ph\u1ea9m, linh ki\u1ec7n,\u2026<\/span><\/p>\n<p><span style=\"font-weight: 400;\">&#8211; D\u00f9ng cho \u0111\u00f3ng g\u00f3i, v\u1eadn chuy\u1ec3n an to\u00e0n<\/span><\/td>\n<\/tr>\n<tr>\n<td><b>Ch\u1ee9ng nh\u1eadn ch\u1ea5t l\u01b0\u1ee3ng<\/b><\/td>\n<td><span style=\"font-weight: 400;\">ISO 9001, RoHS<\/span><\/td>\n<\/tr>\n<tr>\n<td><b>\u0110\u00f3ng g\u00f3i<\/b><\/td>\n<td><span style=\"font-weight: 400;\">\u0110\u00f3ng th\u00e0nh cu\u1ed9n, b\u1ecdc PE b\u00ean ngo\u00e0i, c\u00f3 th\u1ec3 \u00e9p kh\u1ed1i<\/span><\/td>\n<\/tr>\n<tr>\n<td><b>L\u1ee3i \u00edch s\u1eed d\u1ee5ng<\/b><\/td>\n<td><span style=\"font-weight: 400;\">&#8211; B\u1ea3o v\u1ec7 h\u00e0ng h\u00f3a hi\u1ec7u qu\u1ea3<\/span><\/p>\n<p><span style=\"font-weight: 400;\">&#8211; Ti\u1ebft ki\u1ec7m chi ph\u00ed \u0111\u00f3ng g\u00f3i<\/span><\/p>\n<p><span style=\"font-weight: 400;\">&#8211; D\u1ec5 thao t\u00e1c v\u00e0 b\u1ea3o qu\u1ea3n<\/span><\/td>\n<\/tr>\n<\/tbody>\n<\/table>\n<h2><span style=\"font-weight: 400;\">Ch\u1ee9c n\u0103ng c\u1ee7a cu\u1ed9n x\u1ed1p EPE b\u1ecdc h\u00e0ng ho\u00e1:<\/span><\/h2>\n<ul>\n<li style=\"font-weight: 400;\" aria-level=\"1\"><span style=\"font-weight: 400;\">B\u1ea3o v\u1ec7 h\u00e0ng h\u00f3a kh\u1ecfi tr\u1ea7y x\u01b0\u1edbc, va \u0111\u1eadp trong qu\u00e1 tr\u00ecnh \u0111\u00f3ng g\u00f3i, l\u01b0u kho v\u00e0 v\u1eadn chuy\u1ec3n.<\/span><\/li>\n<li style=\"font-weight: 400;\" aria-level=\"1\"><span style=\"font-weight: 400;\">D\u00f9ng \u0111\u1ec3 b\u1ecdc ngo\u00e0i s\u1ea3n ph\u1ea9m ho\u1eb7c l\u00f3t gi\u1eefa c\u00e1c l\u1edbp h\u00e0ng h\u00f3a \u0111\u1ec3 t\u0103ng \u0111\u1ed9 an to\u00e0n.<\/span><\/li>\n<\/ul>\n<h2><span style=\"font-weight: 400;\">\u01afu \u0111i\u1ec3m:<\/span><\/h2>\n<ul>\n<li style=\"font-weight: 400;\" aria-level=\"1\"><span style=\"font-weight: 400;\">Tr\u1ecdng l\u01b0\u1ee3ng nh\u1eb9, d\u1ec5 s\u1eed d\u1ee5ng v\u00e0 c\u1eaft theo nhu c\u1ea7u.<\/span><\/li>\n<li style=\"font-weight: 400;\" aria-level=\"1\"><span style=\"font-weight: 400;\">Kh\u00f4ng \u0111\u1ed9c h\u1ea1i, ch\u1ed1ng \u1ea9m, c\u00e1ch nhi\u1ec7t v\u00e0 th\u00e2n thi\u1ec7n m\u00f4i tr\u01b0\u1eddng.<\/span><\/li>\n<li style=\"font-weight: 400;\" aria-level=\"1\"><span style=\"font-weight: 400;\">C\u00f3 th\u1ec3 t\u00e1i s\u1eed d\u1ee5ng, ti\u1ebft ki\u1ec7m chi ph\u00ed l\u00e2u d\u00e0i.<\/span><\/li>\n<\/ul>","protected":false},"excerpt":{"rendered":"<p class=\"\" data-start=\"2759\" data-end=\"3136\"><strong data-start=\"2759\" data-end=\"2788\">Cu\u1ed9n x\u1ed1p EPE b\u1ecdc h\u00e0ng h\u00f3a<\/strong> l\u00e0 l\u1ef1a ch\u1ecdn l\u00fd t\u01b0\u1edfng cho nhu c\u1ea7u \u0111\u00f3ng g\u00f3i b\u1ea3o v\u1ec7 s\u1ea3n ph\u1ea9m trong qu\u00e1 tr\u00ecnh v\u1eadn chuy\u1ec3n v\u00e0 l\u01b0u tr\u1eef. Nh\u1edd \u0111\u1eb7c t\u00ednh \u0111\u00e0n h\u1ed3i t\u1ed1t, c\u00e1ch nhi\u1ec7t v\u00e0 ch\u1ed1ng s\u1ed1c hi\u1ec7u qu\u1ea3, s\u1ea3n ph\u1ea9m n\u00e0y gi\u00fap b\u1ea3o v\u1ec7 h\u00e0ng h\u00f3a kh\u1ecfi h\u01b0 h\u1ecfng, gi\u1eef nguy\u00ean ch\u1ea5t l\u01b0\u1ee3ng v\u00e0 h\u00ecnh d\u1ea1ng ban \u0111\u1ea7u. D\u1ec5 thao t\u00e1c, linh ho\u1ea1t k\u00edch th\u01b0\u1edbc v\u00e0 \u1ee9ng d\u1ee5ng trong nhi\u1ec1u l\u0129nh v\u1ef1c nh\u01b0 \u0111i\u1ec7n t\u1eed, n\u1ed9i th\u1ea5t, g\u1ed1m s\u1ee9,\u2026<\/p>","protected":false},"featured_media":2085,"comment_status":"open","ping_status":"closed","template":"","meta":[],"product_cat":[37],"product_tag":[],"class_list":{"0":"post-2084","1":"product","2":"type-product","3":"status-publish","4":"has-post-thumbnail","6":"product_cat-cuon-mut-xop","8":"first","9":"instock","10":"shipping-taxable","11":"product-type-simple"},"yoast_head":"<!-- This site is optimized with the Yoast SEO plugin v23.4 - https:\/\/yoast.com\/wordpress\/plugins\/seo\/ -->\n<title>Cu\u1ed9n x\u1ed1p EPE b\u1ecdc h\u00e0ng ho\u00e1 | B\u1ea3o v\u1ec7, ch\u1ed1ng tr\u1ea7y x\u01b0\u1edbc - Nh\u00e0 s\u1ea3n xu\u1ea5t b\u1ecdt Polyethylene m\u1edf r\u1ed9ng<\/title>\n<meta name=\"description\" content=\"Cu\u1ed9n x\u1ed1p EPE b\u1ecdc h\u00e0ng h\u00f3a gi\u00fap ch\u1ed1ng s\u1ed1c, ch\u1ed1ng tr\u1ea7y, nh\u1eb9, d\u1ec5 s\u1eed d\u1ee5ng. B\u1ea3o v\u1ec7 h\u00e0ng khi v\u1eadn chuy\u1ec3n, ph\u00f9 h\u1ee3p cho \u0111i\u1ec7n t\u1eed, g\u1ed1m s\u1ee9, n\u1ed9i th\u1ea5t,...\" \/>\n<meta name=\"robots\" content=\"index, follow, max-snippet:-1, max-image-preview:large, max-video-preview:-1\" \/>\n<link rel=\"canonical\" href=\"https:\/\/epe.vn\/el\/manufacturer\/cuon-xop-epe-boc-hang-hoa\/\" \/>\n<meta property=\"og:locale\" content=\"el_GR\" \/>\n<meta property=\"og:type\" content=\"article\" \/>\n<meta property=\"og:title\" content=\"Cu\u1ed9n x\u1ed1p EPE b\u1ecdc h\u00e0ng ho\u00e1 | B\u1ea3o v\u1ec7, ch\u1ed1ng tr\u1ea7y x\u01b0\u1edbc - Nh\u00e0 s\u1ea3n xu\u1ea5t b\u1ecdt Polyethylene m\u1edf r\u1ed9ng\" \/>\n<meta property=\"og:description\" content=\"Cu\u1ed9n x\u1ed1p EPE b\u1ecdc h\u00e0ng h\u00f3a gi\u00fap ch\u1ed1ng s\u1ed1c, ch\u1ed1ng tr\u1ea7y, nh\u1eb9, d\u1ec5 s\u1eed d\u1ee5ng. B\u1ea3o v\u1ec7 h\u00e0ng khi v\u1eadn chuy\u1ec3n, ph\u00f9 h\u1ee3p cho \u0111i\u1ec7n t\u1eed, g\u1ed1m s\u1ee9, n\u1ed9i th\u1ea5t,...\" \/>\n<meta property=\"og:url\" content=\"https:\/\/epe.vn\/el\/manufacturer\/cuon-xop-epe-boc-hang-hoa\/\" \/>\n<meta property=\"og:site_name\" content=\"Nh\u00e0 s\u1ea3n xu\u1ea5t b\u1ecdt Polyethylene m\u1edf r\u1ed9ng\" \/>\n<meta property=\"og:image\" content=\"https:\/\/epe.vn\/wp-content\/uploads\/2025\/04\/cuon-xop-EPE-boc-hang-hoa.webp\" \/>\n\t<meta property=\"og:image:width\" content=\"800\" \/>\n\t<meta property=\"og:image:height\" content=\"800\" \/>\n\t<meta property=\"og:image:type\" content=\"image\/webp\" \/>\n<meta name=\"twitter:card\" content=\"summary_large_image\" \/>\n<meta name=\"twitter:label1\" content=\"\u0395\u03ba\u03c4\u03b9\u03bc\u03ce\u03bc\u03b5\u03bd\u03bf\u03c2 \u03c7\u03c1\u03cc\u03bd\u03bf\u03c2 \u03b1\u03bd\u03ac\u03b3\u03bd\u03c9\u03c3\u03b7\u03c2\" \/>\n\t<meta name=\"twitter:data1\" content=\"2 \u03bb\u03b5\u03c0\u03c4\u03ac\" \/>\n<script type=\"application\/ld+json\" class=\"yoast-schema-graph\">{\"@context\":\"https:\/\/schema.org\",\"@graph\":[{\"@type\":\"WebPage\",\"@id\":\"https:\/\/epe.vn\/manufacturer\/cuon-xop-epe-boc-hang-hoa\/\",\"url\":\"https:\/\/epe.vn\/manufacturer\/cuon-xop-epe-boc-hang-hoa\/\",\"name\":\"Cu\u1ed9n x\u1ed1p EPE b\u1ecdc h\u00e0ng ho\u00e1 | B\u1ea3o v\u1ec7, ch\u1ed1ng tr\u1ea7y x\u01b0\u1edbc - Nh\u00e0 s\u1ea3n xu\u1ea5t b\u1ecdt Polyethylene m\u1edf r\u1ed9ng\",\"isPartOf\":{\"@id\":\"https:\/\/epe.vn\/#website\"},\"primaryImageOfPage\":{\"@id\":\"https:\/\/epe.vn\/manufacturer\/cuon-xop-epe-boc-hang-hoa\/#primaryimage\"},\"image\":{\"@id\":\"https:\/\/epe.vn\/manufacturer\/cuon-xop-epe-boc-hang-hoa\/#primaryimage\"},\"thumbnailUrl\":\"https:\/\/epe.vn\/wp-content\/uploads\/2025\/04\/cuon-xop-EPE-boc-hang-hoa.webp\",\"datePublished\":\"2025-04-29T08:50:51+00:00\",\"dateModified\":\"2025-04-29T08:50:51+00:00\",\"description\":\"Cu\u1ed9n x\u1ed1p EPE b\u1ecdc h\u00e0ng h\u00f3a gi\u00fap ch\u1ed1ng s\u1ed1c, ch\u1ed1ng tr\u1ea7y, nh\u1eb9, d\u1ec5 s\u1eed d\u1ee5ng. B\u1ea3o v\u1ec7 h\u00e0ng khi v\u1eadn chuy\u1ec3n, ph\u00f9 h\u1ee3p cho \u0111i\u1ec7n t\u1eed, g\u1ed1m s\u1ee9, n\u1ed9i th\u1ea5t,...\",\"breadcrumb\":{\"@id\":\"https:\/\/epe.vn\/manufacturer\/cuon-xop-epe-boc-hang-hoa\/#breadcrumb\"},\"inLanguage\":\"el\",\"potentialAction\":[{\"@type\":\"ReadAction\",\"target\":[\"https:\/\/epe.vn\/manufacturer\/cuon-xop-epe-boc-hang-hoa\/\"]}]},{\"@type\":\"ImageObject\",\"inLanguage\":\"el\",\"@id\":\"https:\/\/epe.vn\/manufacturer\/cuon-xop-epe-boc-hang-hoa\/#primaryimage\",\"url\":\"https:\/\/epe.vn\/wp-content\/uploads\/2025\/04\/cuon-xop-EPE-boc-hang-hoa.webp\",\"contentUrl\":\"https:\/\/epe.vn\/wp-content\/uploads\/2025\/04\/cuon-xop-EPE-boc-hang-hoa.webp\",\"width\":800,\"height\":800,\"caption\":\"cuo\u0323\u0302n xo\u0302\u0301p EPE bo\u0323c ha\u0300ng hoa\u0301\"},{\"@type\":\"BreadcrumbList\",\"@id\":\"https:\/\/epe.vn\/manufacturer\/cuon-xop-epe-boc-hang-hoa\/#breadcrumb\",\"itemListElement\":[{\"@type\":\"ListItem\",\"position\":1,\"name\":\"Home\",\"item\":\"https:\/\/epe.vn\/\"},{\"@type\":\"ListItem\",\"position\":2,\"name\":\"Shop\",\"item\":\"https:\/\/epe.vn\/shop\/\"},{\"@type\":\"ListItem\",\"position\":3,\"name\":\"Cu\u1ed9n x\u1ed1p EPE b\u1ecdc h\u00e0ng ho\u00e1 | B\u1ea3o v\u1ec7, ch\u1ed1ng tr\u1ea7y x\u01b0\u1edbc\"}]},{\"@type\":\"WebSite\",\"@id\":\"https:\/\/epe.vn\/#website\",\"url\":\"https:\/\/epe.vn\/\",\"name\":\"Nh\u00e0 s\u1ea3n xu\u1ea5t b\u1ecdt Polyethylene m\u1edf r\u1ed9ng\",\"description\":\"Nh\u00e0 cung c\u1ea5p bao b\u00ec v\u1ec9 x\u1ed1p polyethylene m\u1edf r\u1ed9ng v\u00e0 t\u00fai PE\",\"potentialAction\":[{\"@type\":\"SearchAction\",\"target\":{\"@type\":\"EntryPoint\",\"urlTemplate\":\"https:\/\/epe.vn\/?s={search_term_string}\"},\"query-input\":{\"@type\":\"PropertyValueSpecification\",\"valueRequired\":true,\"valueName\":\"search_term_string\"}}],\"inLanguage\":\"el\"}]}<\/script>\n<!-- \/ Yoast SEO plugin. -->","yoast_head_json":{"title":"Cu\u1ed9n x\u1ed1p EPE b\u1ecdc h\u00e0ng ho\u00e1 | B\u1ea3o v\u1ec7, ch\u1ed1ng tr\u1ea7y x\u01b0\u1edbc - Nh\u00e0 s\u1ea3n xu\u1ea5t b\u1ecdt Polyethylene m\u1edf r\u1ed9ng","description":"Cu\u1ed9n x\u1ed1p EPE b\u1ecdc h\u00e0ng h\u00f3a gi\u00fap ch\u1ed1ng s\u1ed1c, ch\u1ed1ng tr\u1ea7y, nh\u1eb9, d\u1ec5 s\u1eed d\u1ee5ng. B\u1ea3o v\u1ec7 h\u00e0ng khi v\u1eadn chuy\u1ec3n, ph\u00f9 h\u1ee3p cho \u0111i\u1ec7n t\u1eed, g\u1ed1m s\u1ee9, n\u1ed9i th\u1ea5t,...","robots":{"index":"index","follow":"follow","max-snippet":"max-snippet:-1","max-image-preview":"max-image-preview:large","max-video-preview":"max-video-preview:-1"},"canonical":"https:\/\/epe.vn\/el\/manufacturer\/cuon-xop-epe-boc-hang-hoa\/","og_locale":"el_GR","og_type":"article","og_title":"Cu\u1ed9n x\u1ed1p EPE b\u1ecdc h\u00e0ng ho\u00e1 | B\u1ea3o v\u1ec7, ch\u1ed1ng tr\u1ea7y x\u01b0\u1edbc - Nh\u00e0 s\u1ea3n xu\u1ea5t b\u1ecdt Polyethylene m\u1edf r\u1ed9ng","og_description":"Cu\u1ed9n x\u1ed1p EPE b\u1ecdc h\u00e0ng h\u00f3a gi\u00fap ch\u1ed1ng s\u1ed1c, ch\u1ed1ng tr\u1ea7y, nh\u1eb9, d\u1ec5 s\u1eed d\u1ee5ng. B\u1ea3o v\u1ec7 h\u00e0ng khi v\u1eadn chuy\u1ec3n, ph\u00f9 h\u1ee3p cho \u0111i\u1ec7n t\u1eed, g\u1ed1m s\u1ee9, n\u1ed9i th\u1ea5t,...","og_url":"https:\/\/epe.vn\/el\/manufacturer\/cuon-xop-epe-boc-hang-hoa\/","og_site_name":"Nh\u00e0 s\u1ea3n xu\u1ea5t b\u1ecdt Polyethylene m\u1edf r\u1ed9ng","og_image":[{"width":800,"height":800,"url":"https:\/\/epe.vn\/wp-content\/uploads\/2025\/04\/cuon-xop-EPE-boc-hang-hoa.webp","type":"image\/webp"}],"twitter_card":"summary_large_image","twitter_misc":{"\u0395\u03ba\u03c4\u03b9\u03bc\u03ce\u03bc\u03b5\u03bd\u03bf\u03c2 \u03c7\u03c1\u03cc\u03bd\u03bf\u03c2 \u03b1\u03bd\u03ac\u03b3\u03bd\u03c9\u03c3\u03b7\u03c2":"2 \u03bb\u03b5\u03c0\u03c4\u03ac"},"schema":{"@context":"https:\/\/schema.org","@graph":[{"@type":"WebPage","@id":"https:\/\/epe.vn\/manufacturer\/cuon-xop-epe-boc-hang-hoa\/","url":"https:\/\/epe.vn\/manufacturer\/cuon-xop-epe-boc-hang-hoa\/","name":"Cu\u1ed9n x\u1ed1p EPE b\u1ecdc h\u00e0ng ho\u00e1 | B\u1ea3o v\u1ec7, ch\u1ed1ng tr\u1ea7y x\u01b0\u1edbc - Nh\u00e0 s\u1ea3n xu\u1ea5t b\u1ecdt Polyethylene m\u1edf r\u1ed9ng","isPartOf":{"@id":"https:\/\/epe.vn\/#website"},"primaryImageOfPage":{"@id":"https:\/\/epe.vn\/manufacturer\/cuon-xop-epe-boc-hang-hoa\/#primaryimage"},"image":{"@id":"https:\/\/epe.vn\/manufacturer\/cuon-xop-epe-boc-hang-hoa\/#primaryimage"},"thumbnailUrl":"https:\/\/epe.vn\/wp-content\/uploads\/2025\/04\/cuon-xop-EPE-boc-hang-hoa.webp","datePublished":"2025-04-29T08:50:51+00:00","dateModified":"2025-04-29T08:50:51+00:00","description":"Cu\u1ed9n x\u1ed1p EPE b\u1ecdc h\u00e0ng h\u00f3a gi\u00fap ch\u1ed1ng s\u1ed1c, ch\u1ed1ng tr\u1ea7y, nh\u1eb9, d\u1ec5 s\u1eed d\u1ee5ng. B\u1ea3o v\u1ec7 h\u00e0ng khi v\u1eadn chuy\u1ec3n, ph\u00f9 h\u1ee3p cho \u0111i\u1ec7n t\u1eed, g\u1ed1m s\u1ee9, n\u1ed9i th\u1ea5t,...","breadcrumb":{"@id":"https:\/\/epe.vn\/manufacturer\/cuon-xop-epe-boc-hang-hoa\/#breadcrumb"},"inLanguage":"el","potentialAction":[{"@type":"ReadAction","target":["https:\/\/epe.vn\/manufacturer\/cuon-xop-epe-boc-hang-hoa\/"]}]},{"@type":"ImageObject","inLanguage":"el","@id":"https:\/\/epe.vn\/manufacturer\/cuon-xop-epe-boc-hang-hoa\/#primaryimage","url":"https:\/\/epe.vn\/wp-content\/uploads\/2025\/04\/cuon-xop-EPE-boc-hang-hoa.webp","contentUrl":"https:\/\/epe.vn\/wp-content\/uploads\/2025\/04\/cuon-xop-EPE-boc-hang-hoa.webp","width":800,"height":800,"caption":"cuo\u0323\u0302n xo\u0302\u0301p EPE bo\u0323c ha\u0300ng hoa\u0301"},{"@type":"BreadcrumbList","@id":"https:\/\/epe.vn\/manufacturer\/cuon-xop-epe-boc-hang-hoa\/#breadcrumb","itemListElement":[{"@type":"ListItem","position":1,"name":"Home","item":"https:\/\/epe.vn\/"},{"@type":"ListItem","position":2,"name":"Shop","item":"https:\/\/epe.vn\/shop\/"},{"@type":"ListItem","position":3,"name":"Cu\u1ed9n x\u1ed1p EPE b\u1ecdc h\u00e0ng ho\u00e1 | B\u1ea3o v\u1ec7, ch\u1ed1ng tr\u1ea7y x\u01b0\u1edbc"}]},{"@type":"WebSite","@id":"https:\/\/epe.vn\/#website","url":"https:\/\/epe.vn\/","name":"Nh\u00e0 s\u1ea3n xu\u1ea5t b\u1ecdt Polyethylene m\u1edf r\u1ed9ng","description":"Nh\u00e0 cung c\u1ea5p bao b\u00ec v\u1ec9 x\u1ed1p polyethylene m\u1edf r\u1ed9ng v\u00e0 t\u00fai PE","potentialAction":[{"@type":"SearchAction","target":{"@type":"EntryPoint","urlTemplate":"https:\/\/epe.vn\/?s={search_term_string}"},"query-input":{"@type":"PropertyValueSpecification","valueRequired":true,"valueName":"search_term_string"}}],"inLanguage":"el"}]}},"_links":{"self":[{"href":"https:\/\/epe.vn\/el\/wp-json\/wp\/v2\/product\/2084","targetHints":{"allow":["GET"]}}],"collection":[{"href":"https:\/\/epe.vn\/el\/wp-json\/wp\/v2\/product"}],"about":[{"href":"https:\/\/epe.vn\/el\/wp-json\/wp\/v2\/types\/product"}],"replies":[{"embeddable":true,"href":"https:\/\/epe.vn\/el\/wp-json\/wp\/v2\/comments?post=2084"}],"wp:featuredmedia":[{"embeddable":true,"href":"https:\/\/epe.vn\/el\/wp-json\/wp\/v2\/media\/2085"}],"wp:attachment":[{"href":"https:\/\/epe.vn\/el\/wp-json\/wp\/v2\/media?parent=2084"}],"wp:term":[{"taxonomy":"product_cat","embeddable":true,"href":"https:\/\/epe.vn\/el\/wp-json\/wp\/v2\/product_cat?post=2084"},{"taxonomy":"product_tag","embeddable":true,"href":"https:\/\/epe.vn\/el\/wp-json\/wp\/v2\/product_tag?post=2084"}],"curies":[{"name":"wp","href":"https:\/\/api.w.org\/{rel}","templated":true}]}}