{"id":1753,"date":"2025-02-13T08:24:46","date_gmt":"2025-02-13T01:24:46","guid":{"rendered":"https:\/\/epe.vn\/?post_type=product&#038;p=1753"},"modified":"2025-02-13T08:40:57","modified_gmt":"2025-02-13T01:40:57","slug":"cuon-mut-xop-pe-foam-nha-san-xuat-ban-buon-cuon-mut-xop","status":"publish","type":"product","link":"https:\/\/epe.vn\/en\/manufacturer\/cuon-mut-xop-pe-foam-nha-san-xuat-ban-buon-cuon-mut-xop\/","title":{"rendered":"Pe Foam Roll Manufacturer | Wholesale Foam Roll"},"content":{"rendered":"<h2>Technical Specifications<\/h2>\n<table border=\"0\" width=\"634\" cellspacing=\"0\" cellpadding=\"0\">\n<tbody>\n<tr>\n<td class=\"et2\" width=\"220\" height=\"19\"><strong>Product Name<\/strong><\/td>\n<td class=\"et2\" width=\"414\">Pe Foam Roll Manufacturer | Wholesale Foam Roll<\/td>\n<\/tr>\n<tr>\n<td class=\"et2\" height=\"19\"><strong>Size<\/strong><\/td>\n<td class=\"et2\">As per your request<\/td>\n<\/tr>\n<tr>\n<td class=\"et2\" height=\"19\"><strong>Color<\/strong><\/td>\n<td class=\"et2\">White<\/td>\n<\/tr>\n<tr>\n<td class=\"et2\" height=\"19\"><strong>Thickness<\/strong><\/td>\n<td class=\"et2\">0.5mm-20mm<\/td>\n<\/tr>\n<tr>\n<td class=\"et2\" height=\"19\"><strong>MOQ<\/strong><\/td>\n<td class=\"et2\">2 rolls<\/td>\n<\/tr>\n<tr>\n<td class=\"et2\" height=\"19\"><strong>Printing<\/strong><\/td>\n<td class=\"et2\">Print logo<\/td>\n<\/tr>\n<tr>\n<td class=\"et2\" height=\"19\"><strong>Features<\/strong><\/td>\n<td class=\"et2\">Shockproof, waterproof, environmentally friendly<\/td>\n<\/tr>\n<tr>\n<td class=\"et2\" height=\"19\"><strong>Certification<\/strong><\/td>\n<td class=\"et2\">CE, IOS9001, ROHS<\/td>\n<\/tr>\n<tr>\n<td class=\"et2\" height=\"19\"><strong>Use<\/strong><\/td>\n<td class=\"et2\">Package<\/td>\n<\/tr>\n<tr>\n<td class=\"et2\" height=\"19\"><strong>Type<\/strong><\/td>\n<td class=\"et2\">Protective film<\/td>\n<\/tr>\n<\/tbody>\n<\/table>","protected":false},"excerpt":{"rendered":"<p>Dongrui is a Vietnamese factory specializing in the production of foam rolls,<\/p>\n<ul>\n<li data-start=\"173\" data-end=\"254\"><strong data-start=\"175\" data-end=\"193\">High quality<\/strong>: PE foam rolls are made from durable and safe materials.<\/li>\n<li data-start=\"255\" data-end=\"328\"><strong data-start=\"257\" data-end=\"277\">Diverse applications<\/strong>: Suitable for packaging and protecting products.<\/li>\n<li data-start=\"329\" data-end=\"399\"><strong data-start=\"331\" data-end=\"351\">Wholesale good price<\/strong>: Supply large quantity with competitive price.<\/li>\n<li data-start=\"400\" data-end=\"477\" data-is-last-node=\"\"><strong data-start=\"402\" data-end=\"432\">Responding to market needs<\/strong>: Meet special requirements from customers.<\/li>\n<\/ul>","protected":false},"featured_media":1754,"comment_status":"open","ping_status":"closed","template":"","meta":[],"product_cat":[37],"product_tag":[],"class_list":{"0":"post-1753","1":"product","2":"type-product","3":"status-publish","4":"has-post-thumbnail","6":"product_cat-cuon-mut-xop","8":"first","9":"instock","10":"shipping-taxable","11":"product-type-simple"},"yoast_head":"<!-- This site is optimized with the Yoast SEO plugin v23.4 - https:\/\/yoast.com\/wordpress\/plugins\/seo\/ -->\n<title>Cu\u1ed9n M\u00fat X\u1ed1p Pe Foam Nh\u00e0 S\u1ea3n Xu\u1ea5t | B\u00e1n Bu\u00f4n Cu\u1ed9n M\u00fat X\u1ed1p - Nh\u00e0 s\u1ea3n xu\u1ea5t b\u1ecdt Polyethylene m\u1edf r\u1ed9ng<\/title>\n<meta name=\"description\" content=\"T\u00ecm mua cu\u1ed9n m\u00fat x\u1ed1p PE ch\u1ea5t l\u01b0\u1ee3ng cao t\u1eeb nh\u00e0 s\u1ea3n xu\u1ea5t uy t\u00edn. S\u1ea3n ph\u1ea9m cu\u1ed9n m\u00fat x\u1ed1p b\u1ec1n, nh\u1eb9, th\u00edch h\u1ee3p cho nhi\u1ec1u \u1ee9ng d\u1ee5ng \u0111\u00f3ng g\u00f3i v\u00e0 b\u1ea3o v\u1ec7.\" \/>\n<meta name=\"robots\" content=\"index, follow, max-snippet:-1, max-image-preview:large, max-video-preview:-1\" \/>\n<link rel=\"canonical\" href=\"https:\/\/epe.vn\/en\/manufacturer\/cuon-mut-xop-pe-foam-nha-san-xuat-ban-buon-cuon-mut-xop\/\" \/>\n<meta property=\"og:locale\" content=\"en_US\" \/>\n<meta property=\"og:type\" content=\"article\" \/>\n<meta property=\"og:title\" content=\"Cu\u1ed9n M\u00fat X\u1ed1p Pe Foam Nh\u00e0 S\u1ea3n Xu\u1ea5t | B\u00e1n Bu\u00f4n Cu\u1ed9n M\u00fat X\u1ed1p - Nh\u00e0 s\u1ea3n xu\u1ea5t b\u1ecdt Polyethylene m\u1edf r\u1ed9ng\" \/>\n<meta property=\"og:description\" content=\"T\u00ecm mua cu\u1ed9n m\u00fat x\u1ed1p PE ch\u1ea5t l\u01b0\u1ee3ng cao t\u1eeb nh\u00e0 s\u1ea3n xu\u1ea5t uy t\u00edn. S\u1ea3n ph\u1ea9m cu\u1ed9n m\u00fat x\u1ed1p b\u1ec1n, nh\u1eb9, th\u00edch h\u1ee3p cho nhi\u1ec1u \u1ee9ng d\u1ee5ng \u0111\u00f3ng g\u00f3i v\u00e0 b\u1ea3o v\u1ec7.\" \/>\n<meta property=\"og:url\" content=\"https:\/\/epe.vn\/en\/manufacturer\/cuon-mut-xop-pe-foam-nha-san-xuat-ban-buon-cuon-mut-xop\/\" \/>\n<meta property=\"og:site_name\" content=\"Nh\u00e0 s\u1ea3n xu\u1ea5t b\u1ecdt Polyethylene m\u1edf r\u1ed9ng\" \/>\n<meta property=\"article:modified_time\" content=\"2025-02-13T01:40:57+00:00\" \/>\n<meta property=\"og:image\" content=\"https:\/\/epe.vn\/wp-content\/uploads\/2025\/02\/Cuon-Mut-Xop-Pe-Foam-Nha-San-Xuat.webp\" \/>\n\t<meta property=\"og:image:width\" content=\"1000\" \/>\n\t<meta property=\"og:image:height\" content=\"1000\" \/>\n\t<meta property=\"og:image:type\" content=\"image\/webp\" \/>\n<meta name=\"twitter:card\" content=\"summary_large_image\" \/>\n<meta name=\"twitter:label1\" content=\"Est. reading time\" \/>\n\t<meta name=\"twitter:data1\" content=\"1 minute\" \/>\n<script type=\"application\/ld+json\" class=\"yoast-schema-graph\">{\"@context\":\"https:\/\/schema.org\",\"@graph\":[{\"@type\":\"WebPage\",\"@id\":\"https:\/\/epe.vn\/manufacturer\/cuon-mut-xop-pe-foam-nha-san-xuat-ban-buon-cuon-mut-xop\/\",\"url\":\"https:\/\/epe.vn\/manufacturer\/cuon-mut-xop-pe-foam-nha-san-xuat-ban-buon-cuon-mut-xop\/\",\"name\":\"Cu\u1ed9n M\u00fat X\u1ed1p Pe Foam Nh\u00e0 S\u1ea3n Xu\u1ea5t | B\u00e1n Bu\u00f4n Cu\u1ed9n M\u00fat X\u1ed1p - Nh\u00e0 s\u1ea3n xu\u1ea5t b\u1ecdt Polyethylene m\u1edf r\u1ed9ng\",\"isPartOf\":{\"@id\":\"https:\/\/epe.vn\/#website\"},\"primaryImageOfPage\":{\"@id\":\"https:\/\/epe.vn\/manufacturer\/cuon-mut-xop-pe-foam-nha-san-xuat-ban-buon-cuon-mut-xop\/#primaryimage\"},\"image\":{\"@id\":\"https:\/\/epe.vn\/manufacturer\/cuon-mut-xop-pe-foam-nha-san-xuat-ban-buon-cuon-mut-xop\/#primaryimage\"},\"thumbnailUrl\":\"https:\/\/epe.vn\/wp-content\/uploads\/2025\/02\/Cuon-Mut-Xop-Pe-Foam-Nha-San-Xuat.webp\",\"datePublished\":\"2025-02-13T01:24:46+00:00\",\"dateModified\":\"2025-02-13T01:40:57+00:00\",\"description\":\"T\u00ecm mua cu\u1ed9n m\u00fat x\u1ed1p PE ch\u1ea5t l\u01b0\u1ee3ng cao t\u1eeb nh\u00e0 s\u1ea3n xu\u1ea5t uy t\u00edn. S\u1ea3n ph\u1ea9m cu\u1ed9n m\u00fat x\u1ed1p b\u1ec1n, nh\u1eb9, th\u00edch h\u1ee3p cho nhi\u1ec1u \u1ee9ng d\u1ee5ng \u0111\u00f3ng g\u00f3i v\u00e0 b\u1ea3o v\u1ec7.\",\"breadcrumb\":{\"@id\":\"https:\/\/epe.vn\/manufacturer\/cuon-mut-xop-pe-foam-nha-san-xuat-ban-buon-cuon-mut-xop\/#breadcrumb\"},\"inLanguage\":\"en-US\",\"potentialAction\":[{\"@type\":\"ReadAction\",\"target\":[\"https:\/\/epe.vn\/manufacturer\/cuon-mut-xop-pe-foam-nha-san-xuat-ban-buon-cuon-mut-xop\/\"]}]},{\"@type\":\"ImageObject\",\"inLanguage\":\"en-US\",\"@id\":\"https:\/\/epe.vn\/manufacturer\/cuon-mut-xop-pe-foam-nha-san-xuat-ban-buon-cuon-mut-xop\/#primaryimage\",\"url\":\"https:\/\/epe.vn\/wp-content\/uploads\/2025\/02\/Cuon-Mut-Xop-Pe-Foam-Nha-San-Xuat.webp\",\"contentUrl\":\"https:\/\/epe.vn\/wp-content\/uploads\/2025\/02\/Cuon-Mut-Xop-Pe-Foam-Nha-San-Xuat.webp\",\"width\":1000,\"height\":1000,\"caption\":\"Cu\u1ed9n M\u00fat X\u1ed1p Pe Foam Nh\u00e0 S\u1ea3n Xu\u1ea5t\"},{\"@type\":\"BreadcrumbList\",\"@id\":\"https:\/\/epe.vn\/manufacturer\/cuon-mut-xop-pe-foam-nha-san-xuat-ban-buon-cuon-mut-xop\/#breadcrumb\",\"itemListElement\":[{\"@type\":\"ListItem\",\"position\":1,\"name\":\"Home\",\"item\":\"https:\/\/epe.vn\/\"},{\"@type\":\"ListItem\",\"position\":2,\"name\":\"Shop\",\"item\":\"https:\/\/epe.vn\/shop\/\"},{\"@type\":\"ListItem\",\"position\":3,\"name\":\"Cu\u1ed9n M\u00fat X\u1ed1p Pe Foam Nh\u00e0 S\u1ea3n Xu\u1ea5t | B\u00e1n Bu\u00f4n Cu\u1ed9n M\u00fat X\u1ed1p\"}]},{\"@type\":\"WebSite\",\"@id\":\"https:\/\/epe.vn\/#website\",\"url\":\"https:\/\/epe.vn\/\",\"name\":\"Nh\u00e0 s\u1ea3n xu\u1ea5t b\u1ecdt Polyethylene m\u1edf r\u1ed9ng\",\"description\":\"Nh\u00e0 cung c\u1ea5p bao b\u00ec v\u1ec9 x\u1ed1p polyethylene m\u1edf r\u1ed9ng v\u00e0 t\u00fai PE\",\"potentialAction\":[{\"@type\":\"SearchAction\",\"target\":{\"@type\":\"EntryPoint\",\"urlTemplate\":\"https:\/\/epe.vn\/?s={search_term_string}\"},\"query-input\":{\"@type\":\"PropertyValueSpecification\",\"valueRequired\":true,\"valueName\":\"search_term_string\"}}],\"inLanguage\":\"en-US\"}]}<\/script>\n<!-- \/ Yoast SEO plugin. -->","yoast_head_json":{"title":"Cu\u1ed9n M\u00fat X\u1ed1p Pe Foam Nh\u00e0 S\u1ea3n Xu\u1ea5t | B\u00e1n Bu\u00f4n Cu\u1ed9n M\u00fat X\u1ed1p - Nh\u00e0 s\u1ea3n xu\u1ea5t b\u1ecdt Polyethylene m\u1edf r\u1ed9ng","description":"T\u00ecm mua cu\u1ed9n m\u00fat x\u1ed1p PE ch\u1ea5t l\u01b0\u1ee3ng cao t\u1eeb nh\u00e0 s\u1ea3n xu\u1ea5t uy t\u00edn. S\u1ea3n ph\u1ea9m cu\u1ed9n m\u00fat x\u1ed1p b\u1ec1n, nh\u1eb9, th\u00edch h\u1ee3p cho nhi\u1ec1u \u1ee9ng d\u1ee5ng \u0111\u00f3ng g\u00f3i v\u00e0 b\u1ea3o v\u1ec7.","robots":{"index":"index","follow":"follow","max-snippet":"max-snippet:-1","max-image-preview":"max-image-preview:large","max-video-preview":"max-video-preview:-1"},"canonical":"https:\/\/epe.vn\/en\/manufacturer\/cuon-mut-xop-pe-foam-nha-san-xuat-ban-buon-cuon-mut-xop\/","og_locale":"en_US","og_type":"article","og_title":"Cu\u1ed9n M\u00fat X\u1ed1p Pe Foam Nh\u00e0 S\u1ea3n Xu\u1ea5t | B\u00e1n Bu\u00f4n Cu\u1ed9n M\u00fat X\u1ed1p - Nh\u00e0 s\u1ea3n xu\u1ea5t b\u1ecdt Polyethylene m\u1edf r\u1ed9ng","og_description":"T\u00ecm mua cu\u1ed9n m\u00fat x\u1ed1p PE ch\u1ea5t l\u01b0\u1ee3ng cao t\u1eeb nh\u00e0 s\u1ea3n xu\u1ea5t uy t\u00edn. S\u1ea3n ph\u1ea9m cu\u1ed9n m\u00fat x\u1ed1p b\u1ec1n, nh\u1eb9, th\u00edch h\u1ee3p cho nhi\u1ec1u \u1ee9ng d\u1ee5ng \u0111\u00f3ng g\u00f3i v\u00e0 b\u1ea3o v\u1ec7.","og_url":"https:\/\/epe.vn\/en\/manufacturer\/cuon-mut-xop-pe-foam-nha-san-xuat-ban-buon-cuon-mut-xop\/","og_site_name":"Nh\u00e0 s\u1ea3n xu\u1ea5t b\u1ecdt Polyethylene m\u1edf r\u1ed9ng","article_modified_time":"2025-02-13T01:40:57+00:00","og_image":[{"width":1000,"height":1000,"url":"https:\/\/epe.vn\/wp-content\/uploads\/2025\/02\/Cuon-Mut-Xop-Pe-Foam-Nha-San-Xuat.webp","type":"image\/webp"}],"twitter_card":"summary_large_image","twitter_misc":{"Est. reading time":"1 minute"},"schema":{"@context":"https:\/\/schema.org","@graph":[{"@type":"WebPage","@id":"https:\/\/epe.vn\/manufacturer\/cuon-mut-xop-pe-foam-nha-san-xuat-ban-buon-cuon-mut-xop\/","url":"https:\/\/epe.vn\/manufacturer\/cuon-mut-xop-pe-foam-nha-san-xuat-ban-buon-cuon-mut-xop\/","name":"Cu\u1ed9n M\u00fat X\u1ed1p Pe Foam Nh\u00e0 S\u1ea3n Xu\u1ea5t | B\u00e1n Bu\u00f4n Cu\u1ed9n M\u00fat X\u1ed1p - Nh\u00e0 s\u1ea3n xu\u1ea5t b\u1ecdt Polyethylene m\u1edf r\u1ed9ng","isPartOf":{"@id":"https:\/\/epe.vn\/#website"},"primaryImageOfPage":{"@id":"https:\/\/epe.vn\/manufacturer\/cuon-mut-xop-pe-foam-nha-san-xuat-ban-buon-cuon-mut-xop\/#primaryimage"},"image":{"@id":"https:\/\/epe.vn\/manufacturer\/cuon-mut-xop-pe-foam-nha-san-xuat-ban-buon-cuon-mut-xop\/#primaryimage"},"thumbnailUrl":"https:\/\/epe.vn\/wp-content\/uploads\/2025\/02\/Cuon-Mut-Xop-Pe-Foam-Nha-San-Xuat.webp","datePublished":"2025-02-13T01:24:46+00:00","dateModified":"2025-02-13T01:40:57+00:00","description":"T\u00ecm mua cu\u1ed9n m\u00fat x\u1ed1p PE ch\u1ea5t l\u01b0\u1ee3ng cao t\u1eeb nh\u00e0 s\u1ea3n xu\u1ea5t uy t\u00edn. S\u1ea3n ph\u1ea9m cu\u1ed9n m\u00fat x\u1ed1p b\u1ec1n, nh\u1eb9, th\u00edch h\u1ee3p cho nhi\u1ec1u \u1ee9ng d\u1ee5ng \u0111\u00f3ng g\u00f3i v\u00e0 b\u1ea3o v\u1ec7.","breadcrumb":{"@id":"https:\/\/epe.vn\/manufacturer\/cuon-mut-xop-pe-foam-nha-san-xuat-ban-buon-cuon-mut-xop\/#breadcrumb"},"inLanguage":"en-US","potentialAction":[{"@type":"ReadAction","target":["https:\/\/epe.vn\/manufacturer\/cuon-mut-xop-pe-foam-nha-san-xuat-ban-buon-cuon-mut-xop\/"]}]},{"@type":"ImageObject","inLanguage":"en-US","@id":"https:\/\/epe.vn\/manufacturer\/cuon-mut-xop-pe-foam-nha-san-xuat-ban-buon-cuon-mut-xop\/#primaryimage","url":"https:\/\/epe.vn\/wp-content\/uploads\/2025\/02\/Cuon-Mut-Xop-Pe-Foam-Nha-San-Xuat.webp","contentUrl":"https:\/\/epe.vn\/wp-content\/uploads\/2025\/02\/Cuon-Mut-Xop-Pe-Foam-Nha-San-Xuat.webp","width":1000,"height":1000,"caption":"Cu\u1ed9n M\u00fat X\u1ed1p Pe Foam Nh\u00e0 S\u1ea3n Xu\u1ea5t"},{"@type":"BreadcrumbList","@id":"https:\/\/epe.vn\/manufacturer\/cuon-mut-xop-pe-foam-nha-san-xuat-ban-buon-cuon-mut-xop\/#breadcrumb","itemListElement":[{"@type":"ListItem","position":1,"name":"Home","item":"https:\/\/epe.vn\/"},{"@type":"ListItem","position":2,"name":"Shop","item":"https:\/\/epe.vn\/shop\/"},{"@type":"ListItem","position":3,"name":"Cu\u1ed9n M\u00fat X\u1ed1p Pe Foam Nh\u00e0 S\u1ea3n Xu\u1ea5t | B\u00e1n Bu\u00f4n Cu\u1ed9n M\u00fat X\u1ed1p"}]},{"@type":"WebSite","@id":"https:\/\/epe.vn\/#website","url":"https:\/\/epe.vn\/","name":"Nh\u00e0 s\u1ea3n xu\u1ea5t b\u1ecdt Polyethylene m\u1edf r\u1ed9ng","description":"Nh\u00e0 cung c\u1ea5p bao b\u00ec v\u1ec9 x\u1ed1p polyethylene m\u1edf r\u1ed9ng v\u00e0 t\u00fai PE","potentialAction":[{"@type":"SearchAction","target":{"@type":"EntryPoint","urlTemplate":"https:\/\/epe.vn\/?s={search_term_string}"},"query-input":{"@type":"PropertyValueSpecification","valueRequired":true,"valueName":"search_term_string"}}],"inLanguage":"en-US"}]}},"_links":{"self":[{"href":"https:\/\/epe.vn\/en\/wp-json\/wp\/v2\/product\/1753","targetHints":{"allow":["GET"]}}],"collection":[{"href":"https:\/\/epe.vn\/en\/wp-json\/wp\/v2\/product"}],"about":[{"href":"https:\/\/epe.vn\/en\/wp-json\/wp\/v2\/types\/product"}],"replies":[{"embeddable":true,"href":"https:\/\/epe.vn\/en\/wp-json\/wp\/v2\/comments?post=1753"}],"wp:featuredmedia":[{"embeddable":true,"href":"https:\/\/epe.vn\/en\/wp-json\/wp\/v2\/media\/1754"}],"wp:attachment":[{"href":"https:\/\/epe.vn\/en\/wp-json\/wp\/v2\/media?parent=1753"}],"wp:term":[{"taxonomy":"product_cat","embeddable":true,"href":"https:\/\/epe.vn\/en\/wp-json\/wp\/v2\/product_cat?post=1753"},{"taxonomy":"product_tag","embeddable":true,"href":"https:\/\/epe.vn\/en\/wp-json\/wp\/v2\/product_tag?post=1753"}],"curies":[{"name":"wp","href":"https:\/\/api.w.org\/{rel}","templated":true}]}}