{"id":1773,"date":"2025-02-13T14:33:22","date_gmt":"2025-02-13T07:33:22","guid":{"rendered":"https:\/\/epe.vn\/?post_type=product&#038;p=1773"},"modified":"2025-02-13T14:50:52","modified_gmt":"2025-02-13T07:50:52","slug":"do-ni-dong-giay-tam-mut-xop-day-10cm-gia-tam-mop-xop","status":"publish","type":"product","link":"https:\/\/epe.vn\/en\/manufacturer\/do-ni-dong-giay-tam-mut-xop-day-10cm-gia-tam-mop-xop\/","title":{"rendered":"Custom Made 10cm Foam Board | Foam Board Price"},"content":{"rendered":"<h2>Product Description<\/h2>\n<table style=\"border-collapse: collapse; width: 499.52pt;\" border=\"0\" width=\"666\" cellspacing=\"0\" cellpadding=\"0\">\n<tbody>\n<tr style=\"height: 15.00pt;\">\n<td class=\"et3\" style=\"height: 15.00pt; width: 174.75pt;\" width=\"233\" height=\"20\"><strong>Product Name<\/strong><\/td>\n<td class=\"et3\" style=\"width: 324.75pt;\" width=\"433\">Custom Made 10cm Foam Board | Foam Board Price<\/td>\n<\/tr>\n<tr style=\"height: 15.00pt;\">\n<td class=\"et3\" style=\"height: 15.00pt;\" height=\"20\"><strong>Color<\/strong><\/td>\n<td class=\"et3\">White, black, pink, etc.<\/td>\n<\/tr>\n<tr style=\"height: 15.00pt;\">\n<td class=\"et3\" style=\"height: 15.00pt;\" height=\"20\"><strong>Material<\/strong><\/td>\n<td class=\"et3\">EPE foam<\/td>\n<\/tr>\n<tr style=\"height: 15.00pt;\">\n<td class=\"et3\" style=\"height: 15.00pt;\" height=\"20\"><strong>Features<\/strong><\/td>\n<td class=\"et3\">Soft, reusable, waterproof, UV resistant, etc.<\/td>\n<\/tr>\n<tr style=\"height: 15.00pt;\">\n<td class=\"et3\" style=\"height: 15.00pt;\" height=\"20\"><strong>Size<\/strong><\/td>\n<td class=\"et3\">Any size, custom<\/td>\n<\/tr>\n<tr style=\"height: 15.00pt;\">\n<td class=\"et3\" style=\"height: 15.00pt;\" height=\"20\"><strong>MOQ<\/strong><\/td>\n<td class=\"et3\">1 cubic meter<\/td>\n<\/tr>\n<tr style=\"height: 15.00pt;\">\n<td class=\"et3\" style=\"height: 15.00pt;\" height=\"20\"><strong>Print logo<\/strong><\/td>\n<td class=\"et3\">Available<\/td>\n<\/tr>\n<tr style=\"height: 15.00pt;\">\n<td class=\"et3\" style=\"height: 15.00pt;\" height=\"20\"><strong>Use<\/strong><\/td>\n<td class=\"et3\">Factory, etc.<\/td>\n<\/tr>\n<tr style=\"height: 15.00pt;\">\n<td class=\"et3\" style=\"height: 15.00pt;\" height=\"20\"><strong>Pay<\/strong><\/td>\n<td class=\"et3\">TT, LC, etc.<\/td>\n<\/tr>\n<tr style=\"height: 15.00pt;\">\n<td class=\"et3\" style=\"height: 15.00pt;\" height=\"20\"><strong>Certificate<\/strong><\/td>\n<td class=\"et3\">CE, ISO<\/td>\n<\/tr>\n<tr style=\"height: 15.00pt;\">\n<td class=\"et3\" style=\"height: 15.00pt;\" height=\"20\"><strong>Sample<\/strong><\/td>\n<td class=\"et3\">Free Sample<\/td>\n<\/tr>\n<tr style=\"height: 15.00pt;\">\n<td class=\"et3\" style=\"height: 15.00pt;\" height=\"20\"><strong>OEM\/ODM<\/strong><\/td>\n<td class=\"et3\">Available<\/td>\n<\/tr>\n<tr style=\"height: 15.00pt;\">\n<td class=\"et3\" style=\"height: 15.00pt;\" height=\"20\"><strong>Note<\/strong><\/td>\n<td class=\"et3\">EPE foam packaging<\/td>\n<\/tr>\n<\/tbody>\n<\/table>","protected":false},"excerpt":{"rendered":"<p>Foam processing on request,<\/p>\n<ul>\n<li data-sourcepos=\"5:1-5:131\"><strong>High quality 10cm thick foam sheet:<\/strong> 10cm thick foam, high durability, good elasticity, impact resistance, effective sound insulation and heat insulation.<\/li>\n<li data-sourcepos=\"6:1-6:136\"><strong>Tailor-made:<\/strong> Receive processing of cutting, sawing, shaping foam panels according to required size and shape, meeting all usage needs.<\/li>\n<li data-sourcepos=\"7:1-7:102\"><strong>Competitive price:<\/strong> Best price quote for 10cm thick foam sheet and custom shoe making service.<\/li>\n<li data-sourcepos=\"8:1-8:154\"><strong>Flexible application:<\/strong> Suitable for many fields such as construction (flooring, wall soundproofing), (product protection), industry (anti-vibration, shock absorption),...<\/li>\n<li data-sourcepos=\"9:1-9:132\"><strong>Professional advice:<\/strong> Experienced consulting team, supporting customers in choosing the best foam type and processing solution.<\/li>\n<li data-sourcepos=\"10:1-11:0\"><strong>Fast delivery:<\/strong> Guaranteed delivery time, on-site service.<\/li>\n<\/ul>","protected":false},"featured_media":1774,"comment_status":"open","ping_status":"closed","template":"","meta":[],"product_cat":[36],"product_tag":[],"class_list":{"0":"post-1773","1":"product","2":"type-product","3":"status-publish","4":"has-post-thumbnail","6":"product_cat-tam-mut-xop","8":"first","9":"instock","10":"shipping-taxable","11":"product-type-simple"},"yoast_head":"<!-- This site is optimized with the Yoast SEO plugin v23.4 - https:\/\/yoast.com\/wordpress\/plugins\/seo\/ -->\n<title>\u0110o Ni \u0110\u00f3ng Gi\u00e0y T\u1ea5m M\u00fat X\u1ed1p \u0110\u00e0y 10cm | Gi\u00e1 T\u1ea5m M\u1ed1p X\u1ed1p - Nh\u00e0 s\u1ea3n xu\u1ea5t b\u1ecdt Polyethylene m\u1edf r\u1ed9ng<\/title>\n<meta name=\"description\" content=\"\u0110o ni \u0111\u00f3ng gi\u00e0y t\u1ea5m m\u00fat x\u1ed1p d\u00e0y 10cm theo y\u00eau c\u1ea7u. Gi\u00e1 t\u1ed1t nh\u1ea5t. Li\u00ean h\u1ec7 ngay!\" \/>\n<meta name=\"robots\" content=\"index, follow, max-snippet:-1, max-image-preview:large, max-video-preview:-1\" \/>\n<link rel=\"canonical\" href=\"https:\/\/epe.vn\/en\/manufacturer\/do-ni-dong-giay-tam-mut-xop-day-10cm-gia-tam-mop-xop\/\" \/>\n<meta property=\"og:locale\" content=\"en_US\" \/>\n<meta property=\"og:type\" content=\"article\" \/>\n<meta property=\"og:title\" content=\"\u0110o Ni \u0110\u00f3ng Gi\u00e0y T\u1ea5m M\u00fat X\u1ed1p \u0110\u00e0y 10cm | Gi\u00e1 T\u1ea5m M\u1ed1p X\u1ed1p - Nh\u00e0 s\u1ea3n xu\u1ea5t b\u1ecdt Polyethylene m\u1edf r\u1ed9ng\" \/>\n<meta property=\"og:description\" content=\"\u0110o ni \u0111\u00f3ng gi\u00e0y t\u1ea5m m\u00fat x\u1ed1p d\u00e0y 10cm theo y\u00eau c\u1ea7u. Gi\u00e1 t\u1ed1t nh\u1ea5t. Li\u00ean h\u1ec7 ngay!\" \/>\n<meta property=\"og:url\" content=\"https:\/\/epe.vn\/en\/manufacturer\/do-ni-dong-giay-tam-mut-xop-day-10cm-gia-tam-mop-xop\/\" \/>\n<meta property=\"og:site_name\" content=\"Nh\u00e0 s\u1ea3n xu\u1ea5t b\u1ecdt Polyethylene m\u1edf r\u1ed9ng\" \/>\n<meta property=\"article:modified_time\" content=\"2025-02-13T07:50:52+00:00\" \/>\n<meta property=\"og:image\" content=\"https:\/\/epe.vn\/wp-content\/uploads\/2025\/02\/tam-mut-xop-day-10cm.jpg\" \/>\n\t<meta property=\"og:image:width\" content=\"1000\" \/>\n\t<meta property=\"og:image:height\" content=\"1000\" \/>\n\t<meta property=\"og:image:type\" content=\"image\/jpeg\" \/>\n<meta name=\"twitter:card\" content=\"summary_large_image\" \/>\n<meta name=\"twitter:label1\" content=\"Est. reading time\" \/>\n\t<meta name=\"twitter:data1\" content=\"1 minute\" \/>\n<script type=\"application\/ld+json\" class=\"yoast-schema-graph\">{\"@context\":\"https:\/\/schema.org\",\"@graph\":[{\"@type\":\"WebPage\",\"@id\":\"https:\/\/epe.vn\/manufacturer\/do-ni-dong-giay-tam-mut-xop-day-10cm-gia-tam-mop-xop\/\",\"url\":\"https:\/\/epe.vn\/manufacturer\/do-ni-dong-giay-tam-mut-xop-day-10cm-gia-tam-mop-xop\/\",\"name\":\"\u0110o Ni \u0110\u00f3ng Gi\u00e0y T\u1ea5m M\u00fat X\u1ed1p \u0110\u00e0y 10cm | Gi\u00e1 T\u1ea5m M\u1ed1p X\u1ed1p - Nh\u00e0 s\u1ea3n xu\u1ea5t b\u1ecdt Polyethylene m\u1edf r\u1ed9ng\",\"isPartOf\":{\"@id\":\"https:\/\/epe.vn\/#website\"},\"primaryImageOfPage\":{\"@id\":\"https:\/\/epe.vn\/manufacturer\/do-ni-dong-giay-tam-mut-xop-day-10cm-gia-tam-mop-xop\/#primaryimage\"},\"image\":{\"@id\":\"https:\/\/epe.vn\/manufacturer\/do-ni-dong-giay-tam-mut-xop-day-10cm-gia-tam-mop-xop\/#primaryimage\"},\"thumbnailUrl\":\"https:\/\/epe.vn\/wp-content\/uploads\/2025\/02\/tam-mut-xop-day-10cm.jpg\",\"datePublished\":\"2025-02-13T07:33:22+00:00\",\"dateModified\":\"2025-02-13T07:50:52+00:00\",\"description\":\"\u0110o ni \u0111\u00f3ng gi\u00e0y t\u1ea5m m\u00fat x\u1ed1p d\u00e0y 10cm theo y\u00eau c\u1ea7u. Gi\u00e1 t\u1ed1t nh\u1ea5t. Li\u00ean h\u1ec7 ngay!\",\"breadcrumb\":{\"@id\":\"https:\/\/epe.vn\/manufacturer\/do-ni-dong-giay-tam-mut-xop-day-10cm-gia-tam-mop-xop\/#breadcrumb\"},\"inLanguage\":\"en-US\",\"potentialAction\":[{\"@type\":\"ReadAction\",\"target\":[\"https:\/\/epe.vn\/manufacturer\/do-ni-dong-giay-tam-mut-xop-day-10cm-gia-tam-mop-xop\/\"]}]},{\"@type\":\"ImageObject\",\"inLanguage\":\"en-US\",\"@id\":\"https:\/\/epe.vn\/manufacturer\/do-ni-dong-giay-tam-mut-xop-day-10cm-gia-tam-mop-xop\/#primaryimage\",\"url\":\"https:\/\/epe.vn\/wp-content\/uploads\/2025\/02\/tam-mut-xop-day-10cm.jpg\",\"contentUrl\":\"https:\/\/epe.vn\/wp-content\/uploads\/2025\/02\/tam-mut-xop-day-10cm.jpg\",\"width\":1000,\"height\":1000,\"caption\":\"t\u1ea5m m\u00fat x\u1ed1p d\u00e0y 10cm\"},{\"@type\":\"BreadcrumbList\",\"@id\":\"https:\/\/epe.vn\/manufacturer\/do-ni-dong-giay-tam-mut-xop-day-10cm-gia-tam-mop-xop\/#breadcrumb\",\"itemListElement\":[{\"@type\":\"ListItem\",\"position\":1,\"name\":\"Home\",\"item\":\"https:\/\/epe.vn\/\"},{\"@type\":\"ListItem\",\"position\":2,\"name\":\"Shop\",\"item\":\"https:\/\/epe.vn\/shop\/\"},{\"@type\":\"ListItem\",\"position\":3,\"name\":\"\u0110o Ni \u0110\u00f3ng Gi\u00e0y T\u1ea5m M\u00fat X\u1ed1p \u0110\u00e0y 10cm | Gi\u00e1 T\u1ea5m M\u1ed1p X\u1ed1p\"}]},{\"@type\":\"WebSite\",\"@id\":\"https:\/\/epe.vn\/#website\",\"url\":\"https:\/\/epe.vn\/\",\"name\":\"Nh\u00e0 s\u1ea3n xu\u1ea5t b\u1ecdt Polyethylene m\u1edf r\u1ed9ng\",\"description\":\"Nh\u00e0 cung c\u1ea5p bao b\u00ec v\u1ec9 x\u1ed1p polyethylene m\u1edf r\u1ed9ng v\u00e0 t\u00fai PE\",\"potentialAction\":[{\"@type\":\"SearchAction\",\"target\":{\"@type\":\"EntryPoint\",\"urlTemplate\":\"https:\/\/epe.vn\/?s={search_term_string}\"},\"query-input\":{\"@type\":\"PropertyValueSpecification\",\"valueRequired\":true,\"valueName\":\"search_term_string\"}}],\"inLanguage\":\"en-US\"}]}<\/script>\n<!-- \/ Yoast SEO plugin. -->","yoast_head_json":{"title":"\u0110o Ni \u0110\u00f3ng Gi\u00e0y T\u1ea5m M\u00fat X\u1ed1p \u0110\u00e0y 10cm | Gi\u00e1 T\u1ea5m M\u1ed1p X\u1ed1p - Nh\u00e0 s\u1ea3n xu\u1ea5t b\u1ecdt Polyethylene m\u1edf r\u1ed9ng","description":"\u0110o ni \u0111\u00f3ng gi\u00e0y t\u1ea5m m\u00fat x\u1ed1p d\u00e0y 10cm theo y\u00eau c\u1ea7u. Gi\u00e1 t\u1ed1t nh\u1ea5t. Li\u00ean h\u1ec7 ngay!","robots":{"index":"index","follow":"follow","max-snippet":"max-snippet:-1","max-image-preview":"max-image-preview:large","max-video-preview":"max-video-preview:-1"},"canonical":"https:\/\/epe.vn\/en\/manufacturer\/do-ni-dong-giay-tam-mut-xop-day-10cm-gia-tam-mop-xop\/","og_locale":"en_US","og_type":"article","og_title":"\u0110o Ni \u0110\u00f3ng Gi\u00e0y T\u1ea5m M\u00fat X\u1ed1p \u0110\u00e0y 10cm | Gi\u00e1 T\u1ea5m M\u1ed1p X\u1ed1p - Nh\u00e0 s\u1ea3n xu\u1ea5t b\u1ecdt Polyethylene m\u1edf r\u1ed9ng","og_description":"\u0110o ni \u0111\u00f3ng gi\u00e0y t\u1ea5m m\u00fat x\u1ed1p d\u00e0y 10cm theo y\u00eau c\u1ea7u. Gi\u00e1 t\u1ed1t nh\u1ea5t. Li\u00ean h\u1ec7 ngay!","og_url":"https:\/\/epe.vn\/en\/manufacturer\/do-ni-dong-giay-tam-mut-xop-day-10cm-gia-tam-mop-xop\/","og_site_name":"Nh\u00e0 s\u1ea3n xu\u1ea5t b\u1ecdt Polyethylene m\u1edf r\u1ed9ng","article_modified_time":"2025-02-13T07:50:52+00:00","og_image":[{"width":1000,"height":1000,"url":"https:\/\/epe.vn\/wp-content\/uploads\/2025\/02\/tam-mut-xop-day-10cm.jpg","type":"image\/jpeg"}],"twitter_card":"summary_large_image","twitter_misc":{"Est. reading time":"1 minute"},"schema":{"@context":"https:\/\/schema.org","@graph":[{"@type":"WebPage","@id":"https:\/\/epe.vn\/manufacturer\/do-ni-dong-giay-tam-mut-xop-day-10cm-gia-tam-mop-xop\/","url":"https:\/\/epe.vn\/manufacturer\/do-ni-dong-giay-tam-mut-xop-day-10cm-gia-tam-mop-xop\/","name":"\u0110o Ni \u0110\u00f3ng Gi\u00e0y T\u1ea5m M\u00fat X\u1ed1p \u0110\u00e0y 10cm | Gi\u00e1 T\u1ea5m M\u1ed1p X\u1ed1p - Nh\u00e0 s\u1ea3n xu\u1ea5t b\u1ecdt Polyethylene m\u1edf r\u1ed9ng","isPartOf":{"@id":"https:\/\/epe.vn\/#website"},"primaryImageOfPage":{"@id":"https:\/\/epe.vn\/manufacturer\/do-ni-dong-giay-tam-mut-xop-day-10cm-gia-tam-mop-xop\/#primaryimage"},"image":{"@id":"https:\/\/epe.vn\/manufacturer\/do-ni-dong-giay-tam-mut-xop-day-10cm-gia-tam-mop-xop\/#primaryimage"},"thumbnailUrl":"https:\/\/epe.vn\/wp-content\/uploads\/2025\/02\/tam-mut-xop-day-10cm.jpg","datePublished":"2025-02-13T07:33:22+00:00","dateModified":"2025-02-13T07:50:52+00:00","description":"\u0110o ni \u0111\u00f3ng gi\u00e0y t\u1ea5m m\u00fat x\u1ed1p d\u00e0y 10cm theo y\u00eau c\u1ea7u. Gi\u00e1 t\u1ed1t nh\u1ea5t. Li\u00ean h\u1ec7 ngay!","breadcrumb":{"@id":"https:\/\/epe.vn\/manufacturer\/do-ni-dong-giay-tam-mut-xop-day-10cm-gia-tam-mop-xop\/#breadcrumb"},"inLanguage":"en-US","potentialAction":[{"@type":"ReadAction","target":["https:\/\/epe.vn\/manufacturer\/do-ni-dong-giay-tam-mut-xop-day-10cm-gia-tam-mop-xop\/"]}]},{"@type":"ImageObject","inLanguage":"en-US","@id":"https:\/\/epe.vn\/manufacturer\/do-ni-dong-giay-tam-mut-xop-day-10cm-gia-tam-mop-xop\/#primaryimage","url":"https:\/\/epe.vn\/wp-content\/uploads\/2025\/02\/tam-mut-xop-day-10cm.jpg","contentUrl":"https:\/\/epe.vn\/wp-content\/uploads\/2025\/02\/tam-mut-xop-day-10cm.jpg","width":1000,"height":1000,"caption":"t\u1ea5m m\u00fat x\u1ed1p d\u00e0y 10cm"},{"@type":"BreadcrumbList","@id":"https:\/\/epe.vn\/manufacturer\/do-ni-dong-giay-tam-mut-xop-day-10cm-gia-tam-mop-xop\/#breadcrumb","itemListElement":[{"@type":"ListItem","position":1,"name":"Home","item":"https:\/\/epe.vn\/"},{"@type":"ListItem","position":2,"name":"Shop","item":"https:\/\/epe.vn\/shop\/"},{"@type":"ListItem","position":3,"name":"\u0110o Ni \u0110\u00f3ng Gi\u00e0y T\u1ea5m M\u00fat X\u1ed1p \u0110\u00e0y 10cm | Gi\u00e1 T\u1ea5m M\u1ed1p X\u1ed1p"}]},{"@type":"WebSite","@id":"https:\/\/epe.vn\/#website","url":"https:\/\/epe.vn\/","name":"Nh\u00e0 s\u1ea3n xu\u1ea5t b\u1ecdt Polyethylene m\u1edf r\u1ed9ng","description":"Nh\u00e0 cung c\u1ea5p bao b\u00ec v\u1ec9 x\u1ed1p polyethylene m\u1edf r\u1ed9ng v\u00e0 t\u00fai PE","potentialAction":[{"@type":"SearchAction","target":{"@type":"EntryPoint","urlTemplate":"https:\/\/epe.vn\/?s={search_term_string}"},"query-input":{"@type":"PropertyValueSpecification","valueRequired":true,"valueName":"search_term_string"}}],"inLanguage":"en-US"}]}},"_links":{"self":[{"href":"https:\/\/epe.vn\/en\/wp-json\/wp\/v2\/product\/1773","targetHints":{"allow":["GET"]}}],"collection":[{"href":"https:\/\/epe.vn\/en\/wp-json\/wp\/v2\/product"}],"about":[{"href":"https:\/\/epe.vn\/en\/wp-json\/wp\/v2\/types\/product"}],"replies":[{"embeddable":true,"href":"https:\/\/epe.vn\/en\/wp-json\/wp\/v2\/comments?post=1773"}],"wp:featuredmedia":[{"embeddable":true,"href":"https:\/\/epe.vn\/en\/wp-json\/wp\/v2\/media\/1774"}],"wp:attachment":[{"href":"https:\/\/epe.vn\/en\/wp-json\/wp\/v2\/media?parent=1773"}],"wp:term":[{"taxonomy":"product_cat","embeddable":true,"href":"https:\/\/epe.vn\/en\/wp-json\/wp\/v2\/product_cat?post=1773"},{"taxonomy":"product_tag","embeddable":true,"href":"https:\/\/epe.vn\/en\/wp-json\/wp\/v2\/product_tag?post=1773"}],"curies":[{"name":"wp","href":"https:\/\/api.w.org\/{rel}","templated":true}]}}