{"id":1908,"date":"2025-04-25T16:24:40","date_gmt":"2025-04-25T09:24:40","guid":{"rendered":"https:\/\/epe.vn\/?post_type=product&#038;p=1908"},"modified":"2025-04-25T16:24:40","modified_gmt":"2025-04-25T09:24:40","slug":"tui-xop-epe-chong-soc","status":"publish","type":"product","link":"https:\/\/epe.vn\/en\/manufacturer\/tui-xop-epe-chong-soc\/","title":{"rendered":"T\u00fai x\u1ed1p EPE ch\u1ed1ng s\u1ed1c | B\u1ea3o v\u1ec7 b\u1ec1 m\u1eb7t s\u1ea3n ph\u1ea9m"},"content":{"rendered":"<h2><span style=\"font-weight: 400;\">Th\u00f4ng tin s\u1ea3n ph\u1ea9m:<\/span><\/h2>\n<table>\n<tbody>\n<tr>\n<td style=\"text-align: center;\"><b>Th\u00f4ng tin<\/b><\/td>\n<td>\n<p style=\"text-align: center;\"><b>Chi ti\u1ebft<\/b><\/p>\n<\/td>\n<\/tr>\n<tr>\n<td><b>Product Name<\/b><\/td>\n<td><span style=\"font-weight: 400;\">T\u00fai x\u1ed1p EPE Foam ch\u1ed1ng s\u1ed1c<\/span><\/td>\n<\/tr>\n<tr>\n<td><b>Th\u01b0\u01a1ng hi\u1ec7u<\/b><\/td>\n<td><span style=\"font-weight: 400;\">Dong Rui Vi\u1ec7t Nam<\/span><\/td>\n<\/tr>\n<tr>\n<td><b>Material<\/b><\/td>\n<td><span style=\"font-weight: 400;\">EPE (Expanded Polyethylene Foam)<\/span><\/td>\n<\/tr>\n<tr>\n<td><b>Ki\u1ec3u d\u00e1ng<\/b><\/td>\n<td><span style=\"font-weight: 400;\">T\u00fai \u0111\u1ecbnh h\u00ecnh, c\u00f3 th\u1ec3 h\u00e0n m\u00e9p ho\u1eb7c c\u1eaft theo k\u00edch th\u01b0\u1edbc<\/span><\/td>\n<\/tr>\n<tr>\n<td><b>Xu\u1ea5t x\u1ee9<\/b><\/td>\n<td><span style=\"font-weight: 400;\">Trung Qu\u1ed1c<\/span><\/td>\n<\/tr>\n<tr>\n<td><b>Size<\/b><\/td>\n<td><span style=\"font-weight: 400;\">\u0110\u1eb7t theo y\u00eau c\u1ea7u (chi\u1ec1u d\u00e0i, r\u1ed9ng, \u0111\u1ed9 d\u00e0y)<\/span><\/td>\n<\/tr>\n<tr>\n<td><b>\u0110\u1ed9 d\u00e0y<\/b><\/td>\n<td><span style=\"font-weight: 400;\">T\u00f9y ch\u1ec9nh t\u1eeb 0.5 mm \u0111\u1ebfn 20 mm (ph\u1ed5 bi\u1ebfn: 1mm \u2013 5mm)<\/span><\/td>\n<\/tr>\n<tr>\n<td><b>Color<\/b><\/td>\n<td><span style=\"font-weight: 400;\">Tr\u1eafng, h\u1ed3ng ch\u1ed1ng t\u0129nh \u0111i\u1ec7n, xanh, \u0111en ho\u1eb7c t\u00f9y ch\u1ecdn<\/span><\/td>\n<\/tr>\n<tr>\n<td><b>T\u00ednh n\u0103ng n\u1ed5i b\u1eadt<\/b><\/td>\n<td><span style=\"font-weight: 400;\">Ch\u1ed1ng s\u1ed1c, ch\u1ed1ng va \u0111\u1eadp, c\u00e1ch nhi\u1ec7t, ch\u1ed1ng th\u1ea5m n\u01b0\u1edbc<\/span><\/p>\n<p><span style=\"font-weight: 400;\">B\u1ea3o v\u1ec7 b\u1ec1 m\u1eb7t s\u1ea3n ph\u1ea9m, th\u00e2n thi\u1ec7n m\u00f4i tr\u01b0\u1eddng<\/span><\/td>\n<\/tr>\n<tr>\n<td><b>\u1ee8ng d\u1ee5ng ph\u1ed5 bi\u1ebfn<\/b><\/td>\n<td><span style=\"font-weight: 400;\">\u0110\u00f3ng g\u00f3i linh ki\u1ec7n \u0111i\u1ec7n t\u1eed, \u0111\u1ed3 g\u1ed1m s\u1ee9, thi\u1ebft b\u1ecb y t\u1ebf, n\u00f4ng s\u1ea3n<\/span><\/td>\n<\/tr>\n<tr>\n<td><b>Ch\u1ee9ng nh\u1eadn ch\u1ea5t l\u01b0\u1ee3ng<\/b><\/td>\n<td><span style=\"font-weight: 400;\">CE, ISO9001, RoHS<\/span><\/td>\n<\/tr>\n<tr>\n<td><b>\u0110\u00f3ng g\u00f3i<\/b><\/td>\n<td><span style=\"font-weight: 400;\">Theo cu\u1ed9n, b\u00f3, ho\u1eb7c theo s\u1ed1 l\u01b0\u1ee3ng t\u00fai y\u00eau c\u1ea7u<\/span><\/td>\n<\/tr>\n<tr>\n<td><b>L\u1ee3i \u00edch s\u1eed d\u1ee5ng<\/b><\/td>\n<td><span style=\"font-weight: 400;\">Gi\u1ea3m h\u01b0 h\u1ecfng s\u1ea3n ph\u1ea9m khi v\u1eadn chuy\u1ec3n, ti\u1ebft ki\u1ec7m chi ph\u00ed \u0111\u00f3ng g\u00f3i<\/span><\/td>\n<\/tr>\n<\/tbody>\n<\/table>\n<h2><span style=\"font-weight: 400;\">Ch\u1ee9c n\u0103ng c\u1ee7a t\u00fai ch\u1ed1ng s\u1ed1c EPE Foam:<\/span><\/h2>\n<ul>\n<li style=\"font-weight: 400;\" aria-level=\"1\"><b>B\u1ea3o v\u1ec7 s\u1ea3n ph\u1ea9m<\/b><span style=\"font-weight: 400;\">: Gi\u00fap ch\u1ed1ng va \u0111\u1eadp, ch\u1ed1ng tr\u1ea7y x\u01b0\u1edbc trong qu\u00e1 tr\u00ecnh v\u1eadn chuy\u1ec3n ho\u1eb7c l\u01b0u kho.<\/span><span style=\"font-weight: 400;\">\n<p><\/span><\/li>\n<li style=\"font-weight: 400;\" aria-level=\"1\"><b>Ch\u1ed1ng th\u1ea5m n\u01b0\u1edbc<\/b><span style=\"font-weight: 400;\">: B\u1ec1 m\u1eb7t t\u00fai c\u00f3 kh\u1ea3 n\u0103ng kh\u00e1ng \u1ea9m, ch\u1ed1ng n\u01b0\u1edbc nh\u1eb9, gi\u00fap s\u1ea3n ph\u1ea9m kh\u00f4ng b\u1ecb h\u01b0 h\u1ea1i do m\u00f4i tr\u01b0\u1eddng.<\/span><span style=\"font-weight: 400;\">\n<p><\/span><\/li>\n<li style=\"font-weight: 400;\" aria-level=\"1\"><b>Ch\u1ed1ng t\u0129nh \u0111i\u1ec7n (lo\u1ea1i chuy\u00ean d\u1ee5ng)<\/b><span style=\"font-weight: 400;\">: \u0110\u1eb7c bi\u1ec7t ph\u00f9 h\u1ee3p \u0111\u1ec3 \u0111\u00f3ng g\u00f3i linh ki\u1ec7n \u0111i\u1ec7n t\u1eed, vi m\u1ea1ch d\u1ec5 b\u1ecb h\u1ecfng do t\u0129nh \u0111i\u1ec7n.<\/span><span style=\"font-weight: 400;\">\n<p><\/span><\/li>\n<li style=\"font-weight: 400;\" aria-level=\"1\"><b>C\u00e1ch nhi\u1ec7t nh\u1eb9<\/b><span style=\"font-weight: 400;\">: H\u1ea1n ch\u1ebf \u1ea3nh h\u01b0\u1edfng nhi\u1ec7t \u0111\u1ed9 t\u1eeb b\u00ean ngo\u00e0i \u0111\u1ed1i v\u1edbi s\u1ea3n ph\u1ea9m b\u00ean trong.<\/span><span style=\"font-weight: 400;\">\n<p><\/span><\/li>\n<\/ul>\n<h2><span style=\"font-weight: 400;\">\u01afu \u0111i\u1ec3m n\u1ed5i b\u1eadt c\u1ee7a t\u00fai x\u1ed1p EPE Foam:<\/span><\/h2>\n<ul>\n<li style=\"font-weight: 400;\" aria-level=\"1\"><b>Nh\u1eb9, \u00eam, d\u1ebbo dai<\/b><span style=\"font-weight: 400;\">: Kh\u00f4ng l\u00e0m t\u0103ng tr\u1ecdng l\u01b0\u1ee3ng s\u1ea3n ph\u1ea9m, d\u1ec5 thao t\u00e1c trong \u0111\u00f3ng g\u00f3i.<\/span><span style=\"font-weight: 400;\">\n<p><\/span><\/li>\n<li style=\"font-weight: 400;\" aria-level=\"1\"><b>T\u00e1i s\u1eed d\u1ee5ng nhi\u1ec1u l\u1ea7n<\/b><span style=\"font-weight: 400;\">: B\u1ec1n ch\u1eafc, kh\u00f3 r\u00e1ch, c\u00f3 th\u1ec3 d\u00f9ng l\u1ea1i, gi\u00fap ti\u1ebft ki\u1ec7m chi ph\u00ed.<\/span><span style=\"font-weight: 400;\">\n<p><\/span><\/li>\n<li style=\"font-weight: 400;\" aria-level=\"1\"><b>\u0110a d\u1ea1ng k\u00edch th\u01b0\u1edbc &amp; m\u00e0u s\u1eafc<\/b><span style=\"font-weight: 400;\">: C\u00f3 th\u1ec3 gia c\u00f4ng theo y\u00eau c\u1ea7u \u0111\u1ec3 ph\u00f9 h\u1ee3p v\u1edbi m\u1ecdi s\u1ea3n ph\u1ea9m t\u1eeb nh\u1ecf \u0111\u1ebfn l\u1edbn.<\/span><span style=\"font-weight: 400;\">\n<p><\/span><\/li>\n<li style=\"font-weight: 400;\" aria-level=\"1\"><b>Th\u00e2n thi\u1ec7n v\u1edbi m\u00f4i tr\u01b0\u1eddng<\/b><span style=\"font-weight: 400;\">: S\u1ea3n xu\u1ea5t t\u1eeb v\u1eadt li\u1ec7u EPE kh\u00f4ng \u0111\u1ed9c h\u1ea1i, c\u00f3 th\u1ec3 t\u00e1i ch\u1ebf.<\/span><span style=\"font-weight: 400;\">\n<p><\/span><\/li>\n<li style=\"font-weight: 400;\" aria-level=\"1\"><b>Hi\u1ec7u qu\u1ea3 kinh t\u1ebf cao<\/b><span style=\"font-weight: 400;\">: Gi\u00e1 th\u00e0nh h\u1ee3p l\u00fd, gi\u00fap doanh nghi\u1ec7p ti\u1ebft ki\u1ec7m chi ph\u00ed \u0111\u00f3ng g\u00f3i m\u00e0 v\u1eabn \u0111\u1ea3m b\u1ea3o an to\u00e0n s\u1ea3n ph\u1ea9m.<\/span><\/li>\n<\/ul>","protected":false},"excerpt":{"rendered":"<p><b>T\u00fai x\u1ed1p EPE Foam ch\u1ed1ng s\u1ed1c<\/b><span style=\"font-weight: 400;\"> l\u00e0 gi\u1ea3i ph\u00e1p \u0111\u00f3ng g\u00f3i t\u1ed1i \u01b0u gi\u00fap b\u1ea3o v\u1ec7 h\u00e0ng h\u00f3a trong qu\u00e1 tr\u00ecnh v\u1eadn chuy\u1ec3n v\u00e0 l\u01b0u kho. S\u1ea3n ph\u1ea9m \u0111\u01b0\u1ee3c s\u1ea3n xu\u1ea5t t\u1eeb ch\u1ea5t li\u1ec7u x\u1ed1p EPE cao c\u1ea5p, c\u00f3 \u0111\u1ed9 \u0111\u00e0n h\u1ed3i t\u1ed1t, kh\u1ea3 n\u0103ng ch\u1ed1ng va \u0111\u1eadp, ch\u1ed1ng tr\u1ea7y x\u01b0\u1edbc v\u00e0 ch\u1ed1ng th\u1ea5m n\u01b0\u1edbc hi\u1ec7u qu\u1ea3. <\/span><\/p>\n<p><span style=\"font-weight: 400;\">V\u1edbi thi\u1ebft k\u1ebf nh\u1eb9, b\u1ec1n v\u00e0 th\u00e2n thi\u1ec7n v\u1edbi m\u00f4i tr\u01b0\u1eddng, t\u00fai EPE th\u00edch h\u1ee3p \u0111\u1ec3 \u0111\u00f3ng g\u00f3i c\u00e1c m\u1eb7t h\u00e0ng \u0111i\u1ec7n t\u1eed, th\u1ee7y tinh, \u0111\u1ed3 gia d\u1ee5ng, s\u1ea3n ph\u1ea9m d\u1ec5 v\u1ee1&#8230; Dong Rui Vi\u1ec7t Nam nh\u1eadn gia c\u00f4ng t\u00fai theo m\u1ecdi k\u00edch th\u01b0\u1edbc v\u00e0 m\u00e0u s\u1eafc theo y\u00eau c\u1ea7u, \u0111\u1ea3m b\u1ea3o \u0111\u00e1p \u1ee9ng \u0111a d\u1ea1ng nhu c\u1ea7u s\u1eed d\u1ee5ng c\u1ee7a doanh nghi\u1ec7p.<\/span><\/p>","protected":false},"featured_media":1909,"comment_status":"open","ping_status":"closed","template":"","meta":[],"product_cat":[15],"product_tag":[50,48,51,52],"class_list":{"0":"post-1908","1":"product","2":"type-product","3":"status-publish","4":"has-post-thumbnail","6":"product_cat-bot-pe-tuy-chinh","7":"product_tag-cuon-xop-epe-foam","8":"product_tag-epe-foam","9":"product_tag-tui-chong-soc","10":"product_tag-xop-epe","12":"first","13":"instock","14":"shipping-taxable","15":"product-type-simple"},"yoast_head":"<!-- This site is optimized with the Yoast SEO plugin v23.4 - https:\/\/yoast.com\/wordpress\/plugins\/seo\/ -->\n<title>T\u00fai x\u1ed1p EPE ch\u1ed1ng s\u1ed1c | B\u1ea3o v\u1ec7 b\u1ec1 m\u1eb7t s\u1ea3n ph\u1ea9m - Nh\u00e0 s\u1ea3n xu\u1ea5t b\u1ecdt Polyethylene m\u1edf r\u1ed9ng<\/title>\n<meta name=\"description\" content=\"T\u00fai x\u1ed1p EPE ch\u1ed1ng s\u1ed1c, ch\u1ed1ng tr\u1ea7y x\u01b0\u1edbc hi\u1ec7u qu\u1ea3, b\u1ea3o v\u1ec7 s\u1ea3n ph\u1ea9m t\u1ed1i \u01b0u khi v\u1eadn chuy\u1ec3n. Nh\u1eb9, b\u1ec1n, th\u00e2n thi\u1ec7n m\u00f4i tr\u01b0\u1eddng, gia c\u00f4ng theo y\u00eau c\u1ea7u.\" \/>\n<meta name=\"robots\" content=\"index, follow, max-snippet:-1, max-image-preview:large, max-video-preview:-1\" \/>\n<link rel=\"canonical\" href=\"https:\/\/epe.vn\/en\/manufacturer\/tui-xop-epe-chong-soc\/\" \/>\n<meta property=\"og:locale\" content=\"en_US\" \/>\n<meta property=\"og:type\" content=\"article\" \/>\n<meta property=\"og:title\" content=\"T\u00fai x\u1ed1p EPE ch\u1ed1ng s\u1ed1c | B\u1ea3o v\u1ec7 b\u1ec1 m\u1eb7t s\u1ea3n ph\u1ea9m - Nh\u00e0 s\u1ea3n xu\u1ea5t b\u1ecdt Polyethylene m\u1edf r\u1ed9ng\" \/>\n<meta property=\"og:description\" content=\"T\u00fai x\u1ed1p EPE ch\u1ed1ng s\u1ed1c, ch\u1ed1ng tr\u1ea7y x\u01b0\u1edbc hi\u1ec7u qu\u1ea3, b\u1ea3o v\u1ec7 s\u1ea3n ph\u1ea9m t\u1ed1i \u01b0u khi v\u1eadn chuy\u1ec3n. Nh\u1eb9, b\u1ec1n, th\u00e2n thi\u1ec7n m\u00f4i tr\u01b0\u1eddng, gia c\u00f4ng theo y\u00eau c\u1ea7u.\" \/>\n<meta property=\"og:url\" content=\"https:\/\/epe.vn\/en\/manufacturer\/tui-xop-epe-chong-soc\/\" \/>\n<meta property=\"og:site_name\" content=\"Nh\u00e0 s\u1ea3n xu\u1ea5t b\u1ecdt Polyethylene m\u1edf r\u1ed9ng\" \/>\n<meta property=\"og:image\" content=\"https:\/\/epe.vn\/wp-content\/uploads\/2025\/04\/tui-xop-epe.png\" \/>\n\t<meta property=\"og:image:width\" content=\"800\" \/>\n\t<meta property=\"og:image:height\" content=\"800\" \/>\n\t<meta property=\"og:image:type\" content=\"image\/png\" \/>\n<meta name=\"twitter:card\" content=\"summary_large_image\" \/>\n<meta name=\"twitter:label1\" content=\"Est. reading time\" \/>\n\t<meta name=\"twitter:data1\" content=\"3 minutes\" \/>\n<script type=\"application\/ld+json\" class=\"yoast-schema-graph\">{\"@context\":\"https:\/\/schema.org\",\"@graph\":[{\"@type\":\"WebPage\",\"@id\":\"https:\/\/epe.vn\/manufacturer\/tui-xop-epe-chong-soc\/\",\"url\":\"https:\/\/epe.vn\/manufacturer\/tui-xop-epe-chong-soc\/\",\"name\":\"T\u00fai x\u1ed1p EPE ch\u1ed1ng s\u1ed1c | B\u1ea3o v\u1ec7 b\u1ec1 m\u1eb7t s\u1ea3n ph\u1ea9m - Nh\u00e0 s\u1ea3n xu\u1ea5t b\u1ecdt Polyethylene m\u1edf r\u1ed9ng\",\"isPartOf\":{\"@id\":\"https:\/\/epe.vn\/#website\"},\"primaryImageOfPage\":{\"@id\":\"https:\/\/epe.vn\/manufacturer\/tui-xop-epe-chong-soc\/#primaryimage\"},\"image\":{\"@id\":\"https:\/\/epe.vn\/manufacturer\/tui-xop-epe-chong-soc\/#primaryimage\"},\"thumbnailUrl\":\"https:\/\/epe.vn\/wp-content\/uploads\/2025\/04\/tui-xop-epe.png\",\"datePublished\":\"2025-04-25T09:24:40+00:00\",\"dateModified\":\"2025-04-25T09:24:40+00:00\",\"description\":\"T\u00fai x\u1ed1p EPE ch\u1ed1ng s\u1ed1c, ch\u1ed1ng tr\u1ea7y x\u01b0\u1edbc hi\u1ec7u qu\u1ea3, b\u1ea3o v\u1ec7 s\u1ea3n ph\u1ea9m t\u1ed1i \u01b0u khi v\u1eadn chuy\u1ec3n. Nh\u1eb9, b\u1ec1n, th\u00e2n thi\u1ec7n m\u00f4i tr\u01b0\u1eddng, gia c\u00f4ng theo y\u00eau c\u1ea7u.\",\"breadcrumb\":{\"@id\":\"https:\/\/epe.vn\/manufacturer\/tui-xop-epe-chong-soc\/#breadcrumb\"},\"inLanguage\":\"en-US\",\"potentialAction\":[{\"@type\":\"ReadAction\",\"target\":[\"https:\/\/epe.vn\/manufacturer\/tui-xop-epe-chong-soc\/\"]}]},{\"@type\":\"ImageObject\",\"inLanguage\":\"en-US\",\"@id\":\"https:\/\/epe.vn\/manufacturer\/tui-xop-epe-chong-soc\/#primaryimage\",\"url\":\"https:\/\/epe.vn\/wp-content\/uploads\/2025\/04\/tui-xop-epe.png\",\"contentUrl\":\"https:\/\/epe.vn\/wp-content\/uploads\/2025\/04\/tui-xop-epe.png\",\"width\":800,\"height\":800,\"caption\":\"tu\u0301i xo\u0302\u0301p epe\"},{\"@type\":\"BreadcrumbList\",\"@id\":\"https:\/\/epe.vn\/manufacturer\/tui-xop-epe-chong-soc\/#breadcrumb\",\"itemListElement\":[{\"@type\":\"ListItem\",\"position\":1,\"name\":\"Home\",\"item\":\"https:\/\/epe.vn\/\"},{\"@type\":\"ListItem\",\"position\":2,\"name\":\"Shop\",\"item\":\"https:\/\/epe.vn\/shop\/\"},{\"@type\":\"ListItem\",\"position\":3,\"name\":\"T\u00fai x\u1ed1p EPE ch\u1ed1ng s\u1ed1c | B\u1ea3o v\u1ec7 b\u1ec1 m\u1eb7t s\u1ea3n ph\u1ea9m\"}]},{\"@type\":\"WebSite\",\"@id\":\"https:\/\/epe.vn\/#website\",\"url\":\"https:\/\/epe.vn\/\",\"name\":\"Nh\u00e0 s\u1ea3n xu\u1ea5t b\u1ecdt Polyethylene m\u1edf r\u1ed9ng\",\"description\":\"Nh\u00e0 cung c\u1ea5p bao b\u00ec v\u1ec9 x\u1ed1p polyethylene m\u1edf r\u1ed9ng v\u00e0 t\u00fai PE\",\"potentialAction\":[{\"@type\":\"SearchAction\",\"target\":{\"@type\":\"EntryPoint\",\"urlTemplate\":\"https:\/\/epe.vn\/?s={search_term_string}\"},\"query-input\":{\"@type\":\"PropertyValueSpecification\",\"valueRequired\":true,\"valueName\":\"search_term_string\"}}],\"inLanguage\":\"en-US\"}]}<\/script>\n<!-- \/ Yoast SEO plugin. -->","yoast_head_json":{"title":"T\u00fai x\u1ed1p EPE ch\u1ed1ng s\u1ed1c | B\u1ea3o v\u1ec7 b\u1ec1 m\u1eb7t s\u1ea3n ph\u1ea9m - Nh\u00e0 s\u1ea3n xu\u1ea5t b\u1ecdt Polyethylene m\u1edf r\u1ed9ng","description":"T\u00fai x\u1ed1p EPE ch\u1ed1ng s\u1ed1c, ch\u1ed1ng tr\u1ea7y x\u01b0\u1edbc hi\u1ec7u qu\u1ea3, b\u1ea3o v\u1ec7 s\u1ea3n ph\u1ea9m t\u1ed1i \u01b0u khi v\u1eadn chuy\u1ec3n. Nh\u1eb9, b\u1ec1n, th\u00e2n thi\u1ec7n m\u00f4i tr\u01b0\u1eddng, gia c\u00f4ng theo y\u00eau c\u1ea7u.","robots":{"index":"index","follow":"follow","max-snippet":"max-snippet:-1","max-image-preview":"max-image-preview:large","max-video-preview":"max-video-preview:-1"},"canonical":"https:\/\/epe.vn\/en\/manufacturer\/tui-xop-epe-chong-soc\/","og_locale":"en_US","og_type":"article","og_title":"T\u00fai x\u1ed1p EPE ch\u1ed1ng s\u1ed1c | B\u1ea3o v\u1ec7 b\u1ec1 m\u1eb7t s\u1ea3n ph\u1ea9m - Nh\u00e0 s\u1ea3n xu\u1ea5t b\u1ecdt Polyethylene m\u1edf r\u1ed9ng","og_description":"T\u00fai x\u1ed1p EPE ch\u1ed1ng s\u1ed1c, ch\u1ed1ng tr\u1ea7y x\u01b0\u1edbc hi\u1ec7u qu\u1ea3, b\u1ea3o v\u1ec7 s\u1ea3n ph\u1ea9m t\u1ed1i \u01b0u khi v\u1eadn chuy\u1ec3n. Nh\u1eb9, b\u1ec1n, th\u00e2n thi\u1ec7n m\u00f4i tr\u01b0\u1eddng, gia c\u00f4ng theo y\u00eau c\u1ea7u.","og_url":"https:\/\/epe.vn\/en\/manufacturer\/tui-xop-epe-chong-soc\/","og_site_name":"Nh\u00e0 s\u1ea3n xu\u1ea5t b\u1ecdt Polyethylene m\u1edf r\u1ed9ng","og_image":[{"width":800,"height":800,"url":"https:\/\/epe.vn\/wp-content\/uploads\/2025\/04\/tui-xop-epe.png","type":"image\/png"}],"twitter_card":"summary_large_image","twitter_misc":{"Est. reading time":"3 minutes"},"schema":{"@context":"https:\/\/schema.org","@graph":[{"@type":"WebPage","@id":"https:\/\/epe.vn\/manufacturer\/tui-xop-epe-chong-soc\/","url":"https:\/\/epe.vn\/manufacturer\/tui-xop-epe-chong-soc\/","name":"T\u00fai x\u1ed1p EPE ch\u1ed1ng s\u1ed1c | B\u1ea3o v\u1ec7 b\u1ec1 m\u1eb7t s\u1ea3n ph\u1ea9m - Nh\u00e0 s\u1ea3n xu\u1ea5t b\u1ecdt Polyethylene m\u1edf r\u1ed9ng","isPartOf":{"@id":"https:\/\/epe.vn\/#website"},"primaryImageOfPage":{"@id":"https:\/\/epe.vn\/manufacturer\/tui-xop-epe-chong-soc\/#primaryimage"},"image":{"@id":"https:\/\/epe.vn\/manufacturer\/tui-xop-epe-chong-soc\/#primaryimage"},"thumbnailUrl":"https:\/\/epe.vn\/wp-content\/uploads\/2025\/04\/tui-xop-epe.png","datePublished":"2025-04-25T09:24:40+00:00","dateModified":"2025-04-25T09:24:40+00:00","description":"T\u00fai x\u1ed1p EPE ch\u1ed1ng s\u1ed1c, ch\u1ed1ng tr\u1ea7y x\u01b0\u1edbc hi\u1ec7u qu\u1ea3, b\u1ea3o v\u1ec7 s\u1ea3n ph\u1ea9m t\u1ed1i \u01b0u khi v\u1eadn chuy\u1ec3n. Nh\u1eb9, b\u1ec1n, th\u00e2n thi\u1ec7n m\u00f4i tr\u01b0\u1eddng, gia c\u00f4ng theo y\u00eau c\u1ea7u.","breadcrumb":{"@id":"https:\/\/epe.vn\/manufacturer\/tui-xop-epe-chong-soc\/#breadcrumb"},"inLanguage":"en-US","potentialAction":[{"@type":"ReadAction","target":["https:\/\/epe.vn\/manufacturer\/tui-xop-epe-chong-soc\/"]}]},{"@type":"ImageObject","inLanguage":"en-US","@id":"https:\/\/epe.vn\/manufacturer\/tui-xop-epe-chong-soc\/#primaryimage","url":"https:\/\/epe.vn\/wp-content\/uploads\/2025\/04\/tui-xop-epe.png","contentUrl":"https:\/\/epe.vn\/wp-content\/uploads\/2025\/04\/tui-xop-epe.png","width":800,"height":800,"caption":"tu\u0301i xo\u0302\u0301p epe"},{"@type":"BreadcrumbList","@id":"https:\/\/epe.vn\/manufacturer\/tui-xop-epe-chong-soc\/#breadcrumb","itemListElement":[{"@type":"ListItem","position":1,"name":"Home","item":"https:\/\/epe.vn\/"},{"@type":"ListItem","position":2,"name":"Shop","item":"https:\/\/epe.vn\/shop\/"},{"@type":"ListItem","position":3,"name":"T\u00fai x\u1ed1p EPE ch\u1ed1ng s\u1ed1c | B\u1ea3o v\u1ec7 b\u1ec1 m\u1eb7t s\u1ea3n ph\u1ea9m"}]},{"@type":"WebSite","@id":"https:\/\/epe.vn\/#website","url":"https:\/\/epe.vn\/","name":"Nh\u00e0 s\u1ea3n xu\u1ea5t b\u1ecdt Polyethylene m\u1edf r\u1ed9ng","description":"Nh\u00e0 cung c\u1ea5p bao b\u00ec v\u1ec9 x\u1ed1p polyethylene m\u1edf r\u1ed9ng v\u00e0 t\u00fai PE","potentialAction":[{"@type":"SearchAction","target":{"@type":"EntryPoint","urlTemplate":"https:\/\/epe.vn\/?s={search_term_string}"},"query-input":{"@type":"PropertyValueSpecification","valueRequired":true,"valueName":"search_term_string"}}],"inLanguage":"en-US"}]}},"_links":{"self":[{"href":"https:\/\/epe.vn\/en\/wp-json\/wp\/v2\/product\/1908","targetHints":{"allow":["GET"]}}],"collection":[{"href":"https:\/\/epe.vn\/en\/wp-json\/wp\/v2\/product"}],"about":[{"href":"https:\/\/epe.vn\/en\/wp-json\/wp\/v2\/types\/product"}],"replies":[{"embeddable":true,"href":"https:\/\/epe.vn\/en\/wp-json\/wp\/v2\/comments?post=1908"}],"wp:featuredmedia":[{"embeddable":true,"href":"https:\/\/epe.vn\/en\/wp-json\/wp\/v2\/media\/1909"}],"wp:attachment":[{"href":"https:\/\/epe.vn\/en\/wp-json\/wp\/v2\/media?parent=1908"}],"wp:term":[{"taxonomy":"product_cat","embeddable":true,"href":"https:\/\/epe.vn\/en\/wp-json\/wp\/v2\/product_cat?post=1908"},{"taxonomy":"product_tag","embeddable":true,"href":"https:\/\/epe.vn\/en\/wp-json\/wp\/v2\/product_tag?post=1908"}],"curies":[{"name":"wp","href":"https:\/\/api.w.org\/{rel}","templated":true}]}}