{"id":1980,"date":"2025-04-28T15:08:38","date_gmt":"2025-04-28T08:08:38","guid":{"rendered":"https:\/\/epe.vn\/?post_type=product&#038;p=1980"},"modified":"2025-04-28T15:08:38","modified_gmt":"2025-04-28T08:08:38","slug":"xop-epe-lot-hop-vuong","status":"publish","type":"product","link":"https:\/\/epe.vn\/en\/manufacturer\/xop-epe-lot-hop-vuong\/","title":{"rendered":"EPE foam lining square box | Custom made to order"},"content":{"rendered":"<h2><span style=\"font-weight: 400;\">Th\u00f4ng tin s\u1ea3n ph\u1ea9m:<\/span><\/h2>\n<table>\n<tbody>\n<tr>\n<td><b>Ti\u00eau ch\u00ed<\/b><\/td>\n<td><b>Th\u00f4ng tin chi ti\u1ebft<\/b><\/td>\n<\/tr>\n<tr>\n<td><b>Product Name<\/b><\/td>\n<td><span style=\"font-weight: 400;\">X\u1ed1p EPE L\u00f3t H\u1ed9p Vu\u00f4ng<\/span><\/td>\n<\/tr>\n<tr>\n<td><b>Th\u01b0\u01a1ng hi\u1ec7u<\/b><\/td>\n<td><span style=\"font-weight: 400;\">Dong Rui Vi\u1ec7t Nam<\/span><\/td>\n<\/tr>\n<tr>\n<td><b>Material<\/b><\/td>\n<td><span style=\"font-weight: 400;\">EPE Foam (Expanded Polyethylene Foam)<\/span><\/td>\n<\/tr>\n<tr>\n<td><b>Ki\u1ec3u d\u00e1ng<\/b><\/td>\n<td><span style=\"font-weight: 400;\">T\u1ea5m x\u1ed1p \u0111\u1ecbnh h\u00ecnh, d\u1ea1ng vu\u00f4ng, c\u1eaft theo k\u00edch th\u01b0\u1edbc h\u1ed9p<\/span><\/td>\n<\/tr>\n<tr>\n<td><b>Xu\u1ea5t x\u1ee9<\/b><\/td>\n<td><span style=\"font-weight: 400;\">Trung Qu\u1ed1c<\/span><\/td>\n<\/tr>\n<tr>\n<td><b>Size<\/b><\/td>\n<td><span style=\"font-weight: 400;\">Gia c\u00f4ng theo y\u00eau c\u1ea7u (chi\u1ec1u d\u00e0i, chi\u1ec1u r\u1ed9ng, \u0111\u1ed9 d\u00e0y)<\/span><\/td>\n<\/tr>\n<tr>\n<td><b>\u0110\u1ed9 d\u00e0y<\/b><\/td>\n<td><span style=\"font-weight: 400;\">5mm \u2013 50mm (ph\u1ed5 bi\u1ebfn)<\/span><\/td>\n<\/tr>\n<tr>\n<td><b>Color<\/b><\/td>\n<td><span style=\"font-weight: 400;\">Tr\u1eafng, \u0111en, h\u1ed3ng, xanh d\u01b0\u01a1ng ho\u1eb7c t\u00f9y ch\u1ec9nh<\/span><\/td>\n<\/tr>\n<tr>\n<td><b>T\u00ednh n\u0103ng n\u1ed5i b\u1eadt<\/b><\/td>\n<td><span style=\"font-weight: 400;\">&#8211; Ch\u1ed1ng s\u1ed1c, ch\u1ed1ng va \u0111\u1eadp<\/span><\/p>\n<p><span style=\"font-weight: 400;\">&#8211; C\u1ed1 \u0111\u1ecbnh s\u1ea3n ph\u1ea9m<\/span><\/p>\n<p><span style=\"font-weight: 400;\">&#8211; C\u00e1ch nhi\u1ec7t, ch\u1ed1ng \u1ea9m t\u1ed1t<\/span><\/td>\n<\/tr>\n<tr>\n<td><b>\u1ee8ng d\u1ee5ng ph\u1ed5 bi\u1ebfn<\/b><\/td>\n<td><span style=\"font-weight: 400;\">&#8211; L\u00f3t h\u1ed9p \u0111\u1ef1ng qu\u00e0 t\u1eb7ng, s\u1ea3n ph\u1ea9m cao c\u1ea5p<\/span><\/p>\n<p><span style=\"font-weight: 400;\">&#8211; \u0110\u00f3ng g\u00f3i \u0111\u1ed3 \u0111i\u1ec7n t\u1eed, linh ki\u1ec7n, th\u1ee7y tinh, m\u1ef9 ph\u1ea9m, r\u01b0\u1ee3u&#8230;<\/span><\/td>\n<\/tr>\n<tr>\n<td><b>Ch\u1ee9ng nh\u1eadn ch\u1ea5t l\u01b0\u1ee3ng<\/b><\/td>\n<td><span style=\"font-weight: 400;\">ISO 9001, RoHS, CE<\/span><\/td>\n<\/tr>\n<tr>\n<td><b>\u0110\u00f3ng g\u00f3i<\/b><\/td>\n<td><span style=\"font-weight: 400;\">T\u1ea5m x\u1ed1p \u0111\u00f3ng bao, \u0111\u00f3ng th\u00f9ng carton, ho\u1eb7c theo y\u00eau c\u1ea7u \u0111\u01a1n h\u00e0ng<\/span><\/td>\n<\/tr>\n<tr>\n<td><b>L\u1ee3i \u00edch s\u1eed d\u1ee5ng<\/b><\/td>\n<td><span style=\"font-weight: 400;\">&#8211; B\u1ea3o v\u1ec7 s\u1ea3n ph\u1ea9m t\u1ed1i \u01b0u<\/span><\/p>\n<p><span style=\"font-weight: 400;\">&#8211; N\u00e2ng cao t\u00ednh th\u1ea9m m\u1ef9 h\u1ed9p \u0111\u1ef1ng<\/span><\/p>\n<p><span style=\"font-weight: 400;\">&#8211; H\u1ea1n ch\u1ebf chi ph\u00ed r\u1ee7i ro khi v\u1eadn chuy\u1ec3n v\u00e0 l\u01b0u kho<\/span><\/td>\n<\/tr>\n<\/tbody>\n<\/table>\n<h2><span style=\"font-weight: 400;\">Ch\u1ee9c n\u0103ng c\u1ee7a X\u1ed1p EPE l\u00f3t h\u1ed9p vu\u00f4ng:<\/span><\/h2>\n<ul>\n<li style=\"font-weight: 400;\" aria-level=\"1\"><b>Ch\u1ed1ng s\u1ed1c, ch\u1ed1ng va \u0111\u1eadp<\/b><span style=\"font-weight: 400;\">: H\u1ea5p th\u1ee5 l\u1ef1c t\u00e1c \u0111\u1ed9ng b\u00ean ngo\u00e0i, gi\u1eef cho s\u1ea3n ph\u1ea9m an to\u00e0n.<\/span><\/li>\n<li style=\"font-weight: 400;\" aria-level=\"1\"><b>C\u1ed1 \u0111\u1ecbnh s\u1ea3n ph\u1ea9m<\/b><span style=\"font-weight: 400;\">: Ng\u0103n s\u1ea3n ph\u1ea9m d\u1ecbch chuy\u1ec3n trong h\u1ed9p, b\u1ea3o v\u1ec7 nguy\u00ean v\u1eb9n h\u00ecnh d\u00e1ng v\u00e0 ch\u1ea5t l\u01b0\u1ee3ng.<\/span><\/li>\n<li style=\"font-weight: 400;\" aria-level=\"1\"><b>Ch\u1ed1ng \u1ea9m, c\u00e1ch nhi\u1ec7t<\/b><span style=\"font-weight: 400;\">: Gi\u00fap s\u1ea3n ph\u1ea9m kh\u00f4ng b\u1ecb \u1ea3nh h\u01b0\u1edfng b\u1edfi m\u00f4i tr\u01b0\u1eddng \u1ea9m ho\u1eb7c nhi\u1ec7t \u0111\u1ed9 thay \u0111\u1ed5i.<\/span><\/li>\n<\/ul>\n<h2><span style=\"font-weight: 400;\">\u01afu \u0111i\u1ec3m:<\/span><\/h2>\n<ul>\n<li style=\"font-weight: 400;\" aria-level=\"1\"><b>Gia c\u00f4ng linh ho\u1ea1t<\/b><span style=\"font-weight: 400;\">: T\u00f9y ch\u1ec9nh k\u00edch th\u01b0\u1edbc, \u0111\u1ed9 d\u00e0y, m\u00e0u s\u1eafc theo t\u1eebng lo\u1ea1i h\u1ed9p v\u00e0 s\u1ea3n ph\u1ea9m.<\/span><\/li>\n<li style=\"font-weight: 400;\" aria-level=\"1\"><b>Nh\u1eb9 v\u00e0 b\u1ec1n<\/b><span style=\"font-weight: 400;\">: Kh\u00f4ng l\u00e0m t\u0103ng tr\u1ecdng l\u01b0\u1ee3ng t\u1ed5ng th\u1ec3 h\u1ed9p \u0111\u1ef1ng, thu\u1eadn ti\u1ec7n cho v\u1eadn chuy\u1ec3n.<\/span><\/li>\n<li style=\"font-weight: 400;\" aria-level=\"1\"><b>T\u0103ng th\u1ea9m m\u1ef9 \u0111\u00f3ng g\u00f3i<\/b><span style=\"font-weight: 400;\">: Gi\u00fap s\u1ea3n ph\u1ea9m b\u00ean trong h\u1ed9p \u0111\u1eb9p m\u1eaft, sang tr\u1ecdng h\u01a1n.<\/span><\/li>\n<li style=\"font-weight: 400;\" aria-level=\"1\"><b>Reasonable cost<\/b><span style=\"font-weight: 400;\">: Gi\u1ea3m t\u1ed5n th\u1ea5t do va \u0111\u1eadp, ti\u1ebft ki\u1ec7m chi ph\u00ed s\u1eeda ch\u1eefa ho\u1eb7c thay th\u1ebf s\u1ea3n ph\u1ea9m.<\/span><\/li>\n<\/ul>","protected":false},"excerpt":{"rendered":"<p class=\"\" data-start=\"3584\" data-end=\"4031\"><strong data-start=\"3584\" data-end=\"3609\">X\u1ed1p EPE l\u00f3t h\u1ed9p vu\u00f4ng<\/strong> c\u1ee7a Dong Rui Vi\u1ec7t Nam l\u00e0 l\u1ef1a ch\u1ecdn l\u00fd t\u01b0\u1edfng \u0111\u1ec3 b\u1ea3o v\u1ec7 v\u00e0 n\u00e2ng cao gi\u00e1 tr\u1ecb s\u1ea3n ph\u1ea9m trong qu\u00e1 tr\u00ecnh v\u1eadn chuy\u1ec3n ho\u1eb7c tr\u01b0ng b\u00e0y. V\u1edbi thi\u1ebft k\u1ebf c\u1eaft theo k\u00edch th\u01b0\u1edbc h\u1ed9p v\u00e0 kh\u1ea3 n\u0103ng ch\u1ed1ng s\u1ed1c, ch\u1ed1ng \u1ea9m v\u01b0\u1ee3t tr\u1ed9i, t\u1ea5m x\u1ed1p EPE gi\u00fap c\u1ed1 \u0111\u1ecbnh s\u1ea3n ph\u1ea9m ch\u1eafc ch\u1eafn, ng\u0103n ng\u1eeba tr\u1ea7y x\u01b0\u1edbc, h\u01b0 h\u1ecfng. \u0110\u1eb7c bi\u1ec7t, \u0111a d\u1ea1ng m\u00e0u s\u1eafc v\u00e0 \u0111\u1ed9 d\u00e0y linh ho\u1ea1t, s\u1ea3n ph\u1ea9m \u0111\u00e1p \u1ee9ng t\u1ed1t m\u1ecdi nhu c\u1ea7u \u0111\u00f3ng g\u00f3i qu\u00e0 t\u1eb7ng, \u0111\u1ed3 \u0111i\u1ec7n t\u1eed, m\u1ef9 ph\u1ea9m hay th\u1ee7y tinh cao c\u1ea5p.<\/p>","protected":false},"featured_media":1981,"comment_status":"open","ping_status":"closed","template":"","meta":[],"product_cat":[15],"product_tag":[48,47,53,52],"class_list":{"0":"post-1980","1":"product","2":"type-product","3":"status-publish","4":"has-post-thumbnail","6":"product_cat-bot-pe-tuy-chinh","7":"product_tag-epe-foam","8":"product_tag-mut-xop-epe","9":"product_tag-tuy-chinh-xop-epe-foam","10":"product_tag-xop-epe","12":"first","13":"instock","14":"shipping-taxable","15":"product-type-simple"},"yoast_head":"<!-- This site is optimized with the Yoast SEO plugin v23.4 - https:\/\/yoast.com\/wordpress\/plugins\/seo\/ -->\n<title>X\u1ed1p EPE l\u00f3t h\u1ed9p vu\u00f4ng | Tu\u1ef3 ch\u1ec9nh theo y\u00eau c\u1ea7u - Nh\u00e0 s\u1ea3n xu\u1ea5t b\u1ecdt Polyethylene m\u1edf r\u1ed9ng<\/title>\n<meta name=\"description\" content=\"X\u1ed1p EPE l\u00f3t h\u1ed9p vu\u00f4ng Dong Rui Vi\u1ec7t Nam ch\u1ed1ng s\u1ed1c, c\u1ed1 \u0111\u1ecbnh s\u1ea3n ph\u1ea9m, nh\u1eb9 b\u1ec1n, gia c\u00f4ng linh ho\u1ea1t, gi\u00fap b\u1ea3o v\u1ec7 v\u00e0 n\u00e2ng cao th\u1ea9m m\u1ef9 s\u1ea3n ph\u1ea9m trong h\u1ed9p.\" \/>\n<meta name=\"robots\" content=\"index, follow, max-snippet:-1, max-image-preview:large, max-video-preview:-1\" \/>\n<link rel=\"canonical\" href=\"https:\/\/epe.vn\/en\/manufacturer\/xop-epe-lot-hop-vuong\/\" \/>\n<meta property=\"og:locale\" content=\"en_US\" \/>\n<meta property=\"og:type\" content=\"article\" \/>\n<meta property=\"og:title\" content=\"X\u1ed1p EPE l\u00f3t h\u1ed9p vu\u00f4ng | Tu\u1ef3 ch\u1ec9nh theo y\u00eau c\u1ea7u - Nh\u00e0 s\u1ea3n xu\u1ea5t b\u1ecdt Polyethylene m\u1edf r\u1ed9ng\" \/>\n<meta property=\"og:description\" content=\"X\u1ed1p EPE l\u00f3t h\u1ed9p vu\u00f4ng Dong Rui Vi\u1ec7t Nam ch\u1ed1ng s\u1ed1c, c\u1ed1 \u0111\u1ecbnh s\u1ea3n ph\u1ea9m, nh\u1eb9 b\u1ec1n, gia c\u00f4ng linh ho\u1ea1t, gi\u00fap b\u1ea3o v\u1ec7 v\u00e0 n\u00e2ng cao th\u1ea9m m\u1ef9 s\u1ea3n ph\u1ea9m trong h\u1ed9p.\" \/>\n<meta property=\"og:url\" content=\"https:\/\/epe.vn\/en\/manufacturer\/xop-epe-lot-hop-vuong\/\" \/>\n<meta property=\"og:site_name\" content=\"Nh\u00e0 s\u1ea3n xu\u1ea5t b\u1ecdt Polyethylene m\u1edf r\u1ed9ng\" \/>\n<meta property=\"og:image\" content=\"https:\/\/epe.vn\/wp-content\/uploads\/2025\/04\/Xop-EPE-lot-hop-vuong-1.webp\" \/>\n\t<meta property=\"og:image:width\" content=\"800\" \/>\n\t<meta property=\"og:image:height\" content=\"800\" \/>\n\t<meta property=\"og:image:type\" content=\"image\/webp\" \/>\n<meta name=\"twitter:card\" content=\"summary_large_image\" \/>\n<meta name=\"twitter:label1\" content=\"Est. reading time\" \/>\n\t<meta name=\"twitter:data1\" content=\"2 minutes\" \/>\n<script type=\"application\/ld+json\" class=\"yoast-schema-graph\">{\"@context\":\"https:\/\/schema.org\",\"@graph\":[{\"@type\":\"WebPage\",\"@id\":\"https:\/\/epe.vn\/manufacturer\/xop-epe-lot-hop-vuong\/\",\"url\":\"https:\/\/epe.vn\/manufacturer\/xop-epe-lot-hop-vuong\/\",\"name\":\"X\u1ed1p EPE l\u00f3t h\u1ed9p vu\u00f4ng | Tu\u1ef3 ch\u1ec9nh theo y\u00eau c\u1ea7u - Nh\u00e0 s\u1ea3n xu\u1ea5t b\u1ecdt Polyethylene m\u1edf r\u1ed9ng\",\"isPartOf\":{\"@id\":\"https:\/\/epe.vn\/#website\"},\"primaryImageOfPage\":{\"@id\":\"https:\/\/epe.vn\/manufacturer\/xop-epe-lot-hop-vuong\/#primaryimage\"},\"image\":{\"@id\":\"https:\/\/epe.vn\/manufacturer\/xop-epe-lot-hop-vuong\/#primaryimage\"},\"thumbnailUrl\":\"https:\/\/epe.vn\/wp-content\/uploads\/2025\/04\/Xop-EPE-lot-hop-vuong-1.webp\",\"datePublished\":\"2025-04-28T08:08:38+00:00\",\"dateModified\":\"2025-04-28T08:08:38+00:00\",\"description\":\"X\u1ed1p EPE l\u00f3t h\u1ed9p vu\u00f4ng Dong Rui Vi\u1ec7t Nam ch\u1ed1ng s\u1ed1c, c\u1ed1 \u0111\u1ecbnh s\u1ea3n ph\u1ea9m, nh\u1eb9 b\u1ec1n, gia c\u00f4ng linh ho\u1ea1t, gi\u00fap b\u1ea3o v\u1ec7 v\u00e0 n\u00e2ng cao th\u1ea9m m\u1ef9 s\u1ea3n ph\u1ea9m trong h\u1ed9p.\",\"breadcrumb\":{\"@id\":\"https:\/\/epe.vn\/manufacturer\/xop-epe-lot-hop-vuong\/#breadcrumb\"},\"inLanguage\":\"en-US\",\"potentialAction\":[{\"@type\":\"ReadAction\",\"target\":[\"https:\/\/epe.vn\/manufacturer\/xop-epe-lot-hop-vuong\/\"]}]},{\"@type\":\"ImageObject\",\"inLanguage\":\"en-US\",\"@id\":\"https:\/\/epe.vn\/manufacturer\/xop-epe-lot-hop-vuong\/#primaryimage\",\"url\":\"https:\/\/epe.vn\/wp-content\/uploads\/2025\/04\/Xop-EPE-lot-hop-vuong-1.webp\",\"contentUrl\":\"https:\/\/epe.vn\/wp-content\/uploads\/2025\/04\/Xop-EPE-lot-hop-vuong-1.webp\",\"width\":800,\"height\":800,\"caption\":\"Xo\u0302\u0301p EPE lo\u0301t ho\u0323\u0302p vuo\u0302ng\"},{\"@type\":\"BreadcrumbList\",\"@id\":\"https:\/\/epe.vn\/manufacturer\/xop-epe-lot-hop-vuong\/#breadcrumb\",\"itemListElement\":[{\"@type\":\"ListItem\",\"position\":1,\"name\":\"Home\",\"item\":\"https:\/\/epe.vn\/\"},{\"@type\":\"ListItem\",\"position\":2,\"name\":\"Shop\",\"item\":\"https:\/\/epe.vn\/shop\/\"},{\"@type\":\"ListItem\",\"position\":3,\"name\":\"X\u1ed1p EPE l\u00f3t h\u1ed9p vu\u00f4ng | Tu\u1ef3 ch\u1ec9nh theo y\u00eau c\u1ea7u\"}]},{\"@type\":\"WebSite\",\"@id\":\"https:\/\/epe.vn\/#website\",\"url\":\"https:\/\/epe.vn\/\",\"name\":\"Nh\u00e0 s\u1ea3n xu\u1ea5t b\u1ecdt Polyethylene m\u1edf r\u1ed9ng\",\"description\":\"Nh\u00e0 cung c\u1ea5p bao b\u00ec v\u1ec9 x\u1ed1p polyethylene m\u1edf r\u1ed9ng v\u00e0 t\u00fai PE\",\"potentialAction\":[{\"@type\":\"SearchAction\",\"target\":{\"@type\":\"EntryPoint\",\"urlTemplate\":\"https:\/\/epe.vn\/?s={search_term_string}\"},\"query-input\":{\"@type\":\"PropertyValueSpecification\",\"valueRequired\":true,\"valueName\":\"search_term_string\"}}],\"inLanguage\":\"en-US\"}]}<\/script>\n<!-- \/ Yoast SEO plugin. -->","yoast_head_json":{"title":"X\u1ed1p EPE l\u00f3t h\u1ed9p vu\u00f4ng | Tu\u1ef3 ch\u1ec9nh theo y\u00eau c\u1ea7u - Nh\u00e0 s\u1ea3n xu\u1ea5t b\u1ecdt Polyethylene m\u1edf r\u1ed9ng","description":"X\u1ed1p EPE l\u00f3t h\u1ed9p vu\u00f4ng Dong Rui Vi\u1ec7t Nam ch\u1ed1ng s\u1ed1c, c\u1ed1 \u0111\u1ecbnh s\u1ea3n ph\u1ea9m, nh\u1eb9 b\u1ec1n, gia c\u00f4ng linh ho\u1ea1t, gi\u00fap b\u1ea3o v\u1ec7 v\u00e0 n\u00e2ng cao th\u1ea9m m\u1ef9 s\u1ea3n ph\u1ea9m trong h\u1ed9p.","robots":{"index":"index","follow":"follow","max-snippet":"max-snippet:-1","max-image-preview":"max-image-preview:large","max-video-preview":"max-video-preview:-1"},"canonical":"https:\/\/epe.vn\/en\/manufacturer\/xop-epe-lot-hop-vuong\/","og_locale":"en_US","og_type":"article","og_title":"X\u1ed1p EPE l\u00f3t h\u1ed9p vu\u00f4ng | Tu\u1ef3 ch\u1ec9nh theo y\u00eau c\u1ea7u - Nh\u00e0 s\u1ea3n xu\u1ea5t b\u1ecdt Polyethylene m\u1edf r\u1ed9ng","og_description":"X\u1ed1p EPE l\u00f3t h\u1ed9p vu\u00f4ng Dong Rui Vi\u1ec7t Nam ch\u1ed1ng s\u1ed1c, c\u1ed1 \u0111\u1ecbnh s\u1ea3n ph\u1ea9m, nh\u1eb9 b\u1ec1n, gia c\u00f4ng linh ho\u1ea1t, gi\u00fap b\u1ea3o v\u1ec7 v\u00e0 n\u00e2ng cao th\u1ea9m m\u1ef9 s\u1ea3n ph\u1ea9m trong h\u1ed9p.","og_url":"https:\/\/epe.vn\/en\/manufacturer\/xop-epe-lot-hop-vuong\/","og_site_name":"Nh\u00e0 s\u1ea3n xu\u1ea5t b\u1ecdt Polyethylene m\u1edf r\u1ed9ng","og_image":[{"width":800,"height":800,"url":"https:\/\/epe.vn\/wp-content\/uploads\/2025\/04\/Xop-EPE-lot-hop-vuong-1.webp","type":"image\/webp"}],"twitter_card":"summary_large_image","twitter_misc":{"Est. reading time":"2 minutes"},"schema":{"@context":"https:\/\/schema.org","@graph":[{"@type":"WebPage","@id":"https:\/\/epe.vn\/manufacturer\/xop-epe-lot-hop-vuong\/","url":"https:\/\/epe.vn\/manufacturer\/xop-epe-lot-hop-vuong\/","name":"X\u1ed1p EPE l\u00f3t h\u1ed9p vu\u00f4ng | Tu\u1ef3 ch\u1ec9nh theo y\u00eau c\u1ea7u - Nh\u00e0 s\u1ea3n xu\u1ea5t b\u1ecdt Polyethylene m\u1edf r\u1ed9ng","isPartOf":{"@id":"https:\/\/epe.vn\/#website"},"primaryImageOfPage":{"@id":"https:\/\/epe.vn\/manufacturer\/xop-epe-lot-hop-vuong\/#primaryimage"},"image":{"@id":"https:\/\/epe.vn\/manufacturer\/xop-epe-lot-hop-vuong\/#primaryimage"},"thumbnailUrl":"https:\/\/epe.vn\/wp-content\/uploads\/2025\/04\/Xop-EPE-lot-hop-vuong-1.webp","datePublished":"2025-04-28T08:08:38+00:00","dateModified":"2025-04-28T08:08:38+00:00","description":"X\u1ed1p EPE l\u00f3t h\u1ed9p vu\u00f4ng Dong Rui Vi\u1ec7t Nam ch\u1ed1ng s\u1ed1c, c\u1ed1 \u0111\u1ecbnh s\u1ea3n ph\u1ea9m, nh\u1eb9 b\u1ec1n, gia c\u00f4ng linh ho\u1ea1t, gi\u00fap b\u1ea3o v\u1ec7 v\u00e0 n\u00e2ng cao th\u1ea9m m\u1ef9 s\u1ea3n ph\u1ea9m trong h\u1ed9p.","breadcrumb":{"@id":"https:\/\/epe.vn\/manufacturer\/xop-epe-lot-hop-vuong\/#breadcrumb"},"inLanguage":"en-US","potentialAction":[{"@type":"ReadAction","target":["https:\/\/epe.vn\/manufacturer\/xop-epe-lot-hop-vuong\/"]}]},{"@type":"ImageObject","inLanguage":"en-US","@id":"https:\/\/epe.vn\/manufacturer\/xop-epe-lot-hop-vuong\/#primaryimage","url":"https:\/\/epe.vn\/wp-content\/uploads\/2025\/04\/Xop-EPE-lot-hop-vuong-1.webp","contentUrl":"https:\/\/epe.vn\/wp-content\/uploads\/2025\/04\/Xop-EPE-lot-hop-vuong-1.webp","width":800,"height":800,"caption":"Xo\u0302\u0301p EPE lo\u0301t ho\u0323\u0302p vuo\u0302ng"},{"@type":"BreadcrumbList","@id":"https:\/\/epe.vn\/manufacturer\/xop-epe-lot-hop-vuong\/#breadcrumb","itemListElement":[{"@type":"ListItem","position":1,"name":"Home","item":"https:\/\/epe.vn\/"},{"@type":"ListItem","position":2,"name":"Shop","item":"https:\/\/epe.vn\/shop\/"},{"@type":"ListItem","position":3,"name":"X\u1ed1p EPE l\u00f3t h\u1ed9p vu\u00f4ng | Tu\u1ef3 ch\u1ec9nh theo y\u00eau c\u1ea7u"}]},{"@type":"WebSite","@id":"https:\/\/epe.vn\/#website","url":"https:\/\/epe.vn\/","name":"Nh\u00e0 s\u1ea3n xu\u1ea5t b\u1ecdt Polyethylene m\u1edf r\u1ed9ng","description":"Nh\u00e0 cung c\u1ea5p bao b\u00ec v\u1ec9 x\u1ed1p polyethylene m\u1edf r\u1ed9ng v\u00e0 t\u00fai PE","potentialAction":[{"@type":"SearchAction","target":{"@type":"EntryPoint","urlTemplate":"https:\/\/epe.vn\/?s={search_term_string}"},"query-input":{"@type":"PropertyValueSpecification","valueRequired":true,"valueName":"search_term_string"}}],"inLanguage":"en-US"}]}},"_links":{"self":[{"href":"https:\/\/epe.vn\/en\/wp-json\/wp\/v2\/product\/1980","targetHints":{"allow":["GET"]}}],"collection":[{"href":"https:\/\/epe.vn\/en\/wp-json\/wp\/v2\/product"}],"about":[{"href":"https:\/\/epe.vn\/en\/wp-json\/wp\/v2\/types\/product"}],"replies":[{"embeddable":true,"href":"https:\/\/epe.vn\/en\/wp-json\/wp\/v2\/comments?post=1980"}],"wp:featuredmedia":[{"embeddable":true,"href":"https:\/\/epe.vn\/en\/wp-json\/wp\/v2\/media\/1981"}],"wp:attachment":[{"href":"https:\/\/epe.vn\/en\/wp-json\/wp\/v2\/media?parent=1980"}],"wp:term":[{"taxonomy":"product_cat","embeddable":true,"href":"https:\/\/epe.vn\/en\/wp-json\/wp\/v2\/product_cat?post=1980"},{"taxonomy":"product_tag","embeddable":true,"href":"https:\/\/epe.vn\/en\/wp-json\/wp\/v2\/product_tag?post=1980"}],"curies":[{"name":"wp","href":"https:\/\/api.w.org\/{rel}","templated":true}]}}