{"id":2202,"date":"2025-05-06T08:55:47","date_gmt":"2025-05-06T01:55:47","guid":{"rendered":"https:\/\/epe.vn\/?post_type=product&#038;p=2202"},"modified":"2025-05-06T08:55:47","modified_gmt":"2025-05-06T01:55:47","slug":"tam-xop-epe-chong-soc","status":"publish","type":"product","link":"https:\/\/epe.vn\/en\/manufacturer\/tam-xop-epe-chong-soc\/","title":{"rendered":"T\u1ea5m x\u1ed1p EPE ch\u1ed1ng s\u1ed1c | Ch\u1ed1ng t\u0129nh \u0111i\u1ec7n | Tu\u1ef3 ch\u1ec9nh theo y\u00eau c\u1ea7u"},"content":{"rendered":"<h2><span style=\"font-weight: 400;\">Th\u00f4ng tin s\u1ea3n ph\u1ea9m:<\/span><\/h2>\n<table>\n<tbody>\n<tr>\n<td><b>Ti\u00eau ch\u00ed<\/b><\/td>\n<td><b>Th\u00f4ng tin chi ti\u1ebft<\/b><\/td>\n<\/tr>\n<tr>\n<td><b>Product Name<\/b><\/td>\n<td><span style=\"font-weight: 400;\">T\u1ea5m x\u1ed1p EPE ch\u1ed1ng s\u1ed1c, ch\u1ed1ng t\u0129nh \u0111i\u1ec7n<\/span><\/td>\n<\/tr>\n<tr>\n<td><b>Th\u01b0\u01a1ng hi\u1ec7u<\/b><\/td>\n<td><span style=\"font-weight: 400;\">Dong Rui Vi\u1ec7t Nam<\/span><\/td>\n<\/tr>\n<tr>\n<td><b>Material<\/b><\/td>\n<td><span style=\"font-weight: 400;\">EPE Foam k\u1ebft h\u1ee3p ph\u1ee5 gia ch\u1ed1ng t\u0129nh \u0111i\u1ec7n<\/span><\/td>\n<\/tr>\n<tr>\n<td><b>Ki\u1ec3u d\u00e1ng<\/b><\/td>\n<td><span style=\"font-weight: 400;\">T\u1ea5m ph\u1eb3ng ho\u1eb7c t\u1ea5m c\u1eaft \u0111\u1ecbnh h\u00ecnh<\/span><\/td>\n<\/tr>\n<tr>\n<td><b>Size<\/b><\/td>\n<td><span style=\"font-weight: 400;\">Theo y\u00eau c\u1ea7u kh\u00e1ch h\u00e0ng<\/span><\/td>\n<\/tr>\n<tr>\n<td><b>\u0110\u1ed9 d\u00e0y<\/b><\/td>\n<td><span style=\"font-weight: 400;\">3mm \u2013 50mm<\/span><\/td>\n<\/tr>\n<tr>\n<td><b>Color<\/b><\/td>\n<td><span style=\"font-weight: 400;\">H\u1ed3ng, \u0111en (m\u00e0u chuy\u00ean d\u1ee5ng ch\u1ed1ng t\u0129nh \u0111i\u1ec7n)<\/span><\/td>\n<\/tr>\n<tr>\n<td><b>Xu\u1ea5t x\u1ee9<\/b><\/td>\n<td><span style=\"font-weight: 400;\">Trung Qu\u1ed1c<\/span><\/td>\n<\/tr>\n<tr>\n<td><b>T\u00ednh n\u0103ng n\u1ed5i b\u1eadt<\/b><\/td>\n<td><span style=\"font-weight: 400;\">Ch\u1ed1ng s\u1ed1c, ch\u1ed1ng t\u0129nh \u0111i\u1ec7n, nh\u1eb9, \u0111\u00e0n h\u1ed3i, c\u00e1ch nhi\u1ec7t t\u1ed1t<\/span><\/td>\n<\/tr>\n<tr>\n<td><b>\u1ee8ng d\u1ee5ng ph\u1ed5 bi\u1ebfn<\/b><\/td>\n<td><span style=\"font-weight: 400;\">B\u1ea3o v\u1ec7 linh ki\u1ec7n \u0111i\u1ec7n t\u1eed, b\u1ea3ng m\u1ea1ch, thi\u1ebft b\u1ecb ch\u00ednh x\u00e1c<\/span><\/td>\n<\/tr>\n<tr>\n<td><b>Ch\u1ee9ng nh\u1eadn ch\u1ea5t l\u01b0\u1ee3ng<\/b><\/td>\n<td><span style=\"font-weight: 400;\">ISO 9001, RoHS, CE<\/span><\/td>\n<\/tr>\n<tr>\n<td><b>\u0110\u00f3ng g\u00f3i<\/b><\/td>\n<td><span style=\"font-weight: 400;\">T\u1ea5m ho\u1eb7c cu\u1ed9n, \u0111\u00f3ng g\u00f3i theo ki\u1ec7n<\/span><\/td>\n<\/tr>\n<tr>\n<td><b>L\u1ee3i \u00edch s\u1eed d\u1ee5ng<\/b><\/td>\n<td><span style=\"font-weight: 400;\">Ng\u0103n ch\u1eb7n h\u01b0 h\u1ecfng do va \u0111\u1eadp v\u00e0 t\u0129nh \u0111i\u1ec7n, b\u1ea3o v\u1ec7 an to\u00e0n cho thi\u1ebft b\u1ecb nh\u1ea1y c\u1ea3m<\/span><\/td>\n<\/tr>\n<\/tbody>\n<\/table>\n<h2><span style=\"font-weight: 400;\">Ch\u1ee9c n\u0103ng c\u1ee7a t\u1ea5m x\u1ed1p EPE ch\u1ed1ng s\u1ed1c:<\/span><\/h2>\n<ul>\n<li style=\"font-weight: 400;\" aria-level=\"1\"><span style=\"font-weight: 400;\">B\u1ea3o v\u1ec7 thi\u1ebft b\u1ecb \u0111i\u1ec7n t\u1eed v\u00e0 linh ki\u1ec7n nh\u1ea1y c\u1ea3m kh\u1ecfi va \u0111\u1eadp v\u00e0 ph\u00f3ng t\u0129nh \u0111i\u1ec7n trong qu\u00e1 tr\u00ecnh v\u1eadn chuy\u1ec3n v\u00e0 l\u01b0u kho.<\/span><\/li>\n<\/ul>\n<h2><span style=\"font-weight: 400;\">\u01afu \u0111i\u1ec3m:<\/span><\/h2>\n<ul>\n<li style=\"font-weight: 400;\" aria-level=\"1\"><span style=\"font-weight: 400;\">Ch\u1ea5t li\u1ec7u nh\u1eb9, \u0111\u00e0n h\u1ed3i, d\u1ec5 thi c\u00f4ng v\u00e0 c\u1eaft theo y\u00eau c\u1ea7u.<\/span><\/li>\n<li style=\"font-weight: 400;\" aria-level=\"1\"><span style=\"font-weight: 400;\">Ng\u0103n ng\u1eeba hi\u1ec7n t\u01b0\u1ee3ng ph\u00f3ng t\u0129nh \u0111i\u1ec7n \u2013 nguy\u00ean nh\u00e2n g\u00e2y h\u01b0 h\u1ecfng linh ki\u1ec7n.<\/span><\/li>\n<li style=\"font-weight: 400;\" aria-level=\"1\"><span style=\"font-weight: 400;\">C\u00f3 th\u1ec3 t\u00e1i s\u1eed d\u1ee5ng nhi\u1ec1u l\u1ea7n, ti\u1ebft ki\u1ec7m chi ph\u00ed l\u00e2u d\u00e0i.<\/span><\/li>\n<\/ul>","protected":false},"excerpt":{"rendered":"<p class=\"\" data-start=\"2341\" data-end=\"2647\"><strong data-start=\"2341\" data-end=\"2383\">T\u1ea5m x\u1ed1p EPE ch\u1ed1ng s\u1ed1c, ch\u1ed1ng t\u0129nh \u0111i\u1ec7n<\/strong> l\u00e0 l\u1ef1a ch\u1ecdn l\u00fd t\u01b0\u1edfng cho ng\u00e0nh \u0111i\u1ec7n t\u1eed v\u00e0 c\u00f4ng nghi\u1ec7p k\u1ef9 thu\u1eadt cao. V\u1edbi kh\u1ea3 n\u0103ng h\u1ea5p th\u1ee5 l\u1ef1c va \u0111\u1eadp v\u00e0 ki\u1ec3m so\u00e1t t\u0129nh \u0111i\u1ec7n, s\u1ea3n ph\u1ea9m gi\u00fap b\u1ea3o v\u1ec7 hi\u1ec7u qu\u1ea3 c\u00e1c thi\u1ebft b\u1ecb \u0111i\u1ec7n t\u1eed, b\u1ea3ng m\u1ea1ch v\u00e0 linh ki\u1ec7n nh\u1ea1y c\u1ea3m kh\u1ecfi h\u01b0 h\u1ecfng trong su\u1ed1t qu\u00e1 tr\u00ecnh v\u1eadn chuy\u1ec3n, b\u1ea3o qu\u1ea3n.<\/p>","protected":false},"featured_media":2203,"comment_status":"open","ping_status":"closed","template":"","meta":[],"product_cat":[36],"product_tag":[48,47,55,60,52],"class_list":{"0":"post-2202","1":"product","2":"type-product","3":"status-publish","4":"has-post-thumbnail","6":"product_cat-tam-mut-xop","7":"product_tag-epe-foam","8":"product_tag-mut-xop-epe","9":"product_tag-tam-xop-epe","10":"product_tag-tuy-chinh-xop-epe","11":"product_tag-xop-epe","13":"first","14":"instock","15":"shipping-taxable","16":"product-type-simple"},"yoast_head":"<!-- This site is optimized with the Yoast SEO plugin v23.4 - https:\/\/yoast.com\/wordpress\/plugins\/seo\/ -->\n<title>T\u1ea5m x\u1ed1p EPE ch\u1ed1ng s\u1ed1c | Ch\u1ed1ng t\u0129nh \u0111i\u1ec7n | Tu\u1ef3 ch\u1ec9nh theo y\u00eau c\u1ea7u - Nh\u00e0 s\u1ea3n xu\u1ea5t b\u1ecdt Polyethylene m\u1edf r\u1ed9ng<\/title>\n<meta name=\"description\" content=\"T\u1ea5m x\u1ed1p EPE ch\u1ed1ng s\u1ed1c, ch\u1ed1ng t\u0129nh \u0111i\u1ec7n chuy\u00ean d\u1ee5ng cho thi\u1ebft b\u1ecb \u0111i\u1ec7n t\u1eed, ng\u0103n ph\u00f3ng t\u0129nh \u0111i\u1ec7n, b\u1ea3o v\u1ec7 an to\u00e0n trong v\u1eadn chuy\u1ec3n v\u00e0 l\u01b0u tr\u1eef.\" \/>\n<meta name=\"robots\" content=\"index, follow, max-snippet:-1, max-image-preview:large, max-video-preview:-1\" \/>\n<link rel=\"canonical\" href=\"https:\/\/epe.vn\/en\/manufacturer\/tam-xop-epe-chong-soc\/\" \/>\n<meta property=\"og:locale\" content=\"en_US\" \/>\n<meta property=\"og:type\" content=\"article\" \/>\n<meta property=\"og:title\" content=\"T\u1ea5m x\u1ed1p EPE ch\u1ed1ng s\u1ed1c | Ch\u1ed1ng t\u0129nh \u0111i\u1ec7n | Tu\u1ef3 ch\u1ec9nh theo y\u00eau c\u1ea7u - Nh\u00e0 s\u1ea3n xu\u1ea5t b\u1ecdt Polyethylene m\u1edf r\u1ed9ng\" \/>\n<meta property=\"og:description\" content=\"T\u1ea5m x\u1ed1p EPE ch\u1ed1ng s\u1ed1c, ch\u1ed1ng t\u0129nh \u0111i\u1ec7n chuy\u00ean d\u1ee5ng cho thi\u1ebft b\u1ecb \u0111i\u1ec7n t\u1eed, ng\u0103n ph\u00f3ng t\u0129nh \u0111i\u1ec7n, b\u1ea3o v\u1ec7 an to\u00e0n trong v\u1eadn chuy\u1ec3n v\u00e0 l\u01b0u tr\u1eef.\" \/>\n<meta property=\"og:url\" content=\"https:\/\/epe.vn\/en\/manufacturer\/tam-xop-epe-chong-soc\/\" \/>\n<meta property=\"og:site_name\" content=\"Nh\u00e0 s\u1ea3n xu\u1ea5t b\u1ecdt Polyethylene m\u1edf r\u1ed9ng\" \/>\n<meta property=\"og:image\" content=\"https:\/\/epe.vn\/wp-content\/uploads\/2025\/05\/Tam-xop-EPE-chong-soc.webp\" \/>\n\t<meta property=\"og:image:width\" content=\"800\" \/>\n\t<meta property=\"og:image:height\" content=\"800\" \/>\n\t<meta property=\"og:image:type\" content=\"image\/webp\" \/>\n<meta name=\"twitter:card\" content=\"summary_large_image\" \/>\n<meta name=\"twitter:label1\" content=\"Est. reading time\" \/>\n\t<meta name=\"twitter:data1\" content=\"2 minutes\" \/>\n<script type=\"application\/ld+json\" class=\"yoast-schema-graph\">{\"@context\":\"https:\/\/schema.org\",\"@graph\":[{\"@type\":\"WebPage\",\"@id\":\"https:\/\/epe.vn\/manufacturer\/tam-xop-epe-chong-soc\/\",\"url\":\"https:\/\/epe.vn\/manufacturer\/tam-xop-epe-chong-soc\/\",\"name\":\"T\u1ea5m x\u1ed1p EPE ch\u1ed1ng s\u1ed1c | Ch\u1ed1ng t\u0129nh \u0111i\u1ec7n | Tu\u1ef3 ch\u1ec9nh theo y\u00eau c\u1ea7u - Nh\u00e0 s\u1ea3n xu\u1ea5t b\u1ecdt Polyethylene m\u1edf r\u1ed9ng\",\"isPartOf\":{\"@id\":\"https:\/\/epe.vn\/#website\"},\"primaryImageOfPage\":{\"@id\":\"https:\/\/epe.vn\/manufacturer\/tam-xop-epe-chong-soc\/#primaryimage\"},\"image\":{\"@id\":\"https:\/\/epe.vn\/manufacturer\/tam-xop-epe-chong-soc\/#primaryimage\"},\"thumbnailUrl\":\"https:\/\/epe.vn\/wp-content\/uploads\/2025\/05\/Tam-xop-EPE-chong-soc.webp\",\"datePublished\":\"2025-05-06T01:55:47+00:00\",\"dateModified\":\"2025-05-06T01:55:47+00:00\",\"description\":\"T\u1ea5m x\u1ed1p EPE ch\u1ed1ng s\u1ed1c, ch\u1ed1ng t\u0129nh \u0111i\u1ec7n chuy\u00ean d\u1ee5ng cho thi\u1ebft b\u1ecb \u0111i\u1ec7n t\u1eed, ng\u0103n ph\u00f3ng t\u0129nh \u0111i\u1ec7n, b\u1ea3o v\u1ec7 an to\u00e0n trong v\u1eadn chuy\u1ec3n v\u00e0 l\u01b0u tr\u1eef.\",\"breadcrumb\":{\"@id\":\"https:\/\/epe.vn\/manufacturer\/tam-xop-epe-chong-soc\/#breadcrumb\"},\"inLanguage\":\"en-US\",\"potentialAction\":[{\"@type\":\"ReadAction\",\"target\":[\"https:\/\/epe.vn\/manufacturer\/tam-xop-epe-chong-soc\/\"]}]},{\"@type\":\"ImageObject\",\"inLanguage\":\"en-US\",\"@id\":\"https:\/\/epe.vn\/manufacturer\/tam-xop-epe-chong-soc\/#primaryimage\",\"url\":\"https:\/\/epe.vn\/wp-content\/uploads\/2025\/05\/Tam-xop-EPE-chong-soc.webp\",\"contentUrl\":\"https:\/\/epe.vn\/wp-content\/uploads\/2025\/05\/Tam-xop-EPE-chong-soc.webp\",\"width\":800,\"height\":800,\"caption\":\"Ta\u0302\u0301m xo\u0302\u0301p EPE cho\u0302\u0301ng so\u0302\u0301c\"},{\"@type\":\"BreadcrumbList\",\"@id\":\"https:\/\/epe.vn\/manufacturer\/tam-xop-epe-chong-soc\/#breadcrumb\",\"itemListElement\":[{\"@type\":\"ListItem\",\"position\":1,\"name\":\"Home\",\"item\":\"https:\/\/epe.vn\/\"},{\"@type\":\"ListItem\",\"position\":2,\"name\":\"Shop\",\"item\":\"https:\/\/epe.vn\/shop\/\"},{\"@type\":\"ListItem\",\"position\":3,\"name\":\"T\u1ea5m x\u1ed1p EPE ch\u1ed1ng s\u1ed1c | Ch\u1ed1ng t\u0129nh \u0111i\u1ec7n | Tu\u1ef3 ch\u1ec9nh theo y\u00eau c\u1ea7u\"}]},{\"@type\":\"WebSite\",\"@id\":\"https:\/\/epe.vn\/#website\",\"url\":\"https:\/\/epe.vn\/\",\"name\":\"Nh\u00e0 s\u1ea3n xu\u1ea5t b\u1ecdt Polyethylene m\u1edf r\u1ed9ng\",\"description\":\"Nh\u00e0 cung c\u1ea5p bao b\u00ec v\u1ec9 x\u1ed1p polyethylene m\u1edf r\u1ed9ng v\u00e0 t\u00fai PE\",\"potentialAction\":[{\"@type\":\"SearchAction\",\"target\":{\"@type\":\"EntryPoint\",\"urlTemplate\":\"https:\/\/epe.vn\/?s={search_term_string}\"},\"query-input\":{\"@type\":\"PropertyValueSpecification\",\"valueRequired\":true,\"valueName\":\"search_term_string\"}}],\"inLanguage\":\"en-US\"}]}<\/script>\n<!-- \/ Yoast SEO plugin. -->","yoast_head_json":{"title":"T\u1ea5m x\u1ed1p EPE ch\u1ed1ng s\u1ed1c | Ch\u1ed1ng t\u0129nh \u0111i\u1ec7n | Tu\u1ef3 ch\u1ec9nh theo y\u00eau c\u1ea7u - Nh\u00e0 s\u1ea3n xu\u1ea5t b\u1ecdt Polyethylene m\u1edf r\u1ed9ng","description":"T\u1ea5m x\u1ed1p EPE ch\u1ed1ng s\u1ed1c, ch\u1ed1ng t\u0129nh \u0111i\u1ec7n chuy\u00ean d\u1ee5ng cho thi\u1ebft b\u1ecb \u0111i\u1ec7n t\u1eed, ng\u0103n ph\u00f3ng t\u0129nh \u0111i\u1ec7n, b\u1ea3o v\u1ec7 an to\u00e0n trong v\u1eadn chuy\u1ec3n v\u00e0 l\u01b0u tr\u1eef.","robots":{"index":"index","follow":"follow","max-snippet":"max-snippet:-1","max-image-preview":"max-image-preview:large","max-video-preview":"max-video-preview:-1"},"canonical":"https:\/\/epe.vn\/en\/manufacturer\/tam-xop-epe-chong-soc\/","og_locale":"en_US","og_type":"article","og_title":"T\u1ea5m x\u1ed1p EPE ch\u1ed1ng s\u1ed1c | Ch\u1ed1ng t\u0129nh \u0111i\u1ec7n | Tu\u1ef3 ch\u1ec9nh theo y\u00eau c\u1ea7u - Nh\u00e0 s\u1ea3n xu\u1ea5t b\u1ecdt Polyethylene m\u1edf r\u1ed9ng","og_description":"T\u1ea5m x\u1ed1p EPE ch\u1ed1ng s\u1ed1c, ch\u1ed1ng t\u0129nh \u0111i\u1ec7n chuy\u00ean d\u1ee5ng cho thi\u1ebft b\u1ecb \u0111i\u1ec7n t\u1eed, ng\u0103n ph\u00f3ng t\u0129nh \u0111i\u1ec7n, b\u1ea3o v\u1ec7 an to\u00e0n trong v\u1eadn chuy\u1ec3n v\u00e0 l\u01b0u tr\u1eef.","og_url":"https:\/\/epe.vn\/en\/manufacturer\/tam-xop-epe-chong-soc\/","og_site_name":"Nh\u00e0 s\u1ea3n xu\u1ea5t b\u1ecdt Polyethylene m\u1edf r\u1ed9ng","og_image":[{"width":800,"height":800,"url":"https:\/\/epe.vn\/wp-content\/uploads\/2025\/05\/Tam-xop-EPE-chong-soc.webp","type":"image\/webp"}],"twitter_card":"summary_large_image","twitter_misc":{"Est. reading time":"2 minutes"},"schema":{"@context":"https:\/\/schema.org","@graph":[{"@type":"WebPage","@id":"https:\/\/epe.vn\/manufacturer\/tam-xop-epe-chong-soc\/","url":"https:\/\/epe.vn\/manufacturer\/tam-xop-epe-chong-soc\/","name":"T\u1ea5m x\u1ed1p EPE ch\u1ed1ng s\u1ed1c | Ch\u1ed1ng t\u0129nh \u0111i\u1ec7n | Tu\u1ef3 ch\u1ec9nh theo y\u00eau c\u1ea7u - Nh\u00e0 s\u1ea3n xu\u1ea5t b\u1ecdt Polyethylene m\u1edf r\u1ed9ng","isPartOf":{"@id":"https:\/\/epe.vn\/#website"},"primaryImageOfPage":{"@id":"https:\/\/epe.vn\/manufacturer\/tam-xop-epe-chong-soc\/#primaryimage"},"image":{"@id":"https:\/\/epe.vn\/manufacturer\/tam-xop-epe-chong-soc\/#primaryimage"},"thumbnailUrl":"https:\/\/epe.vn\/wp-content\/uploads\/2025\/05\/Tam-xop-EPE-chong-soc.webp","datePublished":"2025-05-06T01:55:47+00:00","dateModified":"2025-05-06T01:55:47+00:00","description":"T\u1ea5m x\u1ed1p EPE ch\u1ed1ng s\u1ed1c, ch\u1ed1ng t\u0129nh \u0111i\u1ec7n chuy\u00ean d\u1ee5ng cho thi\u1ebft b\u1ecb \u0111i\u1ec7n t\u1eed, ng\u0103n ph\u00f3ng t\u0129nh \u0111i\u1ec7n, b\u1ea3o v\u1ec7 an to\u00e0n trong v\u1eadn chuy\u1ec3n v\u00e0 l\u01b0u tr\u1eef.","breadcrumb":{"@id":"https:\/\/epe.vn\/manufacturer\/tam-xop-epe-chong-soc\/#breadcrumb"},"inLanguage":"en-US","potentialAction":[{"@type":"ReadAction","target":["https:\/\/epe.vn\/manufacturer\/tam-xop-epe-chong-soc\/"]}]},{"@type":"ImageObject","inLanguage":"en-US","@id":"https:\/\/epe.vn\/manufacturer\/tam-xop-epe-chong-soc\/#primaryimage","url":"https:\/\/epe.vn\/wp-content\/uploads\/2025\/05\/Tam-xop-EPE-chong-soc.webp","contentUrl":"https:\/\/epe.vn\/wp-content\/uploads\/2025\/05\/Tam-xop-EPE-chong-soc.webp","width":800,"height":800,"caption":"Ta\u0302\u0301m xo\u0302\u0301p EPE cho\u0302\u0301ng so\u0302\u0301c"},{"@type":"BreadcrumbList","@id":"https:\/\/epe.vn\/manufacturer\/tam-xop-epe-chong-soc\/#breadcrumb","itemListElement":[{"@type":"ListItem","position":1,"name":"Home","item":"https:\/\/epe.vn\/"},{"@type":"ListItem","position":2,"name":"Shop","item":"https:\/\/epe.vn\/shop\/"},{"@type":"ListItem","position":3,"name":"T\u1ea5m x\u1ed1p EPE ch\u1ed1ng s\u1ed1c | Ch\u1ed1ng t\u0129nh \u0111i\u1ec7n | Tu\u1ef3 ch\u1ec9nh theo y\u00eau c\u1ea7u"}]},{"@type":"WebSite","@id":"https:\/\/epe.vn\/#website","url":"https:\/\/epe.vn\/","name":"Nh\u00e0 s\u1ea3n xu\u1ea5t b\u1ecdt Polyethylene m\u1edf r\u1ed9ng","description":"Nh\u00e0 cung c\u1ea5p bao b\u00ec v\u1ec9 x\u1ed1p polyethylene m\u1edf r\u1ed9ng v\u00e0 t\u00fai PE","potentialAction":[{"@type":"SearchAction","target":{"@type":"EntryPoint","urlTemplate":"https:\/\/epe.vn\/?s={search_term_string}"},"query-input":{"@type":"PropertyValueSpecification","valueRequired":true,"valueName":"search_term_string"}}],"inLanguage":"en-US"}]}},"_links":{"self":[{"href":"https:\/\/epe.vn\/en\/wp-json\/wp\/v2\/product\/2202","targetHints":{"allow":["GET"]}}],"collection":[{"href":"https:\/\/epe.vn\/en\/wp-json\/wp\/v2\/product"}],"about":[{"href":"https:\/\/epe.vn\/en\/wp-json\/wp\/v2\/types\/product"}],"replies":[{"embeddable":true,"href":"https:\/\/epe.vn\/en\/wp-json\/wp\/v2\/comments?post=2202"}],"wp:featuredmedia":[{"embeddable":true,"href":"https:\/\/epe.vn\/en\/wp-json\/wp\/v2\/media\/2203"}],"wp:attachment":[{"href":"https:\/\/epe.vn\/en\/wp-json\/wp\/v2\/media?parent=2202"}],"wp:term":[{"taxonomy":"product_cat","embeddable":true,"href":"https:\/\/epe.vn\/en\/wp-json\/wp\/v2\/product_cat?post=2202"},{"taxonomy":"product_tag","embeddable":true,"href":"https:\/\/epe.vn\/en\/wp-json\/wp\/v2\/product_tag?post=2202"}],"curies":[{"name":"wp","href":"https:\/\/api.w.org\/{rel}","templated":true}]}}