{"id":2254,"date":"2025-05-06T14:07:14","date_gmt":"2025-05-06T07:07:14","guid":{"rendered":"https:\/\/epe.vn\/?post_type=product&#038;p=2254"},"modified":"2025-05-06T14:07:14","modified_gmt":"2025-05-06T07:07:14","slug":"khay-xop-epe-dung-do-uong-mang-di","status":"publish","type":"product","link":"https:\/\/epe.vn\/en\/manufacturer\/khay-xop-epe-dung-do-uong-mang-di\/","title":{"rendered":"Khay x\u1ed1p EPE \u0111\u1ef1ng \u0111\u1ed3 u\u1ed1ng mang \u0111i | Take away"},"content":{"rendered":"<h2><span style=\"font-weight: 400;\">Th\u00f4ng tin s\u1ea3n ph\u1ea9m:<\/span><\/h2>\n<table>\n<tbody>\n<tr>\n<td><b>Ti\u00eau ch\u00ed<\/b><\/td>\n<td><b>Th\u00f4ng tin chi ti\u1ebft<\/b><\/td>\n<\/tr>\n<tr>\n<td><b>Product Name<\/b><\/td>\n<td><span style=\"font-weight: 400;\">Khay x\u1ed1p EPE \u0111\u1ef1ng \u0111\u1ed3 u\u1ed1ng mang \u0111i<\/span><\/td>\n<\/tr>\n<tr>\n<td><b>Material<\/b><\/td>\n<td><span style=\"font-weight: 400;\">X\u1ed1p EPE (Expanded Polyethylene)<\/span><\/td>\n<\/tr>\n<tr>\n<td><b>Ki\u1ec3u d\u00e1ng<\/b><\/td>\n<td><span style=\"font-weight: 400;\">Khay \u0111\u1ecbnh h\u00ecnh s\u1eb5n 2\u20134 h\u1ed9c, \u00f4 tr\u00f2n gi\u1eef ly ch\u1eafc ch\u1eafn<\/span><\/td>\n<\/tr>\n<tr>\n<td><b>Size<\/b><\/td>\n<td><span style=\"font-weight: 400;\">Theo y\u00eau c\u1ea7u ho\u1eb7c ti\u00eau chu\u1ea9n ly (500ml, 700ml\u2026)<\/span><\/td>\n<\/tr>\n<tr>\n<td><b>Color<\/b><\/td>\n<td><span style=\"font-weight: 400;\">Tr\u1eafng, x\u00e1m, \u0111en ho\u1eb7c theo \u0111\u1eb7t h\u00e0ng<\/span><\/td>\n<\/tr>\n<tr>\n<td><b>T\u00ednh n\u0103ng n\u1ed5i b\u1eadt<\/b><\/td>\n<td><span style=\"font-weight: 400;\">C\u1ed1 \u0111\u1ecbnh ly n\u01b0\u1edbc, ch\u1ed1ng tr\u00e0n, nh\u1eb9 v\u00e0 c\u00e1ch nhi\u1ec7t t\u1ed1t<\/span><\/td>\n<\/tr>\n<tr>\n<td><b>\u1ee8ng d\u1ee5ng ph\u1ed5 bi\u1ebfn<\/b><\/td>\n<td><span style=\"font-weight: 400;\">Qu\u00e1n c\u00e0 ph\u00ea, tr\u00e0 s\u1eefa, nh\u00e0 h\u00e0ng, d\u1ecbch v\u1ee5 giao h\u00e0ng \u0111\u1ed3 u\u1ed1ng mang \u0111i<\/span><\/td>\n<\/tr>\n<tr>\n<td><b>Xu\u1ea5t x\u1ee9<\/b><\/td>\n<td><span style=\"font-weight: 400;\">Vi\u1ec7t Nam<\/span><\/td>\n<\/tr>\n<tr>\n<td><b>\u0110\u00f3ng g\u00f3i<\/b><\/td>\n<td><span style=\"font-weight: 400;\">Theo l\u00f4 ho\u1eb7c b\u1ed9 50\u2013100 chi\u1ebfc<\/span><\/td>\n<\/tr>\n<tr>\n<td><b>Th\u00e2n thi\u1ec7n m\u00f4i tr\u01b0\u1eddng<\/b><\/td>\n<td><span style=\"font-weight: 400;\">C\u00f3 th\u1ec3 t\u00e1i s\u1eed d\u1ee5ng, ph\u00e2n h\u1ee7y ch\u1eadm h\u01a1n x\u1ed1p EPS th\u00f4ng th\u01b0\u1eddng<\/span><\/td>\n<\/tr>\n<\/tbody>\n<\/table>\n<h2><span style=\"font-weight: 400;\">Ch\u1ee9c n\u0103ng c\u1ee7a khay x\u1ed1p EPE \u0111\u1ef1ng \u0111\u1ed3 u\u1ed1ng mang \u0111i:<\/span><\/h2>\n<ul>\n<li style=\"font-weight: 400;\" aria-level=\"1\"><span style=\"font-weight: 400;\">Gi\u1eef c\u1ed1 \u0111\u1ecbnh c\u00e1c ly n\u01b0\u1edbc khi v\u1eadn chuy\u1ec3n, ng\u0103n \u0111\u1ed5 tr\u00e0n v\u00e0 h\u1ea1n ch\u1ebf va \u0111\u1eadp.<\/span><\/li>\n<li style=\"font-weight: 400;\" aria-level=\"1\"><span style=\"font-weight: 400;\">H\u1ed7 tr\u1ee3 b\u1ea3o qu\u1ea3n nhi\u1ec7t \u0111\u1ed9 \u0111\u1ed3 u\u1ed1ng t\u1ea1m th\u1eddi nh\u1edd t\u00ednh c\u00e1ch nhi\u1ec7t nh\u1eb9.<\/span><\/li>\n<\/ul>\n<h2><span style=\"font-weight: 400;\">\u01afu \u0111i\u1ec3m:<\/span><\/h2>\n<ul>\n<li style=\"font-weight: 400;\" aria-level=\"1\"><span style=\"font-weight: 400;\">Nh\u1eb9, \u00eam, d\u1ec5 x\u1ebfp ch\u1ed3ng, th\u00e2n thi\u1ec7n v\u1edbi ng\u01b0\u1eddi s\u1eed d\u1ee5ng.<\/span><\/li>\n<li style=\"font-weight: 400;\" aria-level=\"1\"><span style=\"font-weight: 400;\">C\u00f3 th\u1ec3 t\u00e1i s\u1eed d\u1ee5ng nhi\u1ec1u l\u1ea7n, linh ho\u1ea1t theo t\u1eebng lo\u1ea1i ly.<\/span><\/li>\n<li style=\"font-weight: 400;\" aria-level=\"1\"><span style=\"font-weight: 400;\">Gi\u00e1 th\u00e0nh h\u1ee3p l\u00fd, s\u1ea3n xu\u1ea5t nhanh theo y\u00eau c\u1ea7u s\u1ed1 l\u01b0\u1ee3ng l\u1edbn.<\/span><\/li>\n<\/ul>","protected":false},"excerpt":{"rendered":"<p><b>Khay x\u1ed1p EPE \u0111\u1ef1ng \u0111\u1ed3 u\u1ed1ng mang \u0111i<\/b><span style=\"font-weight: 400;\"> l\u00e0 l\u1ef1a ch\u1ecdn l\u00fd t\u01b0\u1edfng cho c\u00e1c qu\u00e1n c\u00e0 ph\u00ea, tr\u00e0 s\u1eefa v\u00e0 nh\u00e0 h\u00e0ng trong vi\u1ec7c b\u1ea3o v\u1ec7 v\u00e0 v\u1eadn chuy\u1ec3n \u0111\u1ed3 u\u1ed1ng \u0111\u1ebfn tay kh\u00e1ch h\u00e0ng m\u1ed9t c\u00e1ch an to\u00e0n. V\u1edbi thi\u1ebft k\u1ebf g\u1ecdn nh\u1eb9, kh\u1ea3 n\u0103ng c\u00e1ch nhi\u1ec7t v\u00e0 ch\u1ed1ng tr\u00e0n hi\u1ec7u qu\u1ea3, s\u1ea3n ph\u1ea9m gi\u00fap n\u00e2ng cao tr\u1ea3i nghi\u1ec7m d\u1ecbch v\u1ee5 v\u00e0 gi\u1ea3m thi\u1ec3u r\u1ee7i ro trong qu\u00e1 tr\u00ecnh giao h\u00e0ng.<\/span><\/p>","protected":false},"featured_media":2255,"comment_status":"open","ping_status":"closed","template":"","meta":[],"product_cat":[15],"product_tag":[48,66,47,67,60,52],"class_list":{"0":"post-2254","1":"product","2":"type-product","3":"status-publish","4":"has-post-thumbnail","6":"product_cat-bot-pe-tuy-chinh","7":"product_tag-epe-foam","8":"product_tag-khay-xop-epe","9":"product_tag-mut-xop-epe","10":"product_tag-take-away","11":"product_tag-tuy-chinh-xop-epe","12":"product_tag-xop-epe","14":"first","15":"instock","16":"shipping-taxable","17":"product-type-simple"},"yoast_head":"<!-- This site is optimized with the Yoast SEO plugin v23.4 - https:\/\/yoast.com\/wordpress\/plugins\/seo\/ -->\n<title>Khay x\u1ed1p EPE \u0111\u1ef1ng \u0111\u1ed3 u\u1ed1ng mang \u0111i | Take away - Nh\u00e0 s\u1ea3n xu\u1ea5t b\u1ecdt Polyethylene m\u1edf r\u1ed9ng<\/title>\n<meta name=\"description\" content=\"Khay x\u1ed1p EPE \u0111\u1ef1ng \u0111\u1ed3 u\u1ed1ng mang \u0111i nh\u1eb9, \u00eam, ch\u1ed1ng tr\u00e0n, gi\u00fap c\u1ed1 \u0111\u1ecbnh ly n\u01b0\u1edbc khi giao h\u00e0ng. T\u00e1i s\u1eed d\u1ee5ng v\u00e0 th\u00e2n thi\u1ec7n v\u1edbi ng\u01b0\u1eddi d\u00f9ng l\u1eabn m\u00f4i tr\u01b0\u1eddng.\" \/>\n<meta name=\"robots\" content=\"index, follow, max-snippet:-1, max-image-preview:large, max-video-preview:-1\" \/>\n<link rel=\"canonical\" href=\"https:\/\/epe.vn\/en\/manufacturer\/khay-xop-epe-dung-do-uong-mang-di\/\" \/>\n<meta property=\"og:locale\" content=\"en_US\" \/>\n<meta property=\"og:type\" content=\"article\" \/>\n<meta property=\"og:title\" content=\"Khay x\u1ed1p EPE \u0111\u1ef1ng \u0111\u1ed3 u\u1ed1ng mang \u0111i | Take away - Nh\u00e0 s\u1ea3n xu\u1ea5t b\u1ecdt Polyethylene m\u1edf r\u1ed9ng\" \/>\n<meta property=\"og:description\" content=\"Khay x\u1ed1p EPE \u0111\u1ef1ng \u0111\u1ed3 u\u1ed1ng mang \u0111i nh\u1eb9, \u00eam, ch\u1ed1ng tr\u00e0n, gi\u00fap c\u1ed1 \u0111\u1ecbnh ly n\u01b0\u1edbc khi giao h\u00e0ng. T\u00e1i s\u1eed d\u1ee5ng v\u00e0 th\u00e2n thi\u1ec7n v\u1edbi ng\u01b0\u1eddi d\u00f9ng l\u1eabn m\u00f4i tr\u01b0\u1eddng.\" \/>\n<meta property=\"og:url\" content=\"https:\/\/epe.vn\/en\/manufacturer\/khay-xop-epe-dung-do-uong-mang-di\/\" \/>\n<meta property=\"og:site_name\" content=\"Nh\u00e0 s\u1ea3n xu\u1ea5t b\u1ecdt Polyethylene m\u1edf r\u1ed9ng\" \/>\n<meta property=\"og:image\" content=\"https:\/\/epe.vn\/wp-content\/uploads\/2025\/05\/khay-xop-epe-dung-do-uong-mnag-di.webp\" \/>\n\t<meta property=\"og:image:width\" content=\"800\" \/>\n\t<meta property=\"og:image:height\" content=\"800\" \/>\n\t<meta property=\"og:image:type\" content=\"image\/webp\" \/>\n<meta name=\"twitter:card\" content=\"summary_large_image\" \/>\n<meta name=\"twitter:label1\" content=\"Est. reading time\" \/>\n\t<meta name=\"twitter:data1\" content=\"2 minutes\" \/>\n<script type=\"application\/ld+json\" class=\"yoast-schema-graph\">{\"@context\":\"https:\/\/schema.org\",\"@graph\":[{\"@type\":\"WebPage\",\"@id\":\"https:\/\/epe.vn\/manufacturer\/khay-xop-epe-dung-do-uong-mang-di\/\",\"url\":\"https:\/\/epe.vn\/manufacturer\/khay-xop-epe-dung-do-uong-mang-di\/\",\"name\":\"Khay x\u1ed1p EPE \u0111\u1ef1ng \u0111\u1ed3 u\u1ed1ng mang \u0111i | Take away - Nh\u00e0 s\u1ea3n xu\u1ea5t b\u1ecdt Polyethylene m\u1edf r\u1ed9ng\",\"isPartOf\":{\"@id\":\"https:\/\/epe.vn\/#website\"},\"primaryImageOfPage\":{\"@id\":\"https:\/\/epe.vn\/manufacturer\/khay-xop-epe-dung-do-uong-mang-di\/#primaryimage\"},\"image\":{\"@id\":\"https:\/\/epe.vn\/manufacturer\/khay-xop-epe-dung-do-uong-mang-di\/#primaryimage\"},\"thumbnailUrl\":\"https:\/\/epe.vn\/wp-content\/uploads\/2025\/05\/khay-xop-epe-dung-do-uong-mnag-di.webp\",\"datePublished\":\"2025-05-06T07:07:14+00:00\",\"dateModified\":\"2025-05-06T07:07:14+00:00\",\"description\":\"Khay x\u1ed1p EPE \u0111\u1ef1ng \u0111\u1ed3 u\u1ed1ng mang \u0111i nh\u1eb9, \u00eam, ch\u1ed1ng tr\u00e0n, gi\u00fap c\u1ed1 \u0111\u1ecbnh ly n\u01b0\u1edbc khi giao h\u00e0ng. T\u00e1i s\u1eed d\u1ee5ng v\u00e0 th\u00e2n thi\u1ec7n v\u1edbi ng\u01b0\u1eddi d\u00f9ng l\u1eabn m\u00f4i tr\u01b0\u1eddng.\",\"breadcrumb\":{\"@id\":\"https:\/\/epe.vn\/manufacturer\/khay-xop-epe-dung-do-uong-mang-di\/#breadcrumb\"},\"inLanguage\":\"en-US\",\"potentialAction\":[{\"@type\":\"ReadAction\",\"target\":[\"https:\/\/epe.vn\/manufacturer\/khay-xop-epe-dung-do-uong-mang-di\/\"]}]},{\"@type\":\"ImageObject\",\"inLanguage\":\"en-US\",\"@id\":\"https:\/\/epe.vn\/manufacturer\/khay-xop-epe-dung-do-uong-mang-di\/#primaryimage\",\"url\":\"https:\/\/epe.vn\/wp-content\/uploads\/2025\/05\/khay-xop-epe-dung-do-uong-mnag-di.webp\",\"contentUrl\":\"https:\/\/epe.vn\/wp-content\/uploads\/2025\/05\/khay-xop-epe-dung-do-uong-mnag-di.webp\",\"width\":800,\"height\":800,\"caption\":\"khay xo\u0302\u0301p epe \u0111u\u031b\u0323ng \u0111o\u0302\u0300 uo\u0302\u0301ng mnag \u0111i\"},{\"@type\":\"BreadcrumbList\",\"@id\":\"https:\/\/epe.vn\/manufacturer\/khay-xop-epe-dung-do-uong-mang-di\/#breadcrumb\",\"itemListElement\":[{\"@type\":\"ListItem\",\"position\":1,\"name\":\"Home\",\"item\":\"https:\/\/epe.vn\/\"},{\"@type\":\"ListItem\",\"position\":2,\"name\":\"Shop\",\"item\":\"https:\/\/epe.vn\/shop\/\"},{\"@type\":\"ListItem\",\"position\":3,\"name\":\"Khay x\u1ed1p EPE \u0111\u1ef1ng \u0111\u1ed3 u\u1ed1ng mang \u0111i | Take away\"}]},{\"@type\":\"WebSite\",\"@id\":\"https:\/\/epe.vn\/#website\",\"url\":\"https:\/\/epe.vn\/\",\"name\":\"Nh\u00e0 s\u1ea3n xu\u1ea5t b\u1ecdt Polyethylene m\u1edf r\u1ed9ng\",\"description\":\"Nh\u00e0 cung c\u1ea5p bao b\u00ec v\u1ec9 x\u1ed1p polyethylene m\u1edf r\u1ed9ng v\u00e0 t\u00fai PE\",\"potentialAction\":[{\"@type\":\"SearchAction\",\"target\":{\"@type\":\"EntryPoint\",\"urlTemplate\":\"https:\/\/epe.vn\/?s={search_term_string}\"},\"query-input\":{\"@type\":\"PropertyValueSpecification\",\"valueRequired\":true,\"valueName\":\"search_term_string\"}}],\"inLanguage\":\"en-US\"}]}<\/script>\n<!-- \/ Yoast SEO plugin. -->","yoast_head_json":{"title":"Khay x\u1ed1p EPE \u0111\u1ef1ng \u0111\u1ed3 u\u1ed1ng mang \u0111i | Take away - Nh\u00e0 s\u1ea3n xu\u1ea5t b\u1ecdt Polyethylene m\u1edf r\u1ed9ng","description":"Khay x\u1ed1p EPE \u0111\u1ef1ng \u0111\u1ed3 u\u1ed1ng mang \u0111i nh\u1eb9, \u00eam, ch\u1ed1ng tr\u00e0n, gi\u00fap c\u1ed1 \u0111\u1ecbnh ly n\u01b0\u1edbc khi giao h\u00e0ng. T\u00e1i s\u1eed d\u1ee5ng v\u00e0 th\u00e2n thi\u1ec7n v\u1edbi ng\u01b0\u1eddi d\u00f9ng l\u1eabn m\u00f4i tr\u01b0\u1eddng.","robots":{"index":"index","follow":"follow","max-snippet":"max-snippet:-1","max-image-preview":"max-image-preview:large","max-video-preview":"max-video-preview:-1"},"canonical":"https:\/\/epe.vn\/en\/manufacturer\/khay-xop-epe-dung-do-uong-mang-di\/","og_locale":"en_US","og_type":"article","og_title":"Khay x\u1ed1p EPE \u0111\u1ef1ng \u0111\u1ed3 u\u1ed1ng mang \u0111i | Take away - Nh\u00e0 s\u1ea3n xu\u1ea5t b\u1ecdt Polyethylene m\u1edf r\u1ed9ng","og_description":"Khay x\u1ed1p EPE \u0111\u1ef1ng \u0111\u1ed3 u\u1ed1ng mang \u0111i nh\u1eb9, \u00eam, ch\u1ed1ng tr\u00e0n, gi\u00fap c\u1ed1 \u0111\u1ecbnh ly n\u01b0\u1edbc khi giao h\u00e0ng. T\u00e1i s\u1eed d\u1ee5ng v\u00e0 th\u00e2n thi\u1ec7n v\u1edbi ng\u01b0\u1eddi d\u00f9ng l\u1eabn m\u00f4i tr\u01b0\u1eddng.","og_url":"https:\/\/epe.vn\/en\/manufacturer\/khay-xop-epe-dung-do-uong-mang-di\/","og_site_name":"Nh\u00e0 s\u1ea3n xu\u1ea5t b\u1ecdt Polyethylene m\u1edf r\u1ed9ng","og_image":[{"width":800,"height":800,"url":"https:\/\/epe.vn\/wp-content\/uploads\/2025\/05\/khay-xop-epe-dung-do-uong-mnag-di.webp","type":"image\/webp"}],"twitter_card":"summary_large_image","twitter_misc":{"Est. reading time":"2 minutes"},"schema":{"@context":"https:\/\/schema.org","@graph":[{"@type":"WebPage","@id":"https:\/\/epe.vn\/manufacturer\/khay-xop-epe-dung-do-uong-mang-di\/","url":"https:\/\/epe.vn\/manufacturer\/khay-xop-epe-dung-do-uong-mang-di\/","name":"Khay x\u1ed1p EPE \u0111\u1ef1ng \u0111\u1ed3 u\u1ed1ng mang \u0111i | Take away - Nh\u00e0 s\u1ea3n xu\u1ea5t b\u1ecdt Polyethylene m\u1edf r\u1ed9ng","isPartOf":{"@id":"https:\/\/epe.vn\/#website"},"primaryImageOfPage":{"@id":"https:\/\/epe.vn\/manufacturer\/khay-xop-epe-dung-do-uong-mang-di\/#primaryimage"},"image":{"@id":"https:\/\/epe.vn\/manufacturer\/khay-xop-epe-dung-do-uong-mang-di\/#primaryimage"},"thumbnailUrl":"https:\/\/epe.vn\/wp-content\/uploads\/2025\/05\/khay-xop-epe-dung-do-uong-mnag-di.webp","datePublished":"2025-05-06T07:07:14+00:00","dateModified":"2025-05-06T07:07:14+00:00","description":"Khay x\u1ed1p EPE \u0111\u1ef1ng \u0111\u1ed3 u\u1ed1ng mang \u0111i nh\u1eb9, \u00eam, ch\u1ed1ng tr\u00e0n, gi\u00fap c\u1ed1 \u0111\u1ecbnh ly n\u01b0\u1edbc khi giao h\u00e0ng. T\u00e1i s\u1eed d\u1ee5ng v\u00e0 th\u00e2n thi\u1ec7n v\u1edbi ng\u01b0\u1eddi d\u00f9ng l\u1eabn m\u00f4i tr\u01b0\u1eddng.","breadcrumb":{"@id":"https:\/\/epe.vn\/manufacturer\/khay-xop-epe-dung-do-uong-mang-di\/#breadcrumb"},"inLanguage":"en-US","potentialAction":[{"@type":"ReadAction","target":["https:\/\/epe.vn\/manufacturer\/khay-xop-epe-dung-do-uong-mang-di\/"]}]},{"@type":"ImageObject","inLanguage":"en-US","@id":"https:\/\/epe.vn\/manufacturer\/khay-xop-epe-dung-do-uong-mang-di\/#primaryimage","url":"https:\/\/epe.vn\/wp-content\/uploads\/2025\/05\/khay-xop-epe-dung-do-uong-mnag-di.webp","contentUrl":"https:\/\/epe.vn\/wp-content\/uploads\/2025\/05\/khay-xop-epe-dung-do-uong-mnag-di.webp","width":800,"height":800,"caption":"khay xo\u0302\u0301p epe \u0111u\u031b\u0323ng \u0111o\u0302\u0300 uo\u0302\u0301ng mnag \u0111i"},{"@type":"BreadcrumbList","@id":"https:\/\/epe.vn\/manufacturer\/khay-xop-epe-dung-do-uong-mang-di\/#breadcrumb","itemListElement":[{"@type":"ListItem","position":1,"name":"Home","item":"https:\/\/epe.vn\/"},{"@type":"ListItem","position":2,"name":"Shop","item":"https:\/\/epe.vn\/shop\/"},{"@type":"ListItem","position":3,"name":"Khay x\u1ed1p EPE \u0111\u1ef1ng \u0111\u1ed3 u\u1ed1ng mang \u0111i | Take away"}]},{"@type":"WebSite","@id":"https:\/\/epe.vn\/#website","url":"https:\/\/epe.vn\/","name":"Nh\u00e0 s\u1ea3n xu\u1ea5t b\u1ecdt Polyethylene m\u1edf r\u1ed9ng","description":"Nh\u00e0 cung c\u1ea5p bao b\u00ec v\u1ec9 x\u1ed1p polyethylene m\u1edf r\u1ed9ng v\u00e0 t\u00fai PE","potentialAction":[{"@type":"SearchAction","target":{"@type":"EntryPoint","urlTemplate":"https:\/\/epe.vn\/?s={search_term_string}"},"query-input":{"@type":"PropertyValueSpecification","valueRequired":true,"valueName":"search_term_string"}}],"inLanguage":"en-US"}]}},"_links":{"self":[{"href":"https:\/\/epe.vn\/en\/wp-json\/wp\/v2\/product\/2254","targetHints":{"allow":["GET"]}}],"collection":[{"href":"https:\/\/epe.vn\/en\/wp-json\/wp\/v2\/product"}],"about":[{"href":"https:\/\/epe.vn\/en\/wp-json\/wp\/v2\/types\/product"}],"replies":[{"embeddable":true,"href":"https:\/\/epe.vn\/en\/wp-json\/wp\/v2\/comments?post=2254"}],"wp:featuredmedia":[{"embeddable":true,"href":"https:\/\/epe.vn\/en\/wp-json\/wp\/v2\/media\/2255"}],"wp:attachment":[{"href":"https:\/\/epe.vn\/en\/wp-json\/wp\/v2\/media?parent=2254"}],"wp:term":[{"taxonomy":"product_cat","embeddable":true,"href":"https:\/\/epe.vn\/en\/wp-json\/wp\/v2\/product_cat?post=2254"},{"taxonomy":"product_tag","embeddable":true,"href":"https:\/\/epe.vn\/en\/wp-json\/wp\/v2\/product_tag?post=2254"}],"curies":[{"name":"wp","href":"https:\/\/api.w.org\/{rel}","templated":true}]}}