{"id":2313,"date":"2025-05-12T15:32:33","date_gmt":"2025-05-12T08:32:33","guid":{"rendered":"https:\/\/epe.vn\/?post_type=product&#038;p=2313"},"modified":"2025-05-12T15:32:34","modified_gmt":"2025-05-12T08:32:34","slug":"tam-xop-epe-thu-cong-nhieu-mau","status":"publish","type":"product","link":"https:\/\/epe.vn\/en\/manufacturer\/tam-xop-epe-thu-cong-nhieu-mau\/","title":{"rendered":"T\u1ea5m x\u1ed1p EPE th\u1ee7 c\u00f4ng nhi\u1ec1u m\u00e0u | Tu\u1ef3 ch\u1ec9nh theo y\u00eau c\u1ea7u"},"content":{"rendered":"<h2><span style=\"font-weight: 400;\">Th\u00f4ng tin s\u1ea3n ph\u1ea9m:<\/span><\/h2>\n<table>\n<tbody>\n<tr>\n<td><b>Thu\u1ed9c t\u00ednh<\/b><\/td>\n<td><b>Th\u00f4ng tin chi ti\u1ebft<\/b><\/td>\n<\/tr>\n<tr>\n<td><b>Product Name<\/b><\/td>\n<td><span style=\"font-weight: 400;\">T\u1ea5m x\u1ed1p EPE th\u1ee7 c\u00f4ng nhi\u1ec1u m\u00e0u<\/span><\/td>\n<\/tr>\n<tr>\n<td><b>Color<\/b><\/td>\n<td><span style=\"font-weight: 400;\">H\u1ed3ng, xanh, v\u00e0ng, \u0111\u1ecf, tr\u1eafng, \u0111en,\u2026<\/span><\/td>\n<\/tr>\n<tr>\n<td><b>Material<\/b><\/td>\n<td><span style=\"font-weight: 400;\">Nh\u1ef1a Polyethylene t\u1ef7 tr\u1ecdng th\u1ea5p (LDPE)<\/span><\/td>\n<\/tr>\n<tr>\n<td><b>K\u00edch th\u01b0\u1edbc ph\u1ed5 bi\u1ebfn<\/b><\/td>\n<td><span style=\"font-weight: 400;\">1000mm x 2000mm, ho\u1eb7c t\u00f9y ch\u1ec9nh theo y\u00eau c\u1ea7u<\/span><\/td>\n<\/tr>\n<tr>\n<td><b>\u0110\u1ed9 d\u00e0y<\/b><\/td>\n<td><span style=\"font-weight: 400;\">0.5mm \u2013 10mm<\/span><\/td>\n<\/tr>\n<tr>\n<td><b>\u0110\u1eb7c t\u00ednh n\u1ed5i b\u1eadt<\/b><\/td>\n<td><span style=\"font-weight: 400;\">M\u1ec1m, nh\u1eb9, d\u1ec5 c\u1eaft t\u1ea1o h\u00ecnh, b\u1ec1 m\u1eb7t m\u1ecbn, nhi\u1ec1u m\u00e0u s\u1eafc \u0111a d\u1ea1ng<\/span><\/td>\n<\/tr>\n<tr>\n<td><b>\u1ee8ng d\u1ee5ng<\/b><\/td>\n<td><span style=\"font-weight: 400;\">L\u00e0m \u0111\u1ed3 th\u1ee7 c\u00f4ng, trang tr\u00ed, \u0111\u00f3ng g\u00f3i qu\u00e0 t\u1eb7ng, m\u00f4 h\u00ecnh,\u2026<\/span><\/td>\n<\/tr>\n<tr>\n<td><b>T\u00f9y ch\u1ecdn gia c\u00f4ng<\/b><\/td>\n<td><span style=\"font-weight: 400;\">C\u1eaft t\u1ea5m theo k\u00edch th\u01b0\u1edbc, d\u1eadp khu\u00f4n, c\u00e1n m\u00e0ng<\/span><\/td>\n<\/tr>\n<tr>\n<td><b>Xu\u1ea5t x\u1ee9<\/b><\/td>\n<td><span style=\"font-weight: 400;\">Vi\u1ec7t Nam<\/span><\/td>\n<\/tr>\n<\/tbody>\n<\/table>\n<h2><span style=\"font-weight: 400;\">Ch\u1ee9c n\u0103ng c\u1ee7a t\u1ea5m x\u1ed1p EPE th\u1ee7 c\u00f4ng nhi\u1ec1u m\u00e0u<\/span><\/h2>\n<ul>\n<li style=\"font-weight: 400;\" aria-level=\"1\"><span style=\"font-weight: 400;\">L\u00e0m nguy\u00ean li\u1ec7u cho \u0111\u1ed3 handmade, trang tr\u00ed, c\u1eaft d\u00e1n theo nhi\u1ec1u h\u00ecnh d\u1ea1ng.<\/span><\/li>\n<li style=\"font-weight: 400;\" aria-level=\"1\"><span style=\"font-weight: 400;\">S\u1eed d\u1ee5ng trong \u0111\u00f3ng g\u00f3i qu\u00e0 t\u1eb7ng, s\u1ea3n ph\u1ea9m th\u1ee7 c\u00f4ng m\u1ef9 ngh\u1ec7.<\/span><\/li>\n<li style=\"font-weight: 400;\" aria-level=\"1\"><span style=\"font-weight: 400;\">T\u1ea1o l\u1edbp l\u00f3t \u00eam \u00e1i, ch\u1ed1ng tr\u1ea7y, ch\u1ed1ng s\u1ed1c nh\u1eb9 cho s\u1ea3n ph\u1ea9m trong h\u1ed9p qu\u00e0.<\/span><\/li>\n<\/ul>\n<h2><span style=\"font-weight: 400;\">\u01afu \u0111i\u1ec3m n\u1ed5i b\u1eadt<\/span><\/h2>\n<ul>\n<li style=\"font-weight: 400;\" aria-level=\"1\"><span style=\"font-weight: 400;\">M\u00e0u s\u1eafc phong ph\u00fa, b\u1eaft m\u1eaft, ph\u00f9 h\u1ee3p v\u1edbi nhi\u1ec1u \u00fd t\u01b0\u1edfng s\u00e1ng t\u1ea1o.<\/span><\/li>\n<li style=\"font-weight: 400;\" aria-level=\"1\"><span style=\"font-weight: 400;\">D\u1ec5 u\u1ed1n, d\u1ec5 c\u1eaft b\u1eb1ng k\u00e9o, dao c\u1eaft th\u1ee7 c\u00f4ng.<\/span><\/li>\n<li style=\"font-weight: 400;\" aria-level=\"1\"><span style=\"font-weight: 400;\">An to\u00e0n, kh\u00f4ng \u0111\u1ed9c h\u1ea1i, ph\u00f9 h\u1ee3p cho tr\u1ebb em v\u00e0 tr\u01b0\u1eddng h\u1ecdc.<\/span><\/li>\n<li style=\"font-weight: 400;\" aria-level=\"1\"><span style=\"font-weight: 400;\">Tr\u1ecdng l\u01b0\u1ee3ng nh\u1eb9, d\u1ec5 v\u1eadn chuy\u1ec3n, tr\u01b0ng b\u00e0y.<\/span><\/li>\n<li style=\"font-weight: 400;\" aria-level=\"1\"><span style=\"font-weight: 400;\">Kh\u00f4ng th\u1ea5m n\u01b0\u1edbc, kh\u00f4ng m\u1ee5c n\u00e1t, d\u00f9ng l\u00e2u d\u00e0i.<\/span><\/li>\n<\/ul>","protected":false},"excerpt":{"rendered":"<p><span style=\"font-weight: 400;\">T\u1ea5m x\u1ed1p EPE th\u1ee7 c\u00f4ng nhi\u1ec1u m\u00e0u l\u00e0 d\u00f2ng s\u1ea3n ph\u1ea9m \u0111\u01b0\u1ee3c thi\u1ebft k\u1ebf ri\u00eang cho nhu c\u1ea7u s\u00e1ng t\u1ea1o trong l\u0129nh v\u1ef1c m\u1ef9 thu\u1eadt, th\u1ee7 c\u00f4ng v\u00e0 trang tr\u00ed. V\u1edbi nhi\u1ec1u m\u00e0u s\u1eafc sinh \u0111\u1ed9ng, d\u1ec5 gia c\u00f4ng v\u00e0 tr\u1ecdng l\u01b0\u1ee3ng nh\u1eb9, s\u1ea3n ph\u1ea9m n\u00e0y \u0111\u1eb7c bi\u1ec7t \u0111\u01b0\u1ee3c \u01b0a chu\u1ed9ng trong tr\u01b0\u1eddng h\u1ecdc, x\u01b0\u1edfng l\u00e0m \u0111\u1ed3 handmade, c\u1eeda h\u00e0ng qu\u00e0 t\u1eb7ng hay trung t\u00e2m gi\u00e1o d\u1ee5c k\u1ef9 n\u0103ng. \u0110\u00e2y l\u00e0 l\u1ef1a ch\u1ecdn tuy\u1ec7t v\u1eddi \u0111\u1ec3 t\u1ea1o ra nh\u1eefng t\u00e1c ph\u1ea9m s\u00e1ng t\u1ea1o an to\u00e0n, b\u1ec1n v\u00e0 \u0111\u1eb9p m\u1eaft.<\/span><\/p>","protected":false},"featured_media":2314,"comment_status":"open","ping_status":"closed","template":"","meta":[],"product_cat":[36],"product_tag":[48,47,55,60,52],"class_list":{"0":"post-2313","1":"product","2":"type-product","3":"status-publish","4":"has-post-thumbnail","6":"product_cat-tam-mut-xop","7":"product_tag-epe-foam","8":"product_tag-mut-xop-epe","9":"product_tag-tam-xop-epe","10":"product_tag-tuy-chinh-xop-epe","11":"product_tag-xop-epe","13":"first","14":"instock","15":"shipping-taxable","16":"product-type-simple"},"yoast_head":"<!-- This site is optimized with the Yoast SEO plugin v23.4 - https:\/\/yoast.com\/wordpress\/plugins\/seo\/ -->\n<title>T\u1ea5m x\u1ed1p EPE th\u1ee7 c\u00f4ng nhi\u1ec1u m\u00e0u | Tu\u1ef3 ch\u1ec9nh theo y\u00eau c\u1ea7u - Nh\u00e0 s\u1ea3n xu\u1ea5t b\u1ecdt Polyethylene m\u1edf r\u1ed9ng<\/title>\n<meta name=\"description\" content=\"T\u1ea5m x\u1ed1p EPE nhi\u1ec1u m\u00e0u d\u00f9ng l\u00e0m \u0111\u1ed3 th\u1ee7 c\u00f4ng, trang tr\u00ed, \u0111\u00f3ng g\u00f3i qu\u00e0 t\u1eb7ng. M\u1ec1m nh\u1eb9, d\u1ec5 c\u1eaft, an to\u00e0n v\u00e0 \u0111\u1ea7y m\u00e0u s\u1eafc cho m\u1ecdi \u00fd t\u01b0\u1edfng s\u00e1ng t\u1ea1o.\" \/>\n<meta name=\"robots\" content=\"index, follow, max-snippet:-1, max-image-preview:large, max-video-preview:-1\" \/>\n<link rel=\"canonical\" href=\"https:\/\/epe.vn\/en\/manufacturer\/tam-xop-epe-thu-cong-nhieu-mau\/\" \/>\n<meta property=\"og:locale\" content=\"en_US\" \/>\n<meta property=\"og:type\" content=\"article\" \/>\n<meta property=\"og:title\" content=\"T\u1ea5m x\u1ed1p EPE th\u1ee7 c\u00f4ng nhi\u1ec1u m\u00e0u | Tu\u1ef3 ch\u1ec9nh theo y\u00eau c\u1ea7u - Nh\u00e0 s\u1ea3n xu\u1ea5t b\u1ecdt Polyethylene m\u1edf r\u1ed9ng\" \/>\n<meta property=\"og:description\" content=\"T\u1ea5m x\u1ed1p EPE nhi\u1ec1u m\u00e0u d\u00f9ng l\u00e0m \u0111\u1ed3 th\u1ee7 c\u00f4ng, trang tr\u00ed, \u0111\u00f3ng g\u00f3i qu\u00e0 t\u1eb7ng. M\u1ec1m nh\u1eb9, d\u1ec5 c\u1eaft, an to\u00e0n v\u00e0 \u0111\u1ea7y m\u00e0u s\u1eafc cho m\u1ecdi \u00fd t\u01b0\u1edfng s\u00e1ng t\u1ea1o.\" \/>\n<meta property=\"og:url\" content=\"https:\/\/epe.vn\/en\/manufacturer\/tam-xop-epe-thu-cong-nhieu-mau\/\" \/>\n<meta property=\"og:site_name\" content=\"Nh\u00e0 s\u1ea3n xu\u1ea5t b\u1ecdt Polyethylene m\u1edf r\u1ed9ng\" \/>\n<meta property=\"article:modified_time\" content=\"2025-05-12T08:32:34+00:00\" \/>\n<meta property=\"og:image\" content=\"https:\/\/epe.vn\/wp-content\/uploads\/2025\/05\/tam-xop-EPE-thu-cong.webp\" \/>\n\t<meta property=\"og:image:width\" content=\"800\" \/>\n\t<meta property=\"og:image:height\" content=\"800\" \/>\n\t<meta property=\"og:image:type\" content=\"image\/webp\" \/>\n<meta name=\"twitter:card\" content=\"summary_large_image\" \/>\n<meta name=\"twitter:label1\" content=\"Est. reading time\" \/>\n\t<meta name=\"twitter:data1\" content=\"2 minutes\" \/>\n<script type=\"application\/ld+json\" class=\"yoast-schema-graph\">{\"@context\":\"https:\/\/schema.org\",\"@graph\":[{\"@type\":\"WebPage\",\"@id\":\"https:\/\/epe.vn\/manufacturer\/tam-xop-epe-thu-cong-nhieu-mau\/\",\"url\":\"https:\/\/epe.vn\/manufacturer\/tam-xop-epe-thu-cong-nhieu-mau\/\",\"name\":\"T\u1ea5m x\u1ed1p EPE th\u1ee7 c\u00f4ng nhi\u1ec1u m\u00e0u | Tu\u1ef3 ch\u1ec9nh theo y\u00eau c\u1ea7u - Nh\u00e0 s\u1ea3n xu\u1ea5t b\u1ecdt Polyethylene m\u1edf r\u1ed9ng\",\"isPartOf\":{\"@id\":\"https:\/\/epe.vn\/#website\"},\"primaryImageOfPage\":{\"@id\":\"https:\/\/epe.vn\/manufacturer\/tam-xop-epe-thu-cong-nhieu-mau\/#primaryimage\"},\"image\":{\"@id\":\"https:\/\/epe.vn\/manufacturer\/tam-xop-epe-thu-cong-nhieu-mau\/#primaryimage\"},\"thumbnailUrl\":\"https:\/\/epe.vn\/wp-content\/uploads\/2025\/05\/tam-xop-EPE-thu-cong.webp\",\"datePublished\":\"2025-05-12T08:32:33+00:00\",\"dateModified\":\"2025-05-12T08:32:34+00:00\",\"description\":\"T\u1ea5m x\u1ed1p EPE nhi\u1ec1u m\u00e0u d\u00f9ng l\u00e0m \u0111\u1ed3 th\u1ee7 c\u00f4ng, trang tr\u00ed, \u0111\u00f3ng g\u00f3i qu\u00e0 t\u1eb7ng. M\u1ec1m nh\u1eb9, d\u1ec5 c\u1eaft, an to\u00e0n v\u00e0 \u0111\u1ea7y m\u00e0u s\u1eafc cho m\u1ecdi \u00fd t\u01b0\u1edfng s\u00e1ng t\u1ea1o.\",\"breadcrumb\":{\"@id\":\"https:\/\/epe.vn\/manufacturer\/tam-xop-epe-thu-cong-nhieu-mau\/#breadcrumb\"},\"inLanguage\":\"en-US\",\"potentialAction\":[{\"@type\":\"ReadAction\",\"target\":[\"https:\/\/epe.vn\/manufacturer\/tam-xop-epe-thu-cong-nhieu-mau\/\"]}]},{\"@type\":\"ImageObject\",\"inLanguage\":\"en-US\",\"@id\":\"https:\/\/epe.vn\/manufacturer\/tam-xop-epe-thu-cong-nhieu-mau\/#primaryimage\",\"url\":\"https:\/\/epe.vn\/wp-content\/uploads\/2025\/05\/tam-xop-EPE-thu-cong.webp\",\"contentUrl\":\"https:\/\/epe.vn\/wp-content\/uploads\/2025\/05\/tam-xop-EPE-thu-cong.webp\",\"width\":800,\"height\":800,\"caption\":\"ta\u0302\u0301m xo\u0302\u0301p EPE thu\u0309 co\u0302ng\"},{\"@type\":\"BreadcrumbList\",\"@id\":\"https:\/\/epe.vn\/manufacturer\/tam-xop-epe-thu-cong-nhieu-mau\/#breadcrumb\",\"itemListElement\":[{\"@type\":\"ListItem\",\"position\":1,\"name\":\"Home\",\"item\":\"https:\/\/epe.vn\/\"},{\"@type\":\"ListItem\",\"position\":2,\"name\":\"Shop\",\"item\":\"https:\/\/epe.vn\/shop\/\"},{\"@type\":\"ListItem\",\"position\":3,\"name\":\"T\u1ea5m x\u1ed1p EPE th\u1ee7 c\u00f4ng nhi\u1ec1u m\u00e0u | Tu\u1ef3 ch\u1ec9nh theo y\u00eau c\u1ea7u\"}]},{\"@type\":\"WebSite\",\"@id\":\"https:\/\/epe.vn\/#website\",\"url\":\"https:\/\/epe.vn\/\",\"name\":\"Nh\u00e0 s\u1ea3n xu\u1ea5t b\u1ecdt Polyethylene m\u1edf r\u1ed9ng\",\"description\":\"Nh\u00e0 cung c\u1ea5p bao b\u00ec v\u1ec9 x\u1ed1p polyethylene m\u1edf r\u1ed9ng v\u00e0 t\u00fai PE\",\"potentialAction\":[{\"@type\":\"SearchAction\",\"target\":{\"@type\":\"EntryPoint\",\"urlTemplate\":\"https:\/\/epe.vn\/?s={search_term_string}\"},\"query-input\":{\"@type\":\"PropertyValueSpecification\",\"valueRequired\":true,\"valueName\":\"search_term_string\"}}],\"inLanguage\":\"en-US\"}]}<\/script>\n<!-- \/ Yoast SEO plugin. -->","yoast_head_json":{"title":"T\u1ea5m x\u1ed1p EPE th\u1ee7 c\u00f4ng nhi\u1ec1u m\u00e0u | Tu\u1ef3 ch\u1ec9nh theo y\u00eau c\u1ea7u - Nh\u00e0 s\u1ea3n xu\u1ea5t b\u1ecdt Polyethylene m\u1edf r\u1ed9ng","description":"T\u1ea5m x\u1ed1p EPE nhi\u1ec1u m\u00e0u d\u00f9ng l\u00e0m \u0111\u1ed3 th\u1ee7 c\u00f4ng, trang tr\u00ed, \u0111\u00f3ng g\u00f3i qu\u00e0 t\u1eb7ng. M\u1ec1m nh\u1eb9, d\u1ec5 c\u1eaft, an to\u00e0n v\u00e0 \u0111\u1ea7y m\u00e0u s\u1eafc cho m\u1ecdi \u00fd t\u01b0\u1edfng s\u00e1ng t\u1ea1o.","robots":{"index":"index","follow":"follow","max-snippet":"max-snippet:-1","max-image-preview":"max-image-preview:large","max-video-preview":"max-video-preview:-1"},"canonical":"https:\/\/epe.vn\/en\/manufacturer\/tam-xop-epe-thu-cong-nhieu-mau\/","og_locale":"en_US","og_type":"article","og_title":"T\u1ea5m x\u1ed1p EPE th\u1ee7 c\u00f4ng nhi\u1ec1u m\u00e0u | Tu\u1ef3 ch\u1ec9nh theo y\u00eau c\u1ea7u - Nh\u00e0 s\u1ea3n xu\u1ea5t b\u1ecdt Polyethylene m\u1edf r\u1ed9ng","og_description":"T\u1ea5m x\u1ed1p EPE nhi\u1ec1u m\u00e0u d\u00f9ng l\u00e0m \u0111\u1ed3 th\u1ee7 c\u00f4ng, trang tr\u00ed, \u0111\u00f3ng g\u00f3i qu\u00e0 t\u1eb7ng. M\u1ec1m nh\u1eb9, d\u1ec5 c\u1eaft, an to\u00e0n v\u00e0 \u0111\u1ea7y m\u00e0u s\u1eafc cho m\u1ecdi \u00fd t\u01b0\u1edfng s\u00e1ng t\u1ea1o.","og_url":"https:\/\/epe.vn\/en\/manufacturer\/tam-xop-epe-thu-cong-nhieu-mau\/","og_site_name":"Nh\u00e0 s\u1ea3n xu\u1ea5t b\u1ecdt Polyethylene m\u1edf r\u1ed9ng","article_modified_time":"2025-05-12T08:32:34+00:00","og_image":[{"width":800,"height":800,"url":"https:\/\/epe.vn\/wp-content\/uploads\/2025\/05\/tam-xop-EPE-thu-cong.webp","type":"image\/webp"}],"twitter_card":"summary_large_image","twitter_misc":{"Est. reading time":"2 minutes"},"schema":{"@context":"https:\/\/schema.org","@graph":[{"@type":"WebPage","@id":"https:\/\/epe.vn\/manufacturer\/tam-xop-epe-thu-cong-nhieu-mau\/","url":"https:\/\/epe.vn\/manufacturer\/tam-xop-epe-thu-cong-nhieu-mau\/","name":"T\u1ea5m x\u1ed1p EPE th\u1ee7 c\u00f4ng nhi\u1ec1u m\u00e0u | Tu\u1ef3 ch\u1ec9nh theo y\u00eau c\u1ea7u - Nh\u00e0 s\u1ea3n xu\u1ea5t b\u1ecdt Polyethylene m\u1edf r\u1ed9ng","isPartOf":{"@id":"https:\/\/epe.vn\/#website"},"primaryImageOfPage":{"@id":"https:\/\/epe.vn\/manufacturer\/tam-xop-epe-thu-cong-nhieu-mau\/#primaryimage"},"image":{"@id":"https:\/\/epe.vn\/manufacturer\/tam-xop-epe-thu-cong-nhieu-mau\/#primaryimage"},"thumbnailUrl":"https:\/\/epe.vn\/wp-content\/uploads\/2025\/05\/tam-xop-EPE-thu-cong.webp","datePublished":"2025-05-12T08:32:33+00:00","dateModified":"2025-05-12T08:32:34+00:00","description":"T\u1ea5m x\u1ed1p EPE nhi\u1ec1u m\u00e0u d\u00f9ng l\u00e0m \u0111\u1ed3 th\u1ee7 c\u00f4ng, trang tr\u00ed, \u0111\u00f3ng g\u00f3i qu\u00e0 t\u1eb7ng. M\u1ec1m nh\u1eb9, d\u1ec5 c\u1eaft, an to\u00e0n v\u00e0 \u0111\u1ea7y m\u00e0u s\u1eafc cho m\u1ecdi \u00fd t\u01b0\u1edfng s\u00e1ng t\u1ea1o.","breadcrumb":{"@id":"https:\/\/epe.vn\/manufacturer\/tam-xop-epe-thu-cong-nhieu-mau\/#breadcrumb"},"inLanguage":"en-US","potentialAction":[{"@type":"ReadAction","target":["https:\/\/epe.vn\/manufacturer\/tam-xop-epe-thu-cong-nhieu-mau\/"]}]},{"@type":"ImageObject","inLanguage":"en-US","@id":"https:\/\/epe.vn\/manufacturer\/tam-xop-epe-thu-cong-nhieu-mau\/#primaryimage","url":"https:\/\/epe.vn\/wp-content\/uploads\/2025\/05\/tam-xop-EPE-thu-cong.webp","contentUrl":"https:\/\/epe.vn\/wp-content\/uploads\/2025\/05\/tam-xop-EPE-thu-cong.webp","width":800,"height":800,"caption":"ta\u0302\u0301m xo\u0302\u0301p EPE thu\u0309 co\u0302ng"},{"@type":"BreadcrumbList","@id":"https:\/\/epe.vn\/manufacturer\/tam-xop-epe-thu-cong-nhieu-mau\/#breadcrumb","itemListElement":[{"@type":"ListItem","position":1,"name":"Home","item":"https:\/\/epe.vn\/"},{"@type":"ListItem","position":2,"name":"Shop","item":"https:\/\/epe.vn\/shop\/"},{"@type":"ListItem","position":3,"name":"T\u1ea5m x\u1ed1p EPE th\u1ee7 c\u00f4ng nhi\u1ec1u m\u00e0u | Tu\u1ef3 ch\u1ec9nh theo y\u00eau c\u1ea7u"}]},{"@type":"WebSite","@id":"https:\/\/epe.vn\/#website","url":"https:\/\/epe.vn\/","name":"Nh\u00e0 s\u1ea3n xu\u1ea5t b\u1ecdt Polyethylene m\u1edf r\u1ed9ng","description":"Nh\u00e0 cung c\u1ea5p bao b\u00ec v\u1ec9 x\u1ed1p polyethylene m\u1edf r\u1ed9ng v\u00e0 t\u00fai PE","potentialAction":[{"@type":"SearchAction","target":{"@type":"EntryPoint","urlTemplate":"https:\/\/epe.vn\/?s={search_term_string}"},"query-input":{"@type":"PropertyValueSpecification","valueRequired":true,"valueName":"search_term_string"}}],"inLanguage":"en-US"}]}},"_links":{"self":[{"href":"https:\/\/epe.vn\/en\/wp-json\/wp\/v2\/product\/2313","targetHints":{"allow":["GET"]}}],"collection":[{"href":"https:\/\/epe.vn\/en\/wp-json\/wp\/v2\/product"}],"about":[{"href":"https:\/\/epe.vn\/en\/wp-json\/wp\/v2\/types\/product"}],"replies":[{"embeddable":true,"href":"https:\/\/epe.vn\/en\/wp-json\/wp\/v2\/comments?post=2313"}],"wp:featuredmedia":[{"embeddable":true,"href":"https:\/\/epe.vn\/en\/wp-json\/wp\/v2\/media\/2314"}],"wp:attachment":[{"href":"https:\/\/epe.vn\/en\/wp-json\/wp\/v2\/media?parent=2313"}],"wp:term":[{"taxonomy":"product_cat","embeddable":true,"href":"https:\/\/epe.vn\/en\/wp-json\/wp\/v2\/product_cat?post=2313"},{"taxonomy":"product_tag","embeddable":true,"href":"https:\/\/epe.vn\/en\/wp-json\/wp\/v2\/product_tag?post=2313"}],"curies":[{"name":"wp","href":"https:\/\/api.w.org\/{rel}","templated":true}]}}