{"id":513,"date":"2023-03-13T07:20:57","date_gmt":"2023-03-13T07:20:57","guid":{"rendered":"https:\/\/epe.vn\/?page_id=513"},"modified":"2025-10-07T08:53:48","modified_gmt":"2025-10-07T01:53:48","slug":"dich-vu-2","status":"publish","type":"page","link":"https:\/\/epe.vn\/es\/dich-vu-2\/","title":{"rendered":"Servicio"},"content":{"rendered":"<div class=\"banner has-hover\" id=\"banner-890165161\">\n          <div class=\"banner-inner fill\">\n        <div class=\"banner-bg fill\" >\n            <div class=\"bg fill bg-fill\"><\/div>\n                        <div class=\"overlay\"><\/div>            \n                    <\/div>\n\t\t\n        <div class=\"banner-layers container\">\n            <div class=\"fill banner-link\"><\/div>            \n   <div id=\"text-box-196306007\" class=\"text-box banner-layer x5 md-x5 lg-x0 y50 md-y50 lg-y50 res-text\">\n                                <div class=\"text-box-content text dark\">\n              \n              <div class=\"text-inner text-center\">\n                  \n\t<div id=\"text-2570495886\" class=\"text\">\n\t\t\n<h1>Servicio<\/h1>\n\t\t\n<style>\n#text-2570495886 {\n  text-align: left;\n}\n<\/style>\n\t<\/div>\n\t\n              <\/div>\n           <\/div>\n                            \n<style>\n#text-box-196306007 {\n  width: 60%;\n}\n#text-box-196306007 .text-box-content {\n  font-size: 100%;\n}\n<\/style>\n    <\/div>\n \n        <\/div>\n      <\/div>\n\n            \n<style>\n#banner-890165161 {\n  padding-top: 27%;\n  background-color: rgb(255, 255, 255);\n}\n#banner-890165161 .bg.bg-loaded {\n  background-image: url(https:\/\/epe.vn\/wp-content\/uploads\/2025\/01\/Dich-Vu.jpg);\n}\n#banner-890165161 .overlay {\n  background-color: rgba(82, 76, 76, 0.227);\n}\n<\/style>\n  <\/div>\n\n\n\t<section class=\"section\" id=\"section_821066569\">\n\t\t<div class=\"bg section-bg fill bg-fill  bg-loaded\" >\n\n\t\t\t\n\t\t\t<div class=\"section-bg-overlay absolute fill\"><\/div>\n\t\t\t\n\n\t\t<\/div>\n\n\t\t\n\n\t\t<div class=\"section-content relative\">\n\t\t\t\n<div class=\"row align-middle\"  id=\"row-1927011961\">\n\n\t<div id=\"col-1316249743\" class=\"col medium-12 small-12 large-6\"  >\n\t\t\t\t<div class=\"col-inner\"  >\n\t\t\t\n\t\t\t\n\t<div class=\"img has-hover x md-x lg-x y md-y lg-y\" id=\"image_400894336\">\n\t\t\t\t\t\t\t\t<div class=\"img-inner image-cover dark\" style=\"padding-top:65%;margin:0px 0px 0px 0px;\">\n\t\t\t<img loading=\"lazy\" decoding=\"async\" width=\"760\" height=\"450\" src=\"https:\/\/epe.vn\/wp-content\/uploads\/2025\/01\/Dich-Vu-RD.jpg\" class=\"attachment-original size-original\" alt=\"Servicios de I+D\" srcset=\"https:\/\/epe.vn\/wp-content\/uploads\/2025\/01\/Dich-Vu-RD.jpg 760w, https:\/\/epe.vn\/wp-content\/uploads\/2025\/01\/Dich-Vu-RD-300x178.jpg 300w, https:\/\/epe.vn\/wp-content\/uploads\/2025\/01\/Dich-Vu-RD-18x12.jpg 18w, https:\/\/epe.vn\/wp-content\/uploads\/2025\/01\/Dich-Vu-RD-600x355.jpg 600w\" sizes=\"auto, (max-width: 760px) 100vw, 760px\" \/>\t\t\t\t\t\t\n\t\t\t\t\t<\/div>\n\t\t\t\t\t\t\t\t\n<style>\n#image_400894336 {\n  width: 100%;\n}\n<\/style>\n\t<\/div>\n\t\n\t\t<\/div>\n\t\t\t\t\n<style>\n#col-1316249743 > .col-inner {\n  padding: 0px 0px 0px 0px;\n}\n@media (min-width:850px) {\n  #col-1316249743 > .col-inner {\n    padding: 0px 30px 0px 0px;\n  }\n}\n<\/style>\n\t<\/div>\n\n\t\n\n\t<div id=\"col-2097766786\" class=\"col medium-12 small-12 large-6 medium-col-first\"  >\n\t\t\t\t<div class=\"col-inner\"  >\n\t\t\t\n\t\t\t\n\t<div id=\"text-3793894308\" class=\"text\">\n\t\t\n<h2>D\u1ecbch v\u1ee5 t\u00f9y ch\u1ec9nh X\u1ed1p FE ch\u1ea5t l\u01b0\u1ee3ng cao<\/h2>\n\t\t\n<style>\n#text-3793894308 {\n  font-size: 1rem;\n}\n@media (min-width:850px) {\n  #text-3793894308 {\n    font-size: 1.5rem;\n  }\n}\n<\/style>\n\t<\/div>\n\t\n<div class=\"is-divider divider clearfix\" style=\"max-width:50px;height:4px;background-color:rgb(0, 102, 204);\"><\/div>\n<p>La espuma FE de Dongrui Industry se produce a partir de materias primas de alta calidad y un proceso estrictamente controlado, lo que garantiza una calidad estable. El producto tiene buena compresi\u00f3n, amortiguaci\u00f3n y resistencia a los golpes, adecuado para embalaje, log\u00edstica, protecci\u00f3n y muchas otras aplicaciones. Tambi\u00e9n ofrecemos un servicio de personalizaci\u00f3n de espuma FE de acuerdo con los requisitos de especificaciones, espesor, densidad y tama\u00f1o, satisfaciendo todas las necesidades, ya sean cantidades grandes o peque\u00f1as.<\/p>\n<a href=\"https:\/\/epe.vn\/es\/contact\/\" class=\"button primary\"  style=\"border-radius:99px;\">\n    <span>Li\u00ean h\u1ec7 s\u1ed1: 0333 389 002<\/span>\n  <\/a>\n\n\t\t<\/div>\n\t\t\t\t\t<\/div>\n\n\t\n<\/div>\n\t\t<\/div>\n\n\t\t\n<style>\n#section_821066569 {\n  padding-top: 30px;\n  padding-bottom: 30px;\n}\n#section_821066569 .section-bg-overlay {\n  background-color: rgb(243, 243, 243);\n}\n@media (min-width:850px) {\n  #section_821066569 {\n    padding-top: 80px;\n    padding-bottom: 80px;\n  }\n}\n<\/style>\n\t<\/section>\n\t\n\t<section class=\"section\" id=\"section_618989380\">\n\t\t<div class=\"bg section-bg fill bg-fill  bg-loaded\" >\n\n\t\t\t\n\t\t\t\n\t\t\t\n\t<div class=\"is-border\"\n\t\tstyle=\"border-width:1px 0px 0px 0px;\">\n\t<\/div>\n\n\t\t<\/div>\n\n\t\t\n\n\t\t<div class=\"section-content relative\">\n\t\t\t\n<div class=\"row align-middle\"  id=\"row-2043732510\">\n\n\t<div id=\"col-574085777\" class=\"col medium-12 small-12 large-6\"  >\n\t\t\t\t<div class=\"col-inner\"  >\n\t\t\t\n\t\t\t\n\t<div id=\"text-3433303948\" class=\"text\">\n\t\t\n<h2>Kinh nghi\u1ec7m v\u00e0 Ngu\u1ed3n cung \u1ed5n \u0111\u1ecbnh t\u1eeb Dongrui Industry<\/h2>\n\t\t\n<style>\n#text-3433303948 {\n  font-size: 1rem;\n}\n@media (min-width:850px) {\n  #text-3433303948 {\n    font-size: 1.5rem;\n  }\n}\n<\/style>\n\t<\/div>\n\t\n<div class=\"is-divider divider clearfix\" style=\"max-width:50px;height:4px;background-color:rgb(0, 102, 204);\"><\/div>\n<p>Con muchos a\u00f1os de experiencia en la industria de espuma FE, Dongrui Industry no solo acumula tecnolog\u00eda y conocimiento profundos, sino que tambi\u00e9n brinda servicios de consultor\u00eda profesional, ayudando a los clientes a elegir materiales y soluciones de embalaje \u00f3ptimos. Como proveedor l\u00edder de espuma FE, tenemos una s\u00f3lida capacidad de producci\u00f3n y un sistema completo de gesti\u00f3n de la cadena de suministro, garantizando una entrega a tiempo y manteniendo un suministro estable para los clientes.<\/p>\n<a href=\"https:\/\/epe.vn\/es\/contact\/\" class=\"button primary\"  style=\"border-radius:99px;\">\n    <span>Li\u00ean h\u1ec7 s\u1ed1: 0333 389 002<\/span>\n  <\/a>\n\n\t\t<\/div>\n\t\t\t\t\n<style>\n#col-574085777 > .col-inner {\n  padding: 0px 0px 0px 0px;\n}\n@media (min-width:850px) {\n  #col-574085777 > .col-inner {\n    padding: 0px 30px 0px 0px;\n  }\n}\n<\/style>\n\t<\/div>\n\n\t\n\n\t<div id=\"col-1955074644\" class=\"col medium-12 small-12 large-6 medium-col-first\"  >\n\t\t\t\t<div class=\"col-inner\"  >\n\t\t\t\n\t\t\t\n\t<div class=\"img has-hover x md-x lg-x y md-y lg-y\" id=\"image_1333444450\">\n\t\t\t\t\t\t\t\t<div class=\"img-inner image-cover dark\" style=\"padding-top:65%;margin:0px 0px 0px 0px;\">\n\t\t\t<img loading=\"lazy\" decoding=\"async\" width=\"760\" height=\"450\" src=\"https:\/\/epe.vn\/wp-content\/uploads\/2025\/01\/Kinh-Nghiem-va-Nguon-Cung-On-Dinh-tu-Dongrui-Industry.jpg\" class=\"attachment-original size-original\" alt=\"Experiencia y suministro estable de Dongrui Industry\" srcset=\"https:\/\/epe.vn\/wp-content\/uploads\/2025\/01\/Kinh-Nghiem-va-Nguon-Cung-On-Dinh-tu-Dongrui-Industry.jpg 760w, https:\/\/epe.vn\/wp-content\/uploads\/2025\/01\/Kinh-Nghiem-va-Nguon-Cung-On-Dinh-tu-Dongrui-Industry-300x178.jpg 300w, https:\/\/epe.vn\/wp-content\/uploads\/2025\/01\/Kinh-Nghiem-va-Nguon-Cung-On-Dinh-tu-Dongrui-Industry-18x12.jpg 18w, https:\/\/epe.vn\/wp-content\/uploads\/2025\/01\/Kinh-Nghiem-va-Nguon-Cung-On-Dinh-tu-Dongrui-Industry-600x355.jpg 600w\" sizes=\"auto, (max-width: 760px) 100vw, 760px\" \/>\t\t\t\t\t\t\n\t\t\t\t\t<\/div>\n\t\t\t\t\t\t\t\t\n<style>\n#image_1333444450 {\n  width: 100%;\n}\n<\/style>\n\t<\/div>\n\t\n\t\t<\/div>\n\t\t\t\t\t<\/div>\n\n\t\n<\/div>\n<div class=\"row\"  id=\"row-1985590529\">\n\n\t<div id=\"col-1655819132\" class=\"col small-12 large-12\"  >\n\t\t\t\t<div class=\"col-inner\"  >\n\t\t\t\n\t\t\t\n\t<div id=\"gap-181352998\" class=\"gap-element clearfix\" style=\"display:block; height:auto;\">\n\t\t\n<style>\n#gap-181352998 {\n  padding-top: 0px;\n}\n@media (min-width:850px) {\n  #gap-181352998 {\n    padding-top: 30px;\n  }\n}\n<\/style>\n\t<\/div>\n\t\n\t<div id=\"text-1537173815\" class=\"text\">\n\t\t\n<h3>Phong c\u00e1ch thi\u1ebft k\u1ebf<\/h3>\n\t\t\n<style>\n#text-1537173815 {\n  font-size: 1rem;\n  text-align: center;\n}\n@media (min-width:850px) {\n  #text-1537173815 {\n    font-size: 1.5rem;\n  }\n}\n<\/style>\n\t<\/div>\n\t\n\t\t<\/div>\n\t\t\t\t\t<\/div>\n\n\t\n<\/div>\n<div class=\"row\"  id=\"row-2030606897\">\n\n\t<div id=\"col-1756965576\" class=\"col small-12 large-12\"  >\n\t\t\t\t<div class=\"col-inner\"  >\n\t\t\t\n\t\t\t\n<p>Con creatividad y atenci\u00f3n al detalle, nuestros dise\u00f1os y estilos de carcasas ofrecen la combinaci\u00f3n perfecta de est\u00e9tica y funcionalidad. A continuaci\u00f3n se muestran tres ejemplos t\u00edpicos:<\/p>\n\t<div id=\"gap-1238065256\" class=\"gap-element clearfix\" style=\"display:block; height:auto;\">\n\t\t\n<style>\n#gap-1238065256 {\n  padding-top: 30px;\n}\n<\/style>\n\t<\/div>\n\t\n<div class=\"row\"  id=\"row-440108563\">\n\n\t<div id=\"col-788060453\" class=\"col medium-4 small-12 large-4\"  >\n\t\t\t\t<div class=\"col-inner\"  >\n\t\t\t\n\t\t\t\n\t<div class=\"box has-hover   has-hover box-text-bottom\" >\n\n\t\t<div class=\"box-image\" >\n\t\t\t\t\t\t<div class=\"image-cover\" style=\"padding-top:75%;\">\n\t\t\t\t<img loading=\"lazy\" decoding=\"async\" width=\"1000\" height=\"700\" src=\"https:\/\/epe.vn\/wp-content\/uploads\/2025\/02\/Khay-Dung-Trung-Bang-Xop-EPE.webp\" class=\"attachment-original size-original\" alt=\"Bandeja para huevos de espuma EPE\" srcset=\"https:\/\/epe.vn\/wp-content\/uploads\/2025\/02\/Khay-Dung-Trung-Bang-Xop-EPE.webp 1000w, https:\/\/epe.vn\/wp-content\/uploads\/2025\/02\/Khay-Dung-Trung-Bang-Xop-EPE-300x210.webp 300w, https:\/\/epe.vn\/wp-content\/uploads\/2025\/02\/Khay-Dung-Trung-Bang-Xop-EPE-768x538.webp 768w, https:\/\/epe.vn\/wp-content\/uploads\/2025\/02\/Khay-Dung-Trung-Bang-Xop-EPE-18x12.webp 18w, https:\/\/epe.vn\/wp-content\/uploads\/2025\/02\/Khay-Dung-Trung-Bang-Xop-EPE-600x420.webp 600w\" sizes=\"auto, (max-width: 1000px) 100vw, 1000px\" \/>\t\t\t\t<div class=\"overlay\" style=\"background-color:rgba(0, 0, 0, 0.076)\"><\/div>\t\t\t\t\t\t\t<\/div>\n\t\t\t\t\t<\/div>\n\n\t\t<div class=\"box-text text-left\" >\n\t\t\t<div class=\"box-text-inner\">\n\t\t\t\t\n\t<div id=\"text-2772682785\" class=\"text\">\n\t\t\n<h4>Khay \u0111\u1ef1ng tr\u1ee9ng b\u1eb1ng X\u1ed1p EPE<\/h4>\n<p>Bandeja para huevos de espuma EPE de alta calidad, protecci\u00f3n \u00f3ptima de los huevos. Producto de Dongrui, el fabricante l\u00edder de espuma EPE. \u00a1Contacta ahora!<br \/>\n\t\t\n<style>\n#text-2772682785 {\n  font-size: 1rem;\n}\n<\/style>\n\t<\/div>\n\t\n\t\t\t<\/div>\n\t\t<\/div>\n\t<\/div>\n\t\n\t\t<\/div>\n\t\t\t\t\t<\/div>\n\n\t\n\n\t<div id=\"col-1732582974\" class=\"col medium-4 small-12 large-4\"  >\n\t\t\t\t<div class=\"col-inner\"  >\n\t\t\t\n\t\t\t\n\t<div class=\"box has-hover   has-hover box-text-bottom\" >\n\n\t\t<div class=\"box-image\" >\n\t\t\t\t\t\t<div class=\"image-cover\" style=\"padding-top:75%;\">\n\t\t\t\t<img loading=\"lazy\" decoding=\"async\" width=\"1000\" height=\"700\" src=\"https:\/\/epe.vn\/wp-content\/uploads\/2025\/02\/ong-xop-epe-tuy-chinh.webp\" class=\"attachment-original size-original\" alt=\"tubo de espuma epe personalizado\" srcset=\"https:\/\/epe.vn\/wp-content\/uploads\/2025\/02\/ong-xop-epe-tuy-chinh.webp 1000w, https:\/\/epe.vn\/wp-content\/uploads\/2025\/02\/ong-xop-epe-tuy-chinh-300x210.webp 300w, https:\/\/epe.vn\/wp-content\/uploads\/2025\/02\/ong-xop-epe-tuy-chinh-768x538.webp 768w, https:\/\/epe.vn\/wp-content\/uploads\/2025\/02\/ong-xop-epe-tuy-chinh-18x12.webp 18w, https:\/\/epe.vn\/wp-content\/uploads\/2025\/02\/ong-xop-epe-tuy-chinh-600x420.webp 600w\" sizes=\"auto, (max-width: 1000px) 100vw, 1000px\" \/>\t\t\t\t<div class=\"overlay\" style=\"background-color:rgba(0, 0, 0, 0.076)\"><\/div>\t\t\t\t\t\t\t<\/div>\n\t\t\t\t\t<\/div>\n\n\t\t<div class=\"box-text text-left\" >\n\t\t\t<div class=\"box-text-inner\">\n\t\t\t\t\n\t<div id=\"text-640511951\" class=\"text\">\n\t\t\n<h4>\u1ed0ng x\u1ed1p EPE t\u00f9y ch\u1ec9nh<\/h4>\n<p>Dongrui se especializa en la fabricaci\u00f3n de tubos de espuma EPE personalizados a pedido. Calidad garantizada, precio competitivo.<br \/>\n\t\t\n<style>\n#text-640511951 {\n  font-size: 1rem;\n}\n<\/style>\n\t<\/div>\n\t\n\t\t\t<\/div>\n\t\t<\/div>\n\t<\/div>\n\t\n\t\t<\/div>\n\t\t\t\t\t<\/div>\n\n\t\n\n\t<div id=\"col-972809205\" class=\"col medium-4 small-12 large-4\"  >\n\t\t\t\t<div class=\"col-inner\"  >\n\t\t\t\n\t\t\t\n\t<div class=\"box has-hover   has-hover box-text-bottom\" >\n\n\t\t<div class=\"box-image\" >\n\t\t\t\t\t\t<div class=\"image-cover\" style=\"padding-top:75%;\">\n\t\t\t\t<img loading=\"lazy\" decoding=\"async\" width=\"1000\" height=\"700\" src=\"https:\/\/epe.vn\/wp-content\/uploads\/2025\/02\/Lop-lot-bao-bi-xop-EPE.webp\" class=\"attachment-original size-original\" alt=\"Revestimiento de embalaje de espuma EPE\" srcset=\"https:\/\/epe.vn\/wp-content\/uploads\/2025\/02\/Lop-lot-bao-bi-xop-EPE.webp 1000w, https:\/\/epe.vn\/wp-content\/uploads\/2025\/02\/Lop-lot-bao-bi-xop-EPE-300x210.webp 300w, https:\/\/epe.vn\/wp-content\/uploads\/2025\/02\/Lop-lot-bao-bi-xop-EPE-768x538.webp 768w, https:\/\/epe.vn\/wp-content\/uploads\/2025\/02\/Lop-lot-bao-bi-xop-EPE-18x12.webp 18w, https:\/\/epe.vn\/wp-content\/uploads\/2025\/02\/Lop-lot-bao-bi-xop-EPE-600x420.webp 600w\" sizes=\"auto, (max-width: 1000px) 100vw, 1000px\" \/>\t\t\t\t<div class=\"overlay\" style=\"background-color:rgba(0, 0, 0, 0.076)\"><\/div>\t\t\t\t\t\t\t<\/div>\n\t\t\t\t\t<\/div>\n\n\t\t<div class=\"box-text text-left\" >\n\t\t\t<div class=\"box-text-inner\">\n\t\t\t\t\n\t<div id=\"text-3015557565\" class=\"text\">\n\t\t\n<h4>L\u1edbp l\u00f3t bao b\u00ec X\u1ed1p EPE<\/h4>\n<p>Sus productos estar\u00e1n protegidos de forma segura con un revestimiento de embalaje de espuma EPE. Dongrui se especializa en brindar soluciones efectivas de embalaje de espuma EPE.<br \/>\n\t\t\n<style>\n#text-3015557565 {\n  font-size: 1rem;\n}\n<\/style>\n\t<\/div>\n\t\n\t\t\t<\/div>\n\t\t<\/div>\n\t<\/div>\n\t\n\t\t<\/div>\n\t\t\t\t\t<\/div>\n\n\t\n<\/div>\n\t\t<\/div>\n\t\t\t\t\t<\/div>\n\n\t\n<\/div>\n\t\t<\/div>\n\n\t\t\n<style>\n#section_618989380 {\n  padding-top: 20px;\n  padding-bottom: 20px;\n}\n@media (min-width:550px) {\n  #section_618989380 {\n    padding-top: 30px;\n    padding-bottom: 30px;\n  }\n}\n@media (min-width:850px) {\n  #section_618989380 {\n    padding-top: 50px;\n    padding-bottom: 50px;\n  }\n}\n<\/style>\n\t<\/section>\n\t\n\t<section class=\"section\" id=\"section_25064262\">\n\t\t<div class=\"bg section-bg fill bg-fill  bg-loaded\" >\n\n\t\t\t\n\t\t\t<div class=\"section-bg-overlay absolute fill\"><\/div>\n\t\t\t\n\t<div class=\"is-border\"\n\t\tstyle=\"border-width:1px 0px 0px 0px;\">\n\t<\/div>\n\n\t\t<\/div>\n\n\t\t\n\n\t\t<div class=\"section-content relative\">\n\t\t\t\n<div class=\"row\"  id=\"row-1572429436\">\n\n\t<div id=\"col-2136570584\" class=\"col small-12 large-12\"  >\n\t\t\t\t<div class=\"col-inner\"  >\n\t\t\t\n\t\t\t\n<div class=\"row align-middle\"  id=\"row-222738786\">\n\n\t<div id=\"col-449574081\" class=\"col medium-12 small-12 large-6\"  >\n\t\t\t\t<div class=\"col-inner\"  >\n\t\t\t\n\t\t\t\n\t<div id=\"text-3475491330\" class=\"text\">\n\t\t\n<h2>D\u1ecbch v\u1ee5 sau b\u00e1n h\u00e0ng<\/h2>\n\t\t\n<style>\n#text-3475491330 {\n  font-size: 1rem;\n}\n@media (min-width:850px) {\n  #text-3475491330 {\n    font-size: 1.5rem;\n  }\n}\n<\/style>\n\t<\/div>\n\t\n<p>Servicio durante todo el ciclo de vida de un producto<\/p>\n<div class=\"is-divider divider clearfix\" style=\"max-width:50px;height:4px;background-color:rgb(0, 102, 204);\"><\/div>\n<p>Dongrui se compromete a brindar una excelente experiencia al cliente. Ofrecemos los siguientes servicios:<\/p>\n<ul>\n<li><strong>Consultor\u00eda y preguntas y respuestas:<\/strong> Nuestro equipo profesional est\u00e1 siempre dispuesto a responder sus preguntas en cualquier momento.<\/li>\n<li><strong>Soporte para devoluciones y cambios:<\/strong> Si hay alg\u00fan problema con el producto, comun\u00edquese con nosotros dentro de los 3 d\u00edas.<\/li>\n<li><strong>Garant\u00eda del producto:<\/strong> S\u1ea3n ph\u1ea9m \u0111\u01b0\u1ee3c b\u1ea3o h\u00e0nh trong [th\u1eddi gian b\u1ea3o h\u00e0nh.<\/li>\n<li><strong>Entrega e instalaci\u00f3n:<\/strong> Ofrecemos entrega a domicilio y algunos productos pueden ofrecer instalaci\u00f3n.<\/li>\n<li><strong>Atenci\u00f3n al cliente regular:<\/strong> Valoramos sus comentarios y mejoramos continuamente la calidad de nuestros servicios.<\/li>\n<\/ul>\n<a href=\"https:\/\/epe.vn\/es\/contact\/\" class=\"button primary\"  style=\"border-radius:99px;\">\n    <span>Li\u00ean h\u1ec7 s\u1ed1: 0333 389 002<\/span>\n  <\/a>\n\n\t\t<\/div>\n\t\t\t\t\t<\/div>\n\n\t\n\n\t<div id=\"col-861013441\" class=\"col medium-12 small-12 large-6\"  >\n\t\t\t\t<div class=\"col-inner\"  >\n\t\t\t\n\t\t\t\n\t<div class=\"img has-hover x md-x lg-x y md-y lg-y\" id=\"image_330532071\">\n\t\t\t\t\t\t\t\t<div class=\"img-inner image-cover dark\" style=\"padding-top:100%;\">\n\t\t\t<img loading=\"lazy\" decoding=\"async\" width=\"800\" height=\"533\" src=\"https:\/\/epe.vn\/wp-content\/uploads\/2023\/04\/after_sale_service.webp\" class=\"attachment-original size-original\" alt=\"\" srcset=\"https:\/\/epe.vn\/wp-content\/uploads\/2023\/04\/after_sale_service.webp 800w, https:\/\/epe.vn\/wp-content\/uploads\/2023\/04\/after_sale_service-300x200.webp 300w, https:\/\/epe.vn\/wp-content\/uploads\/2023\/04\/after_sale_service-768x512.webp 768w, https:\/\/epe.vn\/wp-content\/uploads\/2023\/04\/after_sale_service-600x400.webp 600w\" sizes=\"auto, (max-width: 800px) 100vw, 800px\" \/>\t\t\t\t\t\t\n\t\t\t\t\t<\/div>\n\t\t\t\t\t\t\t\t\n<style>\n#image_330532071 {\n  width: 100%;\n}\n<\/style>\n\t<\/div>\n\t\n\t\t<\/div>\n\t\t\t\t\t<\/div>\n\n\t\n<\/div>\n\t\t<\/div>\n\t\t\t\t\t<\/div>\n\n\t\n<\/div>\n<div class=\"row\"  id=\"row-1275287133\">\n\n\t<div id=\"col-1122120363\" class=\"col small-12 large-12\"  >\n\t\t\t\t<div class=\"col-inner\"  >\n\t\t\t\n\t\t\t\n\t<div id=\"gap-1308564714\" class=\"gap-element clearfix\" style=\"display:block; height:auto;\">\n\t\t\n<style>\n#gap-1308564714 {\n  padding-top: 0px;\n}\n@media (min-width:850px) {\n  #gap-1308564714 {\n    padding-top: 30px;\n  }\n}\n<\/style>\n\t<\/div>\n\t\n\t\t<\/div>\n\t\t\t\t\t<\/div>\n\n\t\n<\/div>\n<div class=\"row\"  id=\"row-1109453570\">\n\n\t<div id=\"col-946840362\" class=\"col medium-6 small-12 large-4\"  >\n\t\t\t\t<div class=\"col-inner\"  >\n\t\t\t\n\t\t\t\n\t<div class=\"img has-hover x md-x lg-x y md-y lg-y\" id=\"image_1499401561\">\n\t\t\t\t\t\t\t\t<div class=\"img-inner dark\" >\n\t\t\t\t\t\t\t\t\t\n\t\t\t\t\t<\/div>\n\t\t\t\t\t\t\t\t\n<style>\n#image_1499401561 {\n  width: 100%;\n}\n<\/style>\n\t<\/div>\n\t\n\t\t<\/div>\n\t\t\t\t\t<\/div>\n\n\t\n\n\t<div id=\"col-1956722678\" class=\"col medium-6 small-12 large-8\"  >\n\t\t\t\t<div class=\"col-inner\"  >\n\t\t\t\n\t\t\t\n\t<div id=\"text-1576140271\" class=\"text\">\n\t\t\n<h2>\u00bfNecesitar ayuda? \u00a1Estamos siempre listos para servirle 24\/7\/365!<\/h2>\n\t\t\n<style>\n#text-1576140271 {\n  font-size: 1rem;\n}\n@media (min-width:850px) {\n  #text-1576140271 {\n    font-size: 1.8rem;\n  }\n}\n<\/style>\n\t<\/div>\n\t\n<p>T\u00ecm gi\u1ea3i ph\u00e1p x\u1ed1p EPE t\u00f9y ch\u1ec9nh? Dongrui h\u1ed7 tr\u1ee3 b\u1ea1n 24\/7, m\u1ecdi l\u00fac m\u1ecdi n\u01a1i!<\/p>\n<a href=\"https:\/\/epe.vn\/es\/contact\/\" class=\"button primary\"  style=\"border-radius:99px;\">\n    <span>Li\u00ean h\u1ec7 s\u1ed1: 0333 389 002<\/span>\n  <\/a>\n\n\t\t<\/div>\n\t\t\t\t\n<style>\n#col-1956722678 > .col-inner {\n  padding: 0px 0px 0px 0px;\n}\n@media (min-width:850px) {\n  #col-1956722678 > .col-inner {\n    padding: 0px 0px 0px 30px;\n  }\n}\n<\/style>\n\t<\/div>\n\n\t\n<\/div>\n\t\t<\/div>\n\n\t\t\n<style>\n#section_25064262 {\n  padding-top: 30px;\n  padding-bottom: 30px;\n}\n#section_25064262 .section-bg-overlay {\n  background-color: rgb(243, 243, 243);\n}\n@media (min-width:850px) {\n  #section_25064262 {\n    padding-top: 50px;\n    padding-bottom: 50px;\n  }\n}\n<\/style>\n\t<\/section>","protected":false},"excerpt":{"rendered":"","protected":false},"author":3,"featured_media":0,"parent":0,"menu_order":0,"comment_status":"closed","ping_status":"closed","template":"page-blank.php","meta":{"footnotes":""},"class_list":["post-513","page","type-page","status-publish","hentry"],"yoast_head":"<!-- This site is optimized with the Yoast SEO plugin v23.4 - https:\/\/yoast.com\/wordpress\/plugins\/seo\/ -->\n<title>D\u1ecbch v\u1ee5 - Nh\u00e0 s\u1ea3n xu\u1ea5t b\u1ecdt Polyethylene m\u1edf r\u1ed9ng<\/title>\n<meta name=\"robots\" content=\"index, follow, max-snippet:-1, max-image-preview:large, max-video-preview:-1\" \/>\n<link rel=\"canonical\" href=\"https:\/\/epe.vn\/es\/dich-vu-2\/\" \/>\n<meta property=\"og:locale\" content=\"es_MX\" \/>\n<meta property=\"og:type\" content=\"article\" \/>\n<meta property=\"og:title\" content=\"D\u1ecbch v\u1ee5 - Nh\u00e0 s\u1ea3n xu\u1ea5t b\u1ecdt Polyethylene m\u1edf r\u1ed9ng\" \/>\n<meta property=\"og:url\" content=\"https:\/\/epe.vn\/es\/dich-vu-2\/\" \/>\n<meta property=\"og:site_name\" content=\"Nh\u00e0 s\u1ea3n xu\u1ea5t b\u1ecdt Polyethylene m\u1edf r\u1ed9ng\" \/>\n<meta property=\"article:modified_time\" content=\"2025-10-07T01:53:48+00:00\" \/>\n<meta name=\"twitter:card\" content=\"summary_large_image\" \/>\n<meta name=\"twitter:label1\" content=\"Tiempo de lectura\" \/>\n\t<meta name=\"twitter:data1\" content=\"5 minutos\" \/>\n<script type=\"application\/ld+json\" class=\"yoast-schema-graph\">{\"@context\":\"https:\/\/schema.org\",\"@graph\":[{\"@type\":\"WebPage\",\"@id\":\"https:\/\/epe.vn\/dich-vu-2\/\",\"url\":\"https:\/\/epe.vn\/dich-vu-2\/\",\"name\":\"D\u1ecbch v\u1ee5 - Nh\u00e0 s\u1ea3n xu\u1ea5t b\u1ecdt Polyethylene m\u1edf r\u1ed9ng\",\"isPartOf\":{\"@id\":\"https:\/\/epe.vn\/#website\"},\"datePublished\":\"2023-03-13T07:20:57+00:00\",\"dateModified\":\"2025-10-07T01:53:48+00:00\",\"breadcrumb\":{\"@id\":\"https:\/\/epe.vn\/dich-vu-2\/#breadcrumb\"},\"inLanguage\":\"es\",\"potentialAction\":[{\"@type\":\"ReadAction\",\"target\":[\"https:\/\/epe.vn\/dich-vu-2\/\"]}]},{\"@type\":\"BreadcrumbList\",\"@id\":\"https:\/\/epe.vn\/dich-vu-2\/#breadcrumb\",\"itemListElement\":[{\"@type\":\"ListItem\",\"position\":1,\"name\":\"Home\",\"item\":\"https:\/\/epe.vn\/\"},{\"@type\":\"ListItem\",\"position\":2,\"name\":\"D\u1ecbch v\u1ee5\"}]},{\"@type\":\"WebSite\",\"@id\":\"https:\/\/epe.vn\/#website\",\"url\":\"https:\/\/epe.vn\/\",\"name\":\"Nh\u00e0 s\u1ea3n xu\u1ea5t b\u1ecdt Polyethylene m\u1edf r\u1ed9ng\",\"description\":\"Nh\u00e0 cung c\u1ea5p bao b\u00ec v\u1ec9 x\u1ed1p polyethylene m\u1edf r\u1ed9ng v\u00e0 t\u00fai PE\",\"potentialAction\":[{\"@type\":\"SearchAction\",\"target\":{\"@type\":\"EntryPoint\",\"urlTemplate\":\"https:\/\/epe.vn\/?s={search_term_string}\"},\"query-input\":{\"@type\":\"PropertyValueSpecification\",\"valueRequired\":true,\"valueName\":\"search_term_string\"}}],\"inLanguage\":\"es\"}]}<\/script>\n<!-- \/ Yoast SEO plugin. -->","yoast_head_json":{"title":"D\u1ecbch v\u1ee5 - Nh\u00e0 s\u1ea3n xu\u1ea5t b\u1ecdt Polyethylene m\u1edf r\u1ed9ng","robots":{"index":"index","follow":"follow","max-snippet":"max-snippet:-1","max-image-preview":"max-image-preview:large","max-video-preview":"max-video-preview:-1"},"canonical":"https:\/\/epe.vn\/es\/dich-vu-2\/","og_locale":"es_MX","og_type":"article","og_title":"D\u1ecbch v\u1ee5 - Nh\u00e0 s\u1ea3n xu\u1ea5t b\u1ecdt Polyethylene m\u1edf r\u1ed9ng","og_url":"https:\/\/epe.vn\/es\/dich-vu-2\/","og_site_name":"Nh\u00e0 s\u1ea3n xu\u1ea5t b\u1ecdt Polyethylene m\u1edf r\u1ed9ng","article_modified_time":"2025-10-07T01:53:48+00:00","twitter_card":"summary_large_image","twitter_misc":{"Tiempo de lectura":"5 minutos"},"schema":{"@context":"https:\/\/schema.org","@graph":[{"@type":"WebPage","@id":"https:\/\/epe.vn\/dich-vu-2\/","url":"https:\/\/epe.vn\/dich-vu-2\/","name":"D\u1ecbch v\u1ee5 - Nh\u00e0 s\u1ea3n xu\u1ea5t b\u1ecdt Polyethylene m\u1edf r\u1ed9ng","isPartOf":{"@id":"https:\/\/epe.vn\/#website"},"datePublished":"2023-03-13T07:20:57+00:00","dateModified":"2025-10-07T01:53:48+00:00","breadcrumb":{"@id":"https:\/\/epe.vn\/dich-vu-2\/#breadcrumb"},"inLanguage":"es","potentialAction":[{"@type":"ReadAction","target":["https:\/\/epe.vn\/dich-vu-2\/"]}]},{"@type":"BreadcrumbList","@id":"https:\/\/epe.vn\/dich-vu-2\/#breadcrumb","itemListElement":[{"@type":"ListItem","position":1,"name":"Home","item":"https:\/\/epe.vn\/"},{"@type":"ListItem","position":2,"name":"D\u1ecbch v\u1ee5"}]},{"@type":"WebSite","@id":"https:\/\/epe.vn\/#website","url":"https:\/\/epe.vn\/","name":"Nh\u00e0 s\u1ea3n xu\u1ea5t b\u1ecdt Polyethylene m\u1edf r\u1ed9ng","description":"Nh\u00e0 cung c\u1ea5p bao b\u00ec v\u1ec9 x\u1ed1p polyethylene m\u1edf r\u1ed9ng v\u00e0 t\u00fai PE","potentialAction":[{"@type":"SearchAction","target":{"@type":"EntryPoint","urlTemplate":"https:\/\/epe.vn\/?s={search_term_string}"},"query-input":{"@type":"PropertyValueSpecification","valueRequired":true,"valueName":"search_term_string"}}],"inLanguage":"es"}]}},"_links":{"self":[{"href":"https:\/\/epe.vn\/es\/wp-json\/wp\/v2\/pages\/513","targetHints":{"allow":["GET"]}}],"collection":[{"href":"https:\/\/epe.vn\/es\/wp-json\/wp\/v2\/pages"}],"about":[{"href":"https:\/\/epe.vn\/es\/wp-json\/wp\/v2\/types\/page"}],"author":[{"embeddable":true,"href":"https:\/\/epe.vn\/es\/wp-json\/wp\/v2\/users\/3"}],"replies":[{"embeddable":true,"href":"https:\/\/epe.vn\/es\/wp-json\/wp\/v2\/comments?post=513"}],"version-history":[{"count":29,"href":"https:\/\/epe.vn\/es\/wp-json\/wp\/v2\/pages\/513\/revisions"}],"predecessor-version":[{"id":2471,"href":"https:\/\/epe.vn\/es\/wp-json\/wp\/v2\/pages\/513\/revisions\/2471"}],"wp:attachment":[{"href":"https:\/\/epe.vn\/es\/wp-json\/wp\/v2\/media?parent=513"}],"curies":[{"name":"wp","href":"https:\/\/api.w.org\/{rel}","templated":true}]}}