{"id":1758,"date":"2025-02-13T08:59:51","date_gmt":"2025-02-13T01:59:51","guid":{"rendered":"https:\/\/epe.vn\/?post_type=product&#038;p=1758"},"modified":"2025-02-13T10:14:45","modified_gmt":"2025-02-13T03:14:45","slug":"mut-xop-pe-foam-20mm","status":"publish","type":"product","link":"https:\/\/epe.vn\/es\/manufacturer\/mut-xop-pe-foam-20mm\/","title":{"rendered":"Zapatos de espuma de PE hechos a medida de 20 mm | Espuma suave y fina"},"content":{"rendered":"<h2>Especificaciones t\u00e9cnicas<\/h2>\n<table border=\"0\" width=\"634\" cellspacing=\"0\" cellpadding=\"0\">\n<tbody>\n<tr>\n<td class=\"et2\" width=\"220\" height=\"19\"><strong>Nombre del producto<\/strong><\/td>\n<td class=\"et2\" width=\"414\">Espuma de PE 20 mm | Espuma suave y fina<\/td>\n<\/tr>\n<tr>\n<td class=\"et2\" height=\"19\"><strong>Tama\u00f1o<\/strong><\/td>\n<td class=\"et2\">Seg\u00fan su solicitud<\/td>\n<\/tr>\n<tr>\n<td class=\"et2\" height=\"19\"><strong>Color<\/strong><\/td>\n<td class=\"et2\">Blanco<\/td>\n<\/tr>\n<tr>\n<td class=\"et2\" height=\"19\"><strong>Espesor<\/strong><\/td>\n<td class=\"et2\">0,5 mm-20 mm<\/td>\n<\/tr>\n<tr>\n<td class=\"et2\" height=\"19\"><strong>Cantidad m\u00ednima de pedido<\/strong><\/td>\n<td class=\"et2\">2 rollos<\/td>\n<\/tr>\n<tr>\n<td class=\"et2\" height=\"19\"><strong>Impresi\u00f3n<\/strong><\/td>\n<td class=\"et2\">Imprimir logotipo<\/td>\n<\/tr>\n<tr>\n<td class=\"et2\" height=\"19\"><strong>Caracter\u00edsticas<\/strong><\/td>\n<td class=\"et2\">A prueba de golpes, resistente al agua, respetuoso con el medio ambiente.<\/td>\n<\/tr>\n<tr>\n<td class=\"et2\" height=\"19\"><strong>Proceso de dar un t\u00edtulo<\/strong><\/td>\n<td class=\"et2\">Certificaci\u00f3n CE, IOS9001, ROHS<\/td>\n<\/tr>\n<tr>\n<td class=\"et2\" height=\"19\"><strong>Usar<\/strong><\/td>\n<td class=\"et2\">Paquete<\/td>\n<\/tr>\n<tr>\n<td class=\"et2\" height=\"19\"><strong>Tipo<\/strong><\/td>\n<td class=\"et2\">Pel\u00edcula protectora<\/td>\n<\/tr>\n<\/tbody>\n<\/table>","protected":false},"excerpt":{"rendered":"<p>Dongrui es un fabricante profesional de rollos de espuma de PE blanda de 20 mm personalizados,<\/p>\n<ul>\n<li data-start=\"168\" data-end=\"236\"><strong data-start=\"170\" data-end=\"185\">Espesor 20mm<\/strong>:Espuma de PE de 20 mm de espesor, suave, buena elasticidad.<\/li>\n<li data-start=\"237\" data-end=\"321\"><strong data-start=\"239\" data-end=\"261\">Aplicaci\u00f3n flexible<\/strong>:Se utiliza para embalaje, protecci\u00f3n de productos, insonorizaci\u00f3n y aislamiento.<\/li>\n<li data-start=\"322\" data-end=\"394\"><strong data-start=\"324\" data-end=\"342\">Alta calidad<\/strong>:El producto es duradero, seguro y puede soportar impactos leves.<\/li>\n<li data-start=\"395\" data-end=\"455\" data-is-last-node=\"\"><strong data-start=\"397\" data-end=\"414\">Precio razonable<\/strong>:Compra al por mayor y a precios competitivos.<\/li>\n<\/ul>","protected":false},"featured_media":1759,"comment_status":"open","ping_status":"closed","template":"","meta":[],"product_cat":[37],"product_tag":[],"class_list":{"0":"post-1758","1":"product","2":"type-product","3":"status-publish","4":"has-post-thumbnail","6":"product_cat-cuon-mut-xop","8":"first","9":"instock","10":"shipping-taxable","11":"product-type-simple"},"yoast_head":"<!-- This site is optimized with the Yoast SEO plugin v23.4 - https:\/\/yoast.com\/wordpress\/plugins\/seo\/ -->\n<title>\u0110o Ni \u0110\u00f3ng Gi\u00e0y M\u00fat X\u1ed1p Pe Foam 20mm | M\u00fat X\u1ed1p M\u1ec1m M\u1ecfng - Nh\u00e0 s\u1ea3n xu\u1ea5t b\u1ecdt Polyethylene m\u1edf r\u1ed9ng<\/title>\n<meta name=\"description\" content=\"M\u00fat x\u1ed1p PE Foam 20mm m\u1ec1m m\u1ea1i, nh\u1eb9 nh\u00e0ng, d\u1ec5 d\u00e0ng s\u1eed d\u1ee5ng cho nhi\u1ec1u \u1ee9ng d\u1ee5ng nh\u01b0 \u0111\u00f3ng g\u00f3i, b\u1ea3o v\u1ec7. Ch\u1ea5t l\u01b0\u1ee3ng cao, \u0111\u1ed9 b\u1ec1n t\u1ed1t, gi\u00e1 c\u1ea3 h\u1ee3p l\u00fd.\" \/>\n<meta name=\"robots\" content=\"index, follow, max-snippet:-1, max-image-preview:large, max-video-preview:-1\" \/>\n<link rel=\"canonical\" href=\"https:\/\/epe.vn\/es\/manufacturer\/mut-xop-pe-foam-20mm\/\" \/>\n<meta property=\"og:locale\" content=\"es_MX\" \/>\n<meta property=\"og:type\" content=\"article\" \/>\n<meta property=\"og:title\" content=\"\u0110o Ni \u0110\u00f3ng Gi\u00e0y M\u00fat X\u1ed1p Pe Foam 20mm | M\u00fat X\u1ed1p M\u1ec1m M\u1ecfng - Nh\u00e0 s\u1ea3n xu\u1ea5t b\u1ecdt Polyethylene m\u1edf r\u1ed9ng\" \/>\n<meta property=\"og:description\" content=\"M\u00fat x\u1ed1p PE Foam 20mm m\u1ec1m m\u1ea1i, nh\u1eb9 nh\u00e0ng, d\u1ec5 d\u00e0ng s\u1eed d\u1ee5ng cho nhi\u1ec1u \u1ee9ng d\u1ee5ng nh\u01b0 \u0111\u00f3ng g\u00f3i, b\u1ea3o v\u1ec7. Ch\u1ea5t l\u01b0\u1ee3ng cao, \u0111\u1ed9 b\u1ec1n t\u1ed1t, gi\u00e1 c\u1ea3 h\u1ee3p l\u00fd.\" \/>\n<meta property=\"og:url\" content=\"https:\/\/epe.vn\/es\/manufacturer\/mut-xop-pe-foam-20mm\/\" \/>\n<meta property=\"og:site_name\" content=\"Nh\u00e0 s\u1ea3n xu\u1ea5t b\u1ecdt Polyethylene m\u1edf r\u1ed9ng\" \/>\n<meta property=\"article:modified_time\" content=\"2025-02-13T03:14:45+00:00\" \/>\n<meta property=\"og:image\" content=\"https:\/\/epe.vn\/wp-content\/uploads\/2025\/02\/xop-cuon-trang.webp\" \/>\n\t<meta property=\"og:image:width\" content=\"1000\" \/>\n\t<meta property=\"og:image:height\" content=\"1000\" \/>\n\t<meta property=\"og:image:type\" content=\"image\/webp\" \/>\n<meta name=\"twitter:card\" content=\"summary_large_image\" \/>\n<meta name=\"twitter:label1\" content=\"Tiempo de lectura\" \/>\n\t<meta name=\"twitter:data1\" content=\"1 minuto\" \/>\n<script type=\"application\/ld+json\" class=\"yoast-schema-graph\">{\"@context\":\"https:\/\/schema.org\",\"@graph\":[{\"@type\":\"WebPage\",\"@id\":\"https:\/\/epe.vn\/manufacturer\/mut-xop-pe-foam-20mm\/\",\"url\":\"https:\/\/epe.vn\/manufacturer\/mut-xop-pe-foam-20mm\/\",\"name\":\"\u0110o Ni \u0110\u00f3ng Gi\u00e0y M\u00fat X\u1ed1p Pe Foam 20mm | M\u00fat X\u1ed1p M\u1ec1m M\u1ecfng - Nh\u00e0 s\u1ea3n xu\u1ea5t b\u1ecdt Polyethylene m\u1edf r\u1ed9ng\",\"isPartOf\":{\"@id\":\"https:\/\/epe.vn\/#website\"},\"primaryImageOfPage\":{\"@id\":\"https:\/\/epe.vn\/manufacturer\/mut-xop-pe-foam-20mm\/#primaryimage\"},\"image\":{\"@id\":\"https:\/\/epe.vn\/manufacturer\/mut-xop-pe-foam-20mm\/#primaryimage\"},\"thumbnailUrl\":\"https:\/\/epe.vn\/wp-content\/uploads\/2025\/02\/xop-cuon-trang.webp\",\"datePublished\":\"2025-02-13T01:59:51+00:00\",\"dateModified\":\"2025-02-13T03:14:45+00:00\",\"description\":\"M\u00fat x\u1ed1p PE Foam 20mm m\u1ec1m m\u1ea1i, nh\u1eb9 nh\u00e0ng, d\u1ec5 d\u00e0ng s\u1eed d\u1ee5ng cho nhi\u1ec1u \u1ee9ng d\u1ee5ng nh\u01b0 \u0111\u00f3ng g\u00f3i, b\u1ea3o v\u1ec7. Ch\u1ea5t l\u01b0\u1ee3ng cao, \u0111\u1ed9 b\u1ec1n t\u1ed1t, gi\u00e1 c\u1ea3 h\u1ee3p l\u00fd.\",\"breadcrumb\":{\"@id\":\"https:\/\/epe.vn\/manufacturer\/mut-xop-pe-foam-20mm\/#breadcrumb\"},\"inLanguage\":\"es\",\"potentialAction\":[{\"@type\":\"ReadAction\",\"target\":[\"https:\/\/epe.vn\/manufacturer\/mut-xop-pe-foam-20mm\/\"]}]},{\"@type\":\"ImageObject\",\"inLanguage\":\"es\",\"@id\":\"https:\/\/epe.vn\/manufacturer\/mut-xop-pe-foam-20mm\/#primaryimage\",\"url\":\"https:\/\/epe.vn\/wp-content\/uploads\/2025\/02\/xop-cuon-trang.webp\",\"contentUrl\":\"https:\/\/epe.vn\/wp-content\/uploads\/2025\/02\/xop-cuon-trang.webp\",\"width\":1000,\"height\":1000,\"caption\":\"x\u1ed1p cu\u1ed9n tr\u1eafng\"},{\"@type\":\"BreadcrumbList\",\"@id\":\"https:\/\/epe.vn\/manufacturer\/mut-xop-pe-foam-20mm\/#breadcrumb\",\"itemListElement\":[{\"@type\":\"ListItem\",\"position\":1,\"name\":\"Home\",\"item\":\"https:\/\/epe.vn\/\"},{\"@type\":\"ListItem\",\"position\":2,\"name\":\"Shop\",\"item\":\"https:\/\/epe.vn\/shop\/\"},{\"@type\":\"ListItem\",\"position\":3,\"name\":\"\u0110o Ni \u0110\u00f3ng Gi\u00e0y M\u00fat X\u1ed1p Pe Foam 20mm | M\u00fat X\u1ed1p M\u1ec1m M\u1ecfng\"}]},{\"@type\":\"WebSite\",\"@id\":\"https:\/\/epe.vn\/#website\",\"url\":\"https:\/\/epe.vn\/\",\"name\":\"Nh\u00e0 s\u1ea3n xu\u1ea5t b\u1ecdt Polyethylene m\u1edf r\u1ed9ng\",\"description\":\"Nh\u00e0 cung c\u1ea5p bao b\u00ec v\u1ec9 x\u1ed1p polyethylene m\u1edf r\u1ed9ng v\u00e0 t\u00fai PE\",\"potentialAction\":[{\"@type\":\"SearchAction\",\"target\":{\"@type\":\"EntryPoint\",\"urlTemplate\":\"https:\/\/epe.vn\/?s={search_term_string}\"},\"query-input\":{\"@type\":\"PropertyValueSpecification\",\"valueRequired\":true,\"valueName\":\"search_term_string\"}}],\"inLanguage\":\"es\"}]}<\/script>\n<!-- \/ Yoast SEO plugin. -->","yoast_head_json":{"title":"\u0110o Ni \u0110\u00f3ng Gi\u00e0y M\u00fat X\u1ed1p Pe Foam 20mm | M\u00fat X\u1ed1p M\u1ec1m M\u1ecfng - Nh\u00e0 s\u1ea3n xu\u1ea5t b\u1ecdt Polyethylene m\u1edf r\u1ed9ng","description":"M\u00fat x\u1ed1p PE Foam 20mm m\u1ec1m m\u1ea1i, nh\u1eb9 nh\u00e0ng, d\u1ec5 d\u00e0ng s\u1eed d\u1ee5ng cho nhi\u1ec1u \u1ee9ng d\u1ee5ng nh\u01b0 \u0111\u00f3ng g\u00f3i, b\u1ea3o v\u1ec7. Ch\u1ea5t l\u01b0\u1ee3ng cao, \u0111\u1ed9 b\u1ec1n t\u1ed1t, gi\u00e1 c\u1ea3 h\u1ee3p l\u00fd.","robots":{"index":"index","follow":"follow","max-snippet":"max-snippet:-1","max-image-preview":"max-image-preview:large","max-video-preview":"max-video-preview:-1"},"canonical":"https:\/\/epe.vn\/es\/manufacturer\/mut-xop-pe-foam-20mm\/","og_locale":"es_MX","og_type":"article","og_title":"\u0110o Ni \u0110\u00f3ng Gi\u00e0y M\u00fat X\u1ed1p Pe Foam 20mm | M\u00fat X\u1ed1p M\u1ec1m M\u1ecfng - Nh\u00e0 s\u1ea3n xu\u1ea5t b\u1ecdt Polyethylene m\u1edf r\u1ed9ng","og_description":"M\u00fat x\u1ed1p PE Foam 20mm m\u1ec1m m\u1ea1i, nh\u1eb9 nh\u00e0ng, d\u1ec5 d\u00e0ng s\u1eed d\u1ee5ng cho nhi\u1ec1u \u1ee9ng d\u1ee5ng nh\u01b0 \u0111\u00f3ng g\u00f3i, b\u1ea3o v\u1ec7. Ch\u1ea5t l\u01b0\u1ee3ng cao, \u0111\u1ed9 b\u1ec1n t\u1ed1t, gi\u00e1 c\u1ea3 h\u1ee3p l\u00fd.","og_url":"https:\/\/epe.vn\/es\/manufacturer\/mut-xop-pe-foam-20mm\/","og_site_name":"Nh\u00e0 s\u1ea3n xu\u1ea5t b\u1ecdt Polyethylene m\u1edf r\u1ed9ng","article_modified_time":"2025-02-13T03:14:45+00:00","og_image":[{"width":1000,"height":1000,"url":"https:\/\/epe.vn\/wp-content\/uploads\/2025\/02\/xop-cuon-trang.webp","type":"image\/webp"}],"twitter_card":"summary_large_image","twitter_misc":{"Tiempo de lectura":"1 minuto"},"schema":{"@context":"https:\/\/schema.org","@graph":[{"@type":"WebPage","@id":"https:\/\/epe.vn\/manufacturer\/mut-xop-pe-foam-20mm\/","url":"https:\/\/epe.vn\/manufacturer\/mut-xop-pe-foam-20mm\/","name":"\u0110o Ni \u0110\u00f3ng Gi\u00e0y M\u00fat X\u1ed1p Pe Foam 20mm | M\u00fat X\u1ed1p M\u1ec1m M\u1ecfng - Nh\u00e0 s\u1ea3n xu\u1ea5t b\u1ecdt Polyethylene m\u1edf r\u1ed9ng","isPartOf":{"@id":"https:\/\/epe.vn\/#website"},"primaryImageOfPage":{"@id":"https:\/\/epe.vn\/manufacturer\/mut-xop-pe-foam-20mm\/#primaryimage"},"image":{"@id":"https:\/\/epe.vn\/manufacturer\/mut-xop-pe-foam-20mm\/#primaryimage"},"thumbnailUrl":"https:\/\/epe.vn\/wp-content\/uploads\/2025\/02\/xop-cuon-trang.webp","datePublished":"2025-02-13T01:59:51+00:00","dateModified":"2025-02-13T03:14:45+00:00","description":"M\u00fat x\u1ed1p PE Foam 20mm m\u1ec1m m\u1ea1i, nh\u1eb9 nh\u00e0ng, d\u1ec5 d\u00e0ng s\u1eed d\u1ee5ng cho nhi\u1ec1u \u1ee9ng d\u1ee5ng nh\u01b0 \u0111\u00f3ng g\u00f3i, b\u1ea3o v\u1ec7. Ch\u1ea5t l\u01b0\u1ee3ng cao, \u0111\u1ed9 b\u1ec1n t\u1ed1t, gi\u00e1 c\u1ea3 h\u1ee3p l\u00fd.","breadcrumb":{"@id":"https:\/\/epe.vn\/manufacturer\/mut-xop-pe-foam-20mm\/#breadcrumb"},"inLanguage":"es","potentialAction":[{"@type":"ReadAction","target":["https:\/\/epe.vn\/manufacturer\/mut-xop-pe-foam-20mm\/"]}]},{"@type":"ImageObject","inLanguage":"es","@id":"https:\/\/epe.vn\/manufacturer\/mut-xop-pe-foam-20mm\/#primaryimage","url":"https:\/\/epe.vn\/wp-content\/uploads\/2025\/02\/xop-cuon-trang.webp","contentUrl":"https:\/\/epe.vn\/wp-content\/uploads\/2025\/02\/xop-cuon-trang.webp","width":1000,"height":1000,"caption":"x\u1ed1p cu\u1ed9n tr\u1eafng"},{"@type":"BreadcrumbList","@id":"https:\/\/epe.vn\/manufacturer\/mut-xop-pe-foam-20mm\/#breadcrumb","itemListElement":[{"@type":"ListItem","position":1,"name":"Home","item":"https:\/\/epe.vn\/"},{"@type":"ListItem","position":2,"name":"Shop","item":"https:\/\/epe.vn\/shop\/"},{"@type":"ListItem","position":3,"name":"\u0110o Ni \u0110\u00f3ng Gi\u00e0y M\u00fat X\u1ed1p Pe Foam 20mm | M\u00fat X\u1ed1p M\u1ec1m M\u1ecfng"}]},{"@type":"WebSite","@id":"https:\/\/epe.vn\/#website","url":"https:\/\/epe.vn\/","name":"Nh\u00e0 s\u1ea3n xu\u1ea5t b\u1ecdt Polyethylene m\u1edf r\u1ed9ng","description":"Nh\u00e0 cung c\u1ea5p bao b\u00ec v\u1ec9 x\u1ed1p polyethylene m\u1edf r\u1ed9ng v\u00e0 t\u00fai PE","potentialAction":[{"@type":"SearchAction","target":{"@type":"EntryPoint","urlTemplate":"https:\/\/epe.vn\/?s={search_term_string}"},"query-input":{"@type":"PropertyValueSpecification","valueRequired":true,"valueName":"search_term_string"}}],"inLanguage":"es"}]}},"_links":{"self":[{"href":"https:\/\/epe.vn\/es\/wp-json\/wp\/v2\/product\/1758","targetHints":{"allow":["GET"]}}],"collection":[{"href":"https:\/\/epe.vn\/es\/wp-json\/wp\/v2\/product"}],"about":[{"href":"https:\/\/epe.vn\/es\/wp-json\/wp\/v2\/types\/product"}],"replies":[{"embeddable":true,"href":"https:\/\/epe.vn\/es\/wp-json\/wp\/v2\/comments?post=1758"}],"wp:featuredmedia":[{"embeddable":true,"href":"https:\/\/epe.vn\/es\/wp-json\/wp\/v2\/media\/1759"}],"wp:attachment":[{"href":"https:\/\/epe.vn\/es\/wp-json\/wp\/v2\/media?parent=1758"}],"wp:term":[{"taxonomy":"product_cat","embeddable":true,"href":"https:\/\/epe.vn\/es\/wp-json\/wp\/v2\/product_cat?post=1758"},{"taxonomy":"product_tag","embeddable":true,"href":"https:\/\/epe.vn\/es\/wp-json\/wp\/v2\/product_tag?post=1758"}],"curies":[{"name":"wp","href":"https:\/\/api.w.org\/{rel}","templated":true}]}}