{"id":1946,"date":"2025-04-26T14:01:17","date_gmt":"2025-04-26T07:01:17","guid":{"rendered":"https:\/\/epe.vn\/?post_type=product&#038;p=1946"},"modified":"2025-04-26T14:01:17","modified_gmt":"2025-04-26T07:01:17","slug":"xop-epe-lot-chong-soc-hop-my-pham","status":"publish","type":"product","link":"https:\/\/epe.vn\/es\/manufacturer\/xop-epe-lot-chong-soc-hop-my-pham\/","title":{"rendered":"X\u1ed1p EPE l\u00f3t ch\u1ed1ng s\u1ed1c h\u1ed9p m\u1ef9 ph\u1ea9m | Tu\u1ef3 ch\u1ec9nh theo y\u00eau c\u1ea7u"},"content":{"rendered":"<h2><span style=\"font-weight: 400;\">Th\u00f4ng tin s\u1ea3n ph\u1ea9m:<\/span><\/h2>\n<table>\n<tbody>\n<tr>\n<td>\n<p style=\"text-align: center;\"><b>Ti\u00eau ch\u00ed<\/b><\/p>\n<\/td>\n<td>\n<p style=\"text-align: center;\"><b>Th\u00f4ng tin chi ti\u1ebft<\/b><\/p>\n<\/td>\n<\/tr>\n<tr>\n<td><b>Nombre del producto<\/b><\/td>\n<td><span style=\"font-weight: 400;\">X\u1ed1p EPE L\u00f3t Ch\u1ed1ng S\u1ed1c H\u1ed9p M\u1ef9 Ph\u1ea9m<\/span><\/td>\n<\/tr>\n<tr>\n<td><b>Th\u01b0\u01a1ng hi\u1ec7u<\/b><\/td>\n<td><span style=\"font-weight: 400;\">Dong Rui Vi\u1ec7t Nam<\/span><\/td>\n<\/tr>\n<tr>\n<td><b>Material<\/b><\/td>\n<td><span style=\"font-weight: 400;\">EPE Foam (Expanded Polyethylene Foam)<\/span><\/td>\n<\/tr>\n<tr>\n<td><b>Ki\u1ec3u d\u00e1ng<\/b><\/td>\n<td><span style=\"font-weight: 400;\">T\u1ea5m x\u1ed1p \u0111\u1ecbnh h\u00ecnh ho\u1eb7c d\u1ea1ng l\u00f3t c\u1eaft theo khu\u00f4n h\u1ed9p<\/span><\/td>\n<\/tr>\n<tr>\n<td><b>Xu\u1ea5t x\u1ee9<\/b><\/td>\n<td><span style=\"font-weight: 400;\">Trung Qu\u1ed1c<\/span><\/td>\n<\/tr>\n<tr>\n<td><b>Tama\u00f1o<\/b><\/td>\n<td><span style=\"font-weight: 400;\">Gia c\u00f4ng theo y\u00eau c\u1ea7u (ph\u00f9 h\u1ee3p v\u1edbi t\u1eebng lo\u1ea1i h\u1ed9p m\u1ef9 ph\u1ea9m)<\/span><\/td>\n<\/tr>\n<tr>\n<td><b>\u0110\u1ed9 d\u00e0y<\/b><\/td>\n<td><span style=\"font-weight: 400;\">2mm \u2013 50mm (t\u00f9y theo m\u1ee9c \u0111\u1ed9 b\u1ea3o v\u1ec7 y\u00eau c\u1ea7u)<\/span><\/td>\n<\/tr>\n<tr>\n<td><b>Color<\/b><\/td>\n<td><span style=\"font-weight: 400;\">Tr\u1eafng, \u0111en ho\u1eb7c m\u00e0u t\u00f9y ch\u1ec9nh theo thi\u1ebft k\u1ebf h\u1ed9p<\/span><\/td>\n<\/tr>\n<tr>\n<td><b>T\u00ednh n\u0103ng n\u1ed5i b\u1eadt<\/b><\/td>\n<td><span style=\"font-weight: 400;\">&#8211; Ch\u1ed1ng s\u1ed1c, ch\u1ed1ng va \u0111\u1eadp<\/span><\/p>\n<p><span style=\"font-weight: 400;\">&#8211; Ch\u1ed1ng \u1ea9m, kh\u00f4ng th\u1ea5m n\u01b0\u1edbc<\/span><\/p>\n<p><span style=\"font-weight: 400;\">&#8211; Nh\u1eb9, b\u1ec1n, d\u1ec5 gia c\u00f4ng v\u00e0 c\u1eaft g\u1ecdt theo k\u00edch th\u01b0\u1edbc y\u00eau c\u1ea7u<\/span><\/td>\n<\/tr>\n<tr>\n<td><b>\u1ee8ng d\u1ee5ng ph\u1ed5 bi\u1ebfn<\/b><\/td>\n<td><span style=\"font-weight: 400;\">&#8211; L\u00f3t b\u1ea3o v\u1ec7 m\u1ef9 ph\u1ea9m cao c\u1ea5p, n\u01b0\u1edbc hoa, qu\u00e0 t\u1eb7ng<\/span><\/p>\n<p><span style=\"font-weight: 400;\">&#8211; \u0110\u00f3ng g\u00f3i s\u1ea3n ph\u1ea9m ch\u0103m s\u00f3c c\u00e1 nh\u00e2n, trang s\u1ee9c<\/span><\/td>\n<\/tr>\n<tr>\n<td><b>Ch\u1ee9ng nh\u1eadn ch\u1ea5t l\u01b0\u1ee3ng<\/b><\/td>\n<td><span style=\"font-weight: 400;\">ISO 9001, RoHS, CE<\/span><\/td>\n<\/tr>\n<tr>\n<td><b>\u0110\u00f3ng g\u00f3i<\/b><\/td>\n<td><span style=\"font-weight: 400;\">T\u00f9y ch\u1ec9nh theo \u0111\u01a1n h\u00e0ng (c\u1eaft s\u1eb5n t\u1eebng mi\u1ebfng ho\u1eb7c cu\u1ed9n)<\/span><\/td>\n<\/tr>\n<tr>\n<td><b>L\u1ee3i \u00edch s\u1eed d\u1ee5ng<\/b><\/td>\n<td><span style=\"font-weight: 400;\">&#8211; B\u1ea3o v\u1ec7 s\u1ea3n ph\u1ea9m t\u1ed1i \u01b0u trong v\u1eadn chuy\u1ec3n<\/span><\/p>\n<p><span style=\"font-weight: 400;\">&#8211; N\u00e2ng cao gi\u00e1 tr\u1ecb s\u1ea3n ph\u1ea9m, t\u1ea1o s\u1ef1 chuy\u00ean nghi\u1ec7p trong \u0111\u00f3ng g\u00f3i<\/span><\/p>\n<p><span style=\"font-weight: 400;\">&#8211; Gi\u1ea3m thi\u1ec3u chi ph\u00ed h\u01b0 h\u1ecfng s\u1ea3n ph\u1ea9m<\/span><\/td>\n<\/tr>\n<\/tbody>\n<\/table>\n<h2><b>Ch\u1ee9c n\u0103ng c\u1ee7a x\u1ed1p epe l\u00f3t ch\u1ed1ng s\u1ed1c:<\/b><\/h2>\n<ul>\n<li style=\"font-weight: 400;\" aria-level=\"1\"><b>Ch\u1ed1ng va \u0111\u1eadp, ch\u1ed1ng s\u1ed1c<\/b><span style=\"font-weight: 400;\">: B\u1ea3o v\u1ec7 m\u1ef9 ph\u1ea9m kh\u1ecfi h\u01b0 h\u1ecfng do va ch\u1ea1m trong qu\u00e1 tr\u00ecnh v\u1eadn chuy\u1ec3n v\u00e0 l\u01b0u tr\u1eef.<\/span><span style=\"font-weight: 400;\"><br \/>\n<\/span><\/li>\n<li style=\"font-weight: 400;\" aria-level=\"1\"><b>Gi\u1eef s\u1ea3n ph\u1ea9m \u1ed5n \u0111\u1ecbnh<\/b><span style=\"font-weight: 400;\">: \u0110\u1ecbnh h\u00ecnh v\u00e0 c\u1ed1 \u0111\u1ecbnh s\u1ea3n ph\u1ea9m b\u00ean trong h\u1ed9p, tr\u00e1nh x\u00f4 l\u1ec7ch.<\/span><span style=\"font-weight: 400;\"><br \/>\n<\/span><\/li>\n<li style=\"font-weight: 400;\" aria-level=\"1\"><b>Ch\u1ed1ng \u1ea9m, ch\u1ed1ng th\u1ea5m<\/b><span style=\"font-weight: 400;\">: Gi\u1eef m\u1ef9 ph\u1ea9m lu\u00f4n kh\u00f4 r\u00e1o, kh\u00f4ng b\u1ecb \u1ea3nh h\u01b0\u1edfng b\u1edfi m\u00f4i tr\u01b0\u1eddng b\u00ean ngo\u00e0i.<\/span><span style=\"font-weight: 400;\"><br \/>\n<\/span><\/li>\n<\/ul>\n<h2><b>\u01afu \u0111i\u1ec3m:<\/b><\/h2>\n<ul>\n<li style=\"font-weight: 400;\" aria-level=\"1\"><b>Nh\u1eb9 v\u00e0 b\u1ec1n<\/b><span style=\"font-weight: 400;\">: Kh\u00f4ng l\u00e0m t\u0103ng tr\u1ecdng l\u01b0\u1ee3ng h\u1ed9p, \u0111\u1ea3m b\u1ea3o s\u1ea3n ph\u1ea9m v\u1eeba \u0111\u01b0\u1ee3c b\u1ea3o v\u1ec7 v\u1eeba d\u1ec5 v\u1eadn chuy\u1ec3n.<\/span><span style=\"font-weight: 400;\"><br \/>\n<\/span><\/li>\n<li style=\"font-weight: 400;\" aria-level=\"1\"><b>D\u1ec5 t\u00f9y ch\u1ec9nh<\/b><span style=\"font-weight: 400;\">: C\u1eaft, \u00e9p theo k\u00edch th\u01b0\u1edbc v\u00e0 h\u00ecnh d\u1ea1ng s\u1ea3n ph\u1ea9m, ph\u00f9 h\u1ee3p nhi\u1ec1u d\u00f2ng m\u1ef9 ph\u1ea9m kh\u00e1c nhau.<\/span><span style=\"font-weight: 400;\"><br \/>\n<\/span><\/li>\n<li style=\"font-weight: 400;\" aria-level=\"1\"><b>T\u0103ng t\u00ednh th\u1ea9m m\u1ef9<\/b><span style=\"font-weight: 400;\">: L\u00f3t x\u1ed1p g\u1ecdn g\u00e0ng, \u0111\u1eb9p m\u1eaft, gi\u00fap n\u00e2ng cao h\u00ecnh \u1ea3nh s\u1ea3n ph\u1ea9m trong m\u1eaft kh\u00e1ch h\u00e0ng.<\/span><span style=\"font-weight: 400;\"><br \/>\n<\/span><\/li>\n<li style=\"font-weight: 400;\" aria-level=\"1\"><b>Ti\u1ebft ki\u1ec7m chi ph\u00ed<\/b><span style=\"font-weight: 400;\">: H\u1ea1n ch\u1ebf t\u1ed1i \u0111a thi\u1ec7t h\u1ea1i s\u1ea3n ph\u1ea9m trong qu\u00e1 tr\u00ecnh v\u1eadn chuy\u1ec3n.<\/span><\/li>\n<\/ul>","protected":false},"excerpt":{"rendered":"<p><strong data-start=\"4118\" data-end=\"4155\">X\u1ed1p EPE l\u00f3t ch\u1ed1ng s\u1ed1c h\u1ed9p m\u1ef9 ph\u1ea9m<\/strong> c\u1ee7a Dong Rui Vi\u1ec7t Nam l\u00e0 gi\u1ea3i ph\u00e1p ho\u00e0n h\u1ea3o \u0111\u1ec3 b\u1ea3o v\u1ec7 c\u00e1c s\u1ea3n ph\u1ea9m m\u1ef9 ph\u1ea9m cao c\u1ea5p, n\u01b0\u1edbc hoa hay qu\u00e0 t\u1eb7ng kh\u1ecfi va \u0111\u1eadp v\u00e0 h\u01b0 h\u1ecfng.<\/p>\n<p>V\u1edbi thi\u1ebft k\u1ebf linh ho\u1ea1t, d\u1ec5 d\u00e0ng <strong>gia c\u00f4ng theo y\u00eau c\u1ea7u<\/strong>, x\u1ed1p EPE kh\u00f4ng ch\u1ec9 gi\u00fap c\u1ed1 \u0111\u1ecbnh s\u1ea3n ph\u1ea9m trong h\u1ed9p m\u00e0 c\u00f2n t\u0103ng t\u00ednh th\u1ea9m m\u1ef9, t\u1ea1o \u1ea5n t\u01b0\u1ee3ng chuy\u00ean nghi\u1ec7p v\u1edbi kh\u00e1ch h\u00e0ng. Ch\u1ea5t li\u1ec7u nh\u1eb9, b\u1ec1n v\u00e0 th\u00e2n thi\u1ec7n v\u1edbi m\u00f4i tr\u01b0\u1eddng, \u0111\u00e2y l\u00e0 l\u1ef1a ch\u1ecdn t\u1ed1i \u01b0u cho c\u00e1c th\u01b0\u01a1ng hi\u1ec7u m\u1ef9 ph\u1ea9m cao c\u1ea5p.<\/p>","protected":false},"featured_media":1947,"comment_status":"open","ping_status":"closed","template":"","meta":[],"product_cat":[15],"product_tag":[48,54,53,52],"class_list":{"0":"post-1946","1":"product","2":"type-product","3":"status-publish","4":"has-post-thumbnail","6":"product_cat-bot-pe-tuy-chinh","7":"product_tag-epe-foam","8":"product_tag-mua-xop-epe","9":"product_tag-tuy-chinh-xop-epe-foam","10":"product_tag-xop-epe","12":"first","13":"instock","14":"shipping-taxable","15":"product-type-simple"},"yoast_head":"<!-- This site is optimized with the Yoast SEO plugin v23.4 - https:\/\/yoast.com\/wordpress\/plugins\/seo\/ -->\n<title>X\u1ed1p EPE l\u00f3t ch\u1ed1ng s\u1ed1c h\u1ed9p m\u1ef9 ph\u1ea9m | Tu\u1ef3 ch\u1ec9nh theo y\u00eau c\u1ea7u - Nh\u00e0 s\u1ea3n xu\u1ea5t b\u1ecdt Polyethylene m\u1edf r\u1ed9ng<\/title>\n<meta name=\"description\" content=\"X\u1ed1p EPE l\u00f3t ch\u1ed1ng s\u1ed1c h\u1ed9p m\u1ef9 ph\u1ea9m Dong Rui b\u1ea3o v\u1ec7 s\u1ea3n ph\u1ea9m an to\u00e0n, ch\u1ed1ng va \u0111\u1eadp, ch\u1ed1ng \u1ea9m, t\u00f9y ch\u1ec9nh theo y\u00eau c\u1ea7u, n\u00e2ng cao gi\u00e1 tr\u1ecb s\u1ea3n ph\u1ea9m.\" \/>\n<meta name=\"robots\" content=\"index, follow, max-snippet:-1, max-image-preview:large, max-video-preview:-1\" \/>\n<link rel=\"canonical\" href=\"https:\/\/epe.vn\/es\/manufacturer\/xop-epe-lot-chong-soc-hop-my-pham\/\" \/>\n<meta property=\"og:locale\" content=\"es_MX\" \/>\n<meta property=\"og:type\" content=\"article\" \/>\n<meta property=\"og:title\" content=\"X\u1ed1p EPE l\u00f3t ch\u1ed1ng s\u1ed1c h\u1ed9p m\u1ef9 ph\u1ea9m | Tu\u1ef3 ch\u1ec9nh theo y\u00eau c\u1ea7u - Nh\u00e0 s\u1ea3n xu\u1ea5t b\u1ecdt Polyethylene m\u1edf r\u1ed9ng\" \/>\n<meta property=\"og:description\" content=\"X\u1ed1p EPE l\u00f3t ch\u1ed1ng s\u1ed1c h\u1ed9p m\u1ef9 ph\u1ea9m Dong Rui b\u1ea3o v\u1ec7 s\u1ea3n ph\u1ea9m an to\u00e0n, ch\u1ed1ng va \u0111\u1eadp, ch\u1ed1ng \u1ea9m, t\u00f9y ch\u1ec9nh theo y\u00eau c\u1ea7u, n\u00e2ng cao gi\u00e1 tr\u1ecb s\u1ea3n ph\u1ea9m.\" \/>\n<meta property=\"og:url\" content=\"https:\/\/epe.vn\/es\/manufacturer\/xop-epe-lot-chong-soc-hop-my-pham\/\" \/>\n<meta property=\"og:site_name\" content=\"Nh\u00e0 s\u1ea3n xu\u1ea5t b\u1ecdt Polyethylene m\u1edf r\u1ed9ng\" \/>\n<meta property=\"og:image\" content=\"https:\/\/epe.vn\/wp-content\/uploads\/2025\/04\/Xop-EPE-Lot-Chong-Soc-Hop-My-Pham.webp\" \/>\n\t<meta property=\"og:image:width\" content=\"800\" \/>\n\t<meta property=\"og:image:height\" content=\"800\" \/>\n\t<meta property=\"og:image:type\" content=\"image\/webp\" \/>\n<meta name=\"twitter:card\" content=\"summary_large_image\" \/>\n<meta name=\"twitter:label1\" content=\"Tiempo de lectura\" \/>\n\t<meta name=\"twitter:data1\" content=\"3 minutos\" \/>\n<script type=\"application\/ld+json\" class=\"yoast-schema-graph\">{\"@context\":\"https:\/\/schema.org\",\"@graph\":[{\"@type\":\"WebPage\",\"@id\":\"https:\/\/epe.vn\/manufacturer\/xop-epe-lot-chong-soc-hop-my-pham\/\",\"url\":\"https:\/\/epe.vn\/manufacturer\/xop-epe-lot-chong-soc-hop-my-pham\/\",\"name\":\"X\u1ed1p EPE l\u00f3t ch\u1ed1ng s\u1ed1c h\u1ed9p m\u1ef9 ph\u1ea9m | Tu\u1ef3 ch\u1ec9nh theo y\u00eau c\u1ea7u - Nh\u00e0 s\u1ea3n xu\u1ea5t b\u1ecdt Polyethylene m\u1edf r\u1ed9ng\",\"isPartOf\":{\"@id\":\"https:\/\/epe.vn\/#website\"},\"primaryImageOfPage\":{\"@id\":\"https:\/\/epe.vn\/manufacturer\/xop-epe-lot-chong-soc-hop-my-pham\/#primaryimage\"},\"image\":{\"@id\":\"https:\/\/epe.vn\/manufacturer\/xop-epe-lot-chong-soc-hop-my-pham\/#primaryimage\"},\"thumbnailUrl\":\"https:\/\/epe.vn\/wp-content\/uploads\/2025\/04\/Xop-EPE-Lot-Chong-Soc-Hop-My-Pham.webp\",\"datePublished\":\"2025-04-26T07:01:17+00:00\",\"dateModified\":\"2025-04-26T07:01:17+00:00\",\"description\":\"X\u1ed1p EPE l\u00f3t ch\u1ed1ng s\u1ed1c h\u1ed9p m\u1ef9 ph\u1ea9m Dong Rui b\u1ea3o v\u1ec7 s\u1ea3n ph\u1ea9m an to\u00e0n, ch\u1ed1ng va \u0111\u1eadp, ch\u1ed1ng \u1ea9m, t\u00f9y ch\u1ec9nh theo y\u00eau c\u1ea7u, n\u00e2ng cao gi\u00e1 tr\u1ecb s\u1ea3n ph\u1ea9m.\",\"breadcrumb\":{\"@id\":\"https:\/\/epe.vn\/manufacturer\/xop-epe-lot-chong-soc-hop-my-pham\/#breadcrumb\"},\"inLanguage\":\"es\",\"potentialAction\":[{\"@type\":\"ReadAction\",\"target\":[\"https:\/\/epe.vn\/manufacturer\/xop-epe-lot-chong-soc-hop-my-pham\/\"]}]},{\"@type\":\"ImageObject\",\"inLanguage\":\"es\",\"@id\":\"https:\/\/epe.vn\/manufacturer\/xop-epe-lot-chong-soc-hop-my-pham\/#primaryimage\",\"url\":\"https:\/\/epe.vn\/wp-content\/uploads\/2025\/04\/Xop-EPE-Lot-Chong-Soc-Hop-My-Pham.webp\",\"contentUrl\":\"https:\/\/epe.vn\/wp-content\/uploads\/2025\/04\/Xop-EPE-Lot-Chong-Soc-Hop-My-Pham.webp\",\"width\":800,\"height\":800,\"caption\":\"Xo\u0302\u0301p EPE Lo\u0301t Cho\u0302\u0301ng So\u0302\u0301c Ho\u0323\u0302p My\u0303 Pha\u0302\u0309m\"},{\"@type\":\"BreadcrumbList\",\"@id\":\"https:\/\/epe.vn\/manufacturer\/xop-epe-lot-chong-soc-hop-my-pham\/#breadcrumb\",\"itemListElement\":[{\"@type\":\"ListItem\",\"position\":1,\"name\":\"Home\",\"item\":\"https:\/\/epe.vn\/\"},{\"@type\":\"ListItem\",\"position\":2,\"name\":\"Shop\",\"item\":\"https:\/\/epe.vn\/shop\/\"},{\"@type\":\"ListItem\",\"position\":3,\"name\":\"X\u1ed1p EPE l\u00f3t ch\u1ed1ng s\u1ed1c h\u1ed9p m\u1ef9 ph\u1ea9m | Tu\u1ef3 ch\u1ec9nh theo y\u00eau c\u1ea7u\"}]},{\"@type\":\"WebSite\",\"@id\":\"https:\/\/epe.vn\/#website\",\"url\":\"https:\/\/epe.vn\/\",\"name\":\"Nh\u00e0 s\u1ea3n xu\u1ea5t b\u1ecdt Polyethylene m\u1edf r\u1ed9ng\",\"description\":\"Nh\u00e0 cung c\u1ea5p bao b\u00ec v\u1ec9 x\u1ed1p polyethylene m\u1edf r\u1ed9ng v\u00e0 t\u00fai PE\",\"potentialAction\":[{\"@type\":\"SearchAction\",\"target\":{\"@type\":\"EntryPoint\",\"urlTemplate\":\"https:\/\/epe.vn\/?s={search_term_string}\"},\"query-input\":{\"@type\":\"PropertyValueSpecification\",\"valueRequired\":true,\"valueName\":\"search_term_string\"}}],\"inLanguage\":\"es\"}]}<\/script>\n<!-- \/ Yoast SEO plugin. -->","yoast_head_json":{"title":"X\u1ed1p EPE l\u00f3t ch\u1ed1ng s\u1ed1c h\u1ed9p m\u1ef9 ph\u1ea9m | Tu\u1ef3 ch\u1ec9nh theo y\u00eau c\u1ea7u - Nh\u00e0 s\u1ea3n xu\u1ea5t b\u1ecdt Polyethylene m\u1edf r\u1ed9ng","description":"X\u1ed1p EPE l\u00f3t ch\u1ed1ng s\u1ed1c h\u1ed9p m\u1ef9 ph\u1ea9m Dong Rui b\u1ea3o v\u1ec7 s\u1ea3n ph\u1ea9m an to\u00e0n, ch\u1ed1ng va \u0111\u1eadp, ch\u1ed1ng \u1ea9m, t\u00f9y ch\u1ec9nh theo y\u00eau c\u1ea7u, n\u00e2ng cao gi\u00e1 tr\u1ecb s\u1ea3n ph\u1ea9m.","robots":{"index":"index","follow":"follow","max-snippet":"max-snippet:-1","max-image-preview":"max-image-preview:large","max-video-preview":"max-video-preview:-1"},"canonical":"https:\/\/epe.vn\/es\/manufacturer\/xop-epe-lot-chong-soc-hop-my-pham\/","og_locale":"es_MX","og_type":"article","og_title":"X\u1ed1p EPE l\u00f3t ch\u1ed1ng s\u1ed1c h\u1ed9p m\u1ef9 ph\u1ea9m | Tu\u1ef3 ch\u1ec9nh theo y\u00eau c\u1ea7u - Nh\u00e0 s\u1ea3n xu\u1ea5t b\u1ecdt Polyethylene m\u1edf r\u1ed9ng","og_description":"X\u1ed1p EPE l\u00f3t ch\u1ed1ng s\u1ed1c h\u1ed9p m\u1ef9 ph\u1ea9m Dong Rui b\u1ea3o v\u1ec7 s\u1ea3n ph\u1ea9m an to\u00e0n, ch\u1ed1ng va \u0111\u1eadp, ch\u1ed1ng \u1ea9m, t\u00f9y ch\u1ec9nh theo y\u00eau c\u1ea7u, n\u00e2ng cao gi\u00e1 tr\u1ecb s\u1ea3n ph\u1ea9m.","og_url":"https:\/\/epe.vn\/es\/manufacturer\/xop-epe-lot-chong-soc-hop-my-pham\/","og_site_name":"Nh\u00e0 s\u1ea3n xu\u1ea5t b\u1ecdt Polyethylene m\u1edf r\u1ed9ng","og_image":[{"width":800,"height":800,"url":"https:\/\/epe.vn\/wp-content\/uploads\/2025\/04\/Xop-EPE-Lot-Chong-Soc-Hop-My-Pham.webp","type":"image\/webp"}],"twitter_card":"summary_large_image","twitter_misc":{"Tiempo de lectura":"3 minutos"},"schema":{"@context":"https:\/\/schema.org","@graph":[{"@type":"WebPage","@id":"https:\/\/epe.vn\/manufacturer\/xop-epe-lot-chong-soc-hop-my-pham\/","url":"https:\/\/epe.vn\/manufacturer\/xop-epe-lot-chong-soc-hop-my-pham\/","name":"X\u1ed1p EPE l\u00f3t ch\u1ed1ng s\u1ed1c h\u1ed9p m\u1ef9 ph\u1ea9m | Tu\u1ef3 ch\u1ec9nh theo y\u00eau c\u1ea7u - Nh\u00e0 s\u1ea3n xu\u1ea5t b\u1ecdt Polyethylene m\u1edf r\u1ed9ng","isPartOf":{"@id":"https:\/\/epe.vn\/#website"},"primaryImageOfPage":{"@id":"https:\/\/epe.vn\/manufacturer\/xop-epe-lot-chong-soc-hop-my-pham\/#primaryimage"},"image":{"@id":"https:\/\/epe.vn\/manufacturer\/xop-epe-lot-chong-soc-hop-my-pham\/#primaryimage"},"thumbnailUrl":"https:\/\/epe.vn\/wp-content\/uploads\/2025\/04\/Xop-EPE-Lot-Chong-Soc-Hop-My-Pham.webp","datePublished":"2025-04-26T07:01:17+00:00","dateModified":"2025-04-26T07:01:17+00:00","description":"X\u1ed1p EPE l\u00f3t ch\u1ed1ng s\u1ed1c h\u1ed9p m\u1ef9 ph\u1ea9m Dong Rui b\u1ea3o v\u1ec7 s\u1ea3n ph\u1ea9m an to\u00e0n, ch\u1ed1ng va \u0111\u1eadp, ch\u1ed1ng \u1ea9m, t\u00f9y ch\u1ec9nh theo y\u00eau c\u1ea7u, n\u00e2ng cao gi\u00e1 tr\u1ecb s\u1ea3n ph\u1ea9m.","breadcrumb":{"@id":"https:\/\/epe.vn\/manufacturer\/xop-epe-lot-chong-soc-hop-my-pham\/#breadcrumb"},"inLanguage":"es","potentialAction":[{"@type":"ReadAction","target":["https:\/\/epe.vn\/manufacturer\/xop-epe-lot-chong-soc-hop-my-pham\/"]}]},{"@type":"ImageObject","inLanguage":"es","@id":"https:\/\/epe.vn\/manufacturer\/xop-epe-lot-chong-soc-hop-my-pham\/#primaryimage","url":"https:\/\/epe.vn\/wp-content\/uploads\/2025\/04\/Xop-EPE-Lot-Chong-Soc-Hop-My-Pham.webp","contentUrl":"https:\/\/epe.vn\/wp-content\/uploads\/2025\/04\/Xop-EPE-Lot-Chong-Soc-Hop-My-Pham.webp","width":800,"height":800,"caption":"Xo\u0302\u0301p EPE Lo\u0301t Cho\u0302\u0301ng So\u0302\u0301c Ho\u0323\u0302p My\u0303 Pha\u0302\u0309m"},{"@type":"BreadcrumbList","@id":"https:\/\/epe.vn\/manufacturer\/xop-epe-lot-chong-soc-hop-my-pham\/#breadcrumb","itemListElement":[{"@type":"ListItem","position":1,"name":"Home","item":"https:\/\/epe.vn\/"},{"@type":"ListItem","position":2,"name":"Shop","item":"https:\/\/epe.vn\/shop\/"},{"@type":"ListItem","position":3,"name":"X\u1ed1p EPE l\u00f3t ch\u1ed1ng s\u1ed1c h\u1ed9p m\u1ef9 ph\u1ea9m | Tu\u1ef3 ch\u1ec9nh theo y\u00eau c\u1ea7u"}]},{"@type":"WebSite","@id":"https:\/\/epe.vn\/#website","url":"https:\/\/epe.vn\/","name":"Nh\u00e0 s\u1ea3n xu\u1ea5t b\u1ecdt Polyethylene m\u1edf r\u1ed9ng","description":"Nh\u00e0 cung c\u1ea5p bao b\u00ec v\u1ec9 x\u1ed1p polyethylene m\u1edf r\u1ed9ng v\u00e0 t\u00fai PE","potentialAction":[{"@type":"SearchAction","target":{"@type":"EntryPoint","urlTemplate":"https:\/\/epe.vn\/?s={search_term_string}"},"query-input":{"@type":"PropertyValueSpecification","valueRequired":true,"valueName":"search_term_string"}}],"inLanguage":"es"}]}},"_links":{"self":[{"href":"https:\/\/epe.vn\/es\/wp-json\/wp\/v2\/product\/1946","targetHints":{"allow":["GET"]}}],"collection":[{"href":"https:\/\/epe.vn\/es\/wp-json\/wp\/v2\/product"}],"about":[{"href":"https:\/\/epe.vn\/es\/wp-json\/wp\/v2\/types\/product"}],"replies":[{"embeddable":true,"href":"https:\/\/epe.vn\/es\/wp-json\/wp\/v2\/comments?post=1946"}],"wp:featuredmedia":[{"embeddable":true,"href":"https:\/\/epe.vn\/es\/wp-json\/wp\/v2\/media\/1947"}],"wp:attachment":[{"href":"https:\/\/epe.vn\/es\/wp-json\/wp\/v2\/media?parent=1946"}],"wp:term":[{"taxonomy":"product_cat","embeddable":true,"href":"https:\/\/epe.vn\/es\/wp-json\/wp\/v2\/product_cat?post=1946"},{"taxonomy":"product_tag","embeddable":true,"href":"https:\/\/epe.vn\/es\/wp-json\/wp\/v2\/product_tag?post=1946"}],"curies":[{"name":"wp","href":"https:\/\/api.w.org\/{rel}","templated":true}]}}