{"id":2222,"date":"2025-05-06T09:53:12","date_gmt":"2025-05-06T02:53:12","guid":{"rendered":"https:\/\/epe.vn\/?post_type=product&#038;p=2222"},"modified":"2025-05-06T09:53:13","modified_gmt":"2025-05-06T02:53:13","slug":"xop-epe-lot-hop-qua-tang","status":"publish","type":"product","link":"https:\/\/epe.vn\/es\/manufacturer\/xop-epe-lot-hop-qua-tang\/","title":{"rendered":"X\u1ed1p EPE l\u00f3t h\u1ed9p qu\u00e0 t\u1eb7ng | Tu\u1ef3 ch\u1ec9nh theo y\u00eau c\u1ea7u"},"content":{"rendered":"<h2><span style=\"font-weight: 400;\">Th\u00f4ng tin s\u1ea3n ph\u1ea9m:<\/span><\/h2>\n<table>\n<tbody>\n<tr>\n<td><b>Ti\u00eau ch\u00ed<\/b><\/td>\n<td><b>Th\u00f4ng tin chi ti\u1ebft<\/b><\/td>\n<\/tr>\n<tr>\n<td><b>Nombre del producto<\/b><\/td>\n<td><span style=\"font-weight: 400;\">X\u1ed1p EPE l\u00f3t h\u1ed9p qu\u00e0 t\u1eb7ng<\/span><\/td>\n<\/tr>\n<tr>\n<td><b>Th\u01b0\u01a1ng hi\u1ec7u<\/b><\/td>\n<td><span style=\"font-weight: 400;\">Dong Rui Vi\u1ec7t Nam<\/span><\/td>\n<\/tr>\n<tr>\n<td><b>Material<\/b><\/td>\n<td><span style=\"font-weight: 400;\">Expanded Polyethylene (EPE) Foam<\/span><\/td>\n<\/tr>\n<tr>\n<td><b>Ki\u1ec3u d\u00e1ng<\/b><\/td>\n<td><span style=\"font-weight: 400;\">T\u1ea5m ho\u1eb7c mi\u1ebfng x\u1ed1p \u0111\u1ecbnh h\u00ecnh theo thi\u1ebft k\u1ebf h\u1ed9p qu\u00e0<\/span><\/td>\n<\/tr>\n<tr>\n<td><b>Tama\u00f1o<\/b><\/td>\n<td><span style=\"font-weight: 400;\">Gia c\u00f4ng theo k\u00edch th\u01b0\u1edbc h\u1ed9p<\/span><\/td>\n<\/tr>\n<tr>\n<td><b>\u0110\u1ed9 d\u00e0y<\/b><\/td>\n<td><span style=\"font-weight: 400;\">3mm \u2013 50mm<\/span><\/td>\n<\/tr>\n<tr>\n<td><b>Color<\/b><\/td>\n<td><span style=\"font-weight: 400;\">Tr\u1eafng, h\u1ed3ng, \u0111en, xanh, ho\u1eb7c theo y\u00eau c\u1ea7u<\/span><\/td>\n<\/tr>\n<tr>\n<td><b>Xu\u1ea5t x\u1ee9<\/b><\/td>\n<td><span style=\"font-weight: 400;\">Trung Qu\u1ed1c<\/span><\/td>\n<\/tr>\n<tr>\n<td><b>T\u00ednh n\u0103ng n\u1ed5i b\u1eadt<\/b><\/td>\n<td><span style=\"font-weight: 400;\">\u00cam, nh\u1eb9, \u0111\u00e0n h\u1ed3i t\u1ed1t, b\u1ea3o v\u1ec7 s\u1ea3n ph\u1ea9m b\u00ean trong, t\u0103ng t\u00ednh th\u1ea9m m\u1ef9<\/span><\/td>\n<\/tr>\n<tr>\n<td><b>\u1ee8ng d\u1ee5ng ph\u1ed5 bi\u1ebfn<\/b><\/td>\n<td><span style=\"font-weight: 400;\">L\u00f3t b\u00ean trong h\u1ed9p qu\u00e0 t\u1eb7ng m\u1ef9 ph\u1ea9m, \u0111\u1ed3ng h\u1ed3, trang s\u1ee9c, \u0111\u1ed3 th\u1ee7 c\u00f4ng, \u0111i\u1ec7n t\u1eed,&#8230;<\/span><\/td>\n<\/tr>\n<tr>\n<td><b>Ch\u1ee9ng nh\u1eadn ch\u1ea5t l\u01b0\u1ee3ng<\/b><\/td>\n<td><span style=\"font-weight: 400;\">ISO 9001, RoHS, CE<\/span><\/td>\n<\/tr>\n<tr>\n<td><b>\u0110\u00f3ng g\u00f3i<\/b><\/td>\n<td><span style=\"font-weight: 400;\">\u0110\u00f3ng theo b\u1ed9, \u0111\u00f3ng bao PE ho\u1eb7c th\u00f9ng carton<\/span><\/td>\n<\/tr>\n<tr>\n<td><b>L\u1ee3i \u00edch s\u1eed d\u1ee5ng<\/b><\/td>\n<td><span style=\"font-weight: 400;\">B\u1ea3o v\u1ec7 s\u1ea3n ph\u1ea9m, t\u1ea1o v\u1ebb chuy\u00ean nghi\u1ec7p, sang tr\u1ecdng cho h\u1ed9p qu\u00e0 t\u1eb7ng<\/span><\/td>\n<\/tr>\n<\/tbody>\n<\/table>\n<h2><span style=\"font-weight: 400;\">Ch\u1ee9c n\u0103ng c\u1ee7a X\u1ed1p EPE l\u00f3t h\u1ed9p qu\u00e0 t\u1eb7ng:<\/span><\/h2>\n<ul>\n<li style=\"font-weight: 400;\" aria-level=\"1\"><span style=\"font-weight: 400;\">L\u00f3t b\u00ean trong h\u1ed9p \u0111\u1ec3 c\u1ed1 \u0111\u1ecbnh v\u00e0 b\u1ea3o v\u1ec7 s\u1ea3n ph\u1ea9m kh\u1ecfi va \u0111\u1eadp khi v\u1eadn chuy\u1ec3n ho\u1eb7c tr\u01b0ng b\u00e0y.<\/span><\/li>\n<li style=\"font-weight: 400;\" aria-level=\"1\"><span style=\"font-weight: 400;\">T\u0103ng t\u00ednh th\u1ea9m m\u1ef9 v\u00e0 gi\u00e1 tr\u1ecb c\u1ea3m quan cho m\u00f3n qu\u00e0.<\/span><\/li>\n<\/ul>\n<h2><span style=\"font-weight: 400;\">\u01afu \u0111i\u1ec3m:<\/span><\/h2>\n<ul>\n<li style=\"font-weight: 400;\" aria-level=\"1\"><span style=\"font-weight: 400;\">Nh\u1eb9, \u0111\u00e0n h\u1ed3i cao, d\u1ec5 gia c\u00f4ng theo k\u00edch th\u01b0\u1edbc h\u1ed9p.<\/span><\/li>\n<li style=\"font-weight: 400;\" aria-level=\"1\"><span style=\"font-weight: 400;\">Kh\u00f4ng th\u1ea5m n\u01b0\u1edbc, s\u1ea1ch s\u1ebd, th\u00e2n thi\u1ec7n m\u00f4i tr\u01b0\u1eddng.<\/span><\/li>\n<li style=\"font-weight: 400;\" aria-level=\"1\"><span style=\"font-weight: 400;\">T\u00f9y ch\u1ecdn nhi\u1ec1u m\u00e0u s\u1eafc, ph\u00f9 h\u1ee3p t\u1eebng phong c\u00e1ch h\u1ed9p qu\u00e0.<\/span><\/li>\n<\/ul>","protected":false},"excerpt":{"rendered":"<p class=\"\" data-start=\"2278\" data-end=\"2550\"><strong data-start=\"2278\" data-end=\"2306\">X\u1ed1p EPE l\u00f3t h\u1ed9p qu\u00e0 t\u1eb7ng<\/strong> l\u00e0 l\u1ef1a ch\u1ecdn ho\u00e0n h\u1ea3o \u0111\u1ec3 b\u1ea3o v\u1ec7 v\u00e0 n\u00e2ng t\u1ea7m gi\u00e1 tr\u1ecb m\u00f3n qu\u00e0. V\u1edbi ch\u1ea5t li\u1ec7u nh\u1eb9, \u0111\u00e0n h\u1ed3i t\u1ed1t v\u00e0 kh\u1ea3 n\u0103ng gia c\u00f4ng theo y\u00eau c\u1ea7u, s\u1ea3n ph\u1ea9m kh\u00f4ng ch\u1ec9 gi\u00fap ch\u1ed1ng va \u0111\u1eadp m\u00e0 c\u00f2n t\u0103ng t\u00ednh th\u1ea9m m\u1ef9 v\u00e0 s\u1ef1 ch\u1ec9n chu cho h\u1ed9p qu\u00e0 t\u1eb7ng trong c\u00e1c d\u1ecbp \u0111\u1eb7c bi\u1ec7t.<\/p>","protected":false},"featured_media":2223,"comment_status":"open","ping_status":"closed","template":"","meta":[],"product_cat":[15],"product_tag":[48,47,60,52],"class_list":{"0":"post-2222","1":"product","2":"type-product","3":"status-publish","4":"has-post-thumbnail","6":"product_cat-bot-pe-tuy-chinh","7":"product_tag-epe-foam","8":"product_tag-mut-xop-epe","9":"product_tag-tuy-chinh-xop-epe","10":"product_tag-xop-epe","12":"first","13":"instock","14":"shipping-taxable","15":"product-type-simple"},"yoast_head":"<!-- This site is optimized with the Yoast SEO plugin v23.4 - https:\/\/yoast.com\/wordpress\/plugins\/seo\/ -->\n<title>X\u1ed1p EPE l\u00f3t h\u1ed9p qu\u00e0 t\u1eb7ng | Tu\u1ef3 ch\u1ec9nh theo y\u00eau c\u1ea7u - Nh\u00e0 s\u1ea3n xu\u1ea5t b\u1ecdt Polyethylene m\u1edf r\u1ed9ng<\/title>\n<meta name=\"description\" content=\"X\u1ed1p EPE l\u00f3t h\u1ed9p qu\u00e0 t\u1eb7ng gi\u00fap b\u1ea3o v\u1ec7 s\u1ea3n ph\u1ea9m, t\u0103ng t\u00ednh th\u1ea9m m\u1ef9, d\u1ec5 gia c\u00f4ng theo k\u00edch th\u01b0\u1edbc h\u1ed9p, th\u00edch h\u1ee3p d\u00f9ng trong qu\u00e0 t\u1eb7ng cao c\u1ea5p.\" \/>\n<meta name=\"robots\" content=\"index, follow, max-snippet:-1, max-image-preview:large, max-video-preview:-1\" \/>\n<link rel=\"canonical\" href=\"https:\/\/epe.vn\/es\/manufacturer\/xop-epe-lot-hop-qua-tang\/\" \/>\n<meta property=\"og:locale\" content=\"es_MX\" \/>\n<meta property=\"og:type\" content=\"article\" \/>\n<meta property=\"og:title\" content=\"X\u1ed1p EPE l\u00f3t h\u1ed9p qu\u00e0 t\u1eb7ng | Tu\u1ef3 ch\u1ec9nh theo y\u00eau c\u1ea7u - Nh\u00e0 s\u1ea3n xu\u1ea5t b\u1ecdt Polyethylene m\u1edf r\u1ed9ng\" \/>\n<meta property=\"og:description\" content=\"X\u1ed1p EPE l\u00f3t h\u1ed9p qu\u00e0 t\u1eb7ng gi\u00fap b\u1ea3o v\u1ec7 s\u1ea3n ph\u1ea9m, t\u0103ng t\u00ednh th\u1ea9m m\u1ef9, d\u1ec5 gia c\u00f4ng theo k\u00edch th\u01b0\u1edbc h\u1ed9p, th\u00edch h\u1ee3p d\u00f9ng trong qu\u00e0 t\u1eb7ng cao c\u1ea5p.\" \/>\n<meta property=\"og:url\" content=\"https:\/\/epe.vn\/es\/manufacturer\/xop-epe-lot-hop-qua-tang\/\" \/>\n<meta property=\"og:site_name\" content=\"Nh\u00e0 s\u1ea3n xu\u1ea5t b\u1ecdt Polyethylene m\u1edf r\u1ed9ng\" \/>\n<meta property=\"article:modified_time\" content=\"2025-05-06T02:53:13+00:00\" \/>\n<meta property=\"og:image\" content=\"https:\/\/epe.vn\/wp-content\/uploads\/2025\/05\/xop-EPE-lot-hop-qua-tang.webp\" \/>\n\t<meta property=\"og:image:width\" content=\"800\" \/>\n\t<meta property=\"og:image:height\" content=\"800\" \/>\n\t<meta property=\"og:image:type\" content=\"image\/webp\" \/>\n<meta name=\"twitter:card\" content=\"summary_large_image\" \/>\n<meta name=\"twitter:label1\" content=\"Tiempo de lectura\" \/>\n\t<meta name=\"twitter:data1\" content=\"2 minutos\" \/>\n<script type=\"application\/ld+json\" class=\"yoast-schema-graph\">{\"@context\":\"https:\/\/schema.org\",\"@graph\":[{\"@type\":\"WebPage\",\"@id\":\"https:\/\/epe.vn\/manufacturer\/xop-epe-lot-hop-qua-tang\/\",\"url\":\"https:\/\/epe.vn\/manufacturer\/xop-epe-lot-hop-qua-tang\/\",\"name\":\"X\u1ed1p EPE l\u00f3t h\u1ed9p qu\u00e0 t\u1eb7ng | Tu\u1ef3 ch\u1ec9nh theo y\u00eau c\u1ea7u - Nh\u00e0 s\u1ea3n xu\u1ea5t b\u1ecdt Polyethylene m\u1edf r\u1ed9ng\",\"isPartOf\":{\"@id\":\"https:\/\/epe.vn\/#website\"},\"primaryImageOfPage\":{\"@id\":\"https:\/\/epe.vn\/manufacturer\/xop-epe-lot-hop-qua-tang\/#primaryimage\"},\"image\":{\"@id\":\"https:\/\/epe.vn\/manufacturer\/xop-epe-lot-hop-qua-tang\/#primaryimage\"},\"thumbnailUrl\":\"https:\/\/epe.vn\/wp-content\/uploads\/2025\/05\/xop-EPE-lot-hop-qua-tang.webp\",\"datePublished\":\"2025-05-06T02:53:12+00:00\",\"dateModified\":\"2025-05-06T02:53:13+00:00\",\"description\":\"X\u1ed1p EPE l\u00f3t h\u1ed9p qu\u00e0 t\u1eb7ng gi\u00fap b\u1ea3o v\u1ec7 s\u1ea3n ph\u1ea9m, t\u0103ng t\u00ednh th\u1ea9m m\u1ef9, d\u1ec5 gia c\u00f4ng theo k\u00edch th\u01b0\u1edbc h\u1ed9p, th\u00edch h\u1ee3p d\u00f9ng trong qu\u00e0 t\u1eb7ng cao c\u1ea5p.\",\"breadcrumb\":{\"@id\":\"https:\/\/epe.vn\/manufacturer\/xop-epe-lot-hop-qua-tang\/#breadcrumb\"},\"inLanguage\":\"es\",\"potentialAction\":[{\"@type\":\"ReadAction\",\"target\":[\"https:\/\/epe.vn\/manufacturer\/xop-epe-lot-hop-qua-tang\/\"]}]},{\"@type\":\"ImageObject\",\"inLanguage\":\"es\",\"@id\":\"https:\/\/epe.vn\/manufacturer\/xop-epe-lot-hop-qua-tang\/#primaryimage\",\"url\":\"https:\/\/epe.vn\/wp-content\/uploads\/2025\/05\/xop-EPE-lot-hop-qua-tang.webp\",\"contentUrl\":\"https:\/\/epe.vn\/wp-content\/uploads\/2025\/05\/xop-EPE-lot-hop-qua-tang.webp\",\"width\":800,\"height\":800,\"caption\":\"xo\u0302\u0301p EPE lo\u0301t ho\u0323\u0302p qua\u0300 ta\u0323\u0306ng\"},{\"@type\":\"BreadcrumbList\",\"@id\":\"https:\/\/epe.vn\/manufacturer\/xop-epe-lot-hop-qua-tang\/#breadcrumb\",\"itemListElement\":[{\"@type\":\"ListItem\",\"position\":1,\"name\":\"Home\",\"item\":\"https:\/\/epe.vn\/\"},{\"@type\":\"ListItem\",\"position\":2,\"name\":\"Shop\",\"item\":\"https:\/\/epe.vn\/shop\/\"},{\"@type\":\"ListItem\",\"position\":3,\"name\":\"X\u1ed1p EPE l\u00f3t h\u1ed9p qu\u00e0 t\u1eb7ng | Tu\u1ef3 ch\u1ec9nh theo y\u00eau c\u1ea7u\"}]},{\"@type\":\"WebSite\",\"@id\":\"https:\/\/epe.vn\/#website\",\"url\":\"https:\/\/epe.vn\/\",\"name\":\"Nh\u00e0 s\u1ea3n xu\u1ea5t b\u1ecdt Polyethylene m\u1edf r\u1ed9ng\",\"description\":\"Nh\u00e0 cung c\u1ea5p bao b\u00ec v\u1ec9 x\u1ed1p polyethylene m\u1edf r\u1ed9ng v\u00e0 t\u00fai PE\",\"potentialAction\":[{\"@type\":\"SearchAction\",\"target\":{\"@type\":\"EntryPoint\",\"urlTemplate\":\"https:\/\/epe.vn\/?s={search_term_string}\"},\"query-input\":{\"@type\":\"PropertyValueSpecification\",\"valueRequired\":true,\"valueName\":\"search_term_string\"}}],\"inLanguage\":\"es\"}]}<\/script>\n<!-- \/ Yoast SEO plugin. -->","yoast_head_json":{"title":"X\u1ed1p EPE l\u00f3t h\u1ed9p qu\u00e0 t\u1eb7ng | Tu\u1ef3 ch\u1ec9nh theo y\u00eau c\u1ea7u - Nh\u00e0 s\u1ea3n xu\u1ea5t b\u1ecdt Polyethylene m\u1edf r\u1ed9ng","description":"X\u1ed1p EPE l\u00f3t h\u1ed9p qu\u00e0 t\u1eb7ng gi\u00fap b\u1ea3o v\u1ec7 s\u1ea3n ph\u1ea9m, t\u0103ng t\u00ednh th\u1ea9m m\u1ef9, d\u1ec5 gia c\u00f4ng theo k\u00edch th\u01b0\u1edbc h\u1ed9p, th\u00edch h\u1ee3p d\u00f9ng trong qu\u00e0 t\u1eb7ng cao c\u1ea5p.","robots":{"index":"index","follow":"follow","max-snippet":"max-snippet:-1","max-image-preview":"max-image-preview:large","max-video-preview":"max-video-preview:-1"},"canonical":"https:\/\/epe.vn\/es\/manufacturer\/xop-epe-lot-hop-qua-tang\/","og_locale":"es_MX","og_type":"article","og_title":"X\u1ed1p EPE l\u00f3t h\u1ed9p qu\u00e0 t\u1eb7ng | Tu\u1ef3 ch\u1ec9nh theo y\u00eau c\u1ea7u - Nh\u00e0 s\u1ea3n xu\u1ea5t b\u1ecdt Polyethylene m\u1edf r\u1ed9ng","og_description":"X\u1ed1p EPE l\u00f3t h\u1ed9p qu\u00e0 t\u1eb7ng gi\u00fap b\u1ea3o v\u1ec7 s\u1ea3n ph\u1ea9m, t\u0103ng t\u00ednh th\u1ea9m m\u1ef9, d\u1ec5 gia c\u00f4ng theo k\u00edch th\u01b0\u1edbc h\u1ed9p, th\u00edch h\u1ee3p d\u00f9ng trong qu\u00e0 t\u1eb7ng cao c\u1ea5p.","og_url":"https:\/\/epe.vn\/es\/manufacturer\/xop-epe-lot-hop-qua-tang\/","og_site_name":"Nh\u00e0 s\u1ea3n xu\u1ea5t b\u1ecdt Polyethylene m\u1edf r\u1ed9ng","article_modified_time":"2025-05-06T02:53:13+00:00","og_image":[{"width":800,"height":800,"url":"https:\/\/epe.vn\/wp-content\/uploads\/2025\/05\/xop-EPE-lot-hop-qua-tang.webp","type":"image\/webp"}],"twitter_card":"summary_large_image","twitter_misc":{"Tiempo de lectura":"2 minutos"},"schema":{"@context":"https:\/\/schema.org","@graph":[{"@type":"WebPage","@id":"https:\/\/epe.vn\/manufacturer\/xop-epe-lot-hop-qua-tang\/","url":"https:\/\/epe.vn\/manufacturer\/xop-epe-lot-hop-qua-tang\/","name":"X\u1ed1p EPE l\u00f3t h\u1ed9p qu\u00e0 t\u1eb7ng | Tu\u1ef3 ch\u1ec9nh theo y\u00eau c\u1ea7u - Nh\u00e0 s\u1ea3n xu\u1ea5t b\u1ecdt Polyethylene m\u1edf r\u1ed9ng","isPartOf":{"@id":"https:\/\/epe.vn\/#website"},"primaryImageOfPage":{"@id":"https:\/\/epe.vn\/manufacturer\/xop-epe-lot-hop-qua-tang\/#primaryimage"},"image":{"@id":"https:\/\/epe.vn\/manufacturer\/xop-epe-lot-hop-qua-tang\/#primaryimage"},"thumbnailUrl":"https:\/\/epe.vn\/wp-content\/uploads\/2025\/05\/xop-EPE-lot-hop-qua-tang.webp","datePublished":"2025-05-06T02:53:12+00:00","dateModified":"2025-05-06T02:53:13+00:00","description":"X\u1ed1p EPE l\u00f3t h\u1ed9p qu\u00e0 t\u1eb7ng gi\u00fap b\u1ea3o v\u1ec7 s\u1ea3n ph\u1ea9m, t\u0103ng t\u00ednh th\u1ea9m m\u1ef9, d\u1ec5 gia c\u00f4ng theo k\u00edch th\u01b0\u1edbc h\u1ed9p, th\u00edch h\u1ee3p d\u00f9ng trong qu\u00e0 t\u1eb7ng cao c\u1ea5p.","breadcrumb":{"@id":"https:\/\/epe.vn\/manufacturer\/xop-epe-lot-hop-qua-tang\/#breadcrumb"},"inLanguage":"es","potentialAction":[{"@type":"ReadAction","target":["https:\/\/epe.vn\/manufacturer\/xop-epe-lot-hop-qua-tang\/"]}]},{"@type":"ImageObject","inLanguage":"es","@id":"https:\/\/epe.vn\/manufacturer\/xop-epe-lot-hop-qua-tang\/#primaryimage","url":"https:\/\/epe.vn\/wp-content\/uploads\/2025\/05\/xop-EPE-lot-hop-qua-tang.webp","contentUrl":"https:\/\/epe.vn\/wp-content\/uploads\/2025\/05\/xop-EPE-lot-hop-qua-tang.webp","width":800,"height":800,"caption":"xo\u0302\u0301p EPE lo\u0301t ho\u0323\u0302p qua\u0300 ta\u0323\u0306ng"},{"@type":"BreadcrumbList","@id":"https:\/\/epe.vn\/manufacturer\/xop-epe-lot-hop-qua-tang\/#breadcrumb","itemListElement":[{"@type":"ListItem","position":1,"name":"Home","item":"https:\/\/epe.vn\/"},{"@type":"ListItem","position":2,"name":"Shop","item":"https:\/\/epe.vn\/shop\/"},{"@type":"ListItem","position":3,"name":"X\u1ed1p EPE l\u00f3t h\u1ed9p qu\u00e0 t\u1eb7ng | Tu\u1ef3 ch\u1ec9nh theo y\u00eau c\u1ea7u"}]},{"@type":"WebSite","@id":"https:\/\/epe.vn\/#website","url":"https:\/\/epe.vn\/","name":"Nh\u00e0 s\u1ea3n xu\u1ea5t b\u1ecdt Polyethylene m\u1edf r\u1ed9ng","description":"Nh\u00e0 cung c\u1ea5p bao b\u00ec v\u1ec9 x\u1ed1p polyethylene m\u1edf r\u1ed9ng v\u00e0 t\u00fai PE","potentialAction":[{"@type":"SearchAction","target":{"@type":"EntryPoint","urlTemplate":"https:\/\/epe.vn\/?s={search_term_string}"},"query-input":{"@type":"PropertyValueSpecification","valueRequired":true,"valueName":"search_term_string"}}],"inLanguage":"es"}]}},"_links":{"self":[{"href":"https:\/\/epe.vn\/es\/wp-json\/wp\/v2\/product\/2222","targetHints":{"allow":["GET"]}}],"collection":[{"href":"https:\/\/epe.vn\/es\/wp-json\/wp\/v2\/product"}],"about":[{"href":"https:\/\/epe.vn\/es\/wp-json\/wp\/v2\/types\/product"}],"replies":[{"embeddable":true,"href":"https:\/\/epe.vn\/es\/wp-json\/wp\/v2\/comments?post=2222"}],"wp:featuredmedia":[{"embeddable":true,"href":"https:\/\/epe.vn\/es\/wp-json\/wp\/v2\/media\/2223"}],"wp:attachment":[{"href":"https:\/\/epe.vn\/es\/wp-json\/wp\/v2\/media?parent=2222"}],"wp:term":[{"taxonomy":"product_cat","embeddable":true,"href":"https:\/\/epe.vn\/es\/wp-json\/wp\/v2\/product_cat?post=2222"},{"taxonomy":"product_tag","embeddable":true,"href":"https:\/\/epe.vn\/es\/wp-json\/wp\/v2\/product_tag?post=2222"}],"curies":[{"name":"wp","href":"https:\/\/api.w.org\/{rel}","templated":true}]}}