{"id":2330,"date":"2025-05-12T16:07:03","date_gmt":"2025-05-12T09:07:03","guid":{"rendered":"https:\/\/epe.vn\/?post_type=product&#038;p=2330"},"modified":"2025-05-12T16:07:04","modified_gmt":"2025-05-12T09:07:04","slug":"cuon-xop-epe-trang-chat-luong-cao","status":"publish","type":"product","link":"https:\/\/epe.vn\/es\/manufacturer\/cuon-xop-epe-trang-chat-luong-cao\/","title":{"rendered":"Cu\u1ed9n x\u1ed1p EPE tr\u1eafng ch\u1ea5t l\u01b0\u1ee3ng cao \u0111\u1ec3 \u0111\u00f3ng g\u00f3i h\u00e0ng ho\u00e1"},"content":{"rendered":"<h2><span style=\"font-weight: 400;\">Th\u00f4ng tin s\u1ea3n ph\u1ea9m:<\/span><\/h2>\n<table>\n<tbody>\n<tr>\n<td><b>Thu\u1ed9c t\u00ednh<\/b><\/td>\n<td><b>Th\u00f4ng tin chi ti\u1ebft<\/b><\/td>\n<\/tr>\n<tr>\n<td><span style=\"font-weight: 400;\">Nombre del producto<\/span><\/td>\n<td><span style=\"font-weight: 400;\">Cu\u1ed9n x\u1ed1p EPE tr\u1eafng ch\u1ea5t l\u01b0\u1ee3ng \u0111\u1ec3 \u0111\u00f3ng g\u00f3i<\/span><\/td>\n<\/tr>\n<tr>\n<td><span style=\"font-weight: 400;\">Color<\/span><\/td>\n<td><span style=\"font-weight: 400;\">Blanco<\/span><\/td>\n<\/tr>\n<tr>\n<td><span style=\"font-weight: 400;\">Material<\/span><\/td>\n<td><span style=\"font-weight: 400;\">Polyethylene t\u1ef7 tr\u1ecdng th\u1ea5p (LDPE)<\/span><\/td>\n<\/tr>\n<tr>\n<td><span style=\"font-weight: 400;\">K\u00edch th\u01b0\u1edbc ph\u1ed5 bi\u1ebfn<\/span><\/td>\n<td><span style=\"font-weight: 400;\">R\u1ed9ng 0.5m &#8211; 1.6m, d\u00e0i 50m &#8211; 200m, d\u00e0y 0.5mm &#8211; 10mm<\/span><\/td>\n<\/tr>\n<tr>\n<td><span style=\"font-weight: 400;\">\u0110\u00f3ng g\u00f3i<\/span><\/td>\n<td><span style=\"font-weight: 400;\">D\u1ea1ng cu\u1ed9n, d\u1ec5 v\u1eadn chuy\u1ec3n v\u00e0 b\u1ea3o qu\u1ea3n<\/span><\/td>\n<\/tr>\n<tr>\n<td><span style=\"font-weight: 400;\">\u1ee8ng d\u1ee5ng<\/span><\/td>\n<td><span style=\"font-weight: 400;\">\u0110\u00f3ng g\u00f3i h\u00e0ng h\u00f3a, ch\u1ed1ng s\u1ed1c, c\u00e1ch nhi\u1ec7t, ch\u1ed1ng tr\u1ea7y<\/span><\/td>\n<\/tr>\n<tr>\n<td><span style=\"font-weight: 400;\">\u0110\u1eb7c \u0111i\u1ec3m n\u1ed5i b\u1eadt<\/span><\/td>\n<td><span style=\"font-weight: 400;\">Nh\u1eb9, \u0111\u00e0n h\u1ed3i t\u1ed1t, kh\u00f4ng th\u1ea5m n\u01b0\u1edbc, d\u1ec5 c\u1eaft d\u00e1n<\/span><\/td>\n<\/tr>\n<tr>\n<td><span style=\"font-weight: 400;\">Xu\u1ea5t x\u1ee9<\/span><\/td>\n<td><span style=\"font-weight: 400;\">Vi\u1ec7t Nam<\/span><\/td>\n<\/tr>\n<tr>\n<td><span style=\"font-weight: 400;\">T\u00f9y ch\u1ecdn gia c\u00f4ng<\/span><\/td>\n<td><span style=\"font-weight: 400;\">C\u00e1n m\u00e0ng OPP, PE, b\u1ea1c; \u00e9p l\u1edbp; c\u1eaft theo y\u00eau c\u1ea7u<\/span><\/td>\n<\/tr>\n<\/tbody>\n<\/table>\n<h2><span style=\"font-weight: 400;\">Ch\u1ee9c n\u0103ng c\u1ee7a cu\u1ed9n x\u1ed1p EPE tr\u1eafng ch\u1ea5t l\u01b0\u1ee3ng cao<\/span><\/h2>\n<ul>\n<li style=\"font-weight: 400;\" aria-level=\"1\"><span style=\"font-weight: 400;\">Ch\u1ed1ng s\u1ed1c, gi\u1ea3m ch\u1ea5n \u0111\u1ed9ng cho h\u00e0ng h\u00f3a trong qu\u00e1 tr\u00ecnh v\u1eadn chuy\u1ec3n.<\/span><span style=\"font-weight: 400;\"><br \/>\n<\/span><span style=\"font-weight: 400;\">C\u00e1ch nhi\u1ec7t t\u1ea1m th\u1eddi, gi\u1eef nhi\u1ec7t cho h\u00e0ng \u0111\u00f4ng l\u1ea1nh ho\u1eb7c v\u1eadt li\u1ec7u nh\u1ea1y c\u1ea3m.<\/span><\/li>\n<li style=\"font-weight: 400;\" aria-level=\"1\"><span style=\"font-weight: 400;\">Ch\u1ed1ng tr\u1ea7y x\u01b0\u1edbc cho b\u1ec1 m\u1eb7t s\u1ea3n ph\u1ea9m nh\u01b0 \u0111\u1ed3 g\u1ed7, \u0111i\u1ec7n t\u1eed, th\u1ee7y tinh.<\/span><\/li>\n<li style=\"font-weight: 400;\" aria-level=\"1\"><span style=\"font-weight: 400;\">B\u1ea3o v\u1ec7 h\u00e0ng h\u00f3a kh\u1ecfi b\u1ee5i b\u1ea9n, \u1ea9m m\u1ed1c v\u00e0 va \u0111\u1eadp.<\/span><\/li>\n<\/ul>\n<h2><span style=\"font-weight: 400;\">\u01afu \u0111i\u1ec3m n\u1ed5i b\u1eadt<\/span><\/h2>\n<ul>\n<li style=\"font-weight: 400;\" aria-level=\"1\"><span style=\"font-weight: 400;\">Tr\u1ecdng l\u01b0\u1ee3ng nh\u1eb9 gi\u00fap ti\u1ebft ki\u1ec7m chi ph\u00ed v\u1eadn chuy\u1ec3n.<\/span><\/li>\n<li style=\"font-weight: 400;\" aria-level=\"1\"><span style=\"font-weight: 400;\">\u0110\u1ed9 \u0111\u00e0n h\u1ed3i cao, d\u1ec5 ph\u1ee5c h\u1ed3i sau va \u0111\u1eadp.<\/span><\/li>\n<li style=\"font-weight: 400;\" aria-level=\"1\"><span style=\"font-weight: 400;\">Kh\u00f4ng th\u1ea5m n\u01b0\u1edbc, ch\u1ed1ng \u1ea9m t\u1ed1t.<\/span><\/li>\n<li style=\"font-weight: 400;\" aria-level=\"1\"><span style=\"font-weight: 400;\">Th\u00e2n thi\u1ec7n m\u00f4i tr\u01b0\u1eddng, c\u00f3 th\u1ec3 t\u00e1i ch\u1ebf.<\/span><\/li>\n<li style=\"font-weight: 400;\" aria-level=\"1\"><span style=\"font-weight: 400;\">D\u1ec5 s\u1eed d\u1ee5ng, c\u00f3 th\u1ec3 c\u1eaft d\u00e1n theo k\u00edch th\u01b0\u1edbc mong mu\u1ed1n.<\/span><\/li>\n<\/ul>","protected":false},"excerpt":{"rendered":"<p><span style=\"font-weight: 400;\">Cu\u1ed9n x\u1ed1p EPE tr\u1eafng l\u00e0 gi\u1ea3i ph\u00e1p \u0111\u00f3ng g\u00f3i t\u1ed1i \u01b0u cho m\u1ecdi ng\u00e0nh h\u00e0ng, t\u1eeb \u0111i\u1ec7n t\u1eed, n\u1ed9i th\u1ea5t \u0111\u1ebfn th\u1ef1c ph\u1ea9m. V\u1edbi c\u1ea5u tr\u00fac b\u1ecdt kh\u00ed d\u00e0y \u0111\u1eb7c v\u00e0 kh\u1ea3 n\u0103ng ch\u1ed1ng s\u1ed1c, c\u00e1ch nhi\u1ec7t v\u01b0\u1ee3t tr\u1ed9i, cu\u1ed9n x\u1ed1p EPE kh\u00f4ng ch\u1ec9 gi\u00fap b\u1ea3o v\u1ec7 h\u00e0ng h\u00f3a m\u1ed9t c\u00e1ch t\u1ed1i \u01b0u m\u00e0 c\u00f2n gi\u00fap doanh nghi\u1ec7p ti\u1ebft ki\u1ec7m chi ph\u00ed \u0111\u00f3ng g\u00f3i v\u00e0 v\u1eadn chuy\u1ec3n. \u0110\u00e2y l\u00e0 l\u1ef1a ch\u1ecdn h\u00e0ng \u0111\u1ea7u cho c\u00e1c doanh nghi\u1ec7p s\u1ea3n xu\u1ea5t v\u00e0 logistic.<\/span><\/p>","protected":false},"featured_media":2331,"comment_status":"open","ping_status":"closed","template":"","meta":[],"product_cat":[37],"product_tag":[70,48,47,69],"class_list":{"0":"post-2330","1":"product","2":"type-product","3":"status-publish","4":"has-post-thumbnail","6":"product_cat-cuon-mut-xop","7":"product_tag-cuon-xop-epe","8":"product_tag-epe-foam","9":"product_tag-mut-xop-epe","10":"product_tag-tuy-chinh-epe-foam","12":"first","13":"instock","14":"shipping-taxable","15":"product-type-simple"},"yoast_head":"<!-- This site is optimized with the Yoast SEO plugin v23.4 - https:\/\/yoast.com\/wordpress\/plugins\/seo\/ -->\n<title>Cu\u1ed9n x\u1ed1p EPE tr\u1eafng ch\u1ea5t l\u01b0\u1ee3ng cao \u0111\u1ec3 \u0111\u00f3ng g\u00f3i h\u00e0ng ho\u00e1 - Nh\u00e0 s\u1ea3n xu\u1ea5t b\u1ecdt Polyethylene m\u1edf r\u1ed9ng<\/title>\n<meta name=\"description\" content=\"Cu\u1ed9n x\u1ed1p EPE tr\u1eafng nh\u1eb9, ch\u1ed1ng s\u1ed1c, ch\u1ed1ng \u1ea9m, gi\u00fap b\u1ea3o v\u1ec7 h\u00e0ng h\u00f3a hi\u1ec7u qu\u1ea3 trong v\u1eadn chuy\u1ec3n v\u00e0 l\u01b0u kho. Li\u00ean h\u1ec7 ngay \u0111\u1ec3 \u0111\u01b0\u1ee3c gi\u00e1 t\u1ed1t!\" \/>\n<meta name=\"robots\" content=\"index, follow, max-snippet:-1, max-image-preview:large, max-video-preview:-1\" \/>\n<link rel=\"canonical\" href=\"https:\/\/epe.vn\/es\/manufacturer\/cuon-xop-epe-trang-chat-luong-cao\/\" \/>\n<meta property=\"og:locale\" content=\"es_MX\" \/>\n<meta property=\"og:type\" content=\"article\" \/>\n<meta property=\"og:title\" content=\"Cu\u1ed9n x\u1ed1p EPE tr\u1eafng ch\u1ea5t l\u01b0\u1ee3ng cao \u0111\u1ec3 \u0111\u00f3ng g\u00f3i h\u00e0ng ho\u00e1 - Nh\u00e0 s\u1ea3n xu\u1ea5t b\u1ecdt Polyethylene m\u1edf r\u1ed9ng\" \/>\n<meta property=\"og:description\" content=\"Cu\u1ed9n x\u1ed1p EPE tr\u1eafng nh\u1eb9, ch\u1ed1ng s\u1ed1c, ch\u1ed1ng \u1ea9m, gi\u00fap b\u1ea3o v\u1ec7 h\u00e0ng h\u00f3a hi\u1ec7u qu\u1ea3 trong v\u1eadn chuy\u1ec3n v\u00e0 l\u01b0u kho. Li\u00ean h\u1ec7 ngay \u0111\u1ec3 \u0111\u01b0\u1ee3c gi\u00e1 t\u1ed1t!\" \/>\n<meta property=\"og:url\" content=\"https:\/\/epe.vn\/es\/manufacturer\/cuon-xop-epe-trang-chat-luong-cao\/\" \/>\n<meta property=\"og:site_name\" content=\"Nh\u00e0 s\u1ea3n xu\u1ea5t b\u1ecdt Polyethylene m\u1edf r\u1ed9ng\" \/>\n<meta property=\"article:modified_time\" content=\"2025-05-12T09:07:04+00:00\" \/>\n<meta property=\"og:image\" content=\"https:\/\/epe.vn\/wp-content\/uploads\/2025\/05\/cuon-xop-EPE-trang-chat-luong-de-dong-goi.webp\" \/>\n\t<meta property=\"og:image:width\" content=\"800\" \/>\n\t<meta property=\"og:image:height\" content=\"800\" \/>\n\t<meta property=\"og:image:type\" content=\"image\/webp\" \/>\n<meta name=\"twitter:card\" content=\"summary_large_image\" \/>\n<meta name=\"twitter:label1\" content=\"Tiempo de lectura\" \/>\n\t<meta name=\"twitter:data1\" content=\"2 minutos\" \/>\n<script type=\"application\/ld+json\" class=\"yoast-schema-graph\">{\"@context\":\"https:\/\/schema.org\",\"@graph\":[{\"@type\":\"WebPage\",\"@id\":\"https:\/\/epe.vn\/manufacturer\/cuon-xop-epe-trang-chat-luong-cao\/\",\"url\":\"https:\/\/epe.vn\/manufacturer\/cuon-xop-epe-trang-chat-luong-cao\/\",\"name\":\"Cu\u1ed9n x\u1ed1p EPE tr\u1eafng ch\u1ea5t l\u01b0\u1ee3ng cao \u0111\u1ec3 \u0111\u00f3ng g\u00f3i h\u00e0ng ho\u00e1 - Nh\u00e0 s\u1ea3n xu\u1ea5t b\u1ecdt Polyethylene m\u1edf r\u1ed9ng\",\"isPartOf\":{\"@id\":\"https:\/\/epe.vn\/#website\"},\"primaryImageOfPage\":{\"@id\":\"https:\/\/epe.vn\/manufacturer\/cuon-xop-epe-trang-chat-luong-cao\/#primaryimage\"},\"image\":{\"@id\":\"https:\/\/epe.vn\/manufacturer\/cuon-xop-epe-trang-chat-luong-cao\/#primaryimage\"},\"thumbnailUrl\":\"https:\/\/epe.vn\/wp-content\/uploads\/2025\/05\/cuon-xop-EPE-trang-chat-luong-de-dong-goi.webp\",\"datePublished\":\"2025-05-12T09:07:03+00:00\",\"dateModified\":\"2025-05-12T09:07:04+00:00\",\"description\":\"Cu\u1ed9n x\u1ed1p EPE tr\u1eafng nh\u1eb9, ch\u1ed1ng s\u1ed1c, ch\u1ed1ng \u1ea9m, gi\u00fap b\u1ea3o v\u1ec7 h\u00e0ng h\u00f3a hi\u1ec7u qu\u1ea3 trong v\u1eadn chuy\u1ec3n v\u00e0 l\u01b0u kho. Li\u00ean h\u1ec7 ngay \u0111\u1ec3 \u0111\u01b0\u1ee3c gi\u00e1 t\u1ed1t!\",\"breadcrumb\":{\"@id\":\"https:\/\/epe.vn\/manufacturer\/cuon-xop-epe-trang-chat-luong-cao\/#breadcrumb\"},\"inLanguage\":\"es\",\"potentialAction\":[{\"@type\":\"ReadAction\",\"target\":[\"https:\/\/epe.vn\/manufacturer\/cuon-xop-epe-trang-chat-luong-cao\/\"]}]},{\"@type\":\"ImageObject\",\"inLanguage\":\"es\",\"@id\":\"https:\/\/epe.vn\/manufacturer\/cuon-xop-epe-trang-chat-luong-cao\/#primaryimage\",\"url\":\"https:\/\/epe.vn\/wp-content\/uploads\/2025\/05\/cuon-xop-EPE-trang-chat-luong-de-dong-goi.webp\",\"contentUrl\":\"https:\/\/epe.vn\/wp-content\/uploads\/2025\/05\/cuon-xop-EPE-trang-chat-luong-de-dong-goi.webp\",\"width\":800,\"height\":800,\"caption\":\"cuo\u0323\u0302n xo\u0302\u0301p EPE tra\u0306\u0301ng cha\u0302\u0301t lu\u031bo\u031b\u0323ng \u0111e\u0302\u0309 \u0111o\u0301ng go\u0301i\"},{\"@type\":\"BreadcrumbList\",\"@id\":\"https:\/\/epe.vn\/manufacturer\/cuon-xop-epe-trang-chat-luong-cao\/#breadcrumb\",\"itemListElement\":[{\"@type\":\"ListItem\",\"position\":1,\"name\":\"Home\",\"item\":\"https:\/\/epe.vn\/\"},{\"@type\":\"ListItem\",\"position\":2,\"name\":\"Shop\",\"item\":\"https:\/\/epe.vn\/shop\/\"},{\"@type\":\"ListItem\",\"position\":3,\"name\":\"Cu\u1ed9n x\u1ed1p EPE tr\u1eafng ch\u1ea5t l\u01b0\u1ee3ng cao \u0111\u1ec3 \u0111\u00f3ng g\u00f3i h\u00e0ng ho\u00e1\"}]},{\"@type\":\"WebSite\",\"@id\":\"https:\/\/epe.vn\/#website\",\"url\":\"https:\/\/epe.vn\/\",\"name\":\"Nh\u00e0 s\u1ea3n xu\u1ea5t b\u1ecdt Polyethylene m\u1edf r\u1ed9ng\",\"description\":\"Nh\u00e0 cung c\u1ea5p bao b\u00ec v\u1ec9 x\u1ed1p polyethylene m\u1edf r\u1ed9ng v\u00e0 t\u00fai PE\",\"potentialAction\":[{\"@type\":\"SearchAction\",\"target\":{\"@type\":\"EntryPoint\",\"urlTemplate\":\"https:\/\/epe.vn\/?s={search_term_string}\"},\"query-input\":{\"@type\":\"PropertyValueSpecification\",\"valueRequired\":true,\"valueName\":\"search_term_string\"}}],\"inLanguage\":\"es\"}]}<\/script>\n<!-- \/ Yoast SEO plugin. -->","yoast_head_json":{"title":"Cu\u1ed9n x\u1ed1p EPE tr\u1eafng ch\u1ea5t l\u01b0\u1ee3ng cao \u0111\u1ec3 \u0111\u00f3ng g\u00f3i h\u00e0ng ho\u00e1 - Nh\u00e0 s\u1ea3n xu\u1ea5t b\u1ecdt Polyethylene m\u1edf r\u1ed9ng","description":"Cu\u1ed9n x\u1ed1p EPE tr\u1eafng nh\u1eb9, ch\u1ed1ng s\u1ed1c, ch\u1ed1ng \u1ea9m, gi\u00fap b\u1ea3o v\u1ec7 h\u00e0ng h\u00f3a hi\u1ec7u qu\u1ea3 trong v\u1eadn chuy\u1ec3n v\u00e0 l\u01b0u kho. Li\u00ean h\u1ec7 ngay \u0111\u1ec3 \u0111\u01b0\u1ee3c gi\u00e1 t\u1ed1t!","robots":{"index":"index","follow":"follow","max-snippet":"max-snippet:-1","max-image-preview":"max-image-preview:large","max-video-preview":"max-video-preview:-1"},"canonical":"https:\/\/epe.vn\/es\/manufacturer\/cuon-xop-epe-trang-chat-luong-cao\/","og_locale":"es_MX","og_type":"article","og_title":"Cu\u1ed9n x\u1ed1p EPE tr\u1eafng ch\u1ea5t l\u01b0\u1ee3ng cao \u0111\u1ec3 \u0111\u00f3ng g\u00f3i h\u00e0ng ho\u00e1 - Nh\u00e0 s\u1ea3n xu\u1ea5t b\u1ecdt Polyethylene m\u1edf r\u1ed9ng","og_description":"Cu\u1ed9n x\u1ed1p EPE tr\u1eafng nh\u1eb9, ch\u1ed1ng s\u1ed1c, ch\u1ed1ng \u1ea9m, gi\u00fap b\u1ea3o v\u1ec7 h\u00e0ng h\u00f3a hi\u1ec7u qu\u1ea3 trong v\u1eadn chuy\u1ec3n v\u00e0 l\u01b0u kho. Li\u00ean h\u1ec7 ngay \u0111\u1ec3 \u0111\u01b0\u1ee3c gi\u00e1 t\u1ed1t!","og_url":"https:\/\/epe.vn\/es\/manufacturer\/cuon-xop-epe-trang-chat-luong-cao\/","og_site_name":"Nh\u00e0 s\u1ea3n xu\u1ea5t b\u1ecdt Polyethylene m\u1edf r\u1ed9ng","article_modified_time":"2025-05-12T09:07:04+00:00","og_image":[{"width":800,"height":800,"url":"https:\/\/epe.vn\/wp-content\/uploads\/2025\/05\/cuon-xop-EPE-trang-chat-luong-de-dong-goi.webp","type":"image\/webp"}],"twitter_card":"summary_large_image","twitter_misc":{"Tiempo de lectura":"2 minutos"},"schema":{"@context":"https:\/\/schema.org","@graph":[{"@type":"WebPage","@id":"https:\/\/epe.vn\/manufacturer\/cuon-xop-epe-trang-chat-luong-cao\/","url":"https:\/\/epe.vn\/manufacturer\/cuon-xop-epe-trang-chat-luong-cao\/","name":"Cu\u1ed9n x\u1ed1p EPE tr\u1eafng ch\u1ea5t l\u01b0\u1ee3ng cao \u0111\u1ec3 \u0111\u00f3ng g\u00f3i h\u00e0ng ho\u00e1 - Nh\u00e0 s\u1ea3n xu\u1ea5t b\u1ecdt Polyethylene m\u1edf r\u1ed9ng","isPartOf":{"@id":"https:\/\/epe.vn\/#website"},"primaryImageOfPage":{"@id":"https:\/\/epe.vn\/manufacturer\/cuon-xop-epe-trang-chat-luong-cao\/#primaryimage"},"image":{"@id":"https:\/\/epe.vn\/manufacturer\/cuon-xop-epe-trang-chat-luong-cao\/#primaryimage"},"thumbnailUrl":"https:\/\/epe.vn\/wp-content\/uploads\/2025\/05\/cuon-xop-EPE-trang-chat-luong-de-dong-goi.webp","datePublished":"2025-05-12T09:07:03+00:00","dateModified":"2025-05-12T09:07:04+00:00","description":"Cu\u1ed9n x\u1ed1p EPE tr\u1eafng nh\u1eb9, ch\u1ed1ng s\u1ed1c, ch\u1ed1ng \u1ea9m, gi\u00fap b\u1ea3o v\u1ec7 h\u00e0ng h\u00f3a hi\u1ec7u qu\u1ea3 trong v\u1eadn chuy\u1ec3n v\u00e0 l\u01b0u kho. Li\u00ean h\u1ec7 ngay \u0111\u1ec3 \u0111\u01b0\u1ee3c gi\u00e1 t\u1ed1t!","breadcrumb":{"@id":"https:\/\/epe.vn\/manufacturer\/cuon-xop-epe-trang-chat-luong-cao\/#breadcrumb"},"inLanguage":"es","potentialAction":[{"@type":"ReadAction","target":["https:\/\/epe.vn\/manufacturer\/cuon-xop-epe-trang-chat-luong-cao\/"]}]},{"@type":"ImageObject","inLanguage":"es","@id":"https:\/\/epe.vn\/manufacturer\/cuon-xop-epe-trang-chat-luong-cao\/#primaryimage","url":"https:\/\/epe.vn\/wp-content\/uploads\/2025\/05\/cuon-xop-EPE-trang-chat-luong-de-dong-goi.webp","contentUrl":"https:\/\/epe.vn\/wp-content\/uploads\/2025\/05\/cuon-xop-EPE-trang-chat-luong-de-dong-goi.webp","width":800,"height":800,"caption":"cuo\u0323\u0302n xo\u0302\u0301p EPE tra\u0306\u0301ng cha\u0302\u0301t lu\u031bo\u031b\u0323ng \u0111e\u0302\u0309 \u0111o\u0301ng go\u0301i"},{"@type":"BreadcrumbList","@id":"https:\/\/epe.vn\/manufacturer\/cuon-xop-epe-trang-chat-luong-cao\/#breadcrumb","itemListElement":[{"@type":"ListItem","position":1,"name":"Home","item":"https:\/\/epe.vn\/"},{"@type":"ListItem","position":2,"name":"Shop","item":"https:\/\/epe.vn\/shop\/"},{"@type":"ListItem","position":3,"name":"Cu\u1ed9n x\u1ed1p EPE tr\u1eafng ch\u1ea5t l\u01b0\u1ee3ng cao \u0111\u1ec3 \u0111\u00f3ng g\u00f3i h\u00e0ng ho\u00e1"}]},{"@type":"WebSite","@id":"https:\/\/epe.vn\/#website","url":"https:\/\/epe.vn\/","name":"Nh\u00e0 s\u1ea3n xu\u1ea5t b\u1ecdt Polyethylene m\u1edf r\u1ed9ng","description":"Nh\u00e0 cung c\u1ea5p bao b\u00ec v\u1ec9 x\u1ed1p polyethylene m\u1edf r\u1ed9ng v\u00e0 t\u00fai PE","potentialAction":[{"@type":"SearchAction","target":{"@type":"EntryPoint","urlTemplate":"https:\/\/epe.vn\/?s={search_term_string}"},"query-input":{"@type":"PropertyValueSpecification","valueRequired":true,"valueName":"search_term_string"}}],"inLanguage":"es"}]}},"_links":{"self":[{"href":"https:\/\/epe.vn\/es\/wp-json\/wp\/v2\/product\/2330","targetHints":{"allow":["GET"]}}],"collection":[{"href":"https:\/\/epe.vn\/es\/wp-json\/wp\/v2\/product"}],"about":[{"href":"https:\/\/epe.vn\/es\/wp-json\/wp\/v2\/types\/product"}],"replies":[{"embeddable":true,"href":"https:\/\/epe.vn\/es\/wp-json\/wp\/v2\/comments?post=2330"}],"wp:featuredmedia":[{"embeddable":true,"href":"https:\/\/epe.vn\/es\/wp-json\/wp\/v2\/media\/2331"}],"wp:attachment":[{"href":"https:\/\/epe.vn\/es\/wp-json\/wp\/v2\/media?parent=2330"}],"wp:term":[{"taxonomy":"product_cat","embeddable":true,"href":"https:\/\/epe.vn\/es\/wp-json\/wp\/v2\/product_cat?post=2330"},{"taxonomy":"product_tag","embeddable":true,"href":"https:\/\/epe.vn\/es\/wp-json\/wp\/v2\/product_tag?post=2330"}],"curies":[{"name":"wp","href":"https:\/\/api.w.org\/{rel}","templated":true}]}}