{"id":1758,"date":"2025-02-13T08:59:51","date_gmt":"2025-02-13T01:59:51","guid":{"rendered":"https:\/\/epe.vn\/?post_type=product&#038;p=1758"},"modified":"2025-02-13T10:14:45","modified_gmt":"2025-02-13T03:14:45","slug":"mut-xop-pe-foam-20mm","status":"publish","type":"product","link":"https:\/\/epe.vn\/fa\/manufacturer\/mut-xop-pe-foam-20mm\/","title":{"rendered":"\u06a9\u0641\u0634 \u0633\u0641\u0627\u0631\u0634\u06cc Pe Foam 20mm | \u0641\u0648\u0645 \u0646\u0627\u0632\u06a9 \u0646\u0631\u0645"},"content":{"rendered":"<h2>\u0645\u0634\u062e\u0635\u0627\u062a \u0641\u0646\u06cc<\/h2>\n<table border=\"0\" width=\"634\" cellspacing=\"0\" cellpadding=\"0\">\n<tbody>\n<tr>\n<td class=\"et2\" width=\"220\" height=\"19\"><strong>\u0646\u0627\u0645 \u0645\u062d\u0635\u0648\u0644<\/strong><\/td>\n<td class=\"et2\" width=\"414\">Pe Foam 20mm | \u0641\u0648\u0645 \u0646\u0627\u0632\u06a9 \u0646\u0631\u0645<\/td>\n<\/tr>\n<tr>\n<td class=\"et2\" height=\"19\"><strong>\u0627\u0646\u062f\u0627\u0632\u0647<\/strong><\/td>\n<td class=\"et2\">\u0637\u0628\u0642 \u062f\u0631\u062e\u0648\u0627\u0633\u062a \u0634\u0645\u0627<\/td>\n<\/tr>\n<tr>\n<td class=\"et2\" height=\"19\"><strong>\u0631\u0646\u06af<\/strong><\/td>\n<td class=\"et2\">\u0633\u0641\u06cc\u062f<\/td>\n<\/tr>\n<tr>\n<td class=\"et2\" height=\"19\"><strong>\u0636\u062e\u0627\u0645\u062a<\/strong><\/td>\n<td class=\"et2\">0.5mm-20mm<\/td>\n<\/tr>\n<tr>\n<td class=\"et2\" height=\"19\"><strong>MOQ<\/strong><\/td>\n<td class=\"et2\">2 \u0631\u0648\u0644<\/td>\n<\/tr>\n<tr>\n<td class=\"et2\" height=\"19\"><strong>\u0686\u0627\u067e<\/strong><\/td>\n<td class=\"et2\">\u0686\u0627\u067e \u0644\u0648\u06af\u0648<\/td>\n<\/tr>\n<tr>\n<td class=\"et2\" height=\"19\"><strong>\u0648\u06cc\u0698\u06af\u06cc \u0647\u0627<\/strong><\/td>\n<td class=\"et2\">\u0636\u062f \u0636\u0631\u0628\u0647\u060c \u0636\u062f \u0622\u0628\u060c \u0633\u0627\u0632\u06af\u0627\u0631 \u0628\u0627 \u0645\u062d\u06cc\u0637 \u0632\u06cc\u0633\u062a<\/td>\n<\/tr>\n<tr>\n<td class=\"et2\" height=\"19\"><strong>\u06af\u0648\u0627\u0647\u06cc\u0646\u0627\u0645\u0647<\/strong><\/td>\n<td class=\"et2\">CE\u060c IOS9001\u060c ROHS<\/td>\n<\/tr>\n<tr>\n<td class=\"et2\" height=\"19\"><strong>\u0627\u0633\u062a\u0641\u0627\u062f\u0647 \u06a9\u0646\u06cc\u062f<\/strong><\/td>\n<td class=\"et2\">\u0628\u0633\u062a\u0647<\/td>\n<\/tr>\n<tr>\n<td class=\"et2\" height=\"19\"><strong>\u062a\u0627\u06cc\u067e \u06a9\u0646\u06cc\u062f<\/strong><\/td>\n<td class=\"et2\">\u0641\u06cc\u0644\u0645 \u0645\u062d\u0627\u0641\u0638<\/td>\n<\/tr>\n<\/tbody>\n<\/table>","protected":false},"excerpt":{"rendered":"<p>Dongrui \u06cc\u06a9 \u062a\u0648\u0644\u06cc\u062f \u06a9\u0646\u0646\u062f\u0647 \u062d\u0631\u0641\u0647 \u0627\u06cc \u0631\u0648\u0644 \u0647\u0627\u06cc \u0641\u0648\u0645 PE \u0646\u0631\u0645 20 \u0645\u06cc\u0644\u06cc \u0645\u062a\u0631\u06cc \u0633\u0641\u0627\u0631\u0634\u06cc \u0627\u0633\u062a.<\/p>\n<ul>\n<li data-start=\"168\" data-end=\"236\"><strong data-start=\"170\" data-end=\"185\">\u0636\u062e\u0627\u0645\u062a 20 \u0645\u06cc\u0644\u06cc\u0645\u062a\u0631<\/strong>: \u0641\u0648\u0645 \u067e\u0644\u06cc \u0627\u062a\u06cc\u0644\u0646 \u0628\u0627 \u0636\u062e\u0627\u0645\u062a 20 \u0645\u06cc\u0644\u06cc \u0645\u062a\u0631\u060c \u0646\u0631\u0645\u060c \u06a9\u0634\u0634 \u062e\u0648\u0628.<\/li>\n<li data-start=\"237\" data-end=\"321\"><strong data-start=\"239\" data-end=\"261\">\u0646\u0631\u0645 \u0627\u0641\u0632\u0627\u0631 \u0627\u0646\u0639\u0637\u0627\u0641 \u067e\u0630\u06cc\u0631<\/strong>\u0628\u0631\u0627\u06cc \u0628\u0633\u062a\u0647 \u0628\u0646\u062f\u06cc\u060c \u0645\u062d\u0627\u0641\u0638\u062a \u0627\u0632 \u0645\u062d\u0635\u0648\u0644\u060c \u0639\u0627\u06cc\u0642 \u0635\u062f\u0627 \u0648 \u0639\u0627\u06cc\u0642 \u0627\u0633\u062a\u0641\u0627\u062f\u0647 \u0645\u06cc \u0634\u0648\u062f.<\/li>\n<li data-start=\"322\" data-end=\"394\"><strong data-start=\"324\" data-end=\"342\">\u06a9\u06cc\u0641\u06cc\u062a \u0628\u0627\u0644\u0627<\/strong>: \u0645\u062d\u0635\u0648\u0644 \u0628\u0627\u062f\u0648\u0627\u0645\u060c \u0627\u06cc\u0645\u0646 \u0627\u0633\u062a \u0648 \u0645\u06cc \u062a\u0648\u0627\u0646\u062f \u062f\u0631 \u0628\u0631\u0627\u0628\u0631 \u0636\u0631\u0628\u0647 \u0633\u0628\u06a9 \u0645\u0642\u0627\u0648\u0645\u062a \u06a9\u0646\u062f.<\/li>\n<li data-start=\"395\" data-end=\"455\" data-is-last-node=\"\"><strong data-start=\"397\" data-end=\"414\">\u0642\u06cc\u0645\u062a \u0645\u0646\u0627\u0633\u0628<\/strong>: \u062e\u0631\u06cc\u062f \u0639\u0645\u062f\u0647 \u0648 \u0631\u0642\u0627\u0628\u062a\u06cc \u0628\u0627 \u0642\u06cc\u0645\u062a.<\/li>\n<\/ul>","protected":false},"featured_media":1759,"comment_status":"open","ping_status":"closed","template":"","meta":[],"product_cat":[37],"product_tag":[],"class_list":{"0":"post-1758","1":"product","2":"type-product","3":"status-publish","4":"has-post-thumbnail","6":"product_cat-cuon-mut-xop","8":"first","9":"instock","10":"shipping-taxable","11":"product-type-simple"},"yoast_head":"<!-- This site is optimized with the Yoast SEO plugin v23.4 - https:\/\/yoast.com\/wordpress\/plugins\/seo\/ -->\n<title>\u0110o Ni \u0110\u00f3ng Gi\u00e0y M\u00fat X\u1ed1p Pe Foam 20mm | M\u00fat X\u1ed1p M\u1ec1m M\u1ecfng - Nh\u00e0 s\u1ea3n xu\u1ea5t b\u1ecdt Polyethylene m\u1edf r\u1ed9ng<\/title>\n<meta name=\"description\" content=\"M\u00fat x\u1ed1p PE Foam 20mm m\u1ec1m m\u1ea1i, nh\u1eb9 nh\u00e0ng, d\u1ec5 d\u00e0ng s\u1eed d\u1ee5ng cho nhi\u1ec1u \u1ee9ng d\u1ee5ng nh\u01b0 \u0111\u00f3ng g\u00f3i, b\u1ea3o v\u1ec7. Ch\u1ea5t l\u01b0\u1ee3ng cao, \u0111\u1ed9 b\u1ec1n t\u1ed1t, gi\u00e1 c\u1ea3 h\u1ee3p l\u00fd.\" \/>\n<meta name=\"robots\" content=\"index, follow, max-snippet:-1, max-image-preview:large, max-video-preview:-1\" \/>\n<link rel=\"canonical\" href=\"https:\/\/epe.vn\/fa\/manufacturer\/mut-xop-pe-foam-20mm\/\" \/>\n<meta property=\"og:locale\" content=\"fa_IR\" \/>\n<meta property=\"og:type\" content=\"article\" \/>\n<meta property=\"og:title\" content=\"\u0110o Ni \u0110\u00f3ng Gi\u00e0y M\u00fat X\u1ed1p Pe Foam 20mm | M\u00fat X\u1ed1p M\u1ec1m M\u1ecfng - Nh\u00e0 s\u1ea3n xu\u1ea5t b\u1ecdt Polyethylene m\u1edf r\u1ed9ng\" \/>\n<meta property=\"og:description\" content=\"M\u00fat x\u1ed1p PE Foam 20mm m\u1ec1m m\u1ea1i, nh\u1eb9 nh\u00e0ng, d\u1ec5 d\u00e0ng s\u1eed d\u1ee5ng cho nhi\u1ec1u \u1ee9ng d\u1ee5ng nh\u01b0 \u0111\u00f3ng g\u00f3i, b\u1ea3o v\u1ec7. Ch\u1ea5t l\u01b0\u1ee3ng cao, \u0111\u1ed9 b\u1ec1n t\u1ed1t, gi\u00e1 c\u1ea3 h\u1ee3p l\u00fd.\" \/>\n<meta property=\"og:url\" content=\"https:\/\/epe.vn\/fa\/manufacturer\/mut-xop-pe-foam-20mm\/\" \/>\n<meta property=\"og:site_name\" content=\"Nh\u00e0 s\u1ea3n xu\u1ea5t b\u1ecdt Polyethylene m\u1edf r\u1ed9ng\" \/>\n<meta property=\"article:modified_time\" content=\"2025-02-13T03:14:45+00:00\" \/>\n<meta property=\"og:image\" content=\"https:\/\/epe.vn\/wp-content\/uploads\/2025\/02\/xop-cuon-trang.webp\" \/>\n\t<meta property=\"og:image:width\" content=\"1000\" \/>\n\t<meta property=\"og:image:height\" content=\"1000\" \/>\n\t<meta property=\"og:image:type\" content=\"image\/webp\" \/>\n<meta name=\"twitter:card\" content=\"summary_large_image\" \/>\n<meta name=\"twitter:label1\" content=\"\u0632\u0645\u0627\u0646 \u062a\u0642\u0631\u06cc\u0628\u06cc \u0628\u0631\u0627\u06cc \u062e\u0648\u0627\u0646\u062f\u0646\" \/>\n\t<meta name=\"twitter:data1\" content=\"1 \u062f\u0642\u06cc\u0642\u0647\" \/>\n<script type=\"application\/ld+json\" class=\"yoast-schema-graph\">{\"@context\":\"https:\/\/schema.org\",\"@graph\":[{\"@type\":\"WebPage\",\"@id\":\"https:\/\/epe.vn\/manufacturer\/mut-xop-pe-foam-20mm\/\",\"url\":\"https:\/\/epe.vn\/manufacturer\/mut-xop-pe-foam-20mm\/\",\"name\":\"\u0110o Ni \u0110\u00f3ng Gi\u00e0y M\u00fat X\u1ed1p Pe Foam 20mm | M\u00fat X\u1ed1p M\u1ec1m M\u1ecfng - Nh\u00e0 s\u1ea3n xu\u1ea5t b\u1ecdt Polyethylene m\u1edf r\u1ed9ng\",\"isPartOf\":{\"@id\":\"https:\/\/epe.vn\/#website\"},\"primaryImageOfPage\":{\"@id\":\"https:\/\/epe.vn\/manufacturer\/mut-xop-pe-foam-20mm\/#primaryimage\"},\"image\":{\"@id\":\"https:\/\/epe.vn\/manufacturer\/mut-xop-pe-foam-20mm\/#primaryimage\"},\"thumbnailUrl\":\"https:\/\/epe.vn\/wp-content\/uploads\/2025\/02\/xop-cuon-trang.webp\",\"datePublished\":\"2025-02-13T01:59:51+00:00\",\"dateModified\":\"2025-02-13T03:14:45+00:00\",\"description\":\"M\u00fat x\u1ed1p PE Foam 20mm m\u1ec1m m\u1ea1i, nh\u1eb9 nh\u00e0ng, d\u1ec5 d\u00e0ng s\u1eed d\u1ee5ng cho nhi\u1ec1u \u1ee9ng d\u1ee5ng nh\u01b0 \u0111\u00f3ng g\u00f3i, b\u1ea3o v\u1ec7. Ch\u1ea5t l\u01b0\u1ee3ng cao, \u0111\u1ed9 b\u1ec1n t\u1ed1t, gi\u00e1 c\u1ea3 h\u1ee3p l\u00fd.\",\"breadcrumb\":{\"@id\":\"https:\/\/epe.vn\/manufacturer\/mut-xop-pe-foam-20mm\/#breadcrumb\"},\"inLanguage\":\"fa-IR\",\"potentialAction\":[{\"@type\":\"ReadAction\",\"target\":[\"https:\/\/epe.vn\/manufacturer\/mut-xop-pe-foam-20mm\/\"]}]},{\"@type\":\"ImageObject\",\"inLanguage\":\"fa-IR\",\"@id\":\"https:\/\/epe.vn\/manufacturer\/mut-xop-pe-foam-20mm\/#primaryimage\",\"url\":\"https:\/\/epe.vn\/wp-content\/uploads\/2025\/02\/xop-cuon-trang.webp\",\"contentUrl\":\"https:\/\/epe.vn\/wp-content\/uploads\/2025\/02\/xop-cuon-trang.webp\",\"width\":1000,\"height\":1000,\"caption\":\"x\u1ed1p cu\u1ed9n tr\u1eafng\"},{\"@type\":\"BreadcrumbList\",\"@id\":\"https:\/\/epe.vn\/manufacturer\/mut-xop-pe-foam-20mm\/#breadcrumb\",\"itemListElement\":[{\"@type\":\"ListItem\",\"position\":1,\"name\":\"Home\",\"item\":\"https:\/\/epe.vn\/\"},{\"@type\":\"ListItem\",\"position\":2,\"name\":\"Shop\",\"item\":\"https:\/\/epe.vn\/shop\/\"},{\"@type\":\"ListItem\",\"position\":3,\"name\":\"\u0110o Ni \u0110\u00f3ng Gi\u00e0y M\u00fat X\u1ed1p Pe Foam 20mm | M\u00fat X\u1ed1p M\u1ec1m M\u1ecfng\"}]},{\"@type\":\"WebSite\",\"@id\":\"https:\/\/epe.vn\/#website\",\"url\":\"https:\/\/epe.vn\/\",\"name\":\"Nh\u00e0 s\u1ea3n xu\u1ea5t b\u1ecdt Polyethylene m\u1edf r\u1ed9ng\",\"description\":\"Nh\u00e0 cung c\u1ea5p bao b\u00ec v\u1ec9 x\u1ed1p polyethylene m\u1edf r\u1ed9ng v\u00e0 t\u00fai PE\",\"potentialAction\":[{\"@type\":\"SearchAction\",\"target\":{\"@type\":\"EntryPoint\",\"urlTemplate\":\"https:\/\/epe.vn\/?s={search_term_string}\"},\"query-input\":{\"@type\":\"PropertyValueSpecification\",\"valueRequired\":true,\"valueName\":\"search_term_string\"}}],\"inLanguage\":\"fa-IR\"}]}<\/script>\n<!-- \/ Yoast SEO plugin. -->","yoast_head_json":{"title":"\u0110o Ni \u0110\u00f3ng Gi\u00e0y M\u00fat X\u1ed1p Pe Foam 20mm | M\u00fat X\u1ed1p M\u1ec1m M\u1ecfng - Nh\u00e0 s\u1ea3n xu\u1ea5t b\u1ecdt Polyethylene m\u1edf r\u1ed9ng","description":"M\u00fat x\u1ed1p PE Foam 20mm m\u1ec1m m\u1ea1i, nh\u1eb9 nh\u00e0ng, d\u1ec5 d\u00e0ng s\u1eed d\u1ee5ng cho nhi\u1ec1u \u1ee9ng d\u1ee5ng nh\u01b0 \u0111\u00f3ng g\u00f3i, b\u1ea3o v\u1ec7. Ch\u1ea5t l\u01b0\u1ee3ng cao, \u0111\u1ed9 b\u1ec1n t\u1ed1t, gi\u00e1 c\u1ea3 h\u1ee3p l\u00fd.","robots":{"index":"index","follow":"follow","max-snippet":"max-snippet:-1","max-image-preview":"max-image-preview:large","max-video-preview":"max-video-preview:-1"},"canonical":"https:\/\/epe.vn\/fa\/manufacturer\/mut-xop-pe-foam-20mm\/","og_locale":"fa_IR","og_type":"article","og_title":"\u0110o Ni \u0110\u00f3ng Gi\u00e0y M\u00fat X\u1ed1p Pe Foam 20mm | M\u00fat X\u1ed1p M\u1ec1m M\u1ecfng - Nh\u00e0 s\u1ea3n xu\u1ea5t b\u1ecdt Polyethylene m\u1edf r\u1ed9ng","og_description":"M\u00fat x\u1ed1p PE Foam 20mm m\u1ec1m m\u1ea1i, nh\u1eb9 nh\u00e0ng, d\u1ec5 d\u00e0ng s\u1eed d\u1ee5ng cho nhi\u1ec1u \u1ee9ng d\u1ee5ng nh\u01b0 \u0111\u00f3ng g\u00f3i, b\u1ea3o v\u1ec7. Ch\u1ea5t l\u01b0\u1ee3ng cao, \u0111\u1ed9 b\u1ec1n t\u1ed1t, gi\u00e1 c\u1ea3 h\u1ee3p l\u00fd.","og_url":"https:\/\/epe.vn\/fa\/manufacturer\/mut-xop-pe-foam-20mm\/","og_site_name":"Nh\u00e0 s\u1ea3n xu\u1ea5t b\u1ecdt Polyethylene m\u1edf r\u1ed9ng","article_modified_time":"2025-02-13T03:14:45+00:00","og_image":[{"width":1000,"height":1000,"url":"https:\/\/epe.vn\/wp-content\/uploads\/2025\/02\/xop-cuon-trang.webp","type":"image\/webp"}],"twitter_card":"summary_large_image","twitter_misc":{"\u0632\u0645\u0627\u0646 \u062a\u0642\u0631\u06cc\u0628\u06cc \u0628\u0631\u0627\u06cc \u062e\u0648\u0627\u0646\u062f\u0646":"1 \u062f\u0642\u06cc\u0642\u0647"},"schema":{"@context":"https:\/\/schema.org","@graph":[{"@type":"WebPage","@id":"https:\/\/epe.vn\/manufacturer\/mut-xop-pe-foam-20mm\/","url":"https:\/\/epe.vn\/manufacturer\/mut-xop-pe-foam-20mm\/","name":"\u0110o Ni \u0110\u00f3ng Gi\u00e0y M\u00fat X\u1ed1p Pe Foam 20mm | M\u00fat X\u1ed1p M\u1ec1m M\u1ecfng - Nh\u00e0 s\u1ea3n xu\u1ea5t b\u1ecdt Polyethylene m\u1edf r\u1ed9ng","isPartOf":{"@id":"https:\/\/epe.vn\/#website"},"primaryImageOfPage":{"@id":"https:\/\/epe.vn\/manufacturer\/mut-xop-pe-foam-20mm\/#primaryimage"},"image":{"@id":"https:\/\/epe.vn\/manufacturer\/mut-xop-pe-foam-20mm\/#primaryimage"},"thumbnailUrl":"https:\/\/epe.vn\/wp-content\/uploads\/2025\/02\/xop-cuon-trang.webp","datePublished":"2025-02-13T01:59:51+00:00","dateModified":"2025-02-13T03:14:45+00:00","description":"M\u00fat x\u1ed1p PE Foam 20mm m\u1ec1m m\u1ea1i, nh\u1eb9 nh\u00e0ng, d\u1ec5 d\u00e0ng s\u1eed d\u1ee5ng cho nhi\u1ec1u \u1ee9ng d\u1ee5ng nh\u01b0 \u0111\u00f3ng g\u00f3i, b\u1ea3o v\u1ec7. Ch\u1ea5t l\u01b0\u1ee3ng cao, \u0111\u1ed9 b\u1ec1n t\u1ed1t, gi\u00e1 c\u1ea3 h\u1ee3p l\u00fd.","breadcrumb":{"@id":"https:\/\/epe.vn\/manufacturer\/mut-xop-pe-foam-20mm\/#breadcrumb"},"inLanguage":"fa-IR","potentialAction":[{"@type":"ReadAction","target":["https:\/\/epe.vn\/manufacturer\/mut-xop-pe-foam-20mm\/"]}]},{"@type":"ImageObject","inLanguage":"fa-IR","@id":"https:\/\/epe.vn\/manufacturer\/mut-xop-pe-foam-20mm\/#primaryimage","url":"https:\/\/epe.vn\/wp-content\/uploads\/2025\/02\/xop-cuon-trang.webp","contentUrl":"https:\/\/epe.vn\/wp-content\/uploads\/2025\/02\/xop-cuon-trang.webp","width":1000,"height":1000,"caption":"x\u1ed1p cu\u1ed9n tr\u1eafng"},{"@type":"BreadcrumbList","@id":"https:\/\/epe.vn\/manufacturer\/mut-xop-pe-foam-20mm\/#breadcrumb","itemListElement":[{"@type":"ListItem","position":1,"name":"Home","item":"https:\/\/epe.vn\/"},{"@type":"ListItem","position":2,"name":"Shop","item":"https:\/\/epe.vn\/shop\/"},{"@type":"ListItem","position":3,"name":"\u0110o Ni \u0110\u00f3ng Gi\u00e0y M\u00fat X\u1ed1p Pe Foam 20mm | M\u00fat X\u1ed1p M\u1ec1m M\u1ecfng"}]},{"@type":"WebSite","@id":"https:\/\/epe.vn\/#website","url":"https:\/\/epe.vn\/","name":"Nh\u00e0 s\u1ea3n xu\u1ea5t b\u1ecdt Polyethylene m\u1edf r\u1ed9ng","description":"Nh\u00e0 cung c\u1ea5p bao b\u00ec v\u1ec9 x\u1ed1p polyethylene m\u1edf r\u1ed9ng v\u00e0 t\u00fai PE","potentialAction":[{"@type":"SearchAction","target":{"@type":"EntryPoint","urlTemplate":"https:\/\/epe.vn\/?s={search_term_string}"},"query-input":{"@type":"PropertyValueSpecification","valueRequired":true,"valueName":"search_term_string"}}],"inLanguage":"fa-IR"}]}},"_links":{"self":[{"href":"https:\/\/epe.vn\/fa\/wp-json\/wp\/v2\/product\/1758","targetHints":{"allow":["GET"]}}],"collection":[{"href":"https:\/\/epe.vn\/fa\/wp-json\/wp\/v2\/product"}],"about":[{"href":"https:\/\/epe.vn\/fa\/wp-json\/wp\/v2\/types\/product"}],"replies":[{"embeddable":true,"href":"https:\/\/epe.vn\/fa\/wp-json\/wp\/v2\/comments?post=1758"}],"wp:featuredmedia":[{"embeddable":true,"href":"https:\/\/epe.vn\/fa\/wp-json\/wp\/v2\/media\/1759"}],"wp:attachment":[{"href":"https:\/\/epe.vn\/fa\/wp-json\/wp\/v2\/media?parent=1758"}],"wp:term":[{"taxonomy":"product_cat","embeddable":true,"href":"https:\/\/epe.vn\/fa\/wp-json\/wp\/v2\/product_cat?post=1758"},{"taxonomy":"product_tag","embeddable":true,"href":"https:\/\/epe.vn\/fa\/wp-json\/wp\/v2\/product_tag?post=1758"}],"curies":[{"name":"wp","href":"https:\/\/api.w.org\/{rel}","templated":true}]}}