{"id":1773,"date":"2025-02-13T14:33:22","date_gmt":"2025-02-13T07:33:22","guid":{"rendered":"https:\/\/epe.vn\/?post_type=product&#038;p=1773"},"modified":"2025-02-13T14:50:52","modified_gmt":"2025-02-13T07:50:52","slug":"do-ni-dong-giay-tam-mut-xop-day-10cm-gia-tam-mop-xop","status":"publish","type":"product","link":"https:\/\/epe.vn\/fa\/manufacturer\/do-ni-dong-giay-tam-mut-xop-day-10cm-gia-tam-mop-xop\/","title":{"rendered":"\u06a9\u0641\u0634 \u0641\u0648\u0645 10 \u0633\u0627\u0646\u062a\u06cc \u0645\u062a\u0631\u06cc \u0633\u0641\u0627\u0631\u0634\u06cc | \u0642\u06cc\u0645\u062a \u0648\u0631\u0642 \u0627\u0633\u062a\u0627\u06cc\u0631\u0648\u0641\u0648\u0645"},"content":{"rendered":"<h2>\u062a\u0648\u0636\u06cc\u062d\u0627\u062a \u0645\u062d\u0635\u0648\u0644<\/h2>\n<table style=\"border-collapse: collapse; width: 499.52pt;\" border=\"0\" width=\"666\" cellspacing=\"0\" cellpadding=\"0\">\n<tbody>\n<tr style=\"height: 15.00pt;\">\n<td class=\"et3\" style=\"height: 15.00pt; width: 174.75pt;\" width=\"233\" height=\"20\"><strong>\u0646\u0627\u0645 \u0645\u062d\u0635\u0648\u0644<\/strong><\/td>\n<td class=\"et3\" style=\"width: 324.75pt;\" width=\"433\">\u06a9\u0641\u0634 \u0641\u0648\u0645 10 \u0633\u0627\u0646\u062a\u06cc \u0645\u062a\u0631\u06cc \u0633\u0641\u0627\u0631\u0634\u06cc | \u0642\u06cc\u0645\u062a \u0648\u0631\u0642 \u0627\u0633\u062a\u0627\u06cc\u0631\u0648\u0641\u0648\u0645<\/td>\n<\/tr>\n<tr style=\"height: 15.00pt;\">\n<td class=\"et3\" style=\"height: 15.00pt;\" height=\"20\"><strong>\u0631\u0646\u06af<\/strong><\/td>\n<td class=\"et3\">\u0633\u0641\u06cc\u062f\u060c \u0633\u06cc\u0627\u0647\u060c \u0635\u0648\u0631\u062a\u06cc \u0648 \u063a\u06cc\u0631\u0647<\/td>\n<\/tr>\n<tr style=\"height: 15.00pt;\">\n<td class=\"et3\" style=\"height: 15.00pt;\" height=\"20\"><strong>\u0645\u0648\u0627\u062f<\/strong><\/td>\n<td class=\"et3\">\u0641\u0648\u0645 EPE<\/td>\n<\/tr>\n<tr style=\"height: 15.00pt;\">\n<td class=\"et3\" style=\"height: 15.00pt;\" height=\"20\"><strong>\u0648\u06cc\u0698\u06af\u06cc \u0647\u0627<\/strong><\/td>\n<td class=\"et3\">\u0646\u0631\u0645\u060c \u0642\u0627\u0628\u0644 \u0627\u0633\u062a\u0641\u0627\u062f\u0647 \u0645\u062c\u062f\u062f\u060c \u0636\u062f \u0622\u0628\u060c \u0645\u0642\u0627\u0648\u0645 \u062f\u0631 \u0628\u0631\u0627\u0628\u0631 \u0627\u0634\u0639\u0647 \u0645\u0627\u0648\u0631\u0627\u0621 \u0628\u0646\u0641\u0634 \u0648 \u063a\u06cc\u0631\u0647<\/td>\n<\/tr>\n<tr style=\"height: 15.00pt;\">\n<td class=\"et3\" style=\"height: 15.00pt;\" height=\"20\"><strong>\u0627\u0646\u062f\u0627\u0632\u0647<\/strong><\/td>\n<td class=\"et3\">\u0647\u0631 \u0627\u0646\u062f\u0627\u0632\u0647\u060c \u0633\u0641\u0627\u0631\u0634\u06cc<\/td>\n<\/tr>\n<tr style=\"height: 15.00pt;\">\n<td class=\"et3\" style=\"height: 15.00pt;\" height=\"20\"><strong>MOQ<\/strong><\/td>\n<td class=\"et3\">1 \u0645\u062a\u0631 \u0645\u06a9\u0639\u0628<\/td>\n<\/tr>\n<tr style=\"height: 15.00pt;\">\n<td class=\"et3\" style=\"height: 15.00pt;\" height=\"20\"><strong>\u0686\u0627\u067e \u0644\u0648\u06af\u0648<\/strong><\/td>\n<td class=\"et3\">\u0645\u0648\u062c\u0648\u062f \u0627\u0633\u062a<\/td>\n<\/tr>\n<tr style=\"height: 15.00pt;\">\n<td class=\"et3\" style=\"height: 15.00pt;\" height=\"20\"><strong>\u0627\u0633\u062a\u0641\u0627\u062f\u0647 \u06a9\u0646\u06cc\u062f<\/strong><\/td>\n<td class=\"et3\">\u06a9\u0627\u0631\u062e\u0627\u0646\u0647 \u0648 \u063a\u06cc\u0631\u0647<\/td>\n<\/tr>\n<tr style=\"height: 15.00pt;\">\n<td class=\"et3\" style=\"height: 15.00pt;\" height=\"20\"><strong>\u067e\u0631\u062f\u0627\u062e\u062a \u06a9\u0646\u06cc\u062f<\/strong><\/td>\n<td class=\"et3\">TT\u060c LC \u0648 \u063a\u06cc\u0631\u0647<\/td>\n<\/tr>\n<tr style=\"height: 15.00pt;\">\n<td class=\"et3\" style=\"height: 15.00pt;\" height=\"20\"><strong>\u06af\u0648\u0627\u0647\u06cc<\/strong><\/td>\n<td class=\"et3\">CE\u060c ISO<\/td>\n<\/tr>\n<tr style=\"height: 15.00pt;\">\n<td class=\"et3\" style=\"height: 15.00pt;\" height=\"20\"><strong>\u0646\u0645\u0648\u0646\u0647<\/strong><\/td>\n<td class=\"et3\">\u0646\u0645\u0648\u0646\u0647 \u0631\u0627\u06cc\u06af\u0627\u0646<\/td>\n<\/tr>\n<tr style=\"height: 15.00pt;\">\n<td class=\"et3\" style=\"height: 15.00pt;\" height=\"20\"><strong>OEM\/ODM<\/strong><\/td>\n<td class=\"et3\">\u0645\u0648\u062c\u0648\u062f \u0627\u0633\u062a<\/td>\n<\/tr>\n<tr style=\"height: 15.00pt;\">\n<td class=\"et3\" style=\"height: 15.00pt;\" height=\"20\"><strong>\u062a\u0648\u062c\u0647 \u062f\u0627\u0634\u062a\u0647 \u0628\u0627\u0634\u06cc\u062f<\/strong><\/td>\n<td class=\"et3\">\u0628\u0633\u062a\u0647 \u0628\u0646\u062f\u06cc \u0641\u0648\u0645 EPE<\/td>\n<\/tr>\n<\/tbody>\n<\/table>","protected":false},"excerpt":{"rendered":"<p>\u067e\u0631\u062f\u0627\u0632\u0634 \u0641\u0648\u0645 \u062f\u0631 \u0635\u0648\u0631\u062a \u062f\u0631\u062e\u0648\u0627\u0633\u062a\u060c<\/p>\n<ul>\n<li data-sourcepos=\"5:1-5:131\"><strong>\u0648\u0631\u0642 \u0641\u0648\u0645 \u0628\u0627 \u0636\u062e\u0627\u0645\u062a 10 \u0633\u0627\u0646\u062a\u06cc \u0645\u062a\u0631 \u0628\u0627 \u06a9\u06cc\u0641\u06cc\u062a \u0628\u0627\u0644\u0627:<\/strong> \u0641\u0648\u0645 \u0628\u0627 \u0636\u062e\u0627\u0645\u062a 10 \u0633\u0627\u0646\u062a\u06cc \u0645\u062a\u0631\u060c \u062f\u0648\u0627\u0645 \u0628\u0627\u0644\u0627\u060c \u0627\u0644\u0627\u0633\u062a\u06cc\u0633\u06cc\u062a\u0647 \u062e\u0648\u0628\u060c \u0645\u0642\u0627\u0648\u0645\u062a \u062f\u0631 \u0628\u0631\u0627\u0628\u0631 \u0636\u0631\u0628\u0647\u060c \u0639\u0627\u06cc\u0642 \u0635\u0648\u062a\u06cc \u0645\u0648\u062b\u0631 \u0648 \u0639\u0627\u06cc\u0642 \u062d\u0631\u0627\u0631\u062a\u06cc.<\/li>\n<li data-sourcepos=\"6:1-6:136\"><strong>\u0633\u0641\u0627\u0631\u0634\u06cc:<\/strong> \u062f\u0631\u06cc\u0627\u0641\u062a \u067e\u0631\u062f\u0627\u0632\u0634 \u0628\u0631\u0634\u060c \u0627\u0631\u0647\u060c \u0634\u06a9\u0644 \u062f\u0627\u062f\u0646 \u0628\u0647 \u067e\u0627\u0646\u0644 \u0647\u0627\u06cc \u0641\u0648\u0645 \u0628\u0627 \u062a\u0648\u062c\u0647 \u0628\u0647 \u0627\u0646\u062f\u0627\u0632\u0647 \u0648 \u0634\u06a9\u0644 \u0645\u0648\u0631\u062f \u0646\u06cc\u0627\u0632\u060c \u067e\u0627\u0633\u062e\u06af\u0648\u06cc\u06cc \u0628\u0647 \u062a\u0645\u0627\u0645 \u0646\u06cc\u0627\u0632\u0647\u0627\u06cc \u0627\u0633\u062a\u0641\u0627\u062f\u0647.<\/li>\n<li data-sourcepos=\"7:1-7:102\"><strong>\u0642\u06cc\u0645\u062a \u0631\u0642\u0627\u0628\u062a\u06cc:<\/strong> \u0628\u0647\u062a\u0631\u06cc\u0646 \u0642\u06cc\u0645\u062a \u0628\u0631\u0627\u06cc \u0648\u0631\u0642 \u0641\u0648\u0645 10 \u0633\u0627\u0646\u062a\u06cc \u0645\u062a\u0631\u06cc \u0648 \u062e\u062f\u0645\u0627\u062a \u0633\u0627\u062e\u062a \u06a9\u0641\u0634 \u0633\u0641\u0627\u0631\u0634\u06cc.<\/li>\n<li data-sourcepos=\"8:1-8:154\"><strong>\u06a9\u0627\u0631\u0628\u0631\u062f \u0627\u0646\u0639\u0637\u0627\u0641 \u067e\u0630\u06cc\u0631:<\/strong> \u0645\u0646\u0627\u0633\u0628 \u0628\u0631\u0627\u06cc \u0628\u0633\u06cc\u0627\u0631\u06cc \u0627\u0632 \u0632\u0645\u06cc\u0646\u0647 \u0647\u0627 \u0645\u0627\u0646\u0646\u062f \u0633\u0627\u062e\u062a \u0648 \u0633\u0627\u0632 (\u06a9\u0641\u067e\u0648\u0634\u060c \u0639\u0627\u06cc\u0642 \u0635\u0648\u062a\u06cc \u062f\u06cc\u0648\u0627\u0631)\u060c (\u062d\u0641\u0627\u0638\u062a \u0645\u062d\u0635\u0648\u0644)\u060c \u0635\u0646\u0639\u062a (\u0636\u062f \u0644\u0631\u0632\u0634\u060c \u0636\u0631\u0628\u0647 \u06af\u06cc\u0631)\u060c ...<\/li>\n<li data-sourcepos=\"9:1-9:132\"><strong>\u0645\u0634\u0627\u0648\u0631\u0647 \u062d\u0631\u0641\u0647 \u0627\u06cc:<\/strong> \u062a\u06cc\u0645 \u0645\u0634\u0627\u0648\u0631\u0647 \u0645\u062c\u0631\u0628\u060c \u067e\u0634\u062a\u06cc\u0628\u0627\u0646\u06cc \u0627\u0632 \u0645\u0634\u062a\u0631\u06cc\u0627\u0646 \u062f\u0631 \u0627\u0646\u062a\u062e\u0627\u0628 \u0628\u0647\u062a\u0631\u06cc\u0646 \u0646\u0648\u0639 \u0641\u0648\u0645 \u0648 \u0631\u0627\u0647 \u062d\u0644 \u0641\u0631\u0622\u0648\u0631\u06cc.<\/li>\n<li data-sourcepos=\"10:1-11:0\"><strong>\u062a\u062d\u0648\u06cc\u0644 \u0633\u0631\u06cc\u0639:<\/strong> \u0632\u0645\u0627\u0646 \u062a\u062d\u0648\u06cc\u0644 \u062a\u0636\u0645\u06cc\u0646\u06cc\u060c \u062e\u062f\u0645\u0627\u062a \u062f\u0631 \u0645\u062d\u0644.<\/li>\n<\/ul>","protected":false},"featured_media":1774,"comment_status":"open","ping_status":"closed","template":"","meta":[],"product_cat":[36],"product_tag":[],"class_list":{"0":"post-1773","1":"product","2":"type-product","3":"status-publish","4":"has-post-thumbnail","6":"product_cat-tam-mut-xop","8":"first","9":"instock","10":"shipping-taxable","11":"product-type-simple"},"yoast_head":"<!-- This site is optimized with the Yoast SEO plugin v23.4 - https:\/\/yoast.com\/wordpress\/plugins\/seo\/ -->\n<title>\u0110o Ni \u0110\u00f3ng Gi\u00e0y T\u1ea5m M\u00fat X\u1ed1p \u0110\u00e0y 10cm | Gi\u00e1 T\u1ea5m M\u1ed1p X\u1ed1p - Nh\u00e0 s\u1ea3n xu\u1ea5t b\u1ecdt Polyethylene m\u1edf r\u1ed9ng<\/title>\n<meta name=\"description\" content=\"\u0110o ni \u0111\u00f3ng gi\u00e0y t\u1ea5m m\u00fat x\u1ed1p d\u00e0y 10cm theo y\u00eau c\u1ea7u. Gi\u00e1 t\u1ed1t nh\u1ea5t. Li\u00ean h\u1ec7 ngay!\" \/>\n<meta name=\"robots\" content=\"index, follow, max-snippet:-1, max-image-preview:large, max-video-preview:-1\" \/>\n<link rel=\"canonical\" href=\"https:\/\/epe.vn\/fa\/manufacturer\/do-ni-dong-giay-tam-mut-xop-day-10cm-gia-tam-mop-xop\/\" \/>\n<meta property=\"og:locale\" content=\"fa_IR\" \/>\n<meta property=\"og:type\" content=\"article\" \/>\n<meta property=\"og:title\" content=\"\u0110o Ni \u0110\u00f3ng Gi\u00e0y T\u1ea5m M\u00fat X\u1ed1p \u0110\u00e0y 10cm | Gi\u00e1 T\u1ea5m M\u1ed1p X\u1ed1p - Nh\u00e0 s\u1ea3n xu\u1ea5t b\u1ecdt Polyethylene m\u1edf r\u1ed9ng\" \/>\n<meta property=\"og:description\" content=\"\u0110o ni \u0111\u00f3ng gi\u00e0y t\u1ea5m m\u00fat x\u1ed1p d\u00e0y 10cm theo y\u00eau c\u1ea7u. Gi\u00e1 t\u1ed1t nh\u1ea5t. Li\u00ean h\u1ec7 ngay!\" \/>\n<meta property=\"og:url\" content=\"https:\/\/epe.vn\/fa\/manufacturer\/do-ni-dong-giay-tam-mut-xop-day-10cm-gia-tam-mop-xop\/\" \/>\n<meta property=\"og:site_name\" content=\"Nh\u00e0 s\u1ea3n xu\u1ea5t b\u1ecdt Polyethylene m\u1edf r\u1ed9ng\" \/>\n<meta property=\"article:modified_time\" content=\"2025-02-13T07:50:52+00:00\" \/>\n<meta property=\"og:image\" content=\"https:\/\/epe.vn\/wp-content\/uploads\/2025\/02\/tam-mut-xop-day-10cm.jpg\" \/>\n\t<meta property=\"og:image:width\" content=\"1000\" \/>\n\t<meta property=\"og:image:height\" content=\"1000\" \/>\n\t<meta property=\"og:image:type\" content=\"image\/jpeg\" \/>\n<meta name=\"twitter:card\" content=\"summary_large_image\" \/>\n<meta name=\"twitter:label1\" content=\"\u0632\u0645\u0627\u0646 \u062a\u0642\u0631\u06cc\u0628\u06cc \u0628\u0631\u0627\u06cc \u062e\u0648\u0627\u0646\u062f\u0646\" \/>\n\t<meta name=\"twitter:data1\" content=\"1 \u062f\u0642\u06cc\u0642\u0647\" \/>\n<script type=\"application\/ld+json\" class=\"yoast-schema-graph\">{\"@context\":\"https:\/\/schema.org\",\"@graph\":[{\"@type\":\"WebPage\",\"@id\":\"https:\/\/epe.vn\/manufacturer\/do-ni-dong-giay-tam-mut-xop-day-10cm-gia-tam-mop-xop\/\",\"url\":\"https:\/\/epe.vn\/manufacturer\/do-ni-dong-giay-tam-mut-xop-day-10cm-gia-tam-mop-xop\/\",\"name\":\"\u0110o Ni \u0110\u00f3ng Gi\u00e0y T\u1ea5m M\u00fat X\u1ed1p \u0110\u00e0y 10cm | Gi\u00e1 T\u1ea5m M\u1ed1p X\u1ed1p - Nh\u00e0 s\u1ea3n xu\u1ea5t b\u1ecdt Polyethylene m\u1edf r\u1ed9ng\",\"isPartOf\":{\"@id\":\"https:\/\/epe.vn\/#website\"},\"primaryImageOfPage\":{\"@id\":\"https:\/\/epe.vn\/manufacturer\/do-ni-dong-giay-tam-mut-xop-day-10cm-gia-tam-mop-xop\/#primaryimage\"},\"image\":{\"@id\":\"https:\/\/epe.vn\/manufacturer\/do-ni-dong-giay-tam-mut-xop-day-10cm-gia-tam-mop-xop\/#primaryimage\"},\"thumbnailUrl\":\"https:\/\/epe.vn\/wp-content\/uploads\/2025\/02\/tam-mut-xop-day-10cm.jpg\",\"datePublished\":\"2025-02-13T07:33:22+00:00\",\"dateModified\":\"2025-02-13T07:50:52+00:00\",\"description\":\"\u0110o ni \u0111\u00f3ng gi\u00e0y t\u1ea5m m\u00fat x\u1ed1p d\u00e0y 10cm theo y\u00eau c\u1ea7u. Gi\u00e1 t\u1ed1t nh\u1ea5t. Li\u00ean h\u1ec7 ngay!\",\"breadcrumb\":{\"@id\":\"https:\/\/epe.vn\/manufacturer\/do-ni-dong-giay-tam-mut-xop-day-10cm-gia-tam-mop-xop\/#breadcrumb\"},\"inLanguage\":\"fa-IR\",\"potentialAction\":[{\"@type\":\"ReadAction\",\"target\":[\"https:\/\/epe.vn\/manufacturer\/do-ni-dong-giay-tam-mut-xop-day-10cm-gia-tam-mop-xop\/\"]}]},{\"@type\":\"ImageObject\",\"inLanguage\":\"fa-IR\",\"@id\":\"https:\/\/epe.vn\/manufacturer\/do-ni-dong-giay-tam-mut-xop-day-10cm-gia-tam-mop-xop\/#primaryimage\",\"url\":\"https:\/\/epe.vn\/wp-content\/uploads\/2025\/02\/tam-mut-xop-day-10cm.jpg\",\"contentUrl\":\"https:\/\/epe.vn\/wp-content\/uploads\/2025\/02\/tam-mut-xop-day-10cm.jpg\",\"width\":1000,\"height\":1000,\"caption\":\"t\u1ea5m m\u00fat x\u1ed1p d\u00e0y 10cm\"},{\"@type\":\"BreadcrumbList\",\"@id\":\"https:\/\/epe.vn\/manufacturer\/do-ni-dong-giay-tam-mut-xop-day-10cm-gia-tam-mop-xop\/#breadcrumb\",\"itemListElement\":[{\"@type\":\"ListItem\",\"position\":1,\"name\":\"Home\",\"item\":\"https:\/\/epe.vn\/\"},{\"@type\":\"ListItem\",\"position\":2,\"name\":\"Shop\",\"item\":\"https:\/\/epe.vn\/shop\/\"},{\"@type\":\"ListItem\",\"position\":3,\"name\":\"\u0110o Ni \u0110\u00f3ng Gi\u00e0y T\u1ea5m M\u00fat X\u1ed1p \u0110\u00e0y 10cm | Gi\u00e1 T\u1ea5m M\u1ed1p X\u1ed1p\"}]},{\"@type\":\"WebSite\",\"@id\":\"https:\/\/epe.vn\/#website\",\"url\":\"https:\/\/epe.vn\/\",\"name\":\"Nh\u00e0 s\u1ea3n xu\u1ea5t b\u1ecdt Polyethylene m\u1edf r\u1ed9ng\",\"description\":\"Nh\u00e0 cung c\u1ea5p bao b\u00ec v\u1ec9 x\u1ed1p polyethylene m\u1edf r\u1ed9ng v\u00e0 t\u00fai PE\",\"potentialAction\":[{\"@type\":\"SearchAction\",\"target\":{\"@type\":\"EntryPoint\",\"urlTemplate\":\"https:\/\/epe.vn\/?s={search_term_string}\"},\"query-input\":{\"@type\":\"PropertyValueSpecification\",\"valueRequired\":true,\"valueName\":\"search_term_string\"}}],\"inLanguage\":\"fa-IR\"}]}<\/script>\n<!-- \/ Yoast SEO plugin. -->","yoast_head_json":{"title":"\u0110o Ni \u0110\u00f3ng Gi\u00e0y T\u1ea5m M\u00fat X\u1ed1p \u0110\u00e0y 10cm | Gi\u00e1 T\u1ea5m M\u1ed1p X\u1ed1p - Nh\u00e0 s\u1ea3n xu\u1ea5t b\u1ecdt Polyethylene m\u1edf r\u1ed9ng","description":"\u0110o ni \u0111\u00f3ng gi\u00e0y t\u1ea5m m\u00fat x\u1ed1p d\u00e0y 10cm theo y\u00eau c\u1ea7u. Gi\u00e1 t\u1ed1t nh\u1ea5t. Li\u00ean h\u1ec7 ngay!","robots":{"index":"index","follow":"follow","max-snippet":"max-snippet:-1","max-image-preview":"max-image-preview:large","max-video-preview":"max-video-preview:-1"},"canonical":"https:\/\/epe.vn\/fa\/manufacturer\/do-ni-dong-giay-tam-mut-xop-day-10cm-gia-tam-mop-xop\/","og_locale":"fa_IR","og_type":"article","og_title":"\u0110o Ni \u0110\u00f3ng Gi\u00e0y T\u1ea5m M\u00fat X\u1ed1p \u0110\u00e0y 10cm | Gi\u00e1 T\u1ea5m M\u1ed1p X\u1ed1p - Nh\u00e0 s\u1ea3n xu\u1ea5t b\u1ecdt Polyethylene m\u1edf r\u1ed9ng","og_description":"\u0110o ni \u0111\u00f3ng gi\u00e0y t\u1ea5m m\u00fat x\u1ed1p d\u00e0y 10cm theo y\u00eau c\u1ea7u. Gi\u00e1 t\u1ed1t nh\u1ea5t. Li\u00ean h\u1ec7 ngay!","og_url":"https:\/\/epe.vn\/fa\/manufacturer\/do-ni-dong-giay-tam-mut-xop-day-10cm-gia-tam-mop-xop\/","og_site_name":"Nh\u00e0 s\u1ea3n xu\u1ea5t b\u1ecdt Polyethylene m\u1edf r\u1ed9ng","article_modified_time":"2025-02-13T07:50:52+00:00","og_image":[{"width":1000,"height":1000,"url":"https:\/\/epe.vn\/wp-content\/uploads\/2025\/02\/tam-mut-xop-day-10cm.jpg","type":"image\/jpeg"}],"twitter_card":"summary_large_image","twitter_misc":{"\u0632\u0645\u0627\u0646 \u062a\u0642\u0631\u06cc\u0628\u06cc \u0628\u0631\u0627\u06cc \u062e\u0648\u0627\u0646\u062f\u0646":"1 \u062f\u0642\u06cc\u0642\u0647"},"schema":{"@context":"https:\/\/schema.org","@graph":[{"@type":"WebPage","@id":"https:\/\/epe.vn\/manufacturer\/do-ni-dong-giay-tam-mut-xop-day-10cm-gia-tam-mop-xop\/","url":"https:\/\/epe.vn\/manufacturer\/do-ni-dong-giay-tam-mut-xop-day-10cm-gia-tam-mop-xop\/","name":"\u0110o Ni \u0110\u00f3ng Gi\u00e0y T\u1ea5m M\u00fat X\u1ed1p \u0110\u00e0y 10cm | Gi\u00e1 T\u1ea5m M\u1ed1p X\u1ed1p - Nh\u00e0 s\u1ea3n xu\u1ea5t b\u1ecdt Polyethylene m\u1edf r\u1ed9ng","isPartOf":{"@id":"https:\/\/epe.vn\/#website"},"primaryImageOfPage":{"@id":"https:\/\/epe.vn\/manufacturer\/do-ni-dong-giay-tam-mut-xop-day-10cm-gia-tam-mop-xop\/#primaryimage"},"image":{"@id":"https:\/\/epe.vn\/manufacturer\/do-ni-dong-giay-tam-mut-xop-day-10cm-gia-tam-mop-xop\/#primaryimage"},"thumbnailUrl":"https:\/\/epe.vn\/wp-content\/uploads\/2025\/02\/tam-mut-xop-day-10cm.jpg","datePublished":"2025-02-13T07:33:22+00:00","dateModified":"2025-02-13T07:50:52+00:00","description":"\u0110o ni \u0111\u00f3ng gi\u00e0y t\u1ea5m m\u00fat x\u1ed1p d\u00e0y 10cm theo y\u00eau c\u1ea7u. Gi\u00e1 t\u1ed1t nh\u1ea5t. Li\u00ean h\u1ec7 ngay!","breadcrumb":{"@id":"https:\/\/epe.vn\/manufacturer\/do-ni-dong-giay-tam-mut-xop-day-10cm-gia-tam-mop-xop\/#breadcrumb"},"inLanguage":"fa-IR","potentialAction":[{"@type":"ReadAction","target":["https:\/\/epe.vn\/manufacturer\/do-ni-dong-giay-tam-mut-xop-day-10cm-gia-tam-mop-xop\/"]}]},{"@type":"ImageObject","inLanguage":"fa-IR","@id":"https:\/\/epe.vn\/manufacturer\/do-ni-dong-giay-tam-mut-xop-day-10cm-gia-tam-mop-xop\/#primaryimage","url":"https:\/\/epe.vn\/wp-content\/uploads\/2025\/02\/tam-mut-xop-day-10cm.jpg","contentUrl":"https:\/\/epe.vn\/wp-content\/uploads\/2025\/02\/tam-mut-xop-day-10cm.jpg","width":1000,"height":1000,"caption":"t\u1ea5m m\u00fat x\u1ed1p d\u00e0y 10cm"},{"@type":"BreadcrumbList","@id":"https:\/\/epe.vn\/manufacturer\/do-ni-dong-giay-tam-mut-xop-day-10cm-gia-tam-mop-xop\/#breadcrumb","itemListElement":[{"@type":"ListItem","position":1,"name":"Home","item":"https:\/\/epe.vn\/"},{"@type":"ListItem","position":2,"name":"Shop","item":"https:\/\/epe.vn\/shop\/"},{"@type":"ListItem","position":3,"name":"\u0110o Ni \u0110\u00f3ng Gi\u00e0y T\u1ea5m M\u00fat X\u1ed1p \u0110\u00e0y 10cm | Gi\u00e1 T\u1ea5m M\u1ed1p X\u1ed1p"}]},{"@type":"WebSite","@id":"https:\/\/epe.vn\/#website","url":"https:\/\/epe.vn\/","name":"Nh\u00e0 s\u1ea3n xu\u1ea5t b\u1ecdt Polyethylene m\u1edf r\u1ed9ng","description":"Nh\u00e0 cung c\u1ea5p bao b\u00ec v\u1ec9 x\u1ed1p polyethylene m\u1edf r\u1ed9ng v\u00e0 t\u00fai PE","potentialAction":[{"@type":"SearchAction","target":{"@type":"EntryPoint","urlTemplate":"https:\/\/epe.vn\/?s={search_term_string}"},"query-input":{"@type":"PropertyValueSpecification","valueRequired":true,"valueName":"search_term_string"}}],"inLanguage":"fa-IR"}]}},"_links":{"self":[{"href":"https:\/\/epe.vn\/fa\/wp-json\/wp\/v2\/product\/1773","targetHints":{"allow":["GET"]}}],"collection":[{"href":"https:\/\/epe.vn\/fa\/wp-json\/wp\/v2\/product"}],"about":[{"href":"https:\/\/epe.vn\/fa\/wp-json\/wp\/v2\/types\/product"}],"replies":[{"embeddable":true,"href":"https:\/\/epe.vn\/fa\/wp-json\/wp\/v2\/comments?post=1773"}],"wp:featuredmedia":[{"embeddable":true,"href":"https:\/\/epe.vn\/fa\/wp-json\/wp\/v2\/media\/1774"}],"wp:attachment":[{"href":"https:\/\/epe.vn\/fa\/wp-json\/wp\/v2\/media?parent=1773"}],"wp:term":[{"taxonomy":"product_cat","embeddable":true,"href":"https:\/\/epe.vn\/fa\/wp-json\/wp\/v2\/product_cat?post=1773"},{"taxonomy":"product_tag","embeddable":true,"href":"https:\/\/epe.vn\/fa\/wp-json\/wp\/v2\/product_tag?post=1773"}],"curies":[{"name":"wp","href":"https:\/\/api.w.org\/{rel}","templated":true}]}}