{"id":1889,"date":"2025-04-25T15:16:05","date_gmt":"2025-04-25T08:16:05","guid":{"rendered":"https:\/\/epe.vn\/?post_type=product&#038;p=1889"},"modified":"2025-04-25T15:16:05","modified_gmt":"2025-04-25T08:16:05","slug":"cuon-xop-epe-foam-chong-soc","status":"publish","type":"product","link":"https:\/\/epe.vn\/fa\/manufacturer\/cuon-xop-epe-foam-chong-soc\/","title":{"rendered":"Cu\u1ed9n x\u1ed1p EPE Foam | B\u1ecdc h\u00e0ng ch\u1ed1ng s\u1ed1c, ch\u1ed1ng th\u1ea5m"},"content":{"rendered":"<h2><strong>\u0627\u0637\u0644\u0627\u0639\u0627\u062a \u0645\u062d\u0635\u0648\u0644:<\/strong><\/h2>\n<table>\n<tbody>\n<tr>\n<td style=\"text-align: center;\"><b>Thu\u1ed9c t\u00ednh<\/b><\/td>\n<td>\n<p style=\"text-align: center;\"><b>Chi ti\u1ebft<\/b><\/p>\n<\/td>\n<\/tr>\n<tr>\n<td><b>\u0646\u0627\u0645 \u0645\u062d\u0635\u0648\u0644<\/b><\/td>\n<td><span style=\"font-weight: 400;\">Cu\u1ed9n x\u1ed1p EPE Foam<\/span><\/td>\n<\/tr>\n<tr>\n<td><b>\u0639\u0644\u0627\u0645\u062a \u062a\u062c\u0627\u0631\u06cc<\/b><\/td>\n<td><span style=\"font-weight: 400;\">\u062f\u0648\u0646\u06af \u0631\u0648\u06cc \u0648\u06cc\u062a\u0646\u0627\u0645<\/span><\/td>\n<\/tr>\n<tr>\n<td><b>\u0645\u0628\u062f\u0627<\/b><\/td>\n<td><span style=\"font-weight: 400;\">\u0686\u06cc\u0646<\/span><\/td>\n<\/tr>\n<tr>\n<td><b>\u0645\u0648\u0627\u062f<\/b><\/td>\n<td><span style=\"font-weight: 400;\">EPE (Expanded Polyethylene) \u2013 Nh\u1ef1a LDPE nguy\u00ean sinh<\/span><\/td>\n<\/tr>\n<tr>\n<td><b>\u0637\u0631\u0627\u062d\u06cc<\/b><\/td>\n<td><span style=\"font-weight: 400;\">M\u00e0ng x\u1ed1p d\u1ea1ng cu\u1ed9n<\/span><\/td>\n<\/tr>\n<tr>\n<td><b>\u0636\u062e\u0627\u0645\u062a<\/b><\/td>\n<td><span style=\"font-weight: 400;\">0.5mm \u2013 50mm<\/span><\/td>\n<\/tr>\n<tr>\n<td><b>\u0627\u0646\u062f\u0627\u0632\u0647<\/b><\/td>\n<td><span style=\"font-weight: 400;\">Theo y\u00eau c\u1ea7u kh\u00e1ch h\u00e0ng (th\u01b0\u1eddng t\u1eeb 1m \u0111\u1ebfn 1.4m chi\u1ec1u r\u1ed9ng)<\/span><\/td>\n<\/tr>\n<tr>\n<td><b>\u0631\u0646\u06af<\/b><\/td>\n<td><span style=\"font-weight: 400;\">T\u00f9y ch\u1ec9nh: tr\u1eafng, h\u1ed3ng, xanh, \u0111en\u2026<\/span><\/td>\n<\/tr>\n<tr>\n<td><b>\u0648\u06cc\u0698\u06af\u06cc\u200c\u0647\u0627\u06cc \u0628\u0631\u062c\u0633\u062a\u0647<\/b><\/td>\n<td><span style=\"font-weight: 400;\">Ch\u1ed1ng s\u1ed1c, ch\u1ed1ng th\u1ea5m n\u01b0\u1edbc, c\u00e1ch \u00e2m, c\u00e1ch nhi\u1ec7t, \u0111\u00e0n h\u1ed3i t\u1ed1t, th\u00e2n thi\u1ec7n m\u00f4i tr\u01b0\u1eddng<\/span><\/td>\n<\/tr>\n<tr>\n<td><b>Ch\u1ee9ng nh\u1eadn<\/b><\/td>\n<td><span style=\"font-weight: 400;\">CE, ISO 9001, RoHS<\/span><\/td>\n<\/tr>\n<tr>\n<td><b>\u0628\u0631\u0646\u0627\u0645\u0647\u200c\u0647\u0627\u06cc \u0645\u062d\u0628\u0648\u0628<\/b><\/td>\n<td><span style=\"font-weight: 400;\">\u0110\u00f3ng g\u00f3i h\u00e0ng \u0111i\u1ec7n t\u1eed, \u0111\u1ed3 g\u1ed1m s\u1ee9, n\u00f4ng s\u1ea3n, th\u1ee7y s\u1ea3n, v\u1eadt li\u1ec7u x\u00e2y d\u1ef1ng, n\u1ed9i th\u1ea5t<\/span><\/td>\n<\/tr>\n<\/tbody>\n<\/table>\n<h2><b>C\u00f4ng d\u1ee5ng c\u1ee7a cu\u1ed9n x\u1ed1p EPE:<\/b><\/h2>\n<p><span style=\"font-weight: 400;\">Cu\u1ed9n x\u1ed1p EPE l\u00e0 v\u1eadt li\u1ec7u bao b\u00ec \u0111\u01b0\u1ee3c s\u1eed d\u1ee5ng r\u1ed9ng r\u00e3i trong nhi\u1ec1u ng\u00e0nh ngh\u1ec1 nh\u1edd \u0111\u1eb7c t\u00ednh linh ho\u1ea1t v\u00e0 kh\u1ea3 n\u0103ng b\u1ea3o v\u1ec7 h\u00e0ng h\u00f3a v\u01b0\u1ee3t tr\u1ed9i. M\u1ed9t s\u1ed1 \u1ee9ng d\u1ee5ng ph\u1ed5 bi\u1ebfn bao g\u1ed3m:<\/span><\/p>\n<ul>\n<li style=\"font-weight: 400;\" aria-level=\"1\"><b>\u0110\u00f3ng g\u00f3i s\u1ea3n ph\u1ea9m<\/b><span style=\"font-weight: 400;\">: B\u1ea3o v\u1ec7 b\u1ec1 m\u1eb7t h\u00e0ng h\u00f3a ch\u1ed1ng va \u0111\u1eadp, tr\u1ea7y x\u01b0\u1edbc trong qu\u00e1 tr\u00ecnh v\u1eadn chuy\u1ec3n v\u00e0 l\u01b0u kho.<\/span><span style=\"font-weight: 400;\">\n<p><\/span><\/li>\n<li style=\"font-weight: 400;\" aria-level=\"1\"><b>L\u00f3t \u0111\u1ec7m h\u00e0ng h\u00f3a<\/b><span style=\"font-weight: 400;\">: D\u00f9ng l\u00e0m l\u1edbp \u0111\u1ec7m trong th\u00f9ng carton ho\u1eb7c pallet \u0111\u1ec3 gi\u1eef c\u1ed1 \u0111\u1ecbnh v\u00e0 b\u1ea3o v\u1ec7 s\u1ea3n ph\u1ea9m.<\/span><span style=\"font-weight: 400;\">\n<p><\/span><\/li>\n<li style=\"font-weight: 400;\" aria-level=\"1\"><b>Ch\u1ed1ng s\u1ed1c cho thi\u1ebft b\u1ecb \u0111i\u1ec7n t\u1eed<\/b><span style=\"font-weight: 400;\">: H\u1ea1n ch\u1ebf h\u01b0 h\u1ecfng do rung l\u1eafc trong khi v\u1eadn chuy\u1ec3n linh ki\u1ec7n, m\u00e1y m\u00f3c.<\/span><span style=\"font-weight: 400;\">\n<p><\/span><\/li>\n<li style=\"font-weight: 400;\" aria-level=\"1\"><b>L\u00f3t s\u00e0n, c\u00e1ch nhi\u1ec7t<\/b><span style=\"font-weight: 400;\">: \u1ee8ng d\u1ee5ng trong x\u00e2y d\u1ef1ng v\u00e0 n\u1ed9i th\u1ea5t nh\u1edd \u0111\u1eb7c t\u00ednh c\u00e1ch nhi\u1ec7t, c\u00e1ch \u00e2m.<\/span><span style=\"font-weight: 400;\">\n<p><\/span><\/li>\n<li style=\"font-weight: 400;\" aria-level=\"1\"><b>Bao g\u00f3i th\u1ef1c ph\u1ea9m, n\u00f4ng s\u1ea3n, th\u1ee7y s\u1ea3n<\/b><span style=\"font-weight: 400;\">: B\u1ea3o v\u1ec7 \u0111\u1ed9 t\u01b0\u01a1i ngon v\u00e0 tr\u00e1nh \u1ea3nh h\u01b0\u1edfng t\u1eeb ngo\u1ea1i l\u1ef1c.<\/span><\/li>\n<\/ul>\n<h3><b>\u01afu \u0111i\u1ec3m n\u1ed5i b\u1eadt c\u1ee7a cu\u1ed9n x\u1ed1p EPE foam:<\/b><\/h3>\n<ul>\n<li style=\"font-weight: 400;\" aria-level=\"1\"><b>Ch\u1ed1ng va \u0111\u1eadp v\u00e0 tr\u1ea7y x\u01b0\u1edbc hi\u1ec7u qu\u1ea3<\/b><span style=\"font-weight: 400;\">: B\u1ea3o v\u1ec7 h\u00e0ng h\u00f3a trong qu\u00e1 tr\u00ecnh v\u1eadn chuy\u1ec3n v\u00e0 l\u01b0u kho.<\/span><span style=\"font-weight: 400;\">\n<p><\/span><\/li>\n<li style=\"font-weight: 400;\" aria-level=\"1\"><b>Kh\u00f4ng th\u1ea5m n\u01b0\u1edbc v\u00e0 kh\u00e1ng h\u00f3a ch\u1ea5t nh\u1eb9<\/b><span style=\"font-weight: 400;\">: Ph\u00f9 h\u1ee3p v\u1edbi m\u00f4i tr\u01b0\u1eddng \u1ea9m ho\u1eb7c s\u1ea3n ph\u1ea9m d\u1ec5 b\u1ecb h\u01b0 h\u1ea1i.<\/span><span style=\"font-weight: 400;\">\n<p><\/span><\/li>\n<li style=\"font-weight: 400;\" aria-level=\"1\"><b>C\u00e1ch \u00e2m v\u00e0 c\u00e1ch nhi\u1ec7t t\u1ed1t<\/b><span style=\"font-weight: 400;\">: H\u1ed7 tr\u1ee3 \u1ee9ng d\u1ee5ng trong c\u00f4ng tr\u00ecnh x\u00e2y d\u1ef1ng, ch\u1ed1ng \u1ed3n hi\u1ec7u qu\u1ea3.<\/span><span style=\"font-weight: 400;\">\n<p><\/span><\/li>\n<li style=\"font-weight: 400;\" aria-level=\"1\"><b>D\u1ec5 d\u00e0ng gia c\u00f4ng v\u00e0 t\u00e1i ch\u1ebf<\/b><span style=\"font-weight: 400;\">: C\u00f3 th\u1ec3 c\u1eaft, d\u00e1n, gh\u00e9p h\u00ecnh t\u00f9y theo nhu c\u1ea7u s\u1eed d\u1ee5ng, th\u00e2n thi\u1ec7n v\u1edbi m\u00f4i tr\u01b0\u1eddng.<\/span><span style=\"font-weight: 400;\">\n<p><\/span><\/li>\n<li style=\"font-weight: 400;\" aria-level=\"1\"><b>\u0110a d\u1ea1ng v\u1ec1 k\u00edch th\u01b0\u1edbc v\u00e0 m\u00e0u s\u1eafc<\/b><span style=\"font-weight: 400;\">: \u0110\u00e1p \u1ee9ng m\u1ecdi nhu c\u1ea7u \u0111\u00f3ng g\u00f3i v\u00e0 b\u1ea3o v\u1ec7 s\u1ea3n ph\u1ea9m.<\/span><\/li>\n<\/ul>","protected":false},"excerpt":{"rendered":"<p><b>X\u1ed1p PE Foam<\/b><span style=\"font-weight: 400;\">, c\u00f2n \u0111\u01b0\u1ee3c g\u1ecdi l\u00e0 <\/span><b>x\u1ed1p b\u1ecdc h\u00e0ng<\/b><span style=\"font-weight: 400;\"> ho\u1eb7c <\/span><b>x\u1ed1p l\u00f3t s\u00e0n<\/b><span style=\"font-weight: 400;\">, l\u00e0 v\u1eadt li\u1ec7u \u0111\u00f3ng g\u00f3i \u0111a n\u0103ng \u0111\u01b0\u1ee3c \u1ee9ng d\u1ee5ng r\u1ed9ng r\u00e3i trong nhi\u1ec1u l\u0129nh v\u1ef1c nh\u01b0 <\/span><b>c\u00f4ng nghi\u1ec7p, n\u00f4ng nghi\u1ec7p, \u0111i\u1ec7n t\u1eed<\/b><span style=\"font-weight: 400;\"> v\u00e0 <\/span><b>th\u1ee7y s\u1ea3n<\/b><span style=\"font-weight: 400;\">. <\/span><\/p>\n<p><span style=\"font-weight: 400;\">V\u1edbi \u0111\u1eb7c t\u00ednh <\/span><b>\u00eam nh\u1eb9, \u0111\u00e0n h\u1ed3i t\u1ed1t, kh\u00f4ng m\u00e0i m\u00f2n<\/b><span style=\"font-weight: 400;\">, c\u00f9ng kh\u1ea3 n\u0103ng <\/span><b>c\u00e1ch \u00e2m, ch\u1ed1ng rung hi\u1ec7u qu\u1ea3<\/b><span style=\"font-weight: 400;\">, x\u1ed1p PE Foam gi\u00fap b\u1ea3o v\u1ec7 h\u00e0ng h\u00f3a t\u1ed1i \u01b0u trong qu\u00e1 tr\u00ecnh v\u1eadn chuy\u1ec3n v\u00e0 l\u01b0u tr\u1eef. <\/span><\/p>\n<p><span style=\"font-weight: 400;\">S\u1ea3n ph\u1ea9m \u0111\u01b0\u1ee3c s\u1ea3n xu\u1ea5t v\u1edbi nhi\u1ec1u <\/span><b>\u0111\u1ed9 d\u00e0y v\u00e0 k\u00edch th\u01b0\u1edbc kh\u00e1c nhau<\/b><span style=\"font-weight: 400;\">, d\u1ec5 d\u00e0ng t\u00f9y ch\u1ec9nh \u0111\u1ec3 \u0111\u00e1p \u1ee9ng c\u00e1c nhu c\u1ea7u s\u1eed d\u1ee5ng \u0111a d\u1ea1ng c\u1ee7a t\u1eebng ng\u00e0nh ngh\u1ec1.<\/span><\/p>","protected":false},"featured_media":1890,"comment_status":"open","ping_status":"closed","template":"","meta":[],"product_cat":[37],"product_tag":[],"class_list":{"0":"post-1889","1":"product","2":"type-product","3":"status-publish","4":"has-post-thumbnail","6":"product_cat-cuon-mut-xop","8":"first","9":"instock","10":"shipping-taxable","11":"product-type-simple"},"yoast_head":"<!-- This site is optimized with the Yoast SEO plugin v23.4 - https:\/\/yoast.com\/wordpress\/plugins\/seo\/ -->\n<title>Cu\u1ed9n x\u1ed1p EPE Foam | B\u1ecdc h\u00e0ng ch\u1ed1ng s\u1ed1c, ch\u1ed1ng th\u1ea5m - Nh\u00e0 s\u1ea3n xu\u1ea5t b\u1ecdt Polyethylene m\u1edf r\u1ed9ng<\/title>\n<meta name=\"description\" content=\"Cu\u1ed9n x\u1ed1p EPE Foam c\u1ee7a Dong Rui ch\u1ed1ng s\u1ed1c \u2013 m\u1ec1m, nh\u1eb9, \u0111\u00e0n h\u1ed3i t\u1ed1t, b\u1ea3o v\u1ec7 h\u00e0ng h\u00f3a an to\u00e0n khi v\u1eadn chuy\u1ec3n, \u0111\u00f3ng g\u00f3i v\u00e0 l\u01b0u tr\u1eef.\" \/>\n<meta name=\"robots\" content=\"index, follow, max-snippet:-1, max-image-preview:large, max-video-preview:-1\" \/>\n<link rel=\"canonical\" href=\"https:\/\/epe.vn\/fa\/manufacturer\/cuon-xop-epe-foam-chong-soc\/\" \/>\n<meta property=\"og:locale\" content=\"fa_IR\" \/>\n<meta property=\"og:type\" content=\"article\" \/>\n<meta property=\"og:title\" content=\"Cu\u1ed9n x\u1ed1p EPE Foam | B\u1ecdc h\u00e0ng ch\u1ed1ng s\u1ed1c, ch\u1ed1ng th\u1ea5m - Nh\u00e0 s\u1ea3n xu\u1ea5t b\u1ecdt Polyethylene m\u1edf r\u1ed9ng\" \/>\n<meta property=\"og:description\" content=\"Cu\u1ed9n x\u1ed1p EPE Foam c\u1ee7a Dong Rui ch\u1ed1ng s\u1ed1c \u2013 m\u1ec1m, nh\u1eb9, \u0111\u00e0n h\u1ed3i t\u1ed1t, b\u1ea3o v\u1ec7 h\u00e0ng h\u00f3a an to\u00e0n khi v\u1eadn chuy\u1ec3n, \u0111\u00f3ng g\u00f3i v\u00e0 l\u01b0u tr\u1eef.\" \/>\n<meta property=\"og:url\" content=\"https:\/\/epe.vn\/fa\/manufacturer\/cuon-xop-epe-foam-chong-soc\/\" \/>\n<meta property=\"og:site_name\" content=\"Nh\u00e0 s\u1ea3n xu\u1ea5t b\u1ecdt Polyethylene m\u1edf r\u1ed9ng\" \/>\n<meta property=\"og:image\" content=\"https:\/\/epe.vn\/wp-content\/uploads\/2025\/04\/Cuon-epe-foam-boc-hang.webp\" \/>\n\t<meta property=\"og:image:width\" content=\"800\" \/>\n\t<meta property=\"og:image:height\" content=\"800\" \/>\n\t<meta property=\"og:image:type\" content=\"image\/webp\" \/>\n<meta name=\"twitter:card\" content=\"summary_large_image\" \/>\n<meta name=\"twitter:label1\" content=\"\u0632\u0645\u0627\u0646 \u062a\u0642\u0631\u06cc\u0628\u06cc \u0628\u0631\u0627\u06cc \u062e\u0648\u0627\u0646\u062f\u0646\" \/>\n\t<meta name=\"twitter:data1\" content=\"3 \u062f\u0642\u06cc\u0642\u0647\" \/>\n<script type=\"application\/ld+json\" class=\"yoast-schema-graph\">{\"@context\":\"https:\/\/schema.org\",\"@graph\":[{\"@type\":\"WebPage\",\"@id\":\"https:\/\/epe.vn\/manufacturer\/cuon-xop-epe-foam-chong-soc\/\",\"url\":\"https:\/\/epe.vn\/manufacturer\/cuon-xop-epe-foam-chong-soc\/\",\"name\":\"Cu\u1ed9n x\u1ed1p EPE Foam | B\u1ecdc h\u00e0ng ch\u1ed1ng s\u1ed1c, ch\u1ed1ng th\u1ea5m - Nh\u00e0 s\u1ea3n xu\u1ea5t b\u1ecdt Polyethylene m\u1edf r\u1ed9ng\",\"isPartOf\":{\"@id\":\"https:\/\/epe.vn\/#website\"},\"primaryImageOfPage\":{\"@id\":\"https:\/\/epe.vn\/manufacturer\/cuon-xop-epe-foam-chong-soc\/#primaryimage\"},\"image\":{\"@id\":\"https:\/\/epe.vn\/manufacturer\/cuon-xop-epe-foam-chong-soc\/#primaryimage\"},\"thumbnailUrl\":\"https:\/\/epe.vn\/wp-content\/uploads\/2025\/04\/Cuon-epe-foam-boc-hang.webp\",\"datePublished\":\"2025-04-25T08:16:05+00:00\",\"dateModified\":\"2025-04-25T08:16:05+00:00\",\"description\":\"Cu\u1ed9n x\u1ed1p EPE Foam c\u1ee7a Dong Rui ch\u1ed1ng s\u1ed1c \u2013 m\u1ec1m, nh\u1eb9, \u0111\u00e0n h\u1ed3i t\u1ed1t, b\u1ea3o v\u1ec7 h\u00e0ng h\u00f3a an to\u00e0n khi v\u1eadn chuy\u1ec3n, \u0111\u00f3ng g\u00f3i v\u00e0 l\u01b0u tr\u1eef.\",\"breadcrumb\":{\"@id\":\"https:\/\/epe.vn\/manufacturer\/cuon-xop-epe-foam-chong-soc\/#breadcrumb\"},\"inLanguage\":\"fa-IR\",\"potentialAction\":[{\"@type\":\"ReadAction\",\"target\":[\"https:\/\/epe.vn\/manufacturer\/cuon-xop-epe-foam-chong-soc\/\"]}]},{\"@type\":\"ImageObject\",\"inLanguage\":\"fa-IR\",\"@id\":\"https:\/\/epe.vn\/manufacturer\/cuon-xop-epe-foam-chong-soc\/#primaryimage\",\"url\":\"https:\/\/epe.vn\/wp-content\/uploads\/2025\/04\/Cuon-epe-foam-boc-hang.webp\",\"contentUrl\":\"https:\/\/epe.vn\/wp-content\/uploads\/2025\/04\/Cuon-epe-foam-boc-hang.webp\",\"width\":800,\"height\":800,\"caption\":\"Cuo\u0323\u0302n epe foam bo\u0323c ha\u0300ng\"},{\"@type\":\"BreadcrumbList\",\"@id\":\"https:\/\/epe.vn\/manufacturer\/cuon-xop-epe-foam-chong-soc\/#breadcrumb\",\"itemListElement\":[{\"@type\":\"ListItem\",\"position\":1,\"name\":\"Home\",\"item\":\"https:\/\/epe.vn\/\"},{\"@type\":\"ListItem\",\"position\":2,\"name\":\"Shop\",\"item\":\"https:\/\/epe.vn\/shop\/\"},{\"@type\":\"ListItem\",\"position\":3,\"name\":\"Cu\u1ed9n x\u1ed1p EPE Foam | B\u1ecdc h\u00e0ng ch\u1ed1ng s\u1ed1c, ch\u1ed1ng th\u1ea5m\"}]},{\"@type\":\"WebSite\",\"@id\":\"https:\/\/epe.vn\/#website\",\"url\":\"https:\/\/epe.vn\/\",\"name\":\"Nh\u00e0 s\u1ea3n xu\u1ea5t b\u1ecdt Polyethylene m\u1edf r\u1ed9ng\",\"description\":\"Nh\u00e0 cung c\u1ea5p bao b\u00ec v\u1ec9 x\u1ed1p polyethylene m\u1edf r\u1ed9ng v\u00e0 t\u00fai PE\",\"potentialAction\":[{\"@type\":\"SearchAction\",\"target\":{\"@type\":\"EntryPoint\",\"urlTemplate\":\"https:\/\/epe.vn\/?s={search_term_string}\"},\"query-input\":{\"@type\":\"PropertyValueSpecification\",\"valueRequired\":true,\"valueName\":\"search_term_string\"}}],\"inLanguage\":\"fa-IR\"}]}<\/script>\n<!-- \/ Yoast SEO plugin. -->","yoast_head_json":{"title":"Cu\u1ed9n x\u1ed1p EPE Foam | B\u1ecdc h\u00e0ng ch\u1ed1ng s\u1ed1c, ch\u1ed1ng th\u1ea5m - Nh\u00e0 s\u1ea3n xu\u1ea5t b\u1ecdt Polyethylene m\u1edf r\u1ed9ng","description":"Cu\u1ed9n x\u1ed1p EPE Foam c\u1ee7a Dong Rui ch\u1ed1ng s\u1ed1c \u2013 m\u1ec1m, nh\u1eb9, \u0111\u00e0n h\u1ed3i t\u1ed1t, b\u1ea3o v\u1ec7 h\u00e0ng h\u00f3a an to\u00e0n khi v\u1eadn chuy\u1ec3n, \u0111\u00f3ng g\u00f3i v\u00e0 l\u01b0u tr\u1eef.","robots":{"index":"index","follow":"follow","max-snippet":"max-snippet:-1","max-image-preview":"max-image-preview:large","max-video-preview":"max-video-preview:-1"},"canonical":"https:\/\/epe.vn\/fa\/manufacturer\/cuon-xop-epe-foam-chong-soc\/","og_locale":"fa_IR","og_type":"article","og_title":"Cu\u1ed9n x\u1ed1p EPE Foam | B\u1ecdc h\u00e0ng ch\u1ed1ng s\u1ed1c, ch\u1ed1ng th\u1ea5m - Nh\u00e0 s\u1ea3n xu\u1ea5t b\u1ecdt Polyethylene m\u1edf r\u1ed9ng","og_description":"Cu\u1ed9n x\u1ed1p EPE Foam c\u1ee7a Dong Rui ch\u1ed1ng s\u1ed1c \u2013 m\u1ec1m, nh\u1eb9, \u0111\u00e0n h\u1ed3i t\u1ed1t, b\u1ea3o v\u1ec7 h\u00e0ng h\u00f3a an to\u00e0n khi v\u1eadn chuy\u1ec3n, \u0111\u00f3ng g\u00f3i v\u00e0 l\u01b0u tr\u1eef.","og_url":"https:\/\/epe.vn\/fa\/manufacturer\/cuon-xop-epe-foam-chong-soc\/","og_site_name":"Nh\u00e0 s\u1ea3n xu\u1ea5t b\u1ecdt Polyethylene m\u1edf r\u1ed9ng","og_image":[{"width":800,"height":800,"url":"https:\/\/epe.vn\/wp-content\/uploads\/2025\/04\/Cuon-epe-foam-boc-hang.webp","type":"image\/webp"}],"twitter_card":"summary_large_image","twitter_misc":{"\u0632\u0645\u0627\u0646 \u062a\u0642\u0631\u06cc\u0628\u06cc \u0628\u0631\u0627\u06cc \u062e\u0648\u0627\u0646\u062f\u0646":"3 \u062f\u0642\u06cc\u0642\u0647"},"schema":{"@context":"https:\/\/schema.org","@graph":[{"@type":"WebPage","@id":"https:\/\/epe.vn\/manufacturer\/cuon-xop-epe-foam-chong-soc\/","url":"https:\/\/epe.vn\/manufacturer\/cuon-xop-epe-foam-chong-soc\/","name":"Cu\u1ed9n x\u1ed1p EPE Foam | B\u1ecdc h\u00e0ng ch\u1ed1ng s\u1ed1c, ch\u1ed1ng th\u1ea5m - Nh\u00e0 s\u1ea3n xu\u1ea5t b\u1ecdt Polyethylene m\u1edf r\u1ed9ng","isPartOf":{"@id":"https:\/\/epe.vn\/#website"},"primaryImageOfPage":{"@id":"https:\/\/epe.vn\/manufacturer\/cuon-xop-epe-foam-chong-soc\/#primaryimage"},"image":{"@id":"https:\/\/epe.vn\/manufacturer\/cuon-xop-epe-foam-chong-soc\/#primaryimage"},"thumbnailUrl":"https:\/\/epe.vn\/wp-content\/uploads\/2025\/04\/Cuon-epe-foam-boc-hang.webp","datePublished":"2025-04-25T08:16:05+00:00","dateModified":"2025-04-25T08:16:05+00:00","description":"Cu\u1ed9n x\u1ed1p EPE Foam c\u1ee7a Dong Rui ch\u1ed1ng s\u1ed1c \u2013 m\u1ec1m, nh\u1eb9, \u0111\u00e0n h\u1ed3i t\u1ed1t, b\u1ea3o v\u1ec7 h\u00e0ng h\u00f3a an to\u00e0n khi v\u1eadn chuy\u1ec3n, \u0111\u00f3ng g\u00f3i v\u00e0 l\u01b0u tr\u1eef.","breadcrumb":{"@id":"https:\/\/epe.vn\/manufacturer\/cuon-xop-epe-foam-chong-soc\/#breadcrumb"},"inLanguage":"fa-IR","potentialAction":[{"@type":"ReadAction","target":["https:\/\/epe.vn\/manufacturer\/cuon-xop-epe-foam-chong-soc\/"]}]},{"@type":"ImageObject","inLanguage":"fa-IR","@id":"https:\/\/epe.vn\/manufacturer\/cuon-xop-epe-foam-chong-soc\/#primaryimage","url":"https:\/\/epe.vn\/wp-content\/uploads\/2025\/04\/Cuon-epe-foam-boc-hang.webp","contentUrl":"https:\/\/epe.vn\/wp-content\/uploads\/2025\/04\/Cuon-epe-foam-boc-hang.webp","width":800,"height":800,"caption":"Cuo\u0323\u0302n epe foam bo\u0323c ha\u0300ng"},{"@type":"BreadcrumbList","@id":"https:\/\/epe.vn\/manufacturer\/cuon-xop-epe-foam-chong-soc\/#breadcrumb","itemListElement":[{"@type":"ListItem","position":1,"name":"Home","item":"https:\/\/epe.vn\/"},{"@type":"ListItem","position":2,"name":"Shop","item":"https:\/\/epe.vn\/shop\/"},{"@type":"ListItem","position":3,"name":"Cu\u1ed9n x\u1ed1p EPE Foam | B\u1ecdc h\u00e0ng ch\u1ed1ng s\u1ed1c, ch\u1ed1ng th\u1ea5m"}]},{"@type":"WebSite","@id":"https:\/\/epe.vn\/#website","url":"https:\/\/epe.vn\/","name":"Nh\u00e0 s\u1ea3n xu\u1ea5t b\u1ecdt Polyethylene m\u1edf r\u1ed9ng","description":"Nh\u00e0 cung c\u1ea5p bao b\u00ec v\u1ec9 x\u1ed1p polyethylene m\u1edf r\u1ed9ng v\u00e0 t\u00fai PE","potentialAction":[{"@type":"SearchAction","target":{"@type":"EntryPoint","urlTemplate":"https:\/\/epe.vn\/?s={search_term_string}"},"query-input":{"@type":"PropertyValueSpecification","valueRequired":true,"valueName":"search_term_string"}}],"inLanguage":"fa-IR"}]}},"_links":{"self":[{"href":"https:\/\/epe.vn\/fa\/wp-json\/wp\/v2\/product\/1889","targetHints":{"allow":["GET"]}}],"collection":[{"href":"https:\/\/epe.vn\/fa\/wp-json\/wp\/v2\/product"}],"about":[{"href":"https:\/\/epe.vn\/fa\/wp-json\/wp\/v2\/types\/product"}],"replies":[{"embeddable":true,"href":"https:\/\/epe.vn\/fa\/wp-json\/wp\/v2\/comments?post=1889"}],"wp:featuredmedia":[{"embeddable":true,"href":"https:\/\/epe.vn\/fa\/wp-json\/wp\/v2\/media\/1890"}],"wp:attachment":[{"href":"https:\/\/epe.vn\/fa\/wp-json\/wp\/v2\/media?parent=1889"}],"wp:term":[{"taxonomy":"product_cat","embeddable":true,"href":"https:\/\/epe.vn\/fa\/wp-json\/wp\/v2\/product_cat?post=1889"},{"taxonomy":"product_tag","embeddable":true,"href":"https:\/\/epe.vn\/fa\/wp-json\/wp\/v2\/product_tag?post=1889"}],"curies":[{"name":"wp","href":"https:\/\/api.w.org\/{rel}","templated":true}]}}