{"id":2184,"date":"2025-05-05T16:36:24","date_gmt":"2025-05-05T09:36:24","guid":{"rendered":"https:\/\/epe.vn\/?post_type=product&#038;p=2184"},"modified":"2025-05-05T16:36:24","modified_gmt":"2025-05-05T09:36:24","slug":"tam-xop-epe-dong-goi-dang-luoi","status":"publish","type":"product","link":"https:\/\/epe.vn\/fa\/manufacturer\/tam-xop-epe-dong-goi-dang-luoi\/","title":{"rendered":"T\u1ea5m x\u1ed1p EPE \u0111\u00f3ng g\u00f3i d\u1ea1ng l\u01b0\u1edbi | Tu\u1ef3 ch\u1ec9nh theo y\u00eau c\u1ea7u"},"content":{"rendered":"<h2><span style=\"font-weight: 400;\">\u0627\u0637\u0644\u0627\u0639\u0627\u062a \u0645\u062d\u0635\u0648\u0644:<\/span><\/h2>\n<table>\n<tbody>\n<tr>\n<td><b>\u0645\u0639\u06cc\u0627\u0631\u0647\u0627<\/b><\/td>\n<td><b>\u062c\u0632\u0626\u06cc\u0627\u062a<\/b><\/td>\n<\/tr>\n<tr>\n<td><b>\u0646\u0627\u0645 \u0645\u062d\u0635\u0648\u0644<\/b><\/td>\n<td><span style=\"font-weight: 400;\">T\u1ea5m x\u1ed1p EPE \u0111\u00f3ng g\u00f3i d\u1ea1ng l\u01b0\u1edbi<\/span><\/td>\n<\/tr>\n<tr>\n<td><b>\u0639\u0644\u0627\u0645\u062a \u062a\u062c\u0627\u0631\u06cc<\/b><\/td>\n<td><span style=\"font-weight: 400;\">\u062f\u0648\u0646\u06af \u0631\u0648\u06cc \u0648\u06cc\u062a\u0646\u0627\u0645<\/span><\/td>\n<\/tr>\n<tr>\n<td><b>\u0645\u0648\u0627\u062f<\/b><\/td>\n<td><span style=\"font-weight: 400;\">EPE Foam (Expanded Polyethylene)<\/span><\/td>\n<\/tr>\n<tr>\n<td><b>\u0637\u0631\u0627\u062d\u06cc<\/b><\/td>\n<td><span style=\"font-weight: 400;\">T\u1ea5m l\u01b0\u1edbi x\u1ed1p EPE c\u1eaft s\u1eb5n<\/span><\/td>\n<\/tr>\n<tr>\n<td><b>\u0627\u0646\u062f\u0627\u0632\u0647<\/b><\/td>\n<td><span style=\"font-weight: 400;\">C\u1eaft s\u1eb5n theo quy chu\u1ea9n ho\u1eb7c t\u00f9y ch\u1ec9nh theo y\u00eau c\u1ea7u<\/span><\/td>\n<\/tr>\n<tr>\n<td><b>\u0636\u062e\u0627\u0645\u062a<\/b><\/td>\n<td><span style=\"font-weight: 400;\">5mm \u2013 20mm<\/span><\/td>\n<\/tr>\n<tr>\n<td><b>\u0631\u0646\u06af<\/b><\/td>\n<td><span style=\"font-weight: 400;\">H\u1ed3ng, tr\u1eafng, xanh<\/span><\/td>\n<\/tr>\n<tr>\n<td><b>\u0645\u0628\u062f\u0627<\/b><\/td>\n<td><span style=\"font-weight: 400;\">\u0686\u06cc\u0646<\/span><\/td>\n<\/tr>\n<tr>\n<td><b>\u0648\u06cc\u0698\u06af\u06cc\u200c\u0647\u0627\u06cc \u0628\u0631\u062c\u0633\u062a\u0647<\/b><\/td>\n<td><span style=\"font-weight: 400;\">Nh\u1eb9, \u00eam, tho\u00e1ng kh\u00ed, gi\u1ea3m ch\u1ea5n t\u1ed1t, d\u1ec5 c\u1eaft g\u1ecdt<\/span><\/td>\n<\/tr>\n<tr>\n<td><b>\u0628\u0631\u0646\u0627\u0645\u0647\u200c\u0647\u0627\u06cc \u0645\u062d\u0628\u0648\u0628<\/b><\/td>\n<td><span style=\"font-weight: 400;\">\u0110\u00f3ng g\u00f3i h\u00e0ng th\u1ee7y tinh, \u0111\u1ed3 g\u1ed1m, chai l\u1ecd, linh ki\u1ec7n \u0111i\u1ec7n t\u1eed, th\u1ef1c ph\u1ea9m,&#8230;<\/span><\/td>\n<\/tr>\n<tr>\n<td><b>\u06af\u0648\u0627\u0647\u06cc\u0646\u0627\u0645\u0647 \u06a9\u06cc\u0641\u06cc\u062a<\/b><\/td>\n<td><span style=\"font-weight: 400;\">ISO 9001, RoHS, CE<\/span><\/td>\n<\/tr>\n<tr>\n<td><b>\u0628\u0633\u062a\u0647<\/b><\/td>\n<td><span style=\"font-weight: 400;\">Theo ki\u1ec7n, cu\u1ed9n ho\u1eb7c t\u1ea5m x\u1ebfp<\/span><\/td>\n<\/tr>\n<tr>\n<td><b>\u0645\u0632\u0627\u06cc\u0627\u06cc \u0627\u0633\u062a\u0641\u0627\u062f\u0647<\/b><\/td>\n<td><span style=\"font-weight: 400;\">B\u1ea3o v\u1ec7 h\u00e0ng h\u00f3a, t\u0103ng \u0111\u1ed9 b\u1ec1n khi v\u1eadn chuy\u1ec3n, ti\u1ec7n d\u1ee5ng v\u00e0 ti\u1ebft ki\u1ec7m chi ph\u00ed<\/span><\/td>\n<\/tr>\n<\/tbody>\n<\/table>\n<h2><span style=\"font-weight: 400;\">Ch\u1ee9c n\u0103ng c\u1ee7a T\u1ea5m x\u1ed1p EPE \u0111\u00f3ng g\u00f3i d\u1ea1ng l\u01b0\u1edbi:<\/span><\/h2>\n<ul>\n<li style=\"font-weight: 400;\" aria-level=\"1\"><span style=\"font-weight: 400;\">B\u1ea3o v\u1ec7 v\u00e0 ch\u1ed1ng s\u1ed1c cho s\u1ea3n ph\u1ea9m trong qu\u00e1 tr\u00ecnh v\u1eadn chuy\u1ec3n, \u0111\u1eb7c bi\u1ec7t v\u1edbi s\u1ea3n ph\u1ea9m d\u1ec5 v\u1ee1.<\/span><\/li>\n<\/ul>\n<h2><span style=\"font-weight: 400;\">\u0645\u0632\u06cc\u062a:<\/span><\/h2>\n<ul>\n<li style=\"font-weight: 400;\" aria-level=\"1\"><span style=\"font-weight: 400;\">C\u1ea5u tr\u00fac d\u1ea1ng l\u01b0\u1edbi th\u00f4ng tho\u00e1ng, d\u1ec5 \u00f4m s\u00e1t h\u00e0ng h\u00f3a.<\/span><\/li>\n<li style=\"font-weight: 400;\" aria-level=\"1\"><span style=\"font-weight: 400;\">Nh\u1eb9, m\u1ec1m, d\u1ec5 thao t\u00e1c, c\u1eaft g\u1ecdt t\u00f9y \u00fd.<\/span><\/li>\n<li style=\"font-weight: 400;\" aria-level=\"1\"><span style=\"font-weight: 400;\">T\u00e1i s\u1eed d\u1ee5ng, ti\u1ebft ki\u1ec7m chi ph\u00ed \u0111\u00f3ng g\u00f3i.<\/span><\/li>\n<li style=\"font-weight: 400;\" aria-level=\"1\"><span style=\"font-weight: 400;\">Gi\u00fap ph\u00e2n c\u00e1ch c\u00e1c s\u1ea3n ph\u1ea9m trong c\u00f9ng m\u1ed9t h\u1ed9p.<\/span><\/li>\n<\/ul>","protected":false},"excerpt":{"rendered":"<p class=\"\" data-start=\"2349\" data-end=\"2594\"><strong data-start=\"2349\" data-end=\"2382\">T\u1ea5m x\u1ed1p EPE d\u1ea1ng l\u01b0\u1edbi c\u1eaft s\u1eb5n<\/strong> l\u00e0 gi\u1ea3i ph\u00e1p \u0111\u00f3ng g\u00f3i linh ho\u1ea1t, nh\u1eb9 v\u00e0 an to\u00e0n cho nhi\u1ec1u lo\u1ea1i h\u00e0ng h\u00f3a d\u1ec5 v\u1ee1. Nh\u1edd thi\u1ebft k\u1ebf l\u01b0\u1edbi \u0111a n\u0103ng, s\u1ea3n ph\u1ea9m gi\u00fap \u00f4m s\u00e1t v\u00e0 b\u1ea3o v\u1ec7 s\u1ea3n ph\u1ea9m kh\u1ecfi tr\u1ea7y x\u01b0\u1edbc, va \u0111\u1eadp, \u0111\u1ed3ng th\u1eddi t\u1ed1i \u01b0u h\u00f3a kh\u00f4ng gian \u0111\u00f3ng g\u00f3i.<\/p>","protected":false},"featured_media":2185,"comment_status":"open","ping_status":"closed","template":"","meta":[],"product_cat":[36],"product_tag":[48,47,55,60,52],"class_list":{"0":"post-2184","1":"product","2":"type-product","3":"status-publish","4":"has-post-thumbnail","6":"product_cat-tam-mut-xop","7":"product_tag-epe-foam","8":"product_tag-mut-xop-epe","9":"product_tag-tam-xop-epe","10":"product_tag-tuy-chinh-xop-epe","11":"product_tag-xop-epe","13":"first","14":"instock","15":"shipping-taxable","16":"product-type-simple"},"yoast_head":"<!-- This site is optimized with the Yoast SEO plugin v23.4 - https:\/\/yoast.com\/wordpress\/plugins\/seo\/ -->\n<title>T\u1ea5m x\u1ed1p EPE \u0111\u00f3ng g\u00f3i d\u1ea1ng l\u01b0\u1edbi | Tu\u1ef3 ch\u1ec9nh theo y\u00eau c\u1ea7u - Nh\u00e0 s\u1ea3n xu\u1ea5t b\u1ecdt Polyethylene m\u1edf r\u1ed9ng<\/title>\n<meta name=\"description\" content=\"T\u1ea5m x\u1ed1p EPE l\u01b0\u1edbi c\u1eaft s\u1eb5n gi\u00fap \u0111\u00f3ng g\u00f3i hi\u1ec7u qu\u1ea3, gi\u1ea3m va \u0111\u1eadp, b\u1ea3o v\u1ec7 h\u00e0ng h\u00f3a d\u1ec5 v\u1ee1 v\u1edbi thi\u1ebft k\u1ebf nh\u1eb9, m\u1ec1m v\u00e0 ti\u1ec7n l\u1ee3i khi s\u1eed d\u1ee5ng.\" \/>\n<meta name=\"robots\" content=\"index, follow, max-snippet:-1, max-image-preview:large, max-video-preview:-1\" \/>\n<link rel=\"canonical\" href=\"https:\/\/epe.vn\/fa\/manufacturer\/tam-xop-epe-dong-goi-dang-luoi\/\" \/>\n<meta property=\"og:locale\" content=\"fa_IR\" \/>\n<meta property=\"og:type\" content=\"article\" \/>\n<meta property=\"og:title\" content=\"T\u1ea5m x\u1ed1p EPE \u0111\u00f3ng g\u00f3i d\u1ea1ng l\u01b0\u1edbi | Tu\u1ef3 ch\u1ec9nh theo y\u00eau c\u1ea7u - Nh\u00e0 s\u1ea3n xu\u1ea5t b\u1ecdt Polyethylene m\u1edf r\u1ed9ng\" \/>\n<meta property=\"og:description\" content=\"T\u1ea5m x\u1ed1p EPE l\u01b0\u1edbi c\u1eaft s\u1eb5n gi\u00fap \u0111\u00f3ng g\u00f3i hi\u1ec7u qu\u1ea3, gi\u1ea3m va \u0111\u1eadp, b\u1ea3o v\u1ec7 h\u00e0ng h\u00f3a d\u1ec5 v\u1ee1 v\u1edbi thi\u1ebft k\u1ebf nh\u1eb9, m\u1ec1m v\u00e0 ti\u1ec7n l\u1ee3i khi s\u1eed d\u1ee5ng.\" \/>\n<meta property=\"og:url\" content=\"https:\/\/epe.vn\/fa\/manufacturer\/tam-xop-epe-dong-goi-dang-luoi\/\" \/>\n<meta property=\"og:site_name\" content=\"Nh\u00e0 s\u1ea3n xu\u1ea5t b\u1ecdt Polyethylene m\u1edf r\u1ed9ng\" \/>\n<meta property=\"og:image\" content=\"https:\/\/epe.vn\/wp-content\/uploads\/2025\/05\/Tam-xop-EPE-dong-goi-dang-luoi.webp\" \/>\n\t<meta property=\"og:image:width\" content=\"800\" \/>\n\t<meta property=\"og:image:height\" content=\"800\" \/>\n\t<meta property=\"og:image:type\" content=\"image\/webp\" \/>\n<meta name=\"twitter:card\" content=\"summary_large_image\" \/>\n<meta name=\"twitter:label1\" content=\"\u0632\u0645\u0627\u0646 \u062a\u0642\u0631\u06cc\u0628\u06cc \u0628\u0631\u0627\u06cc \u062e\u0648\u0627\u0646\u062f\u0646\" \/>\n\t<meta name=\"twitter:data1\" content=\"2 \u062f\u0642\u06cc\u0642\u0647\" \/>\n<script type=\"application\/ld+json\" class=\"yoast-schema-graph\">{\"@context\":\"https:\/\/schema.org\",\"@graph\":[{\"@type\":\"WebPage\",\"@id\":\"https:\/\/epe.vn\/manufacturer\/tam-xop-epe-dong-goi-dang-luoi\/\",\"url\":\"https:\/\/epe.vn\/manufacturer\/tam-xop-epe-dong-goi-dang-luoi\/\",\"name\":\"T\u1ea5m x\u1ed1p EPE \u0111\u00f3ng g\u00f3i d\u1ea1ng l\u01b0\u1edbi | Tu\u1ef3 ch\u1ec9nh theo y\u00eau c\u1ea7u - Nh\u00e0 s\u1ea3n xu\u1ea5t b\u1ecdt Polyethylene m\u1edf r\u1ed9ng\",\"isPartOf\":{\"@id\":\"https:\/\/epe.vn\/#website\"},\"primaryImageOfPage\":{\"@id\":\"https:\/\/epe.vn\/manufacturer\/tam-xop-epe-dong-goi-dang-luoi\/#primaryimage\"},\"image\":{\"@id\":\"https:\/\/epe.vn\/manufacturer\/tam-xop-epe-dong-goi-dang-luoi\/#primaryimage\"},\"thumbnailUrl\":\"https:\/\/epe.vn\/wp-content\/uploads\/2025\/05\/Tam-xop-EPE-dong-goi-dang-luoi.webp\",\"datePublished\":\"2025-05-05T09:36:24+00:00\",\"dateModified\":\"2025-05-05T09:36:24+00:00\",\"description\":\"T\u1ea5m x\u1ed1p EPE l\u01b0\u1edbi c\u1eaft s\u1eb5n gi\u00fap \u0111\u00f3ng g\u00f3i hi\u1ec7u qu\u1ea3, gi\u1ea3m va \u0111\u1eadp, b\u1ea3o v\u1ec7 h\u00e0ng h\u00f3a d\u1ec5 v\u1ee1 v\u1edbi thi\u1ebft k\u1ebf nh\u1eb9, m\u1ec1m v\u00e0 ti\u1ec7n l\u1ee3i khi s\u1eed d\u1ee5ng.\",\"breadcrumb\":{\"@id\":\"https:\/\/epe.vn\/manufacturer\/tam-xop-epe-dong-goi-dang-luoi\/#breadcrumb\"},\"inLanguage\":\"fa-IR\",\"potentialAction\":[{\"@type\":\"ReadAction\",\"target\":[\"https:\/\/epe.vn\/manufacturer\/tam-xop-epe-dong-goi-dang-luoi\/\"]}]},{\"@type\":\"ImageObject\",\"inLanguage\":\"fa-IR\",\"@id\":\"https:\/\/epe.vn\/manufacturer\/tam-xop-epe-dong-goi-dang-luoi\/#primaryimage\",\"url\":\"https:\/\/epe.vn\/wp-content\/uploads\/2025\/05\/Tam-xop-EPE-dong-goi-dang-luoi.webp\",\"contentUrl\":\"https:\/\/epe.vn\/wp-content\/uploads\/2025\/05\/Tam-xop-EPE-dong-goi-dang-luoi.webp\",\"width\":800,\"height\":800,\"caption\":\"Ta\u0302\u0301m xo\u0302\u0301p EPE \u0111o\u0301ng go\u0301i da\u0323ng lu\u031bo\u031b\u0301i\"},{\"@type\":\"BreadcrumbList\",\"@id\":\"https:\/\/epe.vn\/manufacturer\/tam-xop-epe-dong-goi-dang-luoi\/#breadcrumb\",\"itemListElement\":[{\"@type\":\"ListItem\",\"position\":1,\"name\":\"Home\",\"item\":\"https:\/\/epe.vn\/\"},{\"@type\":\"ListItem\",\"position\":2,\"name\":\"Shop\",\"item\":\"https:\/\/epe.vn\/shop\/\"},{\"@type\":\"ListItem\",\"position\":3,\"name\":\"T\u1ea5m x\u1ed1p EPE \u0111\u00f3ng g\u00f3i d\u1ea1ng l\u01b0\u1edbi | Tu\u1ef3 ch\u1ec9nh theo y\u00eau c\u1ea7u\"}]},{\"@type\":\"WebSite\",\"@id\":\"https:\/\/epe.vn\/#website\",\"url\":\"https:\/\/epe.vn\/\",\"name\":\"Nh\u00e0 s\u1ea3n xu\u1ea5t b\u1ecdt Polyethylene m\u1edf r\u1ed9ng\",\"description\":\"Nh\u00e0 cung c\u1ea5p bao b\u00ec v\u1ec9 x\u1ed1p polyethylene m\u1edf r\u1ed9ng v\u00e0 t\u00fai PE\",\"potentialAction\":[{\"@type\":\"SearchAction\",\"target\":{\"@type\":\"EntryPoint\",\"urlTemplate\":\"https:\/\/epe.vn\/?s={search_term_string}\"},\"query-input\":{\"@type\":\"PropertyValueSpecification\",\"valueRequired\":true,\"valueName\":\"search_term_string\"}}],\"inLanguage\":\"fa-IR\"}]}<\/script>\n<!-- \/ Yoast SEO plugin. -->","yoast_head_json":{"title":"T\u1ea5m x\u1ed1p EPE \u0111\u00f3ng g\u00f3i d\u1ea1ng l\u01b0\u1edbi | Tu\u1ef3 ch\u1ec9nh theo y\u00eau c\u1ea7u - Nh\u00e0 s\u1ea3n xu\u1ea5t b\u1ecdt Polyethylene m\u1edf r\u1ed9ng","description":"T\u1ea5m x\u1ed1p EPE l\u01b0\u1edbi c\u1eaft s\u1eb5n gi\u00fap \u0111\u00f3ng g\u00f3i hi\u1ec7u qu\u1ea3, gi\u1ea3m va \u0111\u1eadp, b\u1ea3o v\u1ec7 h\u00e0ng h\u00f3a d\u1ec5 v\u1ee1 v\u1edbi thi\u1ebft k\u1ebf nh\u1eb9, m\u1ec1m v\u00e0 ti\u1ec7n l\u1ee3i khi s\u1eed d\u1ee5ng.","robots":{"index":"index","follow":"follow","max-snippet":"max-snippet:-1","max-image-preview":"max-image-preview:large","max-video-preview":"max-video-preview:-1"},"canonical":"https:\/\/epe.vn\/fa\/manufacturer\/tam-xop-epe-dong-goi-dang-luoi\/","og_locale":"fa_IR","og_type":"article","og_title":"T\u1ea5m x\u1ed1p EPE \u0111\u00f3ng g\u00f3i d\u1ea1ng l\u01b0\u1edbi | Tu\u1ef3 ch\u1ec9nh theo y\u00eau c\u1ea7u - Nh\u00e0 s\u1ea3n xu\u1ea5t b\u1ecdt Polyethylene m\u1edf r\u1ed9ng","og_description":"T\u1ea5m x\u1ed1p EPE l\u01b0\u1edbi c\u1eaft s\u1eb5n gi\u00fap \u0111\u00f3ng g\u00f3i hi\u1ec7u qu\u1ea3, gi\u1ea3m va \u0111\u1eadp, b\u1ea3o v\u1ec7 h\u00e0ng h\u00f3a d\u1ec5 v\u1ee1 v\u1edbi thi\u1ebft k\u1ebf nh\u1eb9, m\u1ec1m v\u00e0 ti\u1ec7n l\u1ee3i khi s\u1eed d\u1ee5ng.","og_url":"https:\/\/epe.vn\/fa\/manufacturer\/tam-xop-epe-dong-goi-dang-luoi\/","og_site_name":"Nh\u00e0 s\u1ea3n xu\u1ea5t b\u1ecdt Polyethylene m\u1edf r\u1ed9ng","og_image":[{"width":800,"height":800,"url":"https:\/\/epe.vn\/wp-content\/uploads\/2025\/05\/Tam-xop-EPE-dong-goi-dang-luoi.webp","type":"image\/webp"}],"twitter_card":"summary_large_image","twitter_misc":{"\u0632\u0645\u0627\u0646 \u062a\u0642\u0631\u06cc\u0628\u06cc \u0628\u0631\u0627\u06cc \u062e\u0648\u0627\u0646\u062f\u0646":"2 \u062f\u0642\u06cc\u0642\u0647"},"schema":{"@context":"https:\/\/schema.org","@graph":[{"@type":"WebPage","@id":"https:\/\/epe.vn\/manufacturer\/tam-xop-epe-dong-goi-dang-luoi\/","url":"https:\/\/epe.vn\/manufacturer\/tam-xop-epe-dong-goi-dang-luoi\/","name":"T\u1ea5m x\u1ed1p EPE \u0111\u00f3ng g\u00f3i d\u1ea1ng l\u01b0\u1edbi | Tu\u1ef3 ch\u1ec9nh theo y\u00eau c\u1ea7u - Nh\u00e0 s\u1ea3n xu\u1ea5t b\u1ecdt Polyethylene m\u1edf r\u1ed9ng","isPartOf":{"@id":"https:\/\/epe.vn\/#website"},"primaryImageOfPage":{"@id":"https:\/\/epe.vn\/manufacturer\/tam-xop-epe-dong-goi-dang-luoi\/#primaryimage"},"image":{"@id":"https:\/\/epe.vn\/manufacturer\/tam-xop-epe-dong-goi-dang-luoi\/#primaryimage"},"thumbnailUrl":"https:\/\/epe.vn\/wp-content\/uploads\/2025\/05\/Tam-xop-EPE-dong-goi-dang-luoi.webp","datePublished":"2025-05-05T09:36:24+00:00","dateModified":"2025-05-05T09:36:24+00:00","description":"T\u1ea5m x\u1ed1p EPE l\u01b0\u1edbi c\u1eaft s\u1eb5n gi\u00fap \u0111\u00f3ng g\u00f3i hi\u1ec7u qu\u1ea3, gi\u1ea3m va \u0111\u1eadp, b\u1ea3o v\u1ec7 h\u00e0ng h\u00f3a d\u1ec5 v\u1ee1 v\u1edbi thi\u1ebft k\u1ebf nh\u1eb9, m\u1ec1m v\u00e0 ti\u1ec7n l\u1ee3i khi s\u1eed d\u1ee5ng.","breadcrumb":{"@id":"https:\/\/epe.vn\/manufacturer\/tam-xop-epe-dong-goi-dang-luoi\/#breadcrumb"},"inLanguage":"fa-IR","potentialAction":[{"@type":"ReadAction","target":["https:\/\/epe.vn\/manufacturer\/tam-xop-epe-dong-goi-dang-luoi\/"]}]},{"@type":"ImageObject","inLanguage":"fa-IR","@id":"https:\/\/epe.vn\/manufacturer\/tam-xop-epe-dong-goi-dang-luoi\/#primaryimage","url":"https:\/\/epe.vn\/wp-content\/uploads\/2025\/05\/Tam-xop-EPE-dong-goi-dang-luoi.webp","contentUrl":"https:\/\/epe.vn\/wp-content\/uploads\/2025\/05\/Tam-xop-EPE-dong-goi-dang-luoi.webp","width":800,"height":800,"caption":"Ta\u0302\u0301m xo\u0302\u0301p EPE \u0111o\u0301ng go\u0301i da\u0323ng lu\u031bo\u031b\u0301i"},{"@type":"BreadcrumbList","@id":"https:\/\/epe.vn\/manufacturer\/tam-xop-epe-dong-goi-dang-luoi\/#breadcrumb","itemListElement":[{"@type":"ListItem","position":1,"name":"Home","item":"https:\/\/epe.vn\/"},{"@type":"ListItem","position":2,"name":"Shop","item":"https:\/\/epe.vn\/shop\/"},{"@type":"ListItem","position":3,"name":"T\u1ea5m x\u1ed1p EPE \u0111\u00f3ng g\u00f3i d\u1ea1ng l\u01b0\u1edbi | Tu\u1ef3 ch\u1ec9nh theo y\u00eau c\u1ea7u"}]},{"@type":"WebSite","@id":"https:\/\/epe.vn\/#website","url":"https:\/\/epe.vn\/","name":"Nh\u00e0 s\u1ea3n xu\u1ea5t b\u1ecdt Polyethylene m\u1edf r\u1ed9ng","description":"Nh\u00e0 cung c\u1ea5p bao b\u00ec v\u1ec9 x\u1ed1p polyethylene m\u1edf r\u1ed9ng v\u00e0 t\u00fai PE","potentialAction":[{"@type":"SearchAction","target":{"@type":"EntryPoint","urlTemplate":"https:\/\/epe.vn\/?s={search_term_string}"},"query-input":{"@type":"PropertyValueSpecification","valueRequired":true,"valueName":"search_term_string"}}],"inLanguage":"fa-IR"}]}},"_links":{"self":[{"href":"https:\/\/epe.vn\/fa\/wp-json\/wp\/v2\/product\/2184","targetHints":{"allow":["GET"]}}],"collection":[{"href":"https:\/\/epe.vn\/fa\/wp-json\/wp\/v2\/product"}],"about":[{"href":"https:\/\/epe.vn\/fa\/wp-json\/wp\/v2\/types\/product"}],"replies":[{"embeddable":true,"href":"https:\/\/epe.vn\/fa\/wp-json\/wp\/v2\/comments?post=2184"}],"wp:featuredmedia":[{"embeddable":true,"href":"https:\/\/epe.vn\/fa\/wp-json\/wp\/v2\/media\/2185"}],"wp:attachment":[{"href":"https:\/\/epe.vn\/fa\/wp-json\/wp\/v2\/media?parent=2184"}],"wp:term":[{"taxonomy":"product_cat","embeddable":true,"href":"https:\/\/epe.vn\/fa\/wp-json\/wp\/v2\/product_cat?post=2184"},{"taxonomy":"product_tag","embeddable":true,"href":"https:\/\/epe.vn\/fa\/wp-json\/wp\/v2\/product_tag?post=2184"}],"curies":[{"name":"wp","href":"https:\/\/api.w.org\/{rel}","templated":true}]}}