{"id":2225,"date":"2025-05-06T09:59:59","date_gmt":"2025-05-06T02:59:59","guid":{"rendered":"https:\/\/epe.vn\/?post_type=product&#038;p=2225"},"modified":"2025-05-06T09:59:59","modified_gmt":"2025-05-06T02:59:59","slug":"xop-epe-lot-hop-dung-vu-khi","status":"publish","type":"product","link":"https:\/\/epe.vn\/fa\/manufacturer\/xop-epe-lot-hop-dung-vu-khi\/","title":{"rendered":"X\u1ed1p EPE l\u00f3t h\u1ed9p \u0111\u1ef1ng v\u0169 kh\u00ed | Ch\u1ed1ng va \u0111\u1eadp ho\u00e0n h\u1ea3o"},"content":{"rendered":"<h2><span style=\"font-weight: 400;\">\u0627\u0637\u0644\u0627\u0639\u0627\u062a \u0645\u062d\u0635\u0648\u0644:<\/span><\/h2>\n<table>\n<tbody>\n<tr>\n<td><b>\u0645\u0639\u06cc\u0627\u0631\u0647\u0627<\/b><\/td>\n<td><b>\u062c\u0632\u0626\u06cc\u0627\u062a<\/b><\/td>\n<\/tr>\n<tr>\n<td><b>\u0646\u0627\u0645 \u0645\u062d\u0635\u0648\u0644<\/b><\/td>\n<td><span style=\"font-weight: 400;\">X\u1ed1p EPE l\u00f3t h\u1ed9p \u0111\u1ef1ng v\u0169 kh\u00ed<\/span><\/td>\n<\/tr>\n<tr>\n<td><b>\u0639\u0644\u0627\u0645\u062a \u062a\u062c\u0627\u0631\u06cc<\/b><\/td>\n<td><span style=\"font-weight: 400;\">\u062f\u0648\u0646\u06af \u0631\u0648\u06cc \u0648\u06cc\u062a\u0646\u0627\u0645<\/span><\/td>\n<\/tr>\n<tr>\n<td><b>\u0645\u0648\u0627\u062f<\/b><\/td>\n<td><span style=\"font-weight: 400;\">Expanded Polyethylene (EPE) Foam<\/span><\/td>\n<\/tr>\n<tr>\n<td><b>\u0637\u0631\u0627\u062d\u06cc<\/b><\/td>\n<td><span style=\"font-weight: 400;\">T\u1ea5m x\u1ed1p \u0111\u1ecbnh h\u00ecnh theo h\u00ecnh d\u00e1ng s\u00fang\/v\u0169 kh\u00ed c\u1ee5 th\u1ec3<\/span><\/td>\n<\/tr>\n<tr>\n<td><b>\u0627\u0646\u062f\u0627\u0632\u0647<\/b><\/td>\n<td><span style=\"font-weight: 400;\">C\u1eaft theo y\u00eau c\u1ea7u h\u1ed9p ch\u1ee9a<\/span><\/td>\n<\/tr>\n<tr>\n<td><b>\u0636\u062e\u0627\u0645\u062a<\/b><\/td>\n<td><span style=\"font-weight: 400;\">10mm \u2013 100mm<\/span><\/td>\n<\/tr>\n<tr>\n<td><b>\u0631\u0646\u06af<\/b><\/td>\n<td><span style=\"font-weight: 400;\">\u0110en, x\u00e1m, xanh \u0111\u1eadm, ho\u1eb7c theo y\u00eau c\u1ea7u<\/span><\/td>\n<\/tr>\n<tr>\n<td><b>\u0645\u0628\u062f\u0627<\/b><\/td>\n<td><span style=\"font-weight: 400;\">\u0686\u06cc\u0646<\/span><\/td>\n<\/tr>\n<tr>\n<td><b>\u0648\u06cc\u0698\u06af\u06cc\u200c\u0647\u0627\u06cc \u0628\u0631\u062c\u0633\u062a\u0647<\/b><\/td>\n<td><span style=\"font-weight: 400;\">\u0110\u1ecbnh h\u00ecnh ch\u1eafc ch\u1eafn, ch\u1ed1ng va \u0111\u1eadp m\u1ea1nh, b\u1ea3o v\u1ec7 t\u1ed1t cho v\u0169 kh\u00ed<\/span><\/td>\n<\/tr>\n<tr>\n<td><b>\u0628\u0631\u0646\u0627\u0645\u0647\u200c\u0647\u0627\u06cc \u0645\u062d\u0628\u0648\u0628<\/b><\/td>\n<td><span style=\"font-weight: 400;\">L\u00f3t h\u1ed9p \u0111\u1ef1ng s\u00fang, dao, v\u0169 kh\u00ed m\u00f4 h\u00ecnh, thi\u1ebft b\u1ecb qu\u00e2n s\u1ef1 ho\u1eb7c b\u1ea3o v\u1ec7 d\u1ee5ng c\u1ee5 nh\u1ea1y c\u1ea3m<\/span><\/td>\n<\/tr>\n<tr>\n<td><b>\u06af\u0648\u0627\u0647\u06cc\u0646\u0627\u0645\u0647 \u06a9\u06cc\u0641\u06cc\u062a<\/b><\/td>\n<td><span style=\"font-weight: 400;\">ISO 9001, RoHS, CE<\/span><\/td>\n<\/tr>\n<tr>\n<td><b>\u0628\u0633\u062a\u0647<\/b><\/td>\n<td><span style=\"font-weight: 400;\">\u0110\u00f3ng g\u00f3i theo b\u1ed9, t\u00fai PE ho\u1eb7c th\u00f9ng carton<\/span><\/td>\n<\/tr>\n<tr>\n<td><b>\u0645\u0632\u0627\u06cc\u0627\u06cc \u0627\u0633\u062a\u0641\u0627\u062f\u0647<\/b><\/td>\n<td><span style=\"font-weight: 400;\">B\u1ea3o v\u1ec7 v\u0169 kh\u00ed an to\u00e0n, gi\u1ea3m s\u1ed1c, t\u0103ng \u0111\u1ed9 chuy\u00ean nghi\u1ec7p v\u00e0 th\u1ea9m m\u1ef9 cho h\u1ed9p \u0111\u1ef1ng<\/span><\/td>\n<\/tr>\n<\/tbody>\n<\/table>\n<h2><span style=\"font-weight: 400;\">Ch\u1ee9c n\u0103ng c\u1ee7a X\u1ed1p EPE l\u00f3t h\u1ed9p \u0111\u1ef1ng v\u0169 kh\u00ed:<\/span><\/h2>\n<ul>\n<li style=\"font-weight: 400;\" aria-level=\"1\"><span style=\"font-weight: 400;\">C\u1ed1 \u0111\u1ecbnh v\u00e0 b\u1ea3o v\u1ec7 v\u0169 kh\u00ed kh\u1ecfi va ch\u1ea1m, tr\u1ea7y x\u01b0\u1edbc trong qu\u00e1 tr\u00ecnh di chuy\u1ec3n v\u00e0 b\u1ea3o qu\u1ea3n.<\/span><\/li>\n<li style=\"font-weight: 400;\" aria-level=\"1\"><span style=\"font-weight: 400;\">T\u0103ng t\u00ednh chuy\u00ean nghi\u1ec7p v\u00e0 \u0111\u1ed9 an to\u00e0n cho h\u1ed9p \u0111\u1ef1ng v\u0169 kh\u00ed.<\/span><\/li>\n<\/ul>\n<h2><span style=\"font-weight: 400;\">\u0645\u0632\u06cc\u062a:<\/span><\/h2>\n<ul>\n<li style=\"font-weight: 400;\" aria-level=\"1\"><span style=\"font-weight: 400;\">\u00cam, nh\u1eb9, kh\u00f4ng th\u1ea5m n\u01b0\u1edbc, ch\u1ed1ng va \u0111\u1eadp t\u1ed1t.<\/span><\/li>\n<li style=\"font-weight: 400;\" aria-level=\"1\"><span style=\"font-weight: 400;\">C\u00f3 th\u1ec3 gia c\u00f4ng theo h\u00ecnh d\u00e1ng t\u1eebng lo\u1ea1i v\u0169 kh\u00ed.<\/span><\/li>\n<li style=\"font-weight: 400;\" aria-level=\"1\"><span style=\"font-weight: 400;\">D\u1ec5 v\u1ec7 sinh, b\u1ec1n l\u00e2u v\u00e0 th\u00e2n thi\u1ec7n v\u1edbi m\u00f4i tr\u01b0\u1eddng.<\/span><\/li>\n<\/ul>","protected":false},"excerpt":{"rendered":"<p class=\"\" data-start=\"2292\" data-end=\"2577\"><strong data-start=\"2292\" data-end=\"2323\">X\u1ed1p EPE l\u00f3t h\u1ed9p \u0111\u1ef1ng v\u0169 kh\u00ed<\/strong> l\u00e0 gi\u1ea3i ph\u00e1p b\u1ea3o v\u1ec7 chuy\u00ean d\u1ee5ng gi\u00fap c\u1ed1 \u0111\u1ecbnh v\u00e0 gi\u1ea3m ch\u1ea5n hi\u1ec7u qu\u1ea3 cho s\u00fang, dao ho\u1eb7c thi\u1ebft b\u1ecb qu\u00e2n s\u1ef1. V\u1edbi kh\u1ea3 n\u0103ng \u0111\u1ecbnh h\u00ecnh cao, \u0111\u1ed9 \u0111\u00e0n h\u1ed3i t\u1ed1t v\u00e0 thi\u1ebft k\u1ebf t\u00f9y ch\u1ec9nh, s\u1ea3n ph\u1ea9m n\u00e0y kh\u00f4ng ch\u1ec9 b\u1ea3o v\u1ec7 t\u1ed1i \u01b0u m\u00e0 c\u00f2n mang l\u1ea1i s\u1ef1 chuy\u00ean nghi\u1ec7p cho h\u1ed9p \u0111\u1ef1ng.<\/p>","protected":false},"featured_media":2226,"comment_status":"open","ping_status":"closed","template":"","meta":[],"product_cat":[15],"product_tag":[50,48,47,60,52],"class_list":{"0":"post-2225","1":"product","2":"type-product","3":"status-publish","4":"has-post-thumbnail","6":"product_cat-bot-pe-tuy-chinh","7":"product_tag-cuon-xop-epe-foam","8":"product_tag-epe-foam","9":"product_tag-mut-xop-epe","10":"product_tag-tuy-chinh-xop-epe","11":"product_tag-xop-epe","13":"first","14":"instock","15":"shipping-taxable","16":"product-type-simple"},"yoast_head":"<!-- This site is optimized with the Yoast SEO plugin v23.4 - https:\/\/yoast.com\/wordpress\/plugins\/seo\/ -->\n<title>X\u1ed1p EPE l\u00f3t h\u1ed9p \u0111\u1ef1ng v\u0169 kh\u00ed | Ch\u1ed1ng va \u0111\u1eadp ho\u00e0n h\u1ea3o - Nh\u00e0 s\u1ea3n xu\u1ea5t b\u1ecdt Polyethylene m\u1edf r\u1ed9ng<\/title>\n<meta name=\"description\" content=\"X\u1ed1p EPE l\u00f3t h\u1ed9p v\u0169 kh\u00ed gi\u00fap \u0111\u1ecbnh h\u00ecnh, ch\u1ed1ng s\u1ed1c, b\u1ea3o v\u1ec7 t\u1ed1i \u0111a cho thi\u1ebft b\u1ecb nh\u1ea1y c\u1ea3m. Gia c\u00f4ng theo y\u00eau c\u1ea7u, b\u1ec1n nh\u1eb9 v\u00e0 chuy\u00ean nghi\u1ec7p.\" \/>\n<meta name=\"robots\" content=\"index, follow, max-snippet:-1, max-image-preview:large, max-video-preview:-1\" \/>\n<link rel=\"canonical\" href=\"https:\/\/epe.vn\/fa\/manufacturer\/xop-epe-lot-hop-dung-vu-khi\/\" \/>\n<meta property=\"og:locale\" content=\"fa_IR\" \/>\n<meta property=\"og:type\" content=\"article\" \/>\n<meta property=\"og:title\" content=\"X\u1ed1p EPE l\u00f3t h\u1ed9p \u0111\u1ef1ng v\u0169 kh\u00ed | Ch\u1ed1ng va \u0111\u1eadp ho\u00e0n h\u1ea3o - Nh\u00e0 s\u1ea3n xu\u1ea5t b\u1ecdt Polyethylene m\u1edf r\u1ed9ng\" \/>\n<meta property=\"og:description\" content=\"X\u1ed1p EPE l\u00f3t h\u1ed9p v\u0169 kh\u00ed gi\u00fap \u0111\u1ecbnh h\u00ecnh, ch\u1ed1ng s\u1ed1c, b\u1ea3o v\u1ec7 t\u1ed1i \u0111a cho thi\u1ebft b\u1ecb nh\u1ea1y c\u1ea3m. Gia c\u00f4ng theo y\u00eau c\u1ea7u, b\u1ec1n nh\u1eb9 v\u00e0 chuy\u00ean nghi\u1ec7p.\" \/>\n<meta property=\"og:url\" content=\"https:\/\/epe.vn\/fa\/manufacturer\/xop-epe-lot-hop-dung-vu-khi\/\" \/>\n<meta property=\"og:site_name\" content=\"Nh\u00e0 s\u1ea3n xu\u1ea5t b\u1ecdt Polyethylene m\u1edf r\u1ed9ng\" \/>\n<meta property=\"og:image\" content=\"https:\/\/epe.vn\/wp-content\/uploads\/2025\/05\/Xop-EPE-lot-hop-dung-vu-khi.webp\" \/>\n\t<meta property=\"og:image:width\" content=\"800\" \/>\n\t<meta property=\"og:image:height\" content=\"800\" \/>\n\t<meta property=\"og:image:type\" content=\"image\/webp\" \/>\n<meta name=\"twitter:card\" content=\"summary_large_image\" \/>\n<meta name=\"twitter:label1\" content=\"\u0632\u0645\u0627\u0646 \u062a\u0642\u0631\u06cc\u0628\u06cc \u0628\u0631\u0627\u06cc \u062e\u0648\u0627\u0646\u062f\u0646\" \/>\n\t<meta name=\"twitter:data1\" content=\"2 \u062f\u0642\u06cc\u0642\u0647\" \/>\n<script type=\"application\/ld+json\" class=\"yoast-schema-graph\">{\"@context\":\"https:\/\/schema.org\",\"@graph\":[{\"@type\":\"WebPage\",\"@id\":\"https:\/\/epe.vn\/manufacturer\/xop-epe-lot-hop-dung-vu-khi\/\",\"url\":\"https:\/\/epe.vn\/manufacturer\/xop-epe-lot-hop-dung-vu-khi\/\",\"name\":\"X\u1ed1p EPE l\u00f3t h\u1ed9p \u0111\u1ef1ng v\u0169 kh\u00ed | Ch\u1ed1ng va \u0111\u1eadp ho\u00e0n h\u1ea3o - Nh\u00e0 s\u1ea3n xu\u1ea5t b\u1ecdt Polyethylene m\u1edf r\u1ed9ng\",\"isPartOf\":{\"@id\":\"https:\/\/epe.vn\/#website\"},\"primaryImageOfPage\":{\"@id\":\"https:\/\/epe.vn\/manufacturer\/xop-epe-lot-hop-dung-vu-khi\/#primaryimage\"},\"image\":{\"@id\":\"https:\/\/epe.vn\/manufacturer\/xop-epe-lot-hop-dung-vu-khi\/#primaryimage\"},\"thumbnailUrl\":\"https:\/\/epe.vn\/wp-content\/uploads\/2025\/05\/Xop-EPE-lot-hop-dung-vu-khi.webp\",\"datePublished\":\"2025-05-06T02:59:59+00:00\",\"dateModified\":\"2025-05-06T02:59:59+00:00\",\"description\":\"X\u1ed1p EPE l\u00f3t h\u1ed9p v\u0169 kh\u00ed gi\u00fap \u0111\u1ecbnh h\u00ecnh, ch\u1ed1ng s\u1ed1c, b\u1ea3o v\u1ec7 t\u1ed1i \u0111a cho thi\u1ebft b\u1ecb nh\u1ea1y c\u1ea3m. Gia c\u00f4ng theo y\u00eau c\u1ea7u, b\u1ec1n nh\u1eb9 v\u00e0 chuy\u00ean nghi\u1ec7p.\",\"breadcrumb\":{\"@id\":\"https:\/\/epe.vn\/manufacturer\/xop-epe-lot-hop-dung-vu-khi\/#breadcrumb\"},\"inLanguage\":\"fa-IR\",\"potentialAction\":[{\"@type\":\"ReadAction\",\"target\":[\"https:\/\/epe.vn\/manufacturer\/xop-epe-lot-hop-dung-vu-khi\/\"]}]},{\"@type\":\"ImageObject\",\"inLanguage\":\"fa-IR\",\"@id\":\"https:\/\/epe.vn\/manufacturer\/xop-epe-lot-hop-dung-vu-khi\/#primaryimage\",\"url\":\"https:\/\/epe.vn\/wp-content\/uploads\/2025\/05\/Xop-EPE-lot-hop-dung-vu-khi.webp\",\"contentUrl\":\"https:\/\/epe.vn\/wp-content\/uploads\/2025\/05\/Xop-EPE-lot-hop-dung-vu-khi.webp\",\"width\":800,\"height\":800,\"caption\":\"Xo\u0302\u0301p EPE lo\u0301t ho\u0323\u0302p \u0111u\u031b\u0323ng vu\u0303 khi\u0301\"},{\"@type\":\"BreadcrumbList\",\"@id\":\"https:\/\/epe.vn\/manufacturer\/xop-epe-lot-hop-dung-vu-khi\/#breadcrumb\",\"itemListElement\":[{\"@type\":\"ListItem\",\"position\":1,\"name\":\"Home\",\"item\":\"https:\/\/epe.vn\/\"},{\"@type\":\"ListItem\",\"position\":2,\"name\":\"Shop\",\"item\":\"https:\/\/epe.vn\/shop\/\"},{\"@type\":\"ListItem\",\"position\":3,\"name\":\"X\u1ed1p EPE l\u00f3t h\u1ed9p \u0111\u1ef1ng v\u0169 kh\u00ed | Ch\u1ed1ng va \u0111\u1eadp ho\u00e0n h\u1ea3o\"}]},{\"@type\":\"WebSite\",\"@id\":\"https:\/\/epe.vn\/#website\",\"url\":\"https:\/\/epe.vn\/\",\"name\":\"Nh\u00e0 s\u1ea3n xu\u1ea5t b\u1ecdt Polyethylene m\u1edf r\u1ed9ng\",\"description\":\"Nh\u00e0 cung c\u1ea5p bao b\u00ec v\u1ec9 x\u1ed1p polyethylene m\u1edf r\u1ed9ng v\u00e0 t\u00fai PE\",\"potentialAction\":[{\"@type\":\"SearchAction\",\"target\":{\"@type\":\"EntryPoint\",\"urlTemplate\":\"https:\/\/epe.vn\/?s={search_term_string}\"},\"query-input\":{\"@type\":\"PropertyValueSpecification\",\"valueRequired\":true,\"valueName\":\"search_term_string\"}}],\"inLanguage\":\"fa-IR\"}]}<\/script>\n<!-- \/ Yoast SEO plugin. -->","yoast_head_json":{"title":"X\u1ed1p EPE l\u00f3t h\u1ed9p \u0111\u1ef1ng v\u0169 kh\u00ed | Ch\u1ed1ng va \u0111\u1eadp ho\u00e0n h\u1ea3o - Nh\u00e0 s\u1ea3n xu\u1ea5t b\u1ecdt Polyethylene m\u1edf r\u1ed9ng","description":"X\u1ed1p EPE l\u00f3t h\u1ed9p v\u0169 kh\u00ed gi\u00fap \u0111\u1ecbnh h\u00ecnh, ch\u1ed1ng s\u1ed1c, b\u1ea3o v\u1ec7 t\u1ed1i \u0111a cho thi\u1ebft b\u1ecb nh\u1ea1y c\u1ea3m. Gia c\u00f4ng theo y\u00eau c\u1ea7u, b\u1ec1n nh\u1eb9 v\u00e0 chuy\u00ean nghi\u1ec7p.","robots":{"index":"index","follow":"follow","max-snippet":"max-snippet:-1","max-image-preview":"max-image-preview:large","max-video-preview":"max-video-preview:-1"},"canonical":"https:\/\/epe.vn\/fa\/manufacturer\/xop-epe-lot-hop-dung-vu-khi\/","og_locale":"fa_IR","og_type":"article","og_title":"X\u1ed1p EPE l\u00f3t h\u1ed9p \u0111\u1ef1ng v\u0169 kh\u00ed | Ch\u1ed1ng va \u0111\u1eadp ho\u00e0n h\u1ea3o - Nh\u00e0 s\u1ea3n xu\u1ea5t b\u1ecdt Polyethylene m\u1edf r\u1ed9ng","og_description":"X\u1ed1p EPE l\u00f3t h\u1ed9p v\u0169 kh\u00ed gi\u00fap \u0111\u1ecbnh h\u00ecnh, ch\u1ed1ng s\u1ed1c, b\u1ea3o v\u1ec7 t\u1ed1i \u0111a cho thi\u1ebft b\u1ecb nh\u1ea1y c\u1ea3m. Gia c\u00f4ng theo y\u00eau c\u1ea7u, b\u1ec1n nh\u1eb9 v\u00e0 chuy\u00ean nghi\u1ec7p.","og_url":"https:\/\/epe.vn\/fa\/manufacturer\/xop-epe-lot-hop-dung-vu-khi\/","og_site_name":"Nh\u00e0 s\u1ea3n xu\u1ea5t b\u1ecdt Polyethylene m\u1edf r\u1ed9ng","og_image":[{"width":800,"height":800,"url":"https:\/\/epe.vn\/wp-content\/uploads\/2025\/05\/Xop-EPE-lot-hop-dung-vu-khi.webp","type":"image\/webp"}],"twitter_card":"summary_large_image","twitter_misc":{"\u0632\u0645\u0627\u0646 \u062a\u0642\u0631\u06cc\u0628\u06cc \u0628\u0631\u0627\u06cc \u062e\u0648\u0627\u0646\u062f\u0646":"2 \u062f\u0642\u06cc\u0642\u0647"},"schema":{"@context":"https:\/\/schema.org","@graph":[{"@type":"WebPage","@id":"https:\/\/epe.vn\/manufacturer\/xop-epe-lot-hop-dung-vu-khi\/","url":"https:\/\/epe.vn\/manufacturer\/xop-epe-lot-hop-dung-vu-khi\/","name":"X\u1ed1p EPE l\u00f3t h\u1ed9p \u0111\u1ef1ng v\u0169 kh\u00ed | Ch\u1ed1ng va \u0111\u1eadp ho\u00e0n h\u1ea3o - Nh\u00e0 s\u1ea3n xu\u1ea5t b\u1ecdt Polyethylene m\u1edf r\u1ed9ng","isPartOf":{"@id":"https:\/\/epe.vn\/#website"},"primaryImageOfPage":{"@id":"https:\/\/epe.vn\/manufacturer\/xop-epe-lot-hop-dung-vu-khi\/#primaryimage"},"image":{"@id":"https:\/\/epe.vn\/manufacturer\/xop-epe-lot-hop-dung-vu-khi\/#primaryimage"},"thumbnailUrl":"https:\/\/epe.vn\/wp-content\/uploads\/2025\/05\/Xop-EPE-lot-hop-dung-vu-khi.webp","datePublished":"2025-05-06T02:59:59+00:00","dateModified":"2025-05-06T02:59:59+00:00","description":"X\u1ed1p EPE l\u00f3t h\u1ed9p v\u0169 kh\u00ed gi\u00fap \u0111\u1ecbnh h\u00ecnh, ch\u1ed1ng s\u1ed1c, b\u1ea3o v\u1ec7 t\u1ed1i \u0111a cho thi\u1ebft b\u1ecb nh\u1ea1y c\u1ea3m. Gia c\u00f4ng theo y\u00eau c\u1ea7u, b\u1ec1n nh\u1eb9 v\u00e0 chuy\u00ean nghi\u1ec7p.","breadcrumb":{"@id":"https:\/\/epe.vn\/manufacturer\/xop-epe-lot-hop-dung-vu-khi\/#breadcrumb"},"inLanguage":"fa-IR","potentialAction":[{"@type":"ReadAction","target":["https:\/\/epe.vn\/manufacturer\/xop-epe-lot-hop-dung-vu-khi\/"]}]},{"@type":"ImageObject","inLanguage":"fa-IR","@id":"https:\/\/epe.vn\/manufacturer\/xop-epe-lot-hop-dung-vu-khi\/#primaryimage","url":"https:\/\/epe.vn\/wp-content\/uploads\/2025\/05\/Xop-EPE-lot-hop-dung-vu-khi.webp","contentUrl":"https:\/\/epe.vn\/wp-content\/uploads\/2025\/05\/Xop-EPE-lot-hop-dung-vu-khi.webp","width":800,"height":800,"caption":"Xo\u0302\u0301p EPE lo\u0301t ho\u0323\u0302p \u0111u\u031b\u0323ng vu\u0303 khi\u0301"},{"@type":"BreadcrumbList","@id":"https:\/\/epe.vn\/manufacturer\/xop-epe-lot-hop-dung-vu-khi\/#breadcrumb","itemListElement":[{"@type":"ListItem","position":1,"name":"Home","item":"https:\/\/epe.vn\/"},{"@type":"ListItem","position":2,"name":"Shop","item":"https:\/\/epe.vn\/shop\/"},{"@type":"ListItem","position":3,"name":"X\u1ed1p EPE l\u00f3t h\u1ed9p \u0111\u1ef1ng v\u0169 kh\u00ed | Ch\u1ed1ng va \u0111\u1eadp ho\u00e0n h\u1ea3o"}]},{"@type":"WebSite","@id":"https:\/\/epe.vn\/#website","url":"https:\/\/epe.vn\/","name":"Nh\u00e0 s\u1ea3n xu\u1ea5t b\u1ecdt Polyethylene m\u1edf r\u1ed9ng","description":"Nh\u00e0 cung c\u1ea5p bao b\u00ec v\u1ec9 x\u1ed1p polyethylene m\u1edf r\u1ed9ng v\u00e0 t\u00fai PE","potentialAction":[{"@type":"SearchAction","target":{"@type":"EntryPoint","urlTemplate":"https:\/\/epe.vn\/?s={search_term_string}"},"query-input":{"@type":"PropertyValueSpecification","valueRequired":true,"valueName":"search_term_string"}}],"inLanguage":"fa-IR"}]}},"_links":{"self":[{"href":"https:\/\/epe.vn\/fa\/wp-json\/wp\/v2\/product\/2225","targetHints":{"allow":["GET"]}}],"collection":[{"href":"https:\/\/epe.vn\/fa\/wp-json\/wp\/v2\/product"}],"about":[{"href":"https:\/\/epe.vn\/fa\/wp-json\/wp\/v2\/types\/product"}],"replies":[{"embeddable":true,"href":"https:\/\/epe.vn\/fa\/wp-json\/wp\/v2\/comments?post=2225"}],"wp:featuredmedia":[{"embeddable":true,"href":"https:\/\/epe.vn\/fa\/wp-json\/wp\/v2\/media\/2226"}],"wp:attachment":[{"href":"https:\/\/epe.vn\/fa\/wp-json\/wp\/v2\/media?parent=2225"}],"wp:term":[{"taxonomy":"product_cat","embeddable":true,"href":"https:\/\/epe.vn\/fa\/wp-json\/wp\/v2\/product_cat?post=2225"},{"taxonomy":"product_tag","embeddable":true,"href":"https:\/\/epe.vn\/fa\/wp-json\/wp\/v2\/product_tag?post=2225"}],"curies":[{"name":"wp","href":"https:\/\/api.w.org\/{rel}","templated":true}]}}