{"id":1402,"date":"2023-06-08T08:15:42","date_gmt":"2023-06-08T08:15:42","guid":{"rendered":"https:\/\/epe.vn\/?post_type=product&#038;p=1402"},"modified":"2025-02-11T16:21:02","modified_gmt":"2025-02-11T09:21:02","slug":"mut-xop-pe-foam","status":"publish","type":"product","link":"https:\/\/epe.vn\/fi\/manufacturer\/mut-xop-pe-foam\/","title":{"rendered":"Pe Foam | Mukautettu Pe-vaahtovalmistaja"},"content":{"rendered":"<h2>Tuotteen kuvaus<\/h2>\n<table style=\"border-collapse: collapse; width: 499.52pt;\" border=\"0\" width=\"666\" cellspacing=\"0\" cellpadding=\"0\">\n<tbody>\n<tr style=\"height: 15.00pt;\">\n<td class=\"et3\" style=\"height: 15.00pt; width: 174.75pt;\" width=\"233\" height=\"20\"><strong>Tuotteen nimi<\/strong><\/td>\n<td class=\"et3\" style=\"width: 324.75pt;\" width=\"433\">PE-vaahto<\/td>\n<\/tr>\n<tr style=\"height: 15.00pt;\">\n<td class=\"et3\" style=\"height: 15.00pt;\" height=\"20\"><strong>V\u00e4ri<\/strong><\/td>\n<td class=\"et3\">Valkoinen, musta, pinkki jne.<\/td>\n<\/tr>\n<tr style=\"height: 15.00pt;\">\n<td class=\"et3\" style=\"height: 15.00pt;\" height=\"20\"><strong>Materiaali<\/strong><\/td>\n<td class=\"et3\">EPE vaahto<\/td>\n<\/tr>\n<tr style=\"height: 15.00pt;\">\n<td class=\"et3\" style=\"height: 15.00pt;\" height=\"20\"><strong>Ominaisuudet<\/strong><\/td>\n<td class=\"et3\">Pehme\u00e4, uudelleenk\u00e4ytett\u00e4v\u00e4, vedenpit\u00e4v\u00e4, UV-kest\u00e4v\u00e4 jne.<\/td>\n<\/tr>\n<tr style=\"height: 15.00pt;\">\n<td class=\"et3\" style=\"height: 15.00pt;\" height=\"20\"><strong>Koko<\/strong><\/td>\n<td class=\"et3\">Mik\u00e4 tahansa koko, r\u00e4\u00e4t\u00e4l\u00f6ity<\/td>\n<\/tr>\n<tr style=\"height: 15.00pt;\">\n<td class=\"et3\" style=\"height: 15.00pt;\" height=\"20\"><strong>MOQ<\/strong><\/td>\n<td class=\"et3\">1 kuutiometri<\/td>\n<\/tr>\n<tr style=\"height: 15.00pt;\">\n<td class=\"et3\" style=\"height: 15.00pt;\" height=\"20\"><strong>Tulosta logo<\/strong><\/td>\n<td class=\"et3\">Saatavilla<\/td>\n<\/tr>\n<tr style=\"height: 15.00pt;\">\n<td class=\"et3\" style=\"height: 15.00pt;\" height=\"20\"><strong>K\u00e4ytt\u00e4\u00e4<\/strong><\/td>\n<td class=\"et3\">Tehdas jne.<\/td>\n<\/tr>\n<tr style=\"height: 15.00pt;\">\n<td class=\"et3\" style=\"height: 15.00pt;\" height=\"20\"><strong>Maksaa<\/strong><\/td>\n<td class=\"et3\">TT, LC jne.<\/td>\n<\/tr>\n<tr style=\"height: 15.00pt;\">\n<td class=\"et3\" style=\"height: 15.00pt;\" height=\"20\"><strong>Todistus<\/strong><\/td>\n<td class=\"et3\">CE, ISO<\/td>\n<\/tr>\n<tr style=\"height: 15.00pt;\">\n<td class=\"et3\" style=\"height: 15.00pt;\" height=\"20\"><strong>N\u00e4yte<\/strong><\/td>\n<td class=\"et3\">Ilmainen n\u00e4yte<\/td>\n<\/tr>\n<tr style=\"height: 15.00pt;\">\n<td class=\"et3\" style=\"height: 15.00pt;\" height=\"20\"><strong>OEM\/ODM<\/strong><\/td>\n<td class=\"et3\">Saatavilla<\/td>\n<\/tr>\n<tr style=\"height: 15.00pt;\">\n<td class=\"et3\" style=\"height: 15.00pt;\" height=\"20\"><strong>Huom<\/strong><\/td>\n<td class=\"et3\">EPE-vaahtopakkaus<\/td>\n<\/tr>\n<\/tbody>\n<\/table>","protected":false},"excerpt":{"rendered":"<p>Ammattimainen EPE-vaahtoreunasuoja U-muotoinen PE-vaahtoreunasuoja OEM\/ODM-valmistuspalvelu:<\/p>\n<ul>\n<li>Design<\/li>\n<li>N\u00e4yte<\/li>\n<li>Valmistus<\/li>\n<li>Kuljetus<\/li>\n<\/ul>\n<p>T\u00e4ysin muokattavissa:<\/p>\n<ol>\n<li>Materiaali<\/li>\n<li>V\u00e4ri<\/li>\n<li>Koko<\/li>\n<li>Paino<\/li>\n<li>Painettu logo<\/li>\n<li>Pakkaus<\/li>\n<\/ol>","protected":false},"featured_media":1729,"comment_status":"open","ping_status":"closed","template":"","meta":[],"product_cat":[15],"product_tag":[],"class_list":{"0":"post-1402","1":"product","2":"type-product","3":"status-publish","4":"has-post-thumbnail","6":"product_cat-bot-pe-tuy-chinh","8":"first","9":"instock","10":"shipping-taxable","11":"product-type-simple"},"yoast_head":"<!-- This site is optimized with the Yoast SEO plugin v23.4 - https:\/\/yoast.com\/wordpress\/plugins\/seo\/ -->\n<title>M\u00fat X\u1ed1p Pe Foam | Nh\u00e0 S\u1ea3n Xu\u1ea5t M\u00fat X\u1ed1p Pe Foam T\u00f9y Ch\u1ec9nh - Nh\u00e0 s\u1ea3n xu\u1ea5t b\u1ecdt Polyethylene m\u1edf r\u1ed9ng<\/title>\n<meta name=\"description\" content=\"M\u00fat x\u1ed1p Pe Foam b\u1ec1n \u0111\u1eb9p, t\u00f9y ch\u1ec9nh theo y\u00eau c\u1ea7u - \u0110\u00f3 l\u00e0 nh\u1eefng g\u00ec ch\u00fang t\u00f4i mang \u0111\u1ebfn. Nh\u00e0 s\u1ea3n xu\u1ea5t uy t\u00edn, gi\u00e1 t\u1ed1t. Li\u00ean h\u1ec7 \u0111\u1ec3 \u0111\u01b0\u1ee3c b\u00e1o gi\u00e1 v\u00e0 t\u01b0 v\u1ea5n chi ti\u1ebft!\" \/>\n<meta name=\"robots\" content=\"index, follow, max-snippet:-1, max-image-preview:large, max-video-preview:-1\" \/>\n<link rel=\"canonical\" href=\"https:\/\/epe.vn\/fi\/manufacturer\/mut-xop-pe-foam\/\" \/>\n<meta property=\"og:locale\" content=\"fi_FI\" \/>\n<meta property=\"og:type\" content=\"article\" \/>\n<meta property=\"og:title\" content=\"M\u00fat X\u1ed1p Pe Foam | Nh\u00e0 S\u1ea3n Xu\u1ea5t M\u00fat X\u1ed1p Pe Foam T\u00f9y Ch\u1ec9nh - Nh\u00e0 s\u1ea3n xu\u1ea5t b\u1ecdt Polyethylene m\u1edf r\u1ed9ng\" \/>\n<meta property=\"og:description\" content=\"M\u00fat x\u1ed1p Pe Foam b\u1ec1n \u0111\u1eb9p, t\u00f9y ch\u1ec9nh theo y\u00eau c\u1ea7u - \u0110\u00f3 l\u00e0 nh\u1eefng g\u00ec ch\u00fang t\u00f4i mang \u0111\u1ebfn. Nh\u00e0 s\u1ea3n xu\u1ea5t uy t\u00edn, gi\u00e1 t\u1ed1t. Li\u00ean h\u1ec7 \u0111\u1ec3 \u0111\u01b0\u1ee3c b\u00e1o gi\u00e1 v\u00e0 t\u01b0 v\u1ea5n chi ti\u1ebft!\" \/>\n<meta property=\"og:url\" content=\"https:\/\/epe.vn\/fi\/manufacturer\/mut-xop-pe-foam\/\" \/>\n<meta property=\"og:site_name\" content=\"Nh\u00e0 s\u1ea3n xu\u1ea5t b\u1ecdt Polyethylene m\u1edf r\u1ed9ng\" \/>\n<meta property=\"article:modified_time\" content=\"2025-02-11T09:21:02+00:00\" \/>\n<meta property=\"og:image\" content=\"https:\/\/epe.vn\/wp-content\/uploads\/2023\/06\/Ho-so-bot-EPE-tuy-chinh.webp\" \/>\n\t<meta property=\"og:image:width\" content=\"1000\" \/>\n\t<meta property=\"og:image:height\" content=\"1000\" \/>\n\t<meta property=\"og:image:type\" content=\"image\/webp\" \/>\n<meta name=\"twitter:card\" content=\"summary_large_image\" \/>\n<meta name=\"twitter:label1\" content=\"Arvioitu lukuaika\" \/>\n\t<meta name=\"twitter:data1\" content=\"1 minuutti\" \/>\n<script type=\"application\/ld+json\" class=\"yoast-schema-graph\">{\"@context\":\"https:\/\/schema.org\",\"@graph\":[{\"@type\":\"WebPage\",\"@id\":\"https:\/\/epe.vn\/manufacturer\/mut-xop-pe-foam\/\",\"url\":\"https:\/\/epe.vn\/manufacturer\/mut-xop-pe-foam\/\",\"name\":\"M\u00fat X\u1ed1p Pe Foam | Nh\u00e0 S\u1ea3n Xu\u1ea5t M\u00fat X\u1ed1p Pe Foam T\u00f9y Ch\u1ec9nh - Nh\u00e0 s\u1ea3n xu\u1ea5t b\u1ecdt Polyethylene m\u1edf r\u1ed9ng\",\"isPartOf\":{\"@id\":\"https:\/\/epe.vn\/#website\"},\"primaryImageOfPage\":{\"@id\":\"https:\/\/epe.vn\/manufacturer\/mut-xop-pe-foam\/#primaryimage\"},\"image\":{\"@id\":\"https:\/\/epe.vn\/manufacturer\/mut-xop-pe-foam\/#primaryimage\"},\"thumbnailUrl\":\"https:\/\/epe.vn\/wp-content\/uploads\/2023\/06\/Ho-so-bot-EPE-tuy-chinh.webp\",\"datePublished\":\"2023-06-08T08:15:42+00:00\",\"dateModified\":\"2025-02-11T09:21:02+00:00\",\"description\":\"M\u00fat x\u1ed1p Pe Foam b\u1ec1n \u0111\u1eb9p, t\u00f9y ch\u1ec9nh theo y\u00eau c\u1ea7u - \u0110\u00f3 l\u00e0 nh\u1eefng g\u00ec ch\u00fang t\u00f4i mang \u0111\u1ebfn. Nh\u00e0 s\u1ea3n xu\u1ea5t uy t\u00edn, gi\u00e1 t\u1ed1t. Li\u00ean h\u1ec7 \u0111\u1ec3 \u0111\u01b0\u1ee3c b\u00e1o gi\u00e1 v\u00e0 t\u01b0 v\u1ea5n chi ti\u1ebft!\",\"breadcrumb\":{\"@id\":\"https:\/\/epe.vn\/manufacturer\/mut-xop-pe-foam\/#breadcrumb\"},\"inLanguage\":\"fi\",\"potentialAction\":[{\"@type\":\"ReadAction\",\"target\":[\"https:\/\/epe.vn\/manufacturer\/mut-xop-pe-foam\/\"]}]},{\"@type\":\"ImageObject\",\"inLanguage\":\"fi\",\"@id\":\"https:\/\/epe.vn\/manufacturer\/mut-xop-pe-foam\/#primaryimage\",\"url\":\"https:\/\/epe.vn\/wp-content\/uploads\/2023\/06\/Ho-so-bot-EPE-tuy-chinh.webp\",\"contentUrl\":\"https:\/\/epe.vn\/wp-content\/uploads\/2023\/06\/Ho-so-bot-EPE-tuy-chinh.webp\",\"width\":1000,\"height\":1000,\"caption\":\"H\u1ed3 s\u01a1 b\u1ecdt EPE t\u00f9y ch\u1ec9nh\"},{\"@type\":\"BreadcrumbList\",\"@id\":\"https:\/\/epe.vn\/manufacturer\/mut-xop-pe-foam\/#breadcrumb\",\"itemListElement\":[{\"@type\":\"ListItem\",\"position\":1,\"name\":\"Home\",\"item\":\"https:\/\/epe.vn\/\"},{\"@type\":\"ListItem\",\"position\":2,\"name\":\"Shop\",\"item\":\"https:\/\/epe.vn\/shop\/\"},{\"@type\":\"ListItem\",\"position\":3,\"name\":\"M\u00fat X\u1ed1p Pe Foam | Nh\u00e0 S\u1ea3n Xu\u1ea5t M\u00fat X\u1ed1p Pe Foam T\u00f9y Ch\u1ec9nh\"}]},{\"@type\":\"WebSite\",\"@id\":\"https:\/\/epe.vn\/#website\",\"url\":\"https:\/\/epe.vn\/\",\"name\":\"Nh\u00e0 s\u1ea3n xu\u1ea5t b\u1ecdt Polyethylene m\u1edf r\u1ed9ng\",\"description\":\"Nh\u00e0 cung c\u1ea5p bao b\u00ec v\u1ec9 x\u1ed1p polyethylene m\u1edf r\u1ed9ng v\u00e0 t\u00fai PE\",\"potentialAction\":[{\"@type\":\"SearchAction\",\"target\":{\"@type\":\"EntryPoint\",\"urlTemplate\":\"https:\/\/epe.vn\/?s={search_term_string}\"},\"query-input\":{\"@type\":\"PropertyValueSpecification\",\"valueRequired\":true,\"valueName\":\"search_term_string\"}}],\"inLanguage\":\"fi\"}]}<\/script>\n<!-- \/ Yoast SEO plugin. -->","yoast_head_json":{"title":"M\u00fat X\u1ed1p Pe Foam | Nh\u00e0 S\u1ea3n Xu\u1ea5t M\u00fat X\u1ed1p Pe Foam T\u00f9y Ch\u1ec9nh - Nh\u00e0 s\u1ea3n xu\u1ea5t b\u1ecdt Polyethylene m\u1edf r\u1ed9ng","description":"M\u00fat x\u1ed1p Pe Foam b\u1ec1n \u0111\u1eb9p, t\u00f9y ch\u1ec9nh theo y\u00eau c\u1ea7u - \u0110\u00f3 l\u00e0 nh\u1eefng g\u00ec ch\u00fang t\u00f4i mang \u0111\u1ebfn. Nh\u00e0 s\u1ea3n xu\u1ea5t uy t\u00edn, gi\u00e1 t\u1ed1t. Li\u00ean h\u1ec7 \u0111\u1ec3 \u0111\u01b0\u1ee3c b\u00e1o gi\u00e1 v\u00e0 t\u01b0 v\u1ea5n chi ti\u1ebft!","robots":{"index":"index","follow":"follow","max-snippet":"max-snippet:-1","max-image-preview":"max-image-preview:large","max-video-preview":"max-video-preview:-1"},"canonical":"https:\/\/epe.vn\/fi\/manufacturer\/mut-xop-pe-foam\/","og_locale":"fi_FI","og_type":"article","og_title":"M\u00fat X\u1ed1p Pe Foam | Nh\u00e0 S\u1ea3n Xu\u1ea5t M\u00fat X\u1ed1p Pe Foam T\u00f9y Ch\u1ec9nh - Nh\u00e0 s\u1ea3n xu\u1ea5t b\u1ecdt Polyethylene m\u1edf r\u1ed9ng","og_description":"M\u00fat x\u1ed1p Pe Foam b\u1ec1n \u0111\u1eb9p, t\u00f9y ch\u1ec9nh theo y\u00eau c\u1ea7u - \u0110\u00f3 l\u00e0 nh\u1eefng g\u00ec ch\u00fang t\u00f4i mang \u0111\u1ebfn. Nh\u00e0 s\u1ea3n xu\u1ea5t uy t\u00edn, gi\u00e1 t\u1ed1t. Li\u00ean h\u1ec7 \u0111\u1ec3 \u0111\u01b0\u1ee3c b\u00e1o gi\u00e1 v\u00e0 t\u01b0 v\u1ea5n chi ti\u1ebft!","og_url":"https:\/\/epe.vn\/fi\/manufacturer\/mut-xop-pe-foam\/","og_site_name":"Nh\u00e0 s\u1ea3n xu\u1ea5t b\u1ecdt Polyethylene m\u1edf r\u1ed9ng","article_modified_time":"2025-02-11T09:21:02+00:00","og_image":[{"width":1000,"height":1000,"url":"https:\/\/epe.vn\/wp-content\/uploads\/2023\/06\/Ho-so-bot-EPE-tuy-chinh.webp","type":"image\/webp"}],"twitter_card":"summary_large_image","twitter_misc":{"Arvioitu lukuaika":"1 minuutti"},"schema":{"@context":"https:\/\/schema.org","@graph":[{"@type":"WebPage","@id":"https:\/\/epe.vn\/manufacturer\/mut-xop-pe-foam\/","url":"https:\/\/epe.vn\/manufacturer\/mut-xop-pe-foam\/","name":"M\u00fat X\u1ed1p Pe Foam | Nh\u00e0 S\u1ea3n Xu\u1ea5t M\u00fat X\u1ed1p Pe Foam T\u00f9y Ch\u1ec9nh - Nh\u00e0 s\u1ea3n xu\u1ea5t b\u1ecdt Polyethylene m\u1edf r\u1ed9ng","isPartOf":{"@id":"https:\/\/epe.vn\/#website"},"primaryImageOfPage":{"@id":"https:\/\/epe.vn\/manufacturer\/mut-xop-pe-foam\/#primaryimage"},"image":{"@id":"https:\/\/epe.vn\/manufacturer\/mut-xop-pe-foam\/#primaryimage"},"thumbnailUrl":"https:\/\/epe.vn\/wp-content\/uploads\/2023\/06\/Ho-so-bot-EPE-tuy-chinh.webp","datePublished":"2023-06-08T08:15:42+00:00","dateModified":"2025-02-11T09:21:02+00:00","description":"M\u00fat x\u1ed1p Pe Foam b\u1ec1n \u0111\u1eb9p, t\u00f9y ch\u1ec9nh theo y\u00eau c\u1ea7u - \u0110\u00f3 l\u00e0 nh\u1eefng g\u00ec ch\u00fang t\u00f4i mang \u0111\u1ebfn. Nh\u00e0 s\u1ea3n xu\u1ea5t uy t\u00edn, gi\u00e1 t\u1ed1t. Li\u00ean h\u1ec7 \u0111\u1ec3 \u0111\u01b0\u1ee3c b\u00e1o gi\u00e1 v\u00e0 t\u01b0 v\u1ea5n chi ti\u1ebft!","breadcrumb":{"@id":"https:\/\/epe.vn\/manufacturer\/mut-xop-pe-foam\/#breadcrumb"},"inLanguage":"fi","potentialAction":[{"@type":"ReadAction","target":["https:\/\/epe.vn\/manufacturer\/mut-xop-pe-foam\/"]}]},{"@type":"ImageObject","inLanguage":"fi","@id":"https:\/\/epe.vn\/manufacturer\/mut-xop-pe-foam\/#primaryimage","url":"https:\/\/epe.vn\/wp-content\/uploads\/2023\/06\/Ho-so-bot-EPE-tuy-chinh.webp","contentUrl":"https:\/\/epe.vn\/wp-content\/uploads\/2023\/06\/Ho-so-bot-EPE-tuy-chinh.webp","width":1000,"height":1000,"caption":"H\u1ed3 s\u01a1 b\u1ecdt EPE t\u00f9y ch\u1ec9nh"},{"@type":"BreadcrumbList","@id":"https:\/\/epe.vn\/manufacturer\/mut-xop-pe-foam\/#breadcrumb","itemListElement":[{"@type":"ListItem","position":1,"name":"Home","item":"https:\/\/epe.vn\/"},{"@type":"ListItem","position":2,"name":"Shop","item":"https:\/\/epe.vn\/shop\/"},{"@type":"ListItem","position":3,"name":"M\u00fat X\u1ed1p Pe Foam | Nh\u00e0 S\u1ea3n Xu\u1ea5t M\u00fat X\u1ed1p Pe Foam T\u00f9y Ch\u1ec9nh"}]},{"@type":"WebSite","@id":"https:\/\/epe.vn\/#website","url":"https:\/\/epe.vn\/","name":"Nh\u00e0 s\u1ea3n xu\u1ea5t b\u1ecdt Polyethylene m\u1edf r\u1ed9ng","description":"Nh\u00e0 cung c\u1ea5p bao b\u00ec v\u1ec9 x\u1ed1p polyethylene m\u1edf r\u1ed9ng v\u00e0 t\u00fai PE","potentialAction":[{"@type":"SearchAction","target":{"@type":"EntryPoint","urlTemplate":"https:\/\/epe.vn\/?s={search_term_string}"},"query-input":{"@type":"PropertyValueSpecification","valueRequired":true,"valueName":"search_term_string"}}],"inLanguage":"fi"}]}},"_links":{"self":[{"href":"https:\/\/epe.vn\/fi\/wp-json\/wp\/v2\/product\/1402","targetHints":{"allow":["GET"]}}],"collection":[{"href":"https:\/\/epe.vn\/fi\/wp-json\/wp\/v2\/product"}],"about":[{"href":"https:\/\/epe.vn\/fi\/wp-json\/wp\/v2\/types\/product"}],"replies":[{"embeddable":true,"href":"https:\/\/epe.vn\/fi\/wp-json\/wp\/v2\/comments?post=1402"}],"wp:featuredmedia":[{"embeddable":true,"href":"https:\/\/epe.vn\/fi\/wp-json\/wp\/v2\/media\/1729"}],"wp:attachment":[{"href":"https:\/\/epe.vn\/fi\/wp-json\/wp\/v2\/media?parent=1402"}],"wp:term":[{"taxonomy":"product_cat","embeddable":true,"href":"https:\/\/epe.vn\/fi\/wp-json\/wp\/v2\/product_cat?post=1402"},{"taxonomy":"product_tag","embeddable":true,"href":"https:\/\/epe.vn\/fi\/wp-json\/wp\/v2\/product_tag?post=1402"}],"curies":[{"name":"wp","href":"https:\/\/api.w.org\/{rel}","templated":true}]}}